{"id":178,"date":"2019-01-23T15:27:41","date_gmt":"2019-01-23T14:27:41","guid":{"rendered":"https:\/\/japcommunication.com\/latruelledor\/?page_id=178"},"modified":"2023-08-25T17:16:15","modified_gmt":"2023-08-25T17:16:15","slug":"a-propos","status":"publish","type":"page","link":"https:\/\/publissoft.dev\/latruelledor\/a-propos\/","title":{"rendered":"\u00c0 propos"},"content":{"rendered":"\t\t<div data-elementor-type=\"wp-post\" data-elementor-id=\"178\" class=\"elementor elementor-178\" data-elementor-post-type=\"page\">\n\t\t\t\t\t\t\t<div class=\"elementor-element elementor-element-820130b e-con-full e-flex e-con e-parent\" data-id=\"820130b\" data-element_type=\"container\" data-settings=\"{&quot;content_width&quot;:&quot;full&quot;,&quot;background_background&quot;:&quot;classic&quot;}\" data-core-v316-plus=\"true\">\n\t\t\t\t<div class=\"elementor-element elementor-element-a77c709 animated-slow page-title elementor-invisible elementor-widget elementor-widget-heading\" data-id=\"a77c709\" data-element_type=\"widget\" data-settings=\"{&quot;_animation&quot;:&quot;fadeIn&quot;}\" data-widget_type=\"heading.default\">\n\t\t\t\t<div class=\"elementor-widget-container\">\n\t\t\t<h1 class=\"elementor-heading-title elementor-size-default\">Sp\u00e9cialistes de l'entretien du b\u00e9ton<br>et rev\u00eatements sp\u00e9cialis\u00e9s<\/h1>\t\t<\/div>\n\t\t\t\t<\/div>\n\t\t\t\t<\/div>\n\t\t<div class=\"elementor-element elementor-element-021cd61 e-flex e-con-boxed e-con e-parent\" data-id=\"021cd61\" data-element_type=\"container\" data-settings=\"{&quot;background_background&quot;:&quot;classic&quot;,&quot;content_width&quot;:&quot;boxed&quot;}\" data-core-v316-plus=\"true\">\n\t\t\t\t\t<div class=\"e-con-inner\">\n\t\t\t\t<div class=\"elementor-element elementor-element-6c9767d elementor-widget elementor-widget-heading\" data-id=\"6c9767d\" data-element_type=\"widget\" data-widget_type=\"heading.default\">\n\t\t\t\t<div class=\"elementor-widget-container\">\n\t\t\t<h2 class=\"elementor-heading-title elementor-size-default\">Excellence en Construction de B\u00e9ton \u00e0 St-Augustin-de-Desmaures, Qu\u00e9bec<\/h2>\t\t<\/div>\n\t\t\t\t<\/div>\n\t\t\t\t<div class=\"elementor-element elementor-element-0cc9394 animated-fast elementor-widget__width-initial elementor-invisible elementor-widget elementor-widget-text-editor\" data-id=\"0cc9394\" data-element_type=\"widget\" data-settings=\"{&quot;_animation&quot;:&quot;fadeInLeft&quot;,&quot;_animation_delay&quot;:1000}\" data-widget_type=\"text-editor.default\">\n\t\t\t\t<div class=\"elementor-widget-container\">\n\t\t\t\t\t\t\t<p>Dans notre \u00c9quipe, l&rsquo;Excellence est notre norme de travail. Au fil des ans, notre r\u00e9putation irr\u00e9prochable s&rsquo;est forg\u00e9e en fournissant des services de construction de qualit\u00e9 sup\u00e9rieure \u00e0 St-Augustin-de-Desmaures, au Qu\u00e9bec.<\/p>\n\n<p>Que ce soit pour le nettoyage et la r\u00e9paration des sols dans les espaces commerciaux et institutionnels, ou l&rsquo;installation de dalles de b\u00e9ton \u00e9l\u00e9gantes dans les habitations, notre \u00e9quipe de professionnels hautement qualifi\u00e9s s&rsquo;assure de surpasser syst\u00e9matiquement les attentes de nos clients.<\/p>\n\n<p>Notre secret r\u00e9side dans l&rsquo;innovation. Plut\u00f4t que de se contenter de solutions standards, nous recherchons en permanence des m\u00e9thodes nouvelles et stimulantes pour relever les d\u00e9fis de la finition de b\u00e9ton.<\/p>\n\n<p>Des produits novateurs aux techniques avanc\u00e9es de pose de planchers, nous veillons \u00e0 ce que chaque projet soit unique et personnalis\u00e9 afin de r\u00e9pondre aux besoins sp\u00e9cifiques de nos clients. Et surtout, nous proposons nos services \u00e0 des prix comp\u00e9titifs. Nous sommes conscients que l&rsquo;industrie de la construction au Qu\u00e9bec peut \u00eatre co\u00fbteuse, c&rsquo;est pourquoi nous nous effor\u00e7ons de fournir des services exceptionnels sans compromettre la qualit\u00e9 ni le budget de nos clients.<\/p>\n\n\u00cates-vous pr\u00eat \u00e0 faire l&rsquo;exp\u00e9rience de l&rsquo;excellence dans vos projets ? Contactez-nous d\u00e8s aujourd&rsquo;hui pour commencer !\t\t\t\t\t\t<\/div>\n\t\t\t\t<\/div>\n\t\t\t\t\t<\/div>\n\t\t\t\t<\/div>\n\t\t<div class=\"elementor-element elementor-element-b01181f e-flex e-con-boxed e-con e-parent\" data-id=\"b01181f\" data-element_type=\"container\" data-settings=\"{&quot;content_width&quot;:&quot;boxed&quot;}\" data-core-v316-plus=\"true\">\n\t\t\t\t\t<div class=\"e-con-inner\">\n\t\t\t\t<div class=\"elementor-element elementor-element-041d6f4 rectangle_before elementor-widget elementor-widget-heading\" data-id=\"041d6f4\" data-element_type=\"widget\" data-widget_type=\"heading.default\">\n\t\t\t\t<div class=\"elementor-widget-container\">\n\t\t\t<h3 class=\"elementor-heading-title elementor-size-default\">Notre mission<\/h3>\t\t<\/div>\n\t\t\t\t<\/div>\n\t\t\t\t<div class=\"elementor-element elementor-element-1c41d4e animated-fast elementor-widget__width-initial elementor-invisible elementor-widget elementor-widget-text-editor\" data-id=\"1c41d4e\" data-element_type=\"widget\" data-settings=\"{&quot;_animation&quot;:&quot;fadeInLeft&quot;,&quot;_animation_delay&quot;:1000}\" data-widget_type=\"text-editor.default\">\n\t\t\t\t<div class=\"elementor-widget-container\">\n\t\t\t\t\t\t\tChez nous, notre mission ne se limite pas \u00e0 fournir des services de mise en place, de finition et de r\u00e9paration du b\u00e9ton au Qu\u00e9bec. Nous nous consacrons \u00e0 fournir des solutions de rev\u00eatement sp\u00e9cialis\u00e9es qui non seulement r\u00e9pondent, mais d\u00e9passent les besoins et les exigences uniques des entrepreneurs et des entreprises qui comptent sur nous.\t\t\t\t\t\t<\/div>\n\t\t\t\t<\/div>\n\t\t\t\t<div class=\"elementor-element elementor-element-026a318 rectangle_before elementor-widget elementor-widget-heading\" data-id=\"026a318\" data-element_type=\"widget\" data-widget_type=\"heading.default\">\n\t\t\t\t<div class=\"elementor-widget-container\">\n\t\t\t<h3 class=\"elementor-heading-title elementor-size-default\">Nos valeurs<\/h3>\t\t<\/div>\n\t\t\t\t<\/div>\n\t\t\t\t<div class=\"elementor-element elementor-element-170e924 animated-fast elementor-widget__width-initial elementor-invisible elementor-widget elementor-widget-text-editor\" data-id=\"170e924\" data-element_type=\"widget\" data-settings=\"{&quot;_animation&quot;:&quot;fadeInLeft&quot;,&quot;_animation_delay&quot;:1000}\" data-widget_type=\"text-editor.default\">\n\t\t\t\t<div class=\"elementor-widget-container\">\n\t\t\t\t\t\t\t<ul><li>Qualit\u00e9 du travail<\/li><li>Respect des clients<\/li><li>Fiert\u00e9<\/li><li>Travail d&rsquo;\u00e9quipe<\/li><\/ul>\t\t\t\t\t\t<\/div>\n\t\t\t\t<\/div>\n\t\t\t\t\t<\/div>\n\t\t\t\t<\/div>\n\t\t<div class=\"elementor-element elementor-element-5d65d42 after-bg-custom-img e-flex e-con-boxed e-con e-parent\" data-id=\"5d65d42\" data-element_type=\"container\" data-settings=\"{&quot;content_width&quot;:&quot;boxed&quot;}\" data-core-v316-plus=\"true\">\n\t\t\t\t\t<div class=\"e-con-inner\">\n\t\t\t\t<div class=\"elementor-element elementor-element-f5af9f3 elementor-widget elementor-widget-heading\" data-id=\"f5af9f3\" data-element_type=\"widget\" data-widget_type=\"heading.default\">\n\t\t\t\t<div class=\"elementor-widget-container\">\n\t\t\t<h2 class=\"elementor-heading-title elementor-size-default\">Secteurs d'Activit\u00e9s<\/h2>\t\t<\/div>\n\t\t\t\t<\/div>\n\t\t<div class=\"elementor-element elementor-element-55b84c2 e-con-full e-flex e-con e-child\" data-id=\"55b84c2\" data-element_type=\"container\" data-settings=\"{&quot;content_width&quot;:&quot;full&quot;}\">\n\t\t<div class=\"elementor-element elementor-element-409e657 animated-slow e-con-full e-flex elementor-invisible e-con e-child\" data-id=\"409e657\" data-element_type=\"container\" data-settings=\"{&quot;animation&quot;:&quot;fadeInLeft&quot;,&quot;content_width&quot;:&quot;full&quot;}\">\n\t\t\t\t<div class=\"elementor-element elementor-element-af3e8a3 animated-fast elementor-widget__width-initial elementor-hidden-mobile elementor-invisible elementor-widget elementor-widget-text-editor\" data-id=\"af3e8a3\" data-element_type=\"widget\" data-settings=\"{&quot;_animation&quot;:&quot;fadeInLeft&quot;,&quot;_animation_delay&quot;:1000}\" data-widget_type=\"text-editor.default\">\n\t\t\t\t<div class=\"elementor-widget-container\">\n\t\t\t\t\t\t\t<ul><li>Commerces de d\u00e9tails<\/li><li>Industries agroalimentaires<\/li><li>Industries manufacturi\u00e8res<\/li><li>Industries m\u00e9dicales et pharmaceutiques<\/li><li>Magasins \u00e0 grande surface<\/li><li>Secteur animalier<\/li><li>Secteur commercial<\/li><\/ul>\t\t\t\t\t\t<\/div>\n\t\t\t\t<\/div>\n\t\t\t\t<div class=\"elementor-element elementor-element-dfed0ca animated-fast elementor-widget__width-initial elementor-hidden-desktop elementor-hidden-tablet elementor-invisible elementor-widget elementor-widget-text-editor\" data-id=\"dfed0ca\" data-element_type=\"widget\" data-settings=\"{&quot;_animation&quot;:&quot;fadeInLeft&quot;,&quot;_animation_delay&quot;:1000}\" data-widget_type=\"text-editor.default\">\n\t\t\t\t<div class=\"elementor-widget-container\">\n\t\t\t\t\t\t\t<ul><li>Commerces de d\u00e9tails<\/li><li>Industries agroalimentaires<\/li><li>Industries manufacturi\u00e8res<\/li><li>Industries m\u00e9dicales et pharmaceutiques<\/li><li>Magasins \u00e0 grande surface<\/li><li>Secteur animalier<\/li><li>Secteur commercial<\/li><li>Secteur de l&rsquo;automobile<\/li><li>Secteur de la restauration<\/li><li>Secteur des centres sportifs<\/li><li>Secteur des march\u00e9s d&rsquo;alimentation<\/li><li>Secteur industriel<\/li><li>Secteur institutionnel<\/li><li>Secteur municipal<\/li><\/ul>\t\t\t\t\t\t<\/div>\n\t\t\t\t<\/div>\n\t\t\t\t<\/div>\n\t\t<div class=\"elementor-element elementor-element-4826a3b animated-slow e-con-full e-flex elementor-invisible e-con e-child\" data-id=\"4826a3b\" data-element_type=\"container\" data-settings=\"{&quot;animation&quot;:&quot;fadeInRight&quot;,&quot;content_width&quot;:&quot;full&quot;}\">\n\t\t\t\t<div class=\"elementor-element elementor-element-f2b4786 animated-fast elementor-widget__width-initial elementor-hidden-mobile elementor-invisible elementor-widget elementor-widget-text-editor\" data-id=\"f2b4786\" data-element_type=\"widget\" data-settings=\"{&quot;_animation&quot;:&quot;fadeInLeft&quot;,&quot;_animation_delay&quot;:1000}\" data-widget_type=\"text-editor.default\">\n\t\t\t\t<div class=\"elementor-widget-container\">\n\t\t\t\t\t\t\t<ul><li>Secteur de l&rsquo;automobile<\/li><li>Secteur de la restauration<\/li><li>Secteur des centres sportifs<\/li><li>Secteur des march\u00e9s d&rsquo;alimentation<\/li><li>Secteur industriel<\/li><li>Secteur institutionnel<\/li><li>Secteur municipal<\/li><\/ul>\t\t\t\t\t\t<\/div>\n\t\t\t\t<\/div>\n\t\t\t\t<\/div>\n\t\t\t\t<\/div>\n\t\t\t\t\t<\/div>\n\t\t\t\t<\/div>\n\t\t<div class=\"elementor-element elementor-element-53d013d e-con-full e-flex e-con e-parent\" data-id=\"53d013d\" data-element_type=\"container\" data-settings=\"{&quot;content_width&quot;:&quot;full&quot;,&quot;background_background&quot;:&quot;classic&quot;}\" data-core-v316-plus=\"true\">\n\t\t<div class=\"elementor-element elementor-element-d5f9315 e-flex e-con-boxed e-con e-child\" data-id=\"d5f9315\" data-element_type=\"container\" data-settings=\"{&quot;background_background&quot;:&quot;classic&quot;,&quot;content_width&quot;:&quot;boxed&quot;}\">\n\t\t\t\t\t<div class=\"e-con-inner\">\n\t\t\t\t\t<\/div>\n\t\t\t\t<\/div>\n\t\t<div class=\"elementor-element elementor-element-8ba518f e-flex e-con-boxed e-con e-child\" data-id=\"8ba518f\" data-element_type=\"container\" data-settings=\"{&quot;content_width&quot;:&quot;boxed&quot;}\">\n\t\t\t\t\t<div class=\"e-con-inner\">\n\t\t\t\t<div class=\"elementor-element elementor-element-35d36a9 elementor-widget__width-initial elementor-widget elementor-widget-heading\" data-id=\"35d36a9\" data-element_type=\"widget\" data-widget_type=\"heading.default\">\n\t\t\t\t<div class=\"elementor-widget-container\">\n\t\t\t<h2 class=\"elementor-heading-title elementor-size-default\">Protection de b\u00e9ton<\/h2>\t\t<\/div>\n\t\t\t\t<\/div>\n\t\t\t\t<div class=\"elementor-element elementor-element-fa3877b animated-fast elementor-widget__width-initial elementor-invisible elementor-widget elementor-widget-text-editor\" data-id=\"fa3877b\" data-element_type=\"widget\" data-settings=\"{&quot;_animation&quot;:&quot;fadeInLeft&quot;,&quot;_animation_delay&quot;:1000}\" data-widget_type=\"text-editor.default\">\n\t\t\t\t<div class=\"elementor-widget-container\">\n\t\t\t\t\t\t\tD\u00e9passez l&rsquo;ordinaire avec La Truelle D&rsquo;or Inc. au Qu\u00e9bec.\t\t\t\t\t\t<\/div>\n\t\t\t\t<\/div>\n\t\t\t\t<div class=\"elementor-element elementor-element-46b9ee1 elementor-align-left animated-fast elementor-widget__width-initial elementor-mobile-align-center elementor-invisible elementor-widget elementor-widget-button\" data-id=\"46b9ee1\" data-element_type=\"widget\" data-settings=\"{&quot;_animation&quot;:&quot;fadeInLeft&quot;,&quot;_animation_delay&quot;:1100}\" data-widget_type=\"button.default\">\n\t\t\t\t<div class=\"elementor-widget-container\">\n\t\t\t\t\t<div class=\"elementor-button-wrapper\">\n\t\t\t<a class=\"elementor-button elementor-button-link elementor-size-md\" href=\"https:\/\/publissoft.dev\/latruelledor\/soumission\/\">\n\t\t\t\t\t\t<span class=\"elementor-button-content-wrapper\">\n\t\t\t\t\t\t<span class=\"elementor-button-text\">Demandez une soumission<\/span>\n\t\t<\/span>\n\t\t\t\t\t<\/a>\n\t\t<\/div>\n\t\t\t\t<\/div>\n\t\t\t\t<\/div>\n\t\t\t\t\t<\/div>\n\t\t\t\t<\/div>\n\t\t\t\t<\/div>\n\t\t\t\t\t\t\t<\/div>\n\t\t","protected":false},"excerpt":{"rendered":"<p>Sp\u00e9cialistes de l&rsquo;entretien du b\u00e9tonet rev\u00eatements sp\u00e9cialis\u00e9s Excellence en Construction de B\u00e9ton \u00e0 St-Augustin-de-Desmaures, Qu\u00e9bec Dans notre \u00c9quipe, l&rsquo;Excellence est notre norme de travail. Au fil des ans, notre r\u00e9putation irr\u00e9prochable s&rsquo;est forg\u00e9e en fournissant des services de construction de qualit\u00e9 sup\u00e9rieure \u00e0 St-Augustin-de-Desmaures, au Qu\u00e9bec. Que ce soit pour le nettoyage et la r\u00e9paration &hellip;<\/p>\n<p class=\"read-more\"> <a class=\"\" href=\"https:\/\/publissoft.dev\/latruelledor\/a-propos\/\"> <span class=\"screen-reader-text\">\u00c0 propos<\/span> Lire la suite\u00a0\u00bb<\/a><\/p>\n","protected":false},"author":1,"featured_media":0,"parent":0,"menu_order":0,"comment_status":"closed","ping_status":"closed","template":"elementor_header_footer","meta":{"site-sidebar-layout":"default","site-content-layout":"","ast-site-content-layout":"","site-content-style":"default","site-sidebar-style":"default","ast-global-header-display":"","ast-banner-title-visibility":"","ast-main-header-display":"","ast-hfb-above-header-display":"","ast-hfb-below-header-display":"","ast-hfb-mobile-header-display":"","site-post-title":"","ast-breadcrumbs-content":"","ast-featured-img":"","footer-sml-layout":"","theme-transparent-header-meta":"","adv-header-id-meta":"","stick-header-meta":"","header-above-stick-meta":"","header-main-stick-meta":"","header-below-stick-meta":"","astra-migrate-meta-layouts":"","footnotes":""},"yoast_head":"<!-- This site is optimized with the Yoast SEO plugin v21.2 - https:\/\/yoast.com\/wordpress\/plugins\/seo\/ -->\n<title>\u00c0 propos | La Truelle D&#039;or<\/title>\n<meta name=\"description\" content=\"Dans notre \u00e9quipe, l&#039;excellence n&#039;est pas une option, c&#039;est une fa\u00e7on de travailler. Notre secret ? L&#039;innovation est la cl\u00e9. En savoir plus sur nous.\" \/>\n<meta name=\"robots\" content=\"noindex, follow, max-snippet:-1, max-image-preview:large, max-video-preview:-1\" \/>\n<meta property=\"og:locale\" content=\"fr_CA\" \/>\n<meta property=\"og:type\" content=\"article\" \/>\n<meta property=\"og:title\" content=\"\u00c0 propos | La Truelle D&#039;or\" \/>\n<meta property=\"og:description\" content=\"Dans notre \u00e9quipe, l&#039;excellence n&#039;est pas une option, c&#039;est une fa\u00e7on de travailler. Notre secret ? L&#039;innovation est la cl\u00e9. En savoir plus sur nous.\" \/>\n<meta property=\"og:url\" content=\"https:\/\/publissoft.dev\/latruelledor\/a-propos\/\" \/>\n<meta property=\"og:site_name\" content=\"La Truelle d&#039;or\" \/>\n<meta property=\"article:modified_time\" content=\"2023-08-25T17:16:15+00:00\" \/>\n<meta name=\"twitter:card\" content=\"summary_large_image\" \/>\n<meta name=\"twitter:label1\" content=\"Estimation du temps de lecture\" \/>\n\t<meta name=\"twitter:data1\" content=\"2 minutes\" \/>\n<script type=\"application\/ld+json\" class=\"yoast-schema-graph\">{\"@context\":\"https:\/\/schema.org\",\"@graph\":[{\"@type\":\"WebPage\",\"@id\":\"https:\/\/publissoft.dev\/latruelledor\/a-propos\/\",\"url\":\"https:\/\/publissoft.dev\/latruelledor\/a-propos\/\",\"name\":\"\u00c0 propos | La Truelle D'or\",\"isPartOf\":{\"@id\":\"https:\/\/publissoft.dev\/latruelledor\/#website\"},\"datePublished\":\"2019-01-23T14:27:41+00:00\",\"dateModified\":\"2023-08-25T17:16:15+00:00\",\"description\":\"Dans notre \u00e9quipe, l'excellence n'est pas une option, c'est une fa\u00e7on de travailler. Notre secret ? L'innovation est la cl\u00e9. En savoir plus sur nous.\",\"breadcrumb\":{\"@id\":\"https:\/\/publissoft.dev\/latruelledor\/a-propos\/#breadcrumb\"},\"inLanguage\":\"fr-CA\",\"potentialAction\":[{\"@type\":\"ReadAction\",\"target\":[\"https:\/\/publissoft.dev\/latruelledor\/a-propos\/\"]}]},{\"@type\":\"BreadcrumbList\",\"@id\":\"https:\/\/publissoft.dev\/latruelledor\/a-propos\/#breadcrumb\",\"itemListElement\":[{\"@type\":\"ListItem\",\"position\":1,\"name\":\"Accueil\",\"item\":\"https:\/\/publissoft.dev\/latruelledor\/\"},{\"@type\":\"ListItem\",\"position\":2,\"name\":\"\u00c0 propos\"}]},{\"@type\":\"WebSite\",\"@id\":\"https:\/\/publissoft.dev\/latruelledor\/#website\",\"url\":\"https:\/\/publissoft.dev\/latruelledor\/\",\"name\":\"La Truelle d&#039;or\",\"description\":\"\",\"publisher\":{\"@id\":\"https:\/\/publissoft.dev\/latruelledor\/#organization\"},\"potentialAction\":[{\"@type\":\"SearchAction\",\"target\":{\"@type\":\"EntryPoint\",\"urlTemplate\":\"https:\/\/publissoft.dev\/latruelledor\/?s={search_term_string}\"},\"query-input\":\"required name=search_term_string\"}],\"inLanguage\":\"fr-CA\"},{\"@type\":\"Organization\",\"@id\":\"https:\/\/publissoft.dev\/latruelledor\/#organization\",\"name\":\"La Truelle d&#039;or\",\"url\":\"https:\/\/publissoft.dev\/latruelledor\/\",\"logo\":{\"@type\":\"ImageObject\",\"inLanguage\":\"fr-CA\",\"@id\":\"https:\/\/publissoft.dev\/latruelledor\/#\/schema\/logo\/image\/\",\"url\":\"https:\/\/publissoft.dev\/latruelledor\/wp-content\/uploads\/2023\/09\/Logo-La-Truelle-Dor.png\",\"contentUrl\":\"https:\/\/publissoft.dev\/latruelledor\/wp-content\/uploads\/2023\/09\/Logo-La-Truelle-Dor.png\",\"width\":900,\"height\":295,\"caption\":\"La Truelle d&#039;or\"},\"image\":{\"@id\":\"https:\/\/publissoft.dev\/latruelledor\/#\/schema\/logo\/image\/\"}}]}<\/script>\n<!-- \/ Yoast SEO plugin. -->","yoast_head_json":{"title":"\u00c0 propos | La Truelle D'or","description":"Dans notre \u00e9quipe, l'excellence n'est pas une option, c'est une fa\u00e7on de travailler. Notre secret ? L'innovation est la cl\u00e9. En savoir plus sur nous.","robots":{"index":"noindex","follow":"follow","max-snippet":"max-snippet:-1","max-image-preview":"max-image-preview:large","max-video-preview":"max-video-preview:-1"},"og_locale":"fr_CA","og_type":"article","og_title":"\u00c0 propos | La Truelle D'or","og_description":"Dans notre \u00e9quipe, l'excellence n'est pas une option, c'est une fa\u00e7on de travailler. Notre secret ? L'innovation est la cl\u00e9. En savoir plus sur nous.","og_url":"https:\/\/publissoft.dev\/latruelledor\/a-propos\/","og_site_name":"La Truelle d&#039;or","article_modified_time":"2023-08-25T17:16:15+00:00","twitter_card":"summary_large_image","twitter_misc":{"Estimation du temps de lecture":"2 minutes"},"schema":{"@context":"https:\/\/schema.org","@graph":[{"@type":"WebPage","@id":"https:\/\/publissoft.dev\/latruelledor\/a-propos\/","url":"https:\/\/publissoft.dev\/latruelledor\/a-propos\/","name":"\u00c0 propos | La Truelle D'or","isPartOf":{"@id":"https:\/\/publissoft.dev\/latruelledor\/#website"},"datePublished":"2019-01-23T14:27:41+00:00","dateModified":"2023-08-25T17:16:15+00:00","description":"Dans notre \u00e9quipe, l'excellence n'est pas une option, c'est une fa\u00e7on de travailler. Notre secret ? L'innovation est la cl\u00e9. En savoir plus sur nous.","breadcrumb":{"@id":"https:\/\/publissoft.dev\/latruelledor\/a-propos\/#breadcrumb"},"inLanguage":"fr-CA","potentialAction":[{"@type":"ReadAction","target":["https:\/\/publissoft.dev\/latruelledor\/a-propos\/"]}]},{"@type":"BreadcrumbList","@id":"https:\/\/publissoft.dev\/latruelledor\/a-propos\/#breadcrumb","itemListElement":[{"@type":"ListItem","position":1,"name":"Accueil","item":"https:\/\/publissoft.dev\/latruelledor\/"},{"@type":"ListItem","position":2,"name":"\u00c0 propos"}]},{"@type":"WebSite","@id":"https:\/\/publissoft.dev\/latruelledor\/#website","url":"https:\/\/publissoft.dev\/latruelledor\/","name":"La Truelle d&#039;or","description":"","publisher":{"@id":"https:\/\/publissoft.dev\/latruelledor\/#organization"},"potentialAction":[{"@type":"SearchAction","target":{"@type":"EntryPoint","urlTemplate":"https:\/\/publissoft.dev\/latruelledor\/?s={search_term_string}"},"query-input":"required name=search_term_string"}],"inLanguage":"fr-CA"},{"@type":"Organization","@id":"https:\/\/publissoft.dev\/latruelledor\/#organization","name":"La Truelle d&#039;or","url":"https:\/\/publissoft.dev\/latruelledor\/","logo":{"@type":"ImageObject","inLanguage":"fr-CA","@id":"https:\/\/publissoft.dev\/latruelledor\/#\/schema\/logo\/image\/","url":"https:\/\/publissoft.dev\/latruelledor\/wp-content\/uploads\/2023\/09\/Logo-La-Truelle-Dor.png","contentUrl":"https:\/\/publissoft.dev\/latruelledor\/wp-content\/uploads\/2023\/09\/Logo-La-Truelle-Dor.png","width":900,"height":295,"caption":"La Truelle d&#039;or"},"image":{"@id":"https:\/\/publissoft.dev\/latruelledor\/#\/schema\/logo\/image\/"}}]}},"_links":{"self":[{"href":"https:\/\/publissoft.dev\/latruelledor\/wp-json\/wp\/v2\/pages\/178"}],"collection":[{"href":"https:\/\/publissoft.dev\/latruelledor\/wp-json\/wp\/v2\/pages"}],"about":[{"href":"https:\/\/publissoft.dev\/latruelledor\/wp-json\/wp\/v2\/types\/page"}],"author":[{"embeddable":true,"href":"https:\/\/publissoft.dev\/latruelledor\/wp-json\/wp\/v2\/users\/1"}],"replies":[{"embeddable":true,"href":"https:\/\/publissoft.dev\/latruelledor\/wp-json\/wp\/v2\/comments?post=178"}],"version-history":[{"count":158,"href":"https:\/\/publissoft.dev\/latruelledor\/wp-json\/wp\/v2\/pages\/178\/revisions"}],"predecessor-version":[{"id":4669,"href":"https:\/\/publissoft.dev\/latruelledor\/wp-json\/wp\/v2\/pages\/178\/revisions\/4669"}],"wp:attachment":[{"href":"https:\/\/publissoft.dev\/latruelledor\/wp-json\/wp\/v2\/media?parent=178"}],"curies":[{"name":"wp","href":"https:\/\/api.w.org\/{rel}","templated":true}]}}