{"id":207,"date":"2019-01-23T15:52:14","date_gmt":"2019-01-23T14:52:14","guid":{"rendered":"https:\/\/japcommunication.com\/latruelledor\/?page_id=207"},"modified":"2023-08-31T19:52:02","modified_gmt":"2023-08-31T19:52:02","slug":"beton","status":"publish","type":"page","link":"https:\/\/publissoft.dev\/latruelledor\/services\/beton\/","title":{"rendered":"B\u00e9ton"},"content":{"rendered":"\t\t<div data-elementor-type=\"wp-post\" data-elementor-id=\"207\" class=\"elementor elementor-207\" data-elementor-post-type=\"page\">\n\t\t\t\t\t\t\t<div class=\"elementor-element elementor-element-c51d66b e-con-full e-flex e-con e-parent\" data-id=\"c51d66b\" data-element_type=\"container\" data-settings=\"{&quot;content_width&quot;:&quot;full&quot;,&quot;background_background&quot;:&quot;classic&quot;}\" data-core-v316-plus=\"true\">\n\t\t\t\t<div class=\"elementor-element elementor-element-0ccd2c5 animated-slow page-title elementor-widget__width-initial elementor-invisible elementor-widget elementor-widget-heading\" data-id=\"0ccd2c5\" data-element_type=\"widget\" data-settings=\"{&quot;_animation&quot;:&quot;fadeIn&quot;}\" data-widget_type=\"heading.default\">\n\t\t\t\t<div class=\"elementor-widget-container\">\n\t\t\t<h1 class=\"elementor-heading-title elementor-size-default\">Mise en place, finition et r\u00e9paration de b\u00e9ton<\/h1>\t\t<\/div>\n\t\t\t\t<\/div>\n\t\t\t\t<\/div>\n\t\t<div class=\"elementor-element elementor-element-236bb48 e-flex e-con-boxed e-con e-parent\" data-id=\"236bb48\" data-element_type=\"container\" data-settings=\"{&quot;background_background&quot;:&quot;classic&quot;,&quot;content_width&quot;:&quot;boxed&quot;}\" data-core-v316-plus=\"true\">\n\t\t\t\t\t<div class=\"e-con-inner\">\n\t\t\t\t<div class=\"elementor-element elementor-element-fd5c381 elementor-widget elementor-widget-heading\" data-id=\"fd5c381\" data-element_type=\"widget\" data-widget_type=\"heading.default\">\n\t\t\t\t<div class=\"elementor-widget-container\">\n\t\t\t<h2 class=\"elementor-heading-title elementor-size-default\">B\u00c9TON<\/h2>\t\t<\/div>\n\t\t\t\t<\/div>\n\t\t\t\t<div class=\"elementor-element elementor-element-9086002 animated-fast elementor-widget__width-initial elementor-invisible elementor-widget elementor-widget-text-editor\" data-id=\"9086002\" data-element_type=\"widget\" data-settings=\"{&quot;_animation&quot;:&quot;fadeInLeft&quot;,&quot;_animation_delay&quot;:1000}\" data-widget_type=\"text-editor.default\">\n\t\t\t\t<div class=\"elementor-widget-container\">\n\t\t\t\t\t\t\t<p>Vous en avez assez de voir votre plancher de b\u00e9ton en mauvais \u00e9tat ? Vous cherchez des dalles de b\u00e9ton au Qu\u00e9bec \u00e0 installer dans votre entreprise ou votre maison ? Ne vous inqui\u00e9tez plus !<\/p><p>\u00c0 La Truelle D&rsquo;or Inc., nous vous aidons \u00e0 installer, entretenir, finir et r\u00e9aliser la r\u00e9paration en b\u00e9ton.<\/p><p>Transformez votre maison ou votre entreprise du Qu\u00e9bec et donnez \u00e0 l&rsquo;espace un nouveau look. Notre \u00e9quipe d&rsquo;experts travaillera avec diligence pour s&rsquo;assurer que votre plancher de b\u00e9ton soit en excellente condition en un rien de temps.<\/p><p>Si vous avez besoin de l&rsquo;un des services suivants, vous pouvez vous rendre \u00e0 notre entreprise situ\u00e9e \u00e0 St-Augustin-de-Desmaures et les demander ou nous contacter par t\u00e9l\u00e9phone :<\/p>\t\t\t\t\t\t<\/div>\n\t\t\t\t<\/div>\n\t\t\t\t<div class=\"elementor-element elementor-element-639321f animated-fast elementor-widget__width-initial elementor-invisible elementor-widget elementor-widget-text-editor\" data-id=\"639321f\" data-element_type=\"widget\" data-settings=\"{&quot;_animation&quot;:&quot;fadeInLeft&quot;,&quot;_animation_delay&quot;:1000}\" data-widget_type=\"text-editor.default\">\n\t\t\t\t<div class=\"elementor-widget-container\">\n\t\t\t\t\t\t\t<ul><li>Service de cotation et de devis<\/li><li>Durcissement et finition du b\u00e9ton<\/li><li>Dalle sur le sol<\/li><li>Dalle structurale<\/li><li>Dalle de toit<\/li><li>Dalle en b\u00e9ton<\/li><li>Formule cl\u00e9 en main<\/li><li>Membrane de stationnement<\/li><li>Sciage du b\u00e9ton (joints de contr\u00f4le)<\/li><li>Traitement \u00e0 l&rsquo;eau ou traitement chimique<\/li><\/ul>\t\t\t\t\t\t<\/div>\n\t\t\t\t<\/div>\n\t\t\t\t\t<\/div>\n\t\t\t\t<\/div>\n\t\t<div class=\"elementor-element elementor-element-3fe074b e-flex e-con-boxed e-con e-parent\" data-id=\"3fe074b\" data-element_type=\"container\" data-settings=\"{&quot;content_width&quot;:&quot;boxed&quot;}\" data-core-v316-plus=\"true\">\n\t\t\t\t\t<div class=\"e-con-inner\">\n\t\t<div class=\"elementor-element elementor-element-247271b e-flex e-con-boxed e-con e-child\" data-id=\"247271b\" data-element_type=\"container\" data-settings=\"{&quot;content_width&quot;:&quot;boxed&quot;}\">\n\t\t\t\t\t<div class=\"e-con-inner\">\n\t\t\t\t<div class=\"elementor-element elementor-element-508e4a9 rectangle_before elementor-widget elementor-widget-heading\" data-id=\"508e4a9\" data-element_type=\"widget\" data-widget_type=\"heading.default\">\n\t\t\t\t<div class=\"elementor-widget-container\">\n\t\t\t<h3 class=\"elementor-heading-title elementor-size-default\">Pr\u00e9paration et r\u00e9paration de b\u00e9ton<\/h3>\t\t<\/div>\n\t\t\t\t<\/div>\n\t\t\t\t<div class=\"elementor-element elementor-element-059427e animated-fast elementor-widget__width-initial elementor-invisible elementor-widget elementor-widget-text-editor\" data-id=\"059427e\" data-element_type=\"widget\" data-settings=\"{&quot;_animation&quot;:&quot;fadeInLeft&quot;,&quot;_animation_delay&quot;:1000}\" data-widget_type=\"text-editor.default\">\n\t\t\t\t<div class=\"elementor-widget-container\">\n\t\t\t\t\t\t\t<ul><li>Blastrac<\/li><li>Meulage aux diamants<\/li><li>Scarification<\/li><li>Correction de pentes \/ nivellement de dalles<\/li><li>D\u00e9molition et nettoyage<\/li><\/ul>\t\t\t\t\t\t<\/div>\n\t\t\t\t<\/div>\n\t\t\t\t\t<\/div>\n\t\t\t\t<\/div>\n\t\t<div class=\"elementor-element elementor-element-a47adce e-flex e-con-boxed e-con e-child\" data-id=\"a47adce\" data-element_type=\"container\" data-settings=\"{&quot;content_width&quot;:&quot;boxed&quot;}\">\n\t\t\t\t\t<div class=\"e-con-inner\">\n\t\t\t\t<div class=\"elementor-element elementor-element-48fddb6 rectangle_before elementor-widget elementor-widget-heading\" data-id=\"48fddb6\" data-element_type=\"widget\" data-widget_type=\"heading.default\">\n\t\t\t\t<div class=\"elementor-widget-container\">\n\t\t\t<h3 class=\"elementor-heading-title elementor-size-default\">Protection de b\u00e9ton<\/h3>\t\t<\/div>\n\t\t\t\t<\/div>\n\t\t\t\t<div class=\"elementor-element elementor-element-d796d96 animated-fast elementor-widget__width-initial elementor-invisible elementor-widget elementor-widget-text-editor\" data-id=\"d796d96\" data-element_type=\"widget\" data-settings=\"{&quot;_animation&quot;:&quot;fadeInLeft&quot;,&quot;_animation_delay&quot;:1000}\" data-widget_type=\"text-editor.default\">\n\t\t\t\t<div class=\"elementor-widget-container\">\n\t\t\t\t\t\t\t<ul><li>Solutions adapt\u00e9es \u00e0 vos besoins<\/li><li>Rev\u00eatements sp\u00e9cialis\u00e9s de qualit\u00e9 sup\u00e9rieure<\/li><li>Durcisseur et scellant \u00e0 b\u00e9ton<\/li><li>Protection et imperm\u00e9abilisation de dalles de b\u00e9ton<\/li><\/ul>\t\t\t\t\t\t<\/div>\n\t\t\t\t<\/div>\n\t\t\t\t\t<\/div>\n\t\t\t\t<\/div>\n\t\t\t\t\t<\/div>\n\t\t\t\t<\/div>\n\t\t<div class=\"elementor-element elementor-element-3c37fe3 e-flex e-con-boxed e-con e-parent\" data-id=\"3c37fe3\" data-element_type=\"container\" data-settings=\"{&quot;background_background&quot;:&quot;classic&quot;,&quot;content_width&quot;:&quot;boxed&quot;}\" data-core-v316-plus=\"true\">\n\t\t\t\t\t<div class=\"e-con-inner\">\n\t\t\t\t<div class=\"elementor-element elementor-element-8360484 elementor-widget elementor-widget-heading\" data-id=\"8360484\" data-element_type=\"widget\" data-widget_type=\"heading.default\">\n\t\t\t\t<div class=\"elementor-widget-container\">\n\t\t\t<h2 class=\"elementor-heading-title elementor-size-default\">Exp\u00e9riences Partag\u00e9es<\/h2>\t\t<\/div>\n\t\t\t\t<\/div>\n\t\t\t\t<div class=\"elementor-element elementor-element-3862af8 elementor-widget elementor-widget-shortcode\" data-id=\"3862af8\" data-element_type=\"widget\" data-widget_type=\"shortcode.default\">\n\t\t\t\t<div class=\"elementor-widget-container\">\n\t\t\t\t\t<div class=\"elementor-shortcode\">\t\t<div data-elementor-type=\"section\" data-elementor-id=\"4617\" class=\"elementor elementor-4617\" data-elementor-post-type=\"elementor_library\">\n\t\t\t\t\t\t<div class=\"elementor-element elementor-element-2d83653 e-flex e-con-boxed e-con e-parent\" data-id=\"2d83653\" data-element_type=\"container\" data-settings=\"{&quot;content_width&quot;:&quot;boxed&quot;}\" data-core-v316-plus=\"true\">\n\t\t\t\t\t<div class=\"e-con-inner\">\n\t\t\t\t<div class=\"elementor-element elementor-element-36c8383 custom-testimonial elementor-arrows-yes elementor-pagination-type-bullets elementor--star-style-star_fontawesome elementor-widget elementor-widget-reviews\" data-id=\"36c8383\" data-element_type=\"widget\" data-settings=\"{&quot;slides_per_view&quot;:&quot;3&quot;,&quot;slides_to_scroll&quot;:&quot;1&quot;,&quot;slides_per_view_tablet&quot;:&quot;1&quot;,&quot;slides_per_view_mobile&quot;:&quot;1&quot;,&quot;show_arrows&quot;:&quot;yes&quot;,&quot;pagination&quot;:&quot;bullets&quot;,&quot;speed&quot;:500,&quot;autoplay&quot;:&quot;yes&quot;,&quot;autoplay_speed&quot;:5000,&quot;loop&quot;:&quot;yes&quot;,&quot;pause_on_hover&quot;:&quot;yes&quot;,&quot;pause_on_interaction&quot;:&quot;yes&quot;,&quot;space_between&quot;:{&quot;unit&quot;:&quot;px&quot;,&quot;size&quot;:10,&quot;sizes&quot;:[]},&quot;space_between_tablet&quot;:{&quot;unit&quot;:&quot;px&quot;,&quot;size&quot;:10,&quot;sizes&quot;:[]},&quot;space_between_mobile&quot;:{&quot;unit&quot;:&quot;px&quot;,&quot;size&quot;:10,&quot;sizes&quot;:[]}}\" data-widget_type=\"reviews.default\">\n\t\t\t\t<div class=\"elementor-widget-container\">\n\t\t\t\t\t<div class=\"elementor-swiper\">\n\t\t\t<div class=\"elementor-main-swiper swiper-container\">\n\t\t\t\t<div class=\"swiper-wrapper\">\n\t\t\t\t\t\t\t\t\t\t\t<div class=\"swiper-slide\">\n\t\t\t\t\t\t\t\t\t<div class=\"elementor-testimonial elementor-repeater-item-617720f\">\n\t\t\t\t\t\t\t<div class=\"elementor-testimonial__header\">\n\t\t\t\t\t\t\t\t\t\t<cite class=\"elementor-testimonial__cite\"><span class=\"elementor-testimonial__name\">Manon Fontaine<\/span><div class=\"elementor-star-rating\"><i class=\"elementor-star-full\">&#xE934;<\/i><i class=\"elementor-star-full\">&#xE934;<\/i><i class=\"elementor-star-full\">&#xE934;<\/i><i class=\"elementor-star-full\">&#xE934;<\/i><i class=\"elementor-star-full\">&#xE934;<\/i><\/div><\/cite>\t\t\t\t\t<div class=\"elementor-testimonial__icon elementor-icon elementor-icon-\"><span class=\"elementor-screen-only\">Lire plus<\/span><\/div>\t\t\t\t<\/div>\n\t\t\t\t\t\t\t\t\t\t<div class=\"elementor-testimonial__content\">\n\t\t\t\t\t<div class=\"elementor-testimonial__text\">\n\t\t\t\t\t\tSuper bon service et ils travaillent tr\u00e8s bien...prix juste et ils sont tr\u00e8s sympathiques!\t\t\t\t\t<\/div>\n\t\t\t\t<\/div>\n\t\t\t\t\t<\/div>\n\t\t\t\t\t\t\t\t<\/div>\n\t\t\t\t\t\t\t\t\t\t\t<div class=\"swiper-slide\">\n\t\t\t\t\t\t\t\t\t<div class=\"elementor-testimonial elementor-repeater-item-89d5a96\">\n\t\t\t\t\t\t\t<div class=\"elementor-testimonial__header\">\n\t\t\t\t\t\t\t\t\t\t<cite class=\"elementor-testimonial__cite\"><span class=\"elementor-testimonial__name\">Karine Turcotte<\/span><div class=\"elementor-star-rating\"><i class=\"elementor-star-full\">&#xE934;<\/i><i class=\"elementor-star-full\">&#xE934;<\/i><i class=\"elementor-star-full\">&#xE934;<\/i><i class=\"elementor-star-full\">&#xE934;<\/i><i class=\"elementor-star-full\">&#xE934;<\/i><\/div><\/cite>\t\t\t\t\t<div class=\"elementor-testimonial__icon elementor-icon elementor-icon-\"><span class=\"elementor-screen-only\">Lire plus<\/span><\/div>\t\t\t\t<\/div>\n\t\t\t\t\t\t\t\t\t\t<div class=\"elementor-testimonial__content\">\n\t\t\t\t\t<div class=\"elementor-testimonial__text\">\n\t\t\t\t\t\tJe les recommande, Efficaces et Professionnels!!\t\t\t\t\t<\/div>\n\t\t\t\t<\/div>\n\t\t\t\t\t<\/div>\n\t\t\t\t\t\t\t\t<\/div>\n\t\t\t\t\t\t\t\t\t\t\t<div class=\"swiper-slide\">\n\t\t\t\t\t\t\t\t\t<div class=\"elementor-testimonial elementor-repeater-item-487bac6\">\n\t\t\t\t\t\t\t<div class=\"elementor-testimonial__header\">\n\t\t\t\t\t\t\t\t\t\t<cite class=\"elementor-testimonial__cite\"><span class=\"elementor-testimonial__name\">Cindy Holdron<\/span><div class=\"elementor-star-rating\"><i class=\"elementor-star-full\">&#xE934;<\/i><i class=\"elementor-star-full\">&#xE934;<\/i><i class=\"elementor-star-full\">&#xE934;<\/i><i class=\"elementor-star-full\">&#xE934;<\/i><i class=\"elementor-star-full\">&#xE934;<\/i><\/div><\/cite>\t\t\t\t\t<div class=\"elementor-testimonial__icon elementor-icon elementor-icon-\"><span class=\"elementor-screen-only\">Lire plus<\/span><\/div>\t\t\t\t<\/div>\n\t\t\t\t\t\t\t\t\t\t<div class=\"elementor-testimonial__content\">\n\t\t\t\t\t<div class=\"elementor-testimonial__text\">\n\t\t\t\t\t\tSuper service!! Rapide et efficace!\t\t\t\t\t<\/div>\n\t\t\t\t<\/div>\n\t\t\t\t\t<\/div>\n\t\t\t\t\t\t\t\t<\/div>\n\t\t\t\t\t\t\t\t\t<\/div>\n\t\t\t\t\t\t\t\t\t\t\t\t\t\t\t<div class=\"swiper-pagination\"><\/div>\n\t\t\t\t\t\t\t\t\t\t\t\t\t\t\t\t<div class=\"elementor-swiper-button elementor-swiper-button-prev\" role=\"button\" tabindex=\"0\">\n\t\t\t\t\t\t\t<i aria-hidden=\"true\" class=\"eicon-chevron-left\"><\/i>\t\t\t\t\t\t\t<span class=\"elementor-screen-only\">Pr\u00e9c\u00e9dent<\/span>\n\t\t\t\t\t\t<\/div>\n\t\t\t\t\t\t<div class=\"elementor-swiper-button elementor-swiper-button-next\" role=\"button\" tabindex=\"0\">\n\t\t\t\t\t\t\t<i aria-hidden=\"true\" class=\"eicon-chevron-right\"><\/i>\t\t\t\t\t\t\t<span class=\"elementor-screen-only\">Suivant<\/span>\n\t\t\t\t\t\t<\/div>\n\t\t\t\t\t\t\t\t\t\t\t\t<\/div>\n\t\t<\/div>\n\t\t\t\t<\/div>\n\t\t\t\t<\/div>\n\t\t\t\t\t<\/div>\n\t\t\t\t<\/div>\n\t\t\t\t\t\t<\/div>\n\t\t<\/div>\n\t\t\t\t<\/div>\n\t\t\t\t<\/div>\n\t\t\t\t\t<\/div>\n\t\t\t\t<\/div>\n\t\t<div class=\"elementor-element elementor-element-304291d e-con-full e-flex e-con e-parent\" data-id=\"304291d\" data-element_type=\"container\" data-settings=\"{&quot;content_width&quot;:&quot;full&quot;,&quot;background_background&quot;:&quot;classic&quot;}\" data-core-v316-plus=\"true\">\n\t\t<div class=\"elementor-element elementor-element-a1e11f9 e-flex e-con-boxed e-con e-child\" data-id=\"a1e11f9\" data-element_type=\"container\" data-settings=\"{&quot;background_background&quot;:&quot;classic&quot;,&quot;content_width&quot;:&quot;boxed&quot;}\">\n\t\t\t\t\t<div class=\"e-con-inner\">\n\t\t\t\t\t<\/div>\n\t\t\t\t<\/div>\n\t\t<div class=\"elementor-element elementor-element-85bfea0 e-con-full e-flex e-con e-child\" data-id=\"85bfea0\" data-element_type=\"container\" data-settings=\"{&quot;content_width&quot;:&quot;full&quot;}\">\n\t\t\t\t<div class=\"elementor-element elementor-element-0f9d240 elementor-widget__width-initial elementor-widget elementor-widget-heading\" data-id=\"0f9d240\" data-element_type=\"widget\" data-widget_type=\"heading.default\">\n\t\t\t\t<div class=\"elementor-widget-container\">\n\t\t\t<h2 class=\"elementor-heading-title elementor-size-default\">R\u00e9novez votre espace avec des services experts en b\u00e9ton<\/h2>\t\t<\/div>\n\t\t\t\t<\/div>\n\t\t\t\t<div class=\"elementor-element elementor-element-85178cf animated-fast elementor-widget__width-initial elementor-invisible elementor-widget elementor-widget-text-editor\" data-id=\"85178cf\" data-element_type=\"widget\" data-settings=\"{&quot;_animation&quot;:&quot;fadeInLeft&quot;,&quot;_animation_delay&quot;:1000}\" data-widget_type=\"text-editor.default\">\n\t\t\t\t<div class=\"elementor-widget-container\">\n\t\t\t\t\t\t\tD\u00e9passez l&rsquo;ordinaire avec La Truelle D&rsquo;or Inc. au Qu\u00e9bec.\t\t\t\t\t\t<\/div>\n\t\t\t\t<\/div>\n\t\t\t\t<div class=\"elementor-element elementor-element-7f2c8b4 elementor-align-left animated-fast elementor-widget__width-initial elementor-mobile-align-center elementor-invisible elementor-widget elementor-widget-button\" data-id=\"7f2c8b4\" data-element_type=\"widget\" data-settings=\"{&quot;_animation&quot;:&quot;fadeInLeft&quot;,&quot;_animation_delay&quot;:1100}\" data-widget_type=\"button.default\">\n\t\t\t\t<div class=\"elementor-widget-container\">\n\t\t\t\t\t<div class=\"elementor-button-wrapper\">\n\t\t\t<a class=\"elementor-button elementor-button-link elementor-size-md\" href=\"https:\/\/publissoft.dev\/latruelledor\/soumission\/\">\n\t\t\t\t\t\t<span class=\"elementor-button-content-wrapper\">\n\t\t\t\t\t\t<span class=\"elementor-button-text\">Demandez une soumission<\/span>\n\t\t<\/span>\n\t\t\t\t\t<\/a>\n\t\t<\/div>\n\t\t\t\t<\/div>\n\t\t\t\t<\/div>\n\t\t\t\t<\/div>\n\t\t\t\t<\/div>\n\t\t<div class=\"elementor-element elementor-element-868f807 e-flex e-con-boxed e-con e-parent\" data-id=\"868f807\" data-element_type=\"container\" data-settings=\"{&quot;content_width&quot;:&quot;boxed&quot;}\" data-core-v316-plus=\"true\">\n\t\t\t\t\t<div class=\"e-con-inner\">\n\t\t\t\t\t<\/div>\n\t\t\t\t<\/div>\n\t\t\t\t\t\t\t<\/div>\n\t\t","protected":false},"excerpt":{"rendered":"<p>Mise en place, finition et r\u00e9paration de b\u00e9ton B\u00c9TON Vous en avez assez de voir votre plancher de b\u00e9ton en mauvais \u00e9tat ? Vous cherchez des dalles de b\u00e9ton au Qu\u00e9bec \u00e0 installer dans votre entreprise ou votre maison ? Ne vous inqui\u00e9tez plus ! \u00c0 La Truelle D&rsquo;or Inc., nous vous aidons \u00e0 installer, &hellip;<\/p>\n<p class=\"read-more\"> <a class=\"\" href=\"https:\/\/publissoft.dev\/latruelledor\/services\/beton\/\"> <span class=\"screen-reader-text\">B\u00e9ton<\/span> Lire la suite\u00a0\u00bb<\/a><\/p>\n","protected":false},"author":1,"featured_media":0,"parent":3646,"menu_order":0,"comment_status":"closed","ping_status":"closed","template":"elementor_header_footer","meta":{"site-sidebar-layout":"default","site-content-layout":"","ast-site-content-layout":"","site-content-style":"default","site-sidebar-style":"default","ast-global-header-display":"","ast-banner-title-visibility":"","ast-main-header-display":"","ast-hfb-above-header-display":"","ast-hfb-below-header-display":"","ast-hfb-mobile-header-display":"","site-post-title":"","ast-breadcrumbs-content":"","ast-featured-img":"","footer-sml-layout":"","theme-transparent-header-meta":"","adv-header-id-meta":"","stick-header-meta":"","header-above-stick-meta":"","header-main-stick-meta":"","header-below-stick-meta":"","astra-migrate-meta-layouts":"","footnotes":""},"yoast_head":"<!-- This site is optimized with the Yoast SEO plugin v21.2 - https:\/\/yoast.com\/wordpress\/plugins\/seo\/ -->\n<title>Mise en place, finition et r\u00e9paration de b\u00e9ton | La Truelle D&#039;or<\/title>\n<meta name=\"description\" content=\"Transformez votre maison ou votre entreprise du Qu\u00e9bec. Nous vous aidons \u00e0 installer, entretenir, finir et r\u00e9aliser la r\u00e9paration en b\u00e9ton. Visitez-nous.\" \/>\n<meta name=\"robots\" content=\"noindex, follow, max-snippet:-1, max-image-preview:large, max-video-preview:-1\" \/>\n<meta property=\"og:locale\" content=\"fr_CA\" \/>\n<meta property=\"og:type\" content=\"article\" \/>\n<meta property=\"og:title\" content=\"Mise en place, finition et r\u00e9paration de b\u00e9ton | La Truelle D&#039;or\" \/>\n<meta property=\"og:description\" content=\"Transformez votre maison ou votre entreprise du Qu\u00e9bec. Nous vous aidons \u00e0 installer, entretenir, finir et r\u00e9aliser la r\u00e9paration en b\u00e9ton. Visitez-nous.\" \/>\n<meta property=\"og:url\" content=\"https:\/\/publissoft.dev\/latruelledor\/services\/beton\/\" \/>\n<meta property=\"og:site_name\" content=\"La Truelle d&#039;or\" \/>\n<meta property=\"article:modified_time\" content=\"2023-08-31T19:52:02+00:00\" \/>\n<meta name=\"twitter:card\" content=\"summary_large_image\" \/>\n<meta name=\"twitter:label1\" content=\"Estimation du temps de lecture\" \/>\n\t<meta name=\"twitter:data1\" content=\"3 minutes\" \/>\n<script type=\"application\/ld+json\" class=\"yoast-schema-graph\">{\"@context\":\"https:\/\/schema.org\",\"@graph\":[{\"@type\":\"WebPage\",\"@id\":\"https:\/\/publissoft.dev\/latruelledor\/services\/beton\/\",\"url\":\"https:\/\/publissoft.dev\/latruelledor\/services\/beton\/\",\"name\":\"Mise en place, finition et r\u00e9paration de b\u00e9ton | La Truelle D'or\",\"isPartOf\":{\"@id\":\"https:\/\/publissoft.dev\/latruelledor\/#website\"},\"datePublished\":\"2019-01-23T14:52:14+00:00\",\"dateModified\":\"2023-08-31T19:52:02+00:00\",\"description\":\"Transformez votre maison ou votre entreprise du Qu\u00e9bec. Nous vous aidons \u00e0 installer, entretenir, finir et r\u00e9aliser la r\u00e9paration en b\u00e9ton. Visitez-nous.\",\"breadcrumb\":{\"@id\":\"https:\/\/publissoft.dev\/latruelledor\/services\/beton\/#breadcrumb\"},\"inLanguage\":\"fr-CA\",\"potentialAction\":[{\"@type\":\"ReadAction\",\"target\":[\"https:\/\/publissoft.dev\/latruelledor\/services\/beton\/\"]}]},{\"@type\":\"BreadcrumbList\",\"@id\":\"https:\/\/publissoft.dev\/latruelledor\/services\/beton\/#breadcrumb\",\"itemListElement\":[{\"@type\":\"ListItem\",\"position\":1,\"name\":\"Accueil\",\"item\":\"https:\/\/publissoft.dev\/latruelledor\/\"},{\"@type\":\"ListItem\",\"position\":2,\"name\":\"Services\",\"item\":\"https:\/\/publissoft.dev\/latruelledor\/?page_id=3646\"},{\"@type\":\"ListItem\",\"position\":3,\"name\":\"B\u00e9ton\"}]},{\"@type\":\"WebSite\",\"@id\":\"https:\/\/publissoft.dev\/latruelledor\/#website\",\"url\":\"https:\/\/publissoft.dev\/latruelledor\/\",\"name\":\"La Truelle d&#039;or\",\"description\":\"\",\"publisher\":{\"@id\":\"https:\/\/publissoft.dev\/latruelledor\/#organization\"},\"potentialAction\":[{\"@type\":\"SearchAction\",\"target\":{\"@type\":\"EntryPoint\",\"urlTemplate\":\"https:\/\/publissoft.dev\/latruelledor\/?s={search_term_string}\"},\"query-input\":\"required name=search_term_string\"}],\"inLanguage\":\"fr-CA\"},{\"@type\":\"Organization\",\"@id\":\"https:\/\/publissoft.dev\/latruelledor\/#organization\",\"name\":\"La Truelle d&#039;or\",\"url\":\"https:\/\/publissoft.dev\/latruelledor\/\",\"logo\":{\"@type\":\"ImageObject\",\"inLanguage\":\"fr-CA\",\"@id\":\"https:\/\/publissoft.dev\/latruelledor\/#\/schema\/logo\/image\/\",\"url\":\"https:\/\/publissoft.dev\/latruelledor\/wp-content\/uploads\/2023\/09\/Logo-La-Truelle-Dor.png\",\"contentUrl\":\"https:\/\/publissoft.dev\/latruelledor\/wp-content\/uploads\/2023\/09\/Logo-La-Truelle-Dor.png\",\"width\":900,\"height\":295,\"caption\":\"La Truelle d&#039;or\"},\"image\":{\"@id\":\"https:\/\/publissoft.dev\/latruelledor\/#\/schema\/logo\/image\/\"}}]}<\/script>\n<!-- \/ Yoast SEO plugin. -->","yoast_head_json":{"title":"Mise en place, finition et r\u00e9paration de b\u00e9ton | La Truelle D'or","description":"Transformez votre maison ou votre entreprise du Qu\u00e9bec. Nous vous aidons \u00e0 installer, entretenir, finir et r\u00e9aliser la r\u00e9paration en b\u00e9ton. Visitez-nous.","robots":{"index":"noindex","follow":"follow","max-snippet":"max-snippet:-1","max-image-preview":"max-image-preview:large","max-video-preview":"max-video-preview:-1"},"og_locale":"fr_CA","og_type":"article","og_title":"Mise en place, finition et r\u00e9paration de b\u00e9ton | La Truelle D'or","og_description":"Transformez votre maison ou votre entreprise du Qu\u00e9bec. Nous vous aidons \u00e0 installer, entretenir, finir et r\u00e9aliser la r\u00e9paration en b\u00e9ton. Visitez-nous.","og_url":"https:\/\/publissoft.dev\/latruelledor\/services\/beton\/","og_site_name":"La Truelle d&#039;or","article_modified_time":"2023-08-31T19:52:02+00:00","twitter_card":"summary_large_image","twitter_misc":{"Estimation du temps de lecture":"3 minutes"},"schema":{"@context":"https:\/\/schema.org","@graph":[{"@type":"WebPage","@id":"https:\/\/publissoft.dev\/latruelledor\/services\/beton\/","url":"https:\/\/publissoft.dev\/latruelledor\/services\/beton\/","name":"Mise en place, finition et r\u00e9paration de b\u00e9ton | La Truelle D'or","isPartOf":{"@id":"https:\/\/publissoft.dev\/latruelledor\/#website"},"datePublished":"2019-01-23T14:52:14+00:00","dateModified":"2023-08-31T19:52:02+00:00","description":"Transformez votre maison ou votre entreprise du Qu\u00e9bec. Nous vous aidons \u00e0 installer, entretenir, finir et r\u00e9aliser la r\u00e9paration en b\u00e9ton. Visitez-nous.","breadcrumb":{"@id":"https:\/\/publissoft.dev\/latruelledor\/services\/beton\/#breadcrumb"},"inLanguage":"fr-CA","potentialAction":[{"@type":"ReadAction","target":["https:\/\/publissoft.dev\/latruelledor\/services\/beton\/"]}]},{"@type":"BreadcrumbList","@id":"https:\/\/publissoft.dev\/latruelledor\/services\/beton\/#breadcrumb","itemListElement":[{"@type":"ListItem","position":1,"name":"Accueil","item":"https:\/\/publissoft.dev\/latruelledor\/"},{"@type":"ListItem","position":2,"name":"Services","item":"https:\/\/publissoft.dev\/latruelledor\/?page_id=3646"},{"@type":"ListItem","position":3,"name":"B\u00e9ton"}]},{"@type":"WebSite","@id":"https:\/\/publissoft.dev\/latruelledor\/#website","url":"https:\/\/publissoft.dev\/latruelledor\/","name":"La Truelle d&#039;or","description":"","publisher":{"@id":"https:\/\/publissoft.dev\/latruelledor\/#organization"},"potentialAction":[{"@type":"SearchAction","target":{"@type":"EntryPoint","urlTemplate":"https:\/\/publissoft.dev\/latruelledor\/?s={search_term_string}"},"query-input":"required name=search_term_string"}],"inLanguage":"fr-CA"},{"@type":"Organization","@id":"https:\/\/publissoft.dev\/latruelledor\/#organization","name":"La Truelle d&#039;or","url":"https:\/\/publissoft.dev\/latruelledor\/","logo":{"@type":"ImageObject","inLanguage":"fr-CA","@id":"https:\/\/publissoft.dev\/latruelledor\/#\/schema\/logo\/image\/","url":"https:\/\/publissoft.dev\/latruelledor\/wp-content\/uploads\/2023\/09\/Logo-La-Truelle-Dor.png","contentUrl":"https:\/\/publissoft.dev\/latruelledor\/wp-content\/uploads\/2023\/09\/Logo-La-Truelle-Dor.png","width":900,"height":295,"caption":"La Truelle d&#039;or"},"image":{"@id":"https:\/\/publissoft.dev\/latruelledor\/#\/schema\/logo\/image\/"}}]}},"_links":{"self":[{"href":"https:\/\/publissoft.dev\/latruelledor\/wp-json\/wp\/v2\/pages\/207"}],"collection":[{"href":"https:\/\/publissoft.dev\/latruelledor\/wp-json\/wp\/v2\/pages"}],"about":[{"href":"https:\/\/publissoft.dev\/latruelledor\/wp-json\/wp\/v2\/types\/page"}],"author":[{"embeddable":true,"href":"https:\/\/publissoft.dev\/latruelledor\/wp-json\/wp\/v2\/users\/1"}],"replies":[{"embeddable":true,"href":"https:\/\/publissoft.dev\/latruelledor\/wp-json\/wp\/v2\/comments?post=207"}],"version-history":[{"count":98,"href":"https:\/\/publissoft.dev\/latruelledor\/wp-json\/wp\/v2\/pages\/207\/revisions"}],"predecessor-version":[{"id":4723,"href":"https:\/\/publissoft.dev\/latruelledor\/wp-json\/wp\/v2\/pages\/207\/revisions\/4723"}],"up":[{"embeddable":true,"href":"https:\/\/publissoft.dev\/latruelledor\/wp-json\/wp\/v2\/pages\/3646"}],"wp:attachment":[{"href":"https:\/\/publissoft.dev\/latruelledor\/wp-json\/wp\/v2\/media?parent=207"}],"curies":[{"name":"wp","href":"https:\/\/api.w.org\/{rel}","templated":true}]}}