{"id":218,"date":"2019-01-23T16:11:35","date_gmt":"2019-01-23T15:11:35","guid":{"rendered":"https:\/\/japcommunication.com\/latruelledor\/?page_id=218"},"modified":"2023-07-28T22:06:07","modified_gmt":"2023-07-28T22:06:07","slug":"nos-realisations","status":"publish","type":"page","link":"https:\/\/publissoft.dev\/latruelledor\/nos-realisations\/","title":{"rendered":"R\u00e9alisations"},"content":{"rendered":"\t\t<div data-elementor-type=\"wp-post\" data-elementor-id=\"218\" class=\"elementor elementor-218\" data-elementor-post-type=\"page\">\n\t\t\t\t\t\t\t<div class=\"elementor-element elementor-element-7da542c realisations-custom-container e-flex e-con-boxed e-con e-parent\" data-id=\"7da542c\" data-element_type=\"container\" data-settings=\"{&quot;content_width&quot;:&quot;boxed&quot;}\" data-core-v316-plus=\"true\">\n\t\t\t\t\t<div class=\"e-con-inner\">\n\t\t\t\t<div class=\"elementor-element elementor-element-b2efd6a elementor-widget__width-initial elementor-widget elementor-widget-heading\" data-id=\"b2efd6a\" data-element_type=\"widget\" data-widget_type=\"heading.default\">\n\t\t\t\t<div class=\"elementor-widget-container\">\n\t\t\t<h1 class=\"elementor-heading-title elementor-size-default\">R\u00e9alisations<\/h1>\t\t<\/div>\n\t\t\t\t<\/div>\n\t\t\t\t<div class=\"elementor-element elementor-element-cfdafa5 elementor-widget elementor-widget-gallery\" data-id=\"cfdafa5\" data-element_type=\"widget\" data-settings=\"{&quot;columns&quot;:3,&quot;gap&quot;:{&quot;unit&quot;:&quot;px&quot;,&quot;size&quot;:50,&quot;sizes&quot;:[]},&quot;overlay_title&quot;:&quot;caption&quot;,&quot;lazyload&quot;:&quot;yes&quot;,&quot;gallery_layout&quot;:&quot;grid&quot;,&quot;columns_tablet&quot;:2,&quot;columns_mobile&quot;:1,&quot;gap_tablet&quot;:{&quot;unit&quot;:&quot;px&quot;,&quot;size&quot;:10,&quot;sizes&quot;:[]},&quot;gap_mobile&quot;:{&quot;unit&quot;:&quot;px&quot;,&quot;size&quot;:10,&quot;sizes&quot;:[]},&quot;link_to&quot;:&quot;file&quot;,&quot;aspect_ratio&quot;:&quot;3:2&quot;,&quot;overlay_background&quot;:&quot;yes&quot;}\" data-widget_type=\"gallery.default\">\n\t\t\t\t<div class=\"elementor-widget-container\">\n\t\t\t\t\t<div class=\"elementor-gallery__container\">\n\t\t\t\t\t\t\t<a class=\"e-gallery-item elementor-gallery-item\" href=\"https:\/\/publissoft.dev\/latruelledor\/wp-content\/uploads\/2019\/01\/projet-beton-5.jpg\" data-elementor-open-lightbox=\"yes\" data-elementor-lightbox-slideshow=\"cfdafa5\" data-elementor-lightbox-title=\"projets commercials\" data-e-action-hash=\"#elementor-action%3Aaction%3Dlightbox%26settings%3DeyJpZCI6MjI1LCJ1cmwiOiJodHRwczpcL1wvcHVibGlzc29mdC5kZXZcL2xhdHJ1ZWxsZWRvclwvd3AtY29udGVudFwvdXBsb2Fkc1wvMjAxOVwvMDFcL3Byb2pldC1iZXRvbi01LmpwZyIsInNsaWRlc2hvdyI6ImNmZGFmYTUifQ%3D%3D\">\n\t\t\t\t\t<div class=\"e-gallery-image elementor-gallery-item__image\" data-thumbnail=\"https:\/\/publissoft.dev\/latruelledor\/wp-content\/uploads\/2019\/01\/projet-beton-5-300x214.jpg\" data-width=\"300\" data-height=\"214\" aria-label=\"projets commercials\" role=\"img\" ><\/div>\n\t\t\t\t\t\t\t\t\t\t\t<div class=\"elementor-gallery-item__overlay\"><\/div>\n\t\t\t\t\t\t\t\t\t\t\t\t\t\t\t<div class=\"elementor-gallery-item__content\">\n\t\t\t\t\t\t\t\t\t\t\t\t\t\t<div class=\"elementor-gallery-item__title\">\n\t\t\t\t\t\t\t\t\t\t\t\t\t\t\t\t\t\tPROJETS COMMERCIALS\t\t\t\t\t\t\t\t<\/div>\n\t\t\t\t\t\t\t\t\t\t\t\t<\/div>\n\t\t\t\t\t\t\t\t\t<\/a>\n\t\t\t\t\t\t\t<a class=\"e-gallery-item elementor-gallery-item\" href=\"https:\/\/publissoft.dev\/latruelledor\/wp-content\/uploads\/2019\/02\/projet-beton-12.jpg\" data-elementor-open-lightbox=\"yes\" data-elementor-lightbox-slideshow=\"cfdafa5\" data-elementor-lightbox-title=\"b\u00e9ton industriel\" data-e-action-hash=\"#elementor-action%3Aaction%3Dlightbox%26settings%3DeyJpZCI6NTA5LCJ1cmwiOiJodHRwczpcL1wvcHVibGlzc29mdC5kZXZcL2xhdHJ1ZWxsZWRvclwvd3AtY29udGVudFwvdXBsb2Fkc1wvMjAxOVwvMDJcL3Byb2pldC1iZXRvbi0xMi5qcGciLCJzbGlkZXNob3ciOiJjZmRhZmE1In0%3D\">\n\t\t\t\t\t<div class=\"e-gallery-image elementor-gallery-item__image\" data-thumbnail=\"https:\/\/publissoft.dev\/latruelledor\/wp-content\/uploads\/2019\/02\/projet-beton-12-300x214.jpg\" data-width=\"300\" data-height=\"214\" aria-label=\"b\u00e9ton industriel\" role=\"img\" ><\/div>\n\t\t\t\t\t\t\t\t\t\t\t<div class=\"elementor-gallery-item__overlay\"><\/div>\n\t\t\t\t\t\t\t\t\t\t\t\t\t\t\t<div class=\"elementor-gallery-item__content\">\n\t\t\t\t\t\t\t\t\t\t\t\t\t\t<div class=\"elementor-gallery-item__title\">\n\t\t\t\t\t\t\t\t\t\t\t\t\t\t\t\t\t\tB\u00c9TON INDUSTRIEL\t\t\t\t\t\t\t\t<\/div>\n\t\t\t\t\t\t\t\t\t\t\t\t<\/div>\n\t\t\t\t\t\t\t\t\t<\/a>\n\t\t\t\t\t\t\t<a class=\"e-gallery-item elementor-gallery-item\" href=\"https:\/\/publissoft.dev\/latruelledor\/wp-content\/uploads\/2019\/01\/projet-beton-1.jpg\" data-elementor-open-lightbox=\"yes\" data-elementor-lightbox-slideshow=\"cfdafa5\" data-elementor-lightbox-title=\"projet industriel\" data-e-action-hash=\"#elementor-action%3Aaction%3Dlightbox%26settings%3DeyJpZCI6MjIxLCJ1cmwiOiJodHRwczpcL1wvcHVibGlzc29mdC5kZXZcL2xhdHJ1ZWxsZWRvclwvd3AtY29udGVudFwvdXBsb2Fkc1wvMjAxOVwvMDFcL3Byb2pldC1iZXRvbi0xLmpwZyIsInNsaWRlc2hvdyI6ImNmZGFmYTUifQ%3D%3D\">\n\t\t\t\t\t<div class=\"e-gallery-image elementor-gallery-item__image\" data-thumbnail=\"https:\/\/publissoft.dev\/latruelledor\/wp-content\/uploads\/2019\/01\/projet-beton-1-300x214.jpg\" data-width=\"300\" data-height=\"214\" aria-label=\"projet industriel\" role=\"img\" ><\/div>\n\t\t\t\t\t\t\t\t\t\t\t<div class=\"elementor-gallery-item__overlay\"><\/div>\n\t\t\t\t\t\t\t\t\t\t\t\t\t\t\t<div class=\"elementor-gallery-item__content\">\n\t\t\t\t\t\t\t\t\t\t\t\t\t\t<div class=\"elementor-gallery-item__title\">\n\t\t\t\t\t\t\t\t\t\t\t\t\t\t\t\t\t\tPROJET INDUSTRIEL\t\t\t\t\t\t\t\t<\/div>\n\t\t\t\t\t\t\t\t\t\t\t\t<\/div>\n\t\t\t\t\t\t\t\t\t<\/a>\n\t\t\t\t\t\t\t<a class=\"e-gallery-item elementor-gallery-item\" href=\"https:\/\/publissoft.dev\/latruelledor\/wp-content\/uploads\/2019\/01\/projet-beton-4.jpg\" data-elementor-open-lightbox=\"yes\" data-elementor-lightbox-slideshow=\"cfdafa5\" data-elementor-lightbox-title=\"machine \u00e0 b\u00e9ton\" data-e-action-hash=\"#elementor-action%3Aaction%3Dlightbox%26settings%3DeyJpZCI6MjI0LCJ1cmwiOiJodHRwczpcL1wvcHVibGlzc29mdC5kZXZcL2xhdHJ1ZWxsZWRvclwvd3AtY29udGVudFwvdXBsb2Fkc1wvMjAxOVwvMDFcL3Byb2pldC1iZXRvbi00LmpwZyIsInNsaWRlc2hvdyI6ImNmZGFmYTUifQ%3D%3D\">\n\t\t\t\t\t<div class=\"e-gallery-image elementor-gallery-item__image\" data-thumbnail=\"https:\/\/publissoft.dev\/latruelledor\/wp-content\/uploads\/2019\/01\/projet-beton-4-300x214.jpg\" data-width=\"300\" data-height=\"214\" aria-label=\"machine \u00e0 b\u00e9ton\" role=\"img\" ><\/div>\n\t\t\t\t\t\t\t\t\t\t\t<div class=\"elementor-gallery-item__overlay\"><\/div>\n\t\t\t\t\t\t\t\t\t\t\t\t\t\t\t<div class=\"elementor-gallery-item__content\">\n\t\t\t\t\t\t\t\t\t\t\t\t\t\t<div class=\"elementor-gallery-item__title\">\n\t\t\t\t\t\t\t\t\t\t\t\t\t\t\t\t\t\tMACHINE \u00c0 B\u00c9TON\t\t\t\t\t\t\t\t<\/div>\n\t\t\t\t\t\t\t\t\t\t\t\t<\/div>\n\t\t\t\t\t\t\t\t\t<\/a>\n\t\t\t\t\t\t\t<a class=\"e-gallery-item elementor-gallery-item\" href=\"https:\/\/publissoft.dev\/latruelledor\/wp-content\/uploads\/2019\/01\/projet-beton-2.jpg\" data-elementor-open-lightbox=\"yes\" data-elementor-lightbox-slideshow=\"cfdafa5\" data-elementor-lightbox-title=\"restaurant\" data-e-action-hash=\"#elementor-action%3Aaction%3Dlightbox%26settings%3DeyJpZCI6MjIyLCJ1cmwiOiJodHRwczpcL1wvcHVibGlzc29mdC5kZXZcL2xhdHJ1ZWxsZWRvclwvd3AtY29udGVudFwvdXBsb2Fkc1wvMjAxOVwvMDFcL3Byb2pldC1iZXRvbi0yLmpwZyIsInNsaWRlc2hvdyI6ImNmZGFmYTUifQ%3D%3D\">\n\t\t\t\t\t<div class=\"e-gallery-image elementor-gallery-item__image\" data-thumbnail=\"https:\/\/publissoft.dev\/latruelledor\/wp-content\/uploads\/2019\/01\/projet-beton-2-300x214.jpg\" data-width=\"300\" data-height=\"214\" aria-label=\"restaurant\" role=\"img\" ><\/div>\n\t\t\t\t\t\t\t\t\t\t\t<div class=\"elementor-gallery-item__overlay\"><\/div>\n\t\t\t\t\t\t\t\t\t\t\t\t\t\t\t<div class=\"elementor-gallery-item__content\">\n\t\t\t\t\t\t\t\t\t\t\t\t\t\t<div class=\"elementor-gallery-item__title\">\n\t\t\t\t\t\t\t\t\t\t\t\t\t\t\t\t\t\tPLANCHER DE B\u00c9TON (RESTAURANT)\t\t\t\t\t\t\t\t<\/div>\n\t\t\t\t\t\t\t\t\t\t\t\t<\/div>\n\t\t\t\t\t\t\t\t\t<\/a>\n\t\t\t\t\t\t\t<a class=\"e-gallery-item elementor-gallery-item\" href=\"https:\/\/publissoft.dev\/latruelledor\/wp-content\/uploads\/2019\/01\/projet-beton-7.jpg\" data-elementor-open-lightbox=\"yes\" data-elementor-lightbox-slideshow=\"cfdafa5\" data-elementor-lightbox-title=\"plancher b\u00e9ton magasin\" data-e-action-hash=\"#elementor-action%3Aaction%3Dlightbox%26settings%3DeyJpZCI6MjI3LCJ1cmwiOiJodHRwczpcL1wvcHVibGlzc29mdC5kZXZcL2xhdHJ1ZWxsZWRvclwvd3AtY29udGVudFwvdXBsb2Fkc1wvMjAxOVwvMDFcL3Byb2pldC1iZXRvbi03LmpwZyIsInNsaWRlc2hvdyI6ImNmZGFmYTUifQ%3D%3D\">\n\t\t\t\t\t<div class=\"e-gallery-image elementor-gallery-item__image\" data-thumbnail=\"https:\/\/publissoft.dev\/latruelledor\/wp-content\/uploads\/2019\/01\/projet-beton-7-300x214.jpg\" data-width=\"300\" data-height=\"214\" aria-label=\"plancher b\u00e9ton magasin\" role=\"img\" ><\/div>\n\t\t\t\t\t\t\t\t\t\t\t<div class=\"elementor-gallery-item__overlay\"><\/div>\n\t\t\t\t\t\t\t\t\t\t\t\t\t\t\t<div class=\"elementor-gallery-item__content\">\n\t\t\t\t\t\t\t\t\t\t\t\t\t\t<div class=\"elementor-gallery-item__title\">\n\t\t\t\t\t\t\t\t\t\t\t\t\t\t\t\t\t\tPLANCHER DE B\u00c9TON (MAGASIN)\t\t\t\t\t\t\t\t<\/div>\n\t\t\t\t\t\t\t\t\t\t\t\t<\/div>\n\t\t\t\t\t\t\t\t\t<\/a>\n\t\t\t\t\t\t\t<a class=\"e-gallery-item elementor-gallery-item\" href=\"https:\/\/publissoft.dev\/latruelledor\/wp-content\/uploads\/2019\/01\/projet-beton-8.jpg\" data-elementor-open-lightbox=\"yes\" data-elementor-lightbox-slideshow=\"cfdafa5\" data-elementor-lightbox-title=\"plancher b\u00e9ton hopital\" data-e-action-hash=\"#elementor-action%3Aaction%3Dlightbox%26settings%3DeyJpZCI6MjI4LCJ1cmwiOiJodHRwczpcL1wvcHVibGlzc29mdC5kZXZcL2xhdHJ1ZWxsZWRvclwvd3AtY29udGVudFwvdXBsb2Fkc1wvMjAxOVwvMDFcL3Byb2pldC1iZXRvbi04LmpwZyIsInNsaWRlc2hvdyI6ImNmZGFmYTUifQ%3D%3D\">\n\t\t\t\t\t<div class=\"e-gallery-image elementor-gallery-item__image\" data-thumbnail=\"https:\/\/publissoft.dev\/latruelledor\/wp-content\/uploads\/2019\/01\/projet-beton-8-300x214.jpg\" data-width=\"300\" data-height=\"214\" aria-label=\"plancher b\u00e9ton hopital\" role=\"img\" ><\/div>\n\t\t\t\t\t\t\t\t\t\t\t<div class=\"elementor-gallery-item__overlay\"><\/div>\n\t\t\t\t\t\t\t\t\t\t\t\t\t\t\t<div class=\"elementor-gallery-item__content\">\n\t\t\t\t\t\t\t\t\t\t\t\t\t\t<div class=\"elementor-gallery-item__title\">\n\t\t\t\t\t\t\t\t\t\t\t\t\t\t\t\t\t\tPLANCHER DE B\u00c9TON (HOPITAL)\t\t\t\t\t\t\t\t<\/div>\n\t\t\t\t\t\t\t\t\t\t\t\t<\/div>\n\t\t\t\t\t\t\t\t\t<\/a>\n\t\t\t\t\t\t\t<a class=\"e-gallery-item elementor-gallery-item\" href=\"https:\/\/publissoft.dev\/latruelledor\/wp-content\/uploads\/2019\/01\/projet-beton-9.jpg\" data-elementor-open-lightbox=\"yes\" data-elementor-lightbox-slideshow=\"cfdafa5\" data-elementor-lightbox-title=\"b\u00e9ton jeux pour enfants\" data-e-action-hash=\"#elementor-action%3Aaction%3Dlightbox%26settings%3DeyJpZCI6MjI5LCJ1cmwiOiJodHRwczpcL1wvcHVibGlzc29mdC5kZXZcL2xhdHJ1ZWxsZWRvclwvd3AtY29udGVudFwvdXBsb2Fkc1wvMjAxOVwvMDFcL3Byb2pldC1iZXRvbi05LmpwZyIsInNsaWRlc2hvdyI6ImNmZGFmYTUifQ%3D%3D\">\n\t\t\t\t\t<div class=\"e-gallery-image elementor-gallery-item__image\" data-thumbnail=\"https:\/\/publissoft.dev\/latruelledor\/wp-content\/uploads\/2019\/01\/projet-beton-9-300x214.jpg\" data-width=\"300\" data-height=\"214\" aria-label=\"b\u00e9ton jeux pour enfants\" role=\"img\" ><\/div>\n\t\t\t\t\t\t\t\t\t\t\t<div class=\"elementor-gallery-item__overlay\"><\/div>\n\t\t\t\t\t\t\t\t\t\t\t\t\t\t\t<div class=\"elementor-gallery-item__content\">\n\t\t\t\t\t\t\t\t\t\t\t\t\t\t<div class=\"elementor-gallery-item__title\">\n\t\t\t\t\t\t\t\t\t\t\t\t\t\t\t\t\t\tB\u00c9TON (JEUX POUR ENFANTS)\t\t\t\t\t\t\t\t<\/div>\n\t\t\t\t\t\t\t\t\t\t\t\t<\/div>\n\t\t\t\t\t\t\t\t\t<\/a>\n\t\t\t\t\t\t\t<a class=\"e-gallery-item elementor-gallery-item\" href=\"https:\/\/publissoft.dev\/latruelledor\/wp-content\/uploads\/2019\/01\/projet-beton-10.jpg\" data-elementor-open-lightbox=\"yes\" data-elementor-lightbox-slideshow=\"cfdafa5\" data-elementor-lightbox-title=\"entretien b\u00e9ton\" data-e-action-hash=\"#elementor-action%3Aaction%3Dlightbox%26settings%3DeyJpZCI6MjMwLCJ1cmwiOiJodHRwczpcL1wvcHVibGlzc29mdC5kZXZcL2xhdHJ1ZWxsZWRvclwvd3AtY29udGVudFwvdXBsb2Fkc1wvMjAxOVwvMDFcL3Byb2pldC1iZXRvbi0xMC5qcGciLCJzbGlkZXNob3ciOiJjZmRhZmE1In0%3D\">\n\t\t\t\t\t<div class=\"e-gallery-image elementor-gallery-item__image\" data-thumbnail=\"https:\/\/publissoft.dev\/latruelledor\/wp-content\/uploads\/2019\/01\/projet-beton-10-300x214.jpg\" data-width=\"300\" data-height=\"214\" aria-label=\"entretien b\u00e9ton\" role=\"img\" ><\/div>\n\t\t\t\t\t\t\t\t\t\t\t<div class=\"elementor-gallery-item__overlay\"><\/div>\n\t\t\t\t\t\t\t\t\t\t\t\t\t\t\t<div class=\"elementor-gallery-item__content\">\n\t\t\t\t\t\t\t\t\t\t\t\t\t\t<div class=\"elementor-gallery-item__title\">\n\t\t\t\t\t\t\t\t\t\t\t\t\t\t\t\t\t\tENTRETIEN DE B\u00c9TON\t\t\t\t\t\t\t\t<\/div>\n\t\t\t\t\t\t\t\t\t\t\t\t<\/div>\n\t\t\t\t\t\t\t\t\t<\/a>\n\t\t\t\t\t\t\t<a class=\"e-gallery-item elementor-gallery-item\" href=\"https:\/\/publissoft.dev\/latruelledor\/wp-content\/uploads\/2019\/01\/projet-beton-6.jpg\" data-elementor-open-lightbox=\"yes\" data-elementor-lightbox-slideshow=\"cfdafa5\" data-elementor-lightbox-title=\"plancher de b\u00e9ton\" data-e-action-hash=\"#elementor-action%3Aaction%3Dlightbox%26settings%3DeyJpZCI6MjI2LCJ1cmwiOiJodHRwczpcL1wvcHVibGlzc29mdC5kZXZcL2xhdHJ1ZWxsZWRvclwvd3AtY29udGVudFwvdXBsb2Fkc1wvMjAxOVwvMDFcL3Byb2pldC1iZXRvbi02LmpwZyIsInNsaWRlc2hvdyI6ImNmZGFmYTUifQ%3D%3D\">\n\t\t\t\t\t<div class=\"e-gallery-image elementor-gallery-item__image\" data-thumbnail=\"https:\/\/publissoft.dev\/latruelledor\/wp-content\/uploads\/2019\/01\/projet-beton-6-300x214.jpg\" data-width=\"300\" data-height=\"214\" aria-label=\"plancher de b\u00e9ton\" role=\"img\" ><\/div>\n\t\t\t\t\t\t\t\t\t\t\t<div class=\"elementor-gallery-item__overlay\"><\/div>\n\t\t\t\t\t\t\t\t\t\t\t\t\t\t\t<div class=\"elementor-gallery-item__content\">\n\t\t\t\t\t\t\t\t\t\t\t\t\t\t<div class=\"elementor-gallery-item__title\">\n\t\t\t\t\t\t\t\t\t\t\t\t\t\t\t\t\t\tPLANCHER DE B\u00c9TON\t\t\t\t\t\t\t\t<\/div>\n\t\t\t\t\t\t\t\t\t\t\t\t<\/div>\n\t\t\t\t\t\t\t\t\t<\/a>\n\t\t\t\t\t\t\t<a class=\"e-gallery-item elementor-gallery-item\" href=\"https:\/\/publissoft.dev\/latruelledor\/wp-content\/uploads\/2019\/01\/projet-beton-11.jpg\" data-elementor-open-lightbox=\"yes\" data-elementor-lightbox-slideshow=\"cfdafa5\" data-elementor-lightbox-title=\"beton\" data-e-action-hash=\"#elementor-action%3Aaction%3Dlightbox%26settings%3DeyJpZCI6MjMxLCJ1cmwiOiJodHRwczpcL1wvcHVibGlzc29mdC5kZXZcL2xhdHJ1ZWxsZWRvclwvd3AtY29udGVudFwvdXBsb2Fkc1wvMjAxOVwvMDFcL3Byb2pldC1iZXRvbi0xMS5qcGciLCJzbGlkZXNob3ciOiJjZmRhZmE1In0%3D\">\n\t\t\t\t\t<div class=\"e-gallery-image elementor-gallery-item__image\" data-thumbnail=\"https:\/\/publissoft.dev\/latruelledor\/wp-content\/uploads\/2019\/01\/projet-beton-11-300x214.jpg\" data-width=\"300\" data-height=\"214\" aria-label=\"beton\" role=\"img\" ><\/div>\n\t\t\t\t\t\t\t\t\t\t\t<div class=\"elementor-gallery-item__overlay\"><\/div>\n\t\t\t\t\t\t\t\t\t\t\t\t\t\t\t<div class=\"elementor-gallery-item__content\">\n\t\t\t\t\t\t\t\t\t\t\t\t\t\t<div class=\"elementor-gallery-item__title\">\n\t\t\t\t\t\t\t\t\t\t\t\t\t\t\t\t\t\tPLANCHER DE B\u00c9TON\t\t\t\t\t\t\t\t<\/div>\n\t\t\t\t\t\t\t\t\t\t\t\t<\/div>\n\t\t\t\t\t\t\t\t\t<\/a>\n\t\t\t\t\t\t\t<a class=\"e-gallery-item elementor-gallery-item\" href=\"https:\/\/publissoft.dev\/latruelledor\/wp-content\/uploads\/2019\/01\/projet-beton-3.jpg\" data-elementor-open-lightbox=\"yes\" data-elementor-lightbox-slideshow=\"cfdafa5\" data-elementor-lightbox-title=\"plancher de b\u00e9ton\" data-e-action-hash=\"#elementor-action%3Aaction%3Dlightbox%26settings%3DeyJpZCI6MjIzLCJ1cmwiOiJodHRwczpcL1wvcHVibGlzc29mdC5kZXZcL2xhdHJ1ZWxsZWRvclwvd3AtY29udGVudFwvdXBsb2Fkc1wvMjAxOVwvMDFcL3Byb2pldC1iZXRvbi0zLmpwZyIsInNsaWRlc2hvdyI6ImNmZGFmYTUifQ%3D%3D\">\n\t\t\t\t\t<div class=\"e-gallery-image elementor-gallery-item__image\" data-thumbnail=\"https:\/\/publissoft.dev\/latruelledor\/wp-content\/uploads\/2019\/01\/projet-beton-3-300x214.jpg\" data-width=\"300\" data-height=\"214\" aria-label=\"plancher de b\u00e9ton\" role=\"img\" ><\/div>\n\t\t\t\t\t\t\t\t\t\t\t<div class=\"elementor-gallery-item__overlay\"><\/div>\n\t\t\t\t\t\t\t\t\t\t\t\t\t\t\t<div class=\"elementor-gallery-item__content\">\n\t\t\t\t\t\t\t\t\t\t\t\t\t\t<div class=\"elementor-gallery-item__title\">\n\t\t\t\t\t\t\t\t\t\t\t\t\t\t\t\t\t\tPLANCHER DE B\u00c9TON\t\t\t\t\t\t\t\t<\/div>\n\t\t\t\t\t\t\t\t\t\t\t\t<\/div>\n\t\t\t\t\t\t\t\t\t<\/a>\n\t\t\t\t\t<\/div>\n\t\t\t<\/div>\n\t\t\t\t<\/div>\n\t\t\t\t\t<\/div>\n\t\t\t\t<\/div>\n\t\t\t\t\t\t\t<\/div>\n\t\t","protected":false},"excerpt":{"rendered":"<p>R\u00e9alisations PROJETS COMMERCIALS B\u00c9TON INDUSTRIEL PROJET INDUSTRIEL MACHINE \u00c0 B\u00c9TON PLANCHER DE B\u00c9TON (RESTAURANT) PLANCHER DE B\u00c9TON (MAGASIN) PLANCHER DE B\u00c9TON (HOPITAL) B\u00c9TON (JEUX POUR ENFANTS) ENTRETIEN DE B\u00c9TON PLANCHER DE B\u00c9TON PLANCHER DE B\u00c9TON PLANCHER DE B\u00c9TON<\/p>\n","protected":false},"author":1,"featured_media":0,"parent":0,"menu_order":0,"comment_status":"closed","ping_status":"closed","template":"elementor_header_footer","meta":{"site-sidebar-layout":"default","site-content-layout":"","ast-site-content-layout":"","site-content-style":"default","site-sidebar-style":"default","ast-global-header-display":"","ast-banner-title-visibility":"","ast-main-header-display":"","ast-hfb-above-header-display":"","ast-hfb-below-header-display":"","ast-hfb-mobile-header-display":"","site-post-title":"","ast-breadcrumbs-content":"","ast-featured-img":"","footer-sml-layout":"","theme-transparent-header-meta":"","adv-header-id-meta":"","stick-header-meta":"","header-above-stick-meta":"","header-main-stick-meta":"","header-below-stick-meta":"","astra-migrate-meta-layouts":"","footnotes":""},"yoast_head":"<!-- This site is optimized with the Yoast SEO plugin v21.2 - https:\/\/yoast.com\/wordpress\/plugins\/seo\/ -->\n<title>R\u00e9alisations | La Truelle D&#039;or<\/title>\n<meta name=\"description\" content=\"D\u00e9couvrez nos r\u00e9alisations, des projets solides pour divers secteurs d&#039;activit\u00e9 : Industrie alimentaire, m\u00e9dicale, manufacturi\u00e8re et plus encore. Voir plus\" \/>\n<meta name=\"robots\" content=\"noindex, follow, max-snippet:-1, max-image-preview:large, max-video-preview:-1\" \/>\n<meta property=\"og:locale\" content=\"fr_CA\" \/>\n<meta property=\"og:type\" content=\"article\" \/>\n<meta property=\"og:title\" content=\"R\u00e9alisations | La Truelle D&#039;or\" \/>\n<meta property=\"og:description\" content=\"D\u00e9couvrez nos r\u00e9alisations, des projets solides pour divers secteurs d&#039;activit\u00e9 : Industrie alimentaire, m\u00e9dicale, manufacturi\u00e8re et plus encore. Voir plus\" \/>\n<meta property=\"og:url\" content=\"https:\/\/publissoft.dev\/latruelledor\/nos-realisations\/\" \/>\n<meta property=\"og:site_name\" content=\"La Truelle d&#039;or\" \/>\n<meta property=\"article:modified_time\" content=\"2023-07-28T22:06:07+00:00\" \/>\n<meta name=\"twitter:card\" content=\"summary_large_image\" \/>\n<meta name=\"twitter:label1\" content=\"Estimation du temps de lecture\" \/>\n\t<meta name=\"twitter:data1\" content=\"1 minute\" \/>\n<script type=\"application\/ld+json\" class=\"yoast-schema-graph\">{\"@context\":\"https:\/\/schema.org\",\"@graph\":[{\"@type\":\"WebPage\",\"@id\":\"https:\/\/publissoft.dev\/latruelledor\/nos-realisations\/\",\"url\":\"https:\/\/publissoft.dev\/latruelledor\/nos-realisations\/\",\"name\":\"R\u00e9alisations | La Truelle D'or\",\"isPartOf\":{\"@id\":\"https:\/\/publissoft.dev\/latruelledor\/#website\"},\"datePublished\":\"2019-01-23T15:11:35+00:00\",\"dateModified\":\"2023-07-28T22:06:07+00:00\",\"description\":\"D\u00e9couvrez nos r\u00e9alisations, des projets solides pour divers secteurs d'activit\u00e9 : Industrie alimentaire, m\u00e9dicale, manufacturi\u00e8re et plus encore. Voir plus\",\"breadcrumb\":{\"@id\":\"https:\/\/publissoft.dev\/latruelledor\/nos-realisations\/#breadcrumb\"},\"inLanguage\":\"fr-CA\",\"potentialAction\":[{\"@type\":\"ReadAction\",\"target\":[\"https:\/\/publissoft.dev\/latruelledor\/nos-realisations\/\"]}]},{\"@type\":\"BreadcrumbList\",\"@id\":\"https:\/\/publissoft.dev\/latruelledor\/nos-realisations\/#breadcrumb\",\"itemListElement\":[{\"@type\":\"ListItem\",\"position\":1,\"name\":\"Accueil\",\"item\":\"https:\/\/publissoft.dev\/latruelledor\/\"},{\"@type\":\"ListItem\",\"position\":2,\"name\":\"R\u00e9alisations\"}]},{\"@type\":\"WebSite\",\"@id\":\"https:\/\/publissoft.dev\/latruelledor\/#website\",\"url\":\"https:\/\/publissoft.dev\/latruelledor\/\",\"name\":\"La Truelle d&#039;or\",\"description\":\"\",\"publisher\":{\"@id\":\"https:\/\/publissoft.dev\/latruelledor\/#organization\"},\"potentialAction\":[{\"@type\":\"SearchAction\",\"target\":{\"@type\":\"EntryPoint\",\"urlTemplate\":\"https:\/\/publissoft.dev\/latruelledor\/?s={search_term_string}\"},\"query-input\":\"required name=search_term_string\"}],\"inLanguage\":\"fr-CA\"},{\"@type\":\"Organization\",\"@id\":\"https:\/\/publissoft.dev\/latruelledor\/#organization\",\"name\":\"La Truelle d&#039;or\",\"url\":\"https:\/\/publissoft.dev\/latruelledor\/\",\"logo\":{\"@type\":\"ImageObject\",\"inLanguage\":\"fr-CA\",\"@id\":\"https:\/\/publissoft.dev\/latruelledor\/#\/schema\/logo\/image\/\",\"url\":\"https:\/\/publissoft.dev\/latruelledor\/wp-content\/uploads\/2023\/09\/Logo-La-Truelle-Dor.png\",\"contentUrl\":\"https:\/\/publissoft.dev\/latruelledor\/wp-content\/uploads\/2023\/09\/Logo-La-Truelle-Dor.png\",\"width\":900,\"height\":295,\"caption\":\"La Truelle d&#039;or\"},\"image\":{\"@id\":\"https:\/\/publissoft.dev\/latruelledor\/#\/schema\/logo\/image\/\"}}]}<\/script>\n<!-- \/ Yoast SEO plugin. -->","yoast_head_json":{"title":"R\u00e9alisations | La Truelle D'or","description":"D\u00e9couvrez nos r\u00e9alisations, des projets solides pour divers secteurs d'activit\u00e9 : Industrie alimentaire, m\u00e9dicale, manufacturi\u00e8re et plus encore. Voir plus","robots":{"index":"noindex","follow":"follow","max-snippet":"max-snippet:-1","max-image-preview":"max-image-preview:large","max-video-preview":"max-video-preview:-1"},"og_locale":"fr_CA","og_type":"article","og_title":"R\u00e9alisations | La Truelle D'or","og_description":"D\u00e9couvrez nos r\u00e9alisations, des projets solides pour divers secteurs d'activit\u00e9 : Industrie alimentaire, m\u00e9dicale, manufacturi\u00e8re et plus encore. Voir plus","og_url":"https:\/\/publissoft.dev\/latruelledor\/nos-realisations\/","og_site_name":"La Truelle d&#039;or","article_modified_time":"2023-07-28T22:06:07+00:00","twitter_card":"summary_large_image","twitter_misc":{"Estimation du temps de lecture":"1 minute"},"schema":{"@context":"https:\/\/schema.org","@graph":[{"@type":"WebPage","@id":"https:\/\/publissoft.dev\/latruelledor\/nos-realisations\/","url":"https:\/\/publissoft.dev\/latruelledor\/nos-realisations\/","name":"R\u00e9alisations | La Truelle D'or","isPartOf":{"@id":"https:\/\/publissoft.dev\/latruelledor\/#website"},"datePublished":"2019-01-23T15:11:35+00:00","dateModified":"2023-07-28T22:06:07+00:00","description":"D\u00e9couvrez nos r\u00e9alisations, des projets solides pour divers secteurs d'activit\u00e9 : Industrie alimentaire, m\u00e9dicale, manufacturi\u00e8re et plus encore. Voir plus","breadcrumb":{"@id":"https:\/\/publissoft.dev\/latruelledor\/nos-realisations\/#breadcrumb"},"inLanguage":"fr-CA","potentialAction":[{"@type":"ReadAction","target":["https:\/\/publissoft.dev\/latruelledor\/nos-realisations\/"]}]},{"@type":"BreadcrumbList","@id":"https:\/\/publissoft.dev\/latruelledor\/nos-realisations\/#breadcrumb","itemListElement":[{"@type":"ListItem","position":1,"name":"Accueil","item":"https:\/\/publissoft.dev\/latruelledor\/"},{"@type":"ListItem","position":2,"name":"R\u00e9alisations"}]},{"@type":"WebSite","@id":"https:\/\/publissoft.dev\/latruelledor\/#website","url":"https:\/\/publissoft.dev\/latruelledor\/","name":"La Truelle d&#039;or","description":"","publisher":{"@id":"https:\/\/publissoft.dev\/latruelledor\/#organization"},"potentialAction":[{"@type":"SearchAction","target":{"@type":"EntryPoint","urlTemplate":"https:\/\/publissoft.dev\/latruelledor\/?s={search_term_string}"},"query-input":"required name=search_term_string"}],"inLanguage":"fr-CA"},{"@type":"Organization","@id":"https:\/\/publissoft.dev\/latruelledor\/#organization","name":"La Truelle d&#039;or","url":"https:\/\/publissoft.dev\/latruelledor\/","logo":{"@type":"ImageObject","inLanguage":"fr-CA","@id":"https:\/\/publissoft.dev\/latruelledor\/#\/schema\/logo\/image\/","url":"https:\/\/publissoft.dev\/latruelledor\/wp-content\/uploads\/2023\/09\/Logo-La-Truelle-Dor.png","contentUrl":"https:\/\/publissoft.dev\/latruelledor\/wp-content\/uploads\/2023\/09\/Logo-La-Truelle-Dor.png","width":900,"height":295,"caption":"La Truelle d&#039;or"},"image":{"@id":"https:\/\/publissoft.dev\/latruelledor\/#\/schema\/logo\/image\/"}}]}},"_links":{"self":[{"href":"https:\/\/publissoft.dev\/latruelledor\/wp-json\/wp\/v2\/pages\/218"}],"collection":[{"href":"https:\/\/publissoft.dev\/latruelledor\/wp-json\/wp\/v2\/pages"}],"about":[{"href":"https:\/\/publissoft.dev\/latruelledor\/wp-json\/wp\/v2\/types\/page"}],"author":[{"embeddable":true,"href":"https:\/\/publissoft.dev\/latruelledor\/wp-json\/wp\/v2\/users\/1"}],"replies":[{"embeddable":true,"href":"https:\/\/publissoft.dev\/latruelledor\/wp-json\/wp\/v2\/comments?post=218"}],"version-history":[{"count":84,"href":"https:\/\/publissoft.dev\/latruelledor\/wp-json\/wp\/v2\/pages\/218\/revisions"}],"predecessor-version":[{"id":4530,"href":"https:\/\/publissoft.dev\/latruelledor\/wp-json\/wp\/v2\/pages\/218\/revisions\/4530"}],"wp:attachment":[{"href":"https:\/\/publissoft.dev\/latruelledor\/wp-json\/wp\/v2\/media?parent=218"}],"curies":[{"name":"wp","href":"https:\/\/api.w.org\/{rel}","templated":true}]}}