{"id":272,"date":"2019-01-23T17:26:39","date_gmt":"2019-01-23T16:26:39","guid":{"rendered":"https:\/\/japcommunication.com\/latruelledor\/?page_id=272"},"modified":"2023-07-31T23:17:23","modified_gmt":"2023-07-31T23:17:23","slug":"contact","status":"publish","type":"page","link":"https:\/\/publissoft.dev\/latruelledor\/contact\/","title":{"rendered":"Contact"},"content":{"rendered":"\t\t<div data-elementor-type=\"wp-post\" data-elementor-id=\"272\" class=\"elementor elementor-272\" data-elementor-post-type=\"page\">\n\t\t\t\t\t\t\t<div class=\"elementor-element elementor-element-2b9c1fb e-con-full e-flex e-con e-parent\" data-id=\"2b9c1fb\" data-element_type=\"container\" data-settings=\"{&quot;content_width&quot;:&quot;full&quot;,&quot;background_background&quot;:&quot;classic&quot;}\" data-core-v316-plus=\"true\">\n\t\t\t\t<div class=\"elementor-element elementor-element-4257401 animated-slow page-title elementor-widget__width-initial elementor-invisible elementor-widget elementor-widget-heading\" data-id=\"4257401\" data-element_type=\"widget\" data-settings=\"{&quot;_animation&quot;:&quot;fadeIn&quot;}\" data-widget_type=\"heading.default\">\n\t\t\t\t<div class=\"elementor-widget-container\">\n\t\t\t<h1 class=\"elementor-heading-title elementor-size-default\">Faites confiance \u00e0 un entrepreneur sp\u00e9cialis\u00e9en finition de b\u00e9ton<\/h1>\t\t<\/div>\n\t\t\t\t<\/div>\n\t\t\t\t<\/div>\n\t\t<div class=\"elementor-element elementor-element-47020ba e-flex e-con-boxed e-con e-parent\" data-id=\"47020ba\" data-element_type=\"container\" data-settings=\"{&quot;content_width&quot;:&quot;boxed&quot;}\" data-core-v316-plus=\"true\">\n\t\t\t\t\t<div class=\"e-con-inner\">\n\t\t<div class=\"elementor-element elementor-element-865a2b4 e-flex e-con-boxed e-con e-child\" data-id=\"865a2b4\" data-element_type=\"container\" data-settings=\"{&quot;content_width&quot;:&quot;boxed&quot;}\">\n\t\t\t\t\t<div class=\"e-con-inner\">\n\t\t\t\t<div class=\"elementor-element elementor-element-92840bc rectangle_before elementor-widget elementor-widget-heading\" data-id=\"92840bc\" data-element_type=\"widget\" data-widget_type=\"heading.default\">\n\t\t\t\t<div class=\"elementor-widget-container\">\n\t\t\t<h2 class=\"elementor-heading-title elementor-size-default\">Vous avez des questions ?<\/h2>\t\t<\/div>\n\t\t\t\t<\/div>\n\t\t\t\t<div class=\"elementor-element elementor-element-5dfeeb6 animated-fast elementor-widget__width-initial elementor-invisible elementor-widget elementor-widget-text-editor\" data-id=\"5dfeeb6\" data-element_type=\"widget\" data-settings=\"{&quot;_animation&quot;:&quot;fadeInLeft&quot;,&quot;_animation_delay&quot;:1000}\" data-widget_type=\"text-editor.default\">\n\t\t\t\t<div class=\"elementor-widget-container\">\n\t\t\t\t\t\t\t<p>Pour une demande de soumission, veuillez cliquer ici. Pour toute autre information, veuillez nous laisser vos coordonn\u00e9es afin quenous entrions en contact avec vous.<\/p>\t\t\t\t\t\t<\/div>\n\t\t\t\t<\/div>\n\t\t<div class=\"elementor-element elementor-element-7330bb5 e-flex e-con-boxed e-con e-child\" data-id=\"7330bb5\" data-element_type=\"container\" data-settings=\"{&quot;content_width&quot;:&quot;boxed&quot;}\">\n\t\t\t\t\t<div class=\"e-con-inner\">\n\t\t<div class=\"elementor-element elementor-element-c9fa52c e-flex e-con-boxed e-con e-child\" data-id=\"c9fa52c\" data-element_type=\"container\" data-settings=\"{&quot;content_width&quot;:&quot;boxed&quot;}\">\n\t\t\t\t\t<div class=\"e-con-inner\">\n\t\t\t\t<div class=\"elementor-element elementor-element-7855143 elementor-widget elementor-widget-heading\" data-id=\"7855143\" data-element_type=\"widget\" data-widget_type=\"heading.default\">\n\t\t\t\t<div class=\"elementor-widget-container\">\n\t\t\t<div class=\"elementor-heading-title elementor-size-default\">La Truelle D'or inc.<\/div>\t\t<\/div>\n\t\t\t\t<\/div>\n\t\t\t\t<div class=\"elementor-element elementor-element-59d92b2 elementor-icon-list--layout-inline elementor-widget__width-initial elementor-list-item-link-full_width elementor-widget elementor-widget-icon-list\" data-id=\"59d92b2\" data-element_type=\"widget\" data-widget_type=\"icon-list.default\">\n\t\t\t\t<div class=\"elementor-widget-container\">\n\t\t\t\t\t<ul class=\"elementor-icon-list-items elementor-inline-items\">\n\t\t\t\t\t\t\t<li class=\"elementor-icon-list-item elementor-inline-item\">\n\t\t\t\t\t\t\t\t\t\t\t<span class=\"elementor-icon-list-icon\">\n\t\t\t\t\t\t\t<i aria-hidden=\"true\" class=\"fas fa-map-marker-alt\"><\/i>\t\t\t\t\t\t<\/span>\n\t\t\t\t\t\t\t\t\t\t<span class=\"elementor-icon-list-text\">69, Rue des Grands Lacs St-Augustin-de-DesmauresQC G3A 1T5<\/span>\n\t\t\t\t\t\t\t\t\t<\/li>\n\t\t\t\t\t\t<\/ul>\n\t\t\t\t<\/div>\n\t\t\t\t<\/div>\n\t\t\t\t<div class=\"elementor-element elementor-element-5a04099 elementor-icon-list--layout-inline elementor-list-item-link-full_width elementor-widget elementor-widget-icon-list\" data-id=\"5a04099\" data-element_type=\"widget\" data-widget_type=\"icon-list.default\">\n\t\t\t\t<div class=\"elementor-widget-container\">\n\t\t\t\t\t<ul class=\"elementor-icon-list-items elementor-inline-items\">\n\t\t\t\t\t\t\t<li class=\"elementor-icon-list-item elementor-inline-item\">\n\t\t\t\t\t\t\t\t\t\t\t<a href=\"tel:+14188701400\">\n\n\t\t\t\t\t\t\t\t\t\t\t\t<span class=\"elementor-icon-list-icon\">\n\t\t\t\t\t\t\t<i aria-hidden=\"true\" class=\"fas fa-phone-alt\"><\/i>\t\t\t\t\t\t<\/span>\n\t\t\t\t\t\t\t\t\t\t<span class=\"elementor-icon-list-text\">418-870-1400<\/span>\n\t\t\t\t\t\t\t\t\t\t\t<\/a>\n\t\t\t\t\t\t\t\t\t<\/li>\n\t\t\t\t\t\t<\/ul>\n\t\t\t\t<\/div>\n\t\t\t\t<\/div>\n\t\t\t\t<div class=\"elementor-element elementor-element-3368ecc elementor-icon-list--layout-inline elementor-list-item-link-full_width elementor-widget elementor-widget-icon-list\" data-id=\"3368ecc\" data-element_type=\"widget\" data-widget_type=\"icon-list.default\">\n\t\t\t\t<div class=\"elementor-widget-container\">\n\t\t\t\t\t<ul class=\"elementor-icon-list-items elementor-inline-items\">\n\t\t\t\t\t\t\t<li class=\"elementor-icon-list-item elementor-inline-item\">\n\t\t\t\t\t\t\t\t\t\t\t<a href=\"mailto:info@latruelledor.ca\">\n\n\t\t\t\t\t\t\t\t\t\t\t\t<span class=\"elementor-icon-list-icon\">\n\t\t\t\t\t\t\t<i aria-hidden=\"true\" class=\"fas fa-envelope\"><\/i>\t\t\t\t\t\t<\/span>\n\t\t\t\t\t\t\t\t\t\t<span class=\"elementor-icon-list-text\">info@latruelledor.ca<\/span>\n\t\t\t\t\t\t\t\t\t\t\t<\/a>\n\t\t\t\t\t\t\t\t\t<\/li>\n\t\t\t\t\t\t<\/ul>\n\t\t\t\t<\/div>\n\t\t\t\t<\/div>\n\t\t\t\t<div class=\"elementor-element elementor-element-b464c54 elementor-icon-list--layout-inline elementor-list-item-link-full_width elementor-widget elementor-widget-icon-list\" data-id=\"b464c54\" data-element_type=\"widget\" data-widget_type=\"icon-list.default\">\n\t\t\t\t<div class=\"elementor-widget-container\">\n\t\t\t\t\t<ul class=\"elementor-icon-list-items elementor-inline-items\">\n\t\t\t\t\t\t\t<li class=\"elementor-icon-list-item elementor-inline-item\">\n\t\t\t\t\t\t\t\t\t\t<span class=\"elementor-icon-list-text\">RBQ: 8273-8733-41<\/span>\n\t\t\t\t\t\t\t\t\t<\/li>\n\t\t\t\t\t\t<\/ul>\n\t\t\t\t<\/div>\n\t\t\t\t<\/div>\n\t\t\t\t\t<\/div>\n\t\t\t\t<\/div>\n\t\t<div class=\"elementor-element elementor-element-92b16ad e-flex e-con-boxed e-con e-child\" data-id=\"92b16ad\" data-element_type=\"container\" data-settings=\"{&quot;content_width&quot;:&quot;boxed&quot;}\">\n\t\t\t\t\t<div class=\"e-con-inner\">\n\t\t\t\t<div class=\"elementor-element elementor-element-d9fefb5 elementor-widget elementor-widget-heading\" data-id=\"d9fefb5\" data-element_type=\"widget\" data-widget_type=\"heading.default\">\n\t\t\t\t<div class=\"elementor-widget-container\">\n\t\t\t<div class=\"elementor-heading-title elementor-size-default\">Heures d\u2019ouverture<\/div>\t\t<\/div>\n\t\t\t\t<\/div>\n\t\t\t\t<div class=\"elementor-element elementor-element-f8f5e96 elementor-icon-list--layout-inline elementor-list-item-link-full_width elementor-widget elementor-widget-icon-list\" data-id=\"f8f5e96\" data-element_type=\"widget\" data-widget_type=\"icon-list.default\">\n\t\t\t\t<div class=\"elementor-widget-container\">\n\t\t\t\t\t<ul class=\"elementor-icon-list-items elementor-inline-items\">\n\t\t\t\t\t\t\t<li class=\"elementor-icon-list-item elementor-inline-item\">\n\t\t\t\t\t\t\t\t\t\t\t<span class=\"elementor-icon-list-icon\">\n\t\t\t\t\t\t\t<i aria-hidden=\"true\" class=\"fas fa-clock\"><\/i>\t\t\t\t\t\t<\/span>\n\t\t\t\t\t\t\t\t\t\t<span class=\"elementor-icon-list-text\">Lundi au vendredi: 8h00 \u00e0 16h30<\/span>\n\t\t\t\t\t\t\t\t\t<\/li>\n\t\t\t\t\t\t<\/ul>\n\t\t\t\t<\/div>\n\t\t\t\t<\/div>\n\t\t\t\t<div class=\"elementor-element elementor-element-e1b2446 elementor-icon-list--layout-inline elementor-list-item-link-full_width elementor-widget elementor-widget-icon-list\" data-id=\"e1b2446\" data-element_type=\"widget\" data-widget_type=\"icon-list.default\">\n\t\t\t\t<div class=\"elementor-widget-container\">\n\t\t\t\t\t<ul class=\"elementor-icon-list-items elementor-inline-items\">\n\t\t\t\t\t\t\t<li class=\"elementor-icon-list-item elementor-inline-item\">\n\t\t\t\t\t\t\t\t\t\t<span class=\"elementor-icon-list-text\">Samedi et dimanche: Ferm\u00e9<\/span>\n\t\t\t\t\t\t\t\t\t<\/li>\n\t\t\t\t\t\t<\/ul>\n\t\t\t\t<\/div>\n\t\t\t\t<\/div>\n\t\t\t\t\t<\/div>\n\t\t\t\t<\/div>\n\t\t\t\t\t<\/div>\n\t\t\t\t<\/div>\n\t\t\t\t\t<\/div>\n\t\t\t\t<\/div>\n\t\t<div class=\"elementor-element elementor-element-1f203ce e-flex e-con-boxed e-con e-child\" data-id=\"1f203ce\" data-element_type=\"container\" data-settings=\"{&quot;content_width&quot;:&quot;boxed&quot;}\">\n\t\t\t\t\t<div class=\"e-con-inner\">\n\t\t\t\t<div class=\"elementor-element elementor-element-4e5eecf elementor-widget elementor-widget-shortcode\" data-id=\"4e5eecf\" data-element_type=\"widget\" data-widget_type=\"shortcode.default\">\n\t\t\t\t<div class=\"elementor-widget-container\">\n\t\t\t\t\t<div class=\"elementor-shortcode\">\n<div class=\"wpcf7 no-js\" id=\"wpcf7-f3666-o1\" lang=\"fr-CA\" dir=\"ltr\">\n<div class=\"screen-reader-response\"><p role=\"status\" aria-live=\"polite\" aria-atomic=\"true\"><\/p> <ul><\/ul><\/div>\n<form action=\"\/latruelledor\/wp-json\/wp\/v2\/pages\/272#wpcf7-f3666-o1\" method=\"post\" class=\"wpcf7-form init\" aria-label=\"Contact form\" novalidate=\"novalidate\" data-status=\"init\">\n<div style=\"display: none;\">\n<input type=\"hidden\" name=\"_wpcf7\" value=\"3666\" \/>\n<input type=\"hidden\" name=\"_wpcf7_version\" value=\"5.8\" \/>\n<input type=\"hidden\" name=\"_wpcf7_locale\" value=\"fr_CA\" \/>\n<input type=\"hidden\" name=\"_wpcf7_unit_tag\" value=\"wpcf7-f3666-o1\" \/>\n<input type=\"hidden\" name=\"_wpcf7_container_post\" value=\"0\" \/>\n<input type=\"hidden\" name=\"_wpcf7_posted_data_hash\" value=\"\" \/>\n<\/div>\n<div class=\"form-file-container\">\n\t<p>Nom complet*<br \/>\n<span class=\"wpcf7-form-control-wrap\" data-name=\"your-name\"><input size=\"40\" class=\"wpcf7-form-control wpcf7-text wpcf7-validates-as-required\" aria-required=\"true\" aria-invalid=\"false\" value=\"\" type=\"text\" name=\"your-name\" \/><\/span>\n\t<\/p>\n<\/div>\n<div class=\"form-file-container\">\n\t<p>T\u00e9l\u00e9phone*<br \/>\n<span class=\"wpcf7-form-control-wrap\" data-name=\"your-tel\"><input size=\"40\" class=\"wpcf7-form-control wpcf7-tel wpcf7-validates-as-required wpcf7-text wpcf7-validates-as-tel\" aria-required=\"true\" aria-invalid=\"false\" value=\"\" type=\"tel\" name=\"your-tel\" \/><\/span>\n\t<\/p>\n<\/div>\n<div class=\"form-file-container\">\n\t<p>Courriel*<br \/>\n<span class=\"wpcf7-form-control-wrap\" data-name=\"your-email\"><input size=\"40\" class=\"wpcf7-form-control wpcf7-email wpcf7-validates-as-required wpcf7-text wpcf7-validates-as-email\" aria-required=\"true\" aria-invalid=\"false\" value=\"\" type=\"email\" name=\"your-email\" \/><\/span>\n\t<\/p>\n<\/div>\n<div class=\"form-file-container\">\n\t<p>Message<br \/>\n<span class=\"wpcf7-form-control-wrap\" data-name=\"your-message\"><textarea cols=\"40\" rows=\"10\" class=\"wpcf7-form-control wpcf7-textarea\" aria-invalid=\"false\" name=\"your-message\"><\/textarea><\/span>\n\t<\/p>\n<\/div>\n<div class=\"form-file-container\">\n\t<p><span class=\"wpcf7-form-control-wrap\" data-name=\"your-acceptance\"><span class=\"wpcf7-form-control wpcf7-acceptance\"><span class=\"wpcf7-list-item\"><label><input type=\"checkbox\" name=\"your-acceptance\" value=\"1\" aria-invalid=\"false\" \/><span class=\"wpcf7-list-item-label\">Je reconnais avoir pris connaissance de la politique de confidentialit\u00e9 du site et j'autorise le traitement de mes donn\u00e9es personnelles.<\/span><\/label><\/span><\/span><\/span>\n\t<\/p>\n<\/div>\n<div class=\"form-btn-container\">\n\t<p><input class=\"wpcf7-form-control wpcf7-submit has-spinner\" type=\"submit\" value=\"Envoyer\" \/>\n\t<\/p>\n<\/div><input type=\"hidden\" id=\"ct_checkjs_cf7_093f65e080a295f8076b1c5722a46aa2\" name=\"ct_checkjs_cf7\" value=\"0\" \/><script >setTimeout(function(){var ct_input_name = \"ct_checkjs_cf7_093f65e080a295f8076b1c5722a46aa2\";if (document.getElementById(ct_input_name) !== null) {var ct_input_value = document.getElementById(ct_input_name).value;document.getElementById(ct_input_name).value = document.getElementById(ct_input_name).value.replace(ct_input_value, '744130833');}}, 1000);<\/script><label class=\"apbct_special_field\" id=\"apbct_label_id80840\" for=\"apbct__email_id__wp_contact_form_7_80840\">80840<\/label><input \n        id=\"apbct__email_id__wp_contact_form_7_80840\" \n        class=\"apbct_special_field apbct__email_id__wp_contact_form_7\"\n        autocomplete=\"off\" \n        name=\"apbct__email_id__wp_contact_form_7_80840\"  \n        type=\"text\" \n        value=\"80840\" \n        size=\"30\" \n        apbct_event_id=\"80840\"\n        maxlength=\"200\" \n    \/><input \n        id=\"apbct_event_id\"\n        class=\"apbct_special_field\"\n        name=\"apbct_event_id\"\n        type=\"hidden\" \n        value=\"80840\" \n            \/><div class=\"wpcf7-response-output\" aria-hidden=\"true\"><\/div>\n<\/form>\n<\/div>\n<\/div>\n\t\t\t\t<\/div>\n\t\t\t\t<\/div>\n\t\t\t\t\t<\/div>\n\t\t\t\t<\/div>\n\t\t\t\t\t<\/div>\n\t\t\t\t<\/div>\n\t\t<div class=\"elementor-element elementor-element-80e54d0 e-flex e-con-boxed e-con e-parent\" data-id=\"80e54d0\" data-element_type=\"container\" data-settings=\"{&quot;content_width&quot;:&quot;boxed&quot;}\" data-core-v316-plus=\"true\">\n\t\t\t\t\t<div class=\"e-con-inner\">\n\t\t\t\t<div class=\"elementor-element elementor-element-4c181c5 elementor-widget elementor-widget-google_maps\" data-id=\"4c181c5\" data-element_type=\"widget\" data-widget_type=\"google_maps.default\">\n\t\t\t\t<div class=\"elementor-widget-container\">\n\t\t\t\t\t<div class=\"elementor-custom-embed\">\n\t\t\t<iframe loading=\"lazy\"\n\t\t\t\t\tsrc=\"https:\/\/maps.google.com\/maps?q=la%20truelle%20d%27or&#038;t=m&#038;z=12&#038;output=embed&#038;iwloc=near\"\n\t\t\t\t\ttitle=\"la truelle d&#039;or\"\n\t\t\t\t\taria-label=\"la truelle d&#039;or\"\n\t\t\t><\/iframe>\n\t\t<\/div>\n\t\t\t\t<\/div>\n\t\t\t\t<\/div>\n\t\t\t\t\t<\/div>\n\t\t\t\t<\/div>\n\t\t\t\t\t\t\t<\/div>\n\t\t","protected":false},"excerpt":{"rendered":"<p>Faites confiance \u00e0 un entrepreneur sp\u00e9cialis\u00e9en finition de b\u00e9ton Vous avez des questions ? Pour une demande de soumission, veuillez cliquer ici. Pour toute autre information, veuillez nous laisser vos coordonn\u00e9es afin quenous entrions en contact avec vous. La Truelle D&rsquo;or inc. 69, Rue des Grands Lacs St-Augustin-de-DesmauresQC G3A 1T5 418-870-1400 info@latruelledor.ca RBQ: 8273-8733-41 Heures &hellip;<\/p>\n<p class=\"read-more\"> <a class=\"\" href=\"https:\/\/publissoft.dev\/latruelledor\/contact\/\"> <span class=\"screen-reader-text\">Contact<\/span> Lire la suite\u00a0\u00bb<\/a><\/p>\n","protected":false},"author":1,"featured_media":0,"parent":0,"menu_order":0,"comment_status":"closed","ping_status":"closed","template":"elementor_header_footer","meta":{"site-sidebar-layout":"default","site-content-layout":"","ast-site-content-layout":"","site-content-style":"default","site-sidebar-style":"default","ast-global-header-display":"","ast-banner-title-visibility":"","ast-main-header-display":"","ast-hfb-above-header-display":"","ast-hfb-below-header-display":"","ast-hfb-mobile-header-display":"","site-post-title":"","ast-breadcrumbs-content":"","ast-featured-img":"","footer-sml-layout":"","theme-transparent-header-meta":"","adv-header-id-meta":"","stick-header-meta":"","header-above-stick-meta":"","header-main-stick-meta":"","header-below-stick-meta":"","astra-migrate-meta-layouts":"","footnotes":""},"yoast_head":"<!-- This site is optimized with the Yoast SEO plugin v21.2 - https:\/\/yoast.com\/wordpress\/plugins\/seo\/ -->\n<title>Contactez-nous | La Truelle D&#039;or<\/title>\n<meta name=\"description\" content=\"Faites confiance \u00e0 un entrepreneur sp\u00e9cialis\u00e9 en finition de b\u00e9ton. Un service et des produits novateurs de premi\u00e8re qualit\u00e9. Contactez-nous en cliquant ici\" \/>\n<meta name=\"robots\" content=\"noindex, follow, max-snippet:-1, max-image-preview:large, max-video-preview:-1\" \/>\n<meta property=\"og:locale\" content=\"fr_CA\" \/>\n<meta property=\"og:type\" content=\"article\" \/>\n<meta property=\"og:title\" content=\"Contactez-nous | La Truelle D&#039;or\" \/>\n<meta property=\"og:description\" content=\"Faites confiance \u00e0 un entrepreneur sp\u00e9cialis\u00e9 en finition de b\u00e9ton. Un service et des produits novateurs de premi\u00e8re qualit\u00e9. Contactez-nous en cliquant ici\" \/>\n<meta property=\"og:url\" content=\"https:\/\/publissoft.dev\/latruelledor\/contact\/\" \/>\n<meta property=\"og:site_name\" content=\"La Truelle d&#039;or\" \/>\n<meta property=\"article:modified_time\" content=\"2023-07-31T23:17:23+00:00\" \/>\n<meta name=\"twitter:card\" content=\"summary_large_image\" \/>\n<meta name=\"twitter:label1\" content=\"Estimation du temps de lecture\" \/>\n\t<meta name=\"twitter:data1\" content=\"1 minute\" \/>\n<script type=\"application\/ld+json\" class=\"yoast-schema-graph\">{\"@context\":\"https:\/\/schema.org\",\"@graph\":[{\"@type\":\"WebPage\",\"@id\":\"https:\/\/publissoft.dev\/latruelledor\/contact\/\",\"url\":\"https:\/\/publissoft.dev\/latruelledor\/contact\/\",\"name\":\"Contactez-nous | La Truelle D'or\",\"isPartOf\":{\"@id\":\"https:\/\/publissoft.dev\/latruelledor\/#website\"},\"datePublished\":\"2019-01-23T16:26:39+00:00\",\"dateModified\":\"2023-07-31T23:17:23+00:00\",\"description\":\"Faites confiance \u00e0 un entrepreneur sp\u00e9cialis\u00e9 en finition de b\u00e9ton. Un service et des produits novateurs de premi\u00e8re qualit\u00e9. Contactez-nous en cliquant ici\",\"breadcrumb\":{\"@id\":\"https:\/\/publissoft.dev\/latruelledor\/contact\/#breadcrumb\"},\"inLanguage\":\"fr-CA\",\"potentialAction\":[{\"@type\":\"ReadAction\",\"target\":[\"https:\/\/publissoft.dev\/latruelledor\/contact\/\"]}]},{\"@type\":\"BreadcrumbList\",\"@id\":\"https:\/\/publissoft.dev\/latruelledor\/contact\/#breadcrumb\",\"itemListElement\":[{\"@type\":\"ListItem\",\"position\":1,\"name\":\"Accueil\",\"item\":\"https:\/\/publissoft.dev\/latruelledor\/\"},{\"@type\":\"ListItem\",\"position\":2,\"name\":\"Contact\"}]},{\"@type\":\"WebSite\",\"@id\":\"https:\/\/publissoft.dev\/latruelledor\/#website\",\"url\":\"https:\/\/publissoft.dev\/latruelledor\/\",\"name\":\"La Truelle d&#039;or\",\"description\":\"\",\"publisher\":{\"@id\":\"https:\/\/publissoft.dev\/latruelledor\/#organization\"},\"potentialAction\":[{\"@type\":\"SearchAction\",\"target\":{\"@type\":\"EntryPoint\",\"urlTemplate\":\"https:\/\/publissoft.dev\/latruelledor\/?s={search_term_string}\"},\"query-input\":\"required name=search_term_string\"}],\"inLanguage\":\"fr-CA\"},{\"@type\":\"Organization\",\"@id\":\"https:\/\/publissoft.dev\/latruelledor\/#organization\",\"name\":\"La Truelle d&#039;or\",\"url\":\"https:\/\/publissoft.dev\/latruelledor\/\",\"logo\":{\"@type\":\"ImageObject\",\"inLanguage\":\"fr-CA\",\"@id\":\"https:\/\/publissoft.dev\/latruelledor\/#\/schema\/logo\/image\/\",\"url\":\"https:\/\/publissoft.dev\/latruelledor\/wp-content\/uploads\/2023\/09\/Logo-La-Truelle-Dor.png\",\"contentUrl\":\"https:\/\/publissoft.dev\/latruelledor\/wp-content\/uploads\/2023\/09\/Logo-La-Truelle-Dor.png\",\"width\":900,\"height\":295,\"caption\":\"La Truelle d&#039;or\"},\"image\":{\"@id\":\"https:\/\/publissoft.dev\/latruelledor\/#\/schema\/logo\/image\/\"}}]}<\/script>\n<!-- \/ Yoast SEO plugin. -->","yoast_head_json":{"title":"Contactez-nous | La Truelle D'or","description":"Faites confiance \u00e0 un entrepreneur sp\u00e9cialis\u00e9 en finition de b\u00e9ton. Un service et des produits novateurs de premi\u00e8re qualit\u00e9. Contactez-nous en cliquant ici","robots":{"index":"noindex","follow":"follow","max-snippet":"max-snippet:-1","max-image-preview":"max-image-preview:large","max-video-preview":"max-video-preview:-1"},"og_locale":"fr_CA","og_type":"article","og_title":"Contactez-nous | La Truelle D'or","og_description":"Faites confiance \u00e0 un entrepreneur sp\u00e9cialis\u00e9 en finition de b\u00e9ton. Un service et des produits novateurs de premi\u00e8re qualit\u00e9. Contactez-nous en cliquant ici","og_url":"https:\/\/publissoft.dev\/latruelledor\/contact\/","og_site_name":"La Truelle d&#039;or","article_modified_time":"2023-07-31T23:17:23+00:00","twitter_card":"summary_large_image","twitter_misc":{"Estimation du temps de lecture":"1 minute"},"schema":{"@context":"https:\/\/schema.org","@graph":[{"@type":"WebPage","@id":"https:\/\/publissoft.dev\/latruelledor\/contact\/","url":"https:\/\/publissoft.dev\/latruelledor\/contact\/","name":"Contactez-nous | La Truelle D'or","isPartOf":{"@id":"https:\/\/publissoft.dev\/latruelledor\/#website"},"datePublished":"2019-01-23T16:26:39+00:00","dateModified":"2023-07-31T23:17:23+00:00","description":"Faites confiance \u00e0 un entrepreneur sp\u00e9cialis\u00e9 en finition de b\u00e9ton. Un service et des produits novateurs de premi\u00e8re qualit\u00e9. Contactez-nous en cliquant ici","breadcrumb":{"@id":"https:\/\/publissoft.dev\/latruelledor\/contact\/#breadcrumb"},"inLanguage":"fr-CA","potentialAction":[{"@type":"ReadAction","target":["https:\/\/publissoft.dev\/latruelledor\/contact\/"]}]},{"@type":"BreadcrumbList","@id":"https:\/\/publissoft.dev\/latruelledor\/contact\/#breadcrumb","itemListElement":[{"@type":"ListItem","position":1,"name":"Accueil","item":"https:\/\/publissoft.dev\/latruelledor\/"},{"@type":"ListItem","position":2,"name":"Contact"}]},{"@type":"WebSite","@id":"https:\/\/publissoft.dev\/latruelledor\/#website","url":"https:\/\/publissoft.dev\/latruelledor\/","name":"La Truelle d&#039;or","description":"","publisher":{"@id":"https:\/\/publissoft.dev\/latruelledor\/#organization"},"potentialAction":[{"@type":"SearchAction","target":{"@type":"EntryPoint","urlTemplate":"https:\/\/publissoft.dev\/latruelledor\/?s={search_term_string}"},"query-input":"required name=search_term_string"}],"inLanguage":"fr-CA"},{"@type":"Organization","@id":"https:\/\/publissoft.dev\/latruelledor\/#organization","name":"La Truelle d&#039;or","url":"https:\/\/publissoft.dev\/latruelledor\/","logo":{"@type":"ImageObject","inLanguage":"fr-CA","@id":"https:\/\/publissoft.dev\/latruelledor\/#\/schema\/logo\/image\/","url":"https:\/\/publissoft.dev\/latruelledor\/wp-content\/uploads\/2023\/09\/Logo-La-Truelle-Dor.png","contentUrl":"https:\/\/publissoft.dev\/latruelledor\/wp-content\/uploads\/2023\/09\/Logo-La-Truelle-Dor.png","width":900,"height":295,"caption":"La Truelle d&#039;or"},"image":{"@id":"https:\/\/publissoft.dev\/latruelledor\/#\/schema\/logo\/image\/"}}]}},"_links":{"self":[{"href":"https:\/\/publissoft.dev\/latruelledor\/wp-json\/wp\/v2\/pages\/272"}],"collection":[{"href":"https:\/\/publissoft.dev\/latruelledor\/wp-json\/wp\/v2\/pages"}],"about":[{"href":"https:\/\/publissoft.dev\/latruelledor\/wp-json\/wp\/v2\/types\/page"}],"author":[{"embeddable":true,"href":"https:\/\/publissoft.dev\/latruelledor\/wp-json\/wp\/v2\/users\/1"}],"replies":[{"embeddable":true,"href":"https:\/\/publissoft.dev\/latruelledor\/wp-json\/wp\/v2\/comments?post=272"}],"version-history":[{"count":88,"href":"https:\/\/publissoft.dev\/latruelledor\/wp-json\/wp\/v2\/pages\/272\/revisions"}],"predecessor-version":[{"id":4563,"href":"https:\/\/publissoft.dev\/latruelledor\/wp-json\/wp\/v2\/pages\/272\/revisions\/4563"}],"wp:attachment":[{"href":"https:\/\/publissoft.dev\/latruelledor\/wp-json\/wp\/v2\/media?parent=272"}],"curies":[{"name":"wp","href":"https:\/\/api.w.org\/{rel}","templated":true}]}}