{"id":301,"date":"2019-01-23T20:24:03","date_gmt":"2019-01-23T20:24:03","guid":{"rendered":"https:\/\/japcommunication.com\/latruelledor\/?page_id=301"},"modified":"2023-07-31T22:58:54","modified_gmt":"2023-07-31T22:58:54","slug":"emploi","status":"publish","type":"page","link":"https:\/\/publissoft.dev\/latruelledor\/emploi\/","title":{"rendered":"Emploi"},"content":{"rendered":"\t\t<div data-elementor-type=\"wp-post\" data-elementor-id=\"301\" class=\"elementor elementor-301\" data-elementor-post-type=\"page\">\n\t\t\t\t\t\t\t<div class=\"elementor-element elementor-element-471f29e e-flex e-con-boxed e-con e-parent\" data-id=\"471f29e\" data-element_type=\"container\" data-settings=\"{&quot;content_width&quot;:&quot;boxed&quot;}\" data-core-v316-plus=\"true\">\n\t\t\t\t\t<div class=\"e-con-inner\">\n\t\t<div class=\"elementor-element elementor-element-e75004e e-con-full e-flex e-con e-child\" data-id=\"e75004e\" data-element_type=\"container\" data-settings=\"{&quot;content_width&quot;:&quot;full&quot;}\">\n\t\t\t\t<div class=\"elementor-element elementor-element-8ec6d66 elementor-widget elementor-widget-image\" data-id=\"8ec6d66\" data-element_type=\"widget\" data-widget_type=\"image.default\">\n\t\t\t\t<div class=\"elementor-widget-container\">\n\t\t\t\t\t\t\t\t\t\t\t\t\t\t\t<img decoding=\"async\" loading=\"lazy\" width=\"693\" height=\"582\" src=\"https:\/\/publissoft.dev\/latruelledor\/wp-content\/uploads\/2023\/07\/Emploi-La-Truelle.webp\" class=\"attachment-large size-large wp-image-4125\" alt=\"Emploi La Truelle\" srcset=\"https:\/\/publissoft.dev\/latruelledor\/wp-content\/uploads\/2023\/07\/Emploi-La-Truelle.webp 693w, https:\/\/publissoft.dev\/latruelledor\/wp-content\/uploads\/2023\/07\/Emploi-La-Truelle-300x252.webp 300w\" sizes=\"(max-width: 693px) 100vw, 693px\" \/>\t\t\t\t\t\t\t\t\t\t\t\t\t\t\t<\/div>\n\t\t\t\t<\/div>\n\t\t\t\t<\/div>\n\t\t<div class=\"elementor-element elementor-element-171f664 e-con-full e-flex e-con e-child\" data-id=\"171f664\" data-element_type=\"container\" data-settings=\"{&quot;content_width&quot;:&quot;full&quot;}\">\n\t\t\t\t<div class=\"elementor-element elementor-element-33a0245 elementor-widget__width-initial elementor-widget elementor-widget-heading\" data-id=\"33a0245\" data-element_type=\"widget\" data-widget_type=\"heading.default\">\n\t\t\t\t<div class=\"elementor-widget-container\">\n\t\t\t<h1 class=\"elementor-heading-title elementor-size-default\">\u00c0 la recherche d'un emploi au sein d'une \u00e9quipe dynamique ?<\/h1>\t\t<\/div>\n\t\t\t\t<\/div>\n\t\t<div class=\"elementor-element elementor-element-826b3df e-flex e-con-boxed e-con e-child\" data-id=\"826b3df\" data-element_type=\"container\" data-settings=\"{&quot;content_width&quot;:&quot;boxed&quot;}\">\n\t\t\t\t\t<div class=\"e-con-inner\">\n\t\t\t\t<div class=\"elementor-element elementor-element-1d02934 elementor-widget__width-initial elementor-widget elementor-widget-heading\" data-id=\"1d02934\" data-element_type=\"widget\" data-widget_type=\"heading.default\">\n\t\t\t\t<div class=\"elementor-widget-container\">\n\t\t\t<h2 class=\"elementor-heading-title elementor-size-default\">Pour un poste administratif, de cimentier applicateur, de manoeuvre ou autre, laissez-nous votre candidature !<\/h2>\t\t<\/div>\n\t\t\t\t<\/div>\n\t\t\t\t<div class=\"elementor-element elementor-element-95e1131 elementor-widget elementor-widget-shortcode\" data-id=\"95e1131\" data-element_type=\"widget\" data-widget_type=\"shortcode.default\">\n\t\t\t\t<div class=\"elementor-widget-container\">\n\t\t\t\t\t<div class=\"elementor-shortcode\">\n<div class=\"wpcf7 no-js\" id=\"wpcf7-f4132-o1\" lang=\"fr-CA\" dir=\"ltr\">\n<div class=\"screen-reader-response\"><p role=\"status\" aria-live=\"polite\" aria-atomic=\"true\"><\/p> <ul><\/ul><\/div>\n<form action=\"\/latruelledor\/wp-json\/wp\/v2\/pages\/301#wpcf7-f4132-o1\" method=\"post\" class=\"wpcf7-form init\" aria-label=\"Contact form\" enctype=\"multipart\/form-data\" novalidate=\"novalidate\" data-status=\"init\">\n<div style=\"display: none;\">\n<input type=\"hidden\" name=\"_wpcf7\" value=\"4132\" \/>\n<input type=\"hidden\" name=\"_wpcf7_version\" value=\"5.8\" \/>\n<input type=\"hidden\" name=\"_wpcf7_locale\" value=\"fr_CA\" \/>\n<input type=\"hidden\" name=\"_wpcf7_unit_tag\" value=\"wpcf7-f4132-o1\" \/>\n<input type=\"hidden\" name=\"_wpcf7_container_post\" value=\"0\" \/>\n<input type=\"hidden\" name=\"_wpcf7_posted_data_hash\" value=\"\" \/>\n<\/div>\n<div class=\"form-file-container\">\n\t<p>Nom complet*<br \/>\n<span class=\"wpcf7-form-control-wrap\" data-name=\"your-name\"><input size=\"40\" class=\"wpcf7-form-control wpcf7-text wpcf7-validates-as-required\" aria-required=\"true\" aria-invalid=\"false\" value=\"\" type=\"text\" name=\"your-name\" \/><\/span>\n\t<\/p>\n<\/div>\n<div class=\"form-file-container form-vertical-list\">\n\t<p>Vous pr\u00e9f\u00e9rez \u00eatre contact\u00e9 par:<br \/>\n<span class=\"wpcf7-form-control-wrap\" data-name=\"vous-preferez\"><span class=\"wpcf7-form-control wpcf7-checkbox\"><span class=\"wpcf7-list-item first\"><input type=\"checkbox\" name=\"vous-preferez[]\" value=\"Administration\" \/><span class=\"wpcf7-list-item-label\">Administration<\/span><\/span><span class=\"wpcf7-list-item\"><input type=\"checkbox\" name=\"vous-preferez[]\" value=\"Cimentier applicateur (apprenti 1)\" \/><span class=\"wpcf7-list-item-label\">Cimentier applicateur (apprenti 1)<\/span><\/span><span class=\"wpcf7-list-item\"><input type=\"checkbox\" name=\"vous-preferez[]\" value=\"Cimentier applicateur (apprenti 2)\" \/><span class=\"wpcf7-list-item-label\">Cimentier applicateur (apprenti 2)<\/span><\/span><span class=\"wpcf7-list-item\"><input type=\"checkbox\" name=\"vous-preferez[]\" value=\"Cimentier applicateur (compagnon)\" \/><span class=\"wpcf7-list-item-label\">Cimentier applicateur (compagnon)<\/span><\/span><span class=\"wpcf7-list-item\"><input type=\"checkbox\" name=\"vous-preferez[]\" value=\"Manoeuvre\" \/><span class=\"wpcf7-list-item-label\">Manoeuvre<\/span><\/span><span class=\"wpcf7-list-item\"><input type=\"checkbox\" name=\"vous-preferez[]\" value=\"Manoeuvre sp\u00e9cialis\u00e9\" \/><span class=\"wpcf7-list-item-label\">Manoeuvre sp\u00e9cialis\u00e9<\/span><\/span><span class=\"wpcf7-list-item last\"><input type=\"checkbox\" name=\"vous-preferez[]\" value=\"Autres\" \/><span class=\"wpcf7-list-item-label\">Autres<\/span><\/span><\/span><\/span>\n\t<\/p>\n<\/div>\n<div class=\"form-file-container\">\n\t<p>T\u00e9l\u00e9phone*<br \/>\n<span class=\"wpcf7-form-control-wrap\" data-name=\"your-tel\"><input size=\"40\" class=\"wpcf7-form-control wpcf7-tel wpcf7-validates-as-required wpcf7-text wpcf7-validates-as-tel\" aria-required=\"true\" aria-invalid=\"false\" value=\"\" type=\"tel\" name=\"your-tel\" \/><\/span>\n\t<\/p>\n<\/div>\n<div class=\"form-file-container\">\n\t<p>Courriel*<br \/>\n<span class=\"wpcf7-form-control-wrap\" data-name=\"your-email\"><input size=\"40\" class=\"wpcf7-form-control wpcf7-email wpcf7-validates-as-required wpcf7-text wpcf7-validates-as-email\" aria-required=\"true\" aria-invalid=\"false\" value=\"\" type=\"email\" name=\"your-email\" \/><\/span>\n\t<\/p>\n<\/div>\n<div class=\"form-file-container\">\n\t<p>Joindre un plan<br \/>\n<span class=\"wpcf7-form-control-wrap\" data-name=\"your-file-media\"><input size=\"40\" class=\"wpcf7-form-control wpcf7-file\" accept=\".pdf,.doc,.docx,.txt\" aria-invalid=\"false\" type=\"file\" name=\"your-file-media\" \/><\/span>\n\t<\/p>\n<\/div>\n<div class=\"form-btn-container center\">\n\t<p><input class=\"wpcf7-form-control wpcf7-submit has-spinner\" type=\"submit\" value=\"Obtenir une soumission\" \/>\n\t<\/p>\n<\/div><input type=\"hidden\" id=\"ct_checkjs_cf7_2dea61eed4bceec564a00115c4d21334\" name=\"ct_checkjs_cf7\" value=\"0\" \/><script >setTimeout(function(){var ct_input_name = \"ct_checkjs_cf7_2dea61eed4bceec564a00115c4d21334\";if (document.getElementById(ct_input_name) !== null) {var ct_input_value = document.getElementById(ct_input_name).value;document.getElementById(ct_input_name).value = document.getElementById(ct_input_name).value.replace(ct_input_value, '744130833');}}, 1000);<\/script><label class=\"apbct_special_field\" id=\"apbct_label_id46016\" for=\"apbct__email_id__wp_contact_form_7_46016\">46016<\/label><input \n        id=\"apbct__email_id__wp_contact_form_7_46016\" \n        class=\"apbct_special_field apbct__email_id__wp_contact_form_7\"\n        autocomplete=\"off\" \n        name=\"apbct__email_id__wp_contact_form_7_46016\"  \n        type=\"text\" \n        value=\"46016\" \n        size=\"30\" \n        apbct_event_id=\"46016\"\n        maxlength=\"200\" \n    \/><input \n        id=\"apbct_event_id\"\n        class=\"apbct_special_field\"\n        name=\"apbct_event_id\"\n        type=\"hidden\" \n        value=\"46016\" \n            \/><div class=\"wpcf7-response-output\" aria-hidden=\"true\"><\/div>\n<\/form>\n<\/div>\n<\/div>\n\t\t\t\t<\/div>\n\t\t\t\t<\/div>\n\t\t\t\t\t<\/div>\n\t\t\t\t<\/div>\n\t\t\t\t<\/div>\n\t\t\t\t\t<\/div>\n\t\t\t\t<\/div>\n\t\t\t\t\t\t\t<\/div>\n\t\t","protected":false},"excerpt":{"rendered":"<p>\u00c0 la recherche d&rsquo;un emploi au sein d&rsquo;une \u00e9quipe dynamique ? Pour un poste administratif, de cimentier applicateur, de manoeuvre ou autre, laissez-nous votre candidature !<\/p>\n","protected":false},"author":1,"featured_media":0,"parent":0,"menu_order":0,"comment_status":"closed","ping_status":"closed","template":"elementor_header_footer","meta":{"site-sidebar-layout":"default","site-content-layout":"","ast-site-content-layout":"","site-content-style":"default","site-sidebar-style":"default","ast-global-header-display":"","ast-banner-title-visibility":"","ast-main-header-display":"","ast-hfb-above-header-display":"","ast-hfb-below-header-display":"","ast-hfb-mobile-header-display":"","site-post-title":"","ast-breadcrumbs-content":"","ast-featured-img":"","footer-sml-layout":"","theme-transparent-header-meta":"","adv-header-id-meta":"","stick-header-meta":"","header-above-stick-meta":"","header-main-stick-meta":"","header-below-stick-meta":"","astra-migrate-meta-layouts":"","footnotes":""},"yoast_head":"<!-- This site is optimized with the Yoast SEO plugin v21.2 - https:\/\/yoast.com\/wordpress\/plugins\/seo\/ -->\n<title>Vous \u00eates \u00e0 la recherche d&#039;un emploi ? | La Truelle D&#039;or<\/title>\n<meta name=\"description\" content=\"\u00c0 la recherche d&#039;un emploi administratif, d&#039;un applicateur de ciment, d&#039;un ouvrier ou d&#039;un autre poste, envoyez-nous votre candidature ! En savoir plus.\" \/>\n<meta name=\"robots\" content=\"noindex, follow, max-snippet:-1, max-image-preview:large, max-video-preview:-1\" \/>\n<meta property=\"og:locale\" content=\"fr_CA\" \/>\n<meta property=\"og:type\" content=\"article\" \/>\n<meta property=\"og:title\" content=\"Vous \u00eates \u00e0 la recherche d&#039;un emploi ? | La Truelle D&#039;or\" \/>\n<meta property=\"og:description\" content=\"\u00c0 la recherche d&#039;un emploi administratif, d&#039;un applicateur de ciment, d&#039;un ouvrier ou d&#039;un autre poste, envoyez-nous votre candidature ! En savoir plus.\" \/>\n<meta property=\"og:url\" content=\"https:\/\/publissoft.dev\/latruelledor\/emploi\/\" \/>\n<meta property=\"og:site_name\" content=\"La Truelle d&#039;or\" \/>\n<meta property=\"article:modified_time\" content=\"2023-07-31T22:58:54+00:00\" \/>\n<meta property=\"og:image\" content=\"https:\/\/publissoft.dev\/latruelledor\/wp-content\/uploads\/2023\/07\/Emploi-La-Truelle.webp\" \/>\n<meta name=\"twitter:card\" content=\"summary_large_image\" \/>\n<meta name=\"twitter:label1\" content=\"Estimation du temps de lecture\" \/>\n\t<meta name=\"twitter:data1\" content=\"1 minute\" \/>\n<script type=\"application\/ld+json\" class=\"yoast-schema-graph\">{\"@context\":\"https:\/\/schema.org\",\"@graph\":[{\"@type\":\"WebPage\",\"@id\":\"https:\/\/publissoft.dev\/latruelledor\/emploi\/\",\"url\":\"https:\/\/publissoft.dev\/latruelledor\/emploi\/\",\"name\":\"Vous \u00eates \u00e0 la recherche d'un emploi ? | La Truelle D'or\",\"isPartOf\":{\"@id\":\"https:\/\/publissoft.dev\/latruelledor\/#website\"},\"datePublished\":\"2019-01-23T20:24:03+00:00\",\"dateModified\":\"2023-07-31T22:58:54+00:00\",\"description\":\"\u00c0 la recherche d'un emploi administratif, d'un applicateur de ciment, d'un ouvrier ou d'un autre poste, envoyez-nous votre candidature ! En savoir plus.\",\"breadcrumb\":{\"@id\":\"https:\/\/publissoft.dev\/latruelledor\/emploi\/#breadcrumb\"},\"inLanguage\":\"fr-CA\",\"potentialAction\":[{\"@type\":\"ReadAction\",\"target\":[\"https:\/\/publissoft.dev\/latruelledor\/emploi\/\"]}]},{\"@type\":\"BreadcrumbList\",\"@id\":\"https:\/\/publissoft.dev\/latruelledor\/emploi\/#breadcrumb\",\"itemListElement\":[{\"@type\":\"ListItem\",\"position\":1,\"name\":\"Accueil\",\"item\":\"https:\/\/publissoft.dev\/latruelledor\/\"},{\"@type\":\"ListItem\",\"position\":2,\"name\":\"Emploi\"}]},{\"@type\":\"WebSite\",\"@id\":\"https:\/\/publissoft.dev\/latruelledor\/#website\",\"url\":\"https:\/\/publissoft.dev\/latruelledor\/\",\"name\":\"La Truelle d&#039;or\",\"description\":\"\",\"publisher\":{\"@id\":\"https:\/\/publissoft.dev\/latruelledor\/#organization\"},\"potentialAction\":[{\"@type\":\"SearchAction\",\"target\":{\"@type\":\"EntryPoint\",\"urlTemplate\":\"https:\/\/publissoft.dev\/latruelledor\/?s={search_term_string}\"},\"query-input\":\"required name=search_term_string\"}],\"inLanguage\":\"fr-CA\"},{\"@type\":\"Organization\",\"@id\":\"https:\/\/publissoft.dev\/latruelledor\/#organization\",\"name\":\"La Truelle d&#039;or\",\"url\":\"https:\/\/publissoft.dev\/latruelledor\/\",\"logo\":{\"@type\":\"ImageObject\",\"inLanguage\":\"fr-CA\",\"@id\":\"https:\/\/publissoft.dev\/latruelledor\/#\/schema\/logo\/image\/\",\"url\":\"https:\/\/publissoft.dev\/latruelledor\/wp-content\/uploads\/2023\/09\/Logo-La-Truelle-Dor.png\",\"contentUrl\":\"https:\/\/publissoft.dev\/latruelledor\/wp-content\/uploads\/2023\/09\/Logo-La-Truelle-Dor.png\",\"width\":900,\"height\":295,\"caption\":\"La Truelle d&#039;or\"},\"image\":{\"@id\":\"https:\/\/publissoft.dev\/latruelledor\/#\/schema\/logo\/image\/\"}}]}<\/script>\n<!-- \/ Yoast SEO plugin. -->","yoast_head_json":{"title":"Vous \u00eates \u00e0 la recherche d'un emploi ? | La Truelle D'or","description":"\u00c0 la recherche d'un emploi administratif, d'un applicateur de ciment, d'un ouvrier ou d'un autre poste, envoyez-nous votre candidature ! En savoir plus.","robots":{"index":"noindex","follow":"follow","max-snippet":"max-snippet:-1","max-image-preview":"max-image-preview:large","max-video-preview":"max-video-preview:-1"},"og_locale":"fr_CA","og_type":"article","og_title":"Vous \u00eates \u00e0 la recherche d'un emploi ? | La Truelle D'or","og_description":"\u00c0 la recherche d'un emploi administratif, d'un applicateur de ciment, d'un ouvrier ou d'un autre poste, envoyez-nous votre candidature ! En savoir plus.","og_url":"https:\/\/publissoft.dev\/latruelledor\/emploi\/","og_site_name":"La Truelle d&#039;or","article_modified_time":"2023-07-31T22:58:54+00:00","og_image":[{"url":"https:\/\/publissoft.dev\/latruelledor\/wp-content\/uploads\/2023\/07\/Emploi-La-Truelle.webp"}],"twitter_card":"summary_large_image","twitter_misc":{"Estimation du temps de lecture":"1 minute"},"schema":{"@context":"https:\/\/schema.org","@graph":[{"@type":"WebPage","@id":"https:\/\/publissoft.dev\/latruelledor\/emploi\/","url":"https:\/\/publissoft.dev\/latruelledor\/emploi\/","name":"Vous \u00eates \u00e0 la recherche d'un emploi ? | La Truelle D'or","isPartOf":{"@id":"https:\/\/publissoft.dev\/latruelledor\/#website"},"datePublished":"2019-01-23T20:24:03+00:00","dateModified":"2023-07-31T22:58:54+00:00","description":"\u00c0 la recherche d'un emploi administratif, d'un applicateur de ciment, d'un ouvrier ou d'un autre poste, envoyez-nous votre candidature ! En savoir plus.","breadcrumb":{"@id":"https:\/\/publissoft.dev\/latruelledor\/emploi\/#breadcrumb"},"inLanguage":"fr-CA","potentialAction":[{"@type":"ReadAction","target":["https:\/\/publissoft.dev\/latruelledor\/emploi\/"]}]},{"@type":"BreadcrumbList","@id":"https:\/\/publissoft.dev\/latruelledor\/emploi\/#breadcrumb","itemListElement":[{"@type":"ListItem","position":1,"name":"Accueil","item":"https:\/\/publissoft.dev\/latruelledor\/"},{"@type":"ListItem","position":2,"name":"Emploi"}]},{"@type":"WebSite","@id":"https:\/\/publissoft.dev\/latruelledor\/#website","url":"https:\/\/publissoft.dev\/latruelledor\/","name":"La Truelle d&#039;or","description":"","publisher":{"@id":"https:\/\/publissoft.dev\/latruelledor\/#organization"},"potentialAction":[{"@type":"SearchAction","target":{"@type":"EntryPoint","urlTemplate":"https:\/\/publissoft.dev\/latruelledor\/?s={search_term_string}"},"query-input":"required name=search_term_string"}],"inLanguage":"fr-CA"},{"@type":"Organization","@id":"https:\/\/publissoft.dev\/latruelledor\/#organization","name":"La Truelle d&#039;or","url":"https:\/\/publissoft.dev\/latruelledor\/","logo":{"@type":"ImageObject","inLanguage":"fr-CA","@id":"https:\/\/publissoft.dev\/latruelledor\/#\/schema\/logo\/image\/","url":"https:\/\/publissoft.dev\/latruelledor\/wp-content\/uploads\/2023\/09\/Logo-La-Truelle-Dor.png","contentUrl":"https:\/\/publissoft.dev\/latruelledor\/wp-content\/uploads\/2023\/09\/Logo-La-Truelle-Dor.png","width":900,"height":295,"caption":"La Truelle d&#039;or"},"image":{"@id":"https:\/\/publissoft.dev\/latruelledor\/#\/schema\/logo\/image\/"}}]}},"_links":{"self":[{"href":"https:\/\/publissoft.dev\/latruelledor\/wp-json\/wp\/v2\/pages\/301"}],"collection":[{"href":"https:\/\/publissoft.dev\/latruelledor\/wp-json\/wp\/v2\/pages"}],"about":[{"href":"https:\/\/publissoft.dev\/latruelledor\/wp-json\/wp\/v2\/types\/page"}],"author":[{"embeddable":true,"href":"https:\/\/publissoft.dev\/latruelledor\/wp-json\/wp\/v2\/users\/1"}],"replies":[{"embeddable":true,"href":"https:\/\/publissoft.dev\/latruelledor\/wp-json\/wp\/v2\/comments?post=301"}],"version-history":[{"count":41,"href":"https:\/\/publissoft.dev\/latruelledor\/wp-json\/wp\/v2\/pages\/301\/revisions"}],"predecessor-version":[{"id":4554,"href":"https:\/\/publissoft.dev\/latruelledor\/wp-json\/wp\/v2\/pages\/301\/revisions\/4554"}],"wp:attachment":[{"href":"https:\/\/publissoft.dev\/latruelledor\/wp-json\/wp\/v2\/media?parent=301"}],"curies":[{"name":"wp","href":"https:\/\/api.w.org\/{rel}","templated":true}]}}