{"id":3301,"date":"2023-03-24T16:51:32","date_gmt":"2023-03-24T16:51:32","guid":{"rendered":"https:\/\/publissoft.dev\/latruelledor\/?page_id=3301"},"modified":"2023-08-15T23:15:22","modified_gmt":"2023-08-15T23:15:22","slug":"blogue","status":"publish","type":"page","link":"https:\/\/publissoft.dev\/latruelledor\/blogue\/","title":{"rendered":"Blogue"},"content":{"rendered":"\t\t<div data-elementor-type=\"wp-post\" data-elementor-id=\"3301\" class=\"elementor elementor-3301\" data-elementor-post-type=\"page\">\n\t\t\t\t\t\t\t\t\t<section class=\"elementor-section elementor-top-section elementor-element elementor-element-7a08a558 elementor-section-stretched elementor-section-full_width elementor-hidden-desktop elementor-hidden-tablet elementor-hidden-mobile elementor-section-height-default elementor-section-height-default\" data-id=\"7a08a558\" data-element_type=\"section\" data-settings=\"{&quot;stretch_section&quot;:&quot;section-stretched&quot;,&quot;background_background&quot;:&quot;classic&quot;}\">\n\t\t\t\t\t\t<div class=\"elementor-container elementor-column-gap-default\">\n\t\t\t\t\t<div class=\"elementor-column elementor-col-100 elementor-top-column elementor-element elementor-element-1aa61e9d\" data-id=\"1aa61e9d\" data-element_type=\"column\">\n\t\t\t<div class=\"elementor-widget-wrap elementor-element-populated\">\n\t\t\t\t\t\t\t\t<div class=\"elementor-element elementor-element-1bd59be7 animated-slow page-title elementor-invisible elementor-widget elementor-widget-heading\" data-id=\"1bd59be7\" data-element_type=\"widget\" data-settings=\"{&quot;_animation&quot;:&quot;fadeIn&quot;}\" data-widget_type=\"heading.default\">\n\t\t\t\t<div class=\"elementor-widget-container\">\n\t\t\t<h1 class=\"elementor-heading-title elementor-size-default\">Le blogue - La Truelle D'or<\/h1>\t\t<\/div>\n\t\t\t\t<\/div>\n\t\t\t\t\t<\/div>\n\t\t<\/div>\n\t\t\t\t\t\t\t<\/div>\n\t\t<\/section>\n\t\t<div class=\"elementor-element elementor-element-dfe4ed4 custom-section-blog e-flex e-con-boxed e-con e-parent\" data-id=\"dfe4ed4\" data-element_type=\"container\" data-settings=\"{&quot;content_width&quot;:&quot;boxed&quot;}\" data-core-v316-plus=\"true\">\n\t\t\t\t\t<div class=\"e-con-inner\">\n\t\t\t\t<div class=\"elementor-element elementor-element-951e028 elementor-widget__width-initial elementor-widget elementor-widget-heading\" data-id=\"951e028\" data-element_type=\"widget\" data-widget_type=\"heading.default\">\n\t\t\t\t<div class=\"elementor-widget-container\">\n\t\t\t<h1 class=\"elementor-heading-title elementor-size-default\">Blogue<\/h1>\t\t<\/div>\n\t\t\t\t<\/div>\n\t\t\t\t<div class=\"elementor-element elementor-element-a753fd4 cus__post elementor-grid-3 elementor-grid-tablet-2 elementor-grid-mobile-1 elementor-posts--thumbnail-top elementor-widget elementor-widget-posts\" data-id=\"a753fd4\" data-element_type=\"widget\" data-settings=\"{&quot;classic_row_gap&quot;:{&quot;unit&quot;:&quot;px&quot;,&quot;size&quot;:32,&quot;sizes&quot;:[]},&quot;pagination_type&quot;:&quot;numbers_and_prev_next&quot;,&quot;classic_columns&quot;:&quot;3&quot;,&quot;classic_columns_tablet&quot;:&quot;2&quot;,&quot;classic_columns_mobile&quot;:&quot;1&quot;,&quot;classic_row_gap_tablet&quot;:{&quot;unit&quot;:&quot;px&quot;,&quot;size&quot;:&quot;&quot;,&quot;sizes&quot;:[]},&quot;classic_row_gap_mobile&quot;:{&quot;unit&quot;:&quot;px&quot;,&quot;size&quot;:&quot;&quot;,&quot;sizes&quot;:[]}}\" data-widget_type=\"posts.classic\">\n\t\t\t\t<div class=\"elementor-widget-container\">\n\t\t\t\t\t<div class=\"elementor-posts-container elementor-posts elementor-posts--skin-classic elementor-grid\">\n\t\t\t\t<article class=\"elementor-post elementor-grid-item post-3609 post type-post status-publish format-standard has-post-thumbnail hentry category-blog\">\n\t\t\t\t<a class=\"elementor-post__thumbnail__link\" href=\"https:\/\/publissoft.dev\/latruelledor\/le-lavage-a-haute-pression\/\" >\n\t\t\t<div class=\"elementor-post__thumbnail\"><img decoding=\"async\" loading=\"lazy\" width=\"1080\" height=\"608\" src=\"https:\/\/publissoft.dev\/latruelledor\/wp-content\/uploads\/2023\/06\/H1-Le-Lavage-a-Haute-Pression-Une-Solution-Efficace.jpg\" class=\"attachment-full size-full wp-image-3610\" alt=\"Le Lavage \u00e0 Haute Pression\" srcset=\"https:\/\/publissoft.dev\/latruelledor\/wp-content\/uploads\/2023\/06\/H1-Le-Lavage-a-Haute-Pression-Une-Solution-Efficace.jpg 1080w, https:\/\/publissoft.dev\/latruelledor\/wp-content\/uploads\/2023\/06\/H1-Le-Lavage-a-Haute-Pression-Une-Solution-Efficace-300x169.jpg 300w, https:\/\/publissoft.dev\/latruelledor\/wp-content\/uploads\/2023\/06\/H1-Le-Lavage-a-Haute-Pression-Une-Solution-Efficace-1024x576.jpg 1024w, https:\/\/publissoft.dev\/latruelledor\/wp-content\/uploads\/2023\/06\/H1-Le-Lavage-a-Haute-Pression-Une-Solution-Efficace-768x432.jpg 768w\" sizes=\"(max-width: 1080px) 100vw, 1080px\" \/><\/div>\n\t\t<\/a>\n\t\t\t\t<div class=\"elementor-post__text\">\n\t\t\t\t<h2 class=\"elementor-post__title\">\n\t\t\t<a href=\"https:\/\/publissoft.dev\/latruelledor\/le-lavage-a-haute-pression\/\" >\n\t\t\t\tLe Lavage \u00e0 Haute Pression : Une Solution Efficace\t\t\t<\/a>\n\t\t<\/h2>\n\t\t\t\t<div class=\"elementor-post__meta-data\">\n\t\t\t\t\t<span class=\"elementor-post-date\">\n\t\t\t20 juin 2023\t\t<\/span>\n\t\t\t\t<span class=\"elementor-post-avatar\">\n\t\t\tPas de commentaire\t\t<\/span>\n\t\t\t\t<\/div>\n\t\t\t\t<div class=\"elementor-post__excerpt\">\n\t\t\t<p>Exploitez les avantages du lavage \u00e0 haute pression, une solution efficace pour un nettoyage optimal. Optez pour l&rsquo;expertise de La Truelle d&rsquo;or \u00e0 Qu\u00e9bec.<\/p>\n\t\t<\/div>\n\t\t\t\t\t<div class=\"elementor-post__read-more-wrapper\">\n\t\t\n\t\t<a class=\"elementor-post__read-more\" href=\"https:\/\/publissoft.dev\/latruelledor\/le-lavage-a-haute-pression\/\" aria-label=\"Read more about Le Lavage \u00e0 Haute Pression : Une Solution Efficace\" >\n\t\t\tLire l'article\t\t<\/a>\n\n\t\t\t\t\t<\/div>\n\t\t\t\t<\/div>\n\t\t\t\t<\/article>\n\t\t\t\t<article class=\"elementor-post elementor-grid-item post-3564 post type-post status-publish format-standard has-post-thumbnail hentry category-blog\">\n\t\t\t\t<a class=\"elementor-post__thumbnail__link\" href=\"https:\/\/publissoft.dev\/latruelledor\/nettoyage-haute-pression\/\" >\n\t\t\t<div class=\"elementor-post__thumbnail\"><img decoding=\"async\" loading=\"lazy\" width=\"1080\" height=\"608\" src=\"https:\/\/publissoft.dev\/latruelledor\/wp-content\/uploads\/2023\/06\/H1-Comment-restaurer-vos-planchers-en-bois-par-le-lavage-a-pression.jpg\" class=\"attachment-full size-full wp-image-3568\" alt=\"Restaurez vos planchers bois : Nettoyage haute pression\" srcset=\"https:\/\/publissoft.dev\/latruelledor\/wp-content\/uploads\/2023\/06\/H1-Comment-restaurer-vos-planchers-en-bois-par-le-lavage-a-pression.jpg 1080w, https:\/\/publissoft.dev\/latruelledor\/wp-content\/uploads\/2023\/06\/H1-Comment-restaurer-vos-planchers-en-bois-par-le-lavage-a-pression-300x169.jpg 300w, https:\/\/publissoft.dev\/latruelledor\/wp-content\/uploads\/2023\/06\/H1-Comment-restaurer-vos-planchers-en-bois-par-le-lavage-a-pression-1024x576.jpg 1024w, https:\/\/publissoft.dev\/latruelledor\/wp-content\/uploads\/2023\/06\/H1-Comment-restaurer-vos-planchers-en-bois-par-le-lavage-a-pression-768x432.jpg 768w\" sizes=\"(max-width: 1080px) 100vw, 1080px\" \/><\/div>\n\t\t<\/a>\n\t\t\t\t<div class=\"elementor-post__text\">\n\t\t\t\t<h2 class=\"elementor-post__title\">\n\t\t\t<a href=\"https:\/\/publissoft.dev\/latruelledor\/nettoyage-haute-pression\/\" >\n\t\t\t\tRestaurez vos planchers bois : Nettoyage haute pression\t\t\t<\/a>\n\t\t<\/h2>\n\t\t\t\t<div class=\"elementor-post__meta-data\">\n\t\t\t\t\t<span class=\"elementor-post-date\">\n\t\t\t20 juin 2023\t\t<\/span>\n\t\t\t\t<span class=\"elementor-post-avatar\">\n\t\t\tPas de commentaire\t\t<\/span>\n\t\t\t\t<\/div>\n\t\t\t\t<div class=\"elementor-post__excerpt\">\n\t\t\t<p>D\u00e9couvrez dans cet article comment il est possible de restaurer vos planchers de bois avec un excellent nettoyage haute pression professionnel au Qu\u00e9bec, Canada.<\/p>\n\t\t<\/div>\n\t\t\t\t\t<div class=\"elementor-post__read-more-wrapper\">\n\t\t\n\t\t<a class=\"elementor-post__read-more\" href=\"https:\/\/publissoft.dev\/latruelledor\/nettoyage-haute-pression\/\" aria-label=\"Read more about Restaurez vos planchers bois : Nettoyage haute pression\" >\n\t\t\tLire l'article\t\t<\/a>\n\n\t\t\t\t\t<\/div>\n\t\t\t\t<\/div>\n\t\t\t\t<\/article>\n\t\t\t\t<article class=\"elementor-post elementor-grid-item post-3529 post type-post status-publish format-standard has-post-thumbnail hentry category-blog\">\n\t\t\t\t<a class=\"elementor-post__thumbnail__link\" href=\"https:\/\/publissoft.dev\/latruelledor\/lavage-de-maconnerie\/\" >\n\t\t\t<div class=\"elementor-post__thumbnail\"><img decoding=\"async\" loading=\"lazy\" width=\"1080\" height=\"608\" src=\"https:\/\/publissoft.dev\/latruelledor\/wp-content\/uploads\/2023\/05\/H1-L_expertise-de-La-Truelle-D_or-Inc-en-lavage-de-maconnerie-et-ses-avantages.jpg\" class=\"attachment-full size-full wp-image-3530\" alt=\"L&#039;expertise de La Truelle D&#039;or Inc\" srcset=\"https:\/\/publissoft.dev\/latruelledor\/wp-content\/uploads\/2023\/05\/H1-L_expertise-de-La-Truelle-D_or-Inc-en-lavage-de-maconnerie-et-ses-avantages.jpg 1080w, https:\/\/publissoft.dev\/latruelledor\/wp-content\/uploads\/2023\/05\/H1-L_expertise-de-La-Truelle-D_or-Inc-en-lavage-de-maconnerie-et-ses-avantages-300x169.jpg 300w, https:\/\/publissoft.dev\/latruelledor\/wp-content\/uploads\/2023\/05\/H1-L_expertise-de-La-Truelle-D_or-Inc-en-lavage-de-maconnerie-et-ses-avantages-1024x576.jpg 1024w, https:\/\/publissoft.dev\/latruelledor\/wp-content\/uploads\/2023\/05\/H1-L_expertise-de-La-Truelle-D_or-Inc-en-lavage-de-maconnerie-et-ses-avantages-768x432.jpg 768w\" sizes=\"(max-width: 1080px) 100vw, 1080px\" \/><\/div>\n\t\t<\/a>\n\t\t\t\t<div class=\"elementor-post__text\">\n\t\t\t\t<h2 class=\"elementor-post__title\">\n\t\t\t<a href=\"https:\/\/publissoft.dev\/latruelledor\/lavage-de-maconnerie\/\" >\n\t\t\t\tL&rsquo;expertise de La Truelle D&rsquo;or Inc. en lavage de ma\u00e7onnerie et ses avantages\t\t\t<\/a>\n\t\t<\/h2>\n\t\t\t\t<div class=\"elementor-post__meta-data\">\n\t\t\t\t\t<span class=\"elementor-post-date\">\n\t\t\t26 mai 2023\t\t<\/span>\n\t\t\t\t<span class=\"elementor-post-avatar\">\n\t\t\tPas de commentaire\t\t<\/span>\n\t\t\t\t<\/div>\n\t\t\t\t<div class=\"elementor-post__excerpt\">\n\t\t\t<p>La Truelle D&rsquo;or Inc. est une entreprise sp\u00e9cialis\u00e9e dans le domaine de la ma\u00e7onnerie, offrant des services de qualit\u00e9 en mati\u00e8re de lavage de ma\u00e7onnerie.<\/p>\n\t\t<\/div>\n\t\t\t\t\t<div class=\"elementor-post__read-more-wrapper\">\n\t\t\n\t\t<a class=\"elementor-post__read-more\" href=\"https:\/\/publissoft.dev\/latruelledor\/lavage-de-maconnerie\/\" aria-label=\"Read more about L&rsquo;expertise de La Truelle D&rsquo;or Inc. en lavage de ma\u00e7onnerie et ses avantages\" >\n\t\t\tLire l'article\t\t<\/a>\n\n\t\t\t\t\t<\/div>\n\t\t\t\t<\/div>\n\t\t\t\t<\/article>\n\t\t\t\t<article class=\"elementor-post elementor-grid-item post-3481 post type-post status-publish format-standard has-post-thumbnail hentry category-blog\">\n\t\t\t\t<a class=\"elementor-post__thumbnail__link\" href=\"https:\/\/publissoft.dev\/latruelledor\/plancher-epoxy\/\" >\n\t\t\t<div class=\"elementor-post__thumbnail\"><img decoding=\"async\" loading=\"lazy\" width=\"1080\" height=\"608\" src=\"https:\/\/publissoft.dev\/latruelledor\/wp-content\/uploads\/2023\/05\/H1-Plancher-epoxy-ce-que-c_est-et-pourquoi-c_est-un-bon-choix.jpg\" class=\"attachment-full size-full wp-image-3471\" alt=\"Plancher \u00e9poxy\" srcset=\"https:\/\/publissoft.dev\/latruelledor\/wp-content\/uploads\/2023\/05\/H1-Plancher-epoxy-ce-que-c_est-et-pourquoi-c_est-un-bon-choix.jpg 1080w, https:\/\/publissoft.dev\/latruelledor\/wp-content\/uploads\/2023\/05\/H1-Plancher-epoxy-ce-que-c_est-et-pourquoi-c_est-un-bon-choix-300x169.jpg 300w, https:\/\/publissoft.dev\/latruelledor\/wp-content\/uploads\/2023\/05\/H1-Plancher-epoxy-ce-que-c_est-et-pourquoi-c_est-un-bon-choix-1024x576.jpg 1024w, https:\/\/publissoft.dev\/latruelledor\/wp-content\/uploads\/2023\/05\/H1-Plancher-epoxy-ce-que-c_est-et-pourquoi-c_est-un-bon-choix-768x432.jpg 768w\" sizes=\"(max-width: 1080px) 100vw, 1080px\" \/><\/div>\n\t\t<\/a>\n\t\t\t\t<div class=\"elementor-post__text\">\n\t\t\t\t<h2 class=\"elementor-post__title\">\n\t\t\t<a href=\"https:\/\/publissoft.dev\/latruelledor\/plancher-epoxy\/\" >\n\t\t\t\tPlancher \u00e9poxy : ce que c&rsquo;est et pourquoi c&rsquo;est un bon choix\t\t\t<\/a>\n\t\t<\/h2>\n\t\t\t\t<div class=\"elementor-post__meta-data\">\n\t\t\t\t\t<span class=\"elementor-post-date\">\n\t\t\t26 mai 2023\t\t<\/span>\n\t\t\t\t<span class=\"elementor-post-avatar\">\n\t\t\tPas de commentaire\t\t<\/span>\n\t\t\t\t<\/div>\n\t\t\t\t<div class=\"elementor-post__excerpt\">\n\t\t\t<p>Cet article pr\u00e9sente tous les avantages du plancher \u00e9poxy et explique pourquoi il s&rsquo;agit d&rsquo;un excellent choix pour les r\u00e9sidences et les entreprises.<\/p>\n\t\t<\/div>\n\t\t\t\t\t<div class=\"elementor-post__read-more-wrapper\">\n\t\t\n\t\t<a class=\"elementor-post__read-more\" href=\"https:\/\/publissoft.dev\/latruelledor\/plancher-epoxy\/\" aria-label=\"Read more about Plancher \u00e9poxy : ce que c&rsquo;est et pourquoi c&rsquo;est un bon choix\" >\n\t\t\tLire l'article\t\t<\/a>\n\n\t\t\t\t\t<\/div>\n\t\t\t\t<\/div>\n\t\t\t\t<\/article>\n\t\t\t\t<\/div>\n\t\t\n\t\t\t\t<div class=\"e-load-more-anchor\" data-page=\"1\" data-max-page=\"2\" data-next-page=\"https:\/\/publissoft.dev\/latruelledor\/wp-json\/wp\/v2\/pages\/3301\/page\/2\/\"><\/div>\n\t\t\t\t<nav class=\"elementor-pagination\" aria-label=\"Pagination\">\n\t\t\t<span class=\"page-numbers prev\">Pr\u00e9c\u00e9dent<\/span>\n<span aria-current=\"page\" class=\"page-numbers current\"><span class=\"elementor-screen-only\">Page<\/span>1<\/span>\n<a class=\"page-numbers\" href=\"https:\/\/publissoft.dev\/latruelledor\/wp-json\/wp\/v2\/pages\/3301\/page\/2\/\"><span class=\"elementor-screen-only\">Page<\/span>2<\/a>\n<a class=\"page-numbers next\" href=\"https:\/\/publissoft.dev\/latruelledor\/wp-json\/wp\/v2\/pages\/3301\/page\/2\/\">Suivant<\/a>\t\t<\/nav>\n\t\t\t\t<\/div>\n\t\t\t\t<\/div>\n\t\t\t\t\t<\/div>\n\t\t\t\t<\/div>\n\t\t\t\t\t\t\t<\/div>\n\t\t","protected":false},"excerpt":{"rendered":"<p>Le blogue &#8211; La Truelle D&rsquo;or Blogue<\/p>\n","protected":false},"author":6,"featured_media":0,"parent":0,"menu_order":0,"comment_status":"closed","ping_status":"closed","template":"elementor_header_footer","meta":{"site-sidebar-layout":"default","site-content-layout":"","ast-site-content-layout":"","site-content-style":"default","site-sidebar-style":"default","ast-global-header-display":"","ast-banner-title-visibility":"","ast-main-header-display":"","ast-hfb-above-header-display":"","ast-hfb-below-header-display":"","ast-hfb-mobile-header-display":"","site-post-title":"","ast-breadcrumbs-content":"","ast-featured-img":"","footer-sml-layout":"","theme-transparent-header-meta":"","adv-header-id-meta":"","stick-header-meta":"","header-above-stick-meta":"","header-main-stick-meta":"","header-below-stick-meta":"","astra-migrate-meta-layouts":"","footnotes":""},"yoast_head":"<!-- This site is optimized with the Yoast SEO plugin v21.2 - https:\/\/yoast.com\/wordpress\/plugins\/seo\/ -->\n<title>Blogue | La Truelle D&#039;or<\/title>\n<meta name=\"description\" content=\"Nous avons beaucoup \u00e0 partager sur le monde du b\u00e9ton et d&#039;autres sujets d&#039;int\u00e9r\u00eat sur notre blogue. Visitez notre site web et jetez-y un coup d&#039;\u0153il ici.\" \/>\n<meta name=\"robots\" content=\"noindex, follow, max-snippet:-1, max-image-preview:large, max-video-preview:-1\" \/>\n<meta property=\"og:locale\" content=\"fr_CA\" \/>\n<meta property=\"og:type\" content=\"article\" \/>\n<meta property=\"og:title\" content=\"Blogue | La Truelle D&#039;or\" \/>\n<meta property=\"og:description\" content=\"Nous avons beaucoup \u00e0 partager sur le monde du b\u00e9ton et d&#039;autres sujets d&#039;int\u00e9r\u00eat sur notre blogue. Visitez notre site web et jetez-y un coup d&#039;\u0153il ici.\" \/>\n<meta property=\"og:url\" content=\"https:\/\/publissoft.dev\/latruelledor\/blogue\/\" \/>\n<meta property=\"og:site_name\" content=\"La Truelle d&#039;or\" \/>\n<meta property=\"article:modified_time\" content=\"2023-08-15T23:15:22+00:00\" \/>\n<meta name=\"twitter:card\" content=\"summary_large_image\" \/>\n<meta name=\"twitter:label1\" content=\"Estimation du temps de lecture\" \/>\n\t<meta name=\"twitter:data1\" content=\"3 minutes\" \/>\n<script type=\"application\/ld+json\" class=\"yoast-schema-graph\">{\"@context\":\"https:\/\/schema.org\",\"@graph\":[{\"@type\":\"WebPage\",\"@id\":\"https:\/\/publissoft.dev\/latruelledor\/blogue\/\",\"url\":\"https:\/\/publissoft.dev\/latruelledor\/blogue\/\",\"name\":\"Blogue | La Truelle D'or\",\"isPartOf\":{\"@id\":\"https:\/\/publissoft.dev\/latruelledor\/#website\"},\"datePublished\":\"2023-03-24T16:51:32+00:00\",\"dateModified\":\"2023-08-15T23:15:22+00:00\",\"description\":\"Nous avons beaucoup \u00e0 partager sur le monde du b\u00e9ton et d'autres sujets d'int\u00e9r\u00eat sur notre blogue. Visitez notre site web et jetez-y un coup d'\u0153il ici.\",\"breadcrumb\":{\"@id\":\"https:\/\/publissoft.dev\/latruelledor\/blogue\/#breadcrumb\"},\"inLanguage\":\"fr-CA\",\"potentialAction\":[{\"@type\":\"ReadAction\",\"target\":[\"https:\/\/publissoft.dev\/latruelledor\/blogue\/\"]}]},{\"@type\":\"BreadcrumbList\",\"@id\":\"https:\/\/publissoft.dev\/latruelledor\/blogue\/#breadcrumb\",\"itemListElement\":[{\"@type\":\"ListItem\",\"position\":1,\"name\":\"Accueil\",\"item\":\"https:\/\/publissoft.dev\/latruelledor\/\"},{\"@type\":\"ListItem\",\"position\":2,\"name\":\"Blogue\"}]},{\"@type\":\"WebSite\",\"@id\":\"https:\/\/publissoft.dev\/latruelledor\/#website\",\"url\":\"https:\/\/publissoft.dev\/latruelledor\/\",\"name\":\"La Truelle d&#039;or\",\"description\":\"\",\"publisher\":{\"@id\":\"https:\/\/publissoft.dev\/latruelledor\/#organization\"},\"potentialAction\":[{\"@type\":\"SearchAction\",\"target\":{\"@type\":\"EntryPoint\",\"urlTemplate\":\"https:\/\/publissoft.dev\/latruelledor\/?s={search_term_string}\"},\"query-input\":\"required name=search_term_string\"}],\"inLanguage\":\"fr-CA\"},{\"@type\":\"Organization\",\"@id\":\"https:\/\/publissoft.dev\/latruelledor\/#organization\",\"name\":\"La Truelle d&#039;or\",\"url\":\"https:\/\/publissoft.dev\/latruelledor\/\",\"logo\":{\"@type\":\"ImageObject\",\"inLanguage\":\"fr-CA\",\"@id\":\"https:\/\/publissoft.dev\/latruelledor\/#\/schema\/logo\/image\/\",\"url\":\"https:\/\/publissoft.dev\/latruelledor\/wp-content\/uploads\/2023\/09\/Logo-La-Truelle-Dor.png\",\"contentUrl\":\"https:\/\/publissoft.dev\/latruelledor\/wp-content\/uploads\/2023\/09\/Logo-La-Truelle-Dor.png\",\"width\":900,\"height\":295,\"caption\":\"La Truelle d&#039;or\"},\"image\":{\"@id\":\"https:\/\/publissoft.dev\/latruelledor\/#\/schema\/logo\/image\/\"}}]}<\/script>\n<!-- \/ Yoast SEO plugin. -->","yoast_head_json":{"title":"Blogue | La Truelle D'or","description":"Nous avons beaucoup \u00e0 partager sur le monde du b\u00e9ton et d'autres sujets d'int\u00e9r\u00eat sur notre blogue. Visitez notre site web et jetez-y un coup d'\u0153il ici.","robots":{"index":"noindex","follow":"follow","max-snippet":"max-snippet:-1","max-image-preview":"max-image-preview:large","max-video-preview":"max-video-preview:-1"},"og_locale":"fr_CA","og_type":"article","og_title":"Blogue | La Truelle D'or","og_description":"Nous avons beaucoup \u00e0 partager sur le monde du b\u00e9ton et d'autres sujets d'int\u00e9r\u00eat sur notre blogue. Visitez notre site web et jetez-y un coup d'\u0153il ici.","og_url":"https:\/\/publissoft.dev\/latruelledor\/blogue\/","og_site_name":"La Truelle d&#039;or","article_modified_time":"2023-08-15T23:15:22+00:00","twitter_card":"summary_large_image","twitter_misc":{"Estimation du temps de lecture":"3 minutes"},"schema":{"@context":"https:\/\/schema.org","@graph":[{"@type":"WebPage","@id":"https:\/\/publissoft.dev\/latruelledor\/blogue\/","url":"https:\/\/publissoft.dev\/latruelledor\/blogue\/","name":"Blogue | La Truelle D'or","isPartOf":{"@id":"https:\/\/publissoft.dev\/latruelledor\/#website"},"datePublished":"2023-03-24T16:51:32+00:00","dateModified":"2023-08-15T23:15:22+00:00","description":"Nous avons beaucoup \u00e0 partager sur le monde du b\u00e9ton et d'autres sujets d'int\u00e9r\u00eat sur notre blogue. Visitez notre site web et jetez-y un coup d'\u0153il ici.","breadcrumb":{"@id":"https:\/\/publissoft.dev\/latruelledor\/blogue\/#breadcrumb"},"inLanguage":"fr-CA","potentialAction":[{"@type":"ReadAction","target":["https:\/\/publissoft.dev\/latruelledor\/blogue\/"]}]},{"@type":"BreadcrumbList","@id":"https:\/\/publissoft.dev\/latruelledor\/blogue\/#breadcrumb","itemListElement":[{"@type":"ListItem","position":1,"name":"Accueil","item":"https:\/\/publissoft.dev\/latruelledor\/"},{"@type":"ListItem","position":2,"name":"Blogue"}]},{"@type":"WebSite","@id":"https:\/\/publissoft.dev\/latruelledor\/#website","url":"https:\/\/publissoft.dev\/latruelledor\/","name":"La Truelle d&#039;or","description":"","publisher":{"@id":"https:\/\/publissoft.dev\/latruelledor\/#organization"},"potentialAction":[{"@type":"SearchAction","target":{"@type":"EntryPoint","urlTemplate":"https:\/\/publissoft.dev\/latruelledor\/?s={search_term_string}"},"query-input":"required name=search_term_string"}],"inLanguage":"fr-CA"},{"@type":"Organization","@id":"https:\/\/publissoft.dev\/latruelledor\/#organization","name":"La Truelle d&#039;or","url":"https:\/\/publissoft.dev\/latruelledor\/","logo":{"@type":"ImageObject","inLanguage":"fr-CA","@id":"https:\/\/publissoft.dev\/latruelledor\/#\/schema\/logo\/image\/","url":"https:\/\/publissoft.dev\/latruelledor\/wp-content\/uploads\/2023\/09\/Logo-La-Truelle-Dor.png","contentUrl":"https:\/\/publissoft.dev\/latruelledor\/wp-content\/uploads\/2023\/09\/Logo-La-Truelle-Dor.png","width":900,"height":295,"caption":"La Truelle d&#039;or"},"image":{"@id":"https:\/\/publissoft.dev\/latruelledor\/#\/schema\/logo\/image\/"}}]}},"_links":{"self":[{"href":"https:\/\/publissoft.dev\/latruelledor\/wp-json\/wp\/v2\/pages\/3301"}],"collection":[{"href":"https:\/\/publissoft.dev\/latruelledor\/wp-json\/wp\/v2\/pages"}],"about":[{"href":"https:\/\/publissoft.dev\/latruelledor\/wp-json\/wp\/v2\/types\/page"}],"author":[{"embeddable":true,"href":"https:\/\/publissoft.dev\/latruelledor\/wp-json\/wp\/v2\/users\/6"}],"replies":[{"embeddable":true,"href":"https:\/\/publissoft.dev\/latruelledor\/wp-json\/wp\/v2\/comments?post=3301"}],"version-history":[{"count":33,"href":"https:\/\/publissoft.dev\/latruelledor\/wp-json\/wp\/v2\/pages\/3301\/revisions"}],"predecessor-version":[{"id":4625,"href":"https:\/\/publissoft.dev\/latruelledor\/wp-json\/wp\/v2\/pages\/3301\/revisions\/4625"}],"wp:attachment":[{"href":"https:\/\/publissoft.dev\/latruelledor\/wp-json\/wp\/v2\/media?parent=3301"}],"curies":[{"name":"wp","href":"https:\/\/api.w.org\/{rel}","templated":true}]}}