{"id":1002,"date":"2022-01-27T14:39:23","date_gmt":"2022-01-27T19:39:23","guid":{"rendered":"https:\/\/publissoft.dev\/spasante\/produit\/huile-hydrophile-hydratante-rose-geranium-pin-eucalyptus\/"},"modified":"2022-07-09T12:35:49","modified_gmt":"2022-07-09T16:35:49","slug":"huile-hydrophile-hydratante-rose-geranium-pin-eucalyptus","status":"publish","type":"product","link":"https:\/\/publissoft.dev\/spasante\/produit\/huile-hydrophile-hydratante-rose-geranium-pin-eucalyptus\/","title":{"rendered":"Aquafolia &#8211; Huile Hydrophile Hydratante &#8211; Rose G\u00e9ranium Pin Eucalyptus"},"content":{"rendered":"<p data-mce-fragment=\"1\">Huile Hydrophile Hydratante &#8211; Rose G\u00e9ranium Pin Eucalyptus<\/p>\n<p data-mce-fragment=\"1\">Huile apte \u00e0 se transformer en une v\u00e9ritable \u00e9mulsion laiteuse hydratante\u2756.<\/p>\n<p data-mce-fragment=\"1\">Types de peaux<br data-mce-fragment=\"1\">Peaux s\u00e8ches, d\u00e9shydrat\u00e9es, en manque de lipides (alipidique), de structure, d&#8217;hydratation et de vitalit\u00e9.<br data-mce-fragment=\"1\">Description<br data-mce-fragment=\"1\">Cette huile nourrit et redonne \u00e0 la peau son hydratation. De par sa capacit\u00e9 hydrophile et ses huiles de grande qualit\u00e9, elle se transforme en lait hydratant\u2756 lorsque m\u00e9lang\u00e9e avec de l\u2019eau. Excellente pour r\u00e9g\u00e9n\u00e9rer la barri\u00e8re d\u2019hydratation de la peau. Redonne de la lubrification \u00e0 la peau s\u00e8che, d\u00e9vitalis\u00e9e et en manque de lipides.<\/p>\n<p data-mce-fragment=\"1\">Cette combinaison est \u00e9quilibrante, r\u00e9g\u00e9n\u00e9ratrice et calmante pour la peau. Cette huile essentielle favorise la d\u00e9tente des syst\u00e8mes nerveux et musculaires. Tr\u00e8s aromatique, elle favorise la lib\u00e9ration des voies respiratoires. Elle convient \u00e0 tous les types de peaux.<\/p>\n<p data-mce-fragment=\"1\">Caract\u00e9ristiques et fonctions du produit<br data-mce-fragment=\"1\">Bouteille avec pompe 250ml<br data-mce-fragment=\"1\">Action relipidante<br data-mce-fragment=\"1\">Nourrissante (acides gras libres)<br data-mce-fragment=\"1\">Conditionne et hydrate\u2756<br data-mce-fragment=\"1\">Favorise la r\u00e9paration par l\u2019hydratation\u2756<br data-mce-fragment=\"1\">Anti-d\u00e9shydratante (fonction barri\u00e8re)<br data-mce-fragment=\"1\">Redonne souplesse, confort et \u00e9lasticit\u00e9<br data-mce-fragment=\"1\">Mode d&#8217;emploi<br data-mce-fragment=\"1\">En massage sur le corps. Pour l\u2019huile neutre, ajouter au bain (6 pompes ou 15 ml). Toutes les huiles hydrophiles peuvent \u00eatre incorpor\u00e9es dans le bain. Cependant, les femmes sensibles aux vaginites nedevraient utiliser que l\u2019huile neutre.<\/p>\n<p data-mce-fragment=\"1\">Notez que les huiles essentielles peuvent provoquer des intol\u00e9rances cutan\u00e9es sur certains sujets.<\/p>\n<p data-mce-fragment=\"1\">Ingr\u00e9dients choisis<br data-mce-fragment=\"1\">(Information \u00e9ducative selon des \u00e9tudes in-vitro et\/ou in-vivo et\/ou ex-vivo des ingr\u00e9dients qui ne repr\u00e9sente pas les fonctions du produit)<\/p>\n<p data-mce-fragment=\"1\">Calmante (combinaison des huiles essentielles)<br data-mce-fragment=\"1\">Favorise la lib\u00e9ration des voies respiratoires (combinaison des huiles essentielles)<br data-mce-fragment=\"1\">Antioxydant (huile de p\u00e9pins de raisin)<br data-mce-fragment=\"1\">Riche en vitamines (huile d\u2019avocado)<br data-mce-fragment=\"1\">Antioxydant et antiradicalaire (huile de Camellia oleifera \u2013 huile de th\u00e9)<br data-mce-fragment=\"1\">R\u00e9g\u00e9n\u00e9ratrice (huile de jojoba)<br data-mce-fragment=\"1\">Favorise la r\u00e9paration (tocoph\u00e9rol)<br data-mce-fragment=\"1\">Reg\u00e9n\u00e9rateur (vitamine A \u2013 palmitate d\u2019ascorbyle)<\/p>\n","protected":false},"excerpt":{"rendered":"<p>Huile Hydrophile Hydratante &#8211; Rose G\u00e9ranium Pin Eucalyptus Huile apte \u00e0 se transformer en une v\u00e9ritable \u00e9mulsion laiteuse hydratante\u2756. Types de peauxPeaux s\u00e8ches, d\u00e9shydrat\u00e9es, en manque de lipides (alipidique), de structure, d&#8217;hydratation et de vitalit\u00e9.DescriptionCette huile nourrit et redonne \u00e0 la peau son hydratation. De par sa capacit\u00e9 hydrophile et ses huiles de grande qualit\u00e9, &hellip;<\/p>\n","protected":false},"featured_media":1028,"template":"","meta":{"_acf_changed":false,"_genesis_hide_title":false,"_genesis_hide_breadcrumbs":false,"_genesis_hide_singular_image":false,"_genesis_hide_footer_widgets":false,"_genesis_custom_body_class":"","_genesis_custom_post_class":"","_genesis_layout":""},"product_cat":[53,37,18,46],"product_tag":[],"giftcard-category":[],"class_list":{"0":"post-1002","1":"product","2":"type-product","3":"status-publish","4":"has-post-thumbnail","6":"product_cat-gift-card","7":"product_cat-produits","8":"product_cat-aquafolia","9":"product_cat-tous","10":"entry","12":"first","13":"instock","14":"taxable","15":"shipping-taxable","16":"purchasable","17":"product-type-simple"},"acf":[],"yoast_head":"<!-- This site is optimized with the Yoast SEO plugin v22.5 - https:\/\/yoast.com\/wordpress\/plugins\/seo\/ -->\n<title>Aquafolia - Huile Hydrophile Hydratante - Rose G\u00e9ranium Pin Eucalyptus - Spa Sant\u00e9 Le N\u00e9nuphar<\/title>\n<meta name=\"robots\" content=\"noindex, follow, max-snippet:-1, max-image-preview:large, max-video-preview:-1\" \/>\n<meta property=\"og:locale\" content=\"fr_CA\" \/>\n<meta property=\"og:type\" content=\"article\" \/>\n<meta property=\"og:title\" content=\"Aquafolia - Huile Hydrophile Hydratante - Rose G\u00e9ranium Pin Eucalyptus - Spa Sant\u00e9 Le N\u00e9nuphar\" \/>\n<meta property=\"og:description\" content=\"Huile Hydrophile Hydratante &#8211; Rose G\u00e9ranium Pin Eucalyptus Huile apte \u00e0 se transformer en une v\u00e9ritable \u00e9mulsion laiteuse hydratante\u2756. Types de peauxPeaux s\u00e8ches, d\u00e9shydrat\u00e9es, en manque de lipides (alipidique), de structure, d&#8217;hydratation et de vitalit\u00e9.DescriptionCette huile nourrit et redonne \u00e0 la peau son hydratation. De par sa capacit\u00e9 hydrophile et ses huiles de grande qualit\u00e9, &hellip;\" \/>\n<meta property=\"og:url\" content=\"https:\/\/publissoft.dev\/spasante\/produit\/huile-hydrophile-hydratante-rose-geranium-pin-eucalyptus\/\" \/>\n<meta property=\"og:site_name\" content=\"Spa Sant\u00e9 Le N\u00e9nuphar\" \/>\n<meta property=\"article:publisher\" content=\"https:\/\/www.facebook.com\/SpaSanteLeNenuphar\" \/>\n<meta property=\"article:modified_time\" content=\"2022-07-09T16:35:49+00:00\" \/>\n<meta property=\"og:image\" content=\"https:\/\/publissoft.dev\/spasante\/wp-content\/uploads\/2022\/01\/SpasanteLeNenupharHuilecorpsrosegeraniumPineucalyptus-scaled.jpg\" \/>\n\t<meta property=\"og:image:width\" content=\"2399\" \/>\n\t<meta property=\"og:image:height\" content=\"2560\" \/>\n\t<meta property=\"og:image:type\" content=\"image\/jpeg\" \/>\n<meta name=\"twitter:card\" content=\"summary_large_image\" \/>\n<meta name=\"twitter:label1\" content=\"Estimation du temps de lecture\" \/>\n\t<meta name=\"twitter:data1\" content=\"2 minutes\" \/>\n<script type=\"application\/ld+json\" class=\"yoast-schema-graph\">{\"@context\":\"https:\/\/schema.org\",\"@graph\":[{\"@type\":\"WebPage\",\"@id\":\"https:\/\/publissoft.dev\/spasante\/produit\/huile-hydrophile-hydratante-rose-geranium-pin-eucalyptus\/\",\"url\":\"https:\/\/publissoft.dev\/spasante\/produit\/huile-hydrophile-hydratante-rose-geranium-pin-eucalyptus\/\",\"name\":\"Aquafolia - Huile Hydrophile Hydratante - Rose G\u00e9ranium Pin Eucalyptus - Spa Sant\u00e9 Le N\u00e9nuphar\",\"isPartOf\":{\"@id\":\"https:\/\/publissoft.dev\/spasante\/#website\"},\"primaryImageOfPage\":{\"@id\":\"https:\/\/publissoft.dev\/spasante\/produit\/huile-hydrophile-hydratante-rose-geranium-pin-eucalyptus\/#primaryimage\"},\"image\":{\"@id\":\"https:\/\/publissoft.dev\/spasante\/produit\/huile-hydrophile-hydratante-rose-geranium-pin-eucalyptus\/#primaryimage\"},\"thumbnailUrl\":\"https:\/\/publissoft.dev\/spasante\/wp-content\/uploads\/2022\/01\/SpasanteLeNenupharHuilecorpsrosegeraniumPineucalyptus-scaled.jpg\",\"datePublished\":\"2022-01-27T19:39:23+00:00\",\"dateModified\":\"2022-07-09T16:35:49+00:00\",\"breadcrumb\":{\"@id\":\"https:\/\/publissoft.dev\/spasante\/produit\/huile-hydrophile-hydratante-rose-geranium-pin-eucalyptus\/#breadcrumb\"},\"inLanguage\":\"fr-CA\",\"potentialAction\":[{\"@type\":\"ReadAction\",\"target\":[\"https:\/\/publissoft.dev\/spasante\/produit\/huile-hydrophile-hydratante-rose-geranium-pin-eucalyptus\/\"]}]},{\"@type\":\"ImageObject\",\"inLanguage\":\"fr-CA\",\"@id\":\"https:\/\/publissoft.dev\/spasante\/produit\/huile-hydrophile-hydratante-rose-geranium-pin-eucalyptus\/#primaryimage\",\"url\":\"https:\/\/publissoft.dev\/spasante\/wp-content\/uploads\/2022\/01\/SpasanteLeNenupharHuilecorpsrosegeraniumPineucalyptus-scaled.jpg\",\"contentUrl\":\"https:\/\/publissoft.dev\/spasante\/wp-content\/uploads\/2022\/01\/SpasanteLeNenupharHuilecorpsrosegeraniumPineucalyptus-scaled.jpg\",\"width\":2399,\"height\":2560},{\"@type\":\"BreadcrumbList\",\"@id\":\"https:\/\/publissoft.dev\/spasante\/produit\/huile-hydrophile-hydratante-rose-geranium-pin-eucalyptus\/#breadcrumb\",\"itemListElement\":[{\"@type\":\"ListItem\",\"position\":1,\"name\":\"Accueil\",\"item\":\"https:\/\/publissoft.dev\/spasante\/\"},{\"@type\":\"ListItem\",\"position\":2,\"name\":\"Boutique\",\"item\":\"https:\/\/publissoft.dev\/spasante\/boutique\/\"},{\"@type\":\"ListItem\",\"position\":3,\"name\":\"Aquafolia &#8211; Huile Hydrophile Hydratante &#8211; Rose G\u00e9ranium Pin Eucalyptus\"}]},{\"@type\":\"WebSite\",\"@id\":\"https:\/\/publissoft.dev\/spasante\/#website\",\"url\":\"https:\/\/publissoft.dev\/spasante\/\",\"name\":\"Spa Sant\u00e9 Le N\u00e9nuphar\",\"description\":\"\",\"publisher\":{\"@id\":\"https:\/\/publissoft.dev\/spasante\/#organization\"},\"potentialAction\":[{\"@type\":\"SearchAction\",\"target\":{\"@type\":\"EntryPoint\",\"urlTemplate\":\"https:\/\/publissoft.dev\/spasante\/?s={search_term_string}\"},\"query-input\":\"required name=search_term_string\"}],\"inLanguage\":\"fr-CA\"},{\"@type\":\"Organization\",\"@id\":\"https:\/\/publissoft.dev\/spasante\/#organization\",\"name\":\"Spa Sant\u00e9 Le N\u00e9nuphar\",\"url\":\"https:\/\/publissoft.dev\/spasante\/\",\"logo\":{\"@type\":\"ImageObject\",\"inLanguage\":\"fr-CA\",\"@id\":\"https:\/\/publissoft.dev\/spasante\/#\/schema\/logo\/image\/\",\"url\":\"https:\/\/publissoft.dev\/spasante\/wp-content\/uploads\/2022\/11\/logo-jpg.jpeg\",\"contentUrl\":\"https:\/\/publissoft.dev\/spasante\/wp-content\/uploads\/2022\/11\/logo-jpg.jpeg\",\"width\":900,\"height\":900,\"caption\":\"Spa Sant\u00e9 Le N\u00e9nuphar\"},\"image\":{\"@id\":\"https:\/\/publissoft.dev\/spasante\/#\/schema\/logo\/image\/\"},\"sameAs\":[\"https:\/\/www.facebook.com\/SpaSanteLeNenuphar\",\"https:\/\/www.instagram.com\/spasantelenenuphar\/?hl=fr\"]}]}<\/script>\n<!-- \/ Yoast SEO plugin. -->","yoast_head_json":{"title":"Aquafolia - Huile Hydrophile Hydratante - Rose G\u00e9ranium Pin Eucalyptus - Spa Sant\u00e9 Le N\u00e9nuphar","robots":{"index":"noindex","follow":"follow","max-snippet":"max-snippet:-1","max-image-preview":"max-image-preview:large","max-video-preview":"max-video-preview:-1"},"og_locale":"fr_CA","og_type":"article","og_title":"Aquafolia - Huile Hydrophile Hydratante - Rose G\u00e9ranium Pin Eucalyptus - Spa Sant\u00e9 Le N\u00e9nuphar","og_description":"Huile Hydrophile Hydratante &#8211; Rose G\u00e9ranium Pin Eucalyptus Huile apte \u00e0 se transformer en une v\u00e9ritable \u00e9mulsion laiteuse hydratante\u2756. Types de peauxPeaux s\u00e8ches, d\u00e9shydrat\u00e9es, en manque de lipides (alipidique), de structure, d&#8217;hydratation et de vitalit\u00e9.DescriptionCette huile nourrit et redonne \u00e0 la peau son hydratation. De par sa capacit\u00e9 hydrophile et ses huiles de grande qualit\u00e9, &hellip;","og_url":"https:\/\/publissoft.dev\/spasante\/produit\/huile-hydrophile-hydratante-rose-geranium-pin-eucalyptus\/","og_site_name":"Spa Sant\u00e9 Le N\u00e9nuphar","article_publisher":"https:\/\/www.facebook.com\/SpaSanteLeNenuphar","article_modified_time":"2022-07-09T16:35:49+00:00","og_image":[{"width":2399,"height":2560,"url":"https:\/\/publissoft.dev\/spasante\/wp-content\/uploads\/2022\/01\/SpasanteLeNenupharHuilecorpsrosegeraniumPineucalyptus-scaled.jpg","type":"image\/jpeg"}],"twitter_card":"summary_large_image","twitter_misc":{"Estimation du temps de lecture":"2 minutes"},"schema":{"@context":"https:\/\/schema.org","@graph":[{"@type":"WebPage","@id":"https:\/\/publissoft.dev\/spasante\/produit\/huile-hydrophile-hydratante-rose-geranium-pin-eucalyptus\/","url":"https:\/\/publissoft.dev\/spasante\/produit\/huile-hydrophile-hydratante-rose-geranium-pin-eucalyptus\/","name":"Aquafolia - Huile Hydrophile Hydratante - Rose G\u00e9ranium Pin Eucalyptus - Spa Sant\u00e9 Le N\u00e9nuphar","isPartOf":{"@id":"https:\/\/publissoft.dev\/spasante\/#website"},"primaryImageOfPage":{"@id":"https:\/\/publissoft.dev\/spasante\/produit\/huile-hydrophile-hydratante-rose-geranium-pin-eucalyptus\/#primaryimage"},"image":{"@id":"https:\/\/publissoft.dev\/spasante\/produit\/huile-hydrophile-hydratante-rose-geranium-pin-eucalyptus\/#primaryimage"},"thumbnailUrl":"https:\/\/publissoft.dev\/spasante\/wp-content\/uploads\/2022\/01\/SpasanteLeNenupharHuilecorpsrosegeraniumPineucalyptus-scaled.jpg","datePublished":"2022-01-27T19:39:23+00:00","dateModified":"2022-07-09T16:35:49+00:00","breadcrumb":{"@id":"https:\/\/publissoft.dev\/spasante\/produit\/huile-hydrophile-hydratante-rose-geranium-pin-eucalyptus\/#breadcrumb"},"inLanguage":"fr-CA","potentialAction":[{"@type":"ReadAction","target":["https:\/\/publissoft.dev\/spasante\/produit\/huile-hydrophile-hydratante-rose-geranium-pin-eucalyptus\/"]}]},{"@type":"ImageObject","inLanguage":"fr-CA","@id":"https:\/\/publissoft.dev\/spasante\/produit\/huile-hydrophile-hydratante-rose-geranium-pin-eucalyptus\/#primaryimage","url":"https:\/\/publissoft.dev\/spasante\/wp-content\/uploads\/2022\/01\/SpasanteLeNenupharHuilecorpsrosegeraniumPineucalyptus-scaled.jpg","contentUrl":"https:\/\/publissoft.dev\/spasante\/wp-content\/uploads\/2022\/01\/SpasanteLeNenupharHuilecorpsrosegeraniumPineucalyptus-scaled.jpg","width":2399,"height":2560},{"@type":"BreadcrumbList","@id":"https:\/\/publissoft.dev\/spasante\/produit\/huile-hydrophile-hydratante-rose-geranium-pin-eucalyptus\/#breadcrumb","itemListElement":[{"@type":"ListItem","position":1,"name":"Accueil","item":"https:\/\/publissoft.dev\/spasante\/"},{"@type":"ListItem","position":2,"name":"Boutique","item":"https:\/\/publissoft.dev\/spasante\/boutique\/"},{"@type":"ListItem","position":3,"name":"Aquafolia &#8211; Huile Hydrophile Hydratante &#8211; Rose G\u00e9ranium Pin Eucalyptus"}]},{"@type":"WebSite","@id":"https:\/\/publissoft.dev\/spasante\/#website","url":"https:\/\/publissoft.dev\/spasante\/","name":"Spa Sant\u00e9 Le N\u00e9nuphar","description":"","publisher":{"@id":"https:\/\/publissoft.dev\/spasante\/#organization"},"potentialAction":[{"@type":"SearchAction","target":{"@type":"EntryPoint","urlTemplate":"https:\/\/publissoft.dev\/spasante\/?s={search_term_string}"},"query-input":"required name=search_term_string"}],"inLanguage":"fr-CA"},{"@type":"Organization","@id":"https:\/\/publissoft.dev\/spasante\/#organization","name":"Spa Sant\u00e9 Le N\u00e9nuphar","url":"https:\/\/publissoft.dev\/spasante\/","logo":{"@type":"ImageObject","inLanguage":"fr-CA","@id":"https:\/\/publissoft.dev\/spasante\/#\/schema\/logo\/image\/","url":"https:\/\/publissoft.dev\/spasante\/wp-content\/uploads\/2022\/11\/logo-jpg.jpeg","contentUrl":"https:\/\/publissoft.dev\/spasante\/wp-content\/uploads\/2022\/11\/logo-jpg.jpeg","width":900,"height":900,"caption":"Spa Sant\u00e9 Le N\u00e9nuphar"},"image":{"@id":"https:\/\/publissoft.dev\/spasante\/#\/schema\/logo\/image\/"},"sameAs":["https:\/\/www.facebook.com\/SpaSanteLeNenuphar","https:\/\/www.instagram.com\/spasantelenenuphar\/?hl=fr"]}]}},"_links":{"self":[{"href":"https:\/\/publissoft.dev\/spasante\/wp-json\/wp\/v2\/product\/1002","targetHints":{"allow":["GET"]}}],"collection":[{"href":"https:\/\/publissoft.dev\/spasante\/wp-json\/wp\/v2\/product"}],"about":[{"href":"https:\/\/publissoft.dev\/spasante\/wp-json\/wp\/v2\/types\/product"}],"wp:featuredmedia":[{"embeddable":true,"href":"https:\/\/publissoft.dev\/spasante\/wp-json\/wp\/v2\/media\/1028"}],"wp:attachment":[{"href":"https:\/\/publissoft.dev\/spasante\/wp-json\/wp\/v2\/media?parent=1002"}],"wp:term":[{"taxonomy":"product_cat","embeddable":true,"href":"https:\/\/publissoft.dev\/spasante\/wp-json\/wp\/v2\/product_cat?post=1002"},{"taxonomy":"product_tag","embeddable":true,"href":"https:\/\/publissoft.dev\/spasante\/wp-json\/wp\/v2\/product_tag?post=1002"},{"taxonomy":"giftcard-category","embeddable":true,"href":"https:\/\/publissoft.dev\/spasante\/wp-json\/wp\/v2\/giftcard-category?post=1002"}],"curies":[{"name":"wp","href":"https:\/\/api.w.org\/{rel}","templated":true}]}}