{"id":1035,"date":"2022-01-27T14:39:44","date_gmt":"2022-01-27T14:39:44","guid":{"rendered":"https:\/\/publissoft.dev\/spasante\/produit\/kinesitherapie-90-minutes\/"},"modified":"2024-04-15T11:38:41","modified_gmt":"2024-04-15T15:38:41","slug":"kinesitherapie-90-minutes","status":"publish","type":"product","link":"https:\/\/publissoft.dev\/spasante\/produit\/kinesitherapie-90-minutes\/","title":{"rendered":"Kin\u00e9sith\u00e9rapie 90 minutes"},"content":{"rendered":"<p data-mce-fragment=\"1\">\u00a0La kin\u00e9sith\u00e9rapie est un ensemble de techniques manuel qui combine le massage et le mouvement. Tout comme les autres techniques de massoth\u00e9rapie, la kin\u00e9sith\u00e9rapie consid\u00e8re l\u2019individu dans sa globalit\u00e9.<\/p>\n<p data-mce-fragment=\"1\">La technique de massage de base utilis\u00e9e en kin\u00e9sith\u00e9rapie est le\u00a0<a href=\"https:\/\/www.fqm.qc.ca\/massotherapie\/techniques\/massage-suedois\/\" data-mce-fragment=\"1\">massage su\u00e9dois<\/a>. Ainsi, par le biais du massage, la kin\u00e9sith\u00e9rapie favorise d\u2019abord le rel\u00e2chement des tensions musculaires et l\u2019activation de la circulation sanguine. L\u2019utilisation de mobilisations actives, passives ou contrari\u00e9es aidera par la suite le corps \u00e0 retrouver un mouvement optimal et non douloureux.<\/p>\n<p data-mce-fragment=\"1\">Les objectifs de la kin\u00e9sith\u00e9rapie sont nombreux\u00a0:<\/p>\n<ul data-mce-fragment=\"1\">\n<li data-mce-fragment=\"1\">Permettre un retour du corps vers le mouvement<\/li>\n<li data-mce-fragment=\"1\">Favoriser des mouvements articulaires amples et sans douleur<\/li>\n<li data-mce-fragment=\"1\">Atteindre l\u2019amplitude normale des articulations<\/li>\n<li data-mce-fragment=\"1\">Promouvoir la sant\u00e9<\/li>\n<\/ul>\n<h3 data-mce-fragment=\"1\"><strong data-mce-fragment=\"1\">D\u00c9ROULEMENT D\u2019UNE S\u00c9ANCE<\/strong><\/h3>\n<p data-mce-fragment=\"1\">La premi\u00e8re s\u00e9ance d\u00e9bute par un questionnaire sant\u00e9 suivi d\u2019une \u00e9valuation de la posture et de la mobilit\u00e9, d\u2019un examen palpatoire, d\u2019un bilan musculaire et de certains tests sp\u00e9cifiques. Le tout permettra au th\u00e9rapeute d\u2019intervenir de fa\u00e7on s\u00e9curitaire aupr\u00e8s de son client.<\/p>\n<p data-mce-fragment=\"1\">Pour un probl\u00e8me ou une douleur pr\u00e9cise, le th\u00e9rapeute utilisera des tests afin de d\u00e9terminer si le cas peut \u00eatre trait\u00e9 en kin\u00e9sith\u00e9rapie ou s\u2019il doit \u00eatre adress\u00e9 \u00e0 un autre professionnel de la sant\u00e9. Le\u00a0<a href=\"https:\/\/www.fqm.qc.ca\/appellations-pour-les-membres-de-la-fqm\/\" data-mce-fragment=\"1\">kin\u00e9sith\u00e9rapeute<\/a>\u00a0ne pose pas de diagnostic, il s\u2019assure simplement que son intervention sera b\u00e9n\u00e9fique et sans danger pour son client.<\/p>\n<p data-mce-fragment=\"1\">Les mobilisations passives permettent le retour vers un mouvement libre et sans douleur. Elles sont relativement faciles \u00e0 appliquer m\u00eame si leur efficacit\u00e9 repose sur une grande pr\u00e9cision et une connaissance approfondie du corps humain. Au besoin, des exercices, c\u2019est-\u00e0-dire des mobilisations actives puisqu\u2019il y a participation active du client, ou contrari\u00e9es, lorsqu\u2019ils sont faits avec des poids, seront sugg\u00e9r\u00e9s dans un but pr\u00e9ventif et de suivi au traitement. L\u2019objectif final \u00e9tant toujours le m\u00eame: l\u2019autonomie du client. La fr\u00e9quence des s\u00e9ances est variable. Habituellement, une consultation par semaine suffit pour 5 ou 6 semaines.<\/p>\n","protected":false},"excerpt":{"rendered":"<p>\u00a0La kin\u00e9sith\u00e9rapie est un ensemble de techniques manuel qui combine le massage et le mouvement. Tout comme les autres techniques de massoth\u00e9rapie, la kin\u00e9sith\u00e9rapie consid\u00e8re l\u2019individu dans sa globalit\u00e9. La technique de massage de base utilis\u00e9e en kin\u00e9sith\u00e9rapie est le\u00a0massage su\u00e9dois. Ainsi, par le biais du massage, la kin\u00e9sith\u00e9rapie favorise d\u2019abord le rel\u00e2chement des tensions &hellip;<\/p>\n","protected":false},"featured_media":1074,"template":"","meta":{"_acf_changed":false,"_genesis_hide_title":false,"_genesis_hide_breadcrumbs":false,"_genesis_hide_singular_image":false,"_genesis_hide_footer_widgets":false,"_genesis_custom_body_class":"","_genesis_custom_post_class":"","_genesis_layout":""},"product_cat":[53,33,46,60],"product_tag":[],"giftcard-category":[],"class_list":{"0":"post-1035","1":"product","2":"type-product","3":"status-publish","4":"has-post-thumbnail","6":"product_cat-gift-card","7":"product_cat-massotherapie","8":"product_cat-tous","9":"product_cat-massages","10":"entry","12":"first","13":"instock","14":"taxable","15":"shipping-taxable","16":"purchasable","17":"product-type-simple"},"acf":[],"yoast_head":"<!-- This site is optimized with the Yoast SEO plugin v22.5 - https:\/\/yoast.com\/wordpress\/plugins\/seo\/ -->\n<title>Kin\u00e9sith\u00e9rapie 90 minutes - Spa Sant\u00e9 Le N\u00e9nuphar<\/title>\n<meta name=\"robots\" content=\"noindex, follow, max-snippet:-1, max-image-preview:large, max-video-preview:-1\" \/>\n<meta property=\"og:locale\" content=\"fr_CA\" \/>\n<meta property=\"og:type\" content=\"article\" \/>\n<meta property=\"og:title\" content=\"Kin\u00e9sith\u00e9rapie 90 minutes - Spa Sant\u00e9 Le N\u00e9nuphar\" \/>\n<meta property=\"og:description\" content=\"\u00a0La kin\u00e9sith\u00e9rapie est un ensemble de techniques manuel qui combine le massage et le mouvement. Tout comme les autres techniques de massoth\u00e9rapie, la kin\u00e9sith\u00e9rapie consid\u00e8re l\u2019individu dans sa globalit\u00e9. La technique de massage de base utilis\u00e9e en kin\u00e9sith\u00e9rapie est le\u00a0massage su\u00e9dois. Ainsi, par le biais du massage, la kin\u00e9sith\u00e9rapie favorise d\u2019abord le rel\u00e2chement des tensions &hellip;\" \/>\n<meta property=\"og:url\" content=\"https:\/\/publissoft.dev\/spasante\/produit\/kinesitherapie-90-minutes\/\" \/>\n<meta property=\"og:site_name\" content=\"Spa Sant\u00e9 Le N\u00e9nuphar\" \/>\n<meta property=\"article:publisher\" content=\"https:\/\/www.facebook.com\/SpaSanteLeNenuphar\" \/>\n<meta property=\"article:modified_time\" content=\"2024-04-15T15:38:41+00:00\" \/>\n<meta property=\"og:image\" content=\"https:\/\/publissoft.dev\/spasante\/wp-content\/uploads\/2022\/01\/Kinesitherapie90minutes.jpg\" \/>\n\t<meta property=\"og:image:width\" content=\"500\" \/>\n\t<meta property=\"og:image:height\" content=\"600\" \/>\n\t<meta property=\"og:image:type\" content=\"image\/jpeg\" \/>\n<meta name=\"twitter:card\" content=\"summary_large_image\" \/>\n<meta name=\"twitter:label1\" content=\"Estimation du temps de lecture\" \/>\n\t<meta name=\"twitter:data1\" content=\"2 minutes\" \/>\n<script type=\"application\/ld+json\" class=\"yoast-schema-graph\">{\"@context\":\"https:\/\/schema.org\",\"@graph\":[{\"@type\":\"WebPage\",\"@id\":\"https:\/\/publissoft.dev\/spasante\/produit\/kinesitherapie-90-minutes\/\",\"url\":\"https:\/\/publissoft.dev\/spasante\/produit\/kinesitherapie-90-minutes\/\",\"name\":\"Kin\u00e9sith\u00e9rapie 90 minutes - Spa Sant\u00e9 Le N\u00e9nuphar\",\"isPartOf\":{\"@id\":\"https:\/\/publissoft.dev\/spasante\/#website\"},\"primaryImageOfPage\":{\"@id\":\"https:\/\/publissoft.dev\/spasante\/produit\/kinesitherapie-90-minutes\/#primaryimage\"},\"image\":{\"@id\":\"https:\/\/publissoft.dev\/spasante\/produit\/kinesitherapie-90-minutes\/#primaryimage\"},\"thumbnailUrl\":\"https:\/\/publissoft.dev\/spasante\/wp-content\/uploads\/2022\/01\/Kinesitherapie90minutes.jpg\",\"datePublished\":\"2022-01-27T14:39:44+00:00\",\"dateModified\":\"2024-04-15T15:38:41+00:00\",\"breadcrumb\":{\"@id\":\"https:\/\/publissoft.dev\/spasante\/produit\/kinesitherapie-90-minutes\/#breadcrumb\"},\"inLanguage\":\"fr-CA\",\"potentialAction\":[{\"@type\":\"ReadAction\",\"target\":[\"https:\/\/publissoft.dev\/spasante\/produit\/kinesitherapie-90-minutes\/\"]}]},{\"@type\":\"ImageObject\",\"inLanguage\":\"fr-CA\",\"@id\":\"https:\/\/publissoft.dev\/spasante\/produit\/kinesitherapie-90-minutes\/#primaryimage\",\"url\":\"https:\/\/publissoft.dev\/spasante\/wp-content\/uploads\/2022\/01\/Kinesitherapie90minutes.jpg\",\"contentUrl\":\"https:\/\/publissoft.dev\/spasante\/wp-content\/uploads\/2022\/01\/Kinesitherapie90minutes.jpg\",\"width\":500,\"height\":600},{\"@type\":\"BreadcrumbList\",\"@id\":\"https:\/\/publissoft.dev\/spasante\/produit\/kinesitherapie-90-minutes\/#breadcrumb\",\"itemListElement\":[{\"@type\":\"ListItem\",\"position\":1,\"name\":\"Accueil\",\"item\":\"https:\/\/publissoft.dev\/spasante\/\"},{\"@type\":\"ListItem\",\"position\":2,\"name\":\"Boutique\",\"item\":\"https:\/\/publissoft.dev\/spasante\/boutique\/\"},{\"@type\":\"ListItem\",\"position\":3,\"name\":\"Kin\u00e9sith\u00e9rapie 90 minutes\"}]},{\"@type\":\"WebSite\",\"@id\":\"https:\/\/publissoft.dev\/spasante\/#website\",\"url\":\"https:\/\/publissoft.dev\/spasante\/\",\"name\":\"Spa Sant\u00e9 Le N\u00e9nuphar\",\"description\":\"\",\"publisher\":{\"@id\":\"https:\/\/publissoft.dev\/spasante\/#organization\"},\"potentialAction\":[{\"@type\":\"SearchAction\",\"target\":{\"@type\":\"EntryPoint\",\"urlTemplate\":\"https:\/\/publissoft.dev\/spasante\/?s={search_term_string}\"},\"query-input\":\"required name=search_term_string\"}],\"inLanguage\":\"fr-CA\"},{\"@type\":\"Organization\",\"@id\":\"https:\/\/publissoft.dev\/spasante\/#organization\",\"name\":\"Spa Sant\u00e9 Le N\u00e9nuphar\",\"url\":\"https:\/\/publissoft.dev\/spasante\/\",\"logo\":{\"@type\":\"ImageObject\",\"inLanguage\":\"fr-CA\",\"@id\":\"https:\/\/publissoft.dev\/spasante\/#\/schema\/logo\/image\/\",\"url\":\"https:\/\/publissoft.dev\/spasante\/wp-content\/uploads\/2022\/11\/logo-jpg.jpeg\",\"contentUrl\":\"https:\/\/publissoft.dev\/spasante\/wp-content\/uploads\/2022\/11\/logo-jpg.jpeg\",\"width\":900,\"height\":900,\"caption\":\"Spa Sant\u00e9 Le N\u00e9nuphar\"},\"image\":{\"@id\":\"https:\/\/publissoft.dev\/spasante\/#\/schema\/logo\/image\/\"},\"sameAs\":[\"https:\/\/www.facebook.com\/SpaSanteLeNenuphar\",\"https:\/\/www.instagram.com\/spasantelenenuphar\/?hl=fr\"]}]}<\/script>\n<!-- \/ Yoast SEO plugin. -->","yoast_head_json":{"title":"Kin\u00e9sith\u00e9rapie 90 minutes - Spa Sant\u00e9 Le N\u00e9nuphar","robots":{"index":"noindex","follow":"follow","max-snippet":"max-snippet:-1","max-image-preview":"max-image-preview:large","max-video-preview":"max-video-preview:-1"},"og_locale":"fr_CA","og_type":"article","og_title":"Kin\u00e9sith\u00e9rapie 90 minutes - Spa Sant\u00e9 Le N\u00e9nuphar","og_description":"\u00a0La kin\u00e9sith\u00e9rapie est un ensemble de techniques manuel qui combine le massage et le mouvement. Tout comme les autres techniques de massoth\u00e9rapie, la kin\u00e9sith\u00e9rapie consid\u00e8re l\u2019individu dans sa globalit\u00e9. La technique de massage de base utilis\u00e9e en kin\u00e9sith\u00e9rapie est le\u00a0massage su\u00e9dois. Ainsi, par le biais du massage, la kin\u00e9sith\u00e9rapie favorise d\u2019abord le rel\u00e2chement des tensions &hellip;","og_url":"https:\/\/publissoft.dev\/spasante\/produit\/kinesitherapie-90-minutes\/","og_site_name":"Spa Sant\u00e9 Le N\u00e9nuphar","article_publisher":"https:\/\/www.facebook.com\/SpaSanteLeNenuphar","article_modified_time":"2024-04-15T15:38:41+00:00","og_image":[{"width":500,"height":600,"url":"https:\/\/publissoft.dev\/spasante\/wp-content\/uploads\/2022\/01\/Kinesitherapie90minutes.jpg","type":"image\/jpeg"}],"twitter_card":"summary_large_image","twitter_misc":{"Estimation du temps de lecture":"2 minutes"},"schema":{"@context":"https:\/\/schema.org","@graph":[{"@type":"WebPage","@id":"https:\/\/publissoft.dev\/spasante\/produit\/kinesitherapie-90-minutes\/","url":"https:\/\/publissoft.dev\/spasante\/produit\/kinesitherapie-90-minutes\/","name":"Kin\u00e9sith\u00e9rapie 90 minutes - Spa Sant\u00e9 Le N\u00e9nuphar","isPartOf":{"@id":"https:\/\/publissoft.dev\/spasante\/#website"},"primaryImageOfPage":{"@id":"https:\/\/publissoft.dev\/spasante\/produit\/kinesitherapie-90-minutes\/#primaryimage"},"image":{"@id":"https:\/\/publissoft.dev\/spasante\/produit\/kinesitherapie-90-minutes\/#primaryimage"},"thumbnailUrl":"https:\/\/publissoft.dev\/spasante\/wp-content\/uploads\/2022\/01\/Kinesitherapie90minutes.jpg","datePublished":"2022-01-27T14:39:44+00:00","dateModified":"2024-04-15T15:38:41+00:00","breadcrumb":{"@id":"https:\/\/publissoft.dev\/spasante\/produit\/kinesitherapie-90-minutes\/#breadcrumb"},"inLanguage":"fr-CA","potentialAction":[{"@type":"ReadAction","target":["https:\/\/publissoft.dev\/spasante\/produit\/kinesitherapie-90-minutes\/"]}]},{"@type":"ImageObject","inLanguage":"fr-CA","@id":"https:\/\/publissoft.dev\/spasante\/produit\/kinesitherapie-90-minutes\/#primaryimage","url":"https:\/\/publissoft.dev\/spasante\/wp-content\/uploads\/2022\/01\/Kinesitherapie90minutes.jpg","contentUrl":"https:\/\/publissoft.dev\/spasante\/wp-content\/uploads\/2022\/01\/Kinesitherapie90minutes.jpg","width":500,"height":600},{"@type":"BreadcrumbList","@id":"https:\/\/publissoft.dev\/spasante\/produit\/kinesitherapie-90-minutes\/#breadcrumb","itemListElement":[{"@type":"ListItem","position":1,"name":"Accueil","item":"https:\/\/publissoft.dev\/spasante\/"},{"@type":"ListItem","position":2,"name":"Boutique","item":"https:\/\/publissoft.dev\/spasante\/boutique\/"},{"@type":"ListItem","position":3,"name":"Kin\u00e9sith\u00e9rapie 90 minutes"}]},{"@type":"WebSite","@id":"https:\/\/publissoft.dev\/spasante\/#website","url":"https:\/\/publissoft.dev\/spasante\/","name":"Spa Sant\u00e9 Le N\u00e9nuphar","description":"","publisher":{"@id":"https:\/\/publissoft.dev\/spasante\/#organization"},"potentialAction":[{"@type":"SearchAction","target":{"@type":"EntryPoint","urlTemplate":"https:\/\/publissoft.dev\/spasante\/?s={search_term_string}"},"query-input":"required name=search_term_string"}],"inLanguage":"fr-CA"},{"@type":"Organization","@id":"https:\/\/publissoft.dev\/spasante\/#organization","name":"Spa Sant\u00e9 Le N\u00e9nuphar","url":"https:\/\/publissoft.dev\/spasante\/","logo":{"@type":"ImageObject","inLanguage":"fr-CA","@id":"https:\/\/publissoft.dev\/spasante\/#\/schema\/logo\/image\/","url":"https:\/\/publissoft.dev\/spasante\/wp-content\/uploads\/2022\/11\/logo-jpg.jpeg","contentUrl":"https:\/\/publissoft.dev\/spasante\/wp-content\/uploads\/2022\/11\/logo-jpg.jpeg","width":900,"height":900,"caption":"Spa Sant\u00e9 Le N\u00e9nuphar"},"image":{"@id":"https:\/\/publissoft.dev\/spasante\/#\/schema\/logo\/image\/"},"sameAs":["https:\/\/www.facebook.com\/SpaSanteLeNenuphar","https:\/\/www.instagram.com\/spasantelenenuphar\/?hl=fr"]}]}},"_links":{"self":[{"href":"https:\/\/publissoft.dev\/spasante\/wp-json\/wp\/v2\/product\/1035","targetHints":{"allow":["GET"]}}],"collection":[{"href":"https:\/\/publissoft.dev\/spasante\/wp-json\/wp\/v2\/product"}],"about":[{"href":"https:\/\/publissoft.dev\/spasante\/wp-json\/wp\/v2\/types\/product"}],"wp:featuredmedia":[{"embeddable":true,"href":"https:\/\/publissoft.dev\/spasante\/wp-json\/wp\/v2\/media\/1074"}],"wp:attachment":[{"href":"https:\/\/publissoft.dev\/spasante\/wp-json\/wp\/v2\/media?parent=1035"}],"wp:term":[{"taxonomy":"product_cat","embeddable":true,"href":"https:\/\/publissoft.dev\/spasante\/wp-json\/wp\/v2\/product_cat?post=1035"},{"taxonomy":"product_tag","embeddable":true,"href":"https:\/\/publissoft.dev\/spasante\/wp-json\/wp\/v2\/product_tag?post=1035"},{"taxonomy":"giftcard-category","embeddable":true,"href":"https:\/\/publissoft.dev\/spasante\/wp-json\/wp\/v2\/giftcard-category?post=1035"}],"curies":[{"name":"wp","href":"https:\/\/api.w.org\/{rel}","templated":true}]}}