{"id":1047,"date":"2022-01-27T14:39:52","date_gmt":"2022-01-27T14:39:52","guid":{"rendered":"https:\/\/publissoft.dev\/spasante\/produit\/legging-de-course-rose-buddha\/"},"modified":"2024-01-25T11:45:57","modified_gmt":"2024-01-25T16:45:57","slug":"legging-de-course-rose-buddha","status":"publish","type":"product","link":"https:\/\/publissoft.dev\/spasante\/produit\/legging-de-course-rose-buddha\/","title":{"rendered":"Rose Buddha &#8211; Legging de Course"},"content":{"rendered":"<p style=\"font-weight: inherit;\" data-mce-fragment=\"1\">Force et libert\u00e9. Ton legging de course a \u00e9t\u00e9 am\u00e9lior\u00e9! Hautement technique, il respire, s\u00e8che rapidement, est gainant, comporte 5 poches et des \u00e9l\u00e9ments r\u00e9fl\u00e9chissants et poss\u00e8de 3 crans d&#8217;arr\u00eat pour le couper \u00e0 la longeur d\u00e9sir\u00e9e.<\/p>\n<ul data-mce-fragment=\"1\">\n<li data-mce-fragment=\"1\">Fait avec amour au Qu\u00e9bec avec le tissu ECOFIT<\/li>\n<li data-mce-fragment=\"1\">Fait \u00e0 86% de polyester recycl\u00e9 (12 bouteilles de plastique recycl\u00e9es) et 14% spandex<\/li>\n<li data-mce-fragment=\"1\">S\u00e8che et \u00e9vacue rapidement la sueur<\/li>\n<li data-mce-fragment=\"1\">100% traitement naturel Chitosant\u00e9<\/li>\n<li data-mce-fragment=\"1\">FPS 50<\/li>\n<li data-mce-fragment=\"1\">5 poches<\/li>\n<li data-mce-fragment=\"1\">3 crans d&#8217;arr\u00eat pour le couper \u00e0 la longeur d\u00e9sir\u00e9e<\/li>\n<li data-mce-fragment=\"1\">\u00c9l\u00e9ments r\u00e9fl\u00e9chissants<\/li>\n<\/ul>\n<p style=\"font-weight: inherit;\" data-mce-fragment=\"1\">Ces leggings ont \u00e9t\u00e9 repens\u00e9s pour t\u2019offrir un bon soutien lorsque tu fais du sport. Si tu souhaites le porter au quotidien, ou pour un exercice mod\u00e9r\u00e9, nous te conseillons de prendre une taille plus grande.<\/p>\n","protected":false},"excerpt":{"rendered":"<p>Force et libert\u00e9. Ton legging de course a \u00e9t\u00e9 am\u00e9lior\u00e9! Hautement technique, il respire, s\u00e8che rapidement, est gainant, comporte 5 poches et des \u00e9l\u00e9ments r\u00e9fl\u00e9chissants et poss\u00e8de 3 crans d&#8217;arr\u00eat pour le couper \u00e0 la longeur d\u00e9sir\u00e9e. Fait avec amour au Qu\u00e9bec avec le tissu ECOFIT Fait \u00e0 86% de polyester recycl\u00e9 (12 bouteilles de &hellip;<\/p>\n","protected":false},"featured_media":1081,"template":"","meta":{"_acf_changed":false,"_genesis_hide_title":false,"_genesis_hide_breadcrumbs":false,"_genesis_hide_singular_image":false,"_genesis_hide_footer_widgets":false,"_genesis_custom_body_class":"","_genesis_custom_post_class":"","_genesis_layout":""},"product_cat":[53,37,92,42,46],"product_tag":[],"giftcard-category":[],"class_list":{"0":"post-1047","1":"product","2":"type-product","3":"status-publish","4":"has-post-thumbnail","6":"product_cat-gift-card","7":"product_cat-produits","8":"product_cat-produits-en-liquidation","9":"product_cat-rose-buddha","10":"product_cat-tous","11":"entry","13":"first","14":"instock","15":"sale","16":"taxable","17":"shipping-taxable","18":"purchasable","19":"product-type-variable"},"acf":[],"yoast_head":"<!-- This site is optimized with the Yoast SEO plugin v22.5 - https:\/\/yoast.com\/wordpress\/plugins\/seo\/ -->\n<title>Rose Buddha - Legging de Course - Spa Sant\u00e9 Le N\u00e9nuphar<\/title>\n<meta name=\"robots\" content=\"noindex, follow, max-snippet:-1, max-image-preview:large, max-video-preview:-1\" \/>\n<meta property=\"og:locale\" content=\"fr_CA\" \/>\n<meta property=\"og:type\" content=\"article\" \/>\n<meta property=\"og:title\" content=\"Rose Buddha - Legging de Course - Spa Sant\u00e9 Le N\u00e9nuphar\" \/>\n<meta property=\"og:description\" content=\"Force et libert\u00e9. Ton legging de course a \u00e9t\u00e9 am\u00e9lior\u00e9! Hautement technique, il respire, s\u00e8che rapidement, est gainant, comporte 5 poches et des \u00e9l\u00e9ments r\u00e9fl\u00e9chissants et poss\u00e8de 3 crans d&#8217;arr\u00eat pour le couper \u00e0 la longeur d\u00e9sir\u00e9e. Fait avec amour au Qu\u00e9bec avec le tissu ECOFIT Fait \u00e0 86% de polyester recycl\u00e9 (12 bouteilles de &hellip;\" \/>\n<meta property=\"og:url\" content=\"https:\/\/publissoft.dev\/spasante\/produit\/legging-de-course-rose-buddha\/\" \/>\n<meta property=\"og:site_name\" content=\"Spa Sant\u00e9 Le N\u00e9nuphar\" \/>\n<meta property=\"article:publisher\" content=\"https:\/\/www.facebook.com\/SpaSanteLeNenuphar\" \/>\n<meta property=\"article:modified_time\" content=\"2024-01-25T16:45:57+00:00\" \/>\n<meta property=\"og:image\" content=\"https:\/\/publissoft.dev\/spasante\/wp-content\/uploads\/2022\/01\/spasantelenenpharrsebuddhaleggingpuissancegris.jpg\" \/>\n\t<meta property=\"og:image:width\" content=\"720\" \/>\n\t<meta property=\"og:image:height\" content=\"1080\" \/>\n\t<meta property=\"og:image:type\" content=\"image\/jpeg\" \/>\n<meta name=\"twitter:card\" content=\"summary_large_image\" \/>\n<meta name=\"twitter:label1\" content=\"Estimation du temps de lecture\" \/>\n\t<meta name=\"twitter:data1\" content=\"1 minute\" \/>\n<script type=\"application\/ld+json\" class=\"yoast-schema-graph\">{\"@context\":\"https:\/\/schema.org\",\"@graph\":[{\"@type\":\"WebPage\",\"@id\":\"https:\/\/publissoft.dev\/spasante\/produit\/legging-de-course-rose-buddha\/\",\"url\":\"https:\/\/publissoft.dev\/spasante\/produit\/legging-de-course-rose-buddha\/\",\"name\":\"Rose Buddha - Legging de Course - Spa Sant\u00e9 Le N\u00e9nuphar\",\"isPartOf\":{\"@id\":\"https:\/\/publissoft.dev\/spasante\/#website\"},\"primaryImageOfPage\":{\"@id\":\"https:\/\/publissoft.dev\/spasante\/produit\/legging-de-course-rose-buddha\/#primaryimage\"},\"image\":{\"@id\":\"https:\/\/publissoft.dev\/spasante\/produit\/legging-de-course-rose-buddha\/#primaryimage\"},\"thumbnailUrl\":\"https:\/\/publissoft.dev\/spasante\/wp-content\/uploads\/2022\/01\/spasantelenenpharrsebuddhaleggingpuissancegris.jpg\",\"datePublished\":\"2022-01-27T14:39:52+00:00\",\"dateModified\":\"2024-01-25T16:45:57+00:00\",\"breadcrumb\":{\"@id\":\"https:\/\/publissoft.dev\/spasante\/produit\/legging-de-course-rose-buddha\/#breadcrumb\"},\"inLanguage\":\"fr-CA\",\"potentialAction\":[{\"@type\":\"ReadAction\",\"target\":[\"https:\/\/publissoft.dev\/spasante\/produit\/legging-de-course-rose-buddha\/\"]}]},{\"@type\":\"ImageObject\",\"inLanguage\":\"fr-CA\",\"@id\":\"https:\/\/publissoft.dev\/spasante\/produit\/legging-de-course-rose-buddha\/#primaryimage\",\"url\":\"https:\/\/publissoft.dev\/spasante\/wp-content\/uploads\/2022\/01\/spasantelenenpharrsebuddhaleggingpuissancegris.jpg\",\"contentUrl\":\"https:\/\/publissoft.dev\/spasante\/wp-content\/uploads\/2022\/01\/spasantelenenpharrsebuddhaleggingpuissancegris.jpg\",\"width\":720,\"height\":1080},{\"@type\":\"BreadcrumbList\",\"@id\":\"https:\/\/publissoft.dev\/spasante\/produit\/legging-de-course-rose-buddha\/#breadcrumb\",\"itemListElement\":[{\"@type\":\"ListItem\",\"position\":1,\"name\":\"Accueil\",\"item\":\"https:\/\/publissoft.dev\/spasante\/\"},{\"@type\":\"ListItem\",\"position\":2,\"name\":\"Boutique\",\"item\":\"https:\/\/publissoft.dev\/spasante\/boutique\/\"},{\"@type\":\"ListItem\",\"position\":3,\"name\":\"Rose Buddha &#8211; Legging de Course\"}]},{\"@type\":\"WebSite\",\"@id\":\"https:\/\/publissoft.dev\/spasante\/#website\",\"url\":\"https:\/\/publissoft.dev\/spasante\/\",\"name\":\"Spa Sant\u00e9 Le N\u00e9nuphar\",\"description\":\"\",\"publisher\":{\"@id\":\"https:\/\/publissoft.dev\/spasante\/#organization\"},\"potentialAction\":[{\"@type\":\"SearchAction\",\"target\":{\"@type\":\"EntryPoint\",\"urlTemplate\":\"https:\/\/publissoft.dev\/spasante\/?s={search_term_string}\"},\"query-input\":\"required name=search_term_string\"}],\"inLanguage\":\"fr-CA\"},{\"@type\":\"Organization\",\"@id\":\"https:\/\/publissoft.dev\/spasante\/#organization\",\"name\":\"Spa Sant\u00e9 Le N\u00e9nuphar\",\"url\":\"https:\/\/publissoft.dev\/spasante\/\",\"logo\":{\"@type\":\"ImageObject\",\"inLanguage\":\"fr-CA\",\"@id\":\"https:\/\/publissoft.dev\/spasante\/#\/schema\/logo\/image\/\",\"url\":\"https:\/\/publissoft.dev\/spasante\/wp-content\/uploads\/2022\/11\/logo-jpg.jpeg\",\"contentUrl\":\"https:\/\/publissoft.dev\/spasante\/wp-content\/uploads\/2022\/11\/logo-jpg.jpeg\",\"width\":900,\"height\":900,\"caption\":\"Spa Sant\u00e9 Le N\u00e9nuphar\"},\"image\":{\"@id\":\"https:\/\/publissoft.dev\/spasante\/#\/schema\/logo\/image\/\"},\"sameAs\":[\"https:\/\/www.facebook.com\/SpaSanteLeNenuphar\",\"https:\/\/www.instagram.com\/spasantelenenuphar\/?hl=fr\"]}]}<\/script>\n<!-- \/ Yoast SEO plugin. -->","yoast_head_json":{"title":"Rose Buddha - Legging de Course - Spa Sant\u00e9 Le N\u00e9nuphar","robots":{"index":"noindex","follow":"follow","max-snippet":"max-snippet:-1","max-image-preview":"max-image-preview:large","max-video-preview":"max-video-preview:-1"},"og_locale":"fr_CA","og_type":"article","og_title":"Rose Buddha - Legging de Course - Spa Sant\u00e9 Le N\u00e9nuphar","og_description":"Force et libert\u00e9. Ton legging de course a \u00e9t\u00e9 am\u00e9lior\u00e9! Hautement technique, il respire, s\u00e8che rapidement, est gainant, comporte 5 poches et des \u00e9l\u00e9ments r\u00e9fl\u00e9chissants et poss\u00e8de 3 crans d&#8217;arr\u00eat pour le couper \u00e0 la longeur d\u00e9sir\u00e9e. Fait avec amour au Qu\u00e9bec avec le tissu ECOFIT Fait \u00e0 86% de polyester recycl\u00e9 (12 bouteilles de &hellip;","og_url":"https:\/\/publissoft.dev\/spasante\/produit\/legging-de-course-rose-buddha\/","og_site_name":"Spa Sant\u00e9 Le N\u00e9nuphar","article_publisher":"https:\/\/www.facebook.com\/SpaSanteLeNenuphar","article_modified_time":"2024-01-25T16:45:57+00:00","og_image":[{"width":720,"height":1080,"url":"https:\/\/publissoft.dev\/spasante\/wp-content\/uploads\/2022\/01\/spasantelenenpharrsebuddhaleggingpuissancegris.jpg","type":"image\/jpeg"}],"twitter_card":"summary_large_image","twitter_misc":{"Estimation du temps de lecture":"1 minute"},"schema":{"@context":"https:\/\/schema.org","@graph":[{"@type":"WebPage","@id":"https:\/\/publissoft.dev\/spasante\/produit\/legging-de-course-rose-buddha\/","url":"https:\/\/publissoft.dev\/spasante\/produit\/legging-de-course-rose-buddha\/","name":"Rose Buddha - Legging de Course - Spa Sant\u00e9 Le N\u00e9nuphar","isPartOf":{"@id":"https:\/\/publissoft.dev\/spasante\/#website"},"primaryImageOfPage":{"@id":"https:\/\/publissoft.dev\/spasante\/produit\/legging-de-course-rose-buddha\/#primaryimage"},"image":{"@id":"https:\/\/publissoft.dev\/spasante\/produit\/legging-de-course-rose-buddha\/#primaryimage"},"thumbnailUrl":"https:\/\/publissoft.dev\/spasante\/wp-content\/uploads\/2022\/01\/spasantelenenpharrsebuddhaleggingpuissancegris.jpg","datePublished":"2022-01-27T14:39:52+00:00","dateModified":"2024-01-25T16:45:57+00:00","breadcrumb":{"@id":"https:\/\/publissoft.dev\/spasante\/produit\/legging-de-course-rose-buddha\/#breadcrumb"},"inLanguage":"fr-CA","potentialAction":[{"@type":"ReadAction","target":["https:\/\/publissoft.dev\/spasante\/produit\/legging-de-course-rose-buddha\/"]}]},{"@type":"ImageObject","inLanguage":"fr-CA","@id":"https:\/\/publissoft.dev\/spasante\/produit\/legging-de-course-rose-buddha\/#primaryimage","url":"https:\/\/publissoft.dev\/spasante\/wp-content\/uploads\/2022\/01\/spasantelenenpharrsebuddhaleggingpuissancegris.jpg","contentUrl":"https:\/\/publissoft.dev\/spasante\/wp-content\/uploads\/2022\/01\/spasantelenenpharrsebuddhaleggingpuissancegris.jpg","width":720,"height":1080},{"@type":"BreadcrumbList","@id":"https:\/\/publissoft.dev\/spasante\/produit\/legging-de-course-rose-buddha\/#breadcrumb","itemListElement":[{"@type":"ListItem","position":1,"name":"Accueil","item":"https:\/\/publissoft.dev\/spasante\/"},{"@type":"ListItem","position":2,"name":"Boutique","item":"https:\/\/publissoft.dev\/spasante\/boutique\/"},{"@type":"ListItem","position":3,"name":"Rose Buddha &#8211; Legging de Course"}]},{"@type":"WebSite","@id":"https:\/\/publissoft.dev\/spasante\/#website","url":"https:\/\/publissoft.dev\/spasante\/","name":"Spa Sant\u00e9 Le N\u00e9nuphar","description":"","publisher":{"@id":"https:\/\/publissoft.dev\/spasante\/#organization"},"potentialAction":[{"@type":"SearchAction","target":{"@type":"EntryPoint","urlTemplate":"https:\/\/publissoft.dev\/spasante\/?s={search_term_string}"},"query-input":"required name=search_term_string"}],"inLanguage":"fr-CA"},{"@type":"Organization","@id":"https:\/\/publissoft.dev\/spasante\/#organization","name":"Spa Sant\u00e9 Le N\u00e9nuphar","url":"https:\/\/publissoft.dev\/spasante\/","logo":{"@type":"ImageObject","inLanguage":"fr-CA","@id":"https:\/\/publissoft.dev\/spasante\/#\/schema\/logo\/image\/","url":"https:\/\/publissoft.dev\/spasante\/wp-content\/uploads\/2022\/11\/logo-jpg.jpeg","contentUrl":"https:\/\/publissoft.dev\/spasante\/wp-content\/uploads\/2022\/11\/logo-jpg.jpeg","width":900,"height":900,"caption":"Spa Sant\u00e9 Le N\u00e9nuphar"},"image":{"@id":"https:\/\/publissoft.dev\/spasante\/#\/schema\/logo\/image\/"},"sameAs":["https:\/\/www.facebook.com\/SpaSanteLeNenuphar","https:\/\/www.instagram.com\/spasantelenenuphar\/?hl=fr"]}]}},"_links":{"self":[{"href":"https:\/\/publissoft.dev\/spasante\/wp-json\/wp\/v2\/product\/1047","targetHints":{"allow":["GET"]}}],"collection":[{"href":"https:\/\/publissoft.dev\/spasante\/wp-json\/wp\/v2\/product"}],"about":[{"href":"https:\/\/publissoft.dev\/spasante\/wp-json\/wp\/v2\/types\/product"}],"wp:featuredmedia":[{"embeddable":true,"href":"https:\/\/publissoft.dev\/spasante\/wp-json\/wp\/v2\/media\/1081"}],"wp:attachment":[{"href":"https:\/\/publissoft.dev\/spasante\/wp-json\/wp\/v2\/media?parent=1047"}],"wp:term":[{"taxonomy":"product_cat","embeddable":true,"href":"https:\/\/publissoft.dev\/spasante\/wp-json\/wp\/v2\/product_cat?post=1047"},{"taxonomy":"product_tag","embeddable":true,"href":"https:\/\/publissoft.dev\/spasante\/wp-json\/wp\/v2\/product_tag?post=1047"},{"taxonomy":"giftcard-category","embeddable":true,"href":"https:\/\/publissoft.dev\/spasante\/wp-json\/wp\/v2\/giftcard-category?post=1047"}],"curies":[{"name":"wp","href":"https:\/\/api.w.org\/{rel}","templated":true}]}}