{"id":1107,"date":"2022-01-27T14:40:26","date_gmt":"2022-01-27T19:40:26","guid":{"rendered":"https:\/\/publissoft.dev\/spasante\/produit\/les-meticuleuses-solution-cuticules-verveine-citron-15-ml\/"},"modified":"2023-04-17T14:46:38","modified_gmt":"2023-04-17T18:46:38","slug":"les-meticuleuses-solution-cuticules-verveine-citron-15-ml","status":"publish","type":"product","link":"https:\/\/publissoft.dev\/spasante\/produit\/les-meticuleuses-solution-cuticules-verveine-citron-15-ml\/","title":{"rendered":"Podosens\u00e9 &#8211; Les m\u00e9ticuleuses solution cuticules (verveine &#038; citron) 15 ml"},"content":{"rendered":"<p data-mce-fragment=\"1\">Enfin ! Une huile pour cuticules qui r\u00e9g\u00e9n\u00e8re, assouplit et traite vos cuticules ! Un m\u00e9lange \u00e9quilibr\u00e9 d\u2019huiles toutes aussi performantes les unes que les autres avec l\u2019ajout d\u2019huiles essentielles qui favoriseront la sant\u00e9 de vos cuticules. Verveine &amp; Citron, un parfum frais, citronn\u00e9, vif !<\/p>\n<h2 data-mce-fragment=\"1\"><span data-mce-fragment=\"1\">Mode d\u2019application :<\/span><\/h2>\n<p data-mce-fragment=\"1\"><strong data-mce-fragment=\"1\">\u00a0<\/strong><\/p>\n<p data-mce-fragment=\"1\">Appliquer sur les cuticules et masser pour bien faire p\u00e9n\u00e9trer. Peut \u00eatre appliqu\u00e9 au besoin !<\/p>\n<table data-mce-fragment=\"1\">\n<tbody data-mce-fragment=\"1\">\n<tr data-mce-fragment=\"1\">\n<td data-mce-fragment=\"1\">\n<p data-mce-fragment=\"1\"><span data-mce-fragment=\"1\"><strong data-mce-fragment=\"1\">Ingr\u00e9dients Principaux<\/strong><\/span><\/p>\n<\/td>\n<td data-mce-fragment=\"1\">\n<p data-mce-fragment=\"1\"><span data-mce-fragment=\"1\"><strong data-mce-fragment=\"1\">B\u00e9n\u00e9fices \/ Propri\u00e9t\u00e9s<\/strong><\/span><\/p>\n<\/td>\n<\/tr>\n<tr data-mce-fragment=\"1\">\n<td data-mce-fragment=\"1\">\n<p data-mce-fragment=\"1\"><strong data-mce-fragment=\"1\">Huile de graines de carthame<\/strong><\/p>\n<\/td>\n<td data-mce-fragment=\"1\">\n<p data-mce-fragment=\"1\">Restructurante et r\u00e9paratrice, elle pr\u00e9serve l&#8217;\u00e9lasticit\u00e9 de la peau. Relipidante, nourrissante, \u00e9molliente, fluide et l\u00e9g\u00e8re, elle p\u00e9n\u00e8tre facilement dans la peau.<\/p>\n<\/td>\n<\/tr>\n<tr data-mce-fragment=\"1\">\n<td data-mce-fragment=\"1\">\n<p data-mce-fragment=\"1\"><strong data-mce-fragment=\"1\">Huile de graines de tournesol<\/strong><\/p>\n<\/td>\n<td data-mce-fragment=\"1\">\n<p data-mce-fragment=\"1\">L&#8217;huile de Tournesol est souvent utilis\u00e9e par l&#8217;industrie cosm\u00e9tique pour sa concentration en vitamine E. Elle fait partie du trio indissociable &#8220;vitamines A, C, E&#8221; qui pi\u00e8ge les radicaux libres.<\/p>\n<\/td>\n<\/tr>\n<tr data-mce-fragment=\"1\">\n<td data-mce-fragment=\"1\">\n<p data-mce-fragment=\"1\">\u00a0<strong data-mce-fragment=\"1\">Huile d\u2019argan<\/strong><\/p>\n<\/td>\n<td data-mce-fragment=\"1\">\n<p data-mce-fragment=\"1\">Comme la peau, les ongles s&#8217;ab\u00eement, se dess\u00e8chent et se cassent avec le froid, l&#8217;eau, les d\u00e9tergents, etc. L&#8217;huile d&#8217;argan regorge de propri\u00e9t\u00e9s hautement hydratantes, antioxydantes et r\u00e9g\u00e9n\u00e9ratrices.<\/p>\n<\/td>\n<\/tr>\n<tr data-mce-fragment=\"1\">\n<td data-mce-fragment=\"1\">\n<p data-mce-fragment=\"1\"><strong data-mce-fragment=\"1\">Huile essentielle de verveine<\/strong><\/p>\n<\/td>\n<td data-mce-fragment=\"1\">\n<p data-mce-fragment=\"1\">Tonifie la peau, bon pour contrer les champignons, dermatites, ecz\u00e9ma sec, infections des pieds, psoriasis, troubles inflammatoires de la peau.<\/p>\n<\/td>\n<\/tr>\n<tr data-mce-fragment=\"1\">\n<td data-mce-fragment=\"1\">\n<p data-mce-fragment=\"1\"><strong data-mce-fragment=\"1\">Huile essentielle de citron<\/strong><\/p>\n<\/td>\n<td data-mce-fragment=\"1\">\n<p data-mce-fragment=\"1\">L&#8217;huile essentielle de citron est utilis\u00e9e pour \u00e9claircir et pour renforcer les ongles cassants.<\/p>\n<\/td>\n<\/tr>\n<\/tbody>\n<\/table>\n<p data-mce-fragment=\"1\">Format : 15 ml<\/p>\n<p data-mce-fragment=\"1\"><span data-mce-fragment=\"1\">Balises:\u00a0<\/span><a href=\"https:\/\/podosense.ca\/boutique\/fr\/product\/search\/?tag=Huile%20essentielle\" data-mce-fragment=\"1\">Huile essentielle<\/a><span data-mce-fragment=\"1\">,\u00a0<\/span><a href=\"https:\/\/podosense.ca\/boutique\/fr\/product\/search\/?tag=cuticule\" data-mce-fragment=\"1\">cuticule<\/a><\/p>\n","protected":false},"excerpt":{"rendered":"<p>Enfin ! Une huile pour cuticules qui r\u00e9g\u00e9n\u00e8re, assouplit et traite vos cuticules ! Un m\u00e9lange \u00e9quilibr\u00e9 d\u2019huiles toutes aussi performantes les unes que les autres avec l\u2019ajout d\u2019huiles essentielles qui favoriseront la sant\u00e9 de vos cuticules. Verveine &amp; Citron, un parfum frais, citronn\u00e9, vif ! Mode d\u2019application : \u00a0 Appliquer sur les cuticules et &hellip;<\/p>\n","protected":false},"featured_media":1143,"template":"","meta":{"_acf_changed":false,"_genesis_hide_title":false,"_genesis_hide_breadcrumbs":false,"_genesis_hide_singular_image":false,"_genesis_hide_footer_widgets":false,"_genesis_custom_body_class":"","_genesis_custom_post_class":"","_genesis_layout":""},"product_cat":[37,36,46],"product_tag":[],"giftcard-category":[],"class_list":{"0":"post-1107","1":"product","2":"type-product","3":"status-publish","4":"has-post-thumbnail","6":"product_cat-produits","7":"product_cat-podosense","8":"product_cat-tous","9":"entry","11":"first","12":"instock","13":"taxable","14":"shipping-taxable","15":"purchasable","16":"product-type-simple"},"acf":[],"yoast_head":"<!-- This site is optimized with the Yoast SEO plugin v22.5 - https:\/\/yoast.com\/wordpress\/plugins\/seo\/ -->\n<title>Podosens\u00e9 - Les m\u00e9ticuleuses solution cuticules (verveine &amp; citron) 15 ml - Spa Sant\u00e9 Le N\u00e9nuphar<\/title>\n<meta name=\"robots\" content=\"noindex, follow, max-snippet:-1, max-image-preview:large, max-video-preview:-1\" \/>\n<meta property=\"og:locale\" content=\"fr_CA\" \/>\n<meta property=\"og:type\" content=\"article\" \/>\n<meta property=\"og:title\" content=\"Podosens\u00e9 - Les m\u00e9ticuleuses solution cuticules (verveine &amp; citron) 15 ml - Spa Sant\u00e9 Le N\u00e9nuphar\" \/>\n<meta property=\"og:description\" content=\"Enfin ! Une huile pour cuticules qui r\u00e9g\u00e9n\u00e8re, assouplit et traite vos cuticules ! Un m\u00e9lange \u00e9quilibr\u00e9 d\u2019huiles toutes aussi performantes les unes que les autres avec l\u2019ajout d\u2019huiles essentielles qui favoriseront la sant\u00e9 de vos cuticules. Verveine &amp; Citron, un parfum frais, citronn\u00e9, vif ! Mode d\u2019application : \u00a0 Appliquer sur les cuticules et &hellip;\" \/>\n<meta property=\"og:url\" content=\"https:\/\/publissoft.dev\/spasante\/produit\/les-meticuleuses-solution-cuticules-verveine-citron-15-ml\/\" \/>\n<meta property=\"og:site_name\" content=\"Spa Sant\u00e9 Le N\u00e9nuphar\" \/>\n<meta property=\"article:publisher\" content=\"https:\/\/www.facebook.com\/SpaSanteLeNenuphar\" \/>\n<meta property=\"article:modified_time\" content=\"2023-04-17T18:46:38+00:00\" \/>\n<meta property=\"og:image\" content=\"https:\/\/publissoft.dev\/spasante\/wp-content\/uploads\/2022\/01\/Lesmeticuleusessolutioncuticules_verveine_citron_15ml.jpg\" \/>\n\t<meta property=\"og:image:width\" content=\"550\" \/>\n\t<meta property=\"og:image:height\" content=\"550\" \/>\n\t<meta property=\"og:image:type\" content=\"image\/jpeg\" \/>\n<meta name=\"twitter:card\" content=\"summary_large_image\" \/>\n<meta name=\"twitter:label1\" content=\"Estimation du temps de lecture\" \/>\n\t<meta name=\"twitter:data1\" content=\"2 minutes\" \/>\n<script type=\"application\/ld+json\" class=\"yoast-schema-graph\">{\"@context\":\"https:\/\/schema.org\",\"@graph\":[{\"@type\":\"WebPage\",\"@id\":\"https:\/\/publissoft.dev\/spasante\/produit\/les-meticuleuses-solution-cuticules-verveine-citron-15-ml\/\",\"url\":\"https:\/\/publissoft.dev\/spasante\/produit\/les-meticuleuses-solution-cuticules-verveine-citron-15-ml\/\",\"name\":\"Podosens\u00e9 - Les m\u00e9ticuleuses solution cuticules (verveine & citron) 15 ml - Spa Sant\u00e9 Le N\u00e9nuphar\",\"isPartOf\":{\"@id\":\"https:\/\/publissoft.dev\/spasante\/#website\"},\"primaryImageOfPage\":{\"@id\":\"https:\/\/publissoft.dev\/spasante\/produit\/les-meticuleuses-solution-cuticules-verveine-citron-15-ml\/#primaryimage\"},\"image\":{\"@id\":\"https:\/\/publissoft.dev\/spasante\/produit\/les-meticuleuses-solution-cuticules-verveine-citron-15-ml\/#primaryimage\"},\"thumbnailUrl\":\"https:\/\/publissoft.dev\/spasante\/wp-content\/uploads\/2022\/01\/Lesmeticuleusessolutioncuticules_verveine_citron_15ml.jpg\",\"datePublished\":\"2022-01-27T19:40:26+00:00\",\"dateModified\":\"2023-04-17T18:46:38+00:00\",\"breadcrumb\":{\"@id\":\"https:\/\/publissoft.dev\/spasante\/produit\/les-meticuleuses-solution-cuticules-verveine-citron-15-ml\/#breadcrumb\"},\"inLanguage\":\"fr-CA\",\"potentialAction\":[{\"@type\":\"ReadAction\",\"target\":[\"https:\/\/publissoft.dev\/spasante\/produit\/les-meticuleuses-solution-cuticules-verveine-citron-15-ml\/\"]}]},{\"@type\":\"ImageObject\",\"inLanguage\":\"fr-CA\",\"@id\":\"https:\/\/publissoft.dev\/spasante\/produit\/les-meticuleuses-solution-cuticules-verveine-citron-15-ml\/#primaryimage\",\"url\":\"https:\/\/publissoft.dev\/spasante\/wp-content\/uploads\/2022\/01\/Lesmeticuleusessolutioncuticules_verveine_citron_15ml.jpg\",\"contentUrl\":\"https:\/\/publissoft.dev\/spasante\/wp-content\/uploads\/2022\/01\/Lesmeticuleusessolutioncuticules_verveine_citron_15ml.jpg\",\"width\":550,\"height\":550},{\"@type\":\"BreadcrumbList\",\"@id\":\"https:\/\/publissoft.dev\/spasante\/produit\/les-meticuleuses-solution-cuticules-verveine-citron-15-ml\/#breadcrumb\",\"itemListElement\":[{\"@type\":\"ListItem\",\"position\":1,\"name\":\"Accueil\",\"item\":\"https:\/\/publissoft.dev\/spasante\/\"},{\"@type\":\"ListItem\",\"position\":2,\"name\":\"Boutique\",\"item\":\"https:\/\/publissoft.dev\/spasante\/boutique\/\"},{\"@type\":\"ListItem\",\"position\":3,\"name\":\"Podosens\u00e9 &#8211; Les m\u00e9ticuleuses solution cuticules (verveine &#038; citron) 15 ml\"}]},{\"@type\":\"WebSite\",\"@id\":\"https:\/\/publissoft.dev\/spasante\/#website\",\"url\":\"https:\/\/publissoft.dev\/spasante\/\",\"name\":\"Spa Sant\u00e9 Le N\u00e9nuphar\",\"description\":\"\",\"publisher\":{\"@id\":\"https:\/\/publissoft.dev\/spasante\/#organization\"},\"potentialAction\":[{\"@type\":\"SearchAction\",\"target\":{\"@type\":\"EntryPoint\",\"urlTemplate\":\"https:\/\/publissoft.dev\/spasante\/?s={search_term_string}\"},\"query-input\":\"required name=search_term_string\"}],\"inLanguage\":\"fr-CA\"},{\"@type\":\"Organization\",\"@id\":\"https:\/\/publissoft.dev\/spasante\/#organization\",\"name\":\"Spa Sant\u00e9 Le N\u00e9nuphar\",\"url\":\"https:\/\/publissoft.dev\/spasante\/\",\"logo\":{\"@type\":\"ImageObject\",\"inLanguage\":\"fr-CA\",\"@id\":\"https:\/\/publissoft.dev\/spasante\/#\/schema\/logo\/image\/\",\"url\":\"https:\/\/publissoft.dev\/spasante\/wp-content\/uploads\/2022\/11\/logo-jpg.jpeg\",\"contentUrl\":\"https:\/\/publissoft.dev\/spasante\/wp-content\/uploads\/2022\/11\/logo-jpg.jpeg\",\"width\":900,\"height\":900,\"caption\":\"Spa Sant\u00e9 Le N\u00e9nuphar\"},\"image\":{\"@id\":\"https:\/\/publissoft.dev\/spasante\/#\/schema\/logo\/image\/\"},\"sameAs\":[\"https:\/\/www.facebook.com\/SpaSanteLeNenuphar\",\"https:\/\/www.instagram.com\/spasantelenenuphar\/?hl=fr\"]}]}<\/script>\n<!-- \/ Yoast SEO plugin. -->","yoast_head_json":{"title":"Podosens\u00e9 - Les m\u00e9ticuleuses solution cuticules (verveine & citron) 15 ml - Spa Sant\u00e9 Le N\u00e9nuphar","robots":{"index":"noindex","follow":"follow","max-snippet":"max-snippet:-1","max-image-preview":"max-image-preview:large","max-video-preview":"max-video-preview:-1"},"og_locale":"fr_CA","og_type":"article","og_title":"Podosens\u00e9 - Les m\u00e9ticuleuses solution cuticules (verveine & citron) 15 ml - Spa Sant\u00e9 Le N\u00e9nuphar","og_description":"Enfin ! Une huile pour cuticules qui r\u00e9g\u00e9n\u00e8re, assouplit et traite vos cuticules ! Un m\u00e9lange \u00e9quilibr\u00e9 d\u2019huiles toutes aussi performantes les unes que les autres avec l\u2019ajout d\u2019huiles essentielles qui favoriseront la sant\u00e9 de vos cuticules. Verveine &amp; Citron, un parfum frais, citronn\u00e9, vif ! Mode d\u2019application : \u00a0 Appliquer sur les cuticules et &hellip;","og_url":"https:\/\/publissoft.dev\/spasante\/produit\/les-meticuleuses-solution-cuticules-verveine-citron-15-ml\/","og_site_name":"Spa Sant\u00e9 Le N\u00e9nuphar","article_publisher":"https:\/\/www.facebook.com\/SpaSanteLeNenuphar","article_modified_time":"2023-04-17T18:46:38+00:00","og_image":[{"width":550,"height":550,"url":"https:\/\/publissoft.dev\/spasante\/wp-content\/uploads\/2022\/01\/Lesmeticuleusessolutioncuticules_verveine_citron_15ml.jpg","type":"image\/jpeg"}],"twitter_card":"summary_large_image","twitter_misc":{"Estimation du temps de lecture":"2 minutes"},"schema":{"@context":"https:\/\/schema.org","@graph":[{"@type":"WebPage","@id":"https:\/\/publissoft.dev\/spasante\/produit\/les-meticuleuses-solution-cuticules-verveine-citron-15-ml\/","url":"https:\/\/publissoft.dev\/spasante\/produit\/les-meticuleuses-solution-cuticules-verveine-citron-15-ml\/","name":"Podosens\u00e9 - Les m\u00e9ticuleuses solution cuticules (verveine & citron) 15 ml - Spa Sant\u00e9 Le N\u00e9nuphar","isPartOf":{"@id":"https:\/\/publissoft.dev\/spasante\/#website"},"primaryImageOfPage":{"@id":"https:\/\/publissoft.dev\/spasante\/produit\/les-meticuleuses-solution-cuticules-verveine-citron-15-ml\/#primaryimage"},"image":{"@id":"https:\/\/publissoft.dev\/spasante\/produit\/les-meticuleuses-solution-cuticules-verveine-citron-15-ml\/#primaryimage"},"thumbnailUrl":"https:\/\/publissoft.dev\/spasante\/wp-content\/uploads\/2022\/01\/Lesmeticuleusessolutioncuticules_verveine_citron_15ml.jpg","datePublished":"2022-01-27T19:40:26+00:00","dateModified":"2023-04-17T18:46:38+00:00","breadcrumb":{"@id":"https:\/\/publissoft.dev\/spasante\/produit\/les-meticuleuses-solution-cuticules-verveine-citron-15-ml\/#breadcrumb"},"inLanguage":"fr-CA","potentialAction":[{"@type":"ReadAction","target":["https:\/\/publissoft.dev\/spasante\/produit\/les-meticuleuses-solution-cuticules-verveine-citron-15-ml\/"]}]},{"@type":"ImageObject","inLanguage":"fr-CA","@id":"https:\/\/publissoft.dev\/spasante\/produit\/les-meticuleuses-solution-cuticules-verveine-citron-15-ml\/#primaryimage","url":"https:\/\/publissoft.dev\/spasante\/wp-content\/uploads\/2022\/01\/Lesmeticuleusessolutioncuticules_verveine_citron_15ml.jpg","contentUrl":"https:\/\/publissoft.dev\/spasante\/wp-content\/uploads\/2022\/01\/Lesmeticuleusessolutioncuticules_verveine_citron_15ml.jpg","width":550,"height":550},{"@type":"BreadcrumbList","@id":"https:\/\/publissoft.dev\/spasante\/produit\/les-meticuleuses-solution-cuticules-verveine-citron-15-ml\/#breadcrumb","itemListElement":[{"@type":"ListItem","position":1,"name":"Accueil","item":"https:\/\/publissoft.dev\/spasante\/"},{"@type":"ListItem","position":2,"name":"Boutique","item":"https:\/\/publissoft.dev\/spasante\/boutique\/"},{"@type":"ListItem","position":3,"name":"Podosens\u00e9 &#8211; Les m\u00e9ticuleuses solution cuticules (verveine &#038; citron) 15 ml"}]},{"@type":"WebSite","@id":"https:\/\/publissoft.dev\/spasante\/#website","url":"https:\/\/publissoft.dev\/spasante\/","name":"Spa Sant\u00e9 Le N\u00e9nuphar","description":"","publisher":{"@id":"https:\/\/publissoft.dev\/spasante\/#organization"},"potentialAction":[{"@type":"SearchAction","target":{"@type":"EntryPoint","urlTemplate":"https:\/\/publissoft.dev\/spasante\/?s={search_term_string}"},"query-input":"required name=search_term_string"}],"inLanguage":"fr-CA"},{"@type":"Organization","@id":"https:\/\/publissoft.dev\/spasante\/#organization","name":"Spa Sant\u00e9 Le N\u00e9nuphar","url":"https:\/\/publissoft.dev\/spasante\/","logo":{"@type":"ImageObject","inLanguage":"fr-CA","@id":"https:\/\/publissoft.dev\/spasante\/#\/schema\/logo\/image\/","url":"https:\/\/publissoft.dev\/spasante\/wp-content\/uploads\/2022\/11\/logo-jpg.jpeg","contentUrl":"https:\/\/publissoft.dev\/spasante\/wp-content\/uploads\/2022\/11\/logo-jpg.jpeg","width":900,"height":900,"caption":"Spa Sant\u00e9 Le N\u00e9nuphar"},"image":{"@id":"https:\/\/publissoft.dev\/spasante\/#\/schema\/logo\/image\/"},"sameAs":["https:\/\/www.facebook.com\/SpaSanteLeNenuphar","https:\/\/www.instagram.com\/spasantelenenuphar\/?hl=fr"]}]}},"_links":{"self":[{"href":"https:\/\/publissoft.dev\/spasante\/wp-json\/wp\/v2\/product\/1107","targetHints":{"allow":["GET"]}}],"collection":[{"href":"https:\/\/publissoft.dev\/spasante\/wp-json\/wp\/v2\/product"}],"about":[{"href":"https:\/\/publissoft.dev\/spasante\/wp-json\/wp\/v2\/types\/product"}],"wp:featuredmedia":[{"embeddable":true,"href":"https:\/\/publissoft.dev\/spasante\/wp-json\/wp\/v2\/media\/1143"}],"wp:attachment":[{"href":"https:\/\/publissoft.dev\/spasante\/wp-json\/wp\/v2\/media?parent=1107"}],"wp:term":[{"taxonomy":"product_cat","embeddable":true,"href":"https:\/\/publissoft.dev\/spasante\/wp-json\/wp\/v2\/product_cat?post=1107"},{"taxonomy":"product_tag","embeddable":true,"href":"https:\/\/publissoft.dev\/spasante\/wp-json\/wp\/v2\/product_tag?post=1107"},{"taxonomy":"giftcard-category","embeddable":true,"href":"https:\/\/publissoft.dev\/spasante\/wp-json\/wp\/v2\/giftcard-category?post=1107"}],"curies":[{"name":"wp","href":"https:\/\/api.w.org\/{rel}","templated":true}]}}