{"id":1164,"date":"2022-01-27T14:41:06","date_gmt":"2022-01-27T19:41:06","guid":{"rendered":"https:\/\/publissoft.dev\/spasante\/produit\/masque-aquaunde\/"},"modified":"2022-07-09T12:35:15","modified_gmt":"2022-07-09T16:35:15","slug":"masque-aquaunde-spa-sante-le-nenuphar","status":"publish","type":"product","link":"https:\/\/publissoft.dev\/spasante\/produit\/masque-aquaunde-spa-sante-le-nenuphar\/","title":{"rendered":"Aquafolia &#8211; Masque AquaUNDE"},"content":{"rendered":"<div data-mce-fragment=\"1\">\n<h3 data-mce-fragment=\"1\">Masque AquaUNDE<\/h3>\n<\/div>\n<div data-mce-fragment=\"1\">\n<div data-mce-fragment=\"1\">\n<p data-mce-fragment=\"1\">Redonne une \u00e9nergie cr\u00e9atrice clarifiante pour une apparence lumineuse de jeunesse. Hydrate<span data-mce-fragment=\"1\">\u2756<\/span>, calme et volumise instantan\u00e9ment.<\/p>\n<\/div>\n<\/div>\n<div data-mce-fragment=\"1\"><span data-mce-fragment=\"1\">Types de peaux<\/span><\/p>\n<div data-mce-fragment=\"1\">Anti-\u00e2ge\u2020 clarifiant et apaisant pour les peaux d\u00e9shydrat\u00e9es ayant des taches pigmentaires. Tous types de peaux<\/div>\n<\/div>\n<div data-mce-fragment=\"1\"><span data-mce-fragment=\"1\">Description<\/span><\/p>\n<div data-mce-fragment=\"1\">\n<p data-mce-fragment=\"1\">Masque clarifiant et hydratant<span data-mce-fragment=\"1\">\u2756<\/span>\u00a0qui r\u00e9g\u00e9n\u00e8re la barri\u00e8re d\u2019hydratation de la peau. Aide visiblement \u00e0 r\u00e9duire l\u2019apparence des taches pigmentaires, des rides et des ridules.<\/p>\n<\/div>\n<\/div>\n<div data-mce-fragment=\"1\"><span data-mce-fragment=\"1\">Caract\u00e9ristiques et fonctions du produit<\/span><\/p>\n<div data-mce-fragment=\"1\">\n<ul data-mce-fragment=\"1\">\n<li data-mce-fragment=\"1\">Offert en pot<\/li>\n<li data-mce-fragment=\"1\">Effet imm\u00e9diat liftant et lissant \u2013 diminution instantan\u00e9e de l\u2019apparence des rides et ridules<\/li>\n<li data-mce-fragment=\"1\">Masque Cr\u00e8me nourrissant \u2013 ne s\u00e8che pas<\/li>\n<li data-mce-fragment=\"1\">R\u00e9duit visiblement l\u2019apparence des taches pigmentaires<\/li>\n<li data-mce-fragment=\"1\">S\u00e9curitaire et non-photosensibilisant<\/li>\n<li data-mce-fragment=\"1\">Clarifie le teint<\/li>\n<li data-mce-fragment=\"1\">Diminue l\u2019apparence des rougeurs \u2013 calmant<\/li>\n<li data-mce-fragment=\"1\">Ultra-hydratant<span data-mce-fragment=\"1\">\u2756<\/span>\u00a0instantan\u00e9<\/li>\n<\/ul>\n<\/div>\n<\/div>\n<div data-mce-fragment=\"1\"><span data-mce-fragment=\"1\">Mode d&#8217;emploi<\/span><\/p>\n<div data-mce-fragment=\"1\">\n<p data-mce-fragment=\"1\">Appliquer le matin ou le soir. Laisser agir pendant 10 minutes, puis masser avec de l\u2019eau et rincer. Appliquer apr\u00e8s l\u2019exfoliant pour un r\u00e9sultat optimal. Pour les peaux sans imperfections, appliquer une mince couche pour la nuit sur votre cr\u00e8me.<\/p>\n<\/div>\n<\/div>\n<div data-mce-fragment=\"1\"><span data-mce-fragment=\"1\">Ingr\u00e9dients choisis<\/span><\/p>\n<div data-mce-fragment=\"1\">\n<div data-mce-fragment=\"1\">\n<p data-mce-fragment=\"1\"><em data-mce-fragment=\"1\">(Information \u00e9ducative selon des \u00e9tudes in-vitro et\/ou in-vivo et\/ou ex-vivo des ingr\u00e9dients qui ne repr\u00e9sente pas les fonctions du produit)<\/em><em data-mce-fragment=\"1\">\u00a0<\/em><\/p>\n<\/div>\n<ul data-mce-fragment=\"1\">\n<li data-mce-fragment=\"1\">Redonne du confort et de la souplesse \u00e0 la peau (beurre de karit\u00e9 et huile de jojoba)<\/li>\n<li data-mce-fragment=\"1\">Riche en acides gras essentiels (extrait d\u2019airelle et de soja)<\/li>\n<li data-mce-fragment=\"1\">Inhibe la tyrosinase (peptides clarifiants de petits poids mol\u00e9culaires)<\/li>\n<li data-mce-fragment=\"1\">Hydrate<span data-mce-fragment=\"1\">\u2756<\/span>\u00a0et lutte contre le stress oxydatif (extrait high tech de phragmites kharka et poria cocos)<\/li>\n<\/ul>\n<p data-mce-fragment=\"1\"><span data-mce-fragment=\"1\"><em data-mce-fragment=\"1\">\u2756\u00a0Des couches superficielles de l\u2019\u00e9piderme<\/em><\/span><br data-mce-fragment=\"1\" \/><span data-mce-fragment=\"1\"><em data-mce-fragment=\"1\">\u2020 En termes d\u2019apparence et\/ou de sensation<\/em><\/span><\/p>\n<\/div>\n<\/div>\n","protected":false},"excerpt":{"rendered":"<p>Masque AquaUNDE Redonne une \u00e9nergie cr\u00e9atrice clarifiante pour une apparence lumineuse de jeunesse. Hydrate\u2756, calme et volumise instantan\u00e9ment. Types de peaux Anti-\u00e2ge\u2020 clarifiant et apaisant pour les peaux d\u00e9shydrat\u00e9es ayant des taches pigmentaires. Tous types de peaux Description Masque clarifiant et hydratant\u2756\u00a0qui r\u00e9g\u00e9n\u00e8re la barri\u00e8re d\u2019hydratation de la peau. Aide visiblement \u00e0 r\u00e9duire l\u2019apparence des &hellip;<\/p>\n","protected":false},"featured_media":1191,"template":"","meta":{"_acf_changed":false,"_genesis_hide_title":false,"_genesis_hide_breadcrumbs":false,"_genesis_hide_singular_image":false,"_genesis_hide_footer_widgets":false,"_genesis_custom_body_class":"","_genesis_custom_post_class":"","_genesis_layout":""},"product_cat":[53,37,18,46],"product_tag":[],"giftcard-category":[],"class_list":{"0":"post-1164","1":"product","2":"type-product","3":"status-publish","4":"has-post-thumbnail","6":"product_cat-gift-card","7":"product_cat-produits","8":"product_cat-aquafolia","9":"product_cat-tous","10":"entry","12":"first","13":"instock","14":"taxable","15":"shipping-taxable","16":"purchasable","17":"product-type-simple"},"acf":[],"yoast_head":"<!-- This site is optimized with the Yoast SEO plugin v22.5 - https:\/\/yoast.com\/wordpress\/plugins\/seo\/ -->\n<title>Aquafolia - Masque AquaUNDE - Spa Sant\u00e9 Le N\u00e9nuphar<\/title>\n<meta name=\"description\" content=\"Masque AquaUNDE - Restaure l&#039;\u00e9nergie cr\u00e9atrice clarifiante pour une apparence lumineuse et jeune. Hydrate, apaise et repulpe instantan\u00e9ment. Cliquez ici !\" \/>\n<meta name=\"robots\" content=\"noindex, follow, max-snippet:-1, max-image-preview:large, max-video-preview:-1\" \/>\n<meta property=\"og:locale\" content=\"fr_CA\" \/>\n<meta property=\"og:type\" content=\"article\" \/>\n<meta property=\"og:title\" content=\"Aquafolia - Masque AquaUNDE - Spa Sant\u00e9 Le N\u00e9nuphar\" \/>\n<meta property=\"og:description\" content=\"Masque AquaUNDE - Restaure l&#039;\u00e9nergie cr\u00e9atrice clarifiante pour une apparence lumineuse et jeune. Hydrate, apaise et repulpe instantan\u00e9ment. Cliquez ici !\" \/>\n<meta property=\"og:url\" content=\"https:\/\/publissoft.dev\/spasante\/produit\/masque-aquaunde-spa-sante-le-nenuphar\/\" \/>\n<meta property=\"og:site_name\" content=\"Spa Sant\u00e9 Le N\u00e9nuphar\" \/>\n<meta property=\"article:publisher\" content=\"https:\/\/www.facebook.com\/SpaSanteLeNenuphar\" \/>\n<meta property=\"article:modified_time\" content=\"2022-07-09T16:35:15+00:00\" \/>\n<meta property=\"og:image\" content=\"https:\/\/publissoft.dev\/spasante\/wp-content\/uploads\/2022\/01\/SpaSanteLeNenuphar_AquaUnde_Masque_75ml.jpg\" \/>\n\t<meta property=\"og:image:width\" content=\"1212\" \/>\n\t<meta property=\"og:image:height\" content=\"1251\" \/>\n\t<meta property=\"og:image:type\" content=\"image\/jpeg\" \/>\n<meta name=\"twitter:card\" content=\"summary_large_image\" \/>\n<meta name=\"twitter:label1\" content=\"Estimation du temps de lecture\" \/>\n\t<meta name=\"twitter:data1\" content=\"1 minute\" \/>\n<script type=\"application\/ld+json\" class=\"yoast-schema-graph\">{\"@context\":\"https:\/\/schema.org\",\"@graph\":[{\"@type\":\"WebPage\",\"@id\":\"https:\/\/publissoft.dev\/spasante\/produit\/masque-aquaunde-spa-sante-le-nenuphar\/\",\"url\":\"https:\/\/publissoft.dev\/spasante\/produit\/masque-aquaunde-spa-sante-le-nenuphar\/\",\"name\":\"Aquafolia - Masque AquaUNDE - Spa Sant\u00e9 Le N\u00e9nuphar\",\"isPartOf\":{\"@id\":\"https:\/\/publissoft.dev\/spasante\/#website\"},\"primaryImageOfPage\":{\"@id\":\"https:\/\/publissoft.dev\/spasante\/produit\/masque-aquaunde-spa-sante-le-nenuphar\/#primaryimage\"},\"image\":{\"@id\":\"https:\/\/publissoft.dev\/spasante\/produit\/masque-aquaunde-spa-sante-le-nenuphar\/#primaryimage\"},\"thumbnailUrl\":\"https:\/\/publissoft.dev\/spasante\/wp-content\/uploads\/2022\/01\/SpaSanteLeNenuphar_AquaUnde_Masque_75ml.jpg\",\"datePublished\":\"2022-01-27T19:41:06+00:00\",\"dateModified\":\"2022-07-09T16:35:15+00:00\",\"description\":\"Masque AquaUNDE - Restaure l'\u00e9nergie cr\u00e9atrice clarifiante pour une apparence lumineuse et jeune. Hydrate, apaise et repulpe instantan\u00e9ment. Cliquez ici !\",\"breadcrumb\":{\"@id\":\"https:\/\/publissoft.dev\/spasante\/produit\/masque-aquaunde-spa-sante-le-nenuphar\/#breadcrumb\"},\"inLanguage\":\"fr-CA\",\"potentialAction\":[{\"@type\":\"ReadAction\",\"target\":[\"https:\/\/publissoft.dev\/spasante\/produit\/masque-aquaunde-spa-sante-le-nenuphar\/\"]}]},{\"@type\":\"ImageObject\",\"inLanguage\":\"fr-CA\",\"@id\":\"https:\/\/publissoft.dev\/spasante\/produit\/masque-aquaunde-spa-sante-le-nenuphar\/#primaryimage\",\"url\":\"https:\/\/publissoft.dev\/spasante\/wp-content\/uploads\/2022\/01\/SpaSanteLeNenuphar_AquaUnde_Masque_75ml.jpg\",\"contentUrl\":\"https:\/\/publissoft.dev\/spasante\/wp-content\/uploads\/2022\/01\/SpaSanteLeNenuphar_AquaUnde_Masque_75ml.jpg\",\"width\":1212,\"height\":1251},{\"@type\":\"BreadcrumbList\",\"@id\":\"https:\/\/publissoft.dev\/spasante\/produit\/masque-aquaunde-spa-sante-le-nenuphar\/#breadcrumb\",\"itemListElement\":[{\"@type\":\"ListItem\",\"position\":1,\"name\":\"Accueil\",\"item\":\"https:\/\/publissoft.dev\/spasante\/\"},{\"@type\":\"ListItem\",\"position\":2,\"name\":\"Boutique\",\"item\":\"https:\/\/publissoft.dev\/spasante\/boutique\/\"},{\"@type\":\"ListItem\",\"position\":3,\"name\":\"Aquafolia &#8211; Masque AquaUNDE\"}]},{\"@type\":\"WebSite\",\"@id\":\"https:\/\/publissoft.dev\/spasante\/#website\",\"url\":\"https:\/\/publissoft.dev\/spasante\/\",\"name\":\"Spa Sant\u00e9 Le N\u00e9nuphar\",\"description\":\"\",\"publisher\":{\"@id\":\"https:\/\/publissoft.dev\/spasante\/#organization\"},\"potentialAction\":[{\"@type\":\"SearchAction\",\"target\":{\"@type\":\"EntryPoint\",\"urlTemplate\":\"https:\/\/publissoft.dev\/spasante\/?s={search_term_string}\"},\"query-input\":\"required name=search_term_string\"}],\"inLanguage\":\"fr-CA\"},{\"@type\":\"Organization\",\"@id\":\"https:\/\/publissoft.dev\/spasante\/#organization\",\"name\":\"Spa Sant\u00e9 Le N\u00e9nuphar\",\"url\":\"https:\/\/publissoft.dev\/spasante\/\",\"logo\":{\"@type\":\"ImageObject\",\"inLanguage\":\"fr-CA\",\"@id\":\"https:\/\/publissoft.dev\/spasante\/#\/schema\/logo\/image\/\",\"url\":\"https:\/\/publissoft.dev\/spasante\/wp-content\/uploads\/2022\/11\/logo-jpg.jpeg\",\"contentUrl\":\"https:\/\/publissoft.dev\/spasante\/wp-content\/uploads\/2022\/11\/logo-jpg.jpeg\",\"width\":900,\"height\":900,\"caption\":\"Spa Sant\u00e9 Le N\u00e9nuphar\"},\"image\":{\"@id\":\"https:\/\/publissoft.dev\/spasante\/#\/schema\/logo\/image\/\"},\"sameAs\":[\"https:\/\/www.facebook.com\/SpaSanteLeNenuphar\",\"https:\/\/www.instagram.com\/spasantelenenuphar\/?hl=fr\"]}]}<\/script>\n<!-- \/ Yoast SEO plugin. -->","yoast_head_json":{"title":"Aquafolia - Masque AquaUNDE - Spa Sant\u00e9 Le N\u00e9nuphar","description":"Masque AquaUNDE - Restaure l'\u00e9nergie cr\u00e9atrice clarifiante pour une apparence lumineuse et jeune. Hydrate, apaise et repulpe instantan\u00e9ment. Cliquez ici !","robots":{"index":"noindex","follow":"follow","max-snippet":"max-snippet:-1","max-image-preview":"max-image-preview:large","max-video-preview":"max-video-preview:-1"},"og_locale":"fr_CA","og_type":"article","og_title":"Aquafolia - Masque AquaUNDE - Spa Sant\u00e9 Le N\u00e9nuphar","og_description":"Masque AquaUNDE - Restaure l'\u00e9nergie cr\u00e9atrice clarifiante pour une apparence lumineuse et jeune. Hydrate, apaise et repulpe instantan\u00e9ment. Cliquez ici !","og_url":"https:\/\/publissoft.dev\/spasante\/produit\/masque-aquaunde-spa-sante-le-nenuphar\/","og_site_name":"Spa Sant\u00e9 Le N\u00e9nuphar","article_publisher":"https:\/\/www.facebook.com\/SpaSanteLeNenuphar","article_modified_time":"2022-07-09T16:35:15+00:00","og_image":[{"width":1212,"height":1251,"url":"https:\/\/publissoft.dev\/spasante\/wp-content\/uploads\/2022\/01\/SpaSanteLeNenuphar_AquaUnde_Masque_75ml.jpg","type":"image\/jpeg"}],"twitter_card":"summary_large_image","twitter_misc":{"Estimation du temps de lecture":"1 minute"},"schema":{"@context":"https:\/\/schema.org","@graph":[{"@type":"WebPage","@id":"https:\/\/publissoft.dev\/spasante\/produit\/masque-aquaunde-spa-sante-le-nenuphar\/","url":"https:\/\/publissoft.dev\/spasante\/produit\/masque-aquaunde-spa-sante-le-nenuphar\/","name":"Aquafolia - Masque AquaUNDE - Spa Sant\u00e9 Le N\u00e9nuphar","isPartOf":{"@id":"https:\/\/publissoft.dev\/spasante\/#website"},"primaryImageOfPage":{"@id":"https:\/\/publissoft.dev\/spasante\/produit\/masque-aquaunde-spa-sante-le-nenuphar\/#primaryimage"},"image":{"@id":"https:\/\/publissoft.dev\/spasante\/produit\/masque-aquaunde-spa-sante-le-nenuphar\/#primaryimage"},"thumbnailUrl":"https:\/\/publissoft.dev\/spasante\/wp-content\/uploads\/2022\/01\/SpaSanteLeNenuphar_AquaUnde_Masque_75ml.jpg","datePublished":"2022-01-27T19:41:06+00:00","dateModified":"2022-07-09T16:35:15+00:00","description":"Masque AquaUNDE - Restaure l'\u00e9nergie cr\u00e9atrice clarifiante pour une apparence lumineuse et jeune. Hydrate, apaise et repulpe instantan\u00e9ment. Cliquez ici !","breadcrumb":{"@id":"https:\/\/publissoft.dev\/spasante\/produit\/masque-aquaunde-spa-sante-le-nenuphar\/#breadcrumb"},"inLanguage":"fr-CA","potentialAction":[{"@type":"ReadAction","target":["https:\/\/publissoft.dev\/spasante\/produit\/masque-aquaunde-spa-sante-le-nenuphar\/"]}]},{"@type":"ImageObject","inLanguage":"fr-CA","@id":"https:\/\/publissoft.dev\/spasante\/produit\/masque-aquaunde-spa-sante-le-nenuphar\/#primaryimage","url":"https:\/\/publissoft.dev\/spasante\/wp-content\/uploads\/2022\/01\/SpaSanteLeNenuphar_AquaUnde_Masque_75ml.jpg","contentUrl":"https:\/\/publissoft.dev\/spasante\/wp-content\/uploads\/2022\/01\/SpaSanteLeNenuphar_AquaUnde_Masque_75ml.jpg","width":1212,"height":1251},{"@type":"BreadcrumbList","@id":"https:\/\/publissoft.dev\/spasante\/produit\/masque-aquaunde-spa-sante-le-nenuphar\/#breadcrumb","itemListElement":[{"@type":"ListItem","position":1,"name":"Accueil","item":"https:\/\/publissoft.dev\/spasante\/"},{"@type":"ListItem","position":2,"name":"Boutique","item":"https:\/\/publissoft.dev\/spasante\/boutique\/"},{"@type":"ListItem","position":3,"name":"Aquafolia &#8211; Masque AquaUNDE"}]},{"@type":"WebSite","@id":"https:\/\/publissoft.dev\/spasante\/#website","url":"https:\/\/publissoft.dev\/spasante\/","name":"Spa Sant\u00e9 Le N\u00e9nuphar","description":"","publisher":{"@id":"https:\/\/publissoft.dev\/spasante\/#organization"},"potentialAction":[{"@type":"SearchAction","target":{"@type":"EntryPoint","urlTemplate":"https:\/\/publissoft.dev\/spasante\/?s={search_term_string}"},"query-input":"required name=search_term_string"}],"inLanguage":"fr-CA"},{"@type":"Organization","@id":"https:\/\/publissoft.dev\/spasante\/#organization","name":"Spa Sant\u00e9 Le N\u00e9nuphar","url":"https:\/\/publissoft.dev\/spasante\/","logo":{"@type":"ImageObject","inLanguage":"fr-CA","@id":"https:\/\/publissoft.dev\/spasante\/#\/schema\/logo\/image\/","url":"https:\/\/publissoft.dev\/spasante\/wp-content\/uploads\/2022\/11\/logo-jpg.jpeg","contentUrl":"https:\/\/publissoft.dev\/spasante\/wp-content\/uploads\/2022\/11\/logo-jpg.jpeg","width":900,"height":900,"caption":"Spa Sant\u00e9 Le N\u00e9nuphar"},"image":{"@id":"https:\/\/publissoft.dev\/spasante\/#\/schema\/logo\/image\/"},"sameAs":["https:\/\/www.facebook.com\/SpaSanteLeNenuphar","https:\/\/www.instagram.com\/spasantelenenuphar\/?hl=fr"]}]}},"_links":{"self":[{"href":"https:\/\/publissoft.dev\/spasante\/wp-json\/wp\/v2\/product\/1164","targetHints":{"allow":["GET"]}}],"collection":[{"href":"https:\/\/publissoft.dev\/spasante\/wp-json\/wp\/v2\/product"}],"about":[{"href":"https:\/\/publissoft.dev\/spasante\/wp-json\/wp\/v2\/types\/product"}],"wp:featuredmedia":[{"embeddable":true,"href":"https:\/\/publissoft.dev\/spasante\/wp-json\/wp\/v2\/media\/1191"}],"wp:attachment":[{"href":"https:\/\/publissoft.dev\/spasante\/wp-json\/wp\/v2\/media?parent=1164"}],"wp:term":[{"taxonomy":"product_cat","embeddable":true,"href":"https:\/\/publissoft.dev\/spasante\/wp-json\/wp\/v2\/product_cat?post=1164"},{"taxonomy":"product_tag","embeddable":true,"href":"https:\/\/publissoft.dev\/spasante\/wp-json\/wp\/v2\/product_tag?post=1164"},{"taxonomy":"giftcard-category","embeddable":true,"href":"https:\/\/publissoft.dev\/spasante\/wp-json\/wp\/v2\/giftcard-category?post=1164"}],"curies":[{"name":"wp","href":"https:\/\/api.w.org\/{rel}","templated":true}]}}