{"id":1168,"date":"2022-01-27T14:41:08","date_gmt":"2022-01-27T14:41:08","guid":{"rendered":"https:\/\/publissoft.dev\/spasante\/produit\/massage-aux-pierres-chaudes-90-minutes\/"},"modified":"2023-11-01T08:46:09","modified_gmt":"2023-11-01T12:46:09","slug":"massage-aux-pierres-chaudes-90-minutes","status":"publish","type":"product","link":"https:\/\/publissoft.dev\/spasante\/produit\/massage-aux-pierres-chaudes-90-minutes\/","title":{"rendered":"Massage aux pierres chaudes 90 minutes"},"content":{"rendered":"<p data-mce-fragment=\"1\"><span data-mce-fragment=\"1\">Cette pratique traditionnelle consiste \u00e0 chauffer des pierres de basalte dans un bain d\u2019eau chaude dont la temp\u00e9rature reste constante, afin d\u2019induire lors du massage avec ces pierres, des effets physiologiques de d\u00e9tente et de d\u00e9toxification.<\/span><\/p>\n<p data-mce-fragment=\"1\">90 minutes<\/p>\n<p data-mce-fragment=\"1\">AUSSI DISPONIBLE : Massage aux\u00a0coquillages chauds<\/p>\n","protected":false},"excerpt":{"rendered":"<p>Cette pratique traditionnelle consiste \u00e0 chauffer des pierres de basalte dans un bain d\u2019eau chaude dont la temp\u00e9rature reste constante, afin d\u2019induire lors du massage avec ces pierres, des effets physiologiques de d\u00e9tente et de d\u00e9toxification. 90 minutes AUSSI DISPONIBLE : Massage aux\u00a0coquillages chauds<\/p>\n","protected":false},"featured_media":1195,"template":"","meta":{"_acf_changed":false,"_genesis_hide_title":false,"_genesis_hide_breadcrumbs":false,"_genesis_hide_singular_image":false,"_genesis_hide_footer_widgets":false,"_genesis_custom_body_class":"","_genesis_custom_post_class":"","_genesis_layout":""},"product_cat":[53,33,46,60],"product_tag":[],"giftcard-category":[],"class_list":{"0":"post-1168","1":"product","2":"type-product","3":"status-publish","4":"has-post-thumbnail","6":"product_cat-gift-card","7":"product_cat-massotherapie","8":"product_cat-tous","9":"product_cat-massages","10":"entry","12":"first","13":"instock","14":"taxable","15":"shipping-taxable","16":"purchasable","17":"product-type-simple"},"acf":[],"yoast_head":"<!-- This site is optimized with the Yoast SEO plugin v22.5 - https:\/\/yoast.com\/wordpress\/plugins\/seo\/ -->\n<title>Massage aux pierres chaudes 90 minutes - Spa Sant\u00e9 Le N\u00e9nuphar<\/title>\n<meta name=\"robots\" content=\"noindex, follow, max-snippet:-1, max-image-preview:large, max-video-preview:-1\" \/>\n<meta property=\"og:locale\" content=\"fr_CA\" \/>\n<meta property=\"og:type\" content=\"article\" \/>\n<meta property=\"og:title\" content=\"Massage aux pierres chaudes 90 minutes - Spa Sant\u00e9 Le N\u00e9nuphar\" \/>\n<meta property=\"og:description\" content=\"Cette pratique traditionnelle consiste \u00e0 chauffer des pierres de basalte dans un bain d\u2019eau chaude dont la temp\u00e9rature reste constante, afin d\u2019induire lors du massage avec ces pierres, des effets physiologiques de d\u00e9tente et de d\u00e9toxification. 90 minutes AUSSI DISPONIBLE : Massage aux\u00a0coquillages chauds\" \/>\n<meta property=\"og:url\" content=\"https:\/\/publissoft.dev\/spasante\/produit\/massage-aux-pierres-chaudes-90-minutes\/\" \/>\n<meta property=\"og:site_name\" content=\"Spa Sant\u00e9 Le N\u00e9nuphar\" \/>\n<meta property=\"article:publisher\" content=\"https:\/\/www.facebook.com\/SpaSanteLeNenuphar\" \/>\n<meta property=\"article:modified_time\" content=\"2023-11-01T12:46:09+00:00\" \/>\n<meta property=\"og:image\" content=\"https:\/\/publissoft.dev\/spasante\/wp-content\/uploads\/2022\/01\/Massageauxpierreschaudes90minutes.jpg\" \/>\n\t<meta property=\"og:image:width\" content=\"344\" \/>\n\t<meta property=\"og:image:height\" content=\"258\" \/>\n\t<meta property=\"og:image:type\" content=\"image\/jpeg\" \/>\n<meta name=\"twitter:card\" content=\"summary_large_image\" \/>\n<meta name=\"twitter:label1\" content=\"Estimation du temps de lecture\" \/>\n\t<meta name=\"twitter:data1\" content=\"1 minute\" \/>\n<script type=\"application\/ld+json\" class=\"yoast-schema-graph\">{\"@context\":\"https:\/\/schema.org\",\"@graph\":[{\"@type\":\"WebPage\",\"@id\":\"https:\/\/publissoft.dev\/spasante\/produit\/massage-aux-pierres-chaudes-90-minutes\/\",\"url\":\"https:\/\/publissoft.dev\/spasante\/produit\/massage-aux-pierres-chaudes-90-minutes\/\",\"name\":\"Massage aux pierres chaudes 90 minutes - Spa Sant\u00e9 Le N\u00e9nuphar\",\"isPartOf\":{\"@id\":\"https:\/\/publissoft.dev\/spasante\/#website\"},\"primaryImageOfPage\":{\"@id\":\"https:\/\/publissoft.dev\/spasante\/produit\/massage-aux-pierres-chaudes-90-minutes\/#primaryimage\"},\"image\":{\"@id\":\"https:\/\/publissoft.dev\/spasante\/produit\/massage-aux-pierres-chaudes-90-minutes\/#primaryimage\"},\"thumbnailUrl\":\"https:\/\/publissoft.dev\/spasante\/wp-content\/uploads\/2022\/01\/Massageauxpierreschaudes90minutes.jpg\",\"datePublished\":\"2022-01-27T14:41:08+00:00\",\"dateModified\":\"2023-11-01T12:46:09+00:00\",\"breadcrumb\":{\"@id\":\"https:\/\/publissoft.dev\/spasante\/produit\/massage-aux-pierres-chaudes-90-minutes\/#breadcrumb\"},\"inLanguage\":\"fr-CA\",\"potentialAction\":[{\"@type\":\"ReadAction\",\"target\":[\"https:\/\/publissoft.dev\/spasante\/produit\/massage-aux-pierres-chaudes-90-minutes\/\"]}]},{\"@type\":\"ImageObject\",\"inLanguage\":\"fr-CA\",\"@id\":\"https:\/\/publissoft.dev\/spasante\/produit\/massage-aux-pierres-chaudes-90-minutes\/#primaryimage\",\"url\":\"https:\/\/publissoft.dev\/spasante\/wp-content\/uploads\/2022\/01\/Massageauxpierreschaudes90minutes.jpg\",\"contentUrl\":\"https:\/\/publissoft.dev\/spasante\/wp-content\/uploads\/2022\/01\/Massageauxpierreschaudes90minutes.jpg\",\"width\":344,\"height\":258},{\"@type\":\"BreadcrumbList\",\"@id\":\"https:\/\/publissoft.dev\/spasante\/produit\/massage-aux-pierres-chaudes-90-minutes\/#breadcrumb\",\"itemListElement\":[{\"@type\":\"ListItem\",\"position\":1,\"name\":\"Accueil\",\"item\":\"https:\/\/publissoft.dev\/spasante\/\"},{\"@type\":\"ListItem\",\"position\":2,\"name\":\"Boutique\",\"item\":\"https:\/\/publissoft.dev\/spasante\/boutique\/\"},{\"@type\":\"ListItem\",\"position\":3,\"name\":\"Massage aux pierres chaudes 90 minutes\"}]},{\"@type\":\"WebSite\",\"@id\":\"https:\/\/publissoft.dev\/spasante\/#website\",\"url\":\"https:\/\/publissoft.dev\/spasante\/\",\"name\":\"Spa Sant\u00e9 Le N\u00e9nuphar\",\"description\":\"\",\"publisher\":{\"@id\":\"https:\/\/publissoft.dev\/spasante\/#organization\"},\"potentialAction\":[{\"@type\":\"SearchAction\",\"target\":{\"@type\":\"EntryPoint\",\"urlTemplate\":\"https:\/\/publissoft.dev\/spasante\/?s={search_term_string}\"},\"query-input\":\"required name=search_term_string\"}],\"inLanguage\":\"fr-CA\"},{\"@type\":\"Organization\",\"@id\":\"https:\/\/publissoft.dev\/spasante\/#organization\",\"name\":\"Spa Sant\u00e9 Le N\u00e9nuphar\",\"url\":\"https:\/\/publissoft.dev\/spasante\/\",\"logo\":{\"@type\":\"ImageObject\",\"inLanguage\":\"fr-CA\",\"@id\":\"https:\/\/publissoft.dev\/spasante\/#\/schema\/logo\/image\/\",\"url\":\"https:\/\/publissoft.dev\/spasante\/wp-content\/uploads\/2022\/11\/logo-jpg.jpeg\",\"contentUrl\":\"https:\/\/publissoft.dev\/spasante\/wp-content\/uploads\/2022\/11\/logo-jpg.jpeg\",\"width\":900,\"height\":900,\"caption\":\"Spa Sant\u00e9 Le N\u00e9nuphar\"},\"image\":{\"@id\":\"https:\/\/publissoft.dev\/spasante\/#\/schema\/logo\/image\/\"},\"sameAs\":[\"https:\/\/www.facebook.com\/SpaSanteLeNenuphar\",\"https:\/\/www.instagram.com\/spasantelenenuphar\/?hl=fr\"]}]}<\/script>\n<!-- \/ Yoast SEO plugin. -->","yoast_head_json":{"title":"Massage aux pierres chaudes 90 minutes - Spa Sant\u00e9 Le N\u00e9nuphar","robots":{"index":"noindex","follow":"follow","max-snippet":"max-snippet:-1","max-image-preview":"max-image-preview:large","max-video-preview":"max-video-preview:-1"},"og_locale":"fr_CA","og_type":"article","og_title":"Massage aux pierres chaudes 90 minutes - Spa Sant\u00e9 Le N\u00e9nuphar","og_description":"Cette pratique traditionnelle consiste \u00e0 chauffer des pierres de basalte dans un bain d\u2019eau chaude dont la temp\u00e9rature reste constante, afin d\u2019induire lors du massage avec ces pierres, des effets physiologiques de d\u00e9tente et de d\u00e9toxification. 90 minutes AUSSI DISPONIBLE : Massage aux\u00a0coquillages chauds","og_url":"https:\/\/publissoft.dev\/spasante\/produit\/massage-aux-pierres-chaudes-90-minutes\/","og_site_name":"Spa Sant\u00e9 Le N\u00e9nuphar","article_publisher":"https:\/\/www.facebook.com\/SpaSanteLeNenuphar","article_modified_time":"2023-11-01T12:46:09+00:00","og_image":[{"width":344,"height":258,"url":"https:\/\/publissoft.dev\/spasante\/wp-content\/uploads\/2022\/01\/Massageauxpierreschaudes90minutes.jpg","type":"image\/jpeg"}],"twitter_card":"summary_large_image","twitter_misc":{"Estimation du temps de lecture":"1 minute"},"schema":{"@context":"https:\/\/schema.org","@graph":[{"@type":"WebPage","@id":"https:\/\/publissoft.dev\/spasante\/produit\/massage-aux-pierres-chaudes-90-minutes\/","url":"https:\/\/publissoft.dev\/spasante\/produit\/massage-aux-pierres-chaudes-90-minutes\/","name":"Massage aux pierres chaudes 90 minutes - Spa Sant\u00e9 Le N\u00e9nuphar","isPartOf":{"@id":"https:\/\/publissoft.dev\/spasante\/#website"},"primaryImageOfPage":{"@id":"https:\/\/publissoft.dev\/spasante\/produit\/massage-aux-pierres-chaudes-90-minutes\/#primaryimage"},"image":{"@id":"https:\/\/publissoft.dev\/spasante\/produit\/massage-aux-pierres-chaudes-90-minutes\/#primaryimage"},"thumbnailUrl":"https:\/\/publissoft.dev\/spasante\/wp-content\/uploads\/2022\/01\/Massageauxpierreschaudes90minutes.jpg","datePublished":"2022-01-27T14:41:08+00:00","dateModified":"2023-11-01T12:46:09+00:00","breadcrumb":{"@id":"https:\/\/publissoft.dev\/spasante\/produit\/massage-aux-pierres-chaudes-90-minutes\/#breadcrumb"},"inLanguage":"fr-CA","potentialAction":[{"@type":"ReadAction","target":["https:\/\/publissoft.dev\/spasante\/produit\/massage-aux-pierres-chaudes-90-minutes\/"]}]},{"@type":"ImageObject","inLanguage":"fr-CA","@id":"https:\/\/publissoft.dev\/spasante\/produit\/massage-aux-pierres-chaudes-90-minutes\/#primaryimage","url":"https:\/\/publissoft.dev\/spasante\/wp-content\/uploads\/2022\/01\/Massageauxpierreschaudes90minutes.jpg","contentUrl":"https:\/\/publissoft.dev\/spasante\/wp-content\/uploads\/2022\/01\/Massageauxpierreschaudes90minutes.jpg","width":344,"height":258},{"@type":"BreadcrumbList","@id":"https:\/\/publissoft.dev\/spasante\/produit\/massage-aux-pierres-chaudes-90-minutes\/#breadcrumb","itemListElement":[{"@type":"ListItem","position":1,"name":"Accueil","item":"https:\/\/publissoft.dev\/spasante\/"},{"@type":"ListItem","position":2,"name":"Boutique","item":"https:\/\/publissoft.dev\/spasante\/boutique\/"},{"@type":"ListItem","position":3,"name":"Massage aux pierres chaudes 90 minutes"}]},{"@type":"WebSite","@id":"https:\/\/publissoft.dev\/spasante\/#website","url":"https:\/\/publissoft.dev\/spasante\/","name":"Spa Sant\u00e9 Le N\u00e9nuphar","description":"","publisher":{"@id":"https:\/\/publissoft.dev\/spasante\/#organization"},"potentialAction":[{"@type":"SearchAction","target":{"@type":"EntryPoint","urlTemplate":"https:\/\/publissoft.dev\/spasante\/?s={search_term_string}"},"query-input":"required name=search_term_string"}],"inLanguage":"fr-CA"},{"@type":"Organization","@id":"https:\/\/publissoft.dev\/spasante\/#organization","name":"Spa Sant\u00e9 Le N\u00e9nuphar","url":"https:\/\/publissoft.dev\/spasante\/","logo":{"@type":"ImageObject","inLanguage":"fr-CA","@id":"https:\/\/publissoft.dev\/spasante\/#\/schema\/logo\/image\/","url":"https:\/\/publissoft.dev\/spasante\/wp-content\/uploads\/2022\/11\/logo-jpg.jpeg","contentUrl":"https:\/\/publissoft.dev\/spasante\/wp-content\/uploads\/2022\/11\/logo-jpg.jpeg","width":900,"height":900,"caption":"Spa Sant\u00e9 Le N\u00e9nuphar"},"image":{"@id":"https:\/\/publissoft.dev\/spasante\/#\/schema\/logo\/image\/"},"sameAs":["https:\/\/www.facebook.com\/SpaSanteLeNenuphar","https:\/\/www.instagram.com\/spasantelenenuphar\/?hl=fr"]}]}},"_links":{"self":[{"href":"https:\/\/publissoft.dev\/spasante\/wp-json\/wp\/v2\/product\/1168","targetHints":{"allow":["GET"]}}],"collection":[{"href":"https:\/\/publissoft.dev\/spasante\/wp-json\/wp\/v2\/product"}],"about":[{"href":"https:\/\/publissoft.dev\/spasante\/wp-json\/wp\/v2\/types\/product"}],"wp:featuredmedia":[{"embeddable":true,"href":"https:\/\/publissoft.dev\/spasante\/wp-json\/wp\/v2\/media\/1195"}],"wp:attachment":[{"href":"https:\/\/publissoft.dev\/spasante\/wp-json\/wp\/v2\/media?parent=1168"}],"wp:term":[{"taxonomy":"product_cat","embeddable":true,"href":"https:\/\/publissoft.dev\/spasante\/wp-json\/wp\/v2\/product_cat?post=1168"},{"taxonomy":"product_tag","embeddable":true,"href":"https:\/\/publissoft.dev\/spasante\/wp-json\/wp\/v2\/product_tag?post=1168"},{"taxonomy":"giftcard-category","embeddable":true,"href":"https:\/\/publissoft.dev\/spasante\/wp-json\/wp\/v2\/giftcard-category?post=1168"}],"curies":[{"name":"wp","href":"https:\/\/api.w.org\/{rel}","templated":true}]}}