{"id":1207,"date":"2022-01-27T14:41:30","date_gmt":"2022-01-27T19:41:30","guid":{"rendered":"https:\/\/publissoft.dev\/spasante\/produit\/microdermabrasion-soin-complet\/"},"modified":"2024-04-01T09:39:11","modified_gmt":"2024-04-01T13:39:11","slug":"microdermabrasion-soin-complet","status":"publish","type":"product","link":"https:\/\/publissoft.dev\/spasante\/produit\/microdermabrasion-soin-complet\/","title":{"rendered":"Microdermabrasion soin complet"},"content":{"rendered":"<p data-mce-fragment=\"1\">La Microdermabrasion est con\u00e7u pour effacer graduellement les imperfections\u00a0et les d\u00e9fauts de la surface de la peau.<br data-mce-fragment=\"1\" \/>Chaque passage permet d&#8217;enlever une quantit\u00e9 pr\u00e9cise de cellules mortes pour mieux r\u00e9v\u00e9ler une peau plus douce et plus \u00e9clatante. Efficace et sans douleur.<\/p>\n<p data-mce-fragment=\"1\">Ce traitement est con\u00e7u pour resserrer les pores de peau en exfoliant les couches superficielles de la peau. Le traitement permet de relancer l&#8217;activit\u00e9 cellulaire afin d&#8217;obtenir un teint lumineux, un grain de peau plus uniforme, une peau d&#8217;apparence plus jeune, les rides et ridules diminu\u00e9es, une solution pour les cicatrices mineures\u00a0ainsi que les\u00a0taches pigmentaires.<\/p>\n<p data-mce-fragment=\"1\">Voici les \u00e9tapes:<\/p>\n<ul data-mce-fragment=\"1\">\n<li data-mce-fragment=\"1\">\n<p data-mce-fragment=\"1\"><strong data-mce-fragment=\"1\">Nettoyage de la peau<\/strong><\/p>\n<\/li>\n<li data-mce-fragment=\"1\">\n<p data-mce-fragment=\"1\"><strong data-mce-fragment=\"1\">3 passages de microdermabrasion<\/strong><\/p>\n<\/li>\n<li data-mce-fragment=\"1\">\n<p data-mce-fragment=\"1\"><strong data-mce-fragment=\"1\">Application d\u2019un gel apaisant pour le rin\u00e7age.<\/strong><\/p>\n<\/li>\n<li data-mce-fragment=\"1\">\n<p data-mce-fragment=\"1\"><strong data-mce-fragment=\"1\">Application d&#8217;une lotion.<\/strong><\/p>\n<\/li>\n<li data-mce-fragment=\"1\">\n<p data-mce-fragment=\"1\"><strong data-mce-fragment=\"1\">Extraction des com\u00e9dons\u00a0<\/strong><\/p>\n<\/li>\n<li data-mce-fragment=\"1\">\n<p data-mce-fragment=\"1\"><strong data-mce-fragment=\"1\">Massage du visage, cou et d\u00e9collet\u00e9<\/strong><\/p>\n<\/li>\n<li data-mce-fragment=\"1\">\n<p data-mce-fragment=\"1\"><strong data-mce-fragment=\"1\">Masque adapt\u00e9 \u00e0 vos besoins<\/strong><\/p>\n<\/li>\n<li data-mce-fragment=\"1\">\n<p data-mce-fragment=\"1\"><strong data-mce-fragment=\"1\">Application d\u2019un s\u00e9rum<\/strong><\/p>\n<\/li>\n<li data-mce-fragment=\"1\">\n<p data-mce-fragment=\"1\"><strong data-mce-fragment=\"1\">Application d\u2019une cr\u00e8me pour le visage et pour le contour des yeux<\/strong><\/p>\n<\/li>\n<\/ul>\n<p data-mce-fragment=\"1\"><strong data-mce-fragment=\"1\">Dur\u00e9e de 75 minutes<\/strong><\/p>\n","protected":false},"excerpt":{"rendered":"<p>La Microdermabrasion est con\u00e7u pour effacer graduellement les imperfections\u00a0et les d\u00e9fauts de la surface de la peau.Chaque passage permet d&#8217;enlever une quantit\u00e9 pr\u00e9cise de cellules mortes pour mieux r\u00e9v\u00e9ler une peau plus douce et plus \u00e9clatante. Efficace et sans douleur. Ce traitement est con\u00e7u pour resserrer les pores de peau en exfoliant les couches superficielles &hellip;<\/p>\n","protected":false},"featured_media":3856,"template":"","meta":{"_acf_changed":false,"_genesis_hide_title":false,"_genesis_hide_breadcrumbs":false,"_genesis_hide_singular_image":false,"_genesis_hide_footer_widgets":false,"_genesis_custom_body_class":"","_genesis_custom_post_class":"","_genesis_layout":""},"product_cat":[53,67,43],"product_tag":[],"giftcard-category":[],"class_list":{"0":"post-1207","1":"product","2":"type-product","3":"status-publish","4":"has-post-thumbnail","6":"product_cat-gift-card","7":"product_cat-soin-du-visage","8":"product_cat-soins","9":"entry","11":"first","12":"instock","13":"virtual","14":"taxable","15":"purchasable","16":"product-type-simple"},"acf":[],"yoast_head":"<!-- This site is optimized with the Yoast SEO plugin v22.5 - https:\/\/yoast.com\/wordpress\/plugins\/seo\/ -->\n<title>Microdermabrasion soin complet - Spa Sant\u00e9 Le N\u00e9nuphar<\/title>\n<meta name=\"robots\" content=\"noindex, follow, max-snippet:-1, max-image-preview:large, max-video-preview:-1\" \/>\n<meta property=\"og:locale\" content=\"fr_CA\" \/>\n<meta property=\"og:type\" content=\"article\" \/>\n<meta property=\"og:title\" content=\"Microdermabrasion soin complet - Spa Sant\u00e9 Le N\u00e9nuphar\" \/>\n<meta property=\"og:description\" content=\"La Microdermabrasion est con\u00e7u pour effacer graduellement les imperfections\u00a0et les d\u00e9fauts de la surface de la peau.Chaque passage permet d&#8217;enlever une quantit\u00e9 pr\u00e9cise de cellules mortes pour mieux r\u00e9v\u00e9ler une peau plus douce et plus \u00e9clatante. Efficace et sans douleur. Ce traitement est con\u00e7u pour resserrer les pores de peau en exfoliant les couches superficielles &hellip;\" \/>\n<meta property=\"og:url\" content=\"https:\/\/publissoft.dev\/spasante\/produit\/microdermabrasion-soin-complet\/\" \/>\n<meta property=\"og:site_name\" content=\"Spa Sant\u00e9 Le N\u00e9nuphar\" \/>\n<meta property=\"article:publisher\" content=\"https:\/\/www.facebook.com\/SpaSanteLeNenuphar\" \/>\n<meta property=\"article:modified_time\" content=\"2024-04-01T13:39:11+00:00\" \/>\n<meta property=\"og:image\" content=\"https:\/\/publissoft.dev\/spasante\/wp-content\/uploads\/2022\/01\/microdermabrasion.jpg\" \/>\n\t<meta property=\"og:image:width\" content=\"600\" \/>\n\t<meta property=\"og:image:height\" content=\"435\" \/>\n\t<meta property=\"og:image:type\" content=\"image\/jpeg\" \/>\n<meta name=\"twitter:card\" content=\"summary_large_image\" \/>\n<meta name=\"twitter:label1\" content=\"Estimation du temps de lecture\" \/>\n\t<meta name=\"twitter:data1\" content=\"1 minute\" \/>\n<script type=\"application\/ld+json\" class=\"yoast-schema-graph\">{\"@context\":\"https:\/\/schema.org\",\"@graph\":[{\"@type\":\"WebPage\",\"@id\":\"https:\/\/publissoft.dev\/spasante\/produit\/microdermabrasion-soin-complet\/\",\"url\":\"https:\/\/publissoft.dev\/spasante\/produit\/microdermabrasion-soin-complet\/\",\"name\":\"Microdermabrasion soin complet - Spa Sant\u00e9 Le N\u00e9nuphar\",\"isPartOf\":{\"@id\":\"https:\/\/publissoft.dev\/spasante\/#website\"},\"primaryImageOfPage\":{\"@id\":\"https:\/\/publissoft.dev\/spasante\/produit\/microdermabrasion-soin-complet\/#primaryimage\"},\"image\":{\"@id\":\"https:\/\/publissoft.dev\/spasante\/produit\/microdermabrasion-soin-complet\/#primaryimage\"},\"thumbnailUrl\":\"https:\/\/publissoft.dev\/spasante\/wp-content\/uploads\/2022\/01\/microdermabrasion.jpg\",\"datePublished\":\"2022-01-27T19:41:30+00:00\",\"dateModified\":\"2024-04-01T13:39:11+00:00\",\"breadcrumb\":{\"@id\":\"https:\/\/publissoft.dev\/spasante\/produit\/microdermabrasion-soin-complet\/#breadcrumb\"},\"inLanguage\":\"fr-CA\",\"potentialAction\":[{\"@type\":\"ReadAction\",\"target\":[\"https:\/\/publissoft.dev\/spasante\/produit\/microdermabrasion-soin-complet\/\"]}]},{\"@type\":\"ImageObject\",\"inLanguage\":\"fr-CA\",\"@id\":\"https:\/\/publissoft.dev\/spasante\/produit\/microdermabrasion-soin-complet\/#primaryimage\",\"url\":\"https:\/\/publissoft.dev\/spasante\/wp-content\/uploads\/2022\/01\/microdermabrasion.jpg\",\"contentUrl\":\"https:\/\/publissoft.dev\/spasante\/wp-content\/uploads\/2022\/01\/microdermabrasion.jpg\",\"width\":600,\"height\":435},{\"@type\":\"BreadcrumbList\",\"@id\":\"https:\/\/publissoft.dev\/spasante\/produit\/microdermabrasion-soin-complet\/#breadcrumb\",\"itemListElement\":[{\"@type\":\"ListItem\",\"position\":1,\"name\":\"Accueil\",\"item\":\"https:\/\/publissoft.dev\/spasante\/\"},{\"@type\":\"ListItem\",\"position\":2,\"name\":\"Boutique\",\"item\":\"https:\/\/publissoft.dev\/spasante\/boutique\/\"},{\"@type\":\"ListItem\",\"position\":3,\"name\":\"Microdermabrasion soin complet\"}]},{\"@type\":\"WebSite\",\"@id\":\"https:\/\/publissoft.dev\/spasante\/#website\",\"url\":\"https:\/\/publissoft.dev\/spasante\/\",\"name\":\"Spa Sant\u00e9 Le N\u00e9nuphar\",\"description\":\"\",\"publisher\":{\"@id\":\"https:\/\/publissoft.dev\/spasante\/#organization\"},\"potentialAction\":[{\"@type\":\"SearchAction\",\"target\":{\"@type\":\"EntryPoint\",\"urlTemplate\":\"https:\/\/publissoft.dev\/spasante\/?s={search_term_string}\"},\"query-input\":\"required name=search_term_string\"}],\"inLanguage\":\"fr-CA\"},{\"@type\":\"Organization\",\"@id\":\"https:\/\/publissoft.dev\/spasante\/#organization\",\"name\":\"Spa Sant\u00e9 Le N\u00e9nuphar\",\"url\":\"https:\/\/publissoft.dev\/spasante\/\",\"logo\":{\"@type\":\"ImageObject\",\"inLanguage\":\"fr-CA\",\"@id\":\"https:\/\/publissoft.dev\/spasante\/#\/schema\/logo\/image\/\",\"url\":\"https:\/\/publissoft.dev\/spasante\/wp-content\/uploads\/2022\/11\/logo-jpg.jpeg\",\"contentUrl\":\"https:\/\/publissoft.dev\/spasante\/wp-content\/uploads\/2022\/11\/logo-jpg.jpeg\",\"width\":900,\"height\":900,\"caption\":\"Spa Sant\u00e9 Le N\u00e9nuphar\"},\"image\":{\"@id\":\"https:\/\/publissoft.dev\/spasante\/#\/schema\/logo\/image\/\"},\"sameAs\":[\"https:\/\/www.facebook.com\/SpaSanteLeNenuphar\",\"https:\/\/www.instagram.com\/spasantelenenuphar\/?hl=fr\"]}]}<\/script>\n<!-- \/ Yoast SEO plugin. -->","yoast_head_json":{"title":"Microdermabrasion soin complet - Spa Sant\u00e9 Le N\u00e9nuphar","robots":{"index":"noindex","follow":"follow","max-snippet":"max-snippet:-1","max-image-preview":"max-image-preview:large","max-video-preview":"max-video-preview:-1"},"og_locale":"fr_CA","og_type":"article","og_title":"Microdermabrasion soin complet - Spa Sant\u00e9 Le N\u00e9nuphar","og_description":"La Microdermabrasion est con\u00e7u pour effacer graduellement les imperfections\u00a0et les d\u00e9fauts de la surface de la peau.Chaque passage permet d&#8217;enlever une quantit\u00e9 pr\u00e9cise de cellules mortes pour mieux r\u00e9v\u00e9ler une peau plus douce et plus \u00e9clatante. Efficace et sans douleur. Ce traitement est con\u00e7u pour resserrer les pores de peau en exfoliant les couches superficielles &hellip;","og_url":"https:\/\/publissoft.dev\/spasante\/produit\/microdermabrasion-soin-complet\/","og_site_name":"Spa Sant\u00e9 Le N\u00e9nuphar","article_publisher":"https:\/\/www.facebook.com\/SpaSanteLeNenuphar","article_modified_time":"2024-04-01T13:39:11+00:00","og_image":[{"width":600,"height":435,"url":"https:\/\/publissoft.dev\/spasante\/wp-content\/uploads\/2022\/01\/microdermabrasion.jpg","type":"image\/jpeg"}],"twitter_card":"summary_large_image","twitter_misc":{"Estimation du temps de lecture":"1 minute"},"schema":{"@context":"https:\/\/schema.org","@graph":[{"@type":"WebPage","@id":"https:\/\/publissoft.dev\/spasante\/produit\/microdermabrasion-soin-complet\/","url":"https:\/\/publissoft.dev\/spasante\/produit\/microdermabrasion-soin-complet\/","name":"Microdermabrasion soin complet - Spa Sant\u00e9 Le N\u00e9nuphar","isPartOf":{"@id":"https:\/\/publissoft.dev\/spasante\/#website"},"primaryImageOfPage":{"@id":"https:\/\/publissoft.dev\/spasante\/produit\/microdermabrasion-soin-complet\/#primaryimage"},"image":{"@id":"https:\/\/publissoft.dev\/spasante\/produit\/microdermabrasion-soin-complet\/#primaryimage"},"thumbnailUrl":"https:\/\/publissoft.dev\/spasante\/wp-content\/uploads\/2022\/01\/microdermabrasion.jpg","datePublished":"2022-01-27T19:41:30+00:00","dateModified":"2024-04-01T13:39:11+00:00","breadcrumb":{"@id":"https:\/\/publissoft.dev\/spasante\/produit\/microdermabrasion-soin-complet\/#breadcrumb"},"inLanguage":"fr-CA","potentialAction":[{"@type":"ReadAction","target":["https:\/\/publissoft.dev\/spasante\/produit\/microdermabrasion-soin-complet\/"]}]},{"@type":"ImageObject","inLanguage":"fr-CA","@id":"https:\/\/publissoft.dev\/spasante\/produit\/microdermabrasion-soin-complet\/#primaryimage","url":"https:\/\/publissoft.dev\/spasante\/wp-content\/uploads\/2022\/01\/microdermabrasion.jpg","contentUrl":"https:\/\/publissoft.dev\/spasante\/wp-content\/uploads\/2022\/01\/microdermabrasion.jpg","width":600,"height":435},{"@type":"BreadcrumbList","@id":"https:\/\/publissoft.dev\/spasante\/produit\/microdermabrasion-soin-complet\/#breadcrumb","itemListElement":[{"@type":"ListItem","position":1,"name":"Accueil","item":"https:\/\/publissoft.dev\/spasante\/"},{"@type":"ListItem","position":2,"name":"Boutique","item":"https:\/\/publissoft.dev\/spasante\/boutique\/"},{"@type":"ListItem","position":3,"name":"Microdermabrasion soin complet"}]},{"@type":"WebSite","@id":"https:\/\/publissoft.dev\/spasante\/#website","url":"https:\/\/publissoft.dev\/spasante\/","name":"Spa Sant\u00e9 Le N\u00e9nuphar","description":"","publisher":{"@id":"https:\/\/publissoft.dev\/spasante\/#organization"},"potentialAction":[{"@type":"SearchAction","target":{"@type":"EntryPoint","urlTemplate":"https:\/\/publissoft.dev\/spasante\/?s={search_term_string}"},"query-input":"required name=search_term_string"}],"inLanguage":"fr-CA"},{"@type":"Organization","@id":"https:\/\/publissoft.dev\/spasante\/#organization","name":"Spa Sant\u00e9 Le N\u00e9nuphar","url":"https:\/\/publissoft.dev\/spasante\/","logo":{"@type":"ImageObject","inLanguage":"fr-CA","@id":"https:\/\/publissoft.dev\/spasante\/#\/schema\/logo\/image\/","url":"https:\/\/publissoft.dev\/spasante\/wp-content\/uploads\/2022\/11\/logo-jpg.jpeg","contentUrl":"https:\/\/publissoft.dev\/spasante\/wp-content\/uploads\/2022\/11\/logo-jpg.jpeg","width":900,"height":900,"caption":"Spa Sant\u00e9 Le N\u00e9nuphar"},"image":{"@id":"https:\/\/publissoft.dev\/spasante\/#\/schema\/logo\/image\/"},"sameAs":["https:\/\/www.facebook.com\/SpaSanteLeNenuphar","https:\/\/www.instagram.com\/spasantelenenuphar\/?hl=fr"]}]}},"_links":{"self":[{"href":"https:\/\/publissoft.dev\/spasante\/wp-json\/wp\/v2\/product\/1207","targetHints":{"allow":["GET"]}}],"collection":[{"href":"https:\/\/publissoft.dev\/spasante\/wp-json\/wp\/v2\/product"}],"about":[{"href":"https:\/\/publissoft.dev\/spasante\/wp-json\/wp\/v2\/types\/product"}],"wp:featuredmedia":[{"embeddable":true,"href":"https:\/\/publissoft.dev\/spasante\/wp-json\/wp\/v2\/media\/3856"}],"wp:attachment":[{"href":"https:\/\/publissoft.dev\/spasante\/wp-json\/wp\/v2\/media?parent=1207"}],"wp:term":[{"taxonomy":"product_cat","embeddable":true,"href":"https:\/\/publissoft.dev\/spasante\/wp-json\/wp\/v2\/product_cat?post=1207"},{"taxonomy":"product_tag","embeddable":true,"href":"https:\/\/publissoft.dev\/spasante\/wp-json\/wp\/v2\/product_tag?post=1207"},{"taxonomy":"giftcard-category","embeddable":true,"href":"https:\/\/publissoft.dev\/spasante\/wp-json\/wp\/v2\/giftcard-category?post=1207"}],"curies":[{"name":"wp","href":"https:\/\/api.w.org\/{rel}","templated":true}]}}