{"id":1216,"date":"2022-01-27T14:41:34","date_gmt":"2022-01-27T19:41:34","guid":{"rendered":"https:\/\/publissoft.dev\/spasante\/produit\/misencil-mascara-lift\/"},"modified":"2024-02-22T09:15:09","modified_gmt":"2024-02-22T14:15:09","slug":"misencil-mascara-lift","status":"publish","type":"product","link":"https:\/\/publissoft.dev\/spasante\/produit\/misencil-mascara-lift\/","title":{"rendered":"MISENCIL &#8211; Mascara Lift"},"content":{"rendered":"<p>Rehausse, allonge et d\u00e9finit! Effet Lift Ultra!<\/p>\n<p>D\u00e9couvrez le tout nouveau mascara LIFT sign\u00e9 Misencil, qui allonge et d\u00e9fini les cils en courbes s\u00e9duisantes et donne un effet lift ultra l\u00e9ger.<\/p>\n<p>Gr\u00e2ce \u00e0 sa brosse exclusive en silicone, fine et rigide \u00e0 picots, il s\u00e9pare les cils comme un peigne pour un regard naturel et un fini homog\u00e8ne \u00e0 chaque application.<\/p>\n<p>La formule du mascara Lift permet de d\u00e9finir et sculpter les cils, en plus d\u2019assurer une r\u00e9partition uniforme du mascara sur toute la longueur des cils sans aucune surcharge.<\/p>\n<p>N\u2019attendez plus et procurez-le vous d\u00e8s maintenant!\u00a0 Vous l\u2019adorerez et constaterez des cils plus longs et plus lift\u00e9s.<\/p>\n","protected":false},"excerpt":{"rendered":"<p>Rehausse, allonge et d\u00e9finit! Effet Lift Ultra! D\u00e9couvrez le tout nouveau mascara LIFT sign\u00e9 Misencil, qui allonge et d\u00e9fini les cils en courbes s\u00e9duisantes et donne un effet lift ultra l\u00e9ger. Gr\u00e2ce \u00e0 sa brosse exclusive en silicone, fine et rigide \u00e0 picots, il s\u00e9pare les cils comme un peigne pour un regard naturel et &hellip;<\/p>\n","protected":false},"featured_media":1232,"template":"","meta":{"_acf_changed":false,"_genesis_hide_title":false,"_genesis_hide_breadcrumbs":false,"_genesis_hide_singular_image":false,"_genesis_hide_footer_widgets":false,"_genesis_custom_body_class":"","_genesis_custom_post_class":"","_genesis_layout":""},"product_cat":[37,34,46],"product_tag":[],"giftcard-category":[],"class_list":{"0":"post-1216","1":"product","2":"type-product","3":"status-publish","4":"has-post-thumbnail","6":"product_cat-produits","7":"product_cat-cils","8":"product_cat-tous","9":"entry","11":"first","12":"instock","13":"taxable","14":"shipping-taxable","15":"purchasable","16":"product-type-simple"},"acf":[],"yoast_head":"<!-- This site is optimized with the Yoast SEO plugin v22.5 - https:\/\/yoast.com\/wordpress\/plugins\/seo\/ -->\n<title>MISENCIL - Mascara Lift - Spa Sant\u00e9 Le N\u00e9nuphar<\/title>\n<meta name=\"description\" content=\"N\u2019attendez plus et procurez-le vous d\u00e8s maintenant!\u00a0 Vous l\u2019adorerez et constaterez des cils plus longs et plus lift\u00e9s. Rehausse, allonge et d\u00e9finit! Effet Lift Ultra!\" \/>\n<meta name=\"robots\" content=\"noindex, follow, max-snippet:-1, max-image-preview:large, max-video-preview:-1\" \/>\n<meta property=\"og:locale\" content=\"fr_CA\" \/>\n<meta property=\"og:type\" content=\"article\" \/>\n<meta property=\"og:title\" content=\"MISENCIL - Mascara Lift - Spa Sant\u00e9 Le N\u00e9nuphar\" \/>\n<meta property=\"og:description\" content=\"N\u2019attendez plus et procurez-le vous d\u00e8s maintenant!\u00a0 Vous l\u2019adorerez et constaterez des cils plus longs et plus lift\u00e9s. Rehausse, allonge et d\u00e9finit! Effet Lift Ultra!\" \/>\n<meta property=\"og:url\" content=\"https:\/\/publissoft.dev\/spasante\/produit\/misencil-mascara-lift\/\" \/>\n<meta property=\"og:site_name\" content=\"Spa Sant\u00e9 Le N\u00e9nuphar\" \/>\n<meta property=\"article:publisher\" content=\"https:\/\/www.facebook.com\/SpaSanteLeNenuphar\" \/>\n<meta property=\"article:modified_time\" content=\"2024-02-22T14:15:09+00:00\" \/>\n<meta property=\"og:image\" content=\"https:\/\/publissoft.dev\/spasante\/wp-content\/uploads\/2022\/01\/71887-Mascara_lift_Spa_santn__le_Nn_nuphar.jpg\" \/>\n\t<meta property=\"og:image:width\" content=\"828\" \/>\n\t<meta property=\"og:image:height\" content=\"1514\" \/>\n\t<meta property=\"og:image:type\" content=\"image\/jpeg\" \/>\n<meta name=\"twitter:card\" content=\"summary_large_image\" \/>\n<meta name=\"twitter:label1\" content=\"Estimation du temps de lecture\" \/>\n\t<meta name=\"twitter:data1\" content=\"1 minute\" \/>\n<script type=\"application\/ld+json\" class=\"yoast-schema-graph\">{\"@context\":\"https:\/\/schema.org\",\"@graph\":[{\"@type\":\"WebPage\",\"@id\":\"https:\/\/publissoft.dev\/spasante\/produit\/misencil-mascara-lift\/\",\"url\":\"https:\/\/publissoft.dev\/spasante\/produit\/misencil-mascara-lift\/\",\"name\":\"MISENCIL - Mascara Lift - Spa Sant\u00e9 Le N\u00e9nuphar\",\"isPartOf\":{\"@id\":\"https:\/\/publissoft.dev\/spasante\/#website\"},\"primaryImageOfPage\":{\"@id\":\"https:\/\/publissoft.dev\/spasante\/produit\/misencil-mascara-lift\/#primaryimage\"},\"image\":{\"@id\":\"https:\/\/publissoft.dev\/spasante\/produit\/misencil-mascara-lift\/#primaryimage\"},\"thumbnailUrl\":\"https:\/\/publissoft.dev\/spasante\/wp-content\/uploads\/2022\/01\/71887-Mascara_lift_Spa_santn__le_Nn_nuphar.jpg\",\"datePublished\":\"2022-01-27T19:41:34+00:00\",\"dateModified\":\"2024-02-22T14:15:09+00:00\",\"description\":\"N\u2019attendez plus et procurez-le vous d\u00e8s maintenant!\u00a0 Vous l\u2019adorerez et constaterez des cils plus longs et plus lift\u00e9s. Rehausse, allonge et d\u00e9finit! Effet Lift Ultra!\",\"breadcrumb\":{\"@id\":\"https:\/\/publissoft.dev\/spasante\/produit\/misencil-mascara-lift\/#breadcrumb\"},\"inLanguage\":\"fr-CA\",\"potentialAction\":[{\"@type\":\"ReadAction\",\"target\":[\"https:\/\/publissoft.dev\/spasante\/produit\/misencil-mascara-lift\/\"]}]},{\"@type\":\"ImageObject\",\"inLanguage\":\"fr-CA\",\"@id\":\"https:\/\/publissoft.dev\/spasante\/produit\/misencil-mascara-lift\/#primaryimage\",\"url\":\"https:\/\/publissoft.dev\/spasante\/wp-content\/uploads\/2022\/01\/71887-Mascara_lift_Spa_santn__le_Nn_nuphar.jpg\",\"contentUrl\":\"https:\/\/publissoft.dev\/spasante\/wp-content\/uploads\/2022\/01\/71887-Mascara_lift_Spa_santn__le_Nn_nuphar.jpg\",\"width\":828,\"height\":1514},{\"@type\":\"BreadcrumbList\",\"@id\":\"https:\/\/publissoft.dev\/spasante\/produit\/misencil-mascara-lift\/#breadcrumb\",\"itemListElement\":[{\"@type\":\"ListItem\",\"position\":1,\"name\":\"Accueil\",\"item\":\"https:\/\/publissoft.dev\/spasante\/\"},{\"@type\":\"ListItem\",\"position\":2,\"name\":\"Boutique\",\"item\":\"https:\/\/publissoft.dev\/spasante\/boutique\/\"},{\"@type\":\"ListItem\",\"position\":3,\"name\":\"MISENCIL &#8211; Mascara Lift\"}]},{\"@type\":\"WebSite\",\"@id\":\"https:\/\/publissoft.dev\/spasante\/#website\",\"url\":\"https:\/\/publissoft.dev\/spasante\/\",\"name\":\"Spa Sant\u00e9 Le N\u00e9nuphar\",\"description\":\"\",\"publisher\":{\"@id\":\"https:\/\/publissoft.dev\/spasante\/#organization\"},\"potentialAction\":[{\"@type\":\"SearchAction\",\"target\":{\"@type\":\"EntryPoint\",\"urlTemplate\":\"https:\/\/publissoft.dev\/spasante\/?s={search_term_string}\"},\"query-input\":\"required name=search_term_string\"}],\"inLanguage\":\"fr-CA\"},{\"@type\":\"Organization\",\"@id\":\"https:\/\/publissoft.dev\/spasante\/#organization\",\"name\":\"Spa Sant\u00e9 Le N\u00e9nuphar\",\"url\":\"https:\/\/publissoft.dev\/spasante\/\",\"logo\":{\"@type\":\"ImageObject\",\"inLanguage\":\"fr-CA\",\"@id\":\"https:\/\/publissoft.dev\/spasante\/#\/schema\/logo\/image\/\",\"url\":\"https:\/\/publissoft.dev\/spasante\/wp-content\/uploads\/2022\/11\/logo-jpg.jpeg\",\"contentUrl\":\"https:\/\/publissoft.dev\/spasante\/wp-content\/uploads\/2022\/11\/logo-jpg.jpeg\",\"width\":900,\"height\":900,\"caption\":\"Spa Sant\u00e9 Le N\u00e9nuphar\"},\"image\":{\"@id\":\"https:\/\/publissoft.dev\/spasante\/#\/schema\/logo\/image\/\"},\"sameAs\":[\"https:\/\/www.facebook.com\/SpaSanteLeNenuphar\",\"https:\/\/www.instagram.com\/spasantelenenuphar\/?hl=fr\"]}]}<\/script>\n<!-- \/ Yoast SEO plugin. -->","yoast_head_json":{"title":"MISENCIL - Mascara Lift - Spa Sant\u00e9 Le N\u00e9nuphar","description":"N\u2019attendez plus et procurez-le vous d\u00e8s maintenant!\u00a0 Vous l\u2019adorerez et constaterez des cils plus longs et plus lift\u00e9s. Rehausse, allonge et d\u00e9finit! Effet Lift Ultra!","robots":{"index":"noindex","follow":"follow","max-snippet":"max-snippet:-1","max-image-preview":"max-image-preview:large","max-video-preview":"max-video-preview:-1"},"og_locale":"fr_CA","og_type":"article","og_title":"MISENCIL - Mascara Lift - Spa Sant\u00e9 Le N\u00e9nuphar","og_description":"N\u2019attendez plus et procurez-le vous d\u00e8s maintenant!\u00a0 Vous l\u2019adorerez et constaterez des cils plus longs et plus lift\u00e9s. Rehausse, allonge et d\u00e9finit! Effet Lift Ultra!","og_url":"https:\/\/publissoft.dev\/spasante\/produit\/misencil-mascara-lift\/","og_site_name":"Spa Sant\u00e9 Le N\u00e9nuphar","article_publisher":"https:\/\/www.facebook.com\/SpaSanteLeNenuphar","article_modified_time":"2024-02-22T14:15:09+00:00","og_image":[{"width":828,"height":1514,"url":"https:\/\/publissoft.dev\/spasante\/wp-content\/uploads\/2022\/01\/71887-Mascara_lift_Spa_santn__le_Nn_nuphar.jpg","type":"image\/jpeg"}],"twitter_card":"summary_large_image","twitter_misc":{"Estimation du temps de lecture":"1 minute"},"schema":{"@context":"https:\/\/schema.org","@graph":[{"@type":"WebPage","@id":"https:\/\/publissoft.dev\/spasante\/produit\/misencil-mascara-lift\/","url":"https:\/\/publissoft.dev\/spasante\/produit\/misencil-mascara-lift\/","name":"MISENCIL - Mascara Lift - Spa Sant\u00e9 Le N\u00e9nuphar","isPartOf":{"@id":"https:\/\/publissoft.dev\/spasante\/#website"},"primaryImageOfPage":{"@id":"https:\/\/publissoft.dev\/spasante\/produit\/misencil-mascara-lift\/#primaryimage"},"image":{"@id":"https:\/\/publissoft.dev\/spasante\/produit\/misencil-mascara-lift\/#primaryimage"},"thumbnailUrl":"https:\/\/publissoft.dev\/spasante\/wp-content\/uploads\/2022\/01\/71887-Mascara_lift_Spa_santn__le_Nn_nuphar.jpg","datePublished":"2022-01-27T19:41:34+00:00","dateModified":"2024-02-22T14:15:09+00:00","description":"N\u2019attendez plus et procurez-le vous d\u00e8s maintenant!\u00a0 Vous l\u2019adorerez et constaterez des cils plus longs et plus lift\u00e9s. Rehausse, allonge et d\u00e9finit! Effet Lift Ultra!","breadcrumb":{"@id":"https:\/\/publissoft.dev\/spasante\/produit\/misencil-mascara-lift\/#breadcrumb"},"inLanguage":"fr-CA","potentialAction":[{"@type":"ReadAction","target":["https:\/\/publissoft.dev\/spasante\/produit\/misencil-mascara-lift\/"]}]},{"@type":"ImageObject","inLanguage":"fr-CA","@id":"https:\/\/publissoft.dev\/spasante\/produit\/misencil-mascara-lift\/#primaryimage","url":"https:\/\/publissoft.dev\/spasante\/wp-content\/uploads\/2022\/01\/71887-Mascara_lift_Spa_santn__le_Nn_nuphar.jpg","contentUrl":"https:\/\/publissoft.dev\/spasante\/wp-content\/uploads\/2022\/01\/71887-Mascara_lift_Spa_santn__le_Nn_nuphar.jpg","width":828,"height":1514},{"@type":"BreadcrumbList","@id":"https:\/\/publissoft.dev\/spasante\/produit\/misencil-mascara-lift\/#breadcrumb","itemListElement":[{"@type":"ListItem","position":1,"name":"Accueil","item":"https:\/\/publissoft.dev\/spasante\/"},{"@type":"ListItem","position":2,"name":"Boutique","item":"https:\/\/publissoft.dev\/spasante\/boutique\/"},{"@type":"ListItem","position":3,"name":"MISENCIL &#8211; Mascara Lift"}]},{"@type":"WebSite","@id":"https:\/\/publissoft.dev\/spasante\/#website","url":"https:\/\/publissoft.dev\/spasante\/","name":"Spa Sant\u00e9 Le N\u00e9nuphar","description":"","publisher":{"@id":"https:\/\/publissoft.dev\/spasante\/#organization"},"potentialAction":[{"@type":"SearchAction","target":{"@type":"EntryPoint","urlTemplate":"https:\/\/publissoft.dev\/spasante\/?s={search_term_string}"},"query-input":"required name=search_term_string"}],"inLanguage":"fr-CA"},{"@type":"Organization","@id":"https:\/\/publissoft.dev\/spasante\/#organization","name":"Spa Sant\u00e9 Le N\u00e9nuphar","url":"https:\/\/publissoft.dev\/spasante\/","logo":{"@type":"ImageObject","inLanguage":"fr-CA","@id":"https:\/\/publissoft.dev\/spasante\/#\/schema\/logo\/image\/","url":"https:\/\/publissoft.dev\/spasante\/wp-content\/uploads\/2022\/11\/logo-jpg.jpeg","contentUrl":"https:\/\/publissoft.dev\/spasante\/wp-content\/uploads\/2022\/11\/logo-jpg.jpeg","width":900,"height":900,"caption":"Spa Sant\u00e9 Le N\u00e9nuphar"},"image":{"@id":"https:\/\/publissoft.dev\/spasante\/#\/schema\/logo\/image\/"},"sameAs":["https:\/\/www.facebook.com\/SpaSanteLeNenuphar","https:\/\/www.instagram.com\/spasantelenenuphar\/?hl=fr"]}]}},"_links":{"self":[{"href":"https:\/\/publissoft.dev\/spasante\/wp-json\/wp\/v2\/product\/1216","targetHints":{"allow":["GET"]}}],"collection":[{"href":"https:\/\/publissoft.dev\/spasante\/wp-json\/wp\/v2\/product"}],"about":[{"href":"https:\/\/publissoft.dev\/spasante\/wp-json\/wp\/v2\/types\/product"}],"wp:featuredmedia":[{"embeddable":true,"href":"https:\/\/publissoft.dev\/spasante\/wp-json\/wp\/v2\/media\/1232"}],"wp:attachment":[{"href":"https:\/\/publissoft.dev\/spasante\/wp-json\/wp\/v2\/media?parent=1216"}],"wp:term":[{"taxonomy":"product_cat","embeddable":true,"href":"https:\/\/publissoft.dev\/spasante\/wp-json\/wp\/v2\/product_cat?post=1216"},{"taxonomy":"product_tag","embeddable":true,"href":"https:\/\/publissoft.dev\/spasante\/wp-json\/wp\/v2\/product_tag?post=1216"},{"taxonomy":"giftcard-category","embeddable":true,"href":"https:\/\/publissoft.dev\/spasante\/wp-json\/wp\/v2\/giftcard-category?post=1216"}],"curies":[{"name":"wp","href":"https:\/\/api.w.org\/{rel}","templated":true}]}}