{"id":1223,"date":"2022-01-27T14:41:38","date_gmt":"2022-01-27T19:41:38","guid":{"rendered":"https:\/\/publissoft.dev\/spasante\/produit\/myosel-160g\/"},"modified":"2023-05-15T09:59:38","modified_gmt":"2023-05-15T13:59:38","slug":"myosel-160g-spa-sante-le-nenuphar","status":"publish","type":"product","link":"https:\/\/publissoft.dev\/spasante\/produit\/myosel-160g-spa-sante-le-nenuphar\/","title":{"rendered":"OrthoCure &#8211; Myosel 160g"},"content":{"rendered":"<h2 data-mce-fragment=\"1\">MyoSel<\/h2>\n<div data-mce-fragment=\"1\">ORTHOCURE<\/div>\n<div data-mce-fragment=\"1\">\n<p data-mce-fragment=\"1\"><em data-mce-fragment=\"1\"><strong data-mce-fragment=\"1\">MyoSel<\/strong><\/em>\u00a0un Super anti-stress!<\/p>\n<p data-mce-fragment=\"1\">Sel de bain th\u00e9rapeutique \u00e0 la boue et au pin<\/p>\n<p data-mce-fragment=\"1\">Le principal avantage des cristaux fondus dans un bain d\u2019eau chaude est de d\u00e9tendre les muscles apr\u00e8s un effort prolong\u00e9 ou excessif, de neutraliser les effets de l\u2019acide lactique accumul\u00e9s pendant l\u2019exercice et de rendre les muscles moins douloureux.<\/p>\n<p data-mce-fragment=\"1\">Ajout\u00e9 \u00e0 l\u2019eau chaude du bain, MyoSel aide \u00e0 rel\u00e2cher les tensions et \u00e0 favoriser une relaxation musculo-articulaire compl\u00e8te.<\/p>\n<p data-mce-fragment=\"1\">Le sel de mer aide \u00e9galement \u00e0:<\/p>\n<ul data-mce-fragment=\"1\">\n<li data-mce-fragment=\"1\">D\u00e9tendre le syst\u00e8me nerveux \u2013 efficace contre la fatigue, la nervosit\u00e9 et le stress<\/li>\n<li data-mce-fragment=\"1\">Lutter contre les douleurs<\/li>\n<li data-mce-fragment=\"1\">Pr\u00e9parer le tissu pour un massage profond<\/li>\n<li data-mce-fragment=\"1\">R\u00e9cup\u00e9rer apr\u00e8s un traitement ou une activit\u00e9 sportive<\/li>\n<li data-mce-fragment=\"1\">Exfolier et revitaliser la peau \u2013 laisse la peau lisse et douce<\/li>\n<li data-mce-fragment=\"1\">Pr\u00e9server l\u2019\u00e9quilibre de la peau<\/li>\n<\/ul>\n<\/div>\n","protected":false},"excerpt":{"rendered":"<p>MyoSel ORTHOCURE MyoSel\u00a0un Super anti-stress! Sel de bain th\u00e9rapeutique \u00e0 la boue et au pin Le principal avantage des cristaux fondus dans un bain d\u2019eau chaude est de d\u00e9tendre les muscles apr\u00e8s un effort prolong\u00e9 ou excessif, de neutraliser les effets de l\u2019acide lactique accumul\u00e9s pendant l\u2019exercice et de rendre les muscles moins douloureux. Ajout\u00e9 &hellip;<\/p>\n","protected":false},"featured_media":1237,"template":"","meta":{"_acf_changed":false,"_genesis_hide_title":false,"_genesis_hide_breadcrumbs":false,"_genesis_hide_singular_image":false,"_genesis_hide_footer_widgets":false,"_genesis_custom_body_class":"","_genesis_custom_post_class":"","_genesis_layout":""},"product_cat":[37],"product_tag":[],"giftcard-category":[],"class_list":{"0":"post-1223","1":"product","2":"type-product","3":"status-publish","4":"has-post-thumbnail","6":"product_cat-produits","7":"entry","9":"first","10":"instock","11":"taxable","12":"shipping-taxable","13":"purchasable","14":"product-type-simple"},"acf":[],"yoast_head":"<!-- This site is optimized with the Yoast SEO plugin v22.5 - https:\/\/yoast.com\/wordpress\/plugins\/seo\/ -->\n<title>OrthoCure - Myosel 160g - Spa Sant\u00e9 Le N\u00e9nuphar<\/title>\n<meta name=\"description\" content=\"Myosel 160g - D\u00e9tend le syst\u00e8me nerveux - efficace contre la fatigue, la nervosit\u00e9 et le stress. Combat les courbatures et les douleurs. Visitez-nous !\" \/>\n<meta name=\"robots\" content=\"noindex, follow, max-snippet:-1, max-image-preview:large, max-video-preview:-1\" \/>\n<meta property=\"og:locale\" content=\"fr_CA\" \/>\n<meta property=\"og:type\" content=\"article\" \/>\n<meta property=\"og:title\" content=\"OrthoCure - Myosel 160g - Spa Sant\u00e9 Le N\u00e9nuphar\" \/>\n<meta property=\"og:description\" content=\"Myosel 160g - D\u00e9tend le syst\u00e8me nerveux - efficace contre la fatigue, la nervosit\u00e9 et le stress. Combat les courbatures et les douleurs. Visitez-nous !\" \/>\n<meta property=\"og:url\" content=\"https:\/\/publissoft.dev\/spasante\/produit\/myosel-160g-spa-sante-le-nenuphar\/\" \/>\n<meta property=\"og:site_name\" content=\"Spa Sant\u00e9 Le N\u00e9nuphar\" \/>\n<meta property=\"article:publisher\" content=\"https:\/\/www.facebook.com\/SpaSanteLeNenuphar\" \/>\n<meta property=\"article:modified_time\" content=\"2023-05-15T13:59:38+00:00\" \/>\n<meta property=\"og:image\" content=\"https:\/\/publissoft.dev\/spasante\/wp-content\/uploads\/2022\/01\/Myosel160g.jpg\" \/>\n\t<meta property=\"og:image:width\" content=\"800\" \/>\n\t<meta property=\"og:image:height\" content=\"800\" \/>\n\t<meta property=\"og:image:type\" content=\"image\/jpeg\" \/>\n<meta name=\"twitter:card\" content=\"summary_large_image\" \/>\n<meta name=\"twitter:label1\" content=\"Estimation du temps de lecture\" \/>\n\t<meta name=\"twitter:data1\" content=\"1 minute\" \/>\n<script type=\"application\/ld+json\" class=\"yoast-schema-graph\">{\"@context\":\"https:\/\/schema.org\",\"@graph\":[{\"@type\":\"WebPage\",\"@id\":\"https:\/\/publissoft.dev\/spasante\/produit\/myosel-160g-spa-sante-le-nenuphar\/\",\"url\":\"https:\/\/publissoft.dev\/spasante\/produit\/myosel-160g-spa-sante-le-nenuphar\/\",\"name\":\"OrthoCure - Myosel 160g - Spa Sant\u00e9 Le N\u00e9nuphar\",\"isPartOf\":{\"@id\":\"https:\/\/publissoft.dev\/spasante\/#website\"},\"primaryImageOfPage\":{\"@id\":\"https:\/\/publissoft.dev\/spasante\/produit\/myosel-160g-spa-sante-le-nenuphar\/#primaryimage\"},\"image\":{\"@id\":\"https:\/\/publissoft.dev\/spasante\/produit\/myosel-160g-spa-sante-le-nenuphar\/#primaryimage\"},\"thumbnailUrl\":\"https:\/\/publissoft.dev\/spasante\/wp-content\/uploads\/2022\/01\/Myosel160g.jpg\",\"datePublished\":\"2022-01-27T19:41:38+00:00\",\"dateModified\":\"2023-05-15T13:59:38+00:00\",\"description\":\"Myosel 160g - D\u00e9tend le syst\u00e8me nerveux - efficace contre la fatigue, la nervosit\u00e9 et le stress. Combat les courbatures et les douleurs. Visitez-nous !\",\"breadcrumb\":{\"@id\":\"https:\/\/publissoft.dev\/spasante\/produit\/myosel-160g-spa-sante-le-nenuphar\/#breadcrumb\"},\"inLanguage\":\"fr-CA\",\"potentialAction\":[{\"@type\":\"ReadAction\",\"target\":[\"https:\/\/publissoft.dev\/spasante\/produit\/myosel-160g-spa-sante-le-nenuphar\/\"]}]},{\"@type\":\"ImageObject\",\"inLanguage\":\"fr-CA\",\"@id\":\"https:\/\/publissoft.dev\/spasante\/produit\/myosel-160g-spa-sante-le-nenuphar\/#primaryimage\",\"url\":\"https:\/\/publissoft.dev\/spasante\/wp-content\/uploads\/2022\/01\/Myosel160g.jpg\",\"contentUrl\":\"https:\/\/publissoft.dev\/spasante\/wp-content\/uploads\/2022\/01\/Myosel160g.jpg\",\"width\":800,\"height\":800},{\"@type\":\"BreadcrumbList\",\"@id\":\"https:\/\/publissoft.dev\/spasante\/produit\/myosel-160g-spa-sante-le-nenuphar\/#breadcrumb\",\"itemListElement\":[{\"@type\":\"ListItem\",\"position\":1,\"name\":\"Accueil\",\"item\":\"https:\/\/publissoft.dev\/spasante\/\"},{\"@type\":\"ListItem\",\"position\":2,\"name\":\"Boutique\",\"item\":\"https:\/\/publissoft.dev\/spasante\/boutique\/\"},{\"@type\":\"ListItem\",\"position\":3,\"name\":\"OrthoCure &#8211; Myosel 160g\"}]},{\"@type\":\"WebSite\",\"@id\":\"https:\/\/publissoft.dev\/spasante\/#website\",\"url\":\"https:\/\/publissoft.dev\/spasante\/\",\"name\":\"Spa Sant\u00e9 Le N\u00e9nuphar\",\"description\":\"\",\"publisher\":{\"@id\":\"https:\/\/publissoft.dev\/spasante\/#organization\"},\"potentialAction\":[{\"@type\":\"SearchAction\",\"target\":{\"@type\":\"EntryPoint\",\"urlTemplate\":\"https:\/\/publissoft.dev\/spasante\/?s={search_term_string}\"},\"query-input\":\"required name=search_term_string\"}],\"inLanguage\":\"fr-CA\"},{\"@type\":\"Organization\",\"@id\":\"https:\/\/publissoft.dev\/spasante\/#organization\",\"name\":\"Spa Sant\u00e9 Le N\u00e9nuphar\",\"url\":\"https:\/\/publissoft.dev\/spasante\/\",\"logo\":{\"@type\":\"ImageObject\",\"inLanguage\":\"fr-CA\",\"@id\":\"https:\/\/publissoft.dev\/spasante\/#\/schema\/logo\/image\/\",\"url\":\"https:\/\/publissoft.dev\/spasante\/wp-content\/uploads\/2022\/11\/logo-jpg.jpeg\",\"contentUrl\":\"https:\/\/publissoft.dev\/spasante\/wp-content\/uploads\/2022\/11\/logo-jpg.jpeg\",\"width\":900,\"height\":900,\"caption\":\"Spa Sant\u00e9 Le N\u00e9nuphar\"},\"image\":{\"@id\":\"https:\/\/publissoft.dev\/spasante\/#\/schema\/logo\/image\/\"},\"sameAs\":[\"https:\/\/www.facebook.com\/SpaSanteLeNenuphar\",\"https:\/\/www.instagram.com\/spasantelenenuphar\/?hl=fr\"]}]}<\/script>\n<!-- \/ Yoast SEO plugin. -->","yoast_head_json":{"title":"OrthoCure - Myosel 160g - Spa Sant\u00e9 Le N\u00e9nuphar","description":"Myosel 160g - D\u00e9tend le syst\u00e8me nerveux - efficace contre la fatigue, la nervosit\u00e9 et le stress. Combat les courbatures et les douleurs. Visitez-nous !","robots":{"index":"noindex","follow":"follow","max-snippet":"max-snippet:-1","max-image-preview":"max-image-preview:large","max-video-preview":"max-video-preview:-1"},"og_locale":"fr_CA","og_type":"article","og_title":"OrthoCure - Myosel 160g - Spa Sant\u00e9 Le N\u00e9nuphar","og_description":"Myosel 160g - D\u00e9tend le syst\u00e8me nerveux - efficace contre la fatigue, la nervosit\u00e9 et le stress. Combat les courbatures et les douleurs. Visitez-nous !","og_url":"https:\/\/publissoft.dev\/spasante\/produit\/myosel-160g-spa-sante-le-nenuphar\/","og_site_name":"Spa Sant\u00e9 Le N\u00e9nuphar","article_publisher":"https:\/\/www.facebook.com\/SpaSanteLeNenuphar","article_modified_time":"2023-05-15T13:59:38+00:00","og_image":[{"width":800,"height":800,"url":"https:\/\/publissoft.dev\/spasante\/wp-content\/uploads\/2022\/01\/Myosel160g.jpg","type":"image\/jpeg"}],"twitter_card":"summary_large_image","twitter_misc":{"Estimation du temps de lecture":"1 minute"},"schema":{"@context":"https:\/\/schema.org","@graph":[{"@type":"WebPage","@id":"https:\/\/publissoft.dev\/spasante\/produit\/myosel-160g-spa-sante-le-nenuphar\/","url":"https:\/\/publissoft.dev\/spasante\/produit\/myosel-160g-spa-sante-le-nenuphar\/","name":"OrthoCure - Myosel 160g - Spa Sant\u00e9 Le N\u00e9nuphar","isPartOf":{"@id":"https:\/\/publissoft.dev\/spasante\/#website"},"primaryImageOfPage":{"@id":"https:\/\/publissoft.dev\/spasante\/produit\/myosel-160g-spa-sante-le-nenuphar\/#primaryimage"},"image":{"@id":"https:\/\/publissoft.dev\/spasante\/produit\/myosel-160g-spa-sante-le-nenuphar\/#primaryimage"},"thumbnailUrl":"https:\/\/publissoft.dev\/spasante\/wp-content\/uploads\/2022\/01\/Myosel160g.jpg","datePublished":"2022-01-27T19:41:38+00:00","dateModified":"2023-05-15T13:59:38+00:00","description":"Myosel 160g - D\u00e9tend le syst\u00e8me nerveux - efficace contre la fatigue, la nervosit\u00e9 et le stress. Combat les courbatures et les douleurs. Visitez-nous !","breadcrumb":{"@id":"https:\/\/publissoft.dev\/spasante\/produit\/myosel-160g-spa-sante-le-nenuphar\/#breadcrumb"},"inLanguage":"fr-CA","potentialAction":[{"@type":"ReadAction","target":["https:\/\/publissoft.dev\/spasante\/produit\/myosel-160g-spa-sante-le-nenuphar\/"]}]},{"@type":"ImageObject","inLanguage":"fr-CA","@id":"https:\/\/publissoft.dev\/spasante\/produit\/myosel-160g-spa-sante-le-nenuphar\/#primaryimage","url":"https:\/\/publissoft.dev\/spasante\/wp-content\/uploads\/2022\/01\/Myosel160g.jpg","contentUrl":"https:\/\/publissoft.dev\/spasante\/wp-content\/uploads\/2022\/01\/Myosel160g.jpg","width":800,"height":800},{"@type":"BreadcrumbList","@id":"https:\/\/publissoft.dev\/spasante\/produit\/myosel-160g-spa-sante-le-nenuphar\/#breadcrumb","itemListElement":[{"@type":"ListItem","position":1,"name":"Accueil","item":"https:\/\/publissoft.dev\/spasante\/"},{"@type":"ListItem","position":2,"name":"Boutique","item":"https:\/\/publissoft.dev\/spasante\/boutique\/"},{"@type":"ListItem","position":3,"name":"OrthoCure &#8211; Myosel 160g"}]},{"@type":"WebSite","@id":"https:\/\/publissoft.dev\/spasante\/#website","url":"https:\/\/publissoft.dev\/spasante\/","name":"Spa Sant\u00e9 Le N\u00e9nuphar","description":"","publisher":{"@id":"https:\/\/publissoft.dev\/spasante\/#organization"},"potentialAction":[{"@type":"SearchAction","target":{"@type":"EntryPoint","urlTemplate":"https:\/\/publissoft.dev\/spasante\/?s={search_term_string}"},"query-input":"required name=search_term_string"}],"inLanguage":"fr-CA"},{"@type":"Organization","@id":"https:\/\/publissoft.dev\/spasante\/#organization","name":"Spa Sant\u00e9 Le N\u00e9nuphar","url":"https:\/\/publissoft.dev\/spasante\/","logo":{"@type":"ImageObject","inLanguage":"fr-CA","@id":"https:\/\/publissoft.dev\/spasante\/#\/schema\/logo\/image\/","url":"https:\/\/publissoft.dev\/spasante\/wp-content\/uploads\/2022\/11\/logo-jpg.jpeg","contentUrl":"https:\/\/publissoft.dev\/spasante\/wp-content\/uploads\/2022\/11\/logo-jpg.jpeg","width":900,"height":900,"caption":"Spa Sant\u00e9 Le N\u00e9nuphar"},"image":{"@id":"https:\/\/publissoft.dev\/spasante\/#\/schema\/logo\/image\/"},"sameAs":["https:\/\/www.facebook.com\/SpaSanteLeNenuphar","https:\/\/www.instagram.com\/spasantelenenuphar\/?hl=fr"]}]}},"_links":{"self":[{"href":"https:\/\/publissoft.dev\/spasante\/wp-json\/wp\/v2\/product\/1223","targetHints":{"allow":["GET"]}}],"collection":[{"href":"https:\/\/publissoft.dev\/spasante\/wp-json\/wp\/v2\/product"}],"about":[{"href":"https:\/\/publissoft.dev\/spasante\/wp-json\/wp\/v2\/types\/product"}],"wp:featuredmedia":[{"embeddable":true,"href":"https:\/\/publissoft.dev\/spasante\/wp-json\/wp\/v2\/media\/1237"}],"wp:attachment":[{"href":"https:\/\/publissoft.dev\/spasante\/wp-json\/wp\/v2\/media?parent=1223"}],"wp:term":[{"taxonomy":"product_cat","embeddable":true,"href":"https:\/\/publissoft.dev\/spasante\/wp-json\/wp\/v2\/product_cat?post=1223"},{"taxonomy":"product_tag","embeddable":true,"href":"https:\/\/publissoft.dev\/spasante\/wp-json\/wp\/v2\/product_tag?post=1223"},{"taxonomy":"giftcard-category","embeddable":true,"href":"https:\/\/publissoft.dev\/spasante\/wp-json\/wp\/v2\/giftcard-category?post=1223"}],"curies":[{"name":"wp","href":"https:\/\/api.w.org\/{rel}","templated":true}]}}