{"id":1279,"date":"2022-01-27T14:42:08","date_gmt":"2022-01-27T19:42:08","guid":{"rendered":"https:\/\/publissoft.dev\/spasante\/produit\/optimal-clear-up\/"},"modified":"2024-03-13T09:45:39","modified_gmt":"2024-03-13T13:45:39","slug":"optimal-clear-up-spa-sante-le-nenuphar","status":"publish","type":"product","link":"https:\/\/publissoft.dev\/spasante\/produit\/optimal-clear-up-spa-sante-le-nenuphar\/","title":{"rendered":"Dr. Renaud &#8211; Soin ClearUp"},"content":{"rendered":"<p data-mce-fragment=\"1\">Un soin professionnel global sp\u00e9cifiquement con\u00e7u pour le traitement des peaux acn\u00e9iques et des peaux grasses.<\/p>\n<p data-mce-fragment=\"1\">Ce Soin professionnel anti-acn\u00e9 se d\u00e9marque par une composition exclusive combinant des performances de m\u00e9dicament topique \u00e0 des qualit\u00e9s cosm\u00e9tiques exceptionnelles.<\/p>\n<p data-mce-fragment=\"1\">INDICATIONS &#8211; Pour le soin des peaux acn\u00e9iques, des peaux com\u00e9doniennes, asphyxiques et des peaux grasses. &#8211; Pour tous, hommes et femmes.<\/p>\n<p data-mce-fragment=\"1\">FR\u00c9QUENCE D\u2019UTILISATION &#8211; En cure de 5 \u00e0 8 traitements cons\u00e9cutifs \u00e0 raison de 1 traitement par semaine.<\/p>\n<p data-mce-fragment=\"1\">L\u2019esth\u00e9ticienne peut toutefois, si elle le juge n\u00e9cessaire, espacer les traitements aux deux semaines ou, pour des cas mineurs, se limiter \u00e0 quelques traitements.<\/p>\n<p data-mce-fragment=\"1\">Dans tous les cas, la fid\u00e9lit\u00e9 au traitement conditionne le succ\u00e8s de la cure.<\/p>\n<p data-mce-fragment=\"1\">Dur\u00e9e : 60 minutes<\/p>\n<p data-mce-fragment=\"1\"><strong>*Le soin ado est offert aux jeunes jusqu&#8217;\u00e0 18 ans*<\/strong><\/p>\n","protected":false},"excerpt":{"rendered":"<p>Un soin professionnel global sp\u00e9cifiquement con\u00e7u pour le traitement des peaux acn\u00e9iques et des peaux grasses. Ce Soin professionnel anti-acn\u00e9 se d\u00e9marque par une composition exclusive combinant des performances de m\u00e9dicament topique \u00e0 des qualit\u00e9s cosm\u00e9tiques exceptionnelles. INDICATIONS &#8211; Pour le soin des peaux acn\u00e9iques, des peaux com\u00e9doniennes, asphyxiques et des peaux grasses. &#8211; Pour &hellip;<\/p>\n","protected":false},"featured_media":2063,"template":"","meta":{"_acf_changed":false,"_genesis_hide_title":false,"_genesis_hide_breadcrumbs":false,"_genesis_hide_singular_image":false,"_genesis_hide_footer_widgets":false,"_genesis_custom_body_class":"","_genesis_custom_post_class":"","_genesis_layout":""},"product_cat":[53,62,43,46],"product_tag":[],"giftcard-category":[],"class_list":{"0":"post-1279","1":"product","2":"type-product","3":"status-publish","4":"has-post-thumbnail","6":"product_cat-gift-card","7":"product_cat-dr-renaud-soins","8":"product_cat-soins","9":"product_cat-tous","10":"entry","12":"first","13":"instock","14":"taxable","15":"shipping-taxable","16":"purchasable","17":"product-type-variable"},"acf":[],"yoast_head":"<!-- This site is optimized with the Yoast SEO plugin v22.5 - https:\/\/yoast.com\/wordpress\/plugins\/seo\/ -->\n<title>Dr. Renaud - Soin ClearUp - Spa Sant\u00e9 Le N\u00e9nuphar<\/title>\n<meta name=\"description\" content=\"Optimal - clear up - Un traitement professionnel complet con\u00e7u sp\u00e9cifiquement pour le traitement des peaux grasses et \u00e0 tendance acn\u00e9ique. Visitez-nous !\" \/>\n<meta name=\"robots\" content=\"noindex, follow, max-snippet:-1, max-image-preview:large, max-video-preview:-1\" \/>\n<meta property=\"og:locale\" content=\"fr_CA\" \/>\n<meta property=\"og:type\" content=\"article\" \/>\n<meta property=\"og:title\" content=\"Dr. Renaud - Soin ClearUp - Spa Sant\u00e9 Le N\u00e9nuphar\" \/>\n<meta property=\"og:description\" content=\"Optimal - clear up - Un traitement professionnel complet con\u00e7u sp\u00e9cifiquement pour le traitement des peaux grasses et \u00e0 tendance acn\u00e9ique. Visitez-nous !\" \/>\n<meta property=\"og:url\" content=\"https:\/\/publissoft.dev\/spasante\/produit\/optimal-clear-up-spa-sante-le-nenuphar\/\" \/>\n<meta property=\"og:site_name\" content=\"Spa Sant\u00e9 Le N\u00e9nuphar\" \/>\n<meta property=\"article:publisher\" content=\"https:\/\/www.facebook.com\/SpaSanteLeNenuphar\" \/>\n<meta property=\"article:modified_time\" content=\"2024-03-13T13:45:39+00:00\" \/>\n<meta property=\"og:image\" content=\"https:\/\/publissoft.dev\/spasante\/wp-content\/uploads\/2022\/01\/drrenaudoptimal.png\" \/>\n\t<meta property=\"og:image:width\" content=\"900\" \/>\n\t<meta property=\"og:image:height\" content=\"700\" \/>\n\t<meta property=\"og:image:type\" content=\"image\/png\" \/>\n<meta name=\"twitter:card\" content=\"summary_large_image\" \/>\n<meta name=\"twitter:label1\" content=\"Estimation du temps de lecture\" \/>\n\t<meta name=\"twitter:data1\" content=\"1 minute\" \/>\n<script type=\"application\/ld+json\" class=\"yoast-schema-graph\">{\"@context\":\"https:\/\/schema.org\",\"@graph\":[{\"@type\":\"WebPage\",\"@id\":\"https:\/\/publissoft.dev\/spasante\/produit\/optimal-clear-up-spa-sante-le-nenuphar\/\",\"url\":\"https:\/\/publissoft.dev\/spasante\/produit\/optimal-clear-up-spa-sante-le-nenuphar\/\",\"name\":\"Dr. Renaud - Soin ClearUp - Spa Sant\u00e9 Le N\u00e9nuphar\",\"isPartOf\":{\"@id\":\"https:\/\/publissoft.dev\/spasante\/#website\"},\"primaryImageOfPage\":{\"@id\":\"https:\/\/publissoft.dev\/spasante\/produit\/optimal-clear-up-spa-sante-le-nenuphar\/#primaryimage\"},\"image\":{\"@id\":\"https:\/\/publissoft.dev\/spasante\/produit\/optimal-clear-up-spa-sante-le-nenuphar\/#primaryimage\"},\"thumbnailUrl\":\"https:\/\/publissoft.dev\/spasante\/wp-content\/uploads\/2022\/01\/drrenaudoptimal.png\",\"datePublished\":\"2022-01-27T19:42:08+00:00\",\"dateModified\":\"2024-03-13T13:45:39+00:00\",\"description\":\"Optimal - clear up - Un traitement professionnel complet con\u00e7u sp\u00e9cifiquement pour le traitement des peaux grasses et \u00e0 tendance acn\u00e9ique. Visitez-nous !\",\"breadcrumb\":{\"@id\":\"https:\/\/publissoft.dev\/spasante\/produit\/optimal-clear-up-spa-sante-le-nenuphar\/#breadcrumb\"},\"inLanguage\":\"fr-CA\",\"potentialAction\":[{\"@type\":\"ReadAction\",\"target\":[\"https:\/\/publissoft.dev\/spasante\/produit\/optimal-clear-up-spa-sante-le-nenuphar\/\"]}]},{\"@type\":\"ImageObject\",\"inLanguage\":\"fr-CA\",\"@id\":\"https:\/\/publissoft.dev\/spasante\/produit\/optimal-clear-up-spa-sante-le-nenuphar\/#primaryimage\",\"url\":\"https:\/\/publissoft.dev\/spasante\/wp-content\/uploads\/2022\/01\/drrenaudoptimal.png\",\"contentUrl\":\"https:\/\/publissoft.dev\/spasante\/wp-content\/uploads\/2022\/01\/drrenaudoptimal.png\",\"width\":900,\"height\":700},{\"@type\":\"BreadcrumbList\",\"@id\":\"https:\/\/publissoft.dev\/spasante\/produit\/optimal-clear-up-spa-sante-le-nenuphar\/#breadcrumb\",\"itemListElement\":[{\"@type\":\"ListItem\",\"position\":1,\"name\":\"Accueil\",\"item\":\"https:\/\/publissoft.dev\/spasante\/\"},{\"@type\":\"ListItem\",\"position\":2,\"name\":\"Boutique\",\"item\":\"https:\/\/publissoft.dev\/spasante\/boutique\/\"},{\"@type\":\"ListItem\",\"position\":3,\"name\":\"Dr. Renaud &#8211; Soin ClearUp\"}]},{\"@type\":\"WebSite\",\"@id\":\"https:\/\/publissoft.dev\/spasante\/#website\",\"url\":\"https:\/\/publissoft.dev\/spasante\/\",\"name\":\"Spa Sant\u00e9 Le N\u00e9nuphar\",\"description\":\"\",\"publisher\":{\"@id\":\"https:\/\/publissoft.dev\/spasante\/#organization\"},\"potentialAction\":[{\"@type\":\"SearchAction\",\"target\":{\"@type\":\"EntryPoint\",\"urlTemplate\":\"https:\/\/publissoft.dev\/spasante\/?s={search_term_string}\"},\"query-input\":\"required name=search_term_string\"}],\"inLanguage\":\"fr-CA\"},{\"@type\":\"Organization\",\"@id\":\"https:\/\/publissoft.dev\/spasante\/#organization\",\"name\":\"Spa Sant\u00e9 Le N\u00e9nuphar\",\"url\":\"https:\/\/publissoft.dev\/spasante\/\",\"logo\":{\"@type\":\"ImageObject\",\"inLanguage\":\"fr-CA\",\"@id\":\"https:\/\/publissoft.dev\/spasante\/#\/schema\/logo\/image\/\",\"url\":\"https:\/\/publissoft.dev\/spasante\/wp-content\/uploads\/2022\/11\/logo-jpg.jpeg\",\"contentUrl\":\"https:\/\/publissoft.dev\/spasante\/wp-content\/uploads\/2022\/11\/logo-jpg.jpeg\",\"width\":900,\"height\":900,\"caption\":\"Spa Sant\u00e9 Le N\u00e9nuphar\"},\"image\":{\"@id\":\"https:\/\/publissoft.dev\/spasante\/#\/schema\/logo\/image\/\"},\"sameAs\":[\"https:\/\/www.facebook.com\/SpaSanteLeNenuphar\",\"https:\/\/www.instagram.com\/spasantelenenuphar\/?hl=fr\"]}]}<\/script>\n<!-- \/ Yoast SEO plugin. -->","yoast_head_json":{"title":"Dr. Renaud - Soin ClearUp - Spa Sant\u00e9 Le N\u00e9nuphar","description":"Optimal - clear up - Un traitement professionnel complet con\u00e7u sp\u00e9cifiquement pour le traitement des peaux grasses et \u00e0 tendance acn\u00e9ique. Visitez-nous !","robots":{"index":"noindex","follow":"follow","max-snippet":"max-snippet:-1","max-image-preview":"max-image-preview:large","max-video-preview":"max-video-preview:-1"},"og_locale":"fr_CA","og_type":"article","og_title":"Dr. Renaud - Soin ClearUp - Spa Sant\u00e9 Le N\u00e9nuphar","og_description":"Optimal - clear up - Un traitement professionnel complet con\u00e7u sp\u00e9cifiquement pour le traitement des peaux grasses et \u00e0 tendance acn\u00e9ique. Visitez-nous !","og_url":"https:\/\/publissoft.dev\/spasante\/produit\/optimal-clear-up-spa-sante-le-nenuphar\/","og_site_name":"Spa Sant\u00e9 Le N\u00e9nuphar","article_publisher":"https:\/\/www.facebook.com\/SpaSanteLeNenuphar","article_modified_time":"2024-03-13T13:45:39+00:00","og_image":[{"width":900,"height":700,"url":"https:\/\/publissoft.dev\/spasante\/wp-content\/uploads\/2022\/01\/drrenaudoptimal.png","type":"image\/png"}],"twitter_card":"summary_large_image","twitter_misc":{"Estimation du temps de lecture":"1 minute"},"schema":{"@context":"https:\/\/schema.org","@graph":[{"@type":"WebPage","@id":"https:\/\/publissoft.dev\/spasante\/produit\/optimal-clear-up-spa-sante-le-nenuphar\/","url":"https:\/\/publissoft.dev\/spasante\/produit\/optimal-clear-up-spa-sante-le-nenuphar\/","name":"Dr. Renaud - Soin ClearUp - Spa Sant\u00e9 Le N\u00e9nuphar","isPartOf":{"@id":"https:\/\/publissoft.dev\/spasante\/#website"},"primaryImageOfPage":{"@id":"https:\/\/publissoft.dev\/spasante\/produit\/optimal-clear-up-spa-sante-le-nenuphar\/#primaryimage"},"image":{"@id":"https:\/\/publissoft.dev\/spasante\/produit\/optimal-clear-up-spa-sante-le-nenuphar\/#primaryimage"},"thumbnailUrl":"https:\/\/publissoft.dev\/spasante\/wp-content\/uploads\/2022\/01\/drrenaudoptimal.png","datePublished":"2022-01-27T19:42:08+00:00","dateModified":"2024-03-13T13:45:39+00:00","description":"Optimal - clear up - Un traitement professionnel complet con\u00e7u sp\u00e9cifiquement pour le traitement des peaux grasses et \u00e0 tendance acn\u00e9ique. Visitez-nous !","breadcrumb":{"@id":"https:\/\/publissoft.dev\/spasante\/produit\/optimal-clear-up-spa-sante-le-nenuphar\/#breadcrumb"},"inLanguage":"fr-CA","potentialAction":[{"@type":"ReadAction","target":["https:\/\/publissoft.dev\/spasante\/produit\/optimal-clear-up-spa-sante-le-nenuphar\/"]}]},{"@type":"ImageObject","inLanguage":"fr-CA","@id":"https:\/\/publissoft.dev\/spasante\/produit\/optimal-clear-up-spa-sante-le-nenuphar\/#primaryimage","url":"https:\/\/publissoft.dev\/spasante\/wp-content\/uploads\/2022\/01\/drrenaudoptimal.png","contentUrl":"https:\/\/publissoft.dev\/spasante\/wp-content\/uploads\/2022\/01\/drrenaudoptimal.png","width":900,"height":700},{"@type":"BreadcrumbList","@id":"https:\/\/publissoft.dev\/spasante\/produit\/optimal-clear-up-spa-sante-le-nenuphar\/#breadcrumb","itemListElement":[{"@type":"ListItem","position":1,"name":"Accueil","item":"https:\/\/publissoft.dev\/spasante\/"},{"@type":"ListItem","position":2,"name":"Boutique","item":"https:\/\/publissoft.dev\/spasante\/boutique\/"},{"@type":"ListItem","position":3,"name":"Dr. Renaud &#8211; Soin ClearUp"}]},{"@type":"WebSite","@id":"https:\/\/publissoft.dev\/spasante\/#website","url":"https:\/\/publissoft.dev\/spasante\/","name":"Spa Sant\u00e9 Le N\u00e9nuphar","description":"","publisher":{"@id":"https:\/\/publissoft.dev\/spasante\/#organization"},"potentialAction":[{"@type":"SearchAction","target":{"@type":"EntryPoint","urlTemplate":"https:\/\/publissoft.dev\/spasante\/?s={search_term_string}"},"query-input":"required name=search_term_string"}],"inLanguage":"fr-CA"},{"@type":"Organization","@id":"https:\/\/publissoft.dev\/spasante\/#organization","name":"Spa Sant\u00e9 Le N\u00e9nuphar","url":"https:\/\/publissoft.dev\/spasante\/","logo":{"@type":"ImageObject","inLanguage":"fr-CA","@id":"https:\/\/publissoft.dev\/spasante\/#\/schema\/logo\/image\/","url":"https:\/\/publissoft.dev\/spasante\/wp-content\/uploads\/2022\/11\/logo-jpg.jpeg","contentUrl":"https:\/\/publissoft.dev\/spasante\/wp-content\/uploads\/2022\/11\/logo-jpg.jpeg","width":900,"height":900,"caption":"Spa Sant\u00e9 Le N\u00e9nuphar"},"image":{"@id":"https:\/\/publissoft.dev\/spasante\/#\/schema\/logo\/image\/"},"sameAs":["https:\/\/www.facebook.com\/SpaSanteLeNenuphar","https:\/\/www.instagram.com\/spasantelenenuphar\/?hl=fr"]}]}},"_links":{"self":[{"href":"https:\/\/publissoft.dev\/spasante\/wp-json\/wp\/v2\/product\/1279","targetHints":{"allow":["GET"]}}],"collection":[{"href":"https:\/\/publissoft.dev\/spasante\/wp-json\/wp\/v2\/product"}],"about":[{"href":"https:\/\/publissoft.dev\/spasante\/wp-json\/wp\/v2\/types\/product"}],"wp:featuredmedia":[{"embeddable":true,"href":"https:\/\/publissoft.dev\/spasante\/wp-json\/wp\/v2\/media\/2063"}],"wp:attachment":[{"href":"https:\/\/publissoft.dev\/spasante\/wp-json\/wp\/v2\/media?parent=1279"}],"wp:term":[{"taxonomy":"product_cat","embeddable":true,"href":"https:\/\/publissoft.dev\/spasante\/wp-json\/wp\/v2\/product_cat?post=1279"},{"taxonomy":"product_tag","embeddable":true,"href":"https:\/\/publissoft.dev\/spasante\/wp-json\/wp\/v2\/product_tag?post=1279"},{"taxonomy":"giftcard-category","embeddable":true,"href":"https:\/\/publissoft.dev\/spasante\/wp-json\/wp\/v2\/giftcard-category?post=1279"}],"curies":[{"name":"wp","href":"https:\/\/api.w.org\/{rel}","templated":true}]}}