{"id":1283,"date":"2022-01-27T14:42:10","date_gmt":"2022-01-27T19:42:10","guid":{"rendered":"https:\/\/publissoft.dev\/spasante\/produit\/optimal-pure-kronoxyl-anti-age-global\/"},"modified":"2023-07-10T13:54:34","modified_gmt":"2023-07-10T17:54:34","slug":"optimal-pure-kronoxyl-anti-age-global","status":"publish","type":"product","link":"https:\/\/publissoft.dev\/spasante\/produit\/optimal-pure-kronoxyl-anti-age-global\/","title":{"rendered":"Dr. Renaud &#8211; Soin PURE Kronoxyl Anti-\u00e2ge Global"},"content":{"rendered":"<p data-mce-fragment=\"1\">Pure Kronoxyl, traitement clinique cibl\u00e9 pour les rides verticales, rel\u00e2chement cutan\u00e9, perte de fermet\u00e9.<\/p>\n<p data-mce-fragment=\"1\">Comme alternative cosm\u00e9tique aux techniques chirurgicales de rajeunissement, ce soin du visage professionnel convient \u00e9galement pour ceux et celles qui ont recours \u00e0 ces techniques de rajeunissement, dans le but d\u2019espacer la fr\u00e9quence des proc\u00e9dures et pour aider \u00e0 optimiser les r\u00e9sultats.<\/p>\n<p data-mce-fragment=\"1\">FR\u00c9QUENCE D\u2019UTILISATION 5 traitements, \u00e0 raison de 1 traitement par semaine pendant 5 semaines cons\u00e9cutives.<\/p>\n<p data-mce-fragment=\"1\">Dur\u00e9e : 60 minutes<\/p>\n<p data-mce-fragment=\"1\">Tous les types de peau, incluant les plus sensibles, d\u00e8s l\u2019apparition des premi\u00e8res rides.<\/p>\n","protected":false},"excerpt":{"rendered":"<p>Pure Kronoxyl, traitement clinique cibl\u00e9 pour les rides verticales, rel\u00e2chement cutan\u00e9, perte de fermet\u00e9. Comme alternative cosm\u00e9tique aux techniques chirurgicales de rajeunissement, ce soin du visage professionnel convient \u00e9galement pour ceux et celles qui ont recours \u00e0 ces techniques de rajeunissement, dans le but d\u2019espacer la fr\u00e9quence des proc\u00e9dures et pour aider \u00e0 optimiser les &hellip;<\/p>\n","protected":false},"featured_media":2065,"template":"","meta":{"_acf_changed":false,"_genesis_hide_title":false,"_genesis_hide_breadcrumbs":false,"_genesis_hide_singular_image":false,"_genesis_hide_footer_widgets":false,"_genesis_custom_body_class":"","_genesis_custom_post_class":"","_genesis_layout":""},"product_cat":[53,62,43],"product_tag":[],"giftcard-category":[],"class_list":{"0":"post-1283","1":"product","2":"type-product","3":"status-publish","4":"has-post-thumbnail","6":"product_cat-gift-card","7":"product_cat-dr-renaud-soins","8":"product_cat-soins","9":"entry","11":"first","12":"instock","13":"virtual","14":"taxable","15":"purchasable","16":"product-type-simple"},"acf":[],"yoast_head":"<!-- This site is optimized with the Yoast SEO plugin v22.5 - https:\/\/yoast.com\/wordpress\/plugins\/seo\/ -->\n<title>Dr. Renaud - Soin PURE Kronoxyl Anti-\u00e2ge Global - Spa Sant\u00e9 Le N\u00e9nuphar<\/title>\n<meta name=\"robots\" content=\"noindex, follow, max-snippet:-1, max-image-preview:large, max-video-preview:-1\" \/>\n<meta property=\"og:locale\" content=\"fr_CA\" \/>\n<meta property=\"og:type\" content=\"article\" \/>\n<meta property=\"og:title\" content=\"Dr. Renaud - Soin PURE Kronoxyl Anti-\u00e2ge Global - Spa Sant\u00e9 Le N\u00e9nuphar\" \/>\n<meta property=\"og:description\" content=\"Pure Kronoxyl, traitement clinique cibl\u00e9 pour les rides verticales, rel\u00e2chement cutan\u00e9, perte de fermet\u00e9. Comme alternative cosm\u00e9tique aux techniques chirurgicales de rajeunissement, ce soin du visage professionnel convient \u00e9galement pour ceux et celles qui ont recours \u00e0 ces techniques de rajeunissement, dans le but d\u2019espacer la fr\u00e9quence des proc\u00e9dures et pour aider \u00e0 optimiser les &hellip;\" \/>\n<meta property=\"og:url\" content=\"https:\/\/publissoft.dev\/spasante\/produit\/optimal-pure-kronoxyl-anti-age-global\/\" \/>\n<meta property=\"og:site_name\" content=\"Spa Sant\u00e9 Le N\u00e9nuphar\" \/>\n<meta property=\"article:publisher\" content=\"https:\/\/www.facebook.com\/SpaSanteLeNenuphar\" \/>\n<meta property=\"article:modified_time\" content=\"2023-07-10T17:54:34+00:00\" \/>\n<meta property=\"og:image\" content=\"https:\/\/publissoft.dev\/spasante\/wp-content\/uploads\/2022\/01\/Spasantelenenuphar-Pure.png\" \/>\n\t<meta property=\"og:image:width\" content=\"900\" \/>\n\t<meta property=\"og:image:height\" content=\"700\" \/>\n\t<meta property=\"og:image:type\" content=\"image\/png\" \/>\n<meta name=\"twitter:card\" content=\"summary_large_image\" \/>\n<meta name=\"twitter:label1\" content=\"Estimation du temps de lecture\" \/>\n\t<meta name=\"twitter:data1\" content=\"1 minute\" \/>\n<script type=\"application\/ld+json\" class=\"yoast-schema-graph\">{\"@context\":\"https:\/\/schema.org\",\"@graph\":[{\"@type\":\"WebPage\",\"@id\":\"https:\/\/publissoft.dev\/spasante\/produit\/optimal-pure-kronoxyl-anti-age-global\/\",\"url\":\"https:\/\/publissoft.dev\/spasante\/produit\/optimal-pure-kronoxyl-anti-age-global\/\",\"name\":\"Dr. Renaud - Soin PURE Kronoxyl Anti-\u00e2ge Global - Spa Sant\u00e9 Le N\u00e9nuphar\",\"isPartOf\":{\"@id\":\"https:\/\/publissoft.dev\/spasante\/#website\"},\"primaryImageOfPage\":{\"@id\":\"https:\/\/publissoft.dev\/spasante\/produit\/optimal-pure-kronoxyl-anti-age-global\/#primaryimage\"},\"image\":{\"@id\":\"https:\/\/publissoft.dev\/spasante\/produit\/optimal-pure-kronoxyl-anti-age-global\/#primaryimage\"},\"thumbnailUrl\":\"https:\/\/publissoft.dev\/spasante\/wp-content\/uploads\/2022\/01\/Spasantelenenuphar-Pure.png\",\"datePublished\":\"2022-01-27T19:42:10+00:00\",\"dateModified\":\"2023-07-10T17:54:34+00:00\",\"breadcrumb\":{\"@id\":\"https:\/\/publissoft.dev\/spasante\/produit\/optimal-pure-kronoxyl-anti-age-global\/#breadcrumb\"},\"inLanguage\":\"fr-CA\",\"potentialAction\":[{\"@type\":\"ReadAction\",\"target\":[\"https:\/\/publissoft.dev\/spasante\/produit\/optimal-pure-kronoxyl-anti-age-global\/\"]}]},{\"@type\":\"ImageObject\",\"inLanguage\":\"fr-CA\",\"@id\":\"https:\/\/publissoft.dev\/spasante\/produit\/optimal-pure-kronoxyl-anti-age-global\/#primaryimage\",\"url\":\"https:\/\/publissoft.dev\/spasante\/wp-content\/uploads\/2022\/01\/Spasantelenenuphar-Pure.png\",\"contentUrl\":\"https:\/\/publissoft.dev\/spasante\/wp-content\/uploads\/2022\/01\/Spasantelenenuphar-Pure.png\",\"width\":900,\"height\":700},{\"@type\":\"BreadcrumbList\",\"@id\":\"https:\/\/publissoft.dev\/spasante\/produit\/optimal-pure-kronoxyl-anti-age-global\/#breadcrumb\",\"itemListElement\":[{\"@type\":\"ListItem\",\"position\":1,\"name\":\"Accueil\",\"item\":\"https:\/\/publissoft.dev\/spasante\/\"},{\"@type\":\"ListItem\",\"position\":2,\"name\":\"Boutique\",\"item\":\"https:\/\/publissoft.dev\/spasante\/boutique\/\"},{\"@type\":\"ListItem\",\"position\":3,\"name\":\"Dr. Renaud &#8211; Soin PURE Kronoxyl Anti-\u00e2ge Global\"}]},{\"@type\":\"WebSite\",\"@id\":\"https:\/\/publissoft.dev\/spasante\/#website\",\"url\":\"https:\/\/publissoft.dev\/spasante\/\",\"name\":\"Spa Sant\u00e9 Le N\u00e9nuphar\",\"description\":\"\",\"publisher\":{\"@id\":\"https:\/\/publissoft.dev\/spasante\/#organization\"},\"potentialAction\":[{\"@type\":\"SearchAction\",\"target\":{\"@type\":\"EntryPoint\",\"urlTemplate\":\"https:\/\/publissoft.dev\/spasante\/?s={search_term_string}\"},\"query-input\":\"required name=search_term_string\"}],\"inLanguage\":\"fr-CA\"},{\"@type\":\"Organization\",\"@id\":\"https:\/\/publissoft.dev\/spasante\/#organization\",\"name\":\"Spa Sant\u00e9 Le N\u00e9nuphar\",\"url\":\"https:\/\/publissoft.dev\/spasante\/\",\"logo\":{\"@type\":\"ImageObject\",\"inLanguage\":\"fr-CA\",\"@id\":\"https:\/\/publissoft.dev\/spasante\/#\/schema\/logo\/image\/\",\"url\":\"https:\/\/publissoft.dev\/spasante\/wp-content\/uploads\/2022\/11\/logo-jpg.jpeg\",\"contentUrl\":\"https:\/\/publissoft.dev\/spasante\/wp-content\/uploads\/2022\/11\/logo-jpg.jpeg\",\"width\":900,\"height\":900,\"caption\":\"Spa Sant\u00e9 Le N\u00e9nuphar\"},\"image\":{\"@id\":\"https:\/\/publissoft.dev\/spasante\/#\/schema\/logo\/image\/\"},\"sameAs\":[\"https:\/\/www.facebook.com\/SpaSanteLeNenuphar\",\"https:\/\/www.instagram.com\/spasantelenenuphar\/?hl=fr\"]}]}<\/script>\n<!-- \/ Yoast SEO plugin. -->","yoast_head_json":{"title":"Dr. Renaud - Soin PURE Kronoxyl Anti-\u00e2ge Global - Spa Sant\u00e9 Le N\u00e9nuphar","robots":{"index":"noindex","follow":"follow","max-snippet":"max-snippet:-1","max-image-preview":"max-image-preview:large","max-video-preview":"max-video-preview:-1"},"og_locale":"fr_CA","og_type":"article","og_title":"Dr. Renaud - Soin PURE Kronoxyl Anti-\u00e2ge Global - Spa Sant\u00e9 Le N\u00e9nuphar","og_description":"Pure Kronoxyl, traitement clinique cibl\u00e9 pour les rides verticales, rel\u00e2chement cutan\u00e9, perte de fermet\u00e9. Comme alternative cosm\u00e9tique aux techniques chirurgicales de rajeunissement, ce soin du visage professionnel convient \u00e9galement pour ceux et celles qui ont recours \u00e0 ces techniques de rajeunissement, dans le but d\u2019espacer la fr\u00e9quence des proc\u00e9dures et pour aider \u00e0 optimiser les &hellip;","og_url":"https:\/\/publissoft.dev\/spasante\/produit\/optimal-pure-kronoxyl-anti-age-global\/","og_site_name":"Spa Sant\u00e9 Le N\u00e9nuphar","article_publisher":"https:\/\/www.facebook.com\/SpaSanteLeNenuphar","article_modified_time":"2023-07-10T17:54:34+00:00","og_image":[{"width":900,"height":700,"url":"https:\/\/publissoft.dev\/spasante\/wp-content\/uploads\/2022\/01\/Spasantelenenuphar-Pure.png","type":"image\/png"}],"twitter_card":"summary_large_image","twitter_misc":{"Estimation du temps de lecture":"1 minute"},"schema":{"@context":"https:\/\/schema.org","@graph":[{"@type":"WebPage","@id":"https:\/\/publissoft.dev\/spasante\/produit\/optimal-pure-kronoxyl-anti-age-global\/","url":"https:\/\/publissoft.dev\/spasante\/produit\/optimal-pure-kronoxyl-anti-age-global\/","name":"Dr. Renaud - Soin PURE Kronoxyl Anti-\u00e2ge Global - Spa Sant\u00e9 Le N\u00e9nuphar","isPartOf":{"@id":"https:\/\/publissoft.dev\/spasante\/#website"},"primaryImageOfPage":{"@id":"https:\/\/publissoft.dev\/spasante\/produit\/optimal-pure-kronoxyl-anti-age-global\/#primaryimage"},"image":{"@id":"https:\/\/publissoft.dev\/spasante\/produit\/optimal-pure-kronoxyl-anti-age-global\/#primaryimage"},"thumbnailUrl":"https:\/\/publissoft.dev\/spasante\/wp-content\/uploads\/2022\/01\/Spasantelenenuphar-Pure.png","datePublished":"2022-01-27T19:42:10+00:00","dateModified":"2023-07-10T17:54:34+00:00","breadcrumb":{"@id":"https:\/\/publissoft.dev\/spasante\/produit\/optimal-pure-kronoxyl-anti-age-global\/#breadcrumb"},"inLanguage":"fr-CA","potentialAction":[{"@type":"ReadAction","target":["https:\/\/publissoft.dev\/spasante\/produit\/optimal-pure-kronoxyl-anti-age-global\/"]}]},{"@type":"ImageObject","inLanguage":"fr-CA","@id":"https:\/\/publissoft.dev\/spasante\/produit\/optimal-pure-kronoxyl-anti-age-global\/#primaryimage","url":"https:\/\/publissoft.dev\/spasante\/wp-content\/uploads\/2022\/01\/Spasantelenenuphar-Pure.png","contentUrl":"https:\/\/publissoft.dev\/spasante\/wp-content\/uploads\/2022\/01\/Spasantelenenuphar-Pure.png","width":900,"height":700},{"@type":"BreadcrumbList","@id":"https:\/\/publissoft.dev\/spasante\/produit\/optimal-pure-kronoxyl-anti-age-global\/#breadcrumb","itemListElement":[{"@type":"ListItem","position":1,"name":"Accueil","item":"https:\/\/publissoft.dev\/spasante\/"},{"@type":"ListItem","position":2,"name":"Boutique","item":"https:\/\/publissoft.dev\/spasante\/boutique\/"},{"@type":"ListItem","position":3,"name":"Dr. Renaud &#8211; Soin PURE Kronoxyl Anti-\u00e2ge Global"}]},{"@type":"WebSite","@id":"https:\/\/publissoft.dev\/spasante\/#website","url":"https:\/\/publissoft.dev\/spasante\/","name":"Spa Sant\u00e9 Le N\u00e9nuphar","description":"","publisher":{"@id":"https:\/\/publissoft.dev\/spasante\/#organization"},"potentialAction":[{"@type":"SearchAction","target":{"@type":"EntryPoint","urlTemplate":"https:\/\/publissoft.dev\/spasante\/?s={search_term_string}"},"query-input":"required name=search_term_string"}],"inLanguage":"fr-CA"},{"@type":"Organization","@id":"https:\/\/publissoft.dev\/spasante\/#organization","name":"Spa Sant\u00e9 Le N\u00e9nuphar","url":"https:\/\/publissoft.dev\/spasante\/","logo":{"@type":"ImageObject","inLanguage":"fr-CA","@id":"https:\/\/publissoft.dev\/spasante\/#\/schema\/logo\/image\/","url":"https:\/\/publissoft.dev\/spasante\/wp-content\/uploads\/2022\/11\/logo-jpg.jpeg","contentUrl":"https:\/\/publissoft.dev\/spasante\/wp-content\/uploads\/2022\/11\/logo-jpg.jpeg","width":900,"height":900,"caption":"Spa Sant\u00e9 Le N\u00e9nuphar"},"image":{"@id":"https:\/\/publissoft.dev\/spasante\/#\/schema\/logo\/image\/"},"sameAs":["https:\/\/www.facebook.com\/SpaSanteLeNenuphar","https:\/\/www.instagram.com\/spasantelenenuphar\/?hl=fr"]}]}},"_links":{"self":[{"href":"https:\/\/publissoft.dev\/spasante\/wp-json\/wp\/v2\/product\/1283","targetHints":{"allow":["GET"]}}],"collection":[{"href":"https:\/\/publissoft.dev\/spasante\/wp-json\/wp\/v2\/product"}],"about":[{"href":"https:\/\/publissoft.dev\/spasante\/wp-json\/wp\/v2\/types\/product"}],"wp:featuredmedia":[{"embeddable":true,"href":"https:\/\/publissoft.dev\/spasante\/wp-json\/wp\/v2\/media\/2065"}],"wp:attachment":[{"href":"https:\/\/publissoft.dev\/spasante\/wp-json\/wp\/v2\/media?parent=1283"}],"wp:term":[{"taxonomy":"product_cat","embeddable":true,"href":"https:\/\/publissoft.dev\/spasante\/wp-json\/wp\/v2\/product_cat?post=1283"},{"taxonomy":"product_tag","embeddable":true,"href":"https:\/\/publissoft.dev\/spasante\/wp-json\/wp\/v2\/product_tag?post=1283"},{"taxonomy":"giftcard-category","embeddable":true,"href":"https:\/\/publissoft.dev\/spasante\/wp-json\/wp\/v2\/giftcard-category?post=1283"}],"curies":[{"name":"wp","href":"https:\/\/api.w.org\/{rel}","templated":true}]}}