{"id":1295,"date":"2022-01-27T14:42:18","date_gmt":"2022-01-27T14:42:18","guid":{"rendered":"https:\/\/publissoft.dev\/spasante\/produit\/pantalon-evasion\/"},"modified":"2024-03-20T12:40:38","modified_gmt":"2024-03-20T16:40:38","slug":"pantalon-evasion-2-spa-sante-le-nenuphar","status":"publish","type":"product","link":"https:\/\/publissoft.dev\/spasante\/produit\/pantalon-evasion-2-spa-sante-le-nenuphar\/","title":{"rendered":"Rose Buddha &#8211; Pantalon \u00c9vasion"},"content":{"rendered":"<p data-mce-fragment=\"1\">Pantalon \u00c9vasion<\/p>\n<p data-mce-fragment=\"1\">Doux et confo, le Pantalon \u00c9vasion est TON pantalon mou qui t\u2019offre une coupe ultra-flatteuse! Ce sont les pantalons que tu mets dans ton sac pour partir \u00e0 l\u2019aventure.<br data-mce-fragment=\"1\" \/>Fait de\u00a0TENCEL, une fibre hyper-\u00e9coresponsable, qui garde au frais et RESPIRE!<\/p>\n<p data-mce-fragment=\"1\">Petit plus, chaque pantalon est unique gr\u00e2ce \u00e0 ses int\u00e9rieurs de poches faits avec nos retailles de leggings #ZERODECHET + Tu transporteras avec toi une touche magique, puisqu&#8217;une pierre semi-pr\u00e9cieuse est attach\u00e9e au bout des cordons.<\/p>\n<ul data-mce-fragment=\"1\">\n<li data-mce-fragment=\"1\">Composition : 66% TENCEL\u2122 Lyocell, 28% coton biologique, 6% Spandex<\/li>\n<li data-mce-fragment=\"1\">Fibre de TENCEL \u00e9coresponsable provenant d\u2019\u00e9corce de bois de feuillus<\/li>\n<li data-mce-fragment=\"1\">Doux, confortable<\/li>\n<\/ul>\n","protected":false},"excerpt":{"rendered":"<p>Pantalon \u00c9vasion Doux et confo, le Pantalon \u00c9vasion est TON pantalon mou qui t\u2019offre une coupe ultra-flatteuse! Ce sont les pantalons que tu mets dans ton sac pour partir \u00e0 l\u2019aventure.Fait de\u00a0TENCEL, une fibre hyper-\u00e9coresponsable, qui garde au frais et RESPIRE! Petit plus, chaque pantalon est unique gr\u00e2ce \u00e0 ses int\u00e9rieurs de poches faits avec &hellip;<\/p>\n","protected":false},"featured_media":1302,"template":"","meta":{"_acf_changed":false,"_genesis_hide_title":false,"_genesis_hide_breadcrumbs":false,"_genesis_hide_singular_image":false,"_genesis_hide_footer_widgets":false,"_genesis_custom_body_class":"","_genesis_custom_post_class":"","_genesis_layout":""},"product_cat":[37,92,42],"product_tag":[],"giftcard-category":[],"class_list":{"0":"post-1295","1":"product","2":"type-product","3":"status-publish","4":"has-post-thumbnail","6":"product_cat-produits","7":"product_cat-produits-en-liquidation","8":"product_cat-rose-buddha","9":"entry","11":"first","12":"instock","13":"taxable","14":"shipping-taxable","15":"product-type-variable"},"acf":[],"yoast_head":"<!-- This site is optimized with the Yoast SEO plugin v22.5 - https:\/\/yoast.com\/wordpress\/plugins\/seo\/ -->\n<title>Rose Buddha - Pantalon \u00c9vasion - Spa Sant\u00e9 Le N\u00e9nuphar<\/title>\n<meta name=\"description\" content=\"Pantalon \u00c9vasion - Fait de TENCEL, une fibre hyper \u00e9coresponsable, qui garde au frais et RESPIRE. C&#039;est un produit doux et confortable. Visitez notre site !\" \/>\n<meta name=\"robots\" content=\"noindex, follow, max-snippet:-1, max-image-preview:large, max-video-preview:-1\" \/>\n<meta property=\"og:locale\" content=\"fr_CA\" \/>\n<meta property=\"og:type\" content=\"article\" \/>\n<meta property=\"og:title\" content=\"Rose Buddha - Pantalon \u00c9vasion - Spa Sant\u00e9 Le N\u00e9nuphar\" \/>\n<meta property=\"og:description\" content=\"Pantalon \u00c9vasion - Fait de TENCEL, une fibre hyper \u00e9coresponsable, qui garde au frais et RESPIRE. C&#039;est un produit doux et confortable. Visitez notre site !\" \/>\n<meta property=\"og:url\" content=\"https:\/\/publissoft.dev\/spasante\/produit\/pantalon-evasion-2-spa-sante-le-nenuphar\/\" \/>\n<meta property=\"og:site_name\" content=\"Spa Sant\u00e9 Le N\u00e9nuphar\" \/>\n<meta property=\"article:publisher\" content=\"https:\/\/www.facebook.com\/SpaSanteLeNenuphar\" \/>\n<meta property=\"article:modified_time\" content=\"2024-03-20T16:40:38+00:00\" \/>\n<meta property=\"og:image\" content=\"https:\/\/publissoft.dev\/spasante\/wp-content\/uploads\/2022\/01\/image_2021-11-25_173206.png\" \/>\n\t<meta property=\"og:image:width\" content=\"400\" \/>\n\t<meta property=\"og:image:height\" content=\"600\" \/>\n\t<meta property=\"og:image:type\" content=\"image\/png\" \/>\n<meta name=\"twitter:card\" content=\"summary_large_image\" \/>\n<meta name=\"twitter:label1\" content=\"Estimation du temps de lecture\" \/>\n\t<meta name=\"twitter:data1\" content=\"1 minute\" \/>\n<script type=\"application\/ld+json\" class=\"yoast-schema-graph\">{\"@context\":\"https:\/\/schema.org\",\"@graph\":[{\"@type\":\"WebPage\",\"@id\":\"https:\/\/publissoft.dev\/spasante\/produit\/pantalon-evasion-2-spa-sante-le-nenuphar\/\",\"url\":\"https:\/\/publissoft.dev\/spasante\/produit\/pantalon-evasion-2-spa-sante-le-nenuphar\/\",\"name\":\"Rose Buddha - Pantalon \u00c9vasion - Spa Sant\u00e9 Le N\u00e9nuphar\",\"isPartOf\":{\"@id\":\"https:\/\/publissoft.dev\/spasante\/#website\"},\"primaryImageOfPage\":{\"@id\":\"https:\/\/publissoft.dev\/spasante\/produit\/pantalon-evasion-2-spa-sante-le-nenuphar\/#primaryimage\"},\"image\":{\"@id\":\"https:\/\/publissoft.dev\/spasante\/produit\/pantalon-evasion-2-spa-sante-le-nenuphar\/#primaryimage\"},\"thumbnailUrl\":\"https:\/\/publissoft.dev\/spasante\/wp-content\/uploads\/2022\/01\/image_2021-11-25_173206.png\",\"datePublished\":\"2022-01-27T14:42:18+00:00\",\"dateModified\":\"2024-03-20T16:40:38+00:00\",\"description\":\"Pantalon \u00c9vasion - Fait de TENCEL, une fibre hyper \u00e9coresponsable, qui garde au frais et RESPIRE. C'est un produit doux et confortable. Visitez notre site !\",\"breadcrumb\":{\"@id\":\"https:\/\/publissoft.dev\/spasante\/produit\/pantalon-evasion-2-spa-sante-le-nenuphar\/#breadcrumb\"},\"inLanguage\":\"fr-CA\",\"potentialAction\":[{\"@type\":\"ReadAction\",\"target\":[\"https:\/\/publissoft.dev\/spasante\/produit\/pantalon-evasion-2-spa-sante-le-nenuphar\/\"]}]},{\"@type\":\"ImageObject\",\"inLanguage\":\"fr-CA\",\"@id\":\"https:\/\/publissoft.dev\/spasante\/produit\/pantalon-evasion-2-spa-sante-le-nenuphar\/#primaryimage\",\"url\":\"https:\/\/publissoft.dev\/spasante\/wp-content\/uploads\/2022\/01\/image_2021-11-25_173206.png\",\"contentUrl\":\"https:\/\/publissoft.dev\/spasante\/wp-content\/uploads\/2022\/01\/image_2021-11-25_173206.png\",\"width\":400,\"height\":600},{\"@type\":\"BreadcrumbList\",\"@id\":\"https:\/\/publissoft.dev\/spasante\/produit\/pantalon-evasion-2-spa-sante-le-nenuphar\/#breadcrumb\",\"itemListElement\":[{\"@type\":\"ListItem\",\"position\":1,\"name\":\"Accueil\",\"item\":\"https:\/\/publissoft.dev\/spasante\/\"},{\"@type\":\"ListItem\",\"position\":2,\"name\":\"Boutique\",\"item\":\"https:\/\/publissoft.dev\/spasante\/boutique\/\"},{\"@type\":\"ListItem\",\"position\":3,\"name\":\"Rose Buddha &#8211; Pantalon \u00c9vasion\"}]},{\"@type\":\"WebSite\",\"@id\":\"https:\/\/publissoft.dev\/spasante\/#website\",\"url\":\"https:\/\/publissoft.dev\/spasante\/\",\"name\":\"Spa Sant\u00e9 Le N\u00e9nuphar\",\"description\":\"\",\"publisher\":{\"@id\":\"https:\/\/publissoft.dev\/spasante\/#organization\"},\"potentialAction\":[{\"@type\":\"SearchAction\",\"target\":{\"@type\":\"EntryPoint\",\"urlTemplate\":\"https:\/\/publissoft.dev\/spasante\/?s={search_term_string}\"},\"query-input\":\"required name=search_term_string\"}],\"inLanguage\":\"fr-CA\"},{\"@type\":\"Organization\",\"@id\":\"https:\/\/publissoft.dev\/spasante\/#organization\",\"name\":\"Spa Sant\u00e9 Le N\u00e9nuphar\",\"url\":\"https:\/\/publissoft.dev\/spasante\/\",\"logo\":{\"@type\":\"ImageObject\",\"inLanguage\":\"fr-CA\",\"@id\":\"https:\/\/publissoft.dev\/spasante\/#\/schema\/logo\/image\/\",\"url\":\"https:\/\/publissoft.dev\/spasante\/wp-content\/uploads\/2022\/11\/logo-jpg.jpeg\",\"contentUrl\":\"https:\/\/publissoft.dev\/spasante\/wp-content\/uploads\/2022\/11\/logo-jpg.jpeg\",\"width\":900,\"height\":900,\"caption\":\"Spa Sant\u00e9 Le N\u00e9nuphar\"},\"image\":{\"@id\":\"https:\/\/publissoft.dev\/spasante\/#\/schema\/logo\/image\/\"},\"sameAs\":[\"https:\/\/www.facebook.com\/SpaSanteLeNenuphar\",\"https:\/\/www.instagram.com\/spasantelenenuphar\/?hl=fr\"]}]}<\/script>\n<!-- \/ Yoast SEO plugin. -->","yoast_head_json":{"title":"Rose Buddha - Pantalon \u00c9vasion - Spa Sant\u00e9 Le N\u00e9nuphar","description":"Pantalon \u00c9vasion - Fait de TENCEL, une fibre hyper \u00e9coresponsable, qui garde au frais et RESPIRE. C'est un produit doux et confortable. Visitez notre site !","robots":{"index":"noindex","follow":"follow","max-snippet":"max-snippet:-1","max-image-preview":"max-image-preview:large","max-video-preview":"max-video-preview:-1"},"og_locale":"fr_CA","og_type":"article","og_title":"Rose Buddha - Pantalon \u00c9vasion - Spa Sant\u00e9 Le N\u00e9nuphar","og_description":"Pantalon \u00c9vasion - Fait de TENCEL, une fibre hyper \u00e9coresponsable, qui garde au frais et RESPIRE. C'est un produit doux et confortable. Visitez notre site !","og_url":"https:\/\/publissoft.dev\/spasante\/produit\/pantalon-evasion-2-spa-sante-le-nenuphar\/","og_site_name":"Spa Sant\u00e9 Le N\u00e9nuphar","article_publisher":"https:\/\/www.facebook.com\/SpaSanteLeNenuphar","article_modified_time":"2024-03-20T16:40:38+00:00","og_image":[{"width":400,"height":600,"url":"https:\/\/publissoft.dev\/spasante\/wp-content\/uploads\/2022\/01\/image_2021-11-25_173206.png","type":"image\/png"}],"twitter_card":"summary_large_image","twitter_misc":{"Estimation du temps de lecture":"1 minute"},"schema":{"@context":"https:\/\/schema.org","@graph":[{"@type":"WebPage","@id":"https:\/\/publissoft.dev\/spasante\/produit\/pantalon-evasion-2-spa-sante-le-nenuphar\/","url":"https:\/\/publissoft.dev\/spasante\/produit\/pantalon-evasion-2-spa-sante-le-nenuphar\/","name":"Rose Buddha - Pantalon \u00c9vasion - Spa Sant\u00e9 Le N\u00e9nuphar","isPartOf":{"@id":"https:\/\/publissoft.dev\/spasante\/#website"},"primaryImageOfPage":{"@id":"https:\/\/publissoft.dev\/spasante\/produit\/pantalon-evasion-2-spa-sante-le-nenuphar\/#primaryimage"},"image":{"@id":"https:\/\/publissoft.dev\/spasante\/produit\/pantalon-evasion-2-spa-sante-le-nenuphar\/#primaryimage"},"thumbnailUrl":"https:\/\/publissoft.dev\/spasante\/wp-content\/uploads\/2022\/01\/image_2021-11-25_173206.png","datePublished":"2022-01-27T14:42:18+00:00","dateModified":"2024-03-20T16:40:38+00:00","description":"Pantalon \u00c9vasion - Fait de TENCEL, une fibre hyper \u00e9coresponsable, qui garde au frais et RESPIRE. C'est un produit doux et confortable. Visitez notre site !","breadcrumb":{"@id":"https:\/\/publissoft.dev\/spasante\/produit\/pantalon-evasion-2-spa-sante-le-nenuphar\/#breadcrumb"},"inLanguage":"fr-CA","potentialAction":[{"@type":"ReadAction","target":["https:\/\/publissoft.dev\/spasante\/produit\/pantalon-evasion-2-spa-sante-le-nenuphar\/"]}]},{"@type":"ImageObject","inLanguage":"fr-CA","@id":"https:\/\/publissoft.dev\/spasante\/produit\/pantalon-evasion-2-spa-sante-le-nenuphar\/#primaryimage","url":"https:\/\/publissoft.dev\/spasante\/wp-content\/uploads\/2022\/01\/image_2021-11-25_173206.png","contentUrl":"https:\/\/publissoft.dev\/spasante\/wp-content\/uploads\/2022\/01\/image_2021-11-25_173206.png","width":400,"height":600},{"@type":"BreadcrumbList","@id":"https:\/\/publissoft.dev\/spasante\/produit\/pantalon-evasion-2-spa-sante-le-nenuphar\/#breadcrumb","itemListElement":[{"@type":"ListItem","position":1,"name":"Accueil","item":"https:\/\/publissoft.dev\/spasante\/"},{"@type":"ListItem","position":2,"name":"Boutique","item":"https:\/\/publissoft.dev\/spasante\/boutique\/"},{"@type":"ListItem","position":3,"name":"Rose Buddha &#8211; Pantalon \u00c9vasion"}]},{"@type":"WebSite","@id":"https:\/\/publissoft.dev\/spasante\/#website","url":"https:\/\/publissoft.dev\/spasante\/","name":"Spa Sant\u00e9 Le N\u00e9nuphar","description":"","publisher":{"@id":"https:\/\/publissoft.dev\/spasante\/#organization"},"potentialAction":[{"@type":"SearchAction","target":{"@type":"EntryPoint","urlTemplate":"https:\/\/publissoft.dev\/spasante\/?s={search_term_string}"},"query-input":"required name=search_term_string"}],"inLanguage":"fr-CA"},{"@type":"Organization","@id":"https:\/\/publissoft.dev\/spasante\/#organization","name":"Spa Sant\u00e9 Le N\u00e9nuphar","url":"https:\/\/publissoft.dev\/spasante\/","logo":{"@type":"ImageObject","inLanguage":"fr-CA","@id":"https:\/\/publissoft.dev\/spasante\/#\/schema\/logo\/image\/","url":"https:\/\/publissoft.dev\/spasante\/wp-content\/uploads\/2022\/11\/logo-jpg.jpeg","contentUrl":"https:\/\/publissoft.dev\/spasante\/wp-content\/uploads\/2022\/11\/logo-jpg.jpeg","width":900,"height":900,"caption":"Spa Sant\u00e9 Le N\u00e9nuphar"},"image":{"@id":"https:\/\/publissoft.dev\/spasante\/#\/schema\/logo\/image\/"},"sameAs":["https:\/\/www.facebook.com\/SpaSanteLeNenuphar","https:\/\/www.instagram.com\/spasantelenenuphar\/?hl=fr"]}]}},"_links":{"self":[{"href":"https:\/\/publissoft.dev\/spasante\/wp-json\/wp\/v2\/product\/1295","targetHints":{"allow":["GET"]}}],"collection":[{"href":"https:\/\/publissoft.dev\/spasante\/wp-json\/wp\/v2\/product"}],"about":[{"href":"https:\/\/publissoft.dev\/spasante\/wp-json\/wp\/v2\/types\/product"}],"wp:featuredmedia":[{"embeddable":true,"href":"https:\/\/publissoft.dev\/spasante\/wp-json\/wp\/v2\/media\/1302"}],"wp:attachment":[{"href":"https:\/\/publissoft.dev\/spasante\/wp-json\/wp\/v2\/media?parent=1295"}],"wp:term":[{"taxonomy":"product_cat","embeddable":true,"href":"https:\/\/publissoft.dev\/spasante\/wp-json\/wp\/v2\/product_cat?post=1295"},{"taxonomy":"product_tag","embeddable":true,"href":"https:\/\/publissoft.dev\/spasante\/wp-json\/wp\/v2\/product_tag?post=1295"},{"taxonomy":"giftcard-category","embeddable":true,"href":"https:\/\/publissoft.dev\/spasante\/wp-json\/wp\/v2\/giftcard-category?post=1295"}],"curies":[{"name":"wp","href":"https:\/\/api.w.org\/{rel}","templated":true}]}}