{"id":1313,"date":"2022-01-27T14:42:25","date_gmt":"2022-01-27T19:42:25","guid":{"rendered":"https:\/\/publissoft.dev\/spasante\/produit\/photorajeunissement-visage-traitement-des-taches-pigmentaires-couperoses-perte-de-fermete-etc\/"},"modified":"2024-03-01T10:23:22","modified_gmt":"2024-03-01T15:23:22","slug":"photorajeunissement-visage-spa-sante-le-nenuphar","status":"publish","type":"product","link":"https:\/\/publissoft.dev\/spasante\/produit\/photorajeunissement-visage-spa-sante-le-nenuphar\/","title":{"rendered":"Photorajeunissement visage &#8211; traitement des taches pigmentaires, couperoses, perte de fermet\u00e9, etc"},"content":{"rendered":"<h2 data-mce-fragment=\"1\"><strong data-mce-fragment=\"1\">Consultation gratuite!<\/strong><\/h2>\n<div data-mce-fragment=\"1\"><\/div>\n<div data-mce-fragment=\"1\">Donnez \u00e0 votre peau un \u00e9clat de jeunesse avec les traitements pour la peau du visage de SharpLight.<\/div>\n<div data-mce-fragment=\"1\">\n<div data-mce-fragment=\"1\">\n<p data-mce-fragment=\"1\">Les r\u00e9sultats avanc\u00e9s de SharpLight combattent une gamme vari\u00e9e de signes du vieillissement et fournissent des r\u00e9sultats impressionnants, fiables et durables. Les traitements de rajeunissement de la peau, qui utilisent les technologies de la lumi\u00e8re puls\u00e9e intense.<\/p>\n<p data-mce-fragment=\"1\">Les traitements pour la peau du visage en photorajeunissement\u00a0sont con\u00e7us pour le visage, le cou, la poitrine et les mains de tous les types de peau et tous les groupes d&#8217;\u00e2ge.<\/p>\n<p data-mce-fragment=\"1\">Les traitements am\u00e9liorent l&#8217;apparence de nombreux troubles cutan\u00e9s communs comme les taches caus\u00e9es par le soleil, les rides fines, les pores dilat\u00e9s, la pigmentation tachet\u00e9e,les capillaires rompu,\u00a0les veines et la t\u00e9langiectasie en araign\u00e9e,et plus encore.<\/p>\n<p data-mce-fragment=\"1\"><strong data-mce-fragment=\"1\">Principaux avantages<\/strong><\/p>\n<\/div>\n<div data-mce-fragment=\"1\">\n<p data-mce-fragment=\"1\">Voici quelques-uns des principaux avantages des traitements du visage de SharpLight :<\/p>\n<ul data-mce-fragment=\"1\">\n<li data-mce-fragment=\"1\">Les traitements resserrent la peau efficacement et de fa\u00e7on efficiente et r\u00e9duisent un \u00e9ventail de signes du vieillissement comme les rides et la pigmentation.<\/li>\n<li data-mce-fragment=\"1\">Des r\u00e9sultats durables sont obtenus en un nombre relativement r\u00e9duit de sessions de traitement.<\/li>\n<li data-mce-fragment=\"1\">Les traitements sont non invasifs, propres et relativement sans douleur.<\/li>\n<\/ul>\n<\/div>\n<\/div>\n","protected":false},"excerpt":{"rendered":"<p>Consultation gratuite! Donnez \u00e0 votre peau un \u00e9clat de jeunesse avec les traitements pour la peau du visage de SharpLight. Les r\u00e9sultats avanc\u00e9s de SharpLight combattent une gamme vari\u00e9e de signes du vieillissement et fournissent des r\u00e9sultats impressionnants, fiables et durables. Les traitements de rajeunissement de la peau, qui utilisent les technologies de la lumi\u00e8re &hellip;<\/p>\n","protected":false},"featured_media":3482,"template":"","meta":{"_acf_changed":false,"_genesis_hide_title":false,"_genesis_hide_breadcrumbs":false,"_genesis_hide_singular_image":false,"_genesis_hide_footer_widgets":false,"_genesis_custom_body_class":"","_genesis_custom_post_class":"","_genesis_layout":""},"product_cat":[53,83,43,66],"product_tag":[],"giftcard-category":[],"class_list":{"0":"post-1313","1":"product","2":"type-product","3":"status-publish","4":"has-post-thumbnail","6":"product_cat-gift-card","7":"product_cat-photorajeunissement","8":"product_cat-soins","9":"product_cat-soins-corporels","10":"entry","12":"first","13":"instock","14":"virtual","15":"taxable","16":"purchasable","17":"product-type-simple"},"acf":[],"yoast_head":"<!-- This site is optimized with the Yoast SEO plugin v22.5 - https:\/\/yoast.com\/wordpress\/plugins\/seo\/ -->\n<title>Photorajeunissement visage - traitement des taches pigmentaires, couperoses, perte de fermet\u00e9, etc - Spa Sant\u00e9 Le N\u00e9nuphar<\/title>\n<meta name=\"description\" content=\"Les traitements pour la peau du visage en photorajeunissement\u00a0sont con\u00e7us pour le visage, le cou, la poitrine et les mains de tous les types de peau et tous les groupes d&#039;\u00e2ge.Les traitements am\u00e9liorent l&#039;apparence de nombreux troubles cutan\u00e9s communs comme les taches caus\u00e9es par le soleil, les rides fines, les pores dilat\u00e9s, la pigmentation tachet\u00e9e,les capillaires rompu,\u00a0les veines et la t\u00e9langiectasie en araign\u00e9e,et plus encore.\" \/>\n<meta name=\"robots\" content=\"noindex, follow, max-snippet:-1, max-image-preview:large, max-video-preview:-1\" \/>\n<meta property=\"og:locale\" content=\"fr_CA\" \/>\n<meta property=\"og:type\" content=\"article\" \/>\n<meta property=\"og:title\" content=\"Photorajeunissement visage - traitement des taches pigmentaires, couperoses, perte de fermet\u00e9, etc - Spa Sant\u00e9 Le N\u00e9nuphar\" \/>\n<meta property=\"og:description\" content=\"Les traitements pour la peau du visage en photorajeunissement\u00a0sont con\u00e7us pour le visage, le cou, la poitrine et les mains de tous les types de peau et tous les groupes d&#039;\u00e2ge.Les traitements am\u00e9liorent l&#039;apparence de nombreux troubles cutan\u00e9s communs comme les taches caus\u00e9es par le soleil, les rides fines, les pores dilat\u00e9s, la pigmentation tachet\u00e9e,les capillaires rompu,\u00a0les veines et la t\u00e9langiectasie en araign\u00e9e,et plus encore.\" \/>\n<meta property=\"og:url\" content=\"https:\/\/publissoft.dev\/spasante\/produit\/photorajeunissement-visage-spa-sante-le-nenuphar\/\" \/>\n<meta property=\"og:site_name\" content=\"Spa Sant\u00e9 Le N\u00e9nuphar\" \/>\n<meta property=\"article:publisher\" content=\"https:\/\/www.facebook.com\/SpaSanteLeNenuphar\" \/>\n<meta property=\"article:modified_time\" content=\"2024-03-01T15:23:22+00:00\" \/>\n<meta property=\"og:image\" content=\"https:\/\/publissoft.dev\/spasante\/wp-content\/uploads\/2022\/01\/photorajeunissement-par-bianka.jpg\" \/>\n\t<meta property=\"og:image:width\" content=\"2048\" \/>\n\t<meta property=\"og:image:height\" content=\"2048\" \/>\n\t<meta property=\"og:image:type\" content=\"image\/jpeg\" \/>\n<meta name=\"twitter:card\" content=\"summary_large_image\" \/>\n<meta name=\"twitter:label1\" content=\"Estimation du temps de lecture\" \/>\n\t<meta name=\"twitter:data1\" content=\"2 minutes\" \/>\n<script type=\"application\/ld+json\" class=\"yoast-schema-graph\">{\"@context\":\"https:\/\/schema.org\",\"@graph\":[{\"@type\":\"WebPage\",\"@id\":\"https:\/\/publissoft.dev\/spasante\/produit\/photorajeunissement-visage-spa-sante-le-nenuphar\/\",\"url\":\"https:\/\/publissoft.dev\/spasante\/produit\/photorajeunissement-visage-spa-sante-le-nenuphar\/\",\"name\":\"Photorajeunissement visage - traitement des taches pigmentaires, couperoses, perte de fermet\u00e9, etc - Spa Sant\u00e9 Le N\u00e9nuphar\",\"isPartOf\":{\"@id\":\"https:\/\/publissoft.dev\/spasante\/#website\"},\"primaryImageOfPage\":{\"@id\":\"https:\/\/publissoft.dev\/spasante\/produit\/photorajeunissement-visage-spa-sante-le-nenuphar\/#primaryimage\"},\"image\":{\"@id\":\"https:\/\/publissoft.dev\/spasante\/produit\/photorajeunissement-visage-spa-sante-le-nenuphar\/#primaryimage\"},\"thumbnailUrl\":\"https:\/\/publissoft.dev\/spasante\/wp-content\/uploads\/2022\/01\/photorajeunissement-par-bianka.jpg\",\"datePublished\":\"2022-01-27T19:42:25+00:00\",\"dateModified\":\"2024-03-01T15:23:22+00:00\",\"description\":\"Les traitements pour la peau du visage en photorajeunissement\u00a0sont con\u00e7us pour le visage, le cou, la poitrine et les mains de tous les types de peau et tous les groupes d'\u00e2ge.Les traitements am\u00e9liorent l'apparence de nombreux troubles cutan\u00e9s communs comme les taches caus\u00e9es par le soleil, les rides fines, les pores dilat\u00e9s, la pigmentation tachet\u00e9e,les capillaires rompu,\u00a0les veines et la t\u00e9langiectasie en araign\u00e9e,et plus encore.\",\"breadcrumb\":{\"@id\":\"https:\/\/publissoft.dev\/spasante\/produit\/photorajeunissement-visage-spa-sante-le-nenuphar\/#breadcrumb\"},\"inLanguage\":\"fr-CA\",\"potentialAction\":[{\"@type\":\"ReadAction\",\"target\":[\"https:\/\/publissoft.dev\/spasante\/produit\/photorajeunissement-visage-spa-sante-le-nenuphar\/\"]}]},{\"@type\":\"ImageObject\",\"inLanguage\":\"fr-CA\",\"@id\":\"https:\/\/publissoft.dev\/spasante\/produit\/photorajeunissement-visage-spa-sante-le-nenuphar\/#primaryimage\",\"url\":\"https:\/\/publissoft.dev\/spasante\/wp-content\/uploads\/2022\/01\/photorajeunissement-par-bianka.jpg\",\"contentUrl\":\"https:\/\/publissoft.dev\/spasante\/wp-content\/uploads\/2022\/01\/photorajeunissement-par-bianka.jpg\",\"width\":2048,\"height\":2048},{\"@type\":\"BreadcrumbList\",\"@id\":\"https:\/\/publissoft.dev\/spasante\/produit\/photorajeunissement-visage-spa-sante-le-nenuphar\/#breadcrumb\",\"itemListElement\":[{\"@type\":\"ListItem\",\"position\":1,\"name\":\"Accueil\",\"item\":\"https:\/\/publissoft.dev\/spasante\/\"},{\"@type\":\"ListItem\",\"position\":2,\"name\":\"Boutique\",\"item\":\"https:\/\/publissoft.dev\/spasante\/boutique\/\"},{\"@type\":\"ListItem\",\"position\":3,\"name\":\"Photorajeunissement visage &#8211; traitement des taches pigmentaires, couperoses, perte de fermet\u00e9, etc\"}]},{\"@type\":\"WebSite\",\"@id\":\"https:\/\/publissoft.dev\/spasante\/#website\",\"url\":\"https:\/\/publissoft.dev\/spasante\/\",\"name\":\"Spa Sant\u00e9 Le N\u00e9nuphar\",\"description\":\"\",\"publisher\":{\"@id\":\"https:\/\/publissoft.dev\/spasante\/#organization\"},\"potentialAction\":[{\"@type\":\"SearchAction\",\"target\":{\"@type\":\"EntryPoint\",\"urlTemplate\":\"https:\/\/publissoft.dev\/spasante\/?s={search_term_string}\"},\"query-input\":\"required name=search_term_string\"}],\"inLanguage\":\"fr-CA\"},{\"@type\":\"Organization\",\"@id\":\"https:\/\/publissoft.dev\/spasante\/#organization\",\"name\":\"Spa Sant\u00e9 Le N\u00e9nuphar\",\"url\":\"https:\/\/publissoft.dev\/spasante\/\",\"logo\":{\"@type\":\"ImageObject\",\"inLanguage\":\"fr-CA\",\"@id\":\"https:\/\/publissoft.dev\/spasante\/#\/schema\/logo\/image\/\",\"url\":\"https:\/\/publissoft.dev\/spasante\/wp-content\/uploads\/2022\/11\/logo-jpg.jpeg\",\"contentUrl\":\"https:\/\/publissoft.dev\/spasante\/wp-content\/uploads\/2022\/11\/logo-jpg.jpeg\",\"width\":900,\"height\":900,\"caption\":\"Spa Sant\u00e9 Le N\u00e9nuphar\"},\"image\":{\"@id\":\"https:\/\/publissoft.dev\/spasante\/#\/schema\/logo\/image\/\"},\"sameAs\":[\"https:\/\/www.facebook.com\/SpaSanteLeNenuphar\",\"https:\/\/www.instagram.com\/spasantelenenuphar\/?hl=fr\"]}]}<\/script>\n<!-- \/ Yoast SEO plugin. -->","yoast_head_json":{"title":"Photorajeunissement visage - traitement des taches pigmentaires, couperoses, perte de fermet\u00e9, etc - Spa Sant\u00e9 Le N\u00e9nuphar","description":"Les traitements pour la peau du visage en photorajeunissement\u00a0sont con\u00e7us pour le visage, le cou, la poitrine et les mains de tous les types de peau et tous les groupes d'\u00e2ge.Les traitements am\u00e9liorent l'apparence de nombreux troubles cutan\u00e9s communs comme les taches caus\u00e9es par le soleil, les rides fines, les pores dilat\u00e9s, la pigmentation tachet\u00e9e,les capillaires rompu,\u00a0les veines et la t\u00e9langiectasie en araign\u00e9e,et plus encore.","robots":{"index":"noindex","follow":"follow","max-snippet":"max-snippet:-1","max-image-preview":"max-image-preview:large","max-video-preview":"max-video-preview:-1"},"og_locale":"fr_CA","og_type":"article","og_title":"Photorajeunissement visage - traitement des taches pigmentaires, couperoses, perte de fermet\u00e9, etc - Spa Sant\u00e9 Le N\u00e9nuphar","og_description":"Les traitements pour la peau du visage en photorajeunissement\u00a0sont con\u00e7us pour le visage, le cou, la poitrine et les mains de tous les types de peau et tous les groupes d'\u00e2ge.Les traitements am\u00e9liorent l'apparence de nombreux troubles cutan\u00e9s communs comme les taches caus\u00e9es par le soleil, les rides fines, les pores dilat\u00e9s, la pigmentation tachet\u00e9e,les capillaires rompu,\u00a0les veines et la t\u00e9langiectasie en araign\u00e9e,et plus encore.","og_url":"https:\/\/publissoft.dev\/spasante\/produit\/photorajeunissement-visage-spa-sante-le-nenuphar\/","og_site_name":"Spa Sant\u00e9 Le N\u00e9nuphar","article_publisher":"https:\/\/www.facebook.com\/SpaSanteLeNenuphar","article_modified_time":"2024-03-01T15:23:22+00:00","og_image":[{"width":2048,"height":2048,"url":"https:\/\/publissoft.dev\/spasante\/wp-content\/uploads\/2022\/01\/photorajeunissement-par-bianka.jpg","type":"image\/jpeg"}],"twitter_card":"summary_large_image","twitter_misc":{"Estimation du temps de lecture":"2 minutes"},"schema":{"@context":"https:\/\/schema.org","@graph":[{"@type":"WebPage","@id":"https:\/\/publissoft.dev\/spasante\/produit\/photorajeunissement-visage-spa-sante-le-nenuphar\/","url":"https:\/\/publissoft.dev\/spasante\/produit\/photorajeunissement-visage-spa-sante-le-nenuphar\/","name":"Photorajeunissement visage - traitement des taches pigmentaires, couperoses, perte de fermet\u00e9, etc - Spa Sant\u00e9 Le N\u00e9nuphar","isPartOf":{"@id":"https:\/\/publissoft.dev\/spasante\/#website"},"primaryImageOfPage":{"@id":"https:\/\/publissoft.dev\/spasante\/produit\/photorajeunissement-visage-spa-sante-le-nenuphar\/#primaryimage"},"image":{"@id":"https:\/\/publissoft.dev\/spasante\/produit\/photorajeunissement-visage-spa-sante-le-nenuphar\/#primaryimage"},"thumbnailUrl":"https:\/\/publissoft.dev\/spasante\/wp-content\/uploads\/2022\/01\/photorajeunissement-par-bianka.jpg","datePublished":"2022-01-27T19:42:25+00:00","dateModified":"2024-03-01T15:23:22+00:00","description":"Les traitements pour la peau du visage en photorajeunissement\u00a0sont con\u00e7us pour le visage, le cou, la poitrine et les mains de tous les types de peau et tous les groupes d'\u00e2ge.Les traitements am\u00e9liorent l'apparence de nombreux troubles cutan\u00e9s communs comme les taches caus\u00e9es par le soleil, les rides fines, les pores dilat\u00e9s, la pigmentation tachet\u00e9e,les capillaires rompu,\u00a0les veines et la t\u00e9langiectasie en araign\u00e9e,et plus encore.","breadcrumb":{"@id":"https:\/\/publissoft.dev\/spasante\/produit\/photorajeunissement-visage-spa-sante-le-nenuphar\/#breadcrumb"},"inLanguage":"fr-CA","potentialAction":[{"@type":"ReadAction","target":["https:\/\/publissoft.dev\/spasante\/produit\/photorajeunissement-visage-spa-sante-le-nenuphar\/"]}]},{"@type":"ImageObject","inLanguage":"fr-CA","@id":"https:\/\/publissoft.dev\/spasante\/produit\/photorajeunissement-visage-spa-sante-le-nenuphar\/#primaryimage","url":"https:\/\/publissoft.dev\/spasante\/wp-content\/uploads\/2022\/01\/photorajeunissement-par-bianka.jpg","contentUrl":"https:\/\/publissoft.dev\/spasante\/wp-content\/uploads\/2022\/01\/photorajeunissement-par-bianka.jpg","width":2048,"height":2048},{"@type":"BreadcrumbList","@id":"https:\/\/publissoft.dev\/spasante\/produit\/photorajeunissement-visage-spa-sante-le-nenuphar\/#breadcrumb","itemListElement":[{"@type":"ListItem","position":1,"name":"Accueil","item":"https:\/\/publissoft.dev\/spasante\/"},{"@type":"ListItem","position":2,"name":"Boutique","item":"https:\/\/publissoft.dev\/spasante\/boutique\/"},{"@type":"ListItem","position":3,"name":"Photorajeunissement visage &#8211; traitement des taches pigmentaires, couperoses, perte de fermet\u00e9, etc"}]},{"@type":"WebSite","@id":"https:\/\/publissoft.dev\/spasante\/#website","url":"https:\/\/publissoft.dev\/spasante\/","name":"Spa Sant\u00e9 Le N\u00e9nuphar","description":"","publisher":{"@id":"https:\/\/publissoft.dev\/spasante\/#organization"},"potentialAction":[{"@type":"SearchAction","target":{"@type":"EntryPoint","urlTemplate":"https:\/\/publissoft.dev\/spasante\/?s={search_term_string}"},"query-input":"required name=search_term_string"}],"inLanguage":"fr-CA"},{"@type":"Organization","@id":"https:\/\/publissoft.dev\/spasante\/#organization","name":"Spa Sant\u00e9 Le N\u00e9nuphar","url":"https:\/\/publissoft.dev\/spasante\/","logo":{"@type":"ImageObject","inLanguage":"fr-CA","@id":"https:\/\/publissoft.dev\/spasante\/#\/schema\/logo\/image\/","url":"https:\/\/publissoft.dev\/spasante\/wp-content\/uploads\/2022\/11\/logo-jpg.jpeg","contentUrl":"https:\/\/publissoft.dev\/spasante\/wp-content\/uploads\/2022\/11\/logo-jpg.jpeg","width":900,"height":900,"caption":"Spa Sant\u00e9 Le N\u00e9nuphar"},"image":{"@id":"https:\/\/publissoft.dev\/spasante\/#\/schema\/logo\/image\/"},"sameAs":["https:\/\/www.facebook.com\/SpaSanteLeNenuphar","https:\/\/www.instagram.com\/spasantelenenuphar\/?hl=fr"]}]}},"_links":{"self":[{"href":"https:\/\/publissoft.dev\/spasante\/wp-json\/wp\/v2\/product\/1313","targetHints":{"allow":["GET"]}}],"collection":[{"href":"https:\/\/publissoft.dev\/spasante\/wp-json\/wp\/v2\/product"}],"about":[{"href":"https:\/\/publissoft.dev\/spasante\/wp-json\/wp\/v2\/types\/product"}],"wp:featuredmedia":[{"embeddable":true,"href":"https:\/\/publissoft.dev\/spasante\/wp-json\/wp\/v2\/media\/3482"}],"wp:attachment":[{"href":"https:\/\/publissoft.dev\/spasante\/wp-json\/wp\/v2\/media?parent=1313"}],"wp:term":[{"taxonomy":"product_cat","embeddable":true,"href":"https:\/\/publissoft.dev\/spasante\/wp-json\/wp\/v2\/product_cat?post=1313"},{"taxonomy":"product_tag","embeddable":true,"href":"https:\/\/publissoft.dev\/spasante\/wp-json\/wp\/v2\/product_tag?post=1313"},{"taxonomy":"giftcard-category","embeddable":true,"href":"https:\/\/publissoft.dev\/spasante\/wp-json\/wp\/v2\/giftcard-category?post=1313"}],"curies":[{"name":"wp","href":"https:\/\/api.w.org\/{rel}","templated":true}]}}