{"id":1323,"date":"2022-01-27T14:42:33","date_gmt":"2022-01-27T19:42:33","guid":{"rendered":"https:\/\/publissoft.dev\/spasante\/produit\/pressotherapie\/"},"modified":"2023-11-01T08:49:19","modified_gmt":"2023-11-01T12:49:19","slug":"pressotherapie-spa-sante-le-nenuphar","status":"publish","type":"product","link":"https:\/\/publissoft.dev\/spasante\/produit\/pressotherapie-spa-sante-le-nenuphar\/","title":{"rendered":"Pressoth\u00e9rapie"},"content":{"rendered":"<div data-mce-fragment=\"1\"><span data-mce-fragment=\"1\">Le drainage veino-lymphatique par la m\u00e9thode de pressoth\u00e9rapie utilise des appareils \u00e0 gradient de pression physiologique avec des bottes gonflables activ\u00e9es par un compresseur \u00e0 air.<\/span><\/div>\n<div data-mce-fragment=\"1\"><\/div>\n<div data-mce-fragment=\"1\"><span data-mce-fragment=\"1\">Le but de ce massage est d\u2019activer la circulation de la lymphe, de stimuler le syst\u00e8me de d\u00e9fense immunitaire, et d\u2019entra\u00eener une d\u00e9tente profonde. Le ph\u00e9nom\u00e8ne de jambes lourdes et de cellulite s\u2019amenuit petit \u00e0 petit.\u00a0<\/span><\/div>\n<div data-mce-fragment=\"1\"><\/div>\n<div data-mce-fragment=\"1\"><span data-mce-fragment=\"1\">La pressoth\u00e9rapie\u00a0ralentit et met fin aux probl\u00e8mes de circulation sanguines, aux sensations de jambes lourdes et \u00e0 la cellulite.<\/span><\/div>\n<div data-mce-fragment=\"1\"><span data-mce-fragment=\"1\">Elle agit imm\u00e9diatement sur les jambes lourdes. Tous ceux qui en ont profit\u00e9 vanteront son efficace pour lutter contre ce genre de sensation. On se sent tout l\u00e9ger d\u00e8s la premi\u00e8re s\u00e9ance. Cependant une seule s\u00e9ance de pressoth\u00e9rapie ne suffit pas pour faire durer cette sensation de d\u00e9tente extr\u00eame.<\/span><\/div>\n<div data-mce-fragment=\"1\">\n<div data-mce-fragment=\"1\"><\/div>\n<div data-mce-fragment=\"1\"><span data-mce-fragment=\"1\">Des s\u00e9ances r\u00e9guli\u00e8res et rapproch\u00e9es sont n\u00e9cessaires. Noter que des s\u00e9ances assidues de pressoth\u00e9rapie ont un effet positif sur la r\u00e9tention d\u2019eau pouvant ainsi att\u00e9nuer la cellulite et par la m\u00eame occasion, rendre la silhouette plus fine.<\/span><\/div>\n<\/div>\n<div data-mce-fragment=\"1\"><span data-mce-fragment=\"1\">Cette technique de pressions existe d\u00e9j\u00e0 depuis plusieurs ann\u00e9es et son efficacit\u00e9 n\u2019est plus \u00e0 d\u00e9montrer.<\/span><\/div>\n","protected":false},"excerpt":{"rendered":"<p>Le drainage veino-lymphatique par la m\u00e9thode de pressoth\u00e9rapie utilise des appareils \u00e0 gradient de pression physiologique avec des bottes gonflables activ\u00e9es par un compresseur \u00e0 air. Le but de ce massage est d\u2019activer la circulation de la lymphe, de stimuler le syst\u00e8me de d\u00e9fense immunitaire, et d\u2019entra\u00eener une d\u00e9tente profonde. Le ph\u00e9nom\u00e8ne de jambes lourdes &hellip;<\/p>\n","protected":false},"featured_media":1326,"template":"","meta":{"_acf_changed":false,"_genesis_hide_title":false,"_genesis_hide_breadcrumbs":false,"_genesis_hide_singular_image":false,"_genesis_hide_footer_widgets":false,"_genesis_custom_body_class":"","_genesis_custom_post_class":"","_genesis_layout":""},"product_cat":[53,43,46],"product_tag":[],"giftcard-category":[],"class_list":{"0":"post-1323","1":"product","2":"type-product","3":"status-publish","4":"has-post-thumbnail","6":"product_cat-gift-card","7":"product_cat-soins","8":"product_cat-tous","9":"entry","11":"first","12":"instock","13":"taxable","14":"shipping-taxable","15":"purchasable","16":"product-type-simple"},"acf":[],"yoast_head":"<!-- This site is optimized with the Yoast SEO plugin v22.5 - https:\/\/yoast.com\/wordpress\/plugins\/seo\/ -->\n<title>Pressoth\u00e9rapie - Spa Sant\u00e9 Le N\u00e9nuphar<\/title>\n<meta name=\"description\" content=\"Pressoth\u00e9rapie - Active la circulation lymphatique, stimule les d\u00e9fenses immunitaires et provoque une profonde relaxation. Pour en savoir plus, cliquez ici.\" \/>\n<meta name=\"robots\" content=\"noindex, follow, max-snippet:-1, max-image-preview:large, max-video-preview:-1\" \/>\n<meta property=\"og:locale\" content=\"fr_CA\" \/>\n<meta property=\"og:type\" content=\"article\" \/>\n<meta property=\"og:title\" content=\"Pressoth\u00e9rapie - Spa Sant\u00e9 Le N\u00e9nuphar\" \/>\n<meta property=\"og:description\" content=\"Pressoth\u00e9rapie - Active la circulation lymphatique, stimule les d\u00e9fenses immunitaires et provoque une profonde relaxation. Pour en savoir plus, cliquez ici.\" \/>\n<meta property=\"og:url\" content=\"https:\/\/publissoft.dev\/spasante\/produit\/pressotherapie-spa-sante-le-nenuphar\/\" \/>\n<meta property=\"og:site_name\" content=\"Spa Sant\u00e9 Le N\u00e9nuphar\" \/>\n<meta property=\"article:publisher\" content=\"https:\/\/www.facebook.com\/SpaSanteLeNenuphar\" \/>\n<meta property=\"article:modified_time\" content=\"2023-11-01T12:49:19+00:00\" \/>\n<meta property=\"og:image\" content=\"https:\/\/publissoft.dev\/spasante\/wp-content\/uploads\/2022\/01\/Pressotherapie.png\" \/>\n\t<meta property=\"og:image:width\" content=\"260\" \/>\n\t<meta property=\"og:image:height\" content=\"179\" \/>\n\t<meta property=\"og:image:type\" content=\"image\/png\" \/>\n<meta name=\"twitter:card\" content=\"summary_large_image\" \/>\n<meta name=\"twitter:label1\" content=\"Estimation du temps de lecture\" \/>\n\t<meta name=\"twitter:data1\" content=\"1 minute\" \/>\n<script type=\"application\/ld+json\" class=\"yoast-schema-graph\">{\"@context\":\"https:\/\/schema.org\",\"@graph\":[{\"@type\":\"WebPage\",\"@id\":\"https:\/\/publissoft.dev\/spasante\/produit\/pressotherapie-spa-sante-le-nenuphar\/\",\"url\":\"https:\/\/publissoft.dev\/spasante\/produit\/pressotherapie-spa-sante-le-nenuphar\/\",\"name\":\"Pressoth\u00e9rapie - Spa Sant\u00e9 Le N\u00e9nuphar\",\"isPartOf\":{\"@id\":\"https:\/\/publissoft.dev\/spasante\/#website\"},\"primaryImageOfPage\":{\"@id\":\"https:\/\/publissoft.dev\/spasante\/produit\/pressotherapie-spa-sante-le-nenuphar\/#primaryimage\"},\"image\":{\"@id\":\"https:\/\/publissoft.dev\/spasante\/produit\/pressotherapie-spa-sante-le-nenuphar\/#primaryimage\"},\"thumbnailUrl\":\"https:\/\/publissoft.dev\/spasante\/wp-content\/uploads\/2022\/01\/Pressotherapie.png\",\"datePublished\":\"2022-01-27T19:42:33+00:00\",\"dateModified\":\"2023-11-01T12:49:19+00:00\",\"description\":\"Pressoth\u00e9rapie - Active la circulation lymphatique, stimule les d\u00e9fenses immunitaires et provoque une profonde relaxation. Pour en savoir plus, cliquez ici.\",\"breadcrumb\":{\"@id\":\"https:\/\/publissoft.dev\/spasante\/produit\/pressotherapie-spa-sante-le-nenuphar\/#breadcrumb\"},\"inLanguage\":\"fr-CA\",\"potentialAction\":[{\"@type\":\"ReadAction\",\"target\":[\"https:\/\/publissoft.dev\/spasante\/produit\/pressotherapie-spa-sante-le-nenuphar\/\"]}]},{\"@type\":\"ImageObject\",\"inLanguage\":\"fr-CA\",\"@id\":\"https:\/\/publissoft.dev\/spasante\/produit\/pressotherapie-spa-sante-le-nenuphar\/#primaryimage\",\"url\":\"https:\/\/publissoft.dev\/spasante\/wp-content\/uploads\/2022\/01\/Pressotherapie.png\",\"contentUrl\":\"https:\/\/publissoft.dev\/spasante\/wp-content\/uploads\/2022\/01\/Pressotherapie.png\",\"width\":260,\"height\":179},{\"@type\":\"BreadcrumbList\",\"@id\":\"https:\/\/publissoft.dev\/spasante\/produit\/pressotherapie-spa-sante-le-nenuphar\/#breadcrumb\",\"itemListElement\":[{\"@type\":\"ListItem\",\"position\":1,\"name\":\"Accueil\",\"item\":\"https:\/\/publissoft.dev\/spasante\/\"},{\"@type\":\"ListItem\",\"position\":2,\"name\":\"Boutique\",\"item\":\"https:\/\/publissoft.dev\/spasante\/boutique\/\"},{\"@type\":\"ListItem\",\"position\":3,\"name\":\"Pressoth\u00e9rapie\"}]},{\"@type\":\"WebSite\",\"@id\":\"https:\/\/publissoft.dev\/spasante\/#website\",\"url\":\"https:\/\/publissoft.dev\/spasante\/\",\"name\":\"Spa Sant\u00e9 Le N\u00e9nuphar\",\"description\":\"\",\"publisher\":{\"@id\":\"https:\/\/publissoft.dev\/spasante\/#organization\"},\"potentialAction\":[{\"@type\":\"SearchAction\",\"target\":{\"@type\":\"EntryPoint\",\"urlTemplate\":\"https:\/\/publissoft.dev\/spasante\/?s={search_term_string}\"},\"query-input\":\"required name=search_term_string\"}],\"inLanguage\":\"fr-CA\"},{\"@type\":\"Organization\",\"@id\":\"https:\/\/publissoft.dev\/spasante\/#organization\",\"name\":\"Spa Sant\u00e9 Le N\u00e9nuphar\",\"url\":\"https:\/\/publissoft.dev\/spasante\/\",\"logo\":{\"@type\":\"ImageObject\",\"inLanguage\":\"fr-CA\",\"@id\":\"https:\/\/publissoft.dev\/spasante\/#\/schema\/logo\/image\/\",\"url\":\"https:\/\/publissoft.dev\/spasante\/wp-content\/uploads\/2022\/11\/logo-jpg.jpeg\",\"contentUrl\":\"https:\/\/publissoft.dev\/spasante\/wp-content\/uploads\/2022\/11\/logo-jpg.jpeg\",\"width\":900,\"height\":900,\"caption\":\"Spa Sant\u00e9 Le N\u00e9nuphar\"},\"image\":{\"@id\":\"https:\/\/publissoft.dev\/spasante\/#\/schema\/logo\/image\/\"},\"sameAs\":[\"https:\/\/www.facebook.com\/SpaSanteLeNenuphar\",\"https:\/\/www.instagram.com\/spasantelenenuphar\/?hl=fr\"]}]}<\/script>\n<!-- \/ Yoast SEO plugin. -->","yoast_head_json":{"title":"Pressoth\u00e9rapie - Spa Sant\u00e9 Le N\u00e9nuphar","description":"Pressoth\u00e9rapie - Active la circulation lymphatique, stimule les d\u00e9fenses immunitaires et provoque une profonde relaxation. Pour en savoir plus, cliquez ici.","robots":{"index":"noindex","follow":"follow","max-snippet":"max-snippet:-1","max-image-preview":"max-image-preview:large","max-video-preview":"max-video-preview:-1"},"og_locale":"fr_CA","og_type":"article","og_title":"Pressoth\u00e9rapie - Spa Sant\u00e9 Le N\u00e9nuphar","og_description":"Pressoth\u00e9rapie - Active la circulation lymphatique, stimule les d\u00e9fenses immunitaires et provoque une profonde relaxation. Pour en savoir plus, cliquez ici.","og_url":"https:\/\/publissoft.dev\/spasante\/produit\/pressotherapie-spa-sante-le-nenuphar\/","og_site_name":"Spa Sant\u00e9 Le N\u00e9nuphar","article_publisher":"https:\/\/www.facebook.com\/SpaSanteLeNenuphar","article_modified_time":"2023-11-01T12:49:19+00:00","og_image":[{"width":260,"height":179,"url":"https:\/\/publissoft.dev\/spasante\/wp-content\/uploads\/2022\/01\/Pressotherapie.png","type":"image\/png"}],"twitter_card":"summary_large_image","twitter_misc":{"Estimation du temps de lecture":"1 minute"},"schema":{"@context":"https:\/\/schema.org","@graph":[{"@type":"WebPage","@id":"https:\/\/publissoft.dev\/spasante\/produit\/pressotherapie-spa-sante-le-nenuphar\/","url":"https:\/\/publissoft.dev\/spasante\/produit\/pressotherapie-spa-sante-le-nenuphar\/","name":"Pressoth\u00e9rapie - Spa Sant\u00e9 Le N\u00e9nuphar","isPartOf":{"@id":"https:\/\/publissoft.dev\/spasante\/#website"},"primaryImageOfPage":{"@id":"https:\/\/publissoft.dev\/spasante\/produit\/pressotherapie-spa-sante-le-nenuphar\/#primaryimage"},"image":{"@id":"https:\/\/publissoft.dev\/spasante\/produit\/pressotherapie-spa-sante-le-nenuphar\/#primaryimage"},"thumbnailUrl":"https:\/\/publissoft.dev\/spasante\/wp-content\/uploads\/2022\/01\/Pressotherapie.png","datePublished":"2022-01-27T19:42:33+00:00","dateModified":"2023-11-01T12:49:19+00:00","description":"Pressoth\u00e9rapie - Active la circulation lymphatique, stimule les d\u00e9fenses immunitaires et provoque une profonde relaxation. Pour en savoir plus, cliquez ici.","breadcrumb":{"@id":"https:\/\/publissoft.dev\/spasante\/produit\/pressotherapie-spa-sante-le-nenuphar\/#breadcrumb"},"inLanguage":"fr-CA","potentialAction":[{"@type":"ReadAction","target":["https:\/\/publissoft.dev\/spasante\/produit\/pressotherapie-spa-sante-le-nenuphar\/"]}]},{"@type":"ImageObject","inLanguage":"fr-CA","@id":"https:\/\/publissoft.dev\/spasante\/produit\/pressotherapie-spa-sante-le-nenuphar\/#primaryimage","url":"https:\/\/publissoft.dev\/spasante\/wp-content\/uploads\/2022\/01\/Pressotherapie.png","contentUrl":"https:\/\/publissoft.dev\/spasante\/wp-content\/uploads\/2022\/01\/Pressotherapie.png","width":260,"height":179},{"@type":"BreadcrumbList","@id":"https:\/\/publissoft.dev\/spasante\/produit\/pressotherapie-spa-sante-le-nenuphar\/#breadcrumb","itemListElement":[{"@type":"ListItem","position":1,"name":"Accueil","item":"https:\/\/publissoft.dev\/spasante\/"},{"@type":"ListItem","position":2,"name":"Boutique","item":"https:\/\/publissoft.dev\/spasante\/boutique\/"},{"@type":"ListItem","position":3,"name":"Pressoth\u00e9rapie"}]},{"@type":"WebSite","@id":"https:\/\/publissoft.dev\/spasante\/#website","url":"https:\/\/publissoft.dev\/spasante\/","name":"Spa Sant\u00e9 Le N\u00e9nuphar","description":"","publisher":{"@id":"https:\/\/publissoft.dev\/spasante\/#organization"},"potentialAction":[{"@type":"SearchAction","target":{"@type":"EntryPoint","urlTemplate":"https:\/\/publissoft.dev\/spasante\/?s={search_term_string}"},"query-input":"required name=search_term_string"}],"inLanguage":"fr-CA"},{"@type":"Organization","@id":"https:\/\/publissoft.dev\/spasante\/#organization","name":"Spa Sant\u00e9 Le N\u00e9nuphar","url":"https:\/\/publissoft.dev\/spasante\/","logo":{"@type":"ImageObject","inLanguage":"fr-CA","@id":"https:\/\/publissoft.dev\/spasante\/#\/schema\/logo\/image\/","url":"https:\/\/publissoft.dev\/spasante\/wp-content\/uploads\/2022\/11\/logo-jpg.jpeg","contentUrl":"https:\/\/publissoft.dev\/spasante\/wp-content\/uploads\/2022\/11\/logo-jpg.jpeg","width":900,"height":900,"caption":"Spa Sant\u00e9 Le N\u00e9nuphar"},"image":{"@id":"https:\/\/publissoft.dev\/spasante\/#\/schema\/logo\/image\/"},"sameAs":["https:\/\/www.facebook.com\/SpaSanteLeNenuphar","https:\/\/www.instagram.com\/spasantelenenuphar\/?hl=fr"]}]}},"_links":{"self":[{"href":"https:\/\/publissoft.dev\/spasante\/wp-json\/wp\/v2\/product\/1323","targetHints":{"allow":["GET"]}}],"collection":[{"href":"https:\/\/publissoft.dev\/spasante\/wp-json\/wp\/v2\/product"}],"about":[{"href":"https:\/\/publissoft.dev\/spasante\/wp-json\/wp\/v2\/types\/product"}],"wp:featuredmedia":[{"embeddable":true,"href":"https:\/\/publissoft.dev\/spasante\/wp-json\/wp\/v2\/media\/1326"}],"wp:attachment":[{"href":"https:\/\/publissoft.dev\/spasante\/wp-json\/wp\/v2\/media?parent=1323"}],"wp:term":[{"taxonomy":"product_cat","embeddable":true,"href":"https:\/\/publissoft.dev\/spasante\/wp-json\/wp\/v2\/product_cat?post=1323"},{"taxonomy":"product_tag","embeddable":true,"href":"https:\/\/publissoft.dev\/spasante\/wp-json\/wp\/v2\/product_tag?post=1323"},{"taxonomy":"giftcard-category","embeddable":true,"href":"https:\/\/publissoft.dev\/spasante\/wp-json\/wp\/v2\/giftcard-category?post=1323"}],"curies":[{"name":"wp","href":"https:\/\/api.w.org\/{rel}","templated":true}]}}