{"id":133,"date":"2022-01-27T14:32:48","date_gmt":"2022-01-27T19:32:48","guid":{"rendered":"https:\/\/publissoft.dev\/spasante\/produit\/brosse-orthocorps\/"},"modified":"2023-05-15T11:29:00","modified_gmt":"2023-05-15T15:29:00","slug":"brosse-orthocorps","status":"publish","type":"product","link":"https:\/\/publissoft.dev\/spasante\/produit\/brosse-orthocorps\/","title":{"rendered":"OrthoCure &#8211; Brosse OrthoCorps"},"content":{"rendered":"<h2 data-mce-fragment=\"1\">Brosse OrthoCorps<\/h2>\n<div data-mce-fragment=\"1\">MASSOKIT<\/div>\n<div data-mce-fragment=\"1\">\n<p data-mce-fragment=\"1\">La Brosse OrthoCorps est plus active et moins irritante pour l\u2019\u00e9piderme que le gant de crin, la brosse OrthoCorps est un outil indispensable aux soins du corps. La brosse doit \u00eatre employ\u00e9e tous les jours en appliquant une friction de bas en haut jusqu\u2019\u00e0 l\u2019apparition d\u2019une l\u00e9g\u00e8re rougeur.<\/p>\n<p data-mce-fragment=\"1\">Une friction active avec la brosse corporelle augmente la circulation sanguine. Cette augmentation de la circulation sanguine :<\/p>\n<p data-mce-fragment=\"1\">\u2022 aide \u00e0 r\u00e9duire la cellulite et la graisse;<br data-mce-fragment=\"1\" \/>\u2022 favorise la vitalit\u00e9;<br data-mce-fragment=\"1\" \/>\u2022 facilite le r\u00e9chauffement musculaire, calme, resserre et tonifie les muscles et\u00a0de la peau;<br data-mce-fragment=\"1\" \/>\u2022 participe \u00e0 la r\u00e9g\u00e9n\u00e9ration du syst\u00e8me capillaire;<br data-mce-fragment=\"1\" \/>\u2022 favorise la relaxation;<br data-mce-fragment=\"1\" \/>\u2022 aide \u00e0 r\u00e9duire douleurs rhumatismales;<br data-mce-fragment=\"1\" \/>\u2022 favorise la souplesse et la flexibilit\u00e9 de la peau.<\/p>\n<\/div>\n","protected":false},"excerpt":{"rendered":"<p>Brosse OrthoCorps MASSOKIT La Brosse OrthoCorps est plus active et moins irritante pour l\u2019\u00e9piderme que le gant de crin, la brosse OrthoCorps est un outil indispensable aux soins du corps. La brosse doit \u00eatre employ\u00e9e tous les jours en appliquant une friction de bas en haut jusqu\u2019\u00e0 l\u2019apparition d\u2019une l\u00e9g\u00e8re rougeur. Une friction active avec &hellip;<\/p>\n","protected":false},"featured_media":162,"template":"","meta":{"_acf_changed":false,"_genesis_hide_title":false,"_genesis_hide_breadcrumbs":false,"_genesis_hide_singular_image":false,"_genesis_hide_footer_widgets":false,"_genesis_custom_body_class":"","_genesis_custom_post_class":"","_genesis_layout":""},"product_cat":[69,37,46],"product_tag":[],"giftcard-category":[],"class_list":{"0":"post-133","1":"product","2":"type-product","3":"status-publish","4":"has-post-thumbnail","6":"product_cat-orthocure","7":"product_cat-produits","8":"product_cat-tous","9":"entry","11":"first","12":"instock","13":"taxable","14":"shipping-taxable","15":"purchasable","16":"product-type-simple"},"acf":[],"yoast_head":"<!-- This site is optimized with the Yoast SEO plugin v22.5 - https:\/\/yoast.com\/wordpress\/plugins\/seo\/ -->\n<title>OrthoCure - Brosse OrthoCorps - Spa Sant\u00e9 Le N\u00e9nuphar<\/title>\n<meta name=\"description\" content=\"La Brosse OrthoCorps est plus active et moins irritante pour l\u2019\u00e9piderme que le gant de crin, la brosse OrthoCorps est un outil indispensable aux soins du corps. La brosse doit \u00eatre employ\u00e9e tous les jours en appliquant une friction de bas en haut jusqu\u2019\u00e0 l\u2019apparition d\u2019une l\u00e9g\u00e8re rougeur.\" \/>\n<meta name=\"robots\" content=\"noindex, follow, max-snippet:-1, max-image-preview:large, max-video-preview:-1\" \/>\n<meta property=\"og:locale\" content=\"fr_CA\" \/>\n<meta property=\"og:type\" content=\"article\" \/>\n<meta property=\"og:title\" content=\"OrthoCure - Brosse OrthoCorps - Spa Sant\u00e9 Le N\u00e9nuphar\" \/>\n<meta property=\"og:description\" content=\"La Brosse OrthoCorps est plus active et moins irritante pour l\u2019\u00e9piderme que le gant de crin, la brosse OrthoCorps est un outil indispensable aux soins du corps. La brosse doit \u00eatre employ\u00e9e tous les jours en appliquant une friction de bas en haut jusqu\u2019\u00e0 l\u2019apparition d\u2019une l\u00e9g\u00e8re rougeur.\" \/>\n<meta property=\"og:url\" content=\"https:\/\/publissoft.dev\/spasante\/produit\/brosse-orthocorps\/\" \/>\n<meta property=\"og:site_name\" content=\"Spa Sant\u00e9 Le N\u00e9nuphar\" \/>\n<meta property=\"article:publisher\" content=\"https:\/\/www.facebook.com\/SpaSanteLeNenuphar\" \/>\n<meta property=\"article:modified_time\" content=\"2023-05-15T15:29:00+00:00\" \/>\n<meta property=\"og:image\" content=\"https:\/\/publissoft.dev\/spasante\/wp-content\/uploads\/2022\/01\/Brosseorthocorps.jpg\" \/>\n\t<meta property=\"og:image:width\" content=\"800\" \/>\n\t<meta property=\"og:image:height\" content=\"800\" \/>\n\t<meta property=\"og:image:type\" content=\"image\/jpeg\" \/>\n<meta name=\"twitter:card\" content=\"summary_large_image\" \/>\n<meta name=\"twitter:label1\" content=\"Estimation du temps de lecture\" \/>\n\t<meta name=\"twitter:data1\" content=\"1 minute\" \/>\n<script type=\"application\/ld+json\" class=\"yoast-schema-graph\">{\"@context\":\"https:\/\/schema.org\",\"@graph\":[{\"@type\":\"WebPage\",\"@id\":\"https:\/\/publissoft.dev\/spasante\/produit\/brosse-orthocorps\/\",\"url\":\"https:\/\/publissoft.dev\/spasante\/produit\/brosse-orthocorps\/\",\"name\":\"OrthoCure - Brosse OrthoCorps - Spa Sant\u00e9 Le N\u00e9nuphar\",\"isPartOf\":{\"@id\":\"https:\/\/publissoft.dev\/spasante\/#website\"},\"primaryImageOfPage\":{\"@id\":\"https:\/\/publissoft.dev\/spasante\/produit\/brosse-orthocorps\/#primaryimage\"},\"image\":{\"@id\":\"https:\/\/publissoft.dev\/spasante\/produit\/brosse-orthocorps\/#primaryimage\"},\"thumbnailUrl\":\"https:\/\/publissoft.dev\/spasante\/wp-content\/uploads\/2022\/01\/Brosseorthocorps.jpg\",\"datePublished\":\"2022-01-27T19:32:48+00:00\",\"dateModified\":\"2023-05-15T15:29:00+00:00\",\"description\":\"La Brosse OrthoCorps est plus active et moins irritante pour l\u2019\u00e9piderme que le gant de crin, la brosse OrthoCorps est un outil indispensable aux soins du corps. La brosse doit \u00eatre employ\u00e9e tous les jours en appliquant une friction de bas en haut jusqu\u2019\u00e0 l\u2019apparition d\u2019une l\u00e9g\u00e8re rougeur.\",\"breadcrumb\":{\"@id\":\"https:\/\/publissoft.dev\/spasante\/produit\/brosse-orthocorps\/#breadcrumb\"},\"inLanguage\":\"fr-CA\",\"potentialAction\":[{\"@type\":\"ReadAction\",\"target\":[\"https:\/\/publissoft.dev\/spasante\/produit\/brosse-orthocorps\/\"]}]},{\"@type\":\"ImageObject\",\"inLanguage\":\"fr-CA\",\"@id\":\"https:\/\/publissoft.dev\/spasante\/produit\/brosse-orthocorps\/#primaryimage\",\"url\":\"https:\/\/publissoft.dev\/spasante\/wp-content\/uploads\/2022\/01\/Brosseorthocorps.jpg\",\"contentUrl\":\"https:\/\/publissoft.dev\/spasante\/wp-content\/uploads\/2022\/01\/Brosseorthocorps.jpg\",\"width\":800,\"height\":800},{\"@type\":\"BreadcrumbList\",\"@id\":\"https:\/\/publissoft.dev\/spasante\/produit\/brosse-orthocorps\/#breadcrumb\",\"itemListElement\":[{\"@type\":\"ListItem\",\"position\":1,\"name\":\"Accueil\",\"item\":\"https:\/\/publissoft.dev\/spasante\/\"},{\"@type\":\"ListItem\",\"position\":2,\"name\":\"Boutique\",\"item\":\"https:\/\/publissoft.dev\/spasante\/boutique\/\"},{\"@type\":\"ListItem\",\"position\":3,\"name\":\"OrthoCure &#8211; Brosse OrthoCorps\"}]},{\"@type\":\"WebSite\",\"@id\":\"https:\/\/publissoft.dev\/spasante\/#website\",\"url\":\"https:\/\/publissoft.dev\/spasante\/\",\"name\":\"Spa Sant\u00e9 Le N\u00e9nuphar\",\"description\":\"\",\"publisher\":{\"@id\":\"https:\/\/publissoft.dev\/spasante\/#organization\"},\"potentialAction\":[{\"@type\":\"SearchAction\",\"target\":{\"@type\":\"EntryPoint\",\"urlTemplate\":\"https:\/\/publissoft.dev\/spasante\/?s={search_term_string}\"},\"query-input\":\"required name=search_term_string\"}],\"inLanguage\":\"fr-CA\"},{\"@type\":\"Organization\",\"@id\":\"https:\/\/publissoft.dev\/spasante\/#organization\",\"name\":\"Spa Sant\u00e9 Le N\u00e9nuphar\",\"url\":\"https:\/\/publissoft.dev\/spasante\/\",\"logo\":{\"@type\":\"ImageObject\",\"inLanguage\":\"fr-CA\",\"@id\":\"https:\/\/publissoft.dev\/spasante\/#\/schema\/logo\/image\/\",\"url\":\"https:\/\/publissoft.dev\/spasante\/wp-content\/uploads\/2022\/11\/logo-jpg.jpeg\",\"contentUrl\":\"https:\/\/publissoft.dev\/spasante\/wp-content\/uploads\/2022\/11\/logo-jpg.jpeg\",\"width\":900,\"height\":900,\"caption\":\"Spa Sant\u00e9 Le N\u00e9nuphar\"},\"image\":{\"@id\":\"https:\/\/publissoft.dev\/spasante\/#\/schema\/logo\/image\/\"},\"sameAs\":[\"https:\/\/www.facebook.com\/SpaSanteLeNenuphar\",\"https:\/\/www.instagram.com\/spasantelenenuphar\/?hl=fr\"]}]}<\/script>\n<!-- \/ Yoast SEO plugin. -->","yoast_head_json":{"title":"OrthoCure - Brosse OrthoCorps - Spa Sant\u00e9 Le N\u00e9nuphar","description":"La Brosse OrthoCorps est plus active et moins irritante pour l\u2019\u00e9piderme que le gant de crin, la brosse OrthoCorps est un outil indispensable aux soins du corps. La brosse doit \u00eatre employ\u00e9e tous les jours en appliquant une friction de bas en haut jusqu\u2019\u00e0 l\u2019apparition d\u2019une l\u00e9g\u00e8re rougeur.","robots":{"index":"noindex","follow":"follow","max-snippet":"max-snippet:-1","max-image-preview":"max-image-preview:large","max-video-preview":"max-video-preview:-1"},"og_locale":"fr_CA","og_type":"article","og_title":"OrthoCure - Brosse OrthoCorps - Spa Sant\u00e9 Le N\u00e9nuphar","og_description":"La Brosse OrthoCorps est plus active et moins irritante pour l\u2019\u00e9piderme que le gant de crin, la brosse OrthoCorps est un outil indispensable aux soins du corps. La brosse doit \u00eatre employ\u00e9e tous les jours en appliquant une friction de bas en haut jusqu\u2019\u00e0 l\u2019apparition d\u2019une l\u00e9g\u00e8re rougeur.","og_url":"https:\/\/publissoft.dev\/spasante\/produit\/brosse-orthocorps\/","og_site_name":"Spa Sant\u00e9 Le N\u00e9nuphar","article_publisher":"https:\/\/www.facebook.com\/SpaSanteLeNenuphar","article_modified_time":"2023-05-15T15:29:00+00:00","og_image":[{"width":800,"height":800,"url":"https:\/\/publissoft.dev\/spasante\/wp-content\/uploads\/2022\/01\/Brosseorthocorps.jpg","type":"image\/jpeg"}],"twitter_card":"summary_large_image","twitter_misc":{"Estimation du temps de lecture":"1 minute"},"schema":{"@context":"https:\/\/schema.org","@graph":[{"@type":"WebPage","@id":"https:\/\/publissoft.dev\/spasante\/produit\/brosse-orthocorps\/","url":"https:\/\/publissoft.dev\/spasante\/produit\/brosse-orthocorps\/","name":"OrthoCure - Brosse OrthoCorps - Spa Sant\u00e9 Le N\u00e9nuphar","isPartOf":{"@id":"https:\/\/publissoft.dev\/spasante\/#website"},"primaryImageOfPage":{"@id":"https:\/\/publissoft.dev\/spasante\/produit\/brosse-orthocorps\/#primaryimage"},"image":{"@id":"https:\/\/publissoft.dev\/spasante\/produit\/brosse-orthocorps\/#primaryimage"},"thumbnailUrl":"https:\/\/publissoft.dev\/spasante\/wp-content\/uploads\/2022\/01\/Brosseorthocorps.jpg","datePublished":"2022-01-27T19:32:48+00:00","dateModified":"2023-05-15T15:29:00+00:00","description":"La Brosse OrthoCorps est plus active et moins irritante pour l\u2019\u00e9piderme que le gant de crin, la brosse OrthoCorps est un outil indispensable aux soins du corps. La brosse doit \u00eatre employ\u00e9e tous les jours en appliquant une friction de bas en haut jusqu\u2019\u00e0 l\u2019apparition d\u2019une l\u00e9g\u00e8re rougeur.","breadcrumb":{"@id":"https:\/\/publissoft.dev\/spasante\/produit\/brosse-orthocorps\/#breadcrumb"},"inLanguage":"fr-CA","potentialAction":[{"@type":"ReadAction","target":["https:\/\/publissoft.dev\/spasante\/produit\/brosse-orthocorps\/"]}]},{"@type":"ImageObject","inLanguage":"fr-CA","@id":"https:\/\/publissoft.dev\/spasante\/produit\/brosse-orthocorps\/#primaryimage","url":"https:\/\/publissoft.dev\/spasante\/wp-content\/uploads\/2022\/01\/Brosseorthocorps.jpg","contentUrl":"https:\/\/publissoft.dev\/spasante\/wp-content\/uploads\/2022\/01\/Brosseorthocorps.jpg","width":800,"height":800},{"@type":"BreadcrumbList","@id":"https:\/\/publissoft.dev\/spasante\/produit\/brosse-orthocorps\/#breadcrumb","itemListElement":[{"@type":"ListItem","position":1,"name":"Accueil","item":"https:\/\/publissoft.dev\/spasante\/"},{"@type":"ListItem","position":2,"name":"Boutique","item":"https:\/\/publissoft.dev\/spasante\/boutique\/"},{"@type":"ListItem","position":3,"name":"OrthoCure &#8211; Brosse OrthoCorps"}]},{"@type":"WebSite","@id":"https:\/\/publissoft.dev\/spasante\/#website","url":"https:\/\/publissoft.dev\/spasante\/","name":"Spa Sant\u00e9 Le N\u00e9nuphar","description":"","publisher":{"@id":"https:\/\/publissoft.dev\/spasante\/#organization"},"potentialAction":[{"@type":"SearchAction","target":{"@type":"EntryPoint","urlTemplate":"https:\/\/publissoft.dev\/spasante\/?s={search_term_string}"},"query-input":"required name=search_term_string"}],"inLanguage":"fr-CA"},{"@type":"Organization","@id":"https:\/\/publissoft.dev\/spasante\/#organization","name":"Spa Sant\u00e9 Le N\u00e9nuphar","url":"https:\/\/publissoft.dev\/spasante\/","logo":{"@type":"ImageObject","inLanguage":"fr-CA","@id":"https:\/\/publissoft.dev\/spasante\/#\/schema\/logo\/image\/","url":"https:\/\/publissoft.dev\/spasante\/wp-content\/uploads\/2022\/11\/logo-jpg.jpeg","contentUrl":"https:\/\/publissoft.dev\/spasante\/wp-content\/uploads\/2022\/11\/logo-jpg.jpeg","width":900,"height":900,"caption":"Spa Sant\u00e9 Le N\u00e9nuphar"},"image":{"@id":"https:\/\/publissoft.dev\/spasante\/#\/schema\/logo\/image\/"},"sameAs":["https:\/\/www.facebook.com\/SpaSanteLeNenuphar","https:\/\/www.instagram.com\/spasantelenenuphar\/?hl=fr"]}]}},"_links":{"self":[{"href":"https:\/\/publissoft.dev\/spasante\/wp-json\/wp\/v2\/product\/133","targetHints":{"allow":["GET"]}}],"collection":[{"href":"https:\/\/publissoft.dev\/spasante\/wp-json\/wp\/v2\/product"}],"about":[{"href":"https:\/\/publissoft.dev\/spasante\/wp-json\/wp\/v2\/types\/product"}],"wp:featuredmedia":[{"embeddable":true,"href":"https:\/\/publissoft.dev\/spasante\/wp-json\/wp\/v2\/media\/162"}],"wp:attachment":[{"href":"https:\/\/publissoft.dev\/spasante\/wp-json\/wp\/v2\/media?parent=133"}],"wp:term":[{"taxonomy":"product_cat","embeddable":true,"href":"https:\/\/publissoft.dev\/spasante\/wp-json\/wp\/v2\/product_cat?post=133"},{"taxonomy":"product_tag","embeddable":true,"href":"https:\/\/publissoft.dev\/spasante\/wp-json\/wp\/v2\/product_tag?post=133"},{"taxonomy":"giftcard-category","embeddable":true,"href":"https:\/\/publissoft.dev\/spasante\/wp-json\/wp\/v2\/giftcard-category?post=133"}],"curies":[{"name":"wp","href":"https:\/\/api.w.org\/{rel}","templated":true}]}}