{"id":1330,"date":"2022-01-27T14:42:38","date_gmt":"2022-01-27T19:42:38","guid":{"rendered":"https:\/\/publissoft.dev\/spasante\/produit\/rd-cosmetiques-derma-elastin\/"},"modified":"2023-05-10T09:01:07","modified_gmt":"2023-05-10T13:01:07","slug":"rd-cosmetiques-derma-elastin","status":"publish","type":"product","link":"https:\/\/publissoft.dev\/spasante\/produit\/rd-cosmetiques-derma-elastin\/","title":{"rendered":"RD cosm\u00e9tiques &#8211; Derma Elastin"},"content":{"rendered":"<div class=\"descProd\" data-mce-fragment=\"1\">\n<p data-mce-fragment=\"1\">Le gel fermet\u00e9 DERMA ELASTIN\u1d39\u1d30 propose des effets visibles de gain de fermet\u00e9. Il agit dans les couches profondes de la peau, pour r\u00e9g\u00e9n\u00e9rer sa matrice extracellulaire: ce qui r\u00e9sulte en une peau plus rebondie, d&#8217;apparence plus jeune.<\/p>\n<h3 data-mce-fragment=\"1\"><strong data-mce-fragment=\"1\">ENSEMBLE EXCLUSIF DE PROPRI\u00c9T\u00c9S<\/strong><\/h3>\n<ul data-mce-fragment=\"1\">\n<li data-mce-fragment=\"1\">Augmente visiblement le tonus de la peau.<\/li>\n<li data-mce-fragment=\"1\">Uniformise le teint.<\/li>\n<li data-mce-fragment=\"1\">Optimise la cicatrisation par sa composition structurale, responsable de l\u2019extensibilit\u00e9 des fibres du derme.<\/li>\n<li data-mce-fragment=\"1\">Resserre les pores pour en diminuer l\u2019apparence<\/li>\n<li data-mce-fragment=\"1\">R\u00e9gularise le s\u00e9bum.<\/li>\n<li data-mce-fragment=\"1\">Compl\u00e9mentaire \u00e0 toute routine de soin.<\/li>\n<li data-mce-fragment=\"1\">Sans aucun effet secondaire<\/li>\n<\/ul>\n<h3 data-mce-fragment=\"1\"><strong data-mce-fragment=\"1\">INGR\u00c9DIENTS ACTIFS<\/strong><\/h3>\n<p data-mce-fragment=\"1\"><strong data-mce-fragment=\"1\">Eau oxyg\u00e9n\u00e9e<\/strong>\u00a0&#8211; Permet une p\u00e9n\u00e9tration 30x plus rapide que l&#8217;eau traditionnellement utilis\u00e9e dans les produits cosm\u00e9tiques et cosm\u00e9ceutiques. L&#8217;eau oxyg\u00e9n\u00e9e joue un r\u00f4le de v\u00e9hicule pour l&#8217;oxyg\u00e8ne, de l&#8217;\u00e9piderme au derme: un ph\u00e9nom\u00e8ne connu pour stimulier l&#8217;\u00e9pith\u00e9lisation.<\/p>\n<p data-mce-fragment=\"1\"><strong data-mce-fragment=\"1\">\u00c9lastine marine &#8211;\u00a0<\/strong>L&#8217;\u00e9lastine marine contrecarre la perte d&#8217;\u00e9lasticit\u00e9, au profit de la r\u00e9duction de l\u2019apparence des rides et ridules. Cet ingr\u00e9dient biomarin lisse l&#8217;\u00e9piderme et joue un r\u00f4le cl\u00e9 dans le regain de fermet\u00e9.<\/p>\n<p data-mce-fragment=\"1\"><strong data-mce-fragment=\"1\">Tri-peptides<\/strong>\u00a0&#8211; Ces acides amin\u00e9s optimisent les taux\u00a0fibre elastine\u00a0ainsi que les taux d&#8217;acide hyaluronique et contribuent efficacement \u00e0 la r\u00e9g\u00e9n\u00e9ration cellulaire. Leur absorption par la peau se fait de mani\u00e8re percutan\u00e9e: de l&#8217;\u00e9piderme au derme.<\/p>\n<p data-mce-fragment=\"1\"><strong data-mce-fragment=\"1\">Algue brune saccharina longicruris &#8211;\u00a0<\/strong>Les compos\u00e9s phytochimiques de ces algues poss\u00e8dent des effets m\u00e9taboliques puissants. Ils d\u00e9ploient ces derniers pour favoriser l&#8217;\u00e9lasticit\u00e9, la densit\u00e9 de la peau.<\/p>\n<\/div>\n","protected":false},"excerpt":{"rendered":"<p>Le gel fermet\u00e9 DERMA ELASTIN\u1d39\u1d30 propose des effets visibles de gain de fermet\u00e9. Il agit dans les couches profondes de la peau, pour r\u00e9g\u00e9n\u00e9rer sa matrice extracellulaire: ce qui r\u00e9sulte en une peau plus rebondie, d&#8217;apparence plus jeune. ENSEMBLE EXCLUSIF DE PROPRI\u00c9T\u00c9S Augmente visiblement le tonus de la peau. Uniformise le teint. Optimise la cicatrisation &hellip;<\/p>\n","protected":false},"featured_media":1334,"template":"","meta":{"_acf_changed":false,"_genesis_hide_title":false,"_genesis_hide_breadcrumbs":false,"_genesis_hide_singular_image":false,"_genesis_hide_footer_widgets":false,"_genesis_custom_body_class":"","_genesis_custom_post_class":"","_genesis_layout":""},"product_cat":[53,37,41,46],"product_tag":[],"giftcard-category":[],"class_list":{"0":"post-1330","1":"product","2":"type-product","3":"status-publish","4":"has-post-thumbnail","6":"product_cat-gift-card","7":"product_cat-produits","8":"product_cat-rd-cosmetiques","9":"product_cat-tous","10":"entry","12":"first","13":"instock","14":"taxable","15":"shipping-taxable","16":"purchasable","17":"product-type-simple"},"acf":[],"yoast_head":"<!-- This site is optimized with the Yoast SEO plugin v22.5 - https:\/\/yoast.com\/wordpress\/plugins\/seo\/ -->\n<title>RD cosm\u00e9tiques - Derma Elastin - Spa Sant\u00e9 Le N\u00e9nuphar<\/title>\n<meta name=\"robots\" content=\"noindex, follow, max-snippet:-1, max-image-preview:large, max-video-preview:-1\" \/>\n<meta property=\"og:locale\" content=\"fr_CA\" \/>\n<meta property=\"og:type\" content=\"article\" \/>\n<meta property=\"og:title\" content=\"RD cosm\u00e9tiques - Derma Elastin - Spa Sant\u00e9 Le N\u00e9nuphar\" \/>\n<meta property=\"og:description\" content=\"Le gel fermet\u00e9 DERMA ELASTIN\u1d39\u1d30 propose des effets visibles de gain de fermet\u00e9. Il agit dans les couches profondes de la peau, pour r\u00e9g\u00e9n\u00e9rer sa matrice extracellulaire: ce qui r\u00e9sulte en une peau plus rebondie, d&#8217;apparence plus jeune. ENSEMBLE EXCLUSIF DE PROPRI\u00c9T\u00c9S Augmente visiblement le tonus de la peau. Uniformise le teint. Optimise la cicatrisation &hellip;\" \/>\n<meta property=\"og:url\" content=\"https:\/\/publissoft.dev\/spasante\/produit\/rd-cosmetiques-derma-elastin\/\" \/>\n<meta property=\"og:site_name\" content=\"Spa Sant\u00e9 Le N\u00e9nuphar\" \/>\n<meta property=\"article:publisher\" content=\"https:\/\/www.facebook.com\/SpaSanteLeNenuphar\" \/>\n<meta property=\"article:modified_time\" content=\"2023-05-10T13:01:07+00:00\" \/>\n<meta property=\"og:image\" content=\"https:\/\/publissoft.dev\/spasante\/wp-content\/uploads\/2022\/01\/RDcosmetiques-DermaElastin.jpg\" \/>\n\t<meta property=\"og:image:width\" content=\"576\" \/>\n\t<meta property=\"og:image:height\" content=\"576\" \/>\n\t<meta property=\"og:image:type\" content=\"image\/jpeg\" \/>\n<meta name=\"twitter:card\" content=\"summary_large_image\" \/>\n<meta name=\"twitter:label1\" content=\"Estimation du temps de lecture\" \/>\n\t<meta name=\"twitter:data1\" content=\"2 minutes\" \/>\n<script type=\"application\/ld+json\" class=\"yoast-schema-graph\">{\"@context\":\"https:\/\/schema.org\",\"@graph\":[{\"@type\":\"WebPage\",\"@id\":\"https:\/\/publissoft.dev\/spasante\/produit\/rd-cosmetiques-derma-elastin\/\",\"url\":\"https:\/\/publissoft.dev\/spasante\/produit\/rd-cosmetiques-derma-elastin\/\",\"name\":\"RD cosm\u00e9tiques - Derma Elastin - Spa Sant\u00e9 Le N\u00e9nuphar\",\"isPartOf\":{\"@id\":\"https:\/\/publissoft.dev\/spasante\/#website\"},\"primaryImageOfPage\":{\"@id\":\"https:\/\/publissoft.dev\/spasante\/produit\/rd-cosmetiques-derma-elastin\/#primaryimage\"},\"image\":{\"@id\":\"https:\/\/publissoft.dev\/spasante\/produit\/rd-cosmetiques-derma-elastin\/#primaryimage\"},\"thumbnailUrl\":\"https:\/\/publissoft.dev\/spasante\/wp-content\/uploads\/2022\/01\/RDcosmetiques-DermaElastin.jpg\",\"datePublished\":\"2022-01-27T19:42:38+00:00\",\"dateModified\":\"2023-05-10T13:01:07+00:00\",\"breadcrumb\":{\"@id\":\"https:\/\/publissoft.dev\/spasante\/produit\/rd-cosmetiques-derma-elastin\/#breadcrumb\"},\"inLanguage\":\"fr-CA\",\"potentialAction\":[{\"@type\":\"ReadAction\",\"target\":[\"https:\/\/publissoft.dev\/spasante\/produit\/rd-cosmetiques-derma-elastin\/\"]}]},{\"@type\":\"ImageObject\",\"inLanguage\":\"fr-CA\",\"@id\":\"https:\/\/publissoft.dev\/spasante\/produit\/rd-cosmetiques-derma-elastin\/#primaryimage\",\"url\":\"https:\/\/publissoft.dev\/spasante\/wp-content\/uploads\/2022\/01\/RDcosmetiques-DermaElastin.jpg\",\"contentUrl\":\"https:\/\/publissoft.dev\/spasante\/wp-content\/uploads\/2022\/01\/RDcosmetiques-DermaElastin.jpg\",\"width\":576,\"height\":576},{\"@type\":\"BreadcrumbList\",\"@id\":\"https:\/\/publissoft.dev\/spasante\/produit\/rd-cosmetiques-derma-elastin\/#breadcrumb\",\"itemListElement\":[{\"@type\":\"ListItem\",\"position\":1,\"name\":\"Accueil\",\"item\":\"https:\/\/publissoft.dev\/spasante\/\"},{\"@type\":\"ListItem\",\"position\":2,\"name\":\"Boutique\",\"item\":\"https:\/\/publissoft.dev\/spasante\/boutique\/\"},{\"@type\":\"ListItem\",\"position\":3,\"name\":\"RD cosm\u00e9tiques &#8211; Derma Elastin\"}]},{\"@type\":\"WebSite\",\"@id\":\"https:\/\/publissoft.dev\/spasante\/#website\",\"url\":\"https:\/\/publissoft.dev\/spasante\/\",\"name\":\"Spa Sant\u00e9 Le N\u00e9nuphar\",\"description\":\"\",\"publisher\":{\"@id\":\"https:\/\/publissoft.dev\/spasante\/#organization\"},\"potentialAction\":[{\"@type\":\"SearchAction\",\"target\":{\"@type\":\"EntryPoint\",\"urlTemplate\":\"https:\/\/publissoft.dev\/spasante\/?s={search_term_string}\"},\"query-input\":\"required name=search_term_string\"}],\"inLanguage\":\"fr-CA\"},{\"@type\":\"Organization\",\"@id\":\"https:\/\/publissoft.dev\/spasante\/#organization\",\"name\":\"Spa Sant\u00e9 Le N\u00e9nuphar\",\"url\":\"https:\/\/publissoft.dev\/spasante\/\",\"logo\":{\"@type\":\"ImageObject\",\"inLanguage\":\"fr-CA\",\"@id\":\"https:\/\/publissoft.dev\/spasante\/#\/schema\/logo\/image\/\",\"url\":\"https:\/\/publissoft.dev\/spasante\/wp-content\/uploads\/2022\/11\/logo-jpg.jpeg\",\"contentUrl\":\"https:\/\/publissoft.dev\/spasante\/wp-content\/uploads\/2022\/11\/logo-jpg.jpeg\",\"width\":900,\"height\":900,\"caption\":\"Spa Sant\u00e9 Le N\u00e9nuphar\"},\"image\":{\"@id\":\"https:\/\/publissoft.dev\/spasante\/#\/schema\/logo\/image\/\"},\"sameAs\":[\"https:\/\/www.facebook.com\/SpaSanteLeNenuphar\",\"https:\/\/www.instagram.com\/spasantelenenuphar\/?hl=fr\"]}]}<\/script>\n<!-- \/ Yoast SEO plugin. -->","yoast_head_json":{"title":"RD cosm\u00e9tiques - Derma Elastin - Spa Sant\u00e9 Le N\u00e9nuphar","robots":{"index":"noindex","follow":"follow","max-snippet":"max-snippet:-1","max-image-preview":"max-image-preview:large","max-video-preview":"max-video-preview:-1"},"og_locale":"fr_CA","og_type":"article","og_title":"RD cosm\u00e9tiques - Derma Elastin - Spa Sant\u00e9 Le N\u00e9nuphar","og_description":"Le gel fermet\u00e9 DERMA ELASTIN\u1d39\u1d30 propose des effets visibles de gain de fermet\u00e9. Il agit dans les couches profondes de la peau, pour r\u00e9g\u00e9n\u00e9rer sa matrice extracellulaire: ce qui r\u00e9sulte en une peau plus rebondie, d&#8217;apparence plus jeune. ENSEMBLE EXCLUSIF DE PROPRI\u00c9T\u00c9S Augmente visiblement le tonus de la peau. Uniformise le teint. Optimise la cicatrisation &hellip;","og_url":"https:\/\/publissoft.dev\/spasante\/produit\/rd-cosmetiques-derma-elastin\/","og_site_name":"Spa Sant\u00e9 Le N\u00e9nuphar","article_publisher":"https:\/\/www.facebook.com\/SpaSanteLeNenuphar","article_modified_time":"2023-05-10T13:01:07+00:00","og_image":[{"width":576,"height":576,"url":"https:\/\/publissoft.dev\/spasante\/wp-content\/uploads\/2022\/01\/RDcosmetiques-DermaElastin.jpg","type":"image\/jpeg"}],"twitter_card":"summary_large_image","twitter_misc":{"Estimation du temps de lecture":"2 minutes"},"schema":{"@context":"https:\/\/schema.org","@graph":[{"@type":"WebPage","@id":"https:\/\/publissoft.dev\/spasante\/produit\/rd-cosmetiques-derma-elastin\/","url":"https:\/\/publissoft.dev\/spasante\/produit\/rd-cosmetiques-derma-elastin\/","name":"RD cosm\u00e9tiques - Derma Elastin - Spa Sant\u00e9 Le N\u00e9nuphar","isPartOf":{"@id":"https:\/\/publissoft.dev\/spasante\/#website"},"primaryImageOfPage":{"@id":"https:\/\/publissoft.dev\/spasante\/produit\/rd-cosmetiques-derma-elastin\/#primaryimage"},"image":{"@id":"https:\/\/publissoft.dev\/spasante\/produit\/rd-cosmetiques-derma-elastin\/#primaryimage"},"thumbnailUrl":"https:\/\/publissoft.dev\/spasante\/wp-content\/uploads\/2022\/01\/RDcosmetiques-DermaElastin.jpg","datePublished":"2022-01-27T19:42:38+00:00","dateModified":"2023-05-10T13:01:07+00:00","breadcrumb":{"@id":"https:\/\/publissoft.dev\/spasante\/produit\/rd-cosmetiques-derma-elastin\/#breadcrumb"},"inLanguage":"fr-CA","potentialAction":[{"@type":"ReadAction","target":["https:\/\/publissoft.dev\/spasante\/produit\/rd-cosmetiques-derma-elastin\/"]}]},{"@type":"ImageObject","inLanguage":"fr-CA","@id":"https:\/\/publissoft.dev\/spasante\/produit\/rd-cosmetiques-derma-elastin\/#primaryimage","url":"https:\/\/publissoft.dev\/spasante\/wp-content\/uploads\/2022\/01\/RDcosmetiques-DermaElastin.jpg","contentUrl":"https:\/\/publissoft.dev\/spasante\/wp-content\/uploads\/2022\/01\/RDcosmetiques-DermaElastin.jpg","width":576,"height":576},{"@type":"BreadcrumbList","@id":"https:\/\/publissoft.dev\/spasante\/produit\/rd-cosmetiques-derma-elastin\/#breadcrumb","itemListElement":[{"@type":"ListItem","position":1,"name":"Accueil","item":"https:\/\/publissoft.dev\/spasante\/"},{"@type":"ListItem","position":2,"name":"Boutique","item":"https:\/\/publissoft.dev\/spasante\/boutique\/"},{"@type":"ListItem","position":3,"name":"RD cosm\u00e9tiques &#8211; Derma Elastin"}]},{"@type":"WebSite","@id":"https:\/\/publissoft.dev\/spasante\/#website","url":"https:\/\/publissoft.dev\/spasante\/","name":"Spa Sant\u00e9 Le N\u00e9nuphar","description":"","publisher":{"@id":"https:\/\/publissoft.dev\/spasante\/#organization"},"potentialAction":[{"@type":"SearchAction","target":{"@type":"EntryPoint","urlTemplate":"https:\/\/publissoft.dev\/spasante\/?s={search_term_string}"},"query-input":"required name=search_term_string"}],"inLanguage":"fr-CA"},{"@type":"Organization","@id":"https:\/\/publissoft.dev\/spasante\/#organization","name":"Spa Sant\u00e9 Le N\u00e9nuphar","url":"https:\/\/publissoft.dev\/spasante\/","logo":{"@type":"ImageObject","inLanguage":"fr-CA","@id":"https:\/\/publissoft.dev\/spasante\/#\/schema\/logo\/image\/","url":"https:\/\/publissoft.dev\/spasante\/wp-content\/uploads\/2022\/11\/logo-jpg.jpeg","contentUrl":"https:\/\/publissoft.dev\/spasante\/wp-content\/uploads\/2022\/11\/logo-jpg.jpeg","width":900,"height":900,"caption":"Spa Sant\u00e9 Le N\u00e9nuphar"},"image":{"@id":"https:\/\/publissoft.dev\/spasante\/#\/schema\/logo\/image\/"},"sameAs":["https:\/\/www.facebook.com\/SpaSanteLeNenuphar","https:\/\/www.instagram.com\/spasantelenenuphar\/?hl=fr"]}]}},"_links":{"self":[{"href":"https:\/\/publissoft.dev\/spasante\/wp-json\/wp\/v2\/product\/1330","targetHints":{"allow":["GET"]}}],"collection":[{"href":"https:\/\/publissoft.dev\/spasante\/wp-json\/wp\/v2\/product"}],"about":[{"href":"https:\/\/publissoft.dev\/spasante\/wp-json\/wp\/v2\/types\/product"}],"wp:featuredmedia":[{"embeddable":true,"href":"https:\/\/publissoft.dev\/spasante\/wp-json\/wp\/v2\/media\/1334"}],"wp:attachment":[{"href":"https:\/\/publissoft.dev\/spasante\/wp-json\/wp\/v2\/media?parent=1330"}],"wp:term":[{"taxonomy":"product_cat","embeddable":true,"href":"https:\/\/publissoft.dev\/spasante\/wp-json\/wp\/v2\/product_cat?post=1330"},{"taxonomy":"product_tag","embeddable":true,"href":"https:\/\/publissoft.dev\/spasante\/wp-json\/wp\/v2\/product_tag?post=1330"},{"taxonomy":"giftcard-category","embeddable":true,"href":"https:\/\/publissoft.dev\/spasante\/wp-json\/wp\/v2\/giftcard-category?post=1330"}],"curies":[{"name":"wp","href":"https:\/\/api.w.org\/{rel}","templated":true}]}}