{"id":1337,"date":"2022-01-27T14:42:43","date_gmt":"2022-01-27T19:42:43","guid":{"rendered":"https:\/\/publissoft.dev\/spasante\/produit\/rehaussement-de-cils-incluant-teinture\/"},"modified":"2024-06-01T00:10:03","modified_gmt":"2024-06-01T04:10:03","slug":"rehaussement-de-cils-incluant-teinture","status":"publish","type":"product","link":"https:\/\/publissoft.dev\/spasante\/produit\/rehaussement-de-cils-incluant-teinture\/","title":{"rendered":"Rehaussement de cils (incluant teinture)"},"content":{"rendered":"<p data-mce-fragment=\"1\">Un traitement et soin super appr\u00e9ci\u00e9 de notre client\u00e8le, le rehaussement de cils et teinture effectu\u00e9 par nos\u00a0esth\u00e9ticiennes se d\u00e9roule comme suit:<\/p>\n<p data-mce-fragment=\"1\">Pose d&#8217;un patch en silicone,\u00a0adapt\u00e9 \u00e0 la forme des yeux, sur la paupi\u00e8re mobile, au ras de la frange des cils.<\/p>\n<p data-mce-fragment=\"1\">Application d\u2019une colle, les cils sont relev\u00e9s\u00a0un \u00e0 un sur le patch \u00e0 l\u2019aide d\u2019une\u00a0<a class=\"internal\" title=\"\u00c9pilation\u00a0: comment bien choisir sa pince \u00e0 \u00e9piler\u00a0?\" href=\"https:\/\/www.marieclaire.fr\/,pince-a-epiler-comment-trouver-celle-qui-me-convient,738971.asp\" data-mce-fragment=\"1\">pince \u00e0 \u00e9piler<\/a>.<\/p>\n<p data-mce-fragment=\"1\">Application ensuite un premier produit pour les ramollir, puis un second pour bien fixer la courbure.<\/p>\n<p data-mce-fragment=\"1\">Retrait de ces produits.<\/p>\n<p data-mce-fragment=\"1\">Application de la teinture suivi d&#8217;un temps de pause que quelques petites minutes. Retrait de la teinture. Retrait du patch de sillicone.<\/p>\n<p data-mce-fragment=\"1\">Dur\u00e9e de 1h15<\/p>\n","protected":false},"excerpt":{"rendered":"<p>Un traitement et soin super appr\u00e9ci\u00e9 de notre client\u00e8le, le rehaussement de cils et teinture effectu\u00e9 par nos\u00a0esth\u00e9ticiennes se d\u00e9roule comme suit: Pose d&#8217;un patch en silicone,\u00a0adapt\u00e9 \u00e0 la forme des yeux, sur la paupi\u00e8re mobile, au ras de la frange des cils. Application d\u2019une colle, les cils sont relev\u00e9s\u00a0un \u00e0 un sur le patch &hellip;<\/p>\n","protected":false},"featured_media":2831,"template":"","meta":{"_acf_changed":false,"_genesis_hide_title":false,"_genesis_hide_breadcrumbs":false,"_genesis_hide_singular_image":false,"_genesis_hide_footer_widgets":false,"_genesis_custom_body_class":"","_genesis_custom_post_class":"","_genesis_layout":""},"product_cat":[53,39,43,72],"product_tag":[],"giftcard-category":[],"class_list":{"0":"post-1337","1":"product","2":"type-product","3":"status-publish","4":"has-post-thumbnail","6":"product_cat-gift-card","7":"product_cat-promotions-du-mois","8":"product_cat-soins","9":"product_cat-soins-des-cils-et-des-sourcils","10":"entry","12":"first","13":"instock","14":"virtual","15":"taxable","16":"purchasable","17":"product-type-simple"},"acf":[],"yoast_head":"<!-- This site is optimized with the Yoast SEO plugin v22.5 - https:\/\/yoast.com\/wordpress\/plugins\/seo\/ -->\n<title>Rehaussement de cils (incluant teinture) - Spa Sant\u00e9 Le N\u00e9nuphar<\/title>\n<meta name=\"robots\" content=\"noindex, follow, max-snippet:-1, max-image-preview:large, max-video-preview:-1\" \/>\n<meta property=\"og:locale\" content=\"fr_CA\" \/>\n<meta property=\"og:type\" content=\"article\" \/>\n<meta property=\"og:title\" content=\"Rehaussement de cils (incluant teinture) - Spa Sant\u00e9 Le N\u00e9nuphar\" \/>\n<meta property=\"og:description\" content=\"Un traitement et soin super appr\u00e9ci\u00e9 de notre client\u00e8le, le rehaussement de cils et teinture effectu\u00e9 par nos\u00a0esth\u00e9ticiennes se d\u00e9roule comme suit: Pose d&#8217;un patch en silicone,\u00a0adapt\u00e9 \u00e0 la forme des yeux, sur la paupi\u00e8re mobile, au ras de la frange des cils. Application d\u2019une colle, les cils sont relev\u00e9s\u00a0un \u00e0 un sur le patch &hellip;\" \/>\n<meta property=\"og:url\" content=\"https:\/\/publissoft.dev\/spasante\/produit\/rehaussement-de-cils-incluant-teinture\/\" \/>\n<meta property=\"og:site_name\" content=\"Spa Sant\u00e9 Le N\u00e9nuphar\" \/>\n<meta property=\"article:publisher\" content=\"https:\/\/www.facebook.com\/SpaSanteLeNenuphar\" \/>\n<meta property=\"article:modified_time\" content=\"2024-06-01T04:10:03+00:00\" \/>\n<meta property=\"og:image\" content=\"https:\/\/publissoft.dev\/spasante\/wp-content\/uploads\/2022\/01\/spa-sante-le-nenuphar-lashlift.jpg\" \/>\n\t<meta property=\"og:image:width\" content=\"564\" \/>\n\t<meta property=\"og:image:height\" content=\"564\" \/>\n\t<meta property=\"og:image:type\" content=\"image\/jpeg\" \/>\n<meta name=\"twitter:card\" content=\"summary_large_image\" \/>\n<meta name=\"twitter:label1\" content=\"Estimation du temps de lecture\" \/>\n\t<meta name=\"twitter:data1\" content=\"1 minute\" \/>\n<script type=\"application\/ld+json\" class=\"yoast-schema-graph\">{\"@context\":\"https:\/\/schema.org\",\"@graph\":[{\"@type\":\"WebPage\",\"@id\":\"https:\/\/publissoft.dev\/spasante\/produit\/rehaussement-de-cils-incluant-teinture\/\",\"url\":\"https:\/\/publissoft.dev\/spasante\/produit\/rehaussement-de-cils-incluant-teinture\/\",\"name\":\"Rehaussement de cils (incluant teinture) - Spa Sant\u00e9 Le N\u00e9nuphar\",\"isPartOf\":{\"@id\":\"https:\/\/publissoft.dev\/spasante\/#website\"},\"primaryImageOfPage\":{\"@id\":\"https:\/\/publissoft.dev\/spasante\/produit\/rehaussement-de-cils-incluant-teinture\/#primaryimage\"},\"image\":{\"@id\":\"https:\/\/publissoft.dev\/spasante\/produit\/rehaussement-de-cils-incluant-teinture\/#primaryimage\"},\"thumbnailUrl\":\"https:\/\/publissoft.dev\/spasante\/wp-content\/uploads\/2022\/01\/spa-sante-le-nenuphar-lashlift.jpg\",\"datePublished\":\"2022-01-27T19:42:43+00:00\",\"dateModified\":\"2024-06-01T04:10:03+00:00\",\"breadcrumb\":{\"@id\":\"https:\/\/publissoft.dev\/spasante\/produit\/rehaussement-de-cils-incluant-teinture\/#breadcrumb\"},\"inLanguage\":\"fr-CA\",\"potentialAction\":[{\"@type\":\"ReadAction\",\"target\":[\"https:\/\/publissoft.dev\/spasante\/produit\/rehaussement-de-cils-incluant-teinture\/\"]}]},{\"@type\":\"ImageObject\",\"inLanguage\":\"fr-CA\",\"@id\":\"https:\/\/publissoft.dev\/spasante\/produit\/rehaussement-de-cils-incluant-teinture\/#primaryimage\",\"url\":\"https:\/\/publissoft.dev\/spasante\/wp-content\/uploads\/2022\/01\/spa-sante-le-nenuphar-lashlift.jpg\",\"contentUrl\":\"https:\/\/publissoft.dev\/spasante\/wp-content\/uploads\/2022\/01\/spa-sante-le-nenuphar-lashlift.jpg\",\"width\":564,\"height\":564},{\"@type\":\"BreadcrumbList\",\"@id\":\"https:\/\/publissoft.dev\/spasante\/produit\/rehaussement-de-cils-incluant-teinture\/#breadcrumb\",\"itemListElement\":[{\"@type\":\"ListItem\",\"position\":1,\"name\":\"Accueil\",\"item\":\"https:\/\/publissoft.dev\/spasante\/\"},{\"@type\":\"ListItem\",\"position\":2,\"name\":\"Boutique\",\"item\":\"https:\/\/publissoft.dev\/spasante\/boutique\/\"},{\"@type\":\"ListItem\",\"position\":3,\"name\":\"Rehaussement de cils (incluant teinture)\"}]},{\"@type\":\"WebSite\",\"@id\":\"https:\/\/publissoft.dev\/spasante\/#website\",\"url\":\"https:\/\/publissoft.dev\/spasante\/\",\"name\":\"Spa Sant\u00e9 Le N\u00e9nuphar\",\"description\":\"\",\"publisher\":{\"@id\":\"https:\/\/publissoft.dev\/spasante\/#organization\"},\"potentialAction\":[{\"@type\":\"SearchAction\",\"target\":{\"@type\":\"EntryPoint\",\"urlTemplate\":\"https:\/\/publissoft.dev\/spasante\/?s={search_term_string}\"},\"query-input\":\"required name=search_term_string\"}],\"inLanguage\":\"fr-CA\"},{\"@type\":\"Organization\",\"@id\":\"https:\/\/publissoft.dev\/spasante\/#organization\",\"name\":\"Spa Sant\u00e9 Le N\u00e9nuphar\",\"url\":\"https:\/\/publissoft.dev\/spasante\/\",\"logo\":{\"@type\":\"ImageObject\",\"inLanguage\":\"fr-CA\",\"@id\":\"https:\/\/publissoft.dev\/spasante\/#\/schema\/logo\/image\/\",\"url\":\"https:\/\/publissoft.dev\/spasante\/wp-content\/uploads\/2022\/11\/logo-jpg.jpeg\",\"contentUrl\":\"https:\/\/publissoft.dev\/spasante\/wp-content\/uploads\/2022\/11\/logo-jpg.jpeg\",\"width\":900,\"height\":900,\"caption\":\"Spa Sant\u00e9 Le N\u00e9nuphar\"},\"image\":{\"@id\":\"https:\/\/publissoft.dev\/spasante\/#\/schema\/logo\/image\/\"},\"sameAs\":[\"https:\/\/www.facebook.com\/SpaSanteLeNenuphar\",\"https:\/\/www.instagram.com\/spasantelenenuphar\/?hl=fr\"]}]}<\/script>\n<!-- \/ Yoast SEO plugin. -->","yoast_head_json":{"title":"Rehaussement de cils (incluant teinture) - Spa Sant\u00e9 Le N\u00e9nuphar","robots":{"index":"noindex","follow":"follow","max-snippet":"max-snippet:-1","max-image-preview":"max-image-preview:large","max-video-preview":"max-video-preview:-1"},"og_locale":"fr_CA","og_type":"article","og_title":"Rehaussement de cils (incluant teinture) - Spa Sant\u00e9 Le N\u00e9nuphar","og_description":"Un traitement et soin super appr\u00e9ci\u00e9 de notre client\u00e8le, le rehaussement de cils et teinture effectu\u00e9 par nos\u00a0esth\u00e9ticiennes se d\u00e9roule comme suit: Pose d&#8217;un patch en silicone,\u00a0adapt\u00e9 \u00e0 la forme des yeux, sur la paupi\u00e8re mobile, au ras de la frange des cils. Application d\u2019une colle, les cils sont relev\u00e9s\u00a0un \u00e0 un sur le patch &hellip;","og_url":"https:\/\/publissoft.dev\/spasante\/produit\/rehaussement-de-cils-incluant-teinture\/","og_site_name":"Spa Sant\u00e9 Le N\u00e9nuphar","article_publisher":"https:\/\/www.facebook.com\/SpaSanteLeNenuphar","article_modified_time":"2024-06-01T04:10:03+00:00","og_image":[{"width":564,"height":564,"url":"https:\/\/publissoft.dev\/spasante\/wp-content\/uploads\/2022\/01\/spa-sante-le-nenuphar-lashlift.jpg","type":"image\/jpeg"}],"twitter_card":"summary_large_image","twitter_misc":{"Estimation du temps de lecture":"1 minute"},"schema":{"@context":"https:\/\/schema.org","@graph":[{"@type":"WebPage","@id":"https:\/\/publissoft.dev\/spasante\/produit\/rehaussement-de-cils-incluant-teinture\/","url":"https:\/\/publissoft.dev\/spasante\/produit\/rehaussement-de-cils-incluant-teinture\/","name":"Rehaussement de cils (incluant teinture) - Spa Sant\u00e9 Le N\u00e9nuphar","isPartOf":{"@id":"https:\/\/publissoft.dev\/spasante\/#website"},"primaryImageOfPage":{"@id":"https:\/\/publissoft.dev\/spasante\/produit\/rehaussement-de-cils-incluant-teinture\/#primaryimage"},"image":{"@id":"https:\/\/publissoft.dev\/spasante\/produit\/rehaussement-de-cils-incluant-teinture\/#primaryimage"},"thumbnailUrl":"https:\/\/publissoft.dev\/spasante\/wp-content\/uploads\/2022\/01\/spa-sante-le-nenuphar-lashlift.jpg","datePublished":"2022-01-27T19:42:43+00:00","dateModified":"2024-06-01T04:10:03+00:00","breadcrumb":{"@id":"https:\/\/publissoft.dev\/spasante\/produit\/rehaussement-de-cils-incluant-teinture\/#breadcrumb"},"inLanguage":"fr-CA","potentialAction":[{"@type":"ReadAction","target":["https:\/\/publissoft.dev\/spasante\/produit\/rehaussement-de-cils-incluant-teinture\/"]}]},{"@type":"ImageObject","inLanguage":"fr-CA","@id":"https:\/\/publissoft.dev\/spasante\/produit\/rehaussement-de-cils-incluant-teinture\/#primaryimage","url":"https:\/\/publissoft.dev\/spasante\/wp-content\/uploads\/2022\/01\/spa-sante-le-nenuphar-lashlift.jpg","contentUrl":"https:\/\/publissoft.dev\/spasante\/wp-content\/uploads\/2022\/01\/spa-sante-le-nenuphar-lashlift.jpg","width":564,"height":564},{"@type":"BreadcrumbList","@id":"https:\/\/publissoft.dev\/spasante\/produit\/rehaussement-de-cils-incluant-teinture\/#breadcrumb","itemListElement":[{"@type":"ListItem","position":1,"name":"Accueil","item":"https:\/\/publissoft.dev\/spasante\/"},{"@type":"ListItem","position":2,"name":"Boutique","item":"https:\/\/publissoft.dev\/spasante\/boutique\/"},{"@type":"ListItem","position":3,"name":"Rehaussement de cils (incluant teinture)"}]},{"@type":"WebSite","@id":"https:\/\/publissoft.dev\/spasante\/#website","url":"https:\/\/publissoft.dev\/spasante\/","name":"Spa Sant\u00e9 Le N\u00e9nuphar","description":"","publisher":{"@id":"https:\/\/publissoft.dev\/spasante\/#organization"},"potentialAction":[{"@type":"SearchAction","target":{"@type":"EntryPoint","urlTemplate":"https:\/\/publissoft.dev\/spasante\/?s={search_term_string}"},"query-input":"required name=search_term_string"}],"inLanguage":"fr-CA"},{"@type":"Organization","@id":"https:\/\/publissoft.dev\/spasante\/#organization","name":"Spa Sant\u00e9 Le N\u00e9nuphar","url":"https:\/\/publissoft.dev\/spasante\/","logo":{"@type":"ImageObject","inLanguage":"fr-CA","@id":"https:\/\/publissoft.dev\/spasante\/#\/schema\/logo\/image\/","url":"https:\/\/publissoft.dev\/spasante\/wp-content\/uploads\/2022\/11\/logo-jpg.jpeg","contentUrl":"https:\/\/publissoft.dev\/spasante\/wp-content\/uploads\/2022\/11\/logo-jpg.jpeg","width":900,"height":900,"caption":"Spa Sant\u00e9 Le N\u00e9nuphar"},"image":{"@id":"https:\/\/publissoft.dev\/spasante\/#\/schema\/logo\/image\/"},"sameAs":["https:\/\/www.facebook.com\/SpaSanteLeNenuphar","https:\/\/www.instagram.com\/spasantelenenuphar\/?hl=fr"]}]}},"_links":{"self":[{"href":"https:\/\/publissoft.dev\/spasante\/wp-json\/wp\/v2\/product\/1337","targetHints":{"allow":["GET"]}}],"collection":[{"href":"https:\/\/publissoft.dev\/spasante\/wp-json\/wp\/v2\/product"}],"about":[{"href":"https:\/\/publissoft.dev\/spasante\/wp-json\/wp\/v2\/types\/product"}],"wp:featuredmedia":[{"embeddable":true,"href":"https:\/\/publissoft.dev\/spasante\/wp-json\/wp\/v2\/media\/2831"}],"wp:attachment":[{"href":"https:\/\/publissoft.dev\/spasante\/wp-json\/wp\/v2\/media?parent=1337"}],"wp:term":[{"taxonomy":"product_cat","embeddable":true,"href":"https:\/\/publissoft.dev\/spasante\/wp-json\/wp\/v2\/product_cat?post=1337"},{"taxonomy":"product_tag","embeddable":true,"href":"https:\/\/publissoft.dev\/spasante\/wp-json\/wp\/v2\/product_tag?post=1337"},{"taxonomy":"giftcard-category","embeddable":true,"href":"https:\/\/publissoft.dev\/spasante\/wp-json\/wp\/v2\/giftcard-category?post=1337"}],"curies":[{"name":"wp","href":"https:\/\/api.w.org\/{rel}","templated":true}]}}