{"id":1369,"date":"2022-01-27T14:42:55","date_gmt":"2022-01-27T19:42:55","guid":{"rendered":"https:\/\/publissoft.dev\/spasante\/produit\/rose-buddha-coton-ouate-boyfriend\/"},"modified":"2024-04-04T10:33:14","modified_gmt":"2024-04-04T14:33:14","slug":"rose-buddha-coton-ouate-boyfriend-spa-sante-le-nenuphar","status":"publish","type":"product","link":"https:\/\/publissoft.dev\/spasante\/produit\/rose-buddha-coton-ouate-boyfriend-spa-sante-le-nenuphar\/","title":{"rendered":"Rose Buddha &#8211; Coton Ouat\u00e9 Boyfriend"},"content":{"rendered":"<p style=\"font-weight: inherit;\" data-mce-fragment=\"1\">Le match parfait!\u00a0\u00a0Unis<span data-mce-fragment=\"1\">\u00a0<\/span>ton \u00e9nergie f\u00e9minine et masculine en portant le Boyfriend. Ton chandail Boyfriend t\u2019offre la coupe ample et confortable d&#8217;un chandail pour homme, mais avec beaucoup plus de f\u00e9minit\u00e9. Approprie-toi le look dur \u00e0 cuire!<\/p>\n<p style=\"font-weight: inherit;\" data-mce-fragment=\"1\">Fait \u00e0 la main avec du COTON 100% BIO au Qu\u00e9bec.<\/p>\n<ul data-mce-fragment=\"1\">\n<li data-mce-fragment=\"1\">Confortable et chaleureux<\/li>\n<li data-mce-fragment=\"1\">Une rose ton sur ton est cousue sur le coeur<\/li>\n<li data-mce-fragment=\"1\">Rose Buddha est s\u00e9rigraphi\u00e9 sur la manche droite<\/li>\n<\/ul>\n<p style=\"font-weight: inherit;\" data-mce-fragment=\"1\"><br data-mce-fragment=\"1\" \/>Ce v\u00eatement est fait ample. Pour une coupe plus ajust\u00e9e, choisissez une taille plus petite que votre taille habituelle.<\/p>\n","protected":false},"excerpt":{"rendered":"<p>Le match parfait!\u00a0\u00a0Unis\u00a0ton \u00e9nergie f\u00e9minine et masculine en portant le Boyfriend. Ton chandail Boyfriend t\u2019offre la coupe ample et confortable d&#8217;un chandail pour homme, mais avec beaucoup plus de f\u00e9minit\u00e9. Approprie-toi le look dur \u00e0 cuire! Fait \u00e0 la main avec du COTON 100% BIO au Qu\u00e9bec. Confortable et chaleureux Une rose ton sur ton &hellip;<\/p>\n","protected":false},"featured_media":1406,"template":"","meta":{"_acf_changed":false,"_genesis_hide_title":false,"_genesis_hide_breadcrumbs":false,"_genesis_hide_singular_image":false,"_genesis_hide_footer_widgets":false,"_genesis_custom_body_class":"","_genesis_custom_post_class":"","_genesis_layout":""},"product_cat":[37,42],"product_tag":[],"giftcard-category":[],"class_list":{"0":"post-1369","1":"product","2":"type-product","3":"status-publish","4":"has-post-thumbnail","6":"product_cat-produits","7":"product_cat-rose-buddha","8":"entry","10":"first","11":"instock","12":"sale","13":"taxable","14":"shipping-taxable","15":"purchasable","16":"product-type-variable"},"acf":[],"yoast_head":"<!-- This site is optimized with the Yoast SEO plugin v22.5 - https:\/\/yoast.com\/wordpress\/plugins\/seo\/ -->\n<title>Rose Buddha - Coton Ouat\u00e9 Boyfriend - Spa Sant\u00e9 Le N\u00e9nuphar<\/title>\n<meta name=\"description\" content=\"Rose Buddha Coton Ouat\u00e9 Boyfriend - Fait \u00e0 la main \u00e0 partir de 100% de COTON BIOLOGIQUE au Qu\u00e9bec. Ce v\u00eatement est ample. Cliquez pour en savoir plus !\" \/>\n<meta name=\"robots\" content=\"noindex, follow, max-snippet:-1, max-image-preview:large, max-video-preview:-1\" \/>\n<meta property=\"og:locale\" content=\"fr_CA\" \/>\n<meta property=\"og:type\" content=\"article\" \/>\n<meta property=\"og:title\" content=\"Rose Buddha - Coton Ouat\u00e9 Boyfriend - Spa Sant\u00e9 Le N\u00e9nuphar\" \/>\n<meta property=\"og:description\" content=\"Rose Buddha Coton Ouat\u00e9 Boyfriend - Fait \u00e0 la main \u00e0 partir de 100% de COTON BIOLOGIQUE au Qu\u00e9bec. Ce v\u00eatement est ample. Cliquez pour en savoir plus !\" \/>\n<meta property=\"og:url\" content=\"https:\/\/publissoft.dev\/spasante\/produit\/rose-buddha-coton-ouate-boyfriend-spa-sante-le-nenuphar\/\" \/>\n<meta property=\"og:site_name\" content=\"Spa Sant\u00e9 Le N\u00e9nuphar\" \/>\n<meta property=\"article:publisher\" content=\"https:\/\/www.facebook.com\/SpaSanteLeNenuphar\" \/>\n<meta property=\"article:modified_time\" content=\"2024-04-04T14:33:14+00:00\" \/>\n<meta property=\"og:image\" content=\"https:\/\/publissoft.dev\/spasante\/wp-content\/uploads\/2022\/01\/boyfriend-sweatshirt-tops-rose-buddha-661307_720x_be0edd6c-48e2-4470-9ede-c83ebc582d84.jpg\" \/>\n\t<meta property=\"og:image:width\" content=\"720\" \/>\n\t<meta property=\"og:image:height\" content=\"1080\" \/>\n\t<meta property=\"og:image:type\" content=\"image\/jpeg\" \/>\n<meta name=\"twitter:card\" content=\"summary_large_image\" \/>\n<meta name=\"twitter:label1\" content=\"Estimation du temps de lecture\" \/>\n\t<meta name=\"twitter:data1\" content=\"1 minute\" \/>\n<script type=\"application\/ld+json\" class=\"yoast-schema-graph\">{\"@context\":\"https:\/\/schema.org\",\"@graph\":[{\"@type\":\"WebPage\",\"@id\":\"https:\/\/publissoft.dev\/spasante\/produit\/rose-buddha-coton-ouate-boyfriend-spa-sante-le-nenuphar\/\",\"url\":\"https:\/\/publissoft.dev\/spasante\/produit\/rose-buddha-coton-ouate-boyfriend-spa-sante-le-nenuphar\/\",\"name\":\"Rose Buddha - Coton Ouat\u00e9 Boyfriend - Spa Sant\u00e9 Le N\u00e9nuphar\",\"isPartOf\":{\"@id\":\"https:\/\/publissoft.dev\/spasante\/#website\"},\"primaryImageOfPage\":{\"@id\":\"https:\/\/publissoft.dev\/spasante\/produit\/rose-buddha-coton-ouate-boyfriend-spa-sante-le-nenuphar\/#primaryimage\"},\"image\":{\"@id\":\"https:\/\/publissoft.dev\/spasante\/produit\/rose-buddha-coton-ouate-boyfriend-spa-sante-le-nenuphar\/#primaryimage\"},\"thumbnailUrl\":\"https:\/\/publissoft.dev\/spasante\/wp-content\/uploads\/2022\/01\/boyfriend-sweatshirt-tops-rose-buddha-661307_720x_be0edd6c-48e2-4470-9ede-c83ebc582d84.jpg\",\"datePublished\":\"2022-01-27T19:42:55+00:00\",\"dateModified\":\"2024-04-04T14:33:14+00:00\",\"description\":\"Rose Buddha Coton Ouat\u00e9 Boyfriend - Fait \u00e0 la main \u00e0 partir de 100% de COTON BIOLOGIQUE au Qu\u00e9bec. Ce v\u00eatement est ample. Cliquez pour en savoir plus !\",\"breadcrumb\":{\"@id\":\"https:\/\/publissoft.dev\/spasante\/produit\/rose-buddha-coton-ouate-boyfriend-spa-sante-le-nenuphar\/#breadcrumb\"},\"inLanguage\":\"fr-CA\",\"potentialAction\":[{\"@type\":\"ReadAction\",\"target\":[\"https:\/\/publissoft.dev\/spasante\/produit\/rose-buddha-coton-ouate-boyfriend-spa-sante-le-nenuphar\/\"]}]},{\"@type\":\"ImageObject\",\"inLanguage\":\"fr-CA\",\"@id\":\"https:\/\/publissoft.dev\/spasante\/produit\/rose-buddha-coton-ouate-boyfriend-spa-sante-le-nenuphar\/#primaryimage\",\"url\":\"https:\/\/publissoft.dev\/spasante\/wp-content\/uploads\/2022\/01\/boyfriend-sweatshirt-tops-rose-buddha-661307_720x_be0edd6c-48e2-4470-9ede-c83ebc582d84.jpg\",\"contentUrl\":\"https:\/\/publissoft.dev\/spasante\/wp-content\/uploads\/2022\/01\/boyfriend-sweatshirt-tops-rose-buddha-661307_720x_be0edd6c-48e2-4470-9ede-c83ebc582d84.jpg\",\"width\":720,\"height\":1080},{\"@type\":\"BreadcrumbList\",\"@id\":\"https:\/\/publissoft.dev\/spasante\/produit\/rose-buddha-coton-ouate-boyfriend-spa-sante-le-nenuphar\/#breadcrumb\",\"itemListElement\":[{\"@type\":\"ListItem\",\"position\":1,\"name\":\"Accueil\",\"item\":\"https:\/\/publissoft.dev\/spasante\/\"},{\"@type\":\"ListItem\",\"position\":2,\"name\":\"Boutique\",\"item\":\"https:\/\/publissoft.dev\/spasante\/boutique\/\"},{\"@type\":\"ListItem\",\"position\":3,\"name\":\"Rose Buddha &#8211; Coton Ouat\u00e9 Boyfriend\"}]},{\"@type\":\"WebSite\",\"@id\":\"https:\/\/publissoft.dev\/spasante\/#website\",\"url\":\"https:\/\/publissoft.dev\/spasante\/\",\"name\":\"Spa Sant\u00e9 Le N\u00e9nuphar\",\"description\":\"\",\"publisher\":{\"@id\":\"https:\/\/publissoft.dev\/spasante\/#organization\"},\"potentialAction\":[{\"@type\":\"SearchAction\",\"target\":{\"@type\":\"EntryPoint\",\"urlTemplate\":\"https:\/\/publissoft.dev\/spasante\/?s={search_term_string}\"},\"query-input\":\"required name=search_term_string\"}],\"inLanguage\":\"fr-CA\"},{\"@type\":\"Organization\",\"@id\":\"https:\/\/publissoft.dev\/spasante\/#organization\",\"name\":\"Spa Sant\u00e9 Le N\u00e9nuphar\",\"url\":\"https:\/\/publissoft.dev\/spasante\/\",\"logo\":{\"@type\":\"ImageObject\",\"inLanguage\":\"fr-CA\",\"@id\":\"https:\/\/publissoft.dev\/spasante\/#\/schema\/logo\/image\/\",\"url\":\"https:\/\/publissoft.dev\/spasante\/wp-content\/uploads\/2022\/11\/logo-jpg.jpeg\",\"contentUrl\":\"https:\/\/publissoft.dev\/spasante\/wp-content\/uploads\/2022\/11\/logo-jpg.jpeg\",\"width\":900,\"height\":900,\"caption\":\"Spa Sant\u00e9 Le N\u00e9nuphar\"},\"image\":{\"@id\":\"https:\/\/publissoft.dev\/spasante\/#\/schema\/logo\/image\/\"},\"sameAs\":[\"https:\/\/www.facebook.com\/SpaSanteLeNenuphar\",\"https:\/\/www.instagram.com\/spasantelenenuphar\/?hl=fr\"]}]}<\/script>\n<!-- \/ Yoast SEO plugin. -->","yoast_head_json":{"title":"Rose Buddha - Coton Ouat\u00e9 Boyfriend - Spa Sant\u00e9 Le N\u00e9nuphar","description":"Rose Buddha Coton Ouat\u00e9 Boyfriend - Fait \u00e0 la main \u00e0 partir de 100% de COTON BIOLOGIQUE au Qu\u00e9bec. Ce v\u00eatement est ample. Cliquez pour en savoir plus !","robots":{"index":"noindex","follow":"follow","max-snippet":"max-snippet:-1","max-image-preview":"max-image-preview:large","max-video-preview":"max-video-preview:-1"},"og_locale":"fr_CA","og_type":"article","og_title":"Rose Buddha - Coton Ouat\u00e9 Boyfriend - Spa Sant\u00e9 Le N\u00e9nuphar","og_description":"Rose Buddha Coton Ouat\u00e9 Boyfriend - Fait \u00e0 la main \u00e0 partir de 100% de COTON BIOLOGIQUE au Qu\u00e9bec. Ce v\u00eatement est ample. Cliquez pour en savoir plus !","og_url":"https:\/\/publissoft.dev\/spasante\/produit\/rose-buddha-coton-ouate-boyfriend-spa-sante-le-nenuphar\/","og_site_name":"Spa Sant\u00e9 Le N\u00e9nuphar","article_publisher":"https:\/\/www.facebook.com\/SpaSanteLeNenuphar","article_modified_time":"2024-04-04T14:33:14+00:00","og_image":[{"width":720,"height":1080,"url":"https:\/\/publissoft.dev\/spasante\/wp-content\/uploads\/2022\/01\/boyfriend-sweatshirt-tops-rose-buddha-661307_720x_be0edd6c-48e2-4470-9ede-c83ebc582d84.jpg","type":"image\/jpeg"}],"twitter_card":"summary_large_image","twitter_misc":{"Estimation du temps de lecture":"1 minute"},"schema":{"@context":"https:\/\/schema.org","@graph":[{"@type":"WebPage","@id":"https:\/\/publissoft.dev\/spasante\/produit\/rose-buddha-coton-ouate-boyfriend-spa-sante-le-nenuphar\/","url":"https:\/\/publissoft.dev\/spasante\/produit\/rose-buddha-coton-ouate-boyfriend-spa-sante-le-nenuphar\/","name":"Rose Buddha - Coton Ouat\u00e9 Boyfriend - Spa Sant\u00e9 Le N\u00e9nuphar","isPartOf":{"@id":"https:\/\/publissoft.dev\/spasante\/#website"},"primaryImageOfPage":{"@id":"https:\/\/publissoft.dev\/spasante\/produit\/rose-buddha-coton-ouate-boyfriend-spa-sante-le-nenuphar\/#primaryimage"},"image":{"@id":"https:\/\/publissoft.dev\/spasante\/produit\/rose-buddha-coton-ouate-boyfriend-spa-sante-le-nenuphar\/#primaryimage"},"thumbnailUrl":"https:\/\/publissoft.dev\/spasante\/wp-content\/uploads\/2022\/01\/boyfriend-sweatshirt-tops-rose-buddha-661307_720x_be0edd6c-48e2-4470-9ede-c83ebc582d84.jpg","datePublished":"2022-01-27T19:42:55+00:00","dateModified":"2024-04-04T14:33:14+00:00","description":"Rose Buddha Coton Ouat\u00e9 Boyfriend - Fait \u00e0 la main \u00e0 partir de 100% de COTON BIOLOGIQUE au Qu\u00e9bec. Ce v\u00eatement est ample. Cliquez pour en savoir plus !","breadcrumb":{"@id":"https:\/\/publissoft.dev\/spasante\/produit\/rose-buddha-coton-ouate-boyfriend-spa-sante-le-nenuphar\/#breadcrumb"},"inLanguage":"fr-CA","potentialAction":[{"@type":"ReadAction","target":["https:\/\/publissoft.dev\/spasante\/produit\/rose-buddha-coton-ouate-boyfriend-spa-sante-le-nenuphar\/"]}]},{"@type":"ImageObject","inLanguage":"fr-CA","@id":"https:\/\/publissoft.dev\/spasante\/produit\/rose-buddha-coton-ouate-boyfriend-spa-sante-le-nenuphar\/#primaryimage","url":"https:\/\/publissoft.dev\/spasante\/wp-content\/uploads\/2022\/01\/boyfriend-sweatshirt-tops-rose-buddha-661307_720x_be0edd6c-48e2-4470-9ede-c83ebc582d84.jpg","contentUrl":"https:\/\/publissoft.dev\/spasante\/wp-content\/uploads\/2022\/01\/boyfriend-sweatshirt-tops-rose-buddha-661307_720x_be0edd6c-48e2-4470-9ede-c83ebc582d84.jpg","width":720,"height":1080},{"@type":"BreadcrumbList","@id":"https:\/\/publissoft.dev\/spasante\/produit\/rose-buddha-coton-ouate-boyfriend-spa-sante-le-nenuphar\/#breadcrumb","itemListElement":[{"@type":"ListItem","position":1,"name":"Accueil","item":"https:\/\/publissoft.dev\/spasante\/"},{"@type":"ListItem","position":2,"name":"Boutique","item":"https:\/\/publissoft.dev\/spasante\/boutique\/"},{"@type":"ListItem","position":3,"name":"Rose Buddha &#8211; Coton Ouat\u00e9 Boyfriend"}]},{"@type":"WebSite","@id":"https:\/\/publissoft.dev\/spasante\/#website","url":"https:\/\/publissoft.dev\/spasante\/","name":"Spa Sant\u00e9 Le N\u00e9nuphar","description":"","publisher":{"@id":"https:\/\/publissoft.dev\/spasante\/#organization"},"potentialAction":[{"@type":"SearchAction","target":{"@type":"EntryPoint","urlTemplate":"https:\/\/publissoft.dev\/spasante\/?s={search_term_string}"},"query-input":"required name=search_term_string"}],"inLanguage":"fr-CA"},{"@type":"Organization","@id":"https:\/\/publissoft.dev\/spasante\/#organization","name":"Spa Sant\u00e9 Le N\u00e9nuphar","url":"https:\/\/publissoft.dev\/spasante\/","logo":{"@type":"ImageObject","inLanguage":"fr-CA","@id":"https:\/\/publissoft.dev\/spasante\/#\/schema\/logo\/image\/","url":"https:\/\/publissoft.dev\/spasante\/wp-content\/uploads\/2022\/11\/logo-jpg.jpeg","contentUrl":"https:\/\/publissoft.dev\/spasante\/wp-content\/uploads\/2022\/11\/logo-jpg.jpeg","width":900,"height":900,"caption":"Spa Sant\u00e9 Le N\u00e9nuphar"},"image":{"@id":"https:\/\/publissoft.dev\/spasante\/#\/schema\/logo\/image\/"},"sameAs":["https:\/\/www.facebook.com\/SpaSanteLeNenuphar","https:\/\/www.instagram.com\/spasantelenenuphar\/?hl=fr"]}]}},"_links":{"self":[{"href":"https:\/\/publissoft.dev\/spasante\/wp-json\/wp\/v2\/product\/1369","targetHints":{"allow":["GET"]}}],"collection":[{"href":"https:\/\/publissoft.dev\/spasante\/wp-json\/wp\/v2\/product"}],"about":[{"href":"https:\/\/publissoft.dev\/spasante\/wp-json\/wp\/v2\/types\/product"}],"wp:featuredmedia":[{"embeddable":true,"href":"https:\/\/publissoft.dev\/spasante\/wp-json\/wp\/v2\/media\/1406"}],"wp:attachment":[{"href":"https:\/\/publissoft.dev\/spasante\/wp-json\/wp\/v2\/media?parent=1369"}],"wp:term":[{"taxonomy":"product_cat","embeddable":true,"href":"https:\/\/publissoft.dev\/spasante\/wp-json\/wp\/v2\/product_cat?post=1369"},{"taxonomy":"product_tag","embeddable":true,"href":"https:\/\/publissoft.dev\/spasante\/wp-json\/wp\/v2\/product_tag?post=1369"},{"taxonomy":"giftcard-category","embeddable":true,"href":"https:\/\/publissoft.dev\/spasante\/wp-json\/wp\/v2\/giftcard-category?post=1369"}],"curies":[{"name":"wp","href":"https:\/\/api.w.org\/{rel}","templated":true}]}}