{"id":1377,"date":"2022-01-27T14:42:58","date_gmt":"2022-01-27T19:42:58","guid":{"rendered":"https:\/\/publissoft.dev\/spasante\/produit\/rose-buddha-legging-lac-louise\/"},"modified":"2024-01-25T11:12:05","modified_gmt":"2024-01-25T16:12:05","slug":"rose-buddha-legging-lac-louise","status":"publish","type":"product","link":"https:\/\/publissoft.dev\/spasante\/produit\/rose-buddha-legging-lac-louise\/","title":{"rendered":"Rose Buddha &#8211; Legging Lac Louise"},"content":{"rendered":"<p><b><i>Suis le courant!<\/i><\/b>\u00a0 Inspir\u00e9 par le plus beau lac au monde: le Lac Louise.\u00a0Ton Legging Taille Haute LAC LOUISE a \u00e9t\u00e9 dessin\u00e9 en aquarelle en exclusivit\u00e9 par l&#8217;artiste \u00c9milie Beaudoin.<\/p>\n<p>&nbsp;<\/p>\n<p><strong><em>TISSU \u00c9COLIGHT: UNE DEUXI\u00c8ME PEAU<\/em><\/strong><\/p>\n<p>Tu as envie d&#8217;une seconde peau, d&#8217;un tissu qui \u00e9pouse tes mouvements et tes formes, qui te laisse tout l&#8217;espace voulu pour respirer et t&#8217;\u00e9tirer?<\/p>\n<p>FAIS LE CHOIX DE L&#8217;ECOLIGHT.<\/p>\n<p>&#8220;LA bonne combinaison de tension, \u00e9paisseur, mat\u00e9riel, technique de tricot pour arriver \u00e0 ce tissu techniquement parfait. En plus, il est doux et \u00c9COLO.\u00a0Le tissu ECOLIGHT est con\u00e7u dans le plus grand respect de la nature et des gens.<br \/>\n_____________________________________________________<\/p>\n<p>NOTRE TISSU\u00a0<strong>ECOLIGHT<\/strong>\u00a0EST LE PLUS MINCE DES TISSUS \u00c9CORESPONSABLES DE ROSE BUDDHA.<\/p>\n<p>COMPOS\u00c9 \u00c0 80% DE BOUTEILLES DE PLASTIQUE RECYCL\u00c9ES ET 20% DE SPANDEX, IL EST TRAIT\u00c9 CHITOSANT\u00c9, CE QUI VEUT DIRE QU&#8217;IL POSS\u00c8DE UN ANTIBACT\u00c9RIEN NATUREL.<\/p>\n<p>SON PROC\u00c9D\u00c9 DE FABRICATION EN FAIT UN TISSU ULTRA DOUX ET \u00c9LASTIQUE, QUI TIENT BIEN EN PLACE, TOUT EN \u00c9TANT HAUTEMENT RESPIRANT ET S\u00c9CHANT RAPIDEMENT.<\/p>\n<p>ID\u00c9AL POUR LES MOMENTS DE DOUCEURS TELS QUE LE YOGA, LA M\u00c9DITATION, LA MARCHE, LA LECTURE, POUR PRENDRE UN CAF\u00c9 AVEC UNE AMIE, FAIRE LES COURSES OU COURIR \u00c0 LA<\/p>\n<p>-Id\u00e9al pour le yoga, le yoga chaud, le SUP, ou toutes autres activit\u00e9s qui demande un tissu mince, respirant et souple;<\/p>\n<p>-80% de bouteilles de plastique recycl\u00e9es,\u00a020% Spandex;<br \/>\n-Durable et \u00e9co-responsable;<\/p>\n<p>-S&#8217;\u00e9tire dans les 4 sens pour un confort total;<\/p>\n<p>-Tr\u00e8s respirant et s\u00e8che rapidement;<\/p>\n<p>-FPS 50;<\/p>\n<p>-Certification Oeko-Tex 100<\/p>\n<p><strong>Le tissu \u00c9COLIGHT est utilis\u00e9 pour nos leggings imprim\u00e9s &amp; r\u00e9versibles ainsi que pour le legging \u00c9clipse Total.<\/strong><\/p>\n","protected":false},"excerpt":{"rendered":"<p>Suis le courant!\u00a0 Inspir\u00e9 par le plus beau lac au monde: le Lac Louise.\u00a0Ton Legging Taille Haute LAC LOUISE a \u00e9t\u00e9 dessin\u00e9 en aquarelle en exclusivit\u00e9 par l&#8217;artiste \u00c9milie Beaudoin. &nbsp; TISSU \u00c9COLIGHT: UNE DEUXI\u00c8ME PEAU Tu as envie d&#8217;une seconde peau, d&#8217;un tissu qui \u00e9pouse tes mouvements et tes formes, qui te laisse tout &hellip;<\/p>\n","protected":false},"featured_media":4053,"template":"","meta":{"_acf_changed":false,"_genesis_hide_title":false,"_genesis_hide_breadcrumbs":false,"_genesis_hide_singular_image":false,"_genesis_hide_footer_widgets":false,"_genesis_custom_body_class":"","_genesis_custom_post_class":"","_genesis_layout":""},"product_cat":[37,92,42],"product_tag":[],"giftcard-category":[],"class_list":{"0":"post-1377","1":"product","2":"type-product","3":"status-publish","4":"has-post-thumbnail","6":"product_cat-produits","7":"product_cat-produits-en-liquidation","8":"product_cat-rose-buddha","9":"entry","11":"first","12":"instock","13":"sale","14":"taxable","15":"shipping-taxable","16":"purchasable","17":"product-type-variable"},"acf":[],"yoast_head":"<!-- This site is optimized with the Yoast SEO plugin v22.5 - https:\/\/yoast.com\/wordpress\/plugins\/seo\/ -->\n<title>Rose Buddha - Legging Lac Louise - Spa Sant\u00e9 Le N\u00e9nuphar<\/title>\n<meta name=\"description\" content=\"Suis le courant! Inspir\u00e9 par le plus beau lac au monde: le Lac Louise. Ton Legging Taille Haute LAC LOUISE a \u00e9t\u00e9 dessin\u00e9 en aquarelle en exclusivit\u00e9 par l&#039;artiste \u00c9milie Beaudoin.\" \/>\n<meta name=\"robots\" content=\"noindex, follow, max-snippet:-1, max-image-preview:large, max-video-preview:-1\" \/>\n<meta property=\"og:locale\" content=\"fr_CA\" \/>\n<meta property=\"og:type\" content=\"article\" \/>\n<meta property=\"og:title\" content=\"Rose Buddha - Legging Lac Louise - Spa Sant\u00e9 Le N\u00e9nuphar\" \/>\n<meta property=\"og:description\" content=\"Suis le courant! Inspir\u00e9 par le plus beau lac au monde: le Lac Louise. Ton Legging Taille Haute LAC LOUISE a \u00e9t\u00e9 dessin\u00e9 en aquarelle en exclusivit\u00e9 par l&#039;artiste \u00c9milie Beaudoin.\" \/>\n<meta property=\"og:url\" content=\"https:\/\/publissoft.dev\/spasante\/produit\/rose-buddha-legging-lac-louise\/\" \/>\n<meta property=\"og:site_name\" content=\"Spa Sant\u00e9 Le N\u00e9nuphar\" \/>\n<meta property=\"article:publisher\" content=\"https:\/\/www.facebook.com\/SpaSanteLeNenuphar\" \/>\n<meta property=\"article:modified_time\" content=\"2024-01-25T16:12:05+00:00\" \/>\n<meta property=\"og:image\" content=\"https:\/\/publissoft.dev\/spasante\/wp-content\/uploads\/2022\/01\/legging-lac-louise.jpg\" \/>\n\t<meta property=\"og:image:width\" content=\"536\" \/>\n\t<meta property=\"og:image:height\" content=\"798\" \/>\n\t<meta property=\"og:image:type\" content=\"image\/jpeg\" \/>\n<meta name=\"twitter:card\" content=\"summary_large_image\" \/>\n<meta name=\"twitter:label1\" content=\"Estimation du temps de lecture\" \/>\n\t<meta name=\"twitter:data1\" content=\"2 minutes\" \/>\n<script type=\"application\/ld+json\" class=\"yoast-schema-graph\">{\"@context\":\"https:\/\/schema.org\",\"@graph\":[{\"@type\":\"WebPage\",\"@id\":\"https:\/\/publissoft.dev\/spasante\/produit\/rose-buddha-legging-lac-louise\/\",\"url\":\"https:\/\/publissoft.dev\/spasante\/produit\/rose-buddha-legging-lac-louise\/\",\"name\":\"Rose Buddha - Legging Lac Louise - Spa Sant\u00e9 Le N\u00e9nuphar\",\"isPartOf\":{\"@id\":\"https:\/\/publissoft.dev\/spasante\/#website\"},\"primaryImageOfPage\":{\"@id\":\"https:\/\/publissoft.dev\/spasante\/produit\/rose-buddha-legging-lac-louise\/#primaryimage\"},\"image\":{\"@id\":\"https:\/\/publissoft.dev\/spasante\/produit\/rose-buddha-legging-lac-louise\/#primaryimage\"},\"thumbnailUrl\":\"https:\/\/publissoft.dev\/spasante\/wp-content\/uploads\/2022\/01\/legging-lac-louise.jpg\",\"datePublished\":\"2022-01-27T19:42:58+00:00\",\"dateModified\":\"2024-01-25T16:12:05+00:00\",\"description\":\"Suis le courant! Inspir\u00e9 par le plus beau lac au monde: le Lac Louise. Ton Legging Taille Haute LAC LOUISE a \u00e9t\u00e9 dessin\u00e9 en aquarelle en exclusivit\u00e9 par l'artiste \u00c9milie Beaudoin.\",\"breadcrumb\":{\"@id\":\"https:\/\/publissoft.dev\/spasante\/produit\/rose-buddha-legging-lac-louise\/#breadcrumb\"},\"inLanguage\":\"fr-CA\",\"potentialAction\":[{\"@type\":\"ReadAction\",\"target\":[\"https:\/\/publissoft.dev\/spasante\/produit\/rose-buddha-legging-lac-louise\/\"]}]},{\"@type\":\"ImageObject\",\"inLanguage\":\"fr-CA\",\"@id\":\"https:\/\/publissoft.dev\/spasante\/produit\/rose-buddha-legging-lac-louise\/#primaryimage\",\"url\":\"https:\/\/publissoft.dev\/spasante\/wp-content\/uploads\/2022\/01\/legging-lac-louise.jpg\",\"contentUrl\":\"https:\/\/publissoft.dev\/spasante\/wp-content\/uploads\/2022\/01\/legging-lac-louise.jpg\",\"width\":536,\"height\":798},{\"@type\":\"BreadcrumbList\",\"@id\":\"https:\/\/publissoft.dev\/spasante\/produit\/rose-buddha-legging-lac-louise\/#breadcrumb\",\"itemListElement\":[{\"@type\":\"ListItem\",\"position\":1,\"name\":\"Accueil\",\"item\":\"https:\/\/publissoft.dev\/spasante\/\"},{\"@type\":\"ListItem\",\"position\":2,\"name\":\"Boutique\",\"item\":\"https:\/\/publissoft.dev\/spasante\/boutique\/\"},{\"@type\":\"ListItem\",\"position\":3,\"name\":\"Rose Buddha &#8211; Legging Lac Louise\"}]},{\"@type\":\"WebSite\",\"@id\":\"https:\/\/publissoft.dev\/spasante\/#website\",\"url\":\"https:\/\/publissoft.dev\/spasante\/\",\"name\":\"Spa Sant\u00e9 Le N\u00e9nuphar\",\"description\":\"\",\"publisher\":{\"@id\":\"https:\/\/publissoft.dev\/spasante\/#organization\"},\"potentialAction\":[{\"@type\":\"SearchAction\",\"target\":{\"@type\":\"EntryPoint\",\"urlTemplate\":\"https:\/\/publissoft.dev\/spasante\/?s={search_term_string}\"},\"query-input\":\"required name=search_term_string\"}],\"inLanguage\":\"fr-CA\"},{\"@type\":\"Organization\",\"@id\":\"https:\/\/publissoft.dev\/spasante\/#organization\",\"name\":\"Spa Sant\u00e9 Le N\u00e9nuphar\",\"url\":\"https:\/\/publissoft.dev\/spasante\/\",\"logo\":{\"@type\":\"ImageObject\",\"inLanguage\":\"fr-CA\",\"@id\":\"https:\/\/publissoft.dev\/spasante\/#\/schema\/logo\/image\/\",\"url\":\"https:\/\/publissoft.dev\/spasante\/wp-content\/uploads\/2022\/11\/logo-jpg.jpeg\",\"contentUrl\":\"https:\/\/publissoft.dev\/spasante\/wp-content\/uploads\/2022\/11\/logo-jpg.jpeg\",\"width\":900,\"height\":900,\"caption\":\"Spa Sant\u00e9 Le N\u00e9nuphar\"},\"image\":{\"@id\":\"https:\/\/publissoft.dev\/spasante\/#\/schema\/logo\/image\/\"},\"sameAs\":[\"https:\/\/www.facebook.com\/SpaSanteLeNenuphar\",\"https:\/\/www.instagram.com\/spasantelenenuphar\/?hl=fr\"]}]}<\/script>\n<!-- \/ Yoast SEO plugin. -->","yoast_head_json":{"title":"Rose Buddha - Legging Lac Louise - Spa Sant\u00e9 Le N\u00e9nuphar","description":"Suis le courant! Inspir\u00e9 par le plus beau lac au monde: le Lac Louise. Ton Legging Taille Haute LAC LOUISE a \u00e9t\u00e9 dessin\u00e9 en aquarelle en exclusivit\u00e9 par l'artiste \u00c9milie Beaudoin.","robots":{"index":"noindex","follow":"follow","max-snippet":"max-snippet:-1","max-image-preview":"max-image-preview:large","max-video-preview":"max-video-preview:-1"},"og_locale":"fr_CA","og_type":"article","og_title":"Rose Buddha - Legging Lac Louise - Spa Sant\u00e9 Le N\u00e9nuphar","og_description":"Suis le courant! Inspir\u00e9 par le plus beau lac au monde: le Lac Louise. Ton Legging Taille Haute LAC LOUISE a \u00e9t\u00e9 dessin\u00e9 en aquarelle en exclusivit\u00e9 par l'artiste \u00c9milie Beaudoin.","og_url":"https:\/\/publissoft.dev\/spasante\/produit\/rose-buddha-legging-lac-louise\/","og_site_name":"Spa Sant\u00e9 Le N\u00e9nuphar","article_publisher":"https:\/\/www.facebook.com\/SpaSanteLeNenuphar","article_modified_time":"2024-01-25T16:12:05+00:00","og_image":[{"width":536,"height":798,"url":"https:\/\/publissoft.dev\/spasante\/wp-content\/uploads\/2022\/01\/legging-lac-louise.jpg","type":"image\/jpeg"}],"twitter_card":"summary_large_image","twitter_misc":{"Estimation du temps de lecture":"2 minutes"},"schema":{"@context":"https:\/\/schema.org","@graph":[{"@type":"WebPage","@id":"https:\/\/publissoft.dev\/spasante\/produit\/rose-buddha-legging-lac-louise\/","url":"https:\/\/publissoft.dev\/spasante\/produit\/rose-buddha-legging-lac-louise\/","name":"Rose Buddha - Legging Lac Louise - Spa Sant\u00e9 Le N\u00e9nuphar","isPartOf":{"@id":"https:\/\/publissoft.dev\/spasante\/#website"},"primaryImageOfPage":{"@id":"https:\/\/publissoft.dev\/spasante\/produit\/rose-buddha-legging-lac-louise\/#primaryimage"},"image":{"@id":"https:\/\/publissoft.dev\/spasante\/produit\/rose-buddha-legging-lac-louise\/#primaryimage"},"thumbnailUrl":"https:\/\/publissoft.dev\/spasante\/wp-content\/uploads\/2022\/01\/legging-lac-louise.jpg","datePublished":"2022-01-27T19:42:58+00:00","dateModified":"2024-01-25T16:12:05+00:00","description":"Suis le courant! Inspir\u00e9 par le plus beau lac au monde: le Lac Louise. Ton Legging Taille Haute LAC LOUISE a \u00e9t\u00e9 dessin\u00e9 en aquarelle en exclusivit\u00e9 par l'artiste \u00c9milie Beaudoin.","breadcrumb":{"@id":"https:\/\/publissoft.dev\/spasante\/produit\/rose-buddha-legging-lac-louise\/#breadcrumb"},"inLanguage":"fr-CA","potentialAction":[{"@type":"ReadAction","target":["https:\/\/publissoft.dev\/spasante\/produit\/rose-buddha-legging-lac-louise\/"]}]},{"@type":"ImageObject","inLanguage":"fr-CA","@id":"https:\/\/publissoft.dev\/spasante\/produit\/rose-buddha-legging-lac-louise\/#primaryimage","url":"https:\/\/publissoft.dev\/spasante\/wp-content\/uploads\/2022\/01\/legging-lac-louise.jpg","contentUrl":"https:\/\/publissoft.dev\/spasante\/wp-content\/uploads\/2022\/01\/legging-lac-louise.jpg","width":536,"height":798},{"@type":"BreadcrumbList","@id":"https:\/\/publissoft.dev\/spasante\/produit\/rose-buddha-legging-lac-louise\/#breadcrumb","itemListElement":[{"@type":"ListItem","position":1,"name":"Accueil","item":"https:\/\/publissoft.dev\/spasante\/"},{"@type":"ListItem","position":2,"name":"Boutique","item":"https:\/\/publissoft.dev\/spasante\/boutique\/"},{"@type":"ListItem","position":3,"name":"Rose Buddha &#8211; Legging Lac Louise"}]},{"@type":"WebSite","@id":"https:\/\/publissoft.dev\/spasante\/#website","url":"https:\/\/publissoft.dev\/spasante\/","name":"Spa Sant\u00e9 Le N\u00e9nuphar","description":"","publisher":{"@id":"https:\/\/publissoft.dev\/spasante\/#organization"},"potentialAction":[{"@type":"SearchAction","target":{"@type":"EntryPoint","urlTemplate":"https:\/\/publissoft.dev\/spasante\/?s={search_term_string}"},"query-input":"required name=search_term_string"}],"inLanguage":"fr-CA"},{"@type":"Organization","@id":"https:\/\/publissoft.dev\/spasante\/#organization","name":"Spa Sant\u00e9 Le N\u00e9nuphar","url":"https:\/\/publissoft.dev\/spasante\/","logo":{"@type":"ImageObject","inLanguage":"fr-CA","@id":"https:\/\/publissoft.dev\/spasante\/#\/schema\/logo\/image\/","url":"https:\/\/publissoft.dev\/spasante\/wp-content\/uploads\/2022\/11\/logo-jpg.jpeg","contentUrl":"https:\/\/publissoft.dev\/spasante\/wp-content\/uploads\/2022\/11\/logo-jpg.jpeg","width":900,"height":900,"caption":"Spa Sant\u00e9 Le N\u00e9nuphar"},"image":{"@id":"https:\/\/publissoft.dev\/spasante\/#\/schema\/logo\/image\/"},"sameAs":["https:\/\/www.facebook.com\/SpaSanteLeNenuphar","https:\/\/www.instagram.com\/spasantelenenuphar\/?hl=fr"]}]}},"_links":{"self":[{"href":"https:\/\/publissoft.dev\/spasante\/wp-json\/wp\/v2\/product\/1377","targetHints":{"allow":["GET"]}}],"collection":[{"href":"https:\/\/publissoft.dev\/spasante\/wp-json\/wp\/v2\/product"}],"about":[{"href":"https:\/\/publissoft.dev\/spasante\/wp-json\/wp\/v2\/types\/product"}],"wp:featuredmedia":[{"embeddable":true,"href":"https:\/\/publissoft.dev\/spasante\/wp-json\/wp\/v2\/media\/4053"}],"wp:attachment":[{"href":"https:\/\/publissoft.dev\/spasante\/wp-json\/wp\/v2\/media?parent=1377"}],"wp:term":[{"taxonomy":"product_cat","embeddable":true,"href":"https:\/\/publissoft.dev\/spasante\/wp-json\/wp\/v2\/product_cat?post=1377"},{"taxonomy":"product_tag","embeddable":true,"href":"https:\/\/publissoft.dev\/spasante\/wp-json\/wp\/v2\/product_tag?post=1377"},{"taxonomy":"giftcard-category","embeddable":true,"href":"https:\/\/publissoft.dev\/spasante\/wp-json\/wp\/v2\/giftcard-category?post=1377"}],"curies":[{"name":"wp","href":"https:\/\/api.w.org\/{rel}","templated":true}]}}