{"id":1398,"date":"2022-01-27T14:43:04","date_gmt":"2022-01-27T19:43:04","guid":{"rendered":"https:\/\/publissoft.dev\/spasante\/produit\/serum-fusion-cellulaire\/"},"modified":"2022-11-15T15:44:11","modified_gmt":"2022-11-15T20:44:11","slug":"serum-fusion-cellulaire","status":"publish","type":"product","link":"https:\/\/publissoft.dev\/spasante\/produit\/serum-fusion-cellulaire\/","title":{"rendered":"Aquafolia &#8211; S\u00e9rum Fusion CELLULAIRE"},"content":{"rendered":"<div class=\"page-title-wrapper product\" data-mce-fragment=\"1\">\n<h3 class=\"page-title\" data-mce-fragment=\"1\"><span class=\"base\" data-ui-id=\"page-title-wrapper\" data-mce-fragment=\"1\">S\u00e9rum Fusion CELLULAIRE<\/span><\/h3>\n<\/div>\n<div class=\"product attribute short_description\" data-mce-fragment=\"1\">\n<div class=\"value\" data-mce-fragment=\"1\">\n<p data-mce-fragment=\"1\">S\u00e9rum anti-pollution<span data-mce-fragment=\"1\">\u00a0<\/span>aux effets lifting 3D\u00ad\u00ad<span data-mce-fragment=\"1\">\u00a0<\/span>densifiants<span data-mce-fragment=\"1\">\u00a0<\/span>et vectoriels, qui redonne une apparence lift\u00e9e radieuse et lumineuse. S\u00e9rum fusionnel anti-gravit\u00e9 redonnant une apparence de jeunesse<\/p>\n<\/div>\n<\/div>\n<div class=\"product attribute type_peau\" data-mce-fragment=\"1\">\n<p><strong class=\"type\" data-mce-fragment=\"1\">Types de peaux<\/strong><\/p>\n<div class=\"value\" data-mce-fragment=\"1\">Tous types de peau<\/div>\n<\/div>\n<div class=\"product attribute description\" data-mce-fragment=\"1\">\n<p><strong class=\"type\" data-mce-fragment=\"1\">Description<\/strong><\/p>\n<div class=\"value\" data-mce-fragment=\"1\">\n<p data-mce-fragment=\"1\">Au c\u0153ur de sa formulation, des cellules souches v\u00e9g\u00e9tales aux effets visibles anti-\u00e2ge<span data-mce-fragment=\"1\">\u00a0<\/span>favorisant, par l\u2019hydratation, la capacit\u00e9 de r\u00e9sistance aux agressions polluantes. Formul\u00e9 d\u2019acide hyaluronique biotech, de cellules souches de piment rouge, de lysats de ferment de bact\u00e9ries et d\u2019extrait de yogourt.<\/p>\n<div class=\"product attribute caracteristiques_actions\">\n<p><strong class=\"type\">Caract\u00e9ristiques et fonctions du produit<\/strong><\/p>\n<div class=\"value\">\n<p>Flacon en verre avec pipette<\/p>\n<p>Texture en gel<\/p>\n<p>Anti-pollution<\/p>\n<p>Apparence lift\u00e9e 3D<\/p>\n<p>Illumine la peau<\/p>\n<p>Anti-\u00e2ge<\/p>\n<\/div>\n<\/div>\n<div class=\"product attribute mode_emploi\">\n<p><strong class=\"type\">Mode d&#8217;emploi<\/strong><\/p>\n<div class=\"value\">\n<p>Appliquer d\u2019abord la Cr\u00e8me Int\u00e9grale Contour des Yeux et votre Cr\u00e8me de soin sur votre visage.\u00a0 Verser ensuite une pipette compl\u00e8te du s\u00e9rum dans la main.\u00a0 D\u00e9poser une noix de s\u00e9rum aux sept endroits suivants\u00a0: le front + la paupi\u00e8re sup\u00e9rieure de chaque \u0153il + chacune des joues + le menton + le cou.\u00a0 Proc\u00e9der ensuite au massage du s\u00e9rum jusqu\u2019\u00e0 absorption compl\u00e8te.<\/p>\n<\/div>\n<p>&nbsp;<\/p>\n<\/div>\n<\/div>\n<\/div>\n","protected":false},"excerpt":{"rendered":"<p>S\u00e9rum Fusion CELLULAIRE S\u00e9rum anti-pollution\u00a0aux effets lifting 3D\u00ad\u00ad\u00a0densifiants\u00a0et vectoriels, qui redonne une apparence lift\u00e9e radieuse et lumineuse. S\u00e9rum fusionnel anti-gravit\u00e9 redonnant une apparence de jeunesse Types de peaux Tous types de peau Description Au c\u0153ur de sa formulation, des cellules souches v\u00e9g\u00e9tales aux effets visibles anti-\u00e2ge\u00a0favorisant, par l\u2019hydratation, la capacit\u00e9 de r\u00e9sistance aux agressions polluantes. &hellip;<\/p>\n","protected":false},"featured_media":1426,"template":"","meta":{"_acf_changed":false,"_genesis_hide_title":false,"_genesis_hide_breadcrumbs":false,"_genesis_hide_singular_image":false,"_genesis_hide_footer_widgets":false,"_genesis_custom_body_class":"","_genesis_custom_post_class":"","_genesis_layout":""},"product_cat":[37,18],"product_tag":[],"giftcard-category":[],"class_list":{"0":"post-1398","1":"product","2":"type-product","3":"status-publish","4":"has-post-thumbnail","6":"product_cat-produits","7":"product_cat-aquafolia","8":"entry","10":"first","11":"instock","12":"taxable","13":"shipping-taxable","14":"purchasable","15":"product-type-simple"},"acf":[],"yoast_head":"<!-- This site is optimized with the Yoast SEO plugin v22.5 - https:\/\/yoast.com\/wordpress\/plugins\/seo\/ -->\n<title>Aquafolia - S\u00e9rum Fusion CELLULAIRE - Spa Sant\u00e9 Le N\u00e9nuphar<\/title>\n<meta name=\"robots\" content=\"noindex, follow, max-snippet:-1, max-image-preview:large, max-video-preview:-1\" \/>\n<meta property=\"og:locale\" content=\"fr_CA\" \/>\n<meta property=\"og:type\" content=\"article\" \/>\n<meta property=\"og:title\" content=\"Aquafolia - S\u00e9rum Fusion CELLULAIRE - Spa Sant\u00e9 Le N\u00e9nuphar\" \/>\n<meta property=\"og:description\" content=\"S\u00e9rum Fusion CELLULAIRE S\u00e9rum anti-pollution\u00a0aux effets lifting 3D\u00ad\u00ad\u00a0densifiants\u00a0et vectoriels, qui redonne une apparence lift\u00e9e radieuse et lumineuse. S\u00e9rum fusionnel anti-gravit\u00e9 redonnant une apparence de jeunesse Types de peaux Tous types de peau Description Au c\u0153ur de sa formulation, des cellules souches v\u00e9g\u00e9tales aux effets visibles anti-\u00e2ge\u00a0favorisant, par l\u2019hydratation, la capacit\u00e9 de r\u00e9sistance aux agressions polluantes. &hellip;\" \/>\n<meta property=\"og:url\" content=\"https:\/\/publissoft.dev\/spasante\/produit\/serum-fusion-cellulaire\/\" \/>\n<meta property=\"og:site_name\" content=\"Spa Sant\u00e9 Le N\u00e9nuphar\" \/>\n<meta property=\"article:publisher\" content=\"https:\/\/www.facebook.com\/SpaSanteLeNenuphar\" \/>\n<meta property=\"article:modified_time\" content=\"2022-11-15T20:44:11+00:00\" \/>\n<meta property=\"og:image\" content=\"https:\/\/publissoft.dev\/spasante\/wp-content\/uploads\/2022\/01\/SpaSanteLeNenupharSerumFusionCellulaire.jpg\" \/>\n\t<meta property=\"og:image:width\" content=\"991\" \/>\n\t<meta property=\"og:image:height\" content=\"1200\" \/>\n\t<meta property=\"og:image:type\" content=\"image\/jpeg\" \/>\n<meta name=\"twitter:card\" content=\"summary_large_image\" \/>\n<meta name=\"twitter:label1\" content=\"Estimation du temps de lecture\" \/>\n\t<meta name=\"twitter:data1\" content=\"1 minute\" \/>\n<script type=\"application\/ld+json\" class=\"yoast-schema-graph\">{\"@context\":\"https:\/\/schema.org\",\"@graph\":[{\"@type\":\"WebPage\",\"@id\":\"https:\/\/publissoft.dev\/spasante\/produit\/serum-fusion-cellulaire\/\",\"url\":\"https:\/\/publissoft.dev\/spasante\/produit\/serum-fusion-cellulaire\/\",\"name\":\"Aquafolia - S\u00e9rum Fusion CELLULAIRE - Spa Sant\u00e9 Le N\u00e9nuphar\",\"isPartOf\":{\"@id\":\"https:\/\/publissoft.dev\/spasante\/#website\"},\"primaryImageOfPage\":{\"@id\":\"https:\/\/publissoft.dev\/spasante\/produit\/serum-fusion-cellulaire\/#primaryimage\"},\"image\":{\"@id\":\"https:\/\/publissoft.dev\/spasante\/produit\/serum-fusion-cellulaire\/#primaryimage\"},\"thumbnailUrl\":\"https:\/\/publissoft.dev\/spasante\/wp-content\/uploads\/2022\/01\/SpaSanteLeNenupharSerumFusionCellulaire.jpg\",\"datePublished\":\"2022-01-27T19:43:04+00:00\",\"dateModified\":\"2022-11-15T20:44:11+00:00\",\"breadcrumb\":{\"@id\":\"https:\/\/publissoft.dev\/spasante\/produit\/serum-fusion-cellulaire\/#breadcrumb\"},\"inLanguage\":\"fr-CA\",\"potentialAction\":[{\"@type\":\"ReadAction\",\"target\":[\"https:\/\/publissoft.dev\/spasante\/produit\/serum-fusion-cellulaire\/\"]}]},{\"@type\":\"ImageObject\",\"inLanguage\":\"fr-CA\",\"@id\":\"https:\/\/publissoft.dev\/spasante\/produit\/serum-fusion-cellulaire\/#primaryimage\",\"url\":\"https:\/\/publissoft.dev\/spasante\/wp-content\/uploads\/2022\/01\/SpaSanteLeNenupharSerumFusionCellulaire.jpg\",\"contentUrl\":\"https:\/\/publissoft.dev\/spasante\/wp-content\/uploads\/2022\/01\/SpaSanteLeNenupharSerumFusionCellulaire.jpg\",\"width\":991,\"height\":1200},{\"@type\":\"BreadcrumbList\",\"@id\":\"https:\/\/publissoft.dev\/spasante\/produit\/serum-fusion-cellulaire\/#breadcrumb\",\"itemListElement\":[{\"@type\":\"ListItem\",\"position\":1,\"name\":\"Accueil\",\"item\":\"https:\/\/publissoft.dev\/spasante\/\"},{\"@type\":\"ListItem\",\"position\":2,\"name\":\"Boutique\",\"item\":\"https:\/\/publissoft.dev\/spasante\/boutique\/\"},{\"@type\":\"ListItem\",\"position\":3,\"name\":\"Aquafolia &#8211; S\u00e9rum Fusion CELLULAIRE\"}]},{\"@type\":\"WebSite\",\"@id\":\"https:\/\/publissoft.dev\/spasante\/#website\",\"url\":\"https:\/\/publissoft.dev\/spasante\/\",\"name\":\"Spa Sant\u00e9 Le N\u00e9nuphar\",\"description\":\"\",\"publisher\":{\"@id\":\"https:\/\/publissoft.dev\/spasante\/#organization\"},\"potentialAction\":[{\"@type\":\"SearchAction\",\"target\":{\"@type\":\"EntryPoint\",\"urlTemplate\":\"https:\/\/publissoft.dev\/spasante\/?s={search_term_string}\"},\"query-input\":\"required name=search_term_string\"}],\"inLanguage\":\"fr-CA\"},{\"@type\":\"Organization\",\"@id\":\"https:\/\/publissoft.dev\/spasante\/#organization\",\"name\":\"Spa Sant\u00e9 Le N\u00e9nuphar\",\"url\":\"https:\/\/publissoft.dev\/spasante\/\",\"logo\":{\"@type\":\"ImageObject\",\"inLanguage\":\"fr-CA\",\"@id\":\"https:\/\/publissoft.dev\/spasante\/#\/schema\/logo\/image\/\",\"url\":\"https:\/\/publissoft.dev\/spasante\/wp-content\/uploads\/2022\/11\/logo-jpg.jpeg\",\"contentUrl\":\"https:\/\/publissoft.dev\/spasante\/wp-content\/uploads\/2022\/11\/logo-jpg.jpeg\",\"width\":900,\"height\":900,\"caption\":\"Spa Sant\u00e9 Le N\u00e9nuphar\"},\"image\":{\"@id\":\"https:\/\/publissoft.dev\/spasante\/#\/schema\/logo\/image\/\"},\"sameAs\":[\"https:\/\/www.facebook.com\/SpaSanteLeNenuphar\",\"https:\/\/www.instagram.com\/spasantelenenuphar\/?hl=fr\"]}]}<\/script>\n<!-- \/ Yoast SEO plugin. -->","yoast_head_json":{"title":"Aquafolia - S\u00e9rum Fusion CELLULAIRE - Spa Sant\u00e9 Le N\u00e9nuphar","robots":{"index":"noindex","follow":"follow","max-snippet":"max-snippet:-1","max-image-preview":"max-image-preview:large","max-video-preview":"max-video-preview:-1"},"og_locale":"fr_CA","og_type":"article","og_title":"Aquafolia - S\u00e9rum Fusion CELLULAIRE - Spa Sant\u00e9 Le N\u00e9nuphar","og_description":"S\u00e9rum Fusion CELLULAIRE S\u00e9rum anti-pollution\u00a0aux effets lifting 3D\u00ad\u00ad\u00a0densifiants\u00a0et vectoriels, qui redonne une apparence lift\u00e9e radieuse et lumineuse. S\u00e9rum fusionnel anti-gravit\u00e9 redonnant une apparence de jeunesse Types de peaux Tous types de peau Description Au c\u0153ur de sa formulation, des cellules souches v\u00e9g\u00e9tales aux effets visibles anti-\u00e2ge\u00a0favorisant, par l\u2019hydratation, la capacit\u00e9 de r\u00e9sistance aux agressions polluantes. &hellip;","og_url":"https:\/\/publissoft.dev\/spasante\/produit\/serum-fusion-cellulaire\/","og_site_name":"Spa Sant\u00e9 Le N\u00e9nuphar","article_publisher":"https:\/\/www.facebook.com\/SpaSanteLeNenuphar","article_modified_time":"2022-11-15T20:44:11+00:00","og_image":[{"width":991,"height":1200,"url":"https:\/\/publissoft.dev\/spasante\/wp-content\/uploads\/2022\/01\/SpaSanteLeNenupharSerumFusionCellulaire.jpg","type":"image\/jpeg"}],"twitter_card":"summary_large_image","twitter_misc":{"Estimation du temps de lecture":"1 minute"},"schema":{"@context":"https:\/\/schema.org","@graph":[{"@type":"WebPage","@id":"https:\/\/publissoft.dev\/spasante\/produit\/serum-fusion-cellulaire\/","url":"https:\/\/publissoft.dev\/spasante\/produit\/serum-fusion-cellulaire\/","name":"Aquafolia - S\u00e9rum Fusion CELLULAIRE - Spa Sant\u00e9 Le N\u00e9nuphar","isPartOf":{"@id":"https:\/\/publissoft.dev\/spasante\/#website"},"primaryImageOfPage":{"@id":"https:\/\/publissoft.dev\/spasante\/produit\/serum-fusion-cellulaire\/#primaryimage"},"image":{"@id":"https:\/\/publissoft.dev\/spasante\/produit\/serum-fusion-cellulaire\/#primaryimage"},"thumbnailUrl":"https:\/\/publissoft.dev\/spasante\/wp-content\/uploads\/2022\/01\/SpaSanteLeNenupharSerumFusionCellulaire.jpg","datePublished":"2022-01-27T19:43:04+00:00","dateModified":"2022-11-15T20:44:11+00:00","breadcrumb":{"@id":"https:\/\/publissoft.dev\/spasante\/produit\/serum-fusion-cellulaire\/#breadcrumb"},"inLanguage":"fr-CA","potentialAction":[{"@type":"ReadAction","target":["https:\/\/publissoft.dev\/spasante\/produit\/serum-fusion-cellulaire\/"]}]},{"@type":"ImageObject","inLanguage":"fr-CA","@id":"https:\/\/publissoft.dev\/spasante\/produit\/serum-fusion-cellulaire\/#primaryimage","url":"https:\/\/publissoft.dev\/spasante\/wp-content\/uploads\/2022\/01\/SpaSanteLeNenupharSerumFusionCellulaire.jpg","contentUrl":"https:\/\/publissoft.dev\/spasante\/wp-content\/uploads\/2022\/01\/SpaSanteLeNenupharSerumFusionCellulaire.jpg","width":991,"height":1200},{"@type":"BreadcrumbList","@id":"https:\/\/publissoft.dev\/spasante\/produit\/serum-fusion-cellulaire\/#breadcrumb","itemListElement":[{"@type":"ListItem","position":1,"name":"Accueil","item":"https:\/\/publissoft.dev\/spasante\/"},{"@type":"ListItem","position":2,"name":"Boutique","item":"https:\/\/publissoft.dev\/spasante\/boutique\/"},{"@type":"ListItem","position":3,"name":"Aquafolia &#8211; S\u00e9rum Fusion CELLULAIRE"}]},{"@type":"WebSite","@id":"https:\/\/publissoft.dev\/spasante\/#website","url":"https:\/\/publissoft.dev\/spasante\/","name":"Spa Sant\u00e9 Le N\u00e9nuphar","description":"","publisher":{"@id":"https:\/\/publissoft.dev\/spasante\/#organization"},"potentialAction":[{"@type":"SearchAction","target":{"@type":"EntryPoint","urlTemplate":"https:\/\/publissoft.dev\/spasante\/?s={search_term_string}"},"query-input":"required name=search_term_string"}],"inLanguage":"fr-CA"},{"@type":"Organization","@id":"https:\/\/publissoft.dev\/spasante\/#organization","name":"Spa Sant\u00e9 Le N\u00e9nuphar","url":"https:\/\/publissoft.dev\/spasante\/","logo":{"@type":"ImageObject","inLanguage":"fr-CA","@id":"https:\/\/publissoft.dev\/spasante\/#\/schema\/logo\/image\/","url":"https:\/\/publissoft.dev\/spasante\/wp-content\/uploads\/2022\/11\/logo-jpg.jpeg","contentUrl":"https:\/\/publissoft.dev\/spasante\/wp-content\/uploads\/2022\/11\/logo-jpg.jpeg","width":900,"height":900,"caption":"Spa Sant\u00e9 Le N\u00e9nuphar"},"image":{"@id":"https:\/\/publissoft.dev\/spasante\/#\/schema\/logo\/image\/"},"sameAs":["https:\/\/www.facebook.com\/SpaSanteLeNenuphar","https:\/\/www.instagram.com\/spasantelenenuphar\/?hl=fr"]}]}},"_links":{"self":[{"href":"https:\/\/publissoft.dev\/spasante\/wp-json\/wp\/v2\/product\/1398","targetHints":{"allow":["GET"]}}],"collection":[{"href":"https:\/\/publissoft.dev\/spasante\/wp-json\/wp\/v2\/product"}],"about":[{"href":"https:\/\/publissoft.dev\/spasante\/wp-json\/wp\/v2\/types\/product"}],"wp:featuredmedia":[{"embeddable":true,"href":"https:\/\/publissoft.dev\/spasante\/wp-json\/wp\/v2\/media\/1426"}],"wp:attachment":[{"href":"https:\/\/publissoft.dev\/spasante\/wp-json\/wp\/v2\/media?parent=1398"}],"wp:term":[{"taxonomy":"product_cat","embeddable":true,"href":"https:\/\/publissoft.dev\/spasante\/wp-json\/wp\/v2\/product_cat?post=1398"},{"taxonomy":"product_tag","embeddable":true,"href":"https:\/\/publissoft.dev\/spasante\/wp-json\/wp\/v2\/product_tag?post=1398"},{"taxonomy":"giftcard-category","embeddable":true,"href":"https:\/\/publissoft.dev\/spasante\/wp-json\/wp\/v2\/giftcard-category?post=1398"}],"curies":[{"name":"wp","href":"https:\/\/api.w.org\/{rel}","templated":true}]}}