{"id":1401,"date":"2022-01-27T14:43:05","date_gmt":"2022-01-27T19:43:05","guid":{"rendered":"https:\/\/publissoft.dev\/spasante\/produit\/serum-sos-rosa-c3\/"},"modified":"2024-01-30T10:41:06","modified_gmt":"2024-01-30T15:41:06","slug":"serum-sos-rosa-c3","status":"publish","type":"product","link":"https:\/\/publissoft.dev\/spasante\/produit\/serum-sos-rosa-c3\/","title":{"rendered":"Dr. Renaud &#8211; S\u00e9rum SOS Rosa-C3"},"content":{"rendered":"<div class=\"descProd\" data-mce-fragment=\"1\">\n<p data-mce-fragment=\"1\"><strong data-mce-fragment=\"1\">S\u00e9rum SOS Rosa-C 3<\/strong><\/p>\n<p data-mce-fragment=\"1\">\u2212 Pour les peaux sensibles r\u00e9actives<br \/>\n\u2212 R\u00e9duit visiblement l\u2019apparence des rougeurs et leur \u00e9volution<br \/>\n\u2212 Apaise et hydrate la peau<\/p>\n<p data-mce-fragment=\"1\">Le s\u00e9rum SOS Rosa-C 3 convient aux femmes et aux hommes \u00e0 la peau sensible. Il se distingue par une action cibl\u00e9e qui r\u00e9duit visiblement l\u2019apparence des rougeurs et qui aide aussi \u00e0 ralentir l\u2019\u00e9volution des diff\u00e9rents signes inesth\u00e9tiques. Gr\u00e2ce \u00e0 son ar\u00f4me d\u00e9licat de lotus blanc, il laisse la peau apais\u00e9e, hydrat\u00e9e et rafra\u00eechie.<\/p>\n<p data-mce-fragment=\"1\"><strong data-mce-fragment=\"1\">Conseils d\u2019utilisation<\/strong><\/p>\n<p data-mce-fragment=\"1\">Matin et soir, apr\u00e8s un nettoyage minutieux de la peau, appliquer sur l\u2019ensemble du visage et du cou. Faire suivre par l\u2019\u00e9mulsion contr\u00f4le 24 h Rosa-C 3 . Il est \u00e9galement conseill\u00e9 de prot\u00e9ger sa peau avec une protection solaire adapt\u00e9e. S\u2019utilise quotidiennement en cure ou ponctuellement en situation de crise. De plus, pour une action vraiment efficace, combiner le duo Rosa-C 3 avec l\u2019application du soin en institut optimal Complexe Cell Control Rosa-C 3 .<\/p>\n<p data-mce-fragment=\"1\"><strong>Format<\/strong> 50ml<\/p>\n<\/div>\n","protected":false},"excerpt":{"rendered":"<p>S\u00e9rum SOS Rosa-C 3 \u2212 Pour les peaux sensibles r\u00e9actives \u2212 R\u00e9duit visiblement l\u2019apparence des rougeurs et leur \u00e9volution \u2212 Apaise et hydrate la peau Le s\u00e9rum SOS Rosa-C 3 convient aux femmes et aux hommes \u00e0 la peau sensible. Il se distingue par une action cibl\u00e9e qui r\u00e9duit visiblement l\u2019apparence des rougeurs et qui &hellip;<\/p>\n","protected":false},"featured_media":1427,"template":"","meta":{"_acf_changed":false,"_genesis_hide_title":false,"_genesis_hide_breadcrumbs":false,"_genesis_hide_singular_image":false,"_genesis_hide_footer_widgets":false,"_genesis_custom_body_class":"","_genesis_custom_post_class":"","_genesis_layout":""},"product_cat":[37,31,77],"product_tag":[],"giftcard-category":[],"class_list":{"0":"post-1401","1":"product","2":"type-product","3":"status-publish","4":"has-post-thumbnail","6":"product_cat-produits","7":"product_cat-laboratoire-dr-renaud","8":"product_cat-produits-en-promotion","9":"entry","11":"first","12":"instock","13":"taxable","14":"shipping-taxable","15":"purchasable","16":"product-type-simple"},"acf":[],"yoast_head":"<!-- This site is optimized with the Yoast SEO plugin v22.5 - https:\/\/yoast.com\/wordpress\/plugins\/seo\/ -->\n<title>Dr. Renaud - S\u00e9rum SOS Rosa-C3 - Spa Sant\u00e9 Le N\u00e9nuphar<\/title>\n<meta name=\"robots\" content=\"noindex, follow, max-snippet:-1, max-image-preview:large, max-video-preview:-1\" \/>\n<meta property=\"og:locale\" content=\"fr_CA\" \/>\n<meta property=\"og:type\" content=\"article\" \/>\n<meta property=\"og:title\" content=\"Dr. Renaud - S\u00e9rum SOS Rosa-C3 - Spa Sant\u00e9 Le N\u00e9nuphar\" \/>\n<meta property=\"og:description\" content=\"S\u00e9rum SOS Rosa-C 3 \u2212 Pour les peaux sensibles r\u00e9actives \u2212 R\u00e9duit visiblement l\u2019apparence des rougeurs et leur \u00e9volution \u2212 Apaise et hydrate la peau Le s\u00e9rum SOS Rosa-C 3 convient aux femmes et aux hommes \u00e0 la peau sensible. Il se distingue par une action cibl\u00e9e qui r\u00e9duit visiblement l\u2019apparence des rougeurs et qui &hellip;\" \/>\n<meta property=\"og:url\" content=\"https:\/\/publissoft.dev\/spasante\/produit\/serum-sos-rosa-c3\/\" \/>\n<meta property=\"og:site_name\" content=\"Spa Sant\u00e9 Le N\u00e9nuphar\" \/>\n<meta property=\"article:publisher\" content=\"https:\/\/www.facebook.com\/SpaSanteLeNenuphar\" \/>\n<meta property=\"article:modified_time\" content=\"2024-01-30T15:41:06+00:00\" \/>\n<meta property=\"og:image\" content=\"https:\/\/publissoft.dev\/spasante\/wp-content\/uploads\/2022\/01\/SerumSOSRosa-C3.jpg\" \/>\n\t<meta property=\"og:image:width\" content=\"800\" \/>\n\t<meta property=\"og:image:height\" content=\"800\" \/>\n\t<meta property=\"og:image:type\" content=\"image\/jpeg\" \/>\n<meta name=\"twitter:card\" content=\"summary_large_image\" \/>\n<meta name=\"twitter:label1\" content=\"Estimation du temps de lecture\" \/>\n\t<meta name=\"twitter:data1\" content=\"2 minutes\" \/>\n<script type=\"application\/ld+json\" class=\"yoast-schema-graph\">{\"@context\":\"https:\/\/schema.org\",\"@graph\":[{\"@type\":\"WebPage\",\"@id\":\"https:\/\/publissoft.dev\/spasante\/produit\/serum-sos-rosa-c3\/\",\"url\":\"https:\/\/publissoft.dev\/spasante\/produit\/serum-sos-rosa-c3\/\",\"name\":\"Dr. Renaud - S\u00e9rum SOS Rosa-C3 - Spa Sant\u00e9 Le N\u00e9nuphar\",\"isPartOf\":{\"@id\":\"https:\/\/publissoft.dev\/spasante\/#website\"},\"primaryImageOfPage\":{\"@id\":\"https:\/\/publissoft.dev\/spasante\/produit\/serum-sos-rosa-c3\/#primaryimage\"},\"image\":{\"@id\":\"https:\/\/publissoft.dev\/spasante\/produit\/serum-sos-rosa-c3\/#primaryimage\"},\"thumbnailUrl\":\"https:\/\/publissoft.dev\/spasante\/wp-content\/uploads\/2022\/01\/SerumSOSRosa-C3.jpg\",\"datePublished\":\"2022-01-27T19:43:05+00:00\",\"dateModified\":\"2024-01-30T15:41:06+00:00\",\"breadcrumb\":{\"@id\":\"https:\/\/publissoft.dev\/spasante\/produit\/serum-sos-rosa-c3\/#breadcrumb\"},\"inLanguage\":\"fr-CA\",\"potentialAction\":[{\"@type\":\"ReadAction\",\"target\":[\"https:\/\/publissoft.dev\/spasante\/produit\/serum-sos-rosa-c3\/\"]}]},{\"@type\":\"ImageObject\",\"inLanguage\":\"fr-CA\",\"@id\":\"https:\/\/publissoft.dev\/spasante\/produit\/serum-sos-rosa-c3\/#primaryimage\",\"url\":\"https:\/\/publissoft.dev\/spasante\/wp-content\/uploads\/2022\/01\/SerumSOSRosa-C3.jpg\",\"contentUrl\":\"https:\/\/publissoft.dev\/spasante\/wp-content\/uploads\/2022\/01\/SerumSOSRosa-C3.jpg\",\"width\":800,\"height\":800},{\"@type\":\"BreadcrumbList\",\"@id\":\"https:\/\/publissoft.dev\/spasante\/produit\/serum-sos-rosa-c3\/#breadcrumb\",\"itemListElement\":[{\"@type\":\"ListItem\",\"position\":1,\"name\":\"Accueil\",\"item\":\"https:\/\/publissoft.dev\/spasante\/\"},{\"@type\":\"ListItem\",\"position\":2,\"name\":\"Boutique\",\"item\":\"https:\/\/publissoft.dev\/spasante\/boutique\/\"},{\"@type\":\"ListItem\",\"position\":3,\"name\":\"Dr. Renaud &#8211; S\u00e9rum SOS Rosa-C3\"}]},{\"@type\":\"WebSite\",\"@id\":\"https:\/\/publissoft.dev\/spasante\/#website\",\"url\":\"https:\/\/publissoft.dev\/spasante\/\",\"name\":\"Spa Sant\u00e9 Le N\u00e9nuphar\",\"description\":\"\",\"publisher\":{\"@id\":\"https:\/\/publissoft.dev\/spasante\/#organization\"},\"potentialAction\":[{\"@type\":\"SearchAction\",\"target\":{\"@type\":\"EntryPoint\",\"urlTemplate\":\"https:\/\/publissoft.dev\/spasante\/?s={search_term_string}\"},\"query-input\":\"required name=search_term_string\"}],\"inLanguage\":\"fr-CA\"},{\"@type\":\"Organization\",\"@id\":\"https:\/\/publissoft.dev\/spasante\/#organization\",\"name\":\"Spa Sant\u00e9 Le N\u00e9nuphar\",\"url\":\"https:\/\/publissoft.dev\/spasante\/\",\"logo\":{\"@type\":\"ImageObject\",\"inLanguage\":\"fr-CA\",\"@id\":\"https:\/\/publissoft.dev\/spasante\/#\/schema\/logo\/image\/\",\"url\":\"https:\/\/publissoft.dev\/spasante\/wp-content\/uploads\/2022\/11\/logo-jpg.jpeg\",\"contentUrl\":\"https:\/\/publissoft.dev\/spasante\/wp-content\/uploads\/2022\/11\/logo-jpg.jpeg\",\"width\":900,\"height\":900,\"caption\":\"Spa Sant\u00e9 Le N\u00e9nuphar\"},\"image\":{\"@id\":\"https:\/\/publissoft.dev\/spasante\/#\/schema\/logo\/image\/\"},\"sameAs\":[\"https:\/\/www.facebook.com\/SpaSanteLeNenuphar\",\"https:\/\/www.instagram.com\/spasantelenenuphar\/?hl=fr\"]}]}<\/script>\n<!-- \/ Yoast SEO plugin. -->","yoast_head_json":{"title":"Dr. Renaud - S\u00e9rum SOS Rosa-C3 - Spa Sant\u00e9 Le N\u00e9nuphar","robots":{"index":"noindex","follow":"follow","max-snippet":"max-snippet:-1","max-image-preview":"max-image-preview:large","max-video-preview":"max-video-preview:-1"},"og_locale":"fr_CA","og_type":"article","og_title":"Dr. Renaud - S\u00e9rum SOS Rosa-C3 - Spa Sant\u00e9 Le N\u00e9nuphar","og_description":"S\u00e9rum SOS Rosa-C 3 \u2212 Pour les peaux sensibles r\u00e9actives \u2212 R\u00e9duit visiblement l\u2019apparence des rougeurs et leur \u00e9volution \u2212 Apaise et hydrate la peau Le s\u00e9rum SOS Rosa-C 3 convient aux femmes et aux hommes \u00e0 la peau sensible. Il se distingue par une action cibl\u00e9e qui r\u00e9duit visiblement l\u2019apparence des rougeurs et qui &hellip;","og_url":"https:\/\/publissoft.dev\/spasante\/produit\/serum-sos-rosa-c3\/","og_site_name":"Spa Sant\u00e9 Le N\u00e9nuphar","article_publisher":"https:\/\/www.facebook.com\/SpaSanteLeNenuphar","article_modified_time":"2024-01-30T15:41:06+00:00","og_image":[{"width":800,"height":800,"url":"https:\/\/publissoft.dev\/spasante\/wp-content\/uploads\/2022\/01\/SerumSOSRosa-C3.jpg","type":"image\/jpeg"}],"twitter_card":"summary_large_image","twitter_misc":{"Estimation du temps de lecture":"2 minutes"},"schema":{"@context":"https:\/\/schema.org","@graph":[{"@type":"WebPage","@id":"https:\/\/publissoft.dev\/spasante\/produit\/serum-sos-rosa-c3\/","url":"https:\/\/publissoft.dev\/spasante\/produit\/serum-sos-rosa-c3\/","name":"Dr. Renaud - S\u00e9rum SOS Rosa-C3 - Spa Sant\u00e9 Le N\u00e9nuphar","isPartOf":{"@id":"https:\/\/publissoft.dev\/spasante\/#website"},"primaryImageOfPage":{"@id":"https:\/\/publissoft.dev\/spasante\/produit\/serum-sos-rosa-c3\/#primaryimage"},"image":{"@id":"https:\/\/publissoft.dev\/spasante\/produit\/serum-sos-rosa-c3\/#primaryimage"},"thumbnailUrl":"https:\/\/publissoft.dev\/spasante\/wp-content\/uploads\/2022\/01\/SerumSOSRosa-C3.jpg","datePublished":"2022-01-27T19:43:05+00:00","dateModified":"2024-01-30T15:41:06+00:00","breadcrumb":{"@id":"https:\/\/publissoft.dev\/spasante\/produit\/serum-sos-rosa-c3\/#breadcrumb"},"inLanguage":"fr-CA","potentialAction":[{"@type":"ReadAction","target":["https:\/\/publissoft.dev\/spasante\/produit\/serum-sos-rosa-c3\/"]}]},{"@type":"ImageObject","inLanguage":"fr-CA","@id":"https:\/\/publissoft.dev\/spasante\/produit\/serum-sos-rosa-c3\/#primaryimage","url":"https:\/\/publissoft.dev\/spasante\/wp-content\/uploads\/2022\/01\/SerumSOSRosa-C3.jpg","contentUrl":"https:\/\/publissoft.dev\/spasante\/wp-content\/uploads\/2022\/01\/SerumSOSRosa-C3.jpg","width":800,"height":800},{"@type":"BreadcrumbList","@id":"https:\/\/publissoft.dev\/spasante\/produit\/serum-sos-rosa-c3\/#breadcrumb","itemListElement":[{"@type":"ListItem","position":1,"name":"Accueil","item":"https:\/\/publissoft.dev\/spasante\/"},{"@type":"ListItem","position":2,"name":"Boutique","item":"https:\/\/publissoft.dev\/spasante\/boutique\/"},{"@type":"ListItem","position":3,"name":"Dr. Renaud &#8211; S\u00e9rum SOS Rosa-C3"}]},{"@type":"WebSite","@id":"https:\/\/publissoft.dev\/spasante\/#website","url":"https:\/\/publissoft.dev\/spasante\/","name":"Spa Sant\u00e9 Le N\u00e9nuphar","description":"","publisher":{"@id":"https:\/\/publissoft.dev\/spasante\/#organization"},"potentialAction":[{"@type":"SearchAction","target":{"@type":"EntryPoint","urlTemplate":"https:\/\/publissoft.dev\/spasante\/?s={search_term_string}"},"query-input":"required name=search_term_string"}],"inLanguage":"fr-CA"},{"@type":"Organization","@id":"https:\/\/publissoft.dev\/spasante\/#organization","name":"Spa Sant\u00e9 Le N\u00e9nuphar","url":"https:\/\/publissoft.dev\/spasante\/","logo":{"@type":"ImageObject","inLanguage":"fr-CA","@id":"https:\/\/publissoft.dev\/spasante\/#\/schema\/logo\/image\/","url":"https:\/\/publissoft.dev\/spasante\/wp-content\/uploads\/2022\/11\/logo-jpg.jpeg","contentUrl":"https:\/\/publissoft.dev\/spasante\/wp-content\/uploads\/2022\/11\/logo-jpg.jpeg","width":900,"height":900,"caption":"Spa Sant\u00e9 Le N\u00e9nuphar"},"image":{"@id":"https:\/\/publissoft.dev\/spasante\/#\/schema\/logo\/image\/"},"sameAs":["https:\/\/www.facebook.com\/SpaSanteLeNenuphar","https:\/\/www.instagram.com\/spasantelenenuphar\/?hl=fr"]}]}},"_links":{"self":[{"href":"https:\/\/publissoft.dev\/spasante\/wp-json\/wp\/v2\/product\/1401","targetHints":{"allow":["GET"]}}],"collection":[{"href":"https:\/\/publissoft.dev\/spasante\/wp-json\/wp\/v2\/product"}],"about":[{"href":"https:\/\/publissoft.dev\/spasante\/wp-json\/wp\/v2\/types\/product"}],"wp:featuredmedia":[{"embeddable":true,"href":"https:\/\/publissoft.dev\/spasante\/wp-json\/wp\/v2\/media\/1427"}],"wp:attachment":[{"href":"https:\/\/publissoft.dev\/spasante\/wp-json\/wp\/v2\/media?parent=1401"}],"wp:term":[{"taxonomy":"product_cat","embeddable":true,"href":"https:\/\/publissoft.dev\/spasante\/wp-json\/wp\/v2\/product_cat?post=1401"},{"taxonomy":"product_tag","embeddable":true,"href":"https:\/\/publissoft.dev\/spasante\/wp-json\/wp\/v2\/product_tag?post=1401"},{"taxonomy":"giftcard-category","embeddable":true,"href":"https:\/\/publissoft.dev\/spasante\/wp-json\/wp\/v2\/giftcard-category?post=1401"}],"curies":[{"name":"wp","href":"https:\/\/api.w.org\/{rel}","templated":true}]}}