{"id":1414,"date":"2022-01-27T14:43:13","date_gmt":"2022-01-27T19:43:13","guid":{"rendered":"https:\/\/publissoft.dev\/spasante\/produit\/soin-aqua-imunita\/"},"modified":"2024-03-01T10:20:28","modified_gmt":"2024-03-01T15:20:28","slug":"soin-aqua-imunita-spa-sante-le-nenuphar","status":"publish","type":"product","link":"https:\/\/publissoft.dev\/spasante\/produit\/soin-aqua-imunita-spa-sante-le-nenuphar\/","title":{"rendered":"Aquafolia &#8211; Soin AquaImunita"},"content":{"rendered":"<p>Soin du visage anti-age\u00a0r\u00e9parateur qui redonne une apparence de jeunesse sant\u00e9,vitalit\u00e9, \u00e9lasticit\u00e9, fermet\u00e9\u00a0et qui lutte contre les effets de l&#8217;acc\u00e9l\u00e9ration du vieillissement cutan\u00e9.\u00a0Pour peaux en manque de vitalit\u00e9, de densit\u00e9, de fermet\u00e9 et de confort.<\/p>\n<p>&nbsp;<\/p>\n<p class=\"has-wpdc-big-text-font-size\">L\u2019anti-inflammaging<sup>\u03c8<\/sup>\u00a0qui r\u00e9g\u00e9n\u00e8re la barri\u00e8re de la peau par l\u2019hydratation. L\u2019anti-\u00e2ge* r\u00e9parateur redonnant une apparence de jeunesse sant\u00e9. Redonne sa vitalit\u00e9, son \u00e9lasticit\u00e9 et sa fermet\u00e9. Pour peaux matures en manque de vitalit\u00e9, de densit\u00e9, de fermet\u00e9 et de confort.<\/p>\n<hr class=\"wp-block-separator has-css-opacity\" \/>\n<p class=\"has-marine-color has-text-color has-wpdc-big-text-font-size\"><strong>Qu\u2019est-ce que l\u2019inflammaging?<\/strong><sup>\u03c8<\/sup><\/p>\n<p>Il s\u2019agit de mini l\u00e9sions \u00e0 r\u00e9p\u00e9tition qui d\u00e9gradent les membranes cellulaires, l\u00e8sent les fibres de collag\u00e8ne et d\u2019\u00e9lastine. En cause, les polluants, le stress, le manque de sommeil, les sports trop agressifs, les alt\u00e9rations de la barri\u00e8re cutan\u00e9e, les irritants et les r\u00e9gimes mal adapt\u00e9s qui produisent des oxydants, dont les radicaux libres. Et, pour ne rien arranger, le fonctionnement m\u00eame de nos cellules produit, lui aussi, des radicaux libres. Or, si dans notre jeunesse, notre organisme parvient \u00e0 r\u00e9agir, ce n\u2019est plus le cas au fil des ann\u00e9es. Le teint perd de l\u2019\u00e9clat et la peau se ride.<\/p>\n<hr class=\"wp-block-separator has-css-opacity\" \/>\n<p class=\"has-marine-color has-text-color has-wpdc-big-text-font-size\"><strong>Nos objectifs<\/strong><\/p>\n<p><strong>L\u2019anti-Inflammaging<sup>\u03c8<\/sup><\/strong><\/p>\n<ul>\n<li>Lutte contre les effets de l\u2019acc\u00e9l\u00e9ration du vieillissement cutan\u00e9 caus\u00e9 par le stress environnemental et r\u00e9duit l\u2019apparence des rides et des ridules par l\u2019hydratation \u00e9quilibrante.<\/li>\n<li>R\u00e9g\u00e9n\u00e8re la barri\u00e8re d\u2019hydratation pour favoriser les d\u00e9fenses naturelles de la peau.<\/li>\n<li>Effet anti-\u00e2ge calmant par l\u2019hydratation.<\/li>\n<\/ul>\n<hr class=\"wp-block-separator has-css-opacity\" \/>\n<p class=\"has-marine-color has-text-color has-wpdc-big-text-font-size\"><strong>L\u2019innovation<\/strong><\/p>\n<p>Favoriser les d\u00e9fenses naturelles de la peau au c\u0153ur de la conception d\u2019AquaIMUNITA qui int\u00e8gre des technologies issues des probiotiques dans ses produits.<\/p>\n<p>Dur\u00e9e 1h30 minutes<\/p>\n","protected":false},"excerpt":{"rendered":"<p>Soin du visage anti-age\u00a0r\u00e9parateur qui redonne une apparence de jeunesse sant\u00e9,vitalit\u00e9, \u00e9lasticit\u00e9, fermet\u00e9\u00a0et qui lutte contre les effets de l&#8217;acc\u00e9l\u00e9ration du vieillissement cutan\u00e9.\u00a0Pour peaux en manque de vitalit\u00e9, de densit\u00e9, de fermet\u00e9 et de confort. &nbsp; L\u2019anti-inflammaging\u03c8\u00a0qui r\u00e9g\u00e9n\u00e8re la barri\u00e8re de la peau par l\u2019hydratation. L\u2019anti-\u00e2ge* r\u00e9parateur redonnant une apparence de jeunesse sant\u00e9. Redonne sa &hellip;<\/p>\n","protected":false},"featured_media":3928,"template":"","meta":{"_acf_changed":false,"_genesis_hide_title":false,"_genesis_hide_breadcrumbs":false,"_genesis_hide_singular_image":false,"_genesis_hide_footer_widgets":false,"_genesis_custom_body_class":"","_genesis_custom_post_class":"","_genesis_layout":""},"product_cat":[53,61,43],"product_tag":[],"giftcard-category":[],"class_list":{"0":"post-1414","1":"product","2":"type-product","3":"status-publish","4":"has-post-thumbnail","6":"product_cat-gift-card","7":"product_cat-aquafolia-soins","8":"product_cat-soins","9":"entry","11":"first","12":"instock","13":"virtual","14":"taxable","15":"purchasable","16":"product-type-simple"},"acf":[],"yoast_head":"<!-- This site is optimized with the Yoast SEO plugin v22.5 - https:\/\/yoast.com\/wordpress\/plugins\/seo\/ -->\n<title>Aquafolia - Soin AquaImunita - Spa Sant\u00e9 Le N\u00e9nuphar<\/title>\n<meta name=\"description\" content=\"Soin aqua imunita - Parfait pour les peaux manquant de vitalit\u00e9, de densit\u00e9, de fermet\u00e9 et de confort. Soin du visage anti-\u00e2ge. Visitez notre site web !\" \/>\n<meta name=\"robots\" content=\"noindex, follow, max-snippet:-1, max-image-preview:large, max-video-preview:-1\" \/>\n<meta property=\"og:locale\" content=\"fr_CA\" \/>\n<meta property=\"og:type\" content=\"article\" \/>\n<meta property=\"og:title\" content=\"Aquafolia - Soin AquaImunita - Spa Sant\u00e9 Le N\u00e9nuphar\" \/>\n<meta property=\"og:description\" content=\"Soin aqua imunita - Parfait pour les peaux manquant de vitalit\u00e9, de densit\u00e9, de fermet\u00e9 et de confort. Soin du visage anti-\u00e2ge. Visitez notre site web !\" \/>\n<meta property=\"og:url\" content=\"https:\/\/publissoft.dev\/spasante\/produit\/soin-aqua-imunita-spa-sante-le-nenuphar\/\" \/>\n<meta property=\"og:site_name\" content=\"Spa Sant\u00e9 Le N\u00e9nuphar\" \/>\n<meta property=\"article:publisher\" content=\"https:\/\/www.facebook.com\/SpaSanteLeNenuphar\" \/>\n<meta property=\"article:modified_time\" content=\"2024-03-01T15:20:28+00:00\" \/>\n<meta property=\"og:image\" content=\"https:\/\/publissoft.dev\/spasante\/wp-content\/uploads\/2022\/01\/Sans-titre-2022-11-09T135929.401.png\" \/>\n\t<meta property=\"og:image:width\" content=\"940\" \/>\n\t<meta property=\"og:image:height\" content=\"788\" \/>\n\t<meta property=\"og:image:type\" content=\"image\/png\" \/>\n<meta name=\"twitter:card\" content=\"summary_large_image\" \/>\n<meta name=\"twitter:label1\" content=\"Estimation du temps de lecture\" \/>\n\t<meta name=\"twitter:data1\" content=\"2 minutes\" \/>\n<script type=\"application\/ld+json\" class=\"yoast-schema-graph\">{\"@context\":\"https:\/\/schema.org\",\"@graph\":[{\"@type\":\"WebPage\",\"@id\":\"https:\/\/publissoft.dev\/spasante\/produit\/soin-aqua-imunita-spa-sante-le-nenuphar\/\",\"url\":\"https:\/\/publissoft.dev\/spasante\/produit\/soin-aqua-imunita-spa-sante-le-nenuphar\/\",\"name\":\"Aquafolia - Soin AquaImunita - Spa Sant\u00e9 Le N\u00e9nuphar\",\"isPartOf\":{\"@id\":\"https:\/\/publissoft.dev\/spasante\/#website\"},\"primaryImageOfPage\":{\"@id\":\"https:\/\/publissoft.dev\/spasante\/produit\/soin-aqua-imunita-spa-sante-le-nenuphar\/#primaryimage\"},\"image\":{\"@id\":\"https:\/\/publissoft.dev\/spasante\/produit\/soin-aqua-imunita-spa-sante-le-nenuphar\/#primaryimage\"},\"thumbnailUrl\":\"https:\/\/publissoft.dev\/spasante\/wp-content\/uploads\/2022\/01\/Sans-titre-2022-11-09T135929.401.png\",\"datePublished\":\"2022-01-27T19:43:13+00:00\",\"dateModified\":\"2024-03-01T15:20:28+00:00\",\"description\":\"Soin aqua imunita - Parfait pour les peaux manquant de vitalit\u00e9, de densit\u00e9, de fermet\u00e9 et de confort. Soin du visage anti-\u00e2ge. Visitez notre site web !\",\"breadcrumb\":{\"@id\":\"https:\/\/publissoft.dev\/spasante\/produit\/soin-aqua-imunita-spa-sante-le-nenuphar\/#breadcrumb\"},\"inLanguage\":\"fr-CA\",\"potentialAction\":[{\"@type\":\"ReadAction\",\"target\":[\"https:\/\/publissoft.dev\/spasante\/produit\/soin-aqua-imunita-spa-sante-le-nenuphar\/\"]}]},{\"@type\":\"ImageObject\",\"inLanguage\":\"fr-CA\",\"@id\":\"https:\/\/publissoft.dev\/spasante\/produit\/soin-aqua-imunita-spa-sante-le-nenuphar\/#primaryimage\",\"url\":\"https:\/\/publissoft.dev\/spasante\/wp-content\/uploads\/2022\/01\/Sans-titre-2022-11-09T135929.401.png\",\"contentUrl\":\"https:\/\/publissoft.dev\/spasante\/wp-content\/uploads\/2022\/01\/Sans-titre-2022-11-09T135929.401.png\",\"width\":940,\"height\":788},{\"@type\":\"BreadcrumbList\",\"@id\":\"https:\/\/publissoft.dev\/spasante\/produit\/soin-aqua-imunita-spa-sante-le-nenuphar\/#breadcrumb\",\"itemListElement\":[{\"@type\":\"ListItem\",\"position\":1,\"name\":\"Accueil\",\"item\":\"https:\/\/publissoft.dev\/spasante\/\"},{\"@type\":\"ListItem\",\"position\":2,\"name\":\"Boutique\",\"item\":\"https:\/\/publissoft.dev\/spasante\/boutique\/\"},{\"@type\":\"ListItem\",\"position\":3,\"name\":\"Aquafolia &#8211; Soin AquaImunita\"}]},{\"@type\":\"WebSite\",\"@id\":\"https:\/\/publissoft.dev\/spasante\/#website\",\"url\":\"https:\/\/publissoft.dev\/spasante\/\",\"name\":\"Spa Sant\u00e9 Le N\u00e9nuphar\",\"description\":\"\",\"publisher\":{\"@id\":\"https:\/\/publissoft.dev\/spasante\/#organization\"},\"potentialAction\":[{\"@type\":\"SearchAction\",\"target\":{\"@type\":\"EntryPoint\",\"urlTemplate\":\"https:\/\/publissoft.dev\/spasante\/?s={search_term_string}\"},\"query-input\":\"required name=search_term_string\"}],\"inLanguage\":\"fr-CA\"},{\"@type\":\"Organization\",\"@id\":\"https:\/\/publissoft.dev\/spasante\/#organization\",\"name\":\"Spa Sant\u00e9 Le N\u00e9nuphar\",\"url\":\"https:\/\/publissoft.dev\/spasante\/\",\"logo\":{\"@type\":\"ImageObject\",\"inLanguage\":\"fr-CA\",\"@id\":\"https:\/\/publissoft.dev\/spasante\/#\/schema\/logo\/image\/\",\"url\":\"https:\/\/publissoft.dev\/spasante\/wp-content\/uploads\/2022\/11\/logo-jpg.jpeg\",\"contentUrl\":\"https:\/\/publissoft.dev\/spasante\/wp-content\/uploads\/2022\/11\/logo-jpg.jpeg\",\"width\":900,\"height\":900,\"caption\":\"Spa Sant\u00e9 Le N\u00e9nuphar\"},\"image\":{\"@id\":\"https:\/\/publissoft.dev\/spasante\/#\/schema\/logo\/image\/\"},\"sameAs\":[\"https:\/\/www.facebook.com\/SpaSanteLeNenuphar\",\"https:\/\/www.instagram.com\/spasantelenenuphar\/?hl=fr\"]}]}<\/script>\n<!-- \/ Yoast SEO plugin. -->","yoast_head_json":{"title":"Aquafolia - Soin AquaImunita - Spa Sant\u00e9 Le N\u00e9nuphar","description":"Soin aqua imunita - Parfait pour les peaux manquant de vitalit\u00e9, de densit\u00e9, de fermet\u00e9 et de confort. Soin du visage anti-\u00e2ge. Visitez notre site web !","robots":{"index":"noindex","follow":"follow","max-snippet":"max-snippet:-1","max-image-preview":"max-image-preview:large","max-video-preview":"max-video-preview:-1"},"og_locale":"fr_CA","og_type":"article","og_title":"Aquafolia - Soin AquaImunita - Spa Sant\u00e9 Le N\u00e9nuphar","og_description":"Soin aqua imunita - Parfait pour les peaux manquant de vitalit\u00e9, de densit\u00e9, de fermet\u00e9 et de confort. Soin du visage anti-\u00e2ge. Visitez notre site web !","og_url":"https:\/\/publissoft.dev\/spasante\/produit\/soin-aqua-imunita-spa-sante-le-nenuphar\/","og_site_name":"Spa Sant\u00e9 Le N\u00e9nuphar","article_publisher":"https:\/\/www.facebook.com\/SpaSanteLeNenuphar","article_modified_time":"2024-03-01T15:20:28+00:00","og_image":[{"width":940,"height":788,"url":"https:\/\/publissoft.dev\/spasante\/wp-content\/uploads\/2022\/01\/Sans-titre-2022-11-09T135929.401.png","type":"image\/png"}],"twitter_card":"summary_large_image","twitter_misc":{"Estimation du temps de lecture":"2 minutes"},"schema":{"@context":"https:\/\/schema.org","@graph":[{"@type":"WebPage","@id":"https:\/\/publissoft.dev\/spasante\/produit\/soin-aqua-imunita-spa-sante-le-nenuphar\/","url":"https:\/\/publissoft.dev\/spasante\/produit\/soin-aqua-imunita-spa-sante-le-nenuphar\/","name":"Aquafolia - Soin AquaImunita - Spa Sant\u00e9 Le N\u00e9nuphar","isPartOf":{"@id":"https:\/\/publissoft.dev\/spasante\/#website"},"primaryImageOfPage":{"@id":"https:\/\/publissoft.dev\/spasante\/produit\/soin-aqua-imunita-spa-sante-le-nenuphar\/#primaryimage"},"image":{"@id":"https:\/\/publissoft.dev\/spasante\/produit\/soin-aqua-imunita-spa-sante-le-nenuphar\/#primaryimage"},"thumbnailUrl":"https:\/\/publissoft.dev\/spasante\/wp-content\/uploads\/2022\/01\/Sans-titre-2022-11-09T135929.401.png","datePublished":"2022-01-27T19:43:13+00:00","dateModified":"2024-03-01T15:20:28+00:00","description":"Soin aqua imunita - Parfait pour les peaux manquant de vitalit\u00e9, de densit\u00e9, de fermet\u00e9 et de confort. Soin du visage anti-\u00e2ge. Visitez notre site web !","breadcrumb":{"@id":"https:\/\/publissoft.dev\/spasante\/produit\/soin-aqua-imunita-spa-sante-le-nenuphar\/#breadcrumb"},"inLanguage":"fr-CA","potentialAction":[{"@type":"ReadAction","target":["https:\/\/publissoft.dev\/spasante\/produit\/soin-aqua-imunita-spa-sante-le-nenuphar\/"]}]},{"@type":"ImageObject","inLanguage":"fr-CA","@id":"https:\/\/publissoft.dev\/spasante\/produit\/soin-aqua-imunita-spa-sante-le-nenuphar\/#primaryimage","url":"https:\/\/publissoft.dev\/spasante\/wp-content\/uploads\/2022\/01\/Sans-titre-2022-11-09T135929.401.png","contentUrl":"https:\/\/publissoft.dev\/spasante\/wp-content\/uploads\/2022\/01\/Sans-titre-2022-11-09T135929.401.png","width":940,"height":788},{"@type":"BreadcrumbList","@id":"https:\/\/publissoft.dev\/spasante\/produit\/soin-aqua-imunita-spa-sante-le-nenuphar\/#breadcrumb","itemListElement":[{"@type":"ListItem","position":1,"name":"Accueil","item":"https:\/\/publissoft.dev\/spasante\/"},{"@type":"ListItem","position":2,"name":"Boutique","item":"https:\/\/publissoft.dev\/spasante\/boutique\/"},{"@type":"ListItem","position":3,"name":"Aquafolia &#8211; Soin AquaImunita"}]},{"@type":"WebSite","@id":"https:\/\/publissoft.dev\/spasante\/#website","url":"https:\/\/publissoft.dev\/spasante\/","name":"Spa Sant\u00e9 Le N\u00e9nuphar","description":"","publisher":{"@id":"https:\/\/publissoft.dev\/spasante\/#organization"},"potentialAction":[{"@type":"SearchAction","target":{"@type":"EntryPoint","urlTemplate":"https:\/\/publissoft.dev\/spasante\/?s={search_term_string}"},"query-input":"required name=search_term_string"}],"inLanguage":"fr-CA"},{"@type":"Organization","@id":"https:\/\/publissoft.dev\/spasante\/#organization","name":"Spa Sant\u00e9 Le N\u00e9nuphar","url":"https:\/\/publissoft.dev\/spasante\/","logo":{"@type":"ImageObject","inLanguage":"fr-CA","@id":"https:\/\/publissoft.dev\/spasante\/#\/schema\/logo\/image\/","url":"https:\/\/publissoft.dev\/spasante\/wp-content\/uploads\/2022\/11\/logo-jpg.jpeg","contentUrl":"https:\/\/publissoft.dev\/spasante\/wp-content\/uploads\/2022\/11\/logo-jpg.jpeg","width":900,"height":900,"caption":"Spa Sant\u00e9 Le N\u00e9nuphar"},"image":{"@id":"https:\/\/publissoft.dev\/spasante\/#\/schema\/logo\/image\/"},"sameAs":["https:\/\/www.facebook.com\/SpaSanteLeNenuphar","https:\/\/www.instagram.com\/spasantelenenuphar\/?hl=fr"]}]}},"_links":{"self":[{"href":"https:\/\/publissoft.dev\/spasante\/wp-json\/wp\/v2\/product\/1414","targetHints":{"allow":["GET"]}}],"collection":[{"href":"https:\/\/publissoft.dev\/spasante\/wp-json\/wp\/v2\/product"}],"about":[{"href":"https:\/\/publissoft.dev\/spasante\/wp-json\/wp\/v2\/types\/product"}],"wp:featuredmedia":[{"embeddable":true,"href":"https:\/\/publissoft.dev\/spasante\/wp-json\/wp\/v2\/media\/3928"}],"wp:attachment":[{"href":"https:\/\/publissoft.dev\/spasante\/wp-json\/wp\/v2\/media?parent=1414"}],"wp:term":[{"taxonomy":"product_cat","embeddable":true,"href":"https:\/\/publissoft.dev\/spasante\/wp-json\/wp\/v2\/product_cat?post=1414"},{"taxonomy":"product_tag","embeddable":true,"href":"https:\/\/publissoft.dev\/spasante\/wp-json\/wp\/v2\/product_tag?post=1414"},{"taxonomy":"giftcard-category","embeddable":true,"href":"https:\/\/publissoft.dev\/spasante\/wp-json\/wp\/v2\/giftcard-category?post=1414"}],"curies":[{"name":"wp","href":"https:\/\/api.w.org\/{rel}","templated":true}]}}