{"id":1417,"date":"2022-01-27T14:43:15","date_gmt":"2022-01-27T19:43:15","guid":{"rendered":"https:\/\/publissoft.dev\/spasante\/produit\/soin-aquaunde\/"},"modified":"2024-03-01T10:17:04","modified_gmt":"2024-03-01T15:17:04","slug":"soin-aquaunde-spa-sante-le-nenuphar","status":"publish","type":"product","link":"https:\/\/publissoft.dev\/spasante\/produit\/soin-aquaunde-spa-sante-le-nenuphar\/","title":{"rendered":"Aquafolia &#8211; Soin AquaUnde"},"content":{"rendered":"<div data-mce-fragment=\"1\"><span data-mce-fragment=\"1\">D\u00e9couvrez AquaUNDE!<\/span><\/div>\n<div data-mce-fragment=\"1\"><\/div>\n<div data-mce-fragment=\"1\"><span data-mce-fragment=\"1\">Soin du visage qui renverse les signes visibles du temps.<\/span><\/div>\n<div data-mce-fragment=\"1\"><\/div>\n<div data-mce-fragment=\"1\"><span data-mce-fragment=\"1\">Avec AquaUNDE, le mot lumineux retrouve son sens. Procurant\u00a0des r\u00e9sultats imm\u00e9diats et de longue dur\u00e9e, les taches pigmentaires seront diminu\u00e9es\u00a0sans irritation.<\/span><\/div>\n<div data-mce-fragment=\"1\">\n<p data-mce-fragment=\"1\"><span data-mce-fragment=\"1\">La peau est radieuse et \u00e9clatante. Les rides\u00a0et ridules\u00a0visiblement liss\u00e9es.\u00a0Ce soin\u00a0r\u00e9tablit l&#8217;hydratation et est sp\u00e9cialement con\u00e7u pour redonner \u00e0 la peau une apparence saine, radieuse et \u00e9clatante.<\/span><\/p>\n<p data-mce-fragment=\"1\"><span data-mce-fragment=\"1\">Nouvelle approche dans la lutte contre les signes visibles du vieillissement cutan\u00e9,<\/span><\/p>\n<p data-mce-fragment=\"1\"><span data-mce-fragment=\"1\">Aquafolia innove un soin du visage intelligent et performant qui diminuent visiblement les rides et les ridules et qui r\u00e9duisent l\u2019apparence des taches pigmentaires.<\/span><\/p>\n<p data-mce-fragment=\"1\"><span data-mce-fragment=\"1\">Beaucoup d\u2019approches sur le march\u00e9 sont irritantes et peuvent provoquer de l\u2019intol\u00e9rance.<\/span><\/p>\n<p data-mce-fragment=\"1\"><span data-mce-fragment=\"1\">Avec le concept Aquaunde d&#8217;Aquafolia, les produits sont non-irritants et non-photosensibilisants et diminue l\u2019apparence des taches pigmentaires tout en respectant l\u2019int\u00e9grit\u00e9 de la peau.<\/span><\/p>\n<p data-mce-fragment=\"1\"><span data-mce-fragment=\"1\">Dur\u00e9e : 1h30 minutes<\/span><\/p>\n<\/div>\n","protected":false},"excerpt":{"rendered":"<p>D\u00e9couvrez AquaUNDE! Soin du visage qui renverse les signes visibles du temps. Avec AquaUNDE, le mot lumineux retrouve son sens. Procurant\u00a0des r\u00e9sultats imm\u00e9diats et de longue dur\u00e9e, les taches pigmentaires seront diminu\u00e9es\u00a0sans irritation. La peau est radieuse et \u00e9clatante. Les rides\u00a0et ridules\u00a0visiblement liss\u00e9es.\u00a0Ce soin\u00a0r\u00e9tablit l&#8217;hydratation et est sp\u00e9cialement con\u00e7u pour redonner \u00e0 la peau une &hellip;<\/p>\n","protected":false},"featured_media":3928,"template":"","meta":{"_acf_changed":false,"_genesis_hide_title":false,"_genesis_hide_breadcrumbs":false,"_genesis_hide_singular_image":false,"_genesis_hide_footer_widgets":false,"_genesis_custom_body_class":"","_genesis_custom_post_class":"","_genesis_layout":""},"product_cat":[53,61,43],"product_tag":[],"giftcard-category":[],"class_list":{"0":"post-1417","1":"product","2":"type-product","3":"status-publish","4":"has-post-thumbnail","6":"product_cat-gift-card","7":"product_cat-aquafolia-soins","8":"product_cat-soins","9":"entry","11":"first","12":"instock","13":"virtual","14":"taxable","15":"purchasable","16":"product-type-simple"},"acf":[],"yoast_head":"<!-- This site is optimized with the Yoast SEO plugin v22.5 - https:\/\/yoast.com\/wordpress\/plugins\/seo\/ -->\n<title>Aquafolia - Soin AquaUnde - Spa Sant\u00e9 Le N\u00e9nuphar<\/title>\n<meta name=\"description\" content=\"Soin aquaunde - Le traitement restaure l&#039;hydratation et est sp\u00e9cialement con\u00e7u pour donner \u00e0 la peau un aspect sain, radieux et \u00e9clatant. Visitez-nous !\" \/>\n<meta name=\"robots\" content=\"noindex, follow, max-snippet:-1, max-image-preview:large, max-video-preview:-1\" \/>\n<meta property=\"og:locale\" content=\"fr_CA\" \/>\n<meta property=\"og:type\" content=\"article\" \/>\n<meta property=\"og:title\" content=\"Aquafolia - Soin AquaUnde - Spa Sant\u00e9 Le N\u00e9nuphar\" \/>\n<meta property=\"og:description\" content=\"Soin aquaunde - Le traitement restaure l&#039;hydratation et est sp\u00e9cialement con\u00e7u pour donner \u00e0 la peau un aspect sain, radieux et \u00e9clatant. Visitez-nous !\" \/>\n<meta property=\"og:url\" content=\"https:\/\/publissoft.dev\/spasante\/produit\/soin-aquaunde-spa-sante-le-nenuphar\/\" \/>\n<meta property=\"og:site_name\" content=\"Spa Sant\u00e9 Le N\u00e9nuphar\" \/>\n<meta property=\"article:publisher\" content=\"https:\/\/www.facebook.com\/SpaSanteLeNenuphar\" \/>\n<meta property=\"article:modified_time\" content=\"2024-03-01T15:17:04+00:00\" \/>\n<meta property=\"og:image\" content=\"https:\/\/publissoft.dev\/spasante\/wp-content\/uploads\/2022\/01\/Sans-titre-2022-11-09T135929.401.png\" \/>\n\t<meta property=\"og:image:width\" content=\"940\" \/>\n\t<meta property=\"og:image:height\" content=\"788\" \/>\n\t<meta property=\"og:image:type\" content=\"image\/png\" \/>\n<meta name=\"twitter:card\" content=\"summary_large_image\" \/>\n<meta name=\"twitter:label1\" content=\"Estimation du temps de lecture\" \/>\n\t<meta name=\"twitter:data1\" content=\"1 minute\" \/>\n<script type=\"application\/ld+json\" class=\"yoast-schema-graph\">{\"@context\":\"https:\/\/schema.org\",\"@graph\":[{\"@type\":\"WebPage\",\"@id\":\"https:\/\/publissoft.dev\/spasante\/produit\/soin-aquaunde-spa-sante-le-nenuphar\/\",\"url\":\"https:\/\/publissoft.dev\/spasante\/produit\/soin-aquaunde-spa-sante-le-nenuphar\/\",\"name\":\"Aquafolia - Soin AquaUnde - Spa Sant\u00e9 Le N\u00e9nuphar\",\"isPartOf\":{\"@id\":\"https:\/\/publissoft.dev\/spasante\/#website\"},\"primaryImageOfPage\":{\"@id\":\"https:\/\/publissoft.dev\/spasante\/produit\/soin-aquaunde-spa-sante-le-nenuphar\/#primaryimage\"},\"image\":{\"@id\":\"https:\/\/publissoft.dev\/spasante\/produit\/soin-aquaunde-spa-sante-le-nenuphar\/#primaryimage\"},\"thumbnailUrl\":\"https:\/\/publissoft.dev\/spasante\/wp-content\/uploads\/2022\/01\/Sans-titre-2022-11-09T135929.401.png\",\"datePublished\":\"2022-01-27T19:43:15+00:00\",\"dateModified\":\"2024-03-01T15:17:04+00:00\",\"description\":\"Soin aquaunde - Le traitement restaure l'hydratation et est sp\u00e9cialement con\u00e7u pour donner \u00e0 la peau un aspect sain, radieux et \u00e9clatant. Visitez-nous !\",\"breadcrumb\":{\"@id\":\"https:\/\/publissoft.dev\/spasante\/produit\/soin-aquaunde-spa-sante-le-nenuphar\/#breadcrumb\"},\"inLanguage\":\"fr-CA\",\"potentialAction\":[{\"@type\":\"ReadAction\",\"target\":[\"https:\/\/publissoft.dev\/spasante\/produit\/soin-aquaunde-spa-sante-le-nenuphar\/\"]}]},{\"@type\":\"ImageObject\",\"inLanguage\":\"fr-CA\",\"@id\":\"https:\/\/publissoft.dev\/spasante\/produit\/soin-aquaunde-spa-sante-le-nenuphar\/#primaryimage\",\"url\":\"https:\/\/publissoft.dev\/spasante\/wp-content\/uploads\/2022\/01\/Sans-titre-2022-11-09T135929.401.png\",\"contentUrl\":\"https:\/\/publissoft.dev\/spasante\/wp-content\/uploads\/2022\/01\/Sans-titre-2022-11-09T135929.401.png\",\"width\":940,\"height\":788},{\"@type\":\"BreadcrumbList\",\"@id\":\"https:\/\/publissoft.dev\/spasante\/produit\/soin-aquaunde-spa-sante-le-nenuphar\/#breadcrumb\",\"itemListElement\":[{\"@type\":\"ListItem\",\"position\":1,\"name\":\"Accueil\",\"item\":\"https:\/\/publissoft.dev\/spasante\/\"},{\"@type\":\"ListItem\",\"position\":2,\"name\":\"Boutique\",\"item\":\"https:\/\/publissoft.dev\/spasante\/boutique\/\"},{\"@type\":\"ListItem\",\"position\":3,\"name\":\"Aquafolia &#8211; Soin AquaUnde\"}]},{\"@type\":\"WebSite\",\"@id\":\"https:\/\/publissoft.dev\/spasante\/#website\",\"url\":\"https:\/\/publissoft.dev\/spasante\/\",\"name\":\"Spa Sant\u00e9 Le N\u00e9nuphar\",\"description\":\"\",\"publisher\":{\"@id\":\"https:\/\/publissoft.dev\/spasante\/#organization\"},\"potentialAction\":[{\"@type\":\"SearchAction\",\"target\":{\"@type\":\"EntryPoint\",\"urlTemplate\":\"https:\/\/publissoft.dev\/spasante\/?s={search_term_string}\"},\"query-input\":\"required name=search_term_string\"}],\"inLanguage\":\"fr-CA\"},{\"@type\":\"Organization\",\"@id\":\"https:\/\/publissoft.dev\/spasante\/#organization\",\"name\":\"Spa Sant\u00e9 Le N\u00e9nuphar\",\"url\":\"https:\/\/publissoft.dev\/spasante\/\",\"logo\":{\"@type\":\"ImageObject\",\"inLanguage\":\"fr-CA\",\"@id\":\"https:\/\/publissoft.dev\/spasante\/#\/schema\/logo\/image\/\",\"url\":\"https:\/\/publissoft.dev\/spasante\/wp-content\/uploads\/2022\/11\/logo-jpg.jpeg\",\"contentUrl\":\"https:\/\/publissoft.dev\/spasante\/wp-content\/uploads\/2022\/11\/logo-jpg.jpeg\",\"width\":900,\"height\":900,\"caption\":\"Spa Sant\u00e9 Le N\u00e9nuphar\"},\"image\":{\"@id\":\"https:\/\/publissoft.dev\/spasante\/#\/schema\/logo\/image\/\"},\"sameAs\":[\"https:\/\/www.facebook.com\/SpaSanteLeNenuphar\",\"https:\/\/www.instagram.com\/spasantelenenuphar\/?hl=fr\"]}]}<\/script>\n<!-- \/ Yoast SEO plugin. -->","yoast_head_json":{"title":"Aquafolia - Soin AquaUnde - Spa Sant\u00e9 Le N\u00e9nuphar","description":"Soin aquaunde - Le traitement restaure l'hydratation et est sp\u00e9cialement con\u00e7u pour donner \u00e0 la peau un aspect sain, radieux et \u00e9clatant. Visitez-nous !","robots":{"index":"noindex","follow":"follow","max-snippet":"max-snippet:-1","max-image-preview":"max-image-preview:large","max-video-preview":"max-video-preview:-1"},"og_locale":"fr_CA","og_type":"article","og_title":"Aquafolia - Soin AquaUnde - Spa Sant\u00e9 Le N\u00e9nuphar","og_description":"Soin aquaunde - Le traitement restaure l'hydratation et est sp\u00e9cialement con\u00e7u pour donner \u00e0 la peau un aspect sain, radieux et \u00e9clatant. Visitez-nous !","og_url":"https:\/\/publissoft.dev\/spasante\/produit\/soin-aquaunde-spa-sante-le-nenuphar\/","og_site_name":"Spa Sant\u00e9 Le N\u00e9nuphar","article_publisher":"https:\/\/www.facebook.com\/SpaSanteLeNenuphar","article_modified_time":"2024-03-01T15:17:04+00:00","og_image":[{"width":940,"height":788,"url":"https:\/\/publissoft.dev\/spasante\/wp-content\/uploads\/2022\/01\/Sans-titre-2022-11-09T135929.401.png","type":"image\/png"}],"twitter_card":"summary_large_image","twitter_misc":{"Estimation du temps de lecture":"1 minute"},"schema":{"@context":"https:\/\/schema.org","@graph":[{"@type":"WebPage","@id":"https:\/\/publissoft.dev\/spasante\/produit\/soin-aquaunde-spa-sante-le-nenuphar\/","url":"https:\/\/publissoft.dev\/spasante\/produit\/soin-aquaunde-spa-sante-le-nenuphar\/","name":"Aquafolia - Soin AquaUnde - Spa Sant\u00e9 Le N\u00e9nuphar","isPartOf":{"@id":"https:\/\/publissoft.dev\/spasante\/#website"},"primaryImageOfPage":{"@id":"https:\/\/publissoft.dev\/spasante\/produit\/soin-aquaunde-spa-sante-le-nenuphar\/#primaryimage"},"image":{"@id":"https:\/\/publissoft.dev\/spasante\/produit\/soin-aquaunde-spa-sante-le-nenuphar\/#primaryimage"},"thumbnailUrl":"https:\/\/publissoft.dev\/spasante\/wp-content\/uploads\/2022\/01\/Sans-titre-2022-11-09T135929.401.png","datePublished":"2022-01-27T19:43:15+00:00","dateModified":"2024-03-01T15:17:04+00:00","description":"Soin aquaunde - Le traitement restaure l'hydratation et est sp\u00e9cialement con\u00e7u pour donner \u00e0 la peau un aspect sain, radieux et \u00e9clatant. Visitez-nous !","breadcrumb":{"@id":"https:\/\/publissoft.dev\/spasante\/produit\/soin-aquaunde-spa-sante-le-nenuphar\/#breadcrumb"},"inLanguage":"fr-CA","potentialAction":[{"@type":"ReadAction","target":["https:\/\/publissoft.dev\/spasante\/produit\/soin-aquaunde-spa-sante-le-nenuphar\/"]}]},{"@type":"ImageObject","inLanguage":"fr-CA","@id":"https:\/\/publissoft.dev\/spasante\/produit\/soin-aquaunde-spa-sante-le-nenuphar\/#primaryimage","url":"https:\/\/publissoft.dev\/spasante\/wp-content\/uploads\/2022\/01\/Sans-titre-2022-11-09T135929.401.png","contentUrl":"https:\/\/publissoft.dev\/spasante\/wp-content\/uploads\/2022\/01\/Sans-titre-2022-11-09T135929.401.png","width":940,"height":788},{"@type":"BreadcrumbList","@id":"https:\/\/publissoft.dev\/spasante\/produit\/soin-aquaunde-spa-sante-le-nenuphar\/#breadcrumb","itemListElement":[{"@type":"ListItem","position":1,"name":"Accueil","item":"https:\/\/publissoft.dev\/spasante\/"},{"@type":"ListItem","position":2,"name":"Boutique","item":"https:\/\/publissoft.dev\/spasante\/boutique\/"},{"@type":"ListItem","position":3,"name":"Aquafolia &#8211; Soin AquaUnde"}]},{"@type":"WebSite","@id":"https:\/\/publissoft.dev\/spasante\/#website","url":"https:\/\/publissoft.dev\/spasante\/","name":"Spa Sant\u00e9 Le N\u00e9nuphar","description":"","publisher":{"@id":"https:\/\/publissoft.dev\/spasante\/#organization"},"potentialAction":[{"@type":"SearchAction","target":{"@type":"EntryPoint","urlTemplate":"https:\/\/publissoft.dev\/spasante\/?s={search_term_string}"},"query-input":"required name=search_term_string"}],"inLanguage":"fr-CA"},{"@type":"Organization","@id":"https:\/\/publissoft.dev\/spasante\/#organization","name":"Spa Sant\u00e9 Le N\u00e9nuphar","url":"https:\/\/publissoft.dev\/spasante\/","logo":{"@type":"ImageObject","inLanguage":"fr-CA","@id":"https:\/\/publissoft.dev\/spasante\/#\/schema\/logo\/image\/","url":"https:\/\/publissoft.dev\/spasante\/wp-content\/uploads\/2022\/11\/logo-jpg.jpeg","contentUrl":"https:\/\/publissoft.dev\/spasante\/wp-content\/uploads\/2022\/11\/logo-jpg.jpeg","width":900,"height":900,"caption":"Spa Sant\u00e9 Le N\u00e9nuphar"},"image":{"@id":"https:\/\/publissoft.dev\/spasante\/#\/schema\/logo\/image\/"},"sameAs":["https:\/\/www.facebook.com\/SpaSanteLeNenuphar","https:\/\/www.instagram.com\/spasantelenenuphar\/?hl=fr"]}]}},"_links":{"self":[{"href":"https:\/\/publissoft.dev\/spasante\/wp-json\/wp\/v2\/product\/1417","targetHints":{"allow":["GET"]}}],"collection":[{"href":"https:\/\/publissoft.dev\/spasante\/wp-json\/wp\/v2\/product"}],"about":[{"href":"https:\/\/publissoft.dev\/spasante\/wp-json\/wp\/v2\/types\/product"}],"wp:featuredmedia":[{"embeddable":true,"href":"https:\/\/publissoft.dev\/spasante\/wp-json\/wp\/v2\/media\/3928"}],"wp:attachment":[{"href":"https:\/\/publissoft.dev\/spasante\/wp-json\/wp\/v2\/media?parent=1417"}],"wp:term":[{"taxonomy":"product_cat","embeddable":true,"href":"https:\/\/publissoft.dev\/spasante\/wp-json\/wp\/v2\/product_cat?post=1417"},{"taxonomy":"product_tag","embeddable":true,"href":"https:\/\/publissoft.dev\/spasante\/wp-json\/wp\/v2\/product_tag?post=1417"},{"taxonomy":"giftcard-category","embeddable":true,"href":"https:\/\/publissoft.dev\/spasante\/wp-json\/wp\/v2\/giftcard-category?post=1417"}],"curies":[{"name":"wp","href":"https:\/\/api.w.org\/{rel}","templated":true}]}}