{"id":1438,"date":"2022-01-27T14:43:33","date_gmt":"2022-01-27T19:43:33","guid":{"rendered":"https:\/\/publissoft.dev\/spasante\/produit\/soin-express-bienfait-des-yeux-en-complement-avec-soin-du-visage-de-votre-choix\/"},"modified":"2023-11-01T08:23:32","modified_gmt":"2023-11-01T12:23:32","slug":"soin-express-bienfait-des-yeux-spa-sante-le-nenuphar","status":"publish","type":"product","link":"https:\/\/publissoft.dev\/spasante\/produit\/soin-express-bienfait-des-yeux-spa-sante-le-nenuphar\/","title":{"rendered":"Dr. Renaud &#8211; Soin express bienfait des yeux"},"content":{"rendered":"<p data-mce-fragment=\"1\"><u data-mce-fragment=\"1\"><strong data-mce-fragment=\"1\">Le soin Express Bienfaits des yeux Flash Beaut\u00e9<\/strong><\/u><\/p>\n<p data-mce-fragment=\"1\">Traitement activateur Contour des Yeux anti-\u00e2ge, anti-cernes, anti-poches<\/p>\n<p data-mce-fragment=\"1\">Sp\u00e9cialement con\u00e7u pour pr\u00e9venir et att\u00e9nuer les signes de vieillissement pr\u00e9matur\u00e9 du contour de l\u2019\u0153il, Bienfaits des yeux devrait id\u00e9alement \u00eatre utilis\u00e9 d\u00e8s l\u2019apparition des premi\u00e8res rides.<\/p>\n<p data-mce-fragment=\"1\">Indications :<\/p>\n<p data-mce-fragment=\"1\">Il convient tout particuli\u00e8rement au soin du contour des yeux des personnes \u00e0 la peau d\u00e9shydrat\u00e9e en profondeur, dite vieillissante.<\/p>\n<p data-mce-fragment=\"1\">Il est \u00e9galement recommand\u00e9 pour toute personne pr\u00e9sentant des cernes et\/ou des poches sous les yeux.<\/p>\n","protected":false},"excerpt":{"rendered":"<p>Le soin Express Bienfaits des yeux Flash Beaut\u00e9 Traitement activateur Contour des Yeux anti-\u00e2ge, anti-cernes, anti-poches Sp\u00e9cialement con\u00e7u pour pr\u00e9venir et att\u00e9nuer les signes de vieillissement pr\u00e9matur\u00e9 du contour de l\u2019\u0153il, Bienfaits des yeux devrait id\u00e9alement \u00eatre utilis\u00e9 d\u00e8s l\u2019apparition des premi\u00e8res rides. Indications : Il convient tout particuli\u00e8rement au soin du contour des yeux &hellip;<\/p>\n","protected":false},"featured_media":1457,"template":"","meta":{"_acf_changed":false,"_genesis_hide_title":false,"_genesis_hide_breadcrumbs":false,"_genesis_hide_singular_image":false,"_genesis_hide_footer_widgets":false,"_genesis_custom_body_class":"","_genesis_custom_post_class":"","_genesis_layout":""},"product_cat":[53,62,43],"product_tag":[],"giftcard-category":[],"class_list":{"0":"post-1438","1":"product","2":"type-product","3":"status-publish","4":"has-post-thumbnail","6":"product_cat-gift-card","7":"product_cat-dr-renaud-soins","8":"product_cat-soins","9":"entry","11":"first","12":"instock","13":"taxable","14":"shipping-taxable","15":"purchasable","16":"product-type-simple"},"acf":[],"yoast_head":"<!-- This site is optimized with the Yoast SEO plugin v22.5 - https:\/\/yoast.com\/wordpress\/plugins\/seo\/ -->\n<title>Dr. Renaud - Soin express bienfait des yeux - Spa Sant\u00e9 Le N\u00e9nuphar<\/title>\n<meta name=\"description\" content=\"Soin express bienfait des yeux - en compl\u00e9ment avec soin du visage de votre choix - Pour r\u00e9duire les signes de vieillissement autour des yeux. Cliquez ici !\" \/>\n<meta name=\"robots\" content=\"noindex, follow, max-snippet:-1, max-image-preview:large, max-video-preview:-1\" \/>\n<meta property=\"og:locale\" content=\"fr_CA\" \/>\n<meta property=\"og:type\" content=\"article\" \/>\n<meta property=\"og:title\" content=\"Dr. Renaud - Soin express bienfait des yeux - Spa Sant\u00e9 Le N\u00e9nuphar\" \/>\n<meta property=\"og:description\" content=\"Soin express bienfait des yeux - en compl\u00e9ment avec soin du visage de votre choix - Pour r\u00e9duire les signes de vieillissement autour des yeux. Cliquez ici !\" \/>\n<meta property=\"og:url\" content=\"https:\/\/publissoft.dev\/spasante\/produit\/soin-express-bienfait-des-yeux-spa-sante-le-nenuphar\/\" \/>\n<meta property=\"og:site_name\" content=\"Spa Sant\u00e9 Le N\u00e9nuphar\" \/>\n<meta property=\"article:publisher\" content=\"https:\/\/www.facebook.com\/SpaSanteLeNenuphar\" \/>\n<meta property=\"article:modified_time\" content=\"2023-11-01T12:23:32+00:00\" \/>\n<meta property=\"og:image\" content=\"https:\/\/publissoft.dev\/spasante\/wp-content\/uploads\/2022\/01\/Soinexpressbienfaitdesyeux-encomplementavecsoinduvisagedevotrechoix.jpg\" \/>\n\t<meta property=\"og:image:width\" content=\"500\" \/>\n\t<meta property=\"og:image:height\" content=\"600\" \/>\n\t<meta property=\"og:image:type\" content=\"image\/jpeg\" \/>\n<meta name=\"twitter:card\" content=\"summary_large_image\" \/>\n<meta name=\"twitter:label1\" content=\"Estimation du temps de lecture\" \/>\n\t<meta name=\"twitter:data1\" content=\"1 minute\" \/>\n<script type=\"application\/ld+json\" class=\"yoast-schema-graph\">{\"@context\":\"https:\/\/schema.org\",\"@graph\":[{\"@type\":\"WebPage\",\"@id\":\"https:\/\/publissoft.dev\/spasante\/produit\/soin-express-bienfait-des-yeux-spa-sante-le-nenuphar\/\",\"url\":\"https:\/\/publissoft.dev\/spasante\/produit\/soin-express-bienfait-des-yeux-spa-sante-le-nenuphar\/\",\"name\":\"Dr. Renaud - Soin express bienfait des yeux - Spa Sant\u00e9 Le N\u00e9nuphar\",\"isPartOf\":{\"@id\":\"https:\/\/publissoft.dev\/spasante\/#website\"},\"primaryImageOfPage\":{\"@id\":\"https:\/\/publissoft.dev\/spasante\/produit\/soin-express-bienfait-des-yeux-spa-sante-le-nenuphar\/#primaryimage\"},\"image\":{\"@id\":\"https:\/\/publissoft.dev\/spasante\/produit\/soin-express-bienfait-des-yeux-spa-sante-le-nenuphar\/#primaryimage\"},\"thumbnailUrl\":\"https:\/\/publissoft.dev\/spasante\/wp-content\/uploads\/2022\/01\/Soinexpressbienfaitdesyeux-encomplementavecsoinduvisagedevotrechoix.jpg\",\"datePublished\":\"2022-01-27T19:43:33+00:00\",\"dateModified\":\"2023-11-01T12:23:32+00:00\",\"description\":\"Soin express bienfait des yeux - en compl\u00e9ment avec soin du visage de votre choix - Pour r\u00e9duire les signes de vieillissement autour des yeux. Cliquez ici !\",\"breadcrumb\":{\"@id\":\"https:\/\/publissoft.dev\/spasante\/produit\/soin-express-bienfait-des-yeux-spa-sante-le-nenuphar\/#breadcrumb\"},\"inLanguage\":\"fr-CA\",\"potentialAction\":[{\"@type\":\"ReadAction\",\"target\":[\"https:\/\/publissoft.dev\/spasante\/produit\/soin-express-bienfait-des-yeux-spa-sante-le-nenuphar\/\"]}]},{\"@type\":\"ImageObject\",\"inLanguage\":\"fr-CA\",\"@id\":\"https:\/\/publissoft.dev\/spasante\/produit\/soin-express-bienfait-des-yeux-spa-sante-le-nenuphar\/#primaryimage\",\"url\":\"https:\/\/publissoft.dev\/spasante\/wp-content\/uploads\/2022\/01\/Soinexpressbienfaitdesyeux-encomplementavecsoinduvisagedevotrechoix.jpg\",\"contentUrl\":\"https:\/\/publissoft.dev\/spasante\/wp-content\/uploads\/2022\/01\/Soinexpressbienfaitdesyeux-encomplementavecsoinduvisagedevotrechoix.jpg\",\"width\":500,\"height\":600},{\"@type\":\"BreadcrumbList\",\"@id\":\"https:\/\/publissoft.dev\/spasante\/produit\/soin-express-bienfait-des-yeux-spa-sante-le-nenuphar\/#breadcrumb\",\"itemListElement\":[{\"@type\":\"ListItem\",\"position\":1,\"name\":\"Accueil\",\"item\":\"https:\/\/publissoft.dev\/spasante\/\"},{\"@type\":\"ListItem\",\"position\":2,\"name\":\"Boutique\",\"item\":\"https:\/\/publissoft.dev\/spasante\/boutique\/\"},{\"@type\":\"ListItem\",\"position\":3,\"name\":\"Dr. Renaud &#8211; Soin express bienfait des yeux\"}]},{\"@type\":\"WebSite\",\"@id\":\"https:\/\/publissoft.dev\/spasante\/#website\",\"url\":\"https:\/\/publissoft.dev\/spasante\/\",\"name\":\"Spa Sant\u00e9 Le N\u00e9nuphar\",\"description\":\"\",\"publisher\":{\"@id\":\"https:\/\/publissoft.dev\/spasante\/#organization\"},\"potentialAction\":[{\"@type\":\"SearchAction\",\"target\":{\"@type\":\"EntryPoint\",\"urlTemplate\":\"https:\/\/publissoft.dev\/spasante\/?s={search_term_string}\"},\"query-input\":\"required name=search_term_string\"}],\"inLanguage\":\"fr-CA\"},{\"@type\":\"Organization\",\"@id\":\"https:\/\/publissoft.dev\/spasante\/#organization\",\"name\":\"Spa Sant\u00e9 Le N\u00e9nuphar\",\"url\":\"https:\/\/publissoft.dev\/spasante\/\",\"logo\":{\"@type\":\"ImageObject\",\"inLanguage\":\"fr-CA\",\"@id\":\"https:\/\/publissoft.dev\/spasante\/#\/schema\/logo\/image\/\",\"url\":\"https:\/\/publissoft.dev\/spasante\/wp-content\/uploads\/2022\/11\/logo-jpg.jpeg\",\"contentUrl\":\"https:\/\/publissoft.dev\/spasante\/wp-content\/uploads\/2022\/11\/logo-jpg.jpeg\",\"width\":900,\"height\":900,\"caption\":\"Spa Sant\u00e9 Le N\u00e9nuphar\"},\"image\":{\"@id\":\"https:\/\/publissoft.dev\/spasante\/#\/schema\/logo\/image\/\"},\"sameAs\":[\"https:\/\/www.facebook.com\/SpaSanteLeNenuphar\",\"https:\/\/www.instagram.com\/spasantelenenuphar\/?hl=fr\"]}]}<\/script>\n<!-- \/ Yoast SEO plugin. -->","yoast_head_json":{"title":"Dr. Renaud - Soin express bienfait des yeux - Spa Sant\u00e9 Le N\u00e9nuphar","description":"Soin express bienfait des yeux - en compl\u00e9ment avec soin du visage de votre choix - Pour r\u00e9duire les signes de vieillissement autour des yeux. Cliquez ici !","robots":{"index":"noindex","follow":"follow","max-snippet":"max-snippet:-1","max-image-preview":"max-image-preview:large","max-video-preview":"max-video-preview:-1"},"og_locale":"fr_CA","og_type":"article","og_title":"Dr. Renaud - Soin express bienfait des yeux - Spa Sant\u00e9 Le N\u00e9nuphar","og_description":"Soin express bienfait des yeux - en compl\u00e9ment avec soin du visage de votre choix - Pour r\u00e9duire les signes de vieillissement autour des yeux. Cliquez ici !","og_url":"https:\/\/publissoft.dev\/spasante\/produit\/soin-express-bienfait-des-yeux-spa-sante-le-nenuphar\/","og_site_name":"Spa Sant\u00e9 Le N\u00e9nuphar","article_publisher":"https:\/\/www.facebook.com\/SpaSanteLeNenuphar","article_modified_time":"2023-11-01T12:23:32+00:00","og_image":[{"width":500,"height":600,"url":"https:\/\/publissoft.dev\/spasante\/wp-content\/uploads\/2022\/01\/Soinexpressbienfaitdesyeux-encomplementavecsoinduvisagedevotrechoix.jpg","type":"image\/jpeg"}],"twitter_card":"summary_large_image","twitter_misc":{"Estimation du temps de lecture":"1 minute"},"schema":{"@context":"https:\/\/schema.org","@graph":[{"@type":"WebPage","@id":"https:\/\/publissoft.dev\/spasante\/produit\/soin-express-bienfait-des-yeux-spa-sante-le-nenuphar\/","url":"https:\/\/publissoft.dev\/spasante\/produit\/soin-express-bienfait-des-yeux-spa-sante-le-nenuphar\/","name":"Dr. Renaud - Soin express bienfait des yeux - Spa Sant\u00e9 Le N\u00e9nuphar","isPartOf":{"@id":"https:\/\/publissoft.dev\/spasante\/#website"},"primaryImageOfPage":{"@id":"https:\/\/publissoft.dev\/spasante\/produit\/soin-express-bienfait-des-yeux-spa-sante-le-nenuphar\/#primaryimage"},"image":{"@id":"https:\/\/publissoft.dev\/spasante\/produit\/soin-express-bienfait-des-yeux-spa-sante-le-nenuphar\/#primaryimage"},"thumbnailUrl":"https:\/\/publissoft.dev\/spasante\/wp-content\/uploads\/2022\/01\/Soinexpressbienfaitdesyeux-encomplementavecsoinduvisagedevotrechoix.jpg","datePublished":"2022-01-27T19:43:33+00:00","dateModified":"2023-11-01T12:23:32+00:00","description":"Soin express bienfait des yeux - en compl\u00e9ment avec soin du visage de votre choix - Pour r\u00e9duire les signes de vieillissement autour des yeux. Cliquez ici !","breadcrumb":{"@id":"https:\/\/publissoft.dev\/spasante\/produit\/soin-express-bienfait-des-yeux-spa-sante-le-nenuphar\/#breadcrumb"},"inLanguage":"fr-CA","potentialAction":[{"@type":"ReadAction","target":["https:\/\/publissoft.dev\/spasante\/produit\/soin-express-bienfait-des-yeux-spa-sante-le-nenuphar\/"]}]},{"@type":"ImageObject","inLanguage":"fr-CA","@id":"https:\/\/publissoft.dev\/spasante\/produit\/soin-express-bienfait-des-yeux-spa-sante-le-nenuphar\/#primaryimage","url":"https:\/\/publissoft.dev\/spasante\/wp-content\/uploads\/2022\/01\/Soinexpressbienfaitdesyeux-encomplementavecsoinduvisagedevotrechoix.jpg","contentUrl":"https:\/\/publissoft.dev\/spasante\/wp-content\/uploads\/2022\/01\/Soinexpressbienfaitdesyeux-encomplementavecsoinduvisagedevotrechoix.jpg","width":500,"height":600},{"@type":"BreadcrumbList","@id":"https:\/\/publissoft.dev\/spasante\/produit\/soin-express-bienfait-des-yeux-spa-sante-le-nenuphar\/#breadcrumb","itemListElement":[{"@type":"ListItem","position":1,"name":"Accueil","item":"https:\/\/publissoft.dev\/spasante\/"},{"@type":"ListItem","position":2,"name":"Boutique","item":"https:\/\/publissoft.dev\/spasante\/boutique\/"},{"@type":"ListItem","position":3,"name":"Dr. Renaud &#8211; Soin express bienfait des yeux"}]},{"@type":"WebSite","@id":"https:\/\/publissoft.dev\/spasante\/#website","url":"https:\/\/publissoft.dev\/spasante\/","name":"Spa Sant\u00e9 Le N\u00e9nuphar","description":"","publisher":{"@id":"https:\/\/publissoft.dev\/spasante\/#organization"},"potentialAction":[{"@type":"SearchAction","target":{"@type":"EntryPoint","urlTemplate":"https:\/\/publissoft.dev\/spasante\/?s={search_term_string}"},"query-input":"required name=search_term_string"}],"inLanguage":"fr-CA"},{"@type":"Organization","@id":"https:\/\/publissoft.dev\/spasante\/#organization","name":"Spa Sant\u00e9 Le N\u00e9nuphar","url":"https:\/\/publissoft.dev\/spasante\/","logo":{"@type":"ImageObject","inLanguage":"fr-CA","@id":"https:\/\/publissoft.dev\/spasante\/#\/schema\/logo\/image\/","url":"https:\/\/publissoft.dev\/spasante\/wp-content\/uploads\/2022\/11\/logo-jpg.jpeg","contentUrl":"https:\/\/publissoft.dev\/spasante\/wp-content\/uploads\/2022\/11\/logo-jpg.jpeg","width":900,"height":900,"caption":"Spa Sant\u00e9 Le N\u00e9nuphar"},"image":{"@id":"https:\/\/publissoft.dev\/spasante\/#\/schema\/logo\/image\/"},"sameAs":["https:\/\/www.facebook.com\/SpaSanteLeNenuphar","https:\/\/www.instagram.com\/spasantelenenuphar\/?hl=fr"]}]}},"_links":{"self":[{"href":"https:\/\/publissoft.dev\/spasante\/wp-json\/wp\/v2\/product\/1438","targetHints":{"allow":["GET"]}}],"collection":[{"href":"https:\/\/publissoft.dev\/spasante\/wp-json\/wp\/v2\/product"}],"about":[{"href":"https:\/\/publissoft.dev\/spasante\/wp-json\/wp\/v2\/types\/product"}],"wp:featuredmedia":[{"embeddable":true,"href":"https:\/\/publissoft.dev\/spasante\/wp-json\/wp\/v2\/media\/1457"}],"wp:attachment":[{"href":"https:\/\/publissoft.dev\/spasante\/wp-json\/wp\/v2\/media?parent=1438"}],"wp:term":[{"taxonomy":"product_cat","embeddable":true,"href":"https:\/\/publissoft.dev\/spasante\/wp-json\/wp\/v2\/product_cat?post=1438"},{"taxonomy":"product_tag","embeddable":true,"href":"https:\/\/publissoft.dev\/spasante\/wp-json\/wp\/v2\/product_tag?post=1438"},{"taxonomy":"giftcard-category","embeddable":true,"href":"https:\/\/publissoft.dev\/spasante\/wp-json\/wp\/v2\/giftcard-category?post=1438"}],"curies":[{"name":"wp","href":"https:\/\/api.w.org\/{rel}","templated":true}]}}