{"id":1441,"date":"2022-01-27T14:43:34","date_gmt":"2022-01-27T19:43:34","guid":{"rendered":"https:\/\/publissoft.dev\/spasante\/produit\/soin-triple-action-3a\/"},"modified":"2024-03-01T10:16:06","modified_gmt":"2024-03-01T15:16:06","slug":"soin-triple-action-3a-spa-sante-le-nenuphar","status":"publish","type":"product","link":"https:\/\/publissoft.dev\/spasante\/produit\/soin-triple-action-3a-spa-sante-le-nenuphar\/","title":{"rendered":"Aquafolia &#8211; Soin Triple Action 3a"},"content":{"rendered":"<p data-mce-fragment=\"1\">Soin anti-\u00e2ge,\u00a0anti-rougeurs et anti-imperfections. Une innovation\u00a0pour les peaux mixtes, grasses et \u00e0 tendance aux imperfections de tout \u00e2ge.Traite les\u00a0conditions sp\u00e9cifiques\u00a0telles que les inflammations, les com\u00e9dons, les irritations, l&#8217;hypers\u00e9cr\u00e9tion et l&#8217;asphyxie.<\/p>\n<hr data-mce-fragment=\"1\" \/>\n<p data-mce-fragment=\"1\">Ce soin du visage complet lutte aussi contre les signes visibles du vieillissement cutan\u00e9 pr\u00e9matur\u00e9 en ciblant les conditions sp\u00e9cifiques de ces types de peaux.<\/p>\n<hr data-mce-fragment=\"1\" \/>\n<h4 data-mce-fragment=\"1\">L\u2019innovation du Concept Triple Action 3A :<\/h4>\n<ul data-mce-fragment=\"1\">\n<li data-mce-fragment=\"1\">Diminuer la sensation de peau grasse<\/li>\n<li data-mce-fragment=\"1\">Apaiser la peau<\/li>\n<li data-mce-fragment=\"1\">Hydrater<span data-mce-fragment=\"1\">\u00a0<\/span>la peau<\/li>\n<li data-mce-fragment=\"1\">Prot\u00e9ger des facteurs environnementaux<\/li>\n<li data-mce-fragment=\"1\">Favoriser le processus d\u2019\u00e9limination des cellules mortes<\/li>\n<li data-mce-fragment=\"1\">Effet purifiant<\/li>\n<li data-mce-fragment=\"1\">Redonner une apparence de jeunesse<\/li>\n<li data-mce-fragment=\"1\">Redonner une apparence saine \u00e0 la peau<\/li>\n<\/ul>\n<p data-mce-fragment=\"1\">Dur\u00e9e : 1h30<\/p>\n","protected":false},"excerpt":{"rendered":"<p>Soin anti-\u00e2ge,\u00a0anti-rougeurs et anti-imperfections. Une innovation\u00a0pour les peaux mixtes, grasses et \u00e0 tendance aux imperfections de tout \u00e2ge.Traite les\u00a0conditions sp\u00e9cifiques\u00a0telles que les inflammations, les com\u00e9dons, les irritations, l&#8217;hypers\u00e9cr\u00e9tion et l&#8217;asphyxie. Ce soin du visage complet lutte aussi contre les signes visibles du vieillissement cutan\u00e9 pr\u00e9matur\u00e9 en ciblant les conditions sp\u00e9cifiques de ces types de peaux. &hellip;<\/p>\n","protected":false},"featured_media":3928,"template":"","meta":{"_acf_changed":false,"_genesis_hide_title":false,"_genesis_hide_breadcrumbs":false,"_genesis_hide_singular_image":false,"_genesis_hide_footer_widgets":false,"_genesis_custom_body_class":"","_genesis_custom_post_class":"","_genesis_layout":""},"product_cat":[53,61,43],"product_tag":[],"giftcard-category":[],"class_list":{"0":"post-1441","1":"product","2":"type-product","3":"status-publish","4":"has-post-thumbnail","6":"product_cat-gift-card","7":"product_cat-aquafolia-soins","8":"product_cat-soins","9":"entry","11":"first","12":"instock","13":"virtual","14":"taxable","15":"purchasable","16":"product-type-simple"},"acf":[],"yoast_head":"<!-- This site is optimized with the Yoast SEO plugin v22.5 - https:\/\/yoast.com\/wordpress\/plugins\/seo\/ -->\n<title>Aquafolia - Soin Triple Action 3a - Spa Sant\u00e9 Le N\u00e9nuphar<\/title>\n<meta name=\"description\" content=\"Soin triple action 3a - Soin anti-\u00e2ge, anti-rougeurs et anti-imperfections. R\u00e9duit la sensation de peau grasse et a un effet purifiant. Rendez-nous visite !\" \/>\n<meta name=\"robots\" content=\"noindex, follow, max-snippet:-1, max-image-preview:large, max-video-preview:-1\" \/>\n<meta property=\"og:locale\" content=\"fr_CA\" \/>\n<meta property=\"og:type\" content=\"article\" \/>\n<meta property=\"og:title\" content=\"Aquafolia - Soin Triple Action 3a - Spa Sant\u00e9 Le N\u00e9nuphar\" \/>\n<meta property=\"og:description\" content=\"Soin triple action 3a - Soin anti-\u00e2ge, anti-rougeurs et anti-imperfections. R\u00e9duit la sensation de peau grasse et a un effet purifiant. Rendez-nous visite !\" \/>\n<meta property=\"og:url\" content=\"https:\/\/publissoft.dev\/spasante\/produit\/soin-triple-action-3a-spa-sante-le-nenuphar\/\" \/>\n<meta property=\"og:site_name\" content=\"Spa Sant\u00e9 Le N\u00e9nuphar\" \/>\n<meta property=\"article:publisher\" content=\"https:\/\/www.facebook.com\/SpaSanteLeNenuphar\" \/>\n<meta property=\"article:modified_time\" content=\"2024-03-01T15:16:06+00:00\" \/>\n<meta property=\"og:image\" content=\"https:\/\/publissoft.dev\/spasante\/wp-content\/uploads\/2022\/01\/Sans-titre-2022-11-09T135929.401.png\" \/>\n\t<meta property=\"og:image:width\" content=\"940\" \/>\n\t<meta property=\"og:image:height\" content=\"788\" \/>\n\t<meta property=\"og:image:type\" content=\"image\/png\" \/>\n<meta name=\"twitter:card\" content=\"summary_large_image\" \/>\n<meta name=\"twitter:label1\" content=\"Estimation du temps de lecture\" \/>\n\t<meta name=\"twitter:data1\" content=\"1 minute\" \/>\n<script type=\"application\/ld+json\" class=\"yoast-schema-graph\">{\"@context\":\"https:\/\/schema.org\",\"@graph\":[{\"@type\":\"WebPage\",\"@id\":\"https:\/\/publissoft.dev\/spasante\/produit\/soin-triple-action-3a-spa-sante-le-nenuphar\/\",\"url\":\"https:\/\/publissoft.dev\/spasante\/produit\/soin-triple-action-3a-spa-sante-le-nenuphar\/\",\"name\":\"Aquafolia - Soin Triple Action 3a - Spa Sant\u00e9 Le N\u00e9nuphar\",\"isPartOf\":{\"@id\":\"https:\/\/publissoft.dev\/spasante\/#website\"},\"primaryImageOfPage\":{\"@id\":\"https:\/\/publissoft.dev\/spasante\/produit\/soin-triple-action-3a-spa-sante-le-nenuphar\/#primaryimage\"},\"image\":{\"@id\":\"https:\/\/publissoft.dev\/spasante\/produit\/soin-triple-action-3a-spa-sante-le-nenuphar\/#primaryimage\"},\"thumbnailUrl\":\"https:\/\/publissoft.dev\/spasante\/wp-content\/uploads\/2022\/01\/Sans-titre-2022-11-09T135929.401.png\",\"datePublished\":\"2022-01-27T19:43:34+00:00\",\"dateModified\":\"2024-03-01T15:16:06+00:00\",\"description\":\"Soin triple action 3a - Soin anti-\u00e2ge, anti-rougeurs et anti-imperfections. R\u00e9duit la sensation de peau grasse et a un effet purifiant. Rendez-nous visite !\",\"breadcrumb\":{\"@id\":\"https:\/\/publissoft.dev\/spasante\/produit\/soin-triple-action-3a-spa-sante-le-nenuphar\/#breadcrumb\"},\"inLanguage\":\"fr-CA\",\"potentialAction\":[{\"@type\":\"ReadAction\",\"target\":[\"https:\/\/publissoft.dev\/spasante\/produit\/soin-triple-action-3a-spa-sante-le-nenuphar\/\"]}]},{\"@type\":\"ImageObject\",\"inLanguage\":\"fr-CA\",\"@id\":\"https:\/\/publissoft.dev\/spasante\/produit\/soin-triple-action-3a-spa-sante-le-nenuphar\/#primaryimage\",\"url\":\"https:\/\/publissoft.dev\/spasante\/wp-content\/uploads\/2022\/01\/Sans-titre-2022-11-09T135929.401.png\",\"contentUrl\":\"https:\/\/publissoft.dev\/spasante\/wp-content\/uploads\/2022\/01\/Sans-titre-2022-11-09T135929.401.png\",\"width\":940,\"height\":788},{\"@type\":\"BreadcrumbList\",\"@id\":\"https:\/\/publissoft.dev\/spasante\/produit\/soin-triple-action-3a-spa-sante-le-nenuphar\/#breadcrumb\",\"itemListElement\":[{\"@type\":\"ListItem\",\"position\":1,\"name\":\"Accueil\",\"item\":\"https:\/\/publissoft.dev\/spasante\/\"},{\"@type\":\"ListItem\",\"position\":2,\"name\":\"Boutique\",\"item\":\"https:\/\/publissoft.dev\/spasante\/boutique\/\"},{\"@type\":\"ListItem\",\"position\":3,\"name\":\"Aquafolia &#8211; Soin Triple Action 3a\"}]},{\"@type\":\"WebSite\",\"@id\":\"https:\/\/publissoft.dev\/spasante\/#website\",\"url\":\"https:\/\/publissoft.dev\/spasante\/\",\"name\":\"Spa Sant\u00e9 Le N\u00e9nuphar\",\"description\":\"\",\"publisher\":{\"@id\":\"https:\/\/publissoft.dev\/spasante\/#organization\"},\"potentialAction\":[{\"@type\":\"SearchAction\",\"target\":{\"@type\":\"EntryPoint\",\"urlTemplate\":\"https:\/\/publissoft.dev\/spasante\/?s={search_term_string}\"},\"query-input\":\"required name=search_term_string\"}],\"inLanguage\":\"fr-CA\"},{\"@type\":\"Organization\",\"@id\":\"https:\/\/publissoft.dev\/spasante\/#organization\",\"name\":\"Spa Sant\u00e9 Le N\u00e9nuphar\",\"url\":\"https:\/\/publissoft.dev\/spasante\/\",\"logo\":{\"@type\":\"ImageObject\",\"inLanguage\":\"fr-CA\",\"@id\":\"https:\/\/publissoft.dev\/spasante\/#\/schema\/logo\/image\/\",\"url\":\"https:\/\/publissoft.dev\/spasante\/wp-content\/uploads\/2022\/11\/logo-jpg.jpeg\",\"contentUrl\":\"https:\/\/publissoft.dev\/spasante\/wp-content\/uploads\/2022\/11\/logo-jpg.jpeg\",\"width\":900,\"height\":900,\"caption\":\"Spa Sant\u00e9 Le N\u00e9nuphar\"},\"image\":{\"@id\":\"https:\/\/publissoft.dev\/spasante\/#\/schema\/logo\/image\/\"},\"sameAs\":[\"https:\/\/www.facebook.com\/SpaSanteLeNenuphar\",\"https:\/\/www.instagram.com\/spasantelenenuphar\/?hl=fr\"]}]}<\/script>\n<!-- \/ Yoast SEO plugin. -->","yoast_head_json":{"title":"Aquafolia - Soin Triple Action 3a - Spa Sant\u00e9 Le N\u00e9nuphar","description":"Soin triple action 3a - Soin anti-\u00e2ge, anti-rougeurs et anti-imperfections. R\u00e9duit la sensation de peau grasse et a un effet purifiant. Rendez-nous visite !","robots":{"index":"noindex","follow":"follow","max-snippet":"max-snippet:-1","max-image-preview":"max-image-preview:large","max-video-preview":"max-video-preview:-1"},"og_locale":"fr_CA","og_type":"article","og_title":"Aquafolia - Soin Triple Action 3a - Spa Sant\u00e9 Le N\u00e9nuphar","og_description":"Soin triple action 3a - Soin anti-\u00e2ge, anti-rougeurs et anti-imperfections. R\u00e9duit la sensation de peau grasse et a un effet purifiant. Rendez-nous visite !","og_url":"https:\/\/publissoft.dev\/spasante\/produit\/soin-triple-action-3a-spa-sante-le-nenuphar\/","og_site_name":"Spa Sant\u00e9 Le N\u00e9nuphar","article_publisher":"https:\/\/www.facebook.com\/SpaSanteLeNenuphar","article_modified_time":"2024-03-01T15:16:06+00:00","og_image":[{"width":940,"height":788,"url":"https:\/\/publissoft.dev\/spasante\/wp-content\/uploads\/2022\/01\/Sans-titre-2022-11-09T135929.401.png","type":"image\/png"}],"twitter_card":"summary_large_image","twitter_misc":{"Estimation du temps de lecture":"1 minute"},"schema":{"@context":"https:\/\/schema.org","@graph":[{"@type":"WebPage","@id":"https:\/\/publissoft.dev\/spasante\/produit\/soin-triple-action-3a-spa-sante-le-nenuphar\/","url":"https:\/\/publissoft.dev\/spasante\/produit\/soin-triple-action-3a-spa-sante-le-nenuphar\/","name":"Aquafolia - Soin Triple Action 3a - Spa Sant\u00e9 Le N\u00e9nuphar","isPartOf":{"@id":"https:\/\/publissoft.dev\/spasante\/#website"},"primaryImageOfPage":{"@id":"https:\/\/publissoft.dev\/spasante\/produit\/soin-triple-action-3a-spa-sante-le-nenuphar\/#primaryimage"},"image":{"@id":"https:\/\/publissoft.dev\/spasante\/produit\/soin-triple-action-3a-spa-sante-le-nenuphar\/#primaryimage"},"thumbnailUrl":"https:\/\/publissoft.dev\/spasante\/wp-content\/uploads\/2022\/01\/Sans-titre-2022-11-09T135929.401.png","datePublished":"2022-01-27T19:43:34+00:00","dateModified":"2024-03-01T15:16:06+00:00","description":"Soin triple action 3a - Soin anti-\u00e2ge, anti-rougeurs et anti-imperfections. R\u00e9duit la sensation de peau grasse et a un effet purifiant. Rendez-nous visite !","breadcrumb":{"@id":"https:\/\/publissoft.dev\/spasante\/produit\/soin-triple-action-3a-spa-sante-le-nenuphar\/#breadcrumb"},"inLanguage":"fr-CA","potentialAction":[{"@type":"ReadAction","target":["https:\/\/publissoft.dev\/spasante\/produit\/soin-triple-action-3a-spa-sante-le-nenuphar\/"]}]},{"@type":"ImageObject","inLanguage":"fr-CA","@id":"https:\/\/publissoft.dev\/spasante\/produit\/soin-triple-action-3a-spa-sante-le-nenuphar\/#primaryimage","url":"https:\/\/publissoft.dev\/spasante\/wp-content\/uploads\/2022\/01\/Sans-titre-2022-11-09T135929.401.png","contentUrl":"https:\/\/publissoft.dev\/spasante\/wp-content\/uploads\/2022\/01\/Sans-titre-2022-11-09T135929.401.png","width":940,"height":788},{"@type":"BreadcrumbList","@id":"https:\/\/publissoft.dev\/spasante\/produit\/soin-triple-action-3a-spa-sante-le-nenuphar\/#breadcrumb","itemListElement":[{"@type":"ListItem","position":1,"name":"Accueil","item":"https:\/\/publissoft.dev\/spasante\/"},{"@type":"ListItem","position":2,"name":"Boutique","item":"https:\/\/publissoft.dev\/spasante\/boutique\/"},{"@type":"ListItem","position":3,"name":"Aquafolia &#8211; Soin Triple Action 3a"}]},{"@type":"WebSite","@id":"https:\/\/publissoft.dev\/spasante\/#website","url":"https:\/\/publissoft.dev\/spasante\/","name":"Spa Sant\u00e9 Le N\u00e9nuphar","description":"","publisher":{"@id":"https:\/\/publissoft.dev\/spasante\/#organization"},"potentialAction":[{"@type":"SearchAction","target":{"@type":"EntryPoint","urlTemplate":"https:\/\/publissoft.dev\/spasante\/?s={search_term_string}"},"query-input":"required name=search_term_string"}],"inLanguage":"fr-CA"},{"@type":"Organization","@id":"https:\/\/publissoft.dev\/spasante\/#organization","name":"Spa Sant\u00e9 Le N\u00e9nuphar","url":"https:\/\/publissoft.dev\/spasante\/","logo":{"@type":"ImageObject","inLanguage":"fr-CA","@id":"https:\/\/publissoft.dev\/spasante\/#\/schema\/logo\/image\/","url":"https:\/\/publissoft.dev\/spasante\/wp-content\/uploads\/2022\/11\/logo-jpg.jpeg","contentUrl":"https:\/\/publissoft.dev\/spasante\/wp-content\/uploads\/2022\/11\/logo-jpg.jpeg","width":900,"height":900,"caption":"Spa Sant\u00e9 Le N\u00e9nuphar"},"image":{"@id":"https:\/\/publissoft.dev\/spasante\/#\/schema\/logo\/image\/"},"sameAs":["https:\/\/www.facebook.com\/SpaSanteLeNenuphar","https:\/\/www.instagram.com\/spasantelenenuphar\/?hl=fr"]}]}},"_links":{"self":[{"href":"https:\/\/publissoft.dev\/spasante\/wp-json\/wp\/v2\/product\/1441","targetHints":{"allow":["GET"]}}],"collection":[{"href":"https:\/\/publissoft.dev\/spasante\/wp-json\/wp\/v2\/product"}],"about":[{"href":"https:\/\/publissoft.dev\/spasante\/wp-json\/wp\/v2\/types\/product"}],"wp:featuredmedia":[{"embeddable":true,"href":"https:\/\/publissoft.dev\/spasante\/wp-json\/wp\/v2\/media\/3928"}],"wp:attachment":[{"href":"https:\/\/publissoft.dev\/spasante\/wp-json\/wp\/v2\/media?parent=1441"}],"wp:term":[{"taxonomy":"product_cat","embeddable":true,"href":"https:\/\/publissoft.dev\/spasante\/wp-json\/wp\/v2\/product_cat?post=1441"},{"taxonomy":"product_tag","embeddable":true,"href":"https:\/\/publissoft.dev\/spasante\/wp-json\/wp\/v2\/product_tag?post=1441"},{"taxonomy":"giftcard-category","embeddable":true,"href":"https:\/\/publissoft.dev\/spasante\/wp-json\/wp\/v2\/giftcard-category?post=1441"}],"curies":[{"name":"wp","href":"https:\/\/api.w.org\/{rel}","templated":true}]}}