{"id":1476,"date":"2022-01-27T14:43:52","date_gmt":"2022-01-27T19:43:52","guid":{"rendered":"https:\/\/publissoft.dev\/spasante\/produit\/solution-contre-le-froid-120-ml-mains-et-pieds-froids\/"},"modified":"2023-04-17T14:44:33","modified_gmt":"2023-04-17T18:44:33","slug":"solution-contre-le-froid-120-ml-spa-sante-le-nenuphar","status":"publish","type":"product","link":"https:\/\/publissoft.dev\/spasante\/produit\/solution-contre-le-froid-120-ml-spa-sante-le-nenuphar\/","title":{"rendered":"PodoSens\u00e9 &#8211; SOLUTION contre le froid 120 mL &#8211; Mains et Pieds froids"},"content":{"rendered":"<div class=\"descProd\" data-mce-fragment=\"1\">\n<p data-mce-fragment=\"1\">La solution pour les gens qui souffrent\u00a0d&#8217;avoir toujours les mains et les pieds froids !\u00a0Une cr\u00e8me onctueuse qui contient \u00e0 la fois un extrait chauffant, le Vanillyl Butyl Ether, et des huiles essentielles de pamplemousse pour ses propri\u00e9t\u00e9s tonifiante et stimulante lymphatique. Elle peut \u00e9galement \u00eatre appliqu\u00e9e sur les mains qui sont toujours froides.<\/p>\n<h2 data-mce-fragment=\"1\"><span style=\"font-size: 17px;\" data-mce-fragment=\"1\">Mode d\u2019application :<\/span><\/h2>\n<p data-mce-fragment=\"1\">Une cr\u00e8me onctueuse qui contient des ingr\u00e9dients chauffants mais doux pour la peau. Appliquer sur la r\u00e9gion \u00e0 traiter et masser doucement jusqu\u2019\u00e0 p\u00e9n\u00e9tration compl\u00e8te du produit. Vous pouvez \u00e9galement l\u2019utiliser sur les mains. Convient aux diab\u00e9tiques, cardiaques et autres conditions de sant\u00e9. Usage externe seulement.<\/p>\n<table style=\"border-collapse: collapse; border-spacing: 0px; color: #666666; font-family: open sans,sans-serif; font-size: 12px; max-width: 100%;\" data-mce-fragment=\"1\">\n<tbody data-mce-fragment=\"1\">\n<tr data-mce-fragment=\"1\">\n<td data-mce-fragment=\"1\">\n<p data-mce-fragment=\"1\"><span style=\"font-size: 16px;\" data-mce-fragment=\"1\"><strong data-mce-fragment=\"1\">Ingr\u00e9dients Principaux<\/strong><\/span><\/p>\n<\/td>\n<td data-mce-fragment=\"1\">\n<p data-mce-fragment=\"1\"><span style=\"font-size: 16px;\" data-mce-fragment=\"1\"><strong data-mce-fragment=\"1\">B\u00e9n\u00e9fices \/ Propri\u00e9t\u00e9s<\/strong><\/span><\/p>\n<\/td>\n<\/tr>\n<tr data-mce-fragment=\"1\">\n<td data-mce-fragment=\"1\">\n<p data-mce-fragment=\"1\"><strong data-mce-fragment=\"1\">Butyrospermum Parkii (Shea)<br data-mce-fragment=\"1\" \/>Butter (Beurre de Karit\u00e9)<\/strong><\/p>\n<\/td>\n<td data-mce-fragment=\"1\">\n<p data-mce-fragment=\"1\">Le beurre de karit\u00e9 est un produit efficace aux vertus exceptionnelles, poss\u00e9dant de puissantes vertus r\u00e9g\u00e9n\u00e9ratrices et r\u00e9paratrices de la peau gr\u00e2ce aux vitamines A, D, E et F qu\u2019il contient naturellement.<\/p>\n<\/td>\n<\/tr>\n<tr data-mce-fragment=\"1\">\n<td data-mce-fragment=\"1\">\n<p data-mce-fragment=\"1\"><strong data-mce-fragment=\"1\">Vanillyl Butyl Ether<\/strong><\/p>\n<\/td>\n<td data-mce-fragment=\"1\">\n<p data-mce-fragment=\"1\">Un agent de r\u00e9chauffement qui a un parfum de vanille tr\u00e8s l\u00e9ger. Offre un effet de r\u00e9chauffement de longue dur\u00e9e. Active la circulation sanguine et lymphatique. Potentiel d\u2019irritation est tr\u00e8s faible.<\/p>\n<\/td>\n<\/tr>\n<tr data-mce-fragment=\"1\">\n<td data-mce-fragment=\"1\">\n<p data-mce-fragment=\"1\"><strong data-mce-fragment=\"1\">Citrus Paradisii oil<\/strong><\/p>\n<p data-mce-fragment=\"1\"><strong data-mce-fragment=\"1\">(Huile essentielle d\u2019\u00e9corce de pamplemousse rose (pomelo)<\/strong><\/p>\n<\/td>\n<td data-mce-fragment=\"1\">\n<p data-mce-fragment=\"1\">Certaines des propri\u00e9t\u00e9s th\u00e9rapeutiques de l\u2019huile de pamplemousse sont : antiseptique, diur\u00e9tique, antiseptique, stimulant lymphatique, tonique et anti- infectieux.<\/p>\n<\/td>\n<\/tr>\n<\/tbody>\n<\/table>\n<p data-mce-fragment=\"1\"><strong>Format :<\/strong> 120 ml<\/p>\n<p data-mce-fragment=\"1\"><span style=\"color: #666666; font-family: open sans,sans-serif; font-size: 12px;\" data-mce-fragment=\"1\"><strong>Balises:<\/strong>\u00a0<\/span><a style=\"box-sizing: border-box; background-image: initial; background-position: 0px 0px; background-size: initial; background-repeat: initial; background-attachment: initial; background-origin: initial; background-clip: initial; color: #23a1d1; text-decoration-line: none;\" href=\"https:\/\/podosense.ca\/boutique\/fr\/product\/search\/?tag=Cr%C3%A8me\" data-mce-fragment=\"1\">Cr\u00e8me<\/a><span style=\"color: #666666; font-family: open sans,sans-serif; font-size: 12px;\" data-mce-fragment=\"1\">,\u00a0<\/span><a style=\"box-sizing: border-box; background-image: initial; background-position: 0px 0px; background-size: initial; background-repeat: initial; background-attachment: initial; background-origin: initial; background-clip: initial; color: #23a1d1; text-decoration-line: none;\" href=\"https:\/\/podosense.ca\/boutique\/fr\/product\/search\/?tag=Pied\" data-mce-fragment=\"1\">Pied<\/a><span style=\"color: #666666; font-family: open sans,sans-serif; font-size: 12px;\" data-mce-fragment=\"1\">,\u00a0<\/span><a style=\"box-sizing: border-box; background-image: initial; background-position: 0px 0px; background-size: initial; background-repeat: initial; background-attachment: initial; background-origin: initial; background-clip: initial; color: #23a1d1; text-decoration-line: none;\" href=\"https:\/\/podosense.ca\/boutique\/fr\/product\/search\/?tag=Pied%20froid\" data-mce-fragment=\"1\">Pied froid<\/a><\/p>\n<\/div>\n","protected":false},"excerpt":{"rendered":"<p>La solution pour les gens qui souffrent\u00a0d&#8217;avoir toujours les mains et les pieds froids !\u00a0Une cr\u00e8me onctueuse qui contient \u00e0 la fois un extrait chauffant, le Vanillyl Butyl Ether, et des huiles essentielles de pamplemousse pour ses propri\u00e9t\u00e9s tonifiante et stimulante lymphatique. Elle peut \u00e9galement \u00eatre appliqu\u00e9e sur les mains qui sont toujours froides. Mode &hellip;<\/p>\n","protected":false},"featured_media":1480,"template":"","meta":{"_acf_changed":false,"_genesis_hide_title":false,"_genesis_hide_breadcrumbs":false,"_genesis_hide_singular_image":false,"_genesis_hide_footer_widgets":false,"_genesis_custom_body_class":"","_genesis_custom_post_class":"","_genesis_layout":""},"product_cat":[37,36],"product_tag":[],"giftcard-category":[],"class_list":{"0":"post-1476","1":"product","2":"type-product","3":"status-publish","4":"has-post-thumbnail","6":"product_cat-produits","7":"product_cat-podosense","8":"entry","10":"first","11":"instock","12":"taxable","13":"shipping-taxable","14":"purchasable","15":"product-type-simple"},"acf":[],"yoast_head":"<!-- This site is optimized with the Yoast SEO plugin v22.5 - https:\/\/yoast.com\/wordpress\/plugins\/seo\/ -->\n<title>PodoSens\u00e9 - SOLUTION contre le froid 120 mL - Mains et Pieds froids - Spa Sant\u00e9 Le N\u00e9nuphar<\/title>\n<meta name=\"description\" content=\"SOLUTION contre le froid 120 mL - Mains et Pieds froids - Contient un extrait chauffant, du Vanillyl Butyl Ether, et des huiles essentielles. Cliquez ici !\" \/>\n<meta name=\"robots\" content=\"noindex, follow, max-snippet:-1, max-image-preview:large, max-video-preview:-1\" \/>\n<meta property=\"og:locale\" content=\"fr_CA\" \/>\n<meta property=\"og:type\" content=\"article\" \/>\n<meta property=\"og:title\" content=\"PodoSens\u00e9 - SOLUTION contre le froid 120 mL - Mains et Pieds froids - Spa Sant\u00e9 Le N\u00e9nuphar\" \/>\n<meta property=\"og:description\" content=\"SOLUTION contre le froid 120 mL - Mains et Pieds froids - Contient un extrait chauffant, du Vanillyl Butyl Ether, et des huiles essentielles. Cliquez ici !\" \/>\n<meta property=\"og:url\" content=\"https:\/\/publissoft.dev\/spasante\/produit\/solution-contre-le-froid-120-ml-spa-sante-le-nenuphar\/\" \/>\n<meta property=\"og:site_name\" content=\"Spa Sant\u00e9 Le N\u00e9nuphar\" \/>\n<meta property=\"article:publisher\" content=\"https:\/\/www.facebook.com\/SpaSanteLeNenuphar\" \/>\n<meta property=\"article:modified_time\" content=\"2023-04-17T18:44:33+00:00\" \/>\n<meta property=\"og:image\" content=\"https:\/\/publissoft.dev\/spasante\/wp-content\/uploads\/2022\/01\/SOLUTIONcontrelefroid120mL-MainsetPiedsfroids.jpg\" \/>\n\t<meta property=\"og:image:width\" content=\"550\" \/>\n\t<meta property=\"og:image:height\" content=\"550\" \/>\n\t<meta property=\"og:image:type\" content=\"image\/jpeg\" \/>\n<meta name=\"twitter:card\" content=\"summary_large_image\" \/>\n<meta name=\"twitter:label1\" content=\"Estimation du temps de lecture\" \/>\n\t<meta name=\"twitter:data1\" content=\"2 minutes\" \/>\n<script type=\"application\/ld+json\" class=\"yoast-schema-graph\">{\"@context\":\"https:\/\/schema.org\",\"@graph\":[{\"@type\":\"WebPage\",\"@id\":\"https:\/\/publissoft.dev\/spasante\/produit\/solution-contre-le-froid-120-ml-spa-sante-le-nenuphar\/\",\"url\":\"https:\/\/publissoft.dev\/spasante\/produit\/solution-contre-le-froid-120-ml-spa-sante-le-nenuphar\/\",\"name\":\"PodoSens\u00e9 - SOLUTION contre le froid 120 mL - Mains et Pieds froids - Spa Sant\u00e9 Le N\u00e9nuphar\",\"isPartOf\":{\"@id\":\"https:\/\/publissoft.dev\/spasante\/#website\"},\"primaryImageOfPage\":{\"@id\":\"https:\/\/publissoft.dev\/spasante\/produit\/solution-contre-le-froid-120-ml-spa-sante-le-nenuphar\/#primaryimage\"},\"image\":{\"@id\":\"https:\/\/publissoft.dev\/spasante\/produit\/solution-contre-le-froid-120-ml-spa-sante-le-nenuphar\/#primaryimage\"},\"thumbnailUrl\":\"https:\/\/publissoft.dev\/spasante\/wp-content\/uploads\/2022\/01\/SOLUTIONcontrelefroid120mL-MainsetPiedsfroids.jpg\",\"datePublished\":\"2022-01-27T19:43:52+00:00\",\"dateModified\":\"2023-04-17T18:44:33+00:00\",\"description\":\"SOLUTION contre le froid 120 mL - Mains et Pieds froids - Contient un extrait chauffant, du Vanillyl Butyl Ether, et des huiles essentielles. Cliquez ici !\",\"breadcrumb\":{\"@id\":\"https:\/\/publissoft.dev\/spasante\/produit\/solution-contre-le-froid-120-ml-spa-sante-le-nenuphar\/#breadcrumb\"},\"inLanguage\":\"fr-CA\",\"potentialAction\":[{\"@type\":\"ReadAction\",\"target\":[\"https:\/\/publissoft.dev\/spasante\/produit\/solution-contre-le-froid-120-ml-spa-sante-le-nenuphar\/\"]}]},{\"@type\":\"ImageObject\",\"inLanguage\":\"fr-CA\",\"@id\":\"https:\/\/publissoft.dev\/spasante\/produit\/solution-contre-le-froid-120-ml-spa-sante-le-nenuphar\/#primaryimage\",\"url\":\"https:\/\/publissoft.dev\/spasante\/wp-content\/uploads\/2022\/01\/SOLUTIONcontrelefroid120mL-MainsetPiedsfroids.jpg\",\"contentUrl\":\"https:\/\/publissoft.dev\/spasante\/wp-content\/uploads\/2022\/01\/SOLUTIONcontrelefroid120mL-MainsetPiedsfroids.jpg\",\"width\":550,\"height\":550},{\"@type\":\"BreadcrumbList\",\"@id\":\"https:\/\/publissoft.dev\/spasante\/produit\/solution-contre-le-froid-120-ml-spa-sante-le-nenuphar\/#breadcrumb\",\"itemListElement\":[{\"@type\":\"ListItem\",\"position\":1,\"name\":\"Accueil\",\"item\":\"https:\/\/publissoft.dev\/spasante\/\"},{\"@type\":\"ListItem\",\"position\":2,\"name\":\"Boutique\",\"item\":\"https:\/\/publissoft.dev\/spasante\/boutique\/\"},{\"@type\":\"ListItem\",\"position\":3,\"name\":\"PodoSens\u00e9 &#8211; SOLUTION contre le froid 120 mL &#8211; Mains et Pieds froids\"}]},{\"@type\":\"WebSite\",\"@id\":\"https:\/\/publissoft.dev\/spasante\/#website\",\"url\":\"https:\/\/publissoft.dev\/spasante\/\",\"name\":\"Spa Sant\u00e9 Le N\u00e9nuphar\",\"description\":\"\",\"publisher\":{\"@id\":\"https:\/\/publissoft.dev\/spasante\/#organization\"},\"potentialAction\":[{\"@type\":\"SearchAction\",\"target\":{\"@type\":\"EntryPoint\",\"urlTemplate\":\"https:\/\/publissoft.dev\/spasante\/?s={search_term_string}\"},\"query-input\":\"required name=search_term_string\"}],\"inLanguage\":\"fr-CA\"},{\"@type\":\"Organization\",\"@id\":\"https:\/\/publissoft.dev\/spasante\/#organization\",\"name\":\"Spa Sant\u00e9 Le N\u00e9nuphar\",\"url\":\"https:\/\/publissoft.dev\/spasante\/\",\"logo\":{\"@type\":\"ImageObject\",\"inLanguage\":\"fr-CA\",\"@id\":\"https:\/\/publissoft.dev\/spasante\/#\/schema\/logo\/image\/\",\"url\":\"https:\/\/publissoft.dev\/spasante\/wp-content\/uploads\/2022\/11\/logo-jpg.jpeg\",\"contentUrl\":\"https:\/\/publissoft.dev\/spasante\/wp-content\/uploads\/2022\/11\/logo-jpg.jpeg\",\"width\":900,\"height\":900,\"caption\":\"Spa Sant\u00e9 Le N\u00e9nuphar\"},\"image\":{\"@id\":\"https:\/\/publissoft.dev\/spasante\/#\/schema\/logo\/image\/\"},\"sameAs\":[\"https:\/\/www.facebook.com\/SpaSanteLeNenuphar\",\"https:\/\/www.instagram.com\/spasantelenenuphar\/?hl=fr\"]}]}<\/script>\n<!-- \/ Yoast SEO plugin. -->","yoast_head_json":{"title":"PodoSens\u00e9 - SOLUTION contre le froid 120 mL - Mains et Pieds froids - Spa Sant\u00e9 Le N\u00e9nuphar","description":"SOLUTION contre le froid 120 mL - Mains et Pieds froids - Contient un extrait chauffant, du Vanillyl Butyl Ether, et des huiles essentielles. Cliquez ici !","robots":{"index":"noindex","follow":"follow","max-snippet":"max-snippet:-1","max-image-preview":"max-image-preview:large","max-video-preview":"max-video-preview:-1"},"og_locale":"fr_CA","og_type":"article","og_title":"PodoSens\u00e9 - SOLUTION contre le froid 120 mL - Mains et Pieds froids - Spa Sant\u00e9 Le N\u00e9nuphar","og_description":"SOLUTION contre le froid 120 mL - Mains et Pieds froids - Contient un extrait chauffant, du Vanillyl Butyl Ether, et des huiles essentielles. Cliquez ici !","og_url":"https:\/\/publissoft.dev\/spasante\/produit\/solution-contre-le-froid-120-ml-spa-sante-le-nenuphar\/","og_site_name":"Spa Sant\u00e9 Le N\u00e9nuphar","article_publisher":"https:\/\/www.facebook.com\/SpaSanteLeNenuphar","article_modified_time":"2023-04-17T18:44:33+00:00","og_image":[{"width":550,"height":550,"url":"https:\/\/publissoft.dev\/spasante\/wp-content\/uploads\/2022\/01\/SOLUTIONcontrelefroid120mL-MainsetPiedsfroids.jpg","type":"image\/jpeg"}],"twitter_card":"summary_large_image","twitter_misc":{"Estimation du temps de lecture":"2 minutes"},"schema":{"@context":"https:\/\/schema.org","@graph":[{"@type":"WebPage","@id":"https:\/\/publissoft.dev\/spasante\/produit\/solution-contre-le-froid-120-ml-spa-sante-le-nenuphar\/","url":"https:\/\/publissoft.dev\/spasante\/produit\/solution-contre-le-froid-120-ml-spa-sante-le-nenuphar\/","name":"PodoSens\u00e9 - SOLUTION contre le froid 120 mL - Mains et Pieds froids - Spa Sant\u00e9 Le N\u00e9nuphar","isPartOf":{"@id":"https:\/\/publissoft.dev\/spasante\/#website"},"primaryImageOfPage":{"@id":"https:\/\/publissoft.dev\/spasante\/produit\/solution-contre-le-froid-120-ml-spa-sante-le-nenuphar\/#primaryimage"},"image":{"@id":"https:\/\/publissoft.dev\/spasante\/produit\/solution-contre-le-froid-120-ml-spa-sante-le-nenuphar\/#primaryimage"},"thumbnailUrl":"https:\/\/publissoft.dev\/spasante\/wp-content\/uploads\/2022\/01\/SOLUTIONcontrelefroid120mL-MainsetPiedsfroids.jpg","datePublished":"2022-01-27T19:43:52+00:00","dateModified":"2023-04-17T18:44:33+00:00","description":"SOLUTION contre le froid 120 mL - Mains et Pieds froids - Contient un extrait chauffant, du Vanillyl Butyl Ether, et des huiles essentielles. Cliquez ici !","breadcrumb":{"@id":"https:\/\/publissoft.dev\/spasante\/produit\/solution-contre-le-froid-120-ml-spa-sante-le-nenuphar\/#breadcrumb"},"inLanguage":"fr-CA","potentialAction":[{"@type":"ReadAction","target":["https:\/\/publissoft.dev\/spasante\/produit\/solution-contre-le-froid-120-ml-spa-sante-le-nenuphar\/"]}]},{"@type":"ImageObject","inLanguage":"fr-CA","@id":"https:\/\/publissoft.dev\/spasante\/produit\/solution-contre-le-froid-120-ml-spa-sante-le-nenuphar\/#primaryimage","url":"https:\/\/publissoft.dev\/spasante\/wp-content\/uploads\/2022\/01\/SOLUTIONcontrelefroid120mL-MainsetPiedsfroids.jpg","contentUrl":"https:\/\/publissoft.dev\/spasante\/wp-content\/uploads\/2022\/01\/SOLUTIONcontrelefroid120mL-MainsetPiedsfroids.jpg","width":550,"height":550},{"@type":"BreadcrumbList","@id":"https:\/\/publissoft.dev\/spasante\/produit\/solution-contre-le-froid-120-ml-spa-sante-le-nenuphar\/#breadcrumb","itemListElement":[{"@type":"ListItem","position":1,"name":"Accueil","item":"https:\/\/publissoft.dev\/spasante\/"},{"@type":"ListItem","position":2,"name":"Boutique","item":"https:\/\/publissoft.dev\/spasante\/boutique\/"},{"@type":"ListItem","position":3,"name":"PodoSens\u00e9 &#8211; SOLUTION contre le froid 120 mL &#8211; Mains et Pieds froids"}]},{"@type":"WebSite","@id":"https:\/\/publissoft.dev\/spasante\/#website","url":"https:\/\/publissoft.dev\/spasante\/","name":"Spa Sant\u00e9 Le N\u00e9nuphar","description":"","publisher":{"@id":"https:\/\/publissoft.dev\/spasante\/#organization"},"potentialAction":[{"@type":"SearchAction","target":{"@type":"EntryPoint","urlTemplate":"https:\/\/publissoft.dev\/spasante\/?s={search_term_string}"},"query-input":"required name=search_term_string"}],"inLanguage":"fr-CA"},{"@type":"Organization","@id":"https:\/\/publissoft.dev\/spasante\/#organization","name":"Spa Sant\u00e9 Le N\u00e9nuphar","url":"https:\/\/publissoft.dev\/spasante\/","logo":{"@type":"ImageObject","inLanguage":"fr-CA","@id":"https:\/\/publissoft.dev\/spasante\/#\/schema\/logo\/image\/","url":"https:\/\/publissoft.dev\/spasante\/wp-content\/uploads\/2022\/11\/logo-jpg.jpeg","contentUrl":"https:\/\/publissoft.dev\/spasante\/wp-content\/uploads\/2022\/11\/logo-jpg.jpeg","width":900,"height":900,"caption":"Spa Sant\u00e9 Le N\u00e9nuphar"},"image":{"@id":"https:\/\/publissoft.dev\/spasante\/#\/schema\/logo\/image\/"},"sameAs":["https:\/\/www.facebook.com\/SpaSanteLeNenuphar","https:\/\/www.instagram.com\/spasantelenenuphar\/?hl=fr"]}]}},"_links":{"self":[{"href":"https:\/\/publissoft.dev\/spasante\/wp-json\/wp\/v2\/product\/1476","targetHints":{"allow":["GET"]}}],"collection":[{"href":"https:\/\/publissoft.dev\/spasante\/wp-json\/wp\/v2\/product"}],"about":[{"href":"https:\/\/publissoft.dev\/spasante\/wp-json\/wp\/v2\/types\/product"}],"wp:featuredmedia":[{"embeddable":true,"href":"https:\/\/publissoft.dev\/spasante\/wp-json\/wp\/v2\/media\/1480"}],"wp:attachment":[{"href":"https:\/\/publissoft.dev\/spasante\/wp-json\/wp\/v2\/media?parent=1476"}],"wp:term":[{"taxonomy":"product_cat","embeddable":true,"href":"https:\/\/publissoft.dev\/spasante\/wp-json\/wp\/v2\/product_cat?post=1476"},{"taxonomy":"product_tag","embeddable":true,"href":"https:\/\/publissoft.dev\/spasante\/wp-json\/wp\/v2\/product_tag?post=1476"},{"taxonomy":"giftcard-category","embeddable":true,"href":"https:\/\/publissoft.dev\/spasante\/wp-json\/wp\/v2\/giftcard-category?post=1476"}],"curies":[{"name":"wp","href":"https:\/\/api.w.org\/{rel}","templated":true}]}}