{"id":1485,"date":"2022-01-27T14:43:57","date_gmt":"2022-01-27T19:43:57","guid":{"rendered":"https:\/\/publissoft.dev\/spasante\/produit\/solution-desodorisante-pour-les-chaussures-120-ml\/"},"modified":"2023-04-17T14:43:27","modified_gmt":"2023-04-17T18:43:27","slug":"solution-desodorisante-chaussures-120-ml-spa-sante-le-nenuphar","status":"publish","type":"product","link":"https:\/\/publissoft.dev\/spasante\/produit\/solution-desodorisante-chaussures-120-ml-spa-sante-le-nenuphar\/","title":{"rendered":"PodoSens\u00e9 &#8211; Solution d\u00e9sodorisante &#8211; pour les chaussures 120 ml"},"content":{"rendered":"<p data-mce-fragment=\"1\">Solution d\u00e9sodorisante!<\/p>\n<p data-mce-fragment=\"1\">Un vaporisateur id\u00e9al pour d\u00e9sodoriser et assainir vos chaussures ! Notre vaporisateur contient des huiles essentielles \u00e0 action d\u00e9sodorisante et assainissante : Menthe Poivr\u00e9e (bact\u00e9ricide), Sauge (antisudoral) et Melaleuca (ou Tea-Tree oil) (antifongique). Il permet la pr\u00e9vention des risques de prolif\u00e9ration bact\u00e9rienne.<\/p>\n<h2 data-mce-fragment=\"1\"><span data-mce-fragment=\"1\">Mode d\u2019application :<\/span><\/h2>\n<p data-mce-fragment=\"1\"><strong data-mce-fragment=\"1\">\u00a0<\/strong><\/p>\n<p data-mce-fragment=\"1\">Vaporiser \u00e0 l\u2019int\u00e9rieur des chaussures de tous types (ex. : pantoufles, patins, bottes de sport, chaussures etc.)<\/p>\n<table data-mce-fragment=\"1\">\n<tbody data-mce-fragment=\"1\">\n<tr data-mce-fragment=\"1\">\n<td data-mce-fragment=\"1\">\n<p data-mce-fragment=\"1\"><span data-mce-fragment=\"1\"><strong data-mce-fragment=\"1\">Ingr\u00e9dients Principaux<\/strong><\/span><\/p>\n<\/td>\n<td data-mce-fragment=\"1\">\n<p data-mce-fragment=\"1\"><span data-mce-fragment=\"1\"><strong data-mce-fragment=\"1\">B\u00e9n\u00e9fices \/ Propri\u00e9t\u00e9s<\/strong><\/span><\/p>\n<\/td>\n<\/tr>\n<tr data-mce-fragment=\"1\">\n<td data-mce-fragment=\"1\">\n<p data-mce-fragment=\"1\"><strong data-mce-fragment=\"1\">Propyl\u00e8ne Glycol<\/strong><\/p>\n<\/td>\n<td data-mce-fragment=\"1\">\n<p data-mce-fragment=\"1\">Agit comme un humectant anti-moisissure dans certains cosm\u00e9tiques.<\/p>\n<\/td>\n<\/tr>\n<tr data-mce-fragment=\"1\">\n<td data-mce-fragment=\"1\">\n<p data-mce-fragment=\"1\"><strong data-mce-fragment=\"1\">Salvia Officinalis oil (Sauge)<\/strong><\/p>\n<\/td>\n<td data-mce-fragment=\"1\">\n<p data-mce-fragment=\"1\">Plante m\u00e9dicinale. Poss\u00e8de des propri\u00e9t\u00e9s antioxydantes, anti-inflammatoires et antiseptiques.<\/p>\n<\/td>\n<\/tr>\n<tr data-mce-fragment=\"1\">\n<td data-mce-fragment=\"1\">\n<p data-mce-fragment=\"1\"><strong data-mce-fragment=\"1\">Melaleuca Alternifolia Leaf oil (Arbre de th\u00e9)<\/strong><\/p>\n<\/td>\n<td data-mce-fragment=\"1\">\n<p data-mce-fragment=\"1\">Antibact\u00e9rien majeur \u00e0 large spectre, antiviral puissant, anti- parasitaire et antifongique tr\u00e8s efficace.<\/p>\n<\/td>\n<\/tr>\n<tr data-mce-fragment=\"1\">\n<td data-mce-fragment=\"1\">\n<p data-mce-fragment=\"1\"><strong data-mce-fragment=\"1\">Mentha Piperita (Menthe Poivr\u00e9e)<\/strong><\/p>\n<\/td>\n<td data-mce-fragment=\"1\">\n<p data-mce-fragment=\"1\">Antiprurigineuse (calme les d\u00e9mangeaisons). Bact\u00e9ricide, fongicide.<\/p>\n<p data-mce-fragment=\"1\"><span data-mce-fragment=\"1\">Balises:\u00a0<\/span><a href=\"https:\/\/podosense.ca\/boutique\/fr\/product\/search\/?tag=Vaporisateur%20chaussure\" data-mce-fragment=\"1\">Vaporisateur chaussure<\/a><span data-mce-fragment=\"1\">,\u00a0<\/span><a href=\"https:\/\/podosense.ca\/boutique\/fr\/product\/search\/?tag=Spray%20chaussure\" data-mce-fragment=\"1\">Spray chaussure<\/a><span data-mce-fragment=\"1\">,\u00a0<\/span><a href=\"https:\/\/podosense.ca\/boutique\/fr\/product\/search\/?tag=D%C3%A9sodorisant\" data-mce-fragment=\"1\">D\u00e9sodorisant<\/a><span data-mce-fragment=\"1\">,\u00a0<\/span><a href=\"https:\/\/podosense.ca\/boutique\/fr\/product\/search\/?tag=Solution%20d%C3%A9sodorisant\" data-mce-fragment=\"1\">Solution d\u00e9sodorisant<\/a><\/p>\n<\/td>\n<\/tr>\n<\/tbody>\n<\/table>\n","protected":false},"excerpt":{"rendered":"<p>Solution d\u00e9sodorisante! Un vaporisateur id\u00e9al pour d\u00e9sodoriser et assainir vos chaussures ! Notre vaporisateur contient des huiles essentielles \u00e0 action d\u00e9sodorisante et assainissante : Menthe Poivr\u00e9e (bact\u00e9ricide), Sauge (antisudoral) et Melaleuca (ou Tea-Tree oil) (antifongique). Il permet la pr\u00e9vention des risques de prolif\u00e9ration bact\u00e9rienne. Mode d\u2019application : \u00a0 Vaporiser \u00e0 l\u2019int\u00e9rieur des chaussures de tous &hellip;<\/p>\n","protected":false},"featured_media":1486,"template":"","meta":{"_acf_changed":false,"_genesis_hide_title":false,"_genesis_hide_breadcrumbs":false,"_genesis_hide_singular_image":false,"_genesis_hide_footer_widgets":false,"_genesis_custom_body_class":"","_genesis_custom_post_class":"","_genesis_layout":""},"product_cat":[37,36],"product_tag":[],"giftcard-category":[],"class_list":{"0":"post-1485","1":"product","2":"type-product","3":"status-publish","4":"has-post-thumbnail","6":"product_cat-produits","7":"product_cat-podosense","8":"entry","10":"first","11":"instock","12":"taxable","13":"shipping-taxable","14":"purchasable","15":"product-type-simple"},"acf":[],"yoast_head":"<!-- This site is optimized with the Yoast SEO plugin v22.5 - https:\/\/yoast.com\/wordpress\/plugins\/seo\/ -->\n<title>PodoSens\u00e9 - Solution d\u00e9sodorisante - pour les chaussures 120 ml - Spa Sant\u00e9 Le N\u00e9nuphar<\/title>\n<meta name=\"description\" content=\"Solution d\u00e9sodorisante - pour les chaussures 120 ml - Un spray id\u00e9al pour d\u00e9sodoriser et assainir les chaussures. Vous voulez en savoir plus ? Visitez-nous.\" \/>\n<meta name=\"robots\" content=\"noindex, follow, max-snippet:-1, max-image-preview:large, max-video-preview:-1\" \/>\n<meta property=\"og:locale\" content=\"fr_CA\" \/>\n<meta property=\"og:type\" content=\"article\" \/>\n<meta property=\"og:title\" content=\"PodoSens\u00e9 - Solution d\u00e9sodorisante - pour les chaussures 120 ml - Spa Sant\u00e9 Le N\u00e9nuphar\" \/>\n<meta property=\"og:description\" content=\"Solution d\u00e9sodorisante - pour les chaussures 120 ml - Un spray id\u00e9al pour d\u00e9sodoriser et assainir les chaussures. Vous voulez en savoir plus ? Visitez-nous.\" \/>\n<meta property=\"og:url\" content=\"https:\/\/publissoft.dev\/spasante\/produit\/solution-desodorisante-chaussures-120-ml-spa-sante-le-nenuphar\/\" \/>\n<meta property=\"og:site_name\" content=\"Spa Sant\u00e9 Le N\u00e9nuphar\" \/>\n<meta property=\"article:publisher\" content=\"https:\/\/www.facebook.com\/SpaSanteLeNenuphar\" \/>\n<meta property=\"article:modified_time\" content=\"2023-04-17T18:43:27+00:00\" \/>\n<meta property=\"og:image\" content=\"https:\/\/publissoft.dev\/spasante\/wp-content\/uploads\/2022\/01\/Solutiondesodorisante-pourleschaussures120ml.jpg\" \/>\n\t<meta property=\"og:image:width\" content=\"550\" \/>\n\t<meta property=\"og:image:height\" content=\"550\" \/>\n\t<meta property=\"og:image:type\" content=\"image\/jpeg\" \/>\n<meta name=\"twitter:card\" content=\"summary_large_image\" \/>\n<meta name=\"twitter:label1\" content=\"Estimation du temps de lecture\" \/>\n\t<meta name=\"twitter:data1\" content=\"1 minute\" \/>\n<script type=\"application\/ld+json\" class=\"yoast-schema-graph\">{\"@context\":\"https:\/\/schema.org\",\"@graph\":[{\"@type\":\"WebPage\",\"@id\":\"https:\/\/publissoft.dev\/spasante\/produit\/solution-desodorisante-chaussures-120-ml-spa-sante-le-nenuphar\/\",\"url\":\"https:\/\/publissoft.dev\/spasante\/produit\/solution-desodorisante-chaussures-120-ml-spa-sante-le-nenuphar\/\",\"name\":\"PodoSens\u00e9 - Solution d\u00e9sodorisante - pour les chaussures 120 ml - Spa Sant\u00e9 Le N\u00e9nuphar\",\"isPartOf\":{\"@id\":\"https:\/\/publissoft.dev\/spasante\/#website\"},\"primaryImageOfPage\":{\"@id\":\"https:\/\/publissoft.dev\/spasante\/produit\/solution-desodorisante-chaussures-120-ml-spa-sante-le-nenuphar\/#primaryimage\"},\"image\":{\"@id\":\"https:\/\/publissoft.dev\/spasante\/produit\/solution-desodorisante-chaussures-120-ml-spa-sante-le-nenuphar\/#primaryimage\"},\"thumbnailUrl\":\"https:\/\/publissoft.dev\/spasante\/wp-content\/uploads\/2022\/01\/Solutiondesodorisante-pourleschaussures120ml.jpg\",\"datePublished\":\"2022-01-27T19:43:57+00:00\",\"dateModified\":\"2023-04-17T18:43:27+00:00\",\"description\":\"Solution d\u00e9sodorisante - pour les chaussures 120 ml - Un spray id\u00e9al pour d\u00e9sodoriser et assainir les chaussures. Vous voulez en savoir plus ? Visitez-nous.\",\"breadcrumb\":{\"@id\":\"https:\/\/publissoft.dev\/spasante\/produit\/solution-desodorisante-chaussures-120-ml-spa-sante-le-nenuphar\/#breadcrumb\"},\"inLanguage\":\"fr-CA\",\"potentialAction\":[{\"@type\":\"ReadAction\",\"target\":[\"https:\/\/publissoft.dev\/spasante\/produit\/solution-desodorisante-chaussures-120-ml-spa-sante-le-nenuphar\/\"]}]},{\"@type\":\"ImageObject\",\"inLanguage\":\"fr-CA\",\"@id\":\"https:\/\/publissoft.dev\/spasante\/produit\/solution-desodorisante-chaussures-120-ml-spa-sante-le-nenuphar\/#primaryimage\",\"url\":\"https:\/\/publissoft.dev\/spasante\/wp-content\/uploads\/2022\/01\/Solutiondesodorisante-pourleschaussures120ml.jpg\",\"contentUrl\":\"https:\/\/publissoft.dev\/spasante\/wp-content\/uploads\/2022\/01\/Solutiondesodorisante-pourleschaussures120ml.jpg\",\"width\":550,\"height\":550},{\"@type\":\"BreadcrumbList\",\"@id\":\"https:\/\/publissoft.dev\/spasante\/produit\/solution-desodorisante-chaussures-120-ml-spa-sante-le-nenuphar\/#breadcrumb\",\"itemListElement\":[{\"@type\":\"ListItem\",\"position\":1,\"name\":\"Accueil\",\"item\":\"https:\/\/publissoft.dev\/spasante\/\"},{\"@type\":\"ListItem\",\"position\":2,\"name\":\"Boutique\",\"item\":\"https:\/\/publissoft.dev\/spasante\/boutique\/\"},{\"@type\":\"ListItem\",\"position\":3,\"name\":\"PodoSens\u00e9 &#8211; Solution d\u00e9sodorisante &#8211; pour les chaussures 120 ml\"}]},{\"@type\":\"WebSite\",\"@id\":\"https:\/\/publissoft.dev\/spasante\/#website\",\"url\":\"https:\/\/publissoft.dev\/spasante\/\",\"name\":\"Spa Sant\u00e9 Le N\u00e9nuphar\",\"description\":\"\",\"publisher\":{\"@id\":\"https:\/\/publissoft.dev\/spasante\/#organization\"},\"potentialAction\":[{\"@type\":\"SearchAction\",\"target\":{\"@type\":\"EntryPoint\",\"urlTemplate\":\"https:\/\/publissoft.dev\/spasante\/?s={search_term_string}\"},\"query-input\":\"required name=search_term_string\"}],\"inLanguage\":\"fr-CA\"},{\"@type\":\"Organization\",\"@id\":\"https:\/\/publissoft.dev\/spasante\/#organization\",\"name\":\"Spa Sant\u00e9 Le N\u00e9nuphar\",\"url\":\"https:\/\/publissoft.dev\/spasante\/\",\"logo\":{\"@type\":\"ImageObject\",\"inLanguage\":\"fr-CA\",\"@id\":\"https:\/\/publissoft.dev\/spasante\/#\/schema\/logo\/image\/\",\"url\":\"https:\/\/publissoft.dev\/spasante\/wp-content\/uploads\/2022\/11\/logo-jpg.jpeg\",\"contentUrl\":\"https:\/\/publissoft.dev\/spasante\/wp-content\/uploads\/2022\/11\/logo-jpg.jpeg\",\"width\":900,\"height\":900,\"caption\":\"Spa Sant\u00e9 Le N\u00e9nuphar\"},\"image\":{\"@id\":\"https:\/\/publissoft.dev\/spasante\/#\/schema\/logo\/image\/\"},\"sameAs\":[\"https:\/\/www.facebook.com\/SpaSanteLeNenuphar\",\"https:\/\/www.instagram.com\/spasantelenenuphar\/?hl=fr\"]}]}<\/script>\n<!-- \/ Yoast SEO plugin. -->","yoast_head_json":{"title":"PodoSens\u00e9 - Solution d\u00e9sodorisante - pour les chaussures 120 ml - Spa Sant\u00e9 Le N\u00e9nuphar","description":"Solution d\u00e9sodorisante - pour les chaussures 120 ml - Un spray id\u00e9al pour d\u00e9sodoriser et assainir les chaussures. Vous voulez en savoir plus ? Visitez-nous.","robots":{"index":"noindex","follow":"follow","max-snippet":"max-snippet:-1","max-image-preview":"max-image-preview:large","max-video-preview":"max-video-preview:-1"},"og_locale":"fr_CA","og_type":"article","og_title":"PodoSens\u00e9 - Solution d\u00e9sodorisante - pour les chaussures 120 ml - Spa Sant\u00e9 Le N\u00e9nuphar","og_description":"Solution d\u00e9sodorisante - pour les chaussures 120 ml - Un spray id\u00e9al pour d\u00e9sodoriser et assainir les chaussures. Vous voulez en savoir plus ? Visitez-nous.","og_url":"https:\/\/publissoft.dev\/spasante\/produit\/solution-desodorisante-chaussures-120-ml-spa-sante-le-nenuphar\/","og_site_name":"Spa Sant\u00e9 Le N\u00e9nuphar","article_publisher":"https:\/\/www.facebook.com\/SpaSanteLeNenuphar","article_modified_time":"2023-04-17T18:43:27+00:00","og_image":[{"width":550,"height":550,"url":"https:\/\/publissoft.dev\/spasante\/wp-content\/uploads\/2022\/01\/Solutiondesodorisante-pourleschaussures120ml.jpg","type":"image\/jpeg"}],"twitter_card":"summary_large_image","twitter_misc":{"Estimation du temps de lecture":"1 minute"},"schema":{"@context":"https:\/\/schema.org","@graph":[{"@type":"WebPage","@id":"https:\/\/publissoft.dev\/spasante\/produit\/solution-desodorisante-chaussures-120-ml-spa-sante-le-nenuphar\/","url":"https:\/\/publissoft.dev\/spasante\/produit\/solution-desodorisante-chaussures-120-ml-spa-sante-le-nenuphar\/","name":"PodoSens\u00e9 - Solution d\u00e9sodorisante - pour les chaussures 120 ml - Spa Sant\u00e9 Le N\u00e9nuphar","isPartOf":{"@id":"https:\/\/publissoft.dev\/spasante\/#website"},"primaryImageOfPage":{"@id":"https:\/\/publissoft.dev\/spasante\/produit\/solution-desodorisante-chaussures-120-ml-spa-sante-le-nenuphar\/#primaryimage"},"image":{"@id":"https:\/\/publissoft.dev\/spasante\/produit\/solution-desodorisante-chaussures-120-ml-spa-sante-le-nenuphar\/#primaryimage"},"thumbnailUrl":"https:\/\/publissoft.dev\/spasante\/wp-content\/uploads\/2022\/01\/Solutiondesodorisante-pourleschaussures120ml.jpg","datePublished":"2022-01-27T19:43:57+00:00","dateModified":"2023-04-17T18:43:27+00:00","description":"Solution d\u00e9sodorisante - pour les chaussures 120 ml - Un spray id\u00e9al pour d\u00e9sodoriser et assainir les chaussures. Vous voulez en savoir plus ? Visitez-nous.","breadcrumb":{"@id":"https:\/\/publissoft.dev\/spasante\/produit\/solution-desodorisante-chaussures-120-ml-spa-sante-le-nenuphar\/#breadcrumb"},"inLanguage":"fr-CA","potentialAction":[{"@type":"ReadAction","target":["https:\/\/publissoft.dev\/spasante\/produit\/solution-desodorisante-chaussures-120-ml-spa-sante-le-nenuphar\/"]}]},{"@type":"ImageObject","inLanguage":"fr-CA","@id":"https:\/\/publissoft.dev\/spasante\/produit\/solution-desodorisante-chaussures-120-ml-spa-sante-le-nenuphar\/#primaryimage","url":"https:\/\/publissoft.dev\/spasante\/wp-content\/uploads\/2022\/01\/Solutiondesodorisante-pourleschaussures120ml.jpg","contentUrl":"https:\/\/publissoft.dev\/spasante\/wp-content\/uploads\/2022\/01\/Solutiondesodorisante-pourleschaussures120ml.jpg","width":550,"height":550},{"@type":"BreadcrumbList","@id":"https:\/\/publissoft.dev\/spasante\/produit\/solution-desodorisante-chaussures-120-ml-spa-sante-le-nenuphar\/#breadcrumb","itemListElement":[{"@type":"ListItem","position":1,"name":"Accueil","item":"https:\/\/publissoft.dev\/spasante\/"},{"@type":"ListItem","position":2,"name":"Boutique","item":"https:\/\/publissoft.dev\/spasante\/boutique\/"},{"@type":"ListItem","position":3,"name":"PodoSens\u00e9 &#8211; Solution d\u00e9sodorisante &#8211; pour les chaussures 120 ml"}]},{"@type":"WebSite","@id":"https:\/\/publissoft.dev\/spasante\/#website","url":"https:\/\/publissoft.dev\/spasante\/","name":"Spa Sant\u00e9 Le N\u00e9nuphar","description":"","publisher":{"@id":"https:\/\/publissoft.dev\/spasante\/#organization"},"potentialAction":[{"@type":"SearchAction","target":{"@type":"EntryPoint","urlTemplate":"https:\/\/publissoft.dev\/spasante\/?s={search_term_string}"},"query-input":"required name=search_term_string"}],"inLanguage":"fr-CA"},{"@type":"Organization","@id":"https:\/\/publissoft.dev\/spasante\/#organization","name":"Spa Sant\u00e9 Le N\u00e9nuphar","url":"https:\/\/publissoft.dev\/spasante\/","logo":{"@type":"ImageObject","inLanguage":"fr-CA","@id":"https:\/\/publissoft.dev\/spasante\/#\/schema\/logo\/image\/","url":"https:\/\/publissoft.dev\/spasante\/wp-content\/uploads\/2022\/11\/logo-jpg.jpeg","contentUrl":"https:\/\/publissoft.dev\/spasante\/wp-content\/uploads\/2022\/11\/logo-jpg.jpeg","width":900,"height":900,"caption":"Spa Sant\u00e9 Le N\u00e9nuphar"},"image":{"@id":"https:\/\/publissoft.dev\/spasante\/#\/schema\/logo\/image\/"},"sameAs":["https:\/\/www.facebook.com\/SpaSanteLeNenuphar","https:\/\/www.instagram.com\/spasantelenenuphar\/?hl=fr"]}]}},"_links":{"self":[{"href":"https:\/\/publissoft.dev\/spasante\/wp-json\/wp\/v2\/product\/1485","targetHints":{"allow":["GET"]}}],"collection":[{"href":"https:\/\/publissoft.dev\/spasante\/wp-json\/wp\/v2\/product"}],"about":[{"href":"https:\/\/publissoft.dev\/spasante\/wp-json\/wp\/v2\/types\/product"}],"wp:featuredmedia":[{"embeddable":true,"href":"https:\/\/publissoft.dev\/spasante\/wp-json\/wp\/v2\/media\/1486"}],"wp:attachment":[{"href":"https:\/\/publissoft.dev\/spasante\/wp-json\/wp\/v2\/media?parent=1485"}],"wp:term":[{"taxonomy":"product_cat","embeddable":true,"href":"https:\/\/publissoft.dev\/spasante\/wp-json\/wp\/v2\/product_cat?post=1485"},{"taxonomy":"product_tag","embeddable":true,"href":"https:\/\/publissoft.dev\/spasante\/wp-json\/wp\/v2\/product_tag?post=1485"},{"taxonomy":"giftcard-category","embeddable":true,"href":"https:\/\/publissoft.dev\/spasante\/wp-json\/wp\/v2\/giftcard-category?post=1485"}],"curies":[{"name":"wp","href":"https:\/\/api.w.org\/{rel}","templated":true}]}}