{"id":1487,"date":"2022-01-27T14:43:58","date_gmt":"2022-01-27T19:43:58","guid":{"rendered":"https:\/\/publissoft.dev\/spasante\/produit\/solution-hydratation-agrumes-120-ml\/"},"modified":"2023-04-17T14:41:53","modified_gmt":"2023-04-17T18:41:53","slug":"solution-hydratation-agrumes-120-ml-spa-sante-le-nenuphar","status":"publish","type":"product","link":"https:\/\/publissoft.dev\/spasante\/produit\/solution-hydratation-agrumes-120-ml-spa-sante-le-nenuphar\/","title":{"rendered":"PodoSens\u00e9 &#8211; SOLUTION Hydratation (Agrumes) 120 mL"},"content":{"rendered":"<div class=\"descProd\" data-mce-fragment=\"1\">\n<p data-mce-fragment=\"1\">SOLUTION Hydratation (Agrumes ) convient \u00e0 tous les types de peaux, pour toute personne qui recherche une cr\u00e8me hydratante basique, \u00e0 l\u2019odeur naturelle, fra\u00eeche, l\u00e9g\u00e8re. La Cr\u00e8me Douceur aux Agrumes s\u2019applique sur les mains, les pieds, sur les jambes et peut aussi \u00eatre utilis\u00e9e sur tout le corps si on le souhaite. Le r\u00e9sultat sera une peau douce, soyeuse et souple, hydrat\u00e9e et fra\u00eeche.<\/p>\n<h2 data-mce-fragment=\"1\"><span style=\"color: #000000; font-size: 18px;\" data-mce-fragment=\"1\">Mode d\u2019application :<\/span><\/h2>\n<p data-mce-fragment=\"1\">Appliquer une noisette de Cr\u00e8me Douceur sur les jambes, les pieds et aussi entre les orteils. Masser doucement jusqu\u2019\u00e0 p\u00e9n\u00e9tration compl\u00e8te du produit<em data-mce-fragment=\"1\">.\u00a0<\/em>La Cr\u00e8me Douceur aux Agrumes peut aussi \u00eatre utilis\u00e9e sur le corps apr\u00e8s le bain ou la douche. Convient aux diab\u00e9tiques, cardiaques et autres conditions de sant\u00e9. Usage externe seulement.<\/p>\n<table style=\"border-collapse: collapse; border-spacing: 0px; color: #666666; font-family: open sans,sans-serif; font-size: 12px; max-width: 100%;\" data-mce-fragment=\"1\">\n<tbody data-mce-fragment=\"1\">\n<tr data-mce-fragment=\"1\">\n<td data-mce-fragment=\"1\">\n<p data-mce-fragment=\"1\"><strong data-mce-fragment=\"1\">Ingr\u00e9dients Principaux<\/strong><\/p>\n<\/td>\n<td data-mce-fragment=\"1\">\n<p data-mce-fragment=\"1\"><strong data-mce-fragment=\"1\">B\u00e9n\u00e9fices \/ Propri\u00e9t\u00e9s<\/strong><\/p>\n<\/td>\n<\/tr>\n<tr data-mce-fragment=\"1\">\n<td data-mce-fragment=\"1\">\n<p data-mce-fragment=\"1\"><strong data-mce-fragment=\"1\">Butyrospermum Parkii (Shea) Butter (Beurre de Karit\u00e9)<\/strong><\/p>\n<\/td>\n<td data-mce-fragment=\"1\">\n<p data-mce-fragment=\"1\">Le beurre de karit\u00e9 est un produit efficace aux vertus exceptionnelles, poss\u00e9dant de puissantes vertus r\u00e9g\u00e9n\u00e9ratrices et r\u00e9paratrices de la peau gr\u00e2ce aux vitamines A, D, E et F qu\u2019il contient naturellement.<\/p>\n<\/td>\n<\/tr>\n<tr data-mce-fragment=\"1\">\n<td data-mce-fragment=\"1\">\n<p data-mce-fragment=\"1\"><strong data-mce-fragment=\"1\">Citrus Aurantium Dulcis (Orange) Peel oil<\/strong><\/p>\n<\/td>\n<td data-mce-fragment=\"1\">\n<p data-mce-fragment=\"1\">Excellente sur les peaux sensibles et irrit\u00e9es.<\/p>\n<\/td>\n<\/tr>\n<tr data-mce-fragment=\"1\">\n<td data-mce-fragment=\"1\">\n<p data-mce-fragment=\"1\"><strong data-mce-fragment=\"1\">Citrus Grandis (Grapefruit) Peel oil<\/strong><\/p>\n<\/td>\n<td data-mce-fragment=\"1\">\n<p data-mce-fragment=\"1\">Antiseptique, antispasmodique, calmante, digestif, tonique cutan\u00e9e, s\u00e9dative.<\/p>\n<\/td>\n<\/tr>\n<tr data-mce-fragment=\"1\">\n<td data-mce-fragment=\"1\">\n<p data-mce-fragment=\"1\"><strong data-mce-fragment=\"1\">Cymbopogon Schoenanthus oil<\/strong><\/p>\n<\/td>\n<td data-mce-fragment=\"1\">\n<p data-mce-fragment=\"1\">Vasodilatatrice, antispasmodique, anti-inflammatoire, antibact\u00e9rienne.<\/p>\n<\/td>\n<\/tr>\n<\/tbody>\n<\/table>\n<p data-mce-fragment=\"1\"><strong>Format :<\/strong> 120 ml<\/p>\n<p data-mce-fragment=\"1\">SOLUTION Hydratation (Agrumes ) convient \u00e0 tous les types de peaux, pour toute personne qui recherche une cr\u00e8me hydratante basique, \u00e0 l\u2019odeur naturelle, fra\u00eeche, l\u00e9g\u00e8re. La Cr\u00e8me Douceur aux Agrumes s\u2019applique sur les mains, les pieds, sur les jambes et peut aussi \u00eatre utilis\u00e9e sur tout le corps si on le souhaite. Le r\u00e9sultat sera une peau douce, soyeuse et souple, hydrat\u00e9e et fra\u00eeche.<\/p>\n<h2 data-mce-fragment=\"1\"><span style=\"color: #000000; font-size: 18px;\" data-mce-fragment=\"1\">Mode d\u2019application :<\/span><\/h2>\n<p data-mce-fragment=\"1\">Appliquer une noisette de Cr\u00e8me Douceur sur les jambes, les pieds et aussi entre les orteils. Masser doucement jusqu\u2019\u00e0 p\u00e9n\u00e9tration compl\u00e8te du produit<em data-mce-fragment=\"1\">.\u00a0<\/em>La Cr\u00e8me Douceur aux Agrumes peut aussi \u00eatre utilis\u00e9e sur le corps apr\u00e8s le bain ou la douche. Convient aux diab\u00e9tiques, cardiaques et autres conditions de sant\u00e9. Usage externe seulement.<\/p>\n<table style=\"border-collapse: collapse; border-spacing: 0px; color: #666666; font-family: open sans,sans-serif; font-size: 12px; max-width: 100%;\" data-mce-fragment=\"1\">\n<tbody data-mce-fragment=\"1\">\n<tr data-mce-fragment=\"1\">\n<td data-mce-fragment=\"1\">\n<p data-mce-fragment=\"1\"><strong data-mce-fragment=\"1\">Ingr\u00e9dients Principaux<\/strong><\/p>\n<\/td>\n<td data-mce-fragment=\"1\">\n<p data-mce-fragment=\"1\"><strong data-mce-fragment=\"1\">B\u00e9n\u00e9fices \/ Propri\u00e9t\u00e9s<\/strong><\/p>\n<\/td>\n<\/tr>\n<tr data-mce-fragment=\"1\">\n<td data-mce-fragment=\"1\">\n<p data-mce-fragment=\"1\"><strong data-mce-fragment=\"1\">Butyrospermum Parkii (Shea) Butter (Beurre de Karit\u00e9)<\/strong><\/p>\n<\/td>\n<td data-mce-fragment=\"1\">\n<p data-mce-fragment=\"1\">Le beurre de karit\u00e9 est un produit efficace aux vertus exceptionnelles, poss\u00e9dant de puissantes vertus r\u00e9g\u00e9n\u00e9ratrices et r\u00e9paratrices de la peau gr\u00e2ce aux vitamines A, D, E et F qu\u2019il contient naturellement.<\/p>\n<\/td>\n<\/tr>\n<tr data-mce-fragment=\"1\">\n<td data-mce-fragment=\"1\">\n<p data-mce-fragment=\"1\"><strong data-mce-fragment=\"1\">Citrus Aurantium Dulcis (Orange) Peel oil<\/strong><\/p>\n<\/td>\n<td data-mce-fragment=\"1\">\n<p data-mce-fragment=\"1\">Excellente sur les peaux sensibles et irrit\u00e9es.<\/p>\n<\/td>\n<\/tr>\n<tr data-mce-fragment=\"1\">\n<td data-mce-fragment=\"1\">\n<p data-mce-fragment=\"1\"><strong data-mce-fragment=\"1\">Citrus Grandis (Grapefruit) Peel oil<\/strong><\/p>\n<\/td>\n<td data-mce-fragment=\"1\">\n<p data-mce-fragment=\"1\">Antiseptique, antispasmodique, calmante, digestif, tonique cutan\u00e9e, s\u00e9dative.<\/p>\n<\/td>\n<\/tr>\n<tr data-mce-fragment=\"1\">\n<td data-mce-fragment=\"1\">\n<p data-mce-fragment=\"1\"><strong data-mce-fragment=\"1\">Cymbopogon Schoenanthus oil<\/strong><\/p>\n<\/td>\n<td data-mce-fragment=\"1\">\n<p data-mce-fragment=\"1\">Vasodilatatrice, antispasmodique, anti-inflammatoire, antibact\u00e9rienne.<\/p>\n<\/td>\n<\/tr>\n<\/tbody>\n<\/table>\n<p data-mce-fragment=\"1\"><strong>Format :<\/strong> 120 ml<\/p>\n<\/div>\n","protected":false},"excerpt":{"rendered":"<p>SOLUTION Hydratation (Agrumes ) convient \u00e0 tous les types de peaux, pour toute personne qui recherche une cr\u00e8me hydratante basique, \u00e0 l\u2019odeur naturelle, fra\u00eeche, l\u00e9g\u00e8re. La Cr\u00e8me Douceur aux Agrumes s\u2019applique sur les mains, les pieds, sur les jambes et peut aussi \u00eatre utilis\u00e9e sur tout le corps si on le souhaite. Le r\u00e9sultat sera &hellip;<\/p>\n","protected":false},"featured_media":1488,"template":"","meta":{"_acf_changed":false,"_genesis_hide_title":false,"_genesis_hide_breadcrumbs":false,"_genesis_hide_singular_image":false,"_genesis_hide_footer_widgets":false,"_genesis_custom_body_class":"","_genesis_custom_post_class":"","_genesis_layout":""},"product_cat":[37,36],"product_tag":[],"giftcard-category":[],"class_list":{"0":"post-1487","1":"product","2":"type-product","3":"status-publish","4":"has-post-thumbnail","6":"product_cat-produits","7":"product_cat-podosense","8":"entry","10":"first","11":"instock","12":"taxable","13":"shipping-taxable","14":"purchasable","15":"product-type-simple"},"acf":[],"yoast_head":"<!-- This site is optimized with the Yoast SEO plugin v22.5 - https:\/\/yoast.com\/wordpress\/plugins\/seo\/ -->\n<title>PodoSens\u00e9 - SOLUTION Hydratation (Agrumes) 120 mL - Spa Sant\u00e9 Le N\u00e9nuphar<\/title>\n<meta name=\"description\" content=\"SOLUTION Hydratation (Agrumes) 120 ml - Convient \u00e0 ceux qui recherchent une cr\u00e8me hydratante de base avec un parfum naturel, frais et l\u00e9ger. Visitez-nous !\" \/>\n<meta name=\"robots\" content=\"noindex, follow, max-snippet:-1, max-image-preview:large, max-video-preview:-1\" \/>\n<meta property=\"og:locale\" content=\"fr_CA\" \/>\n<meta property=\"og:type\" content=\"article\" \/>\n<meta property=\"og:title\" content=\"PodoSens\u00e9 - SOLUTION Hydratation (Agrumes) 120 mL - Spa Sant\u00e9 Le N\u00e9nuphar\" \/>\n<meta property=\"og:description\" content=\"SOLUTION Hydratation (Agrumes) 120 ml - Convient \u00e0 ceux qui recherchent une cr\u00e8me hydratante de base avec un parfum naturel, frais et l\u00e9ger. Visitez-nous !\" \/>\n<meta property=\"og:url\" content=\"https:\/\/publissoft.dev\/spasante\/produit\/solution-hydratation-agrumes-120-ml-spa-sante-le-nenuphar\/\" \/>\n<meta property=\"og:site_name\" content=\"Spa Sant\u00e9 Le N\u00e9nuphar\" \/>\n<meta property=\"article:publisher\" content=\"https:\/\/www.facebook.com\/SpaSanteLeNenuphar\" \/>\n<meta property=\"article:modified_time\" content=\"2023-04-17T18:41:53+00:00\" \/>\n<meta property=\"og:image\" content=\"https:\/\/publissoft.dev\/spasante\/wp-content\/uploads\/2022\/01\/SOLUTIONHydratation_Agrumes_120mL.jpg\" \/>\n\t<meta property=\"og:image:width\" content=\"550\" \/>\n\t<meta property=\"og:image:height\" content=\"550\" \/>\n\t<meta property=\"og:image:type\" content=\"image\/jpeg\" \/>\n<meta name=\"twitter:card\" content=\"summary_large_image\" \/>\n<meta name=\"twitter:label1\" content=\"Estimation du temps de lecture\" \/>\n\t<meta name=\"twitter:data1\" content=\"3 minutes\" \/>\n<script type=\"application\/ld+json\" class=\"yoast-schema-graph\">{\"@context\":\"https:\/\/schema.org\",\"@graph\":[{\"@type\":\"WebPage\",\"@id\":\"https:\/\/publissoft.dev\/spasante\/produit\/solution-hydratation-agrumes-120-ml-spa-sante-le-nenuphar\/\",\"url\":\"https:\/\/publissoft.dev\/spasante\/produit\/solution-hydratation-agrumes-120-ml-spa-sante-le-nenuphar\/\",\"name\":\"PodoSens\u00e9 - SOLUTION Hydratation (Agrumes) 120 mL - Spa Sant\u00e9 Le N\u00e9nuphar\",\"isPartOf\":{\"@id\":\"https:\/\/publissoft.dev\/spasante\/#website\"},\"primaryImageOfPage\":{\"@id\":\"https:\/\/publissoft.dev\/spasante\/produit\/solution-hydratation-agrumes-120-ml-spa-sante-le-nenuphar\/#primaryimage\"},\"image\":{\"@id\":\"https:\/\/publissoft.dev\/spasante\/produit\/solution-hydratation-agrumes-120-ml-spa-sante-le-nenuphar\/#primaryimage\"},\"thumbnailUrl\":\"https:\/\/publissoft.dev\/spasante\/wp-content\/uploads\/2022\/01\/SOLUTIONHydratation_Agrumes_120mL.jpg\",\"datePublished\":\"2022-01-27T19:43:58+00:00\",\"dateModified\":\"2023-04-17T18:41:53+00:00\",\"description\":\"SOLUTION Hydratation (Agrumes) 120 ml - Convient \u00e0 ceux qui recherchent une cr\u00e8me hydratante de base avec un parfum naturel, frais et l\u00e9ger. Visitez-nous !\",\"breadcrumb\":{\"@id\":\"https:\/\/publissoft.dev\/spasante\/produit\/solution-hydratation-agrumes-120-ml-spa-sante-le-nenuphar\/#breadcrumb\"},\"inLanguage\":\"fr-CA\",\"potentialAction\":[{\"@type\":\"ReadAction\",\"target\":[\"https:\/\/publissoft.dev\/spasante\/produit\/solution-hydratation-agrumes-120-ml-spa-sante-le-nenuphar\/\"]}]},{\"@type\":\"ImageObject\",\"inLanguage\":\"fr-CA\",\"@id\":\"https:\/\/publissoft.dev\/spasante\/produit\/solution-hydratation-agrumes-120-ml-spa-sante-le-nenuphar\/#primaryimage\",\"url\":\"https:\/\/publissoft.dev\/spasante\/wp-content\/uploads\/2022\/01\/SOLUTIONHydratation_Agrumes_120mL.jpg\",\"contentUrl\":\"https:\/\/publissoft.dev\/spasante\/wp-content\/uploads\/2022\/01\/SOLUTIONHydratation_Agrumes_120mL.jpg\",\"width\":550,\"height\":550},{\"@type\":\"BreadcrumbList\",\"@id\":\"https:\/\/publissoft.dev\/spasante\/produit\/solution-hydratation-agrumes-120-ml-spa-sante-le-nenuphar\/#breadcrumb\",\"itemListElement\":[{\"@type\":\"ListItem\",\"position\":1,\"name\":\"Accueil\",\"item\":\"https:\/\/publissoft.dev\/spasante\/\"},{\"@type\":\"ListItem\",\"position\":2,\"name\":\"Boutique\",\"item\":\"https:\/\/publissoft.dev\/spasante\/boutique\/\"},{\"@type\":\"ListItem\",\"position\":3,\"name\":\"PodoSens\u00e9 &#8211; SOLUTION Hydratation (Agrumes) 120 mL\"}]},{\"@type\":\"WebSite\",\"@id\":\"https:\/\/publissoft.dev\/spasante\/#website\",\"url\":\"https:\/\/publissoft.dev\/spasante\/\",\"name\":\"Spa Sant\u00e9 Le N\u00e9nuphar\",\"description\":\"\",\"publisher\":{\"@id\":\"https:\/\/publissoft.dev\/spasante\/#organization\"},\"potentialAction\":[{\"@type\":\"SearchAction\",\"target\":{\"@type\":\"EntryPoint\",\"urlTemplate\":\"https:\/\/publissoft.dev\/spasante\/?s={search_term_string}\"},\"query-input\":\"required name=search_term_string\"}],\"inLanguage\":\"fr-CA\"},{\"@type\":\"Organization\",\"@id\":\"https:\/\/publissoft.dev\/spasante\/#organization\",\"name\":\"Spa Sant\u00e9 Le N\u00e9nuphar\",\"url\":\"https:\/\/publissoft.dev\/spasante\/\",\"logo\":{\"@type\":\"ImageObject\",\"inLanguage\":\"fr-CA\",\"@id\":\"https:\/\/publissoft.dev\/spasante\/#\/schema\/logo\/image\/\",\"url\":\"https:\/\/publissoft.dev\/spasante\/wp-content\/uploads\/2022\/11\/logo-jpg.jpeg\",\"contentUrl\":\"https:\/\/publissoft.dev\/spasante\/wp-content\/uploads\/2022\/11\/logo-jpg.jpeg\",\"width\":900,\"height\":900,\"caption\":\"Spa Sant\u00e9 Le N\u00e9nuphar\"},\"image\":{\"@id\":\"https:\/\/publissoft.dev\/spasante\/#\/schema\/logo\/image\/\"},\"sameAs\":[\"https:\/\/www.facebook.com\/SpaSanteLeNenuphar\",\"https:\/\/www.instagram.com\/spasantelenenuphar\/?hl=fr\"]}]}<\/script>\n<!-- \/ Yoast SEO plugin. -->","yoast_head_json":{"title":"PodoSens\u00e9 - SOLUTION Hydratation (Agrumes) 120 mL - Spa Sant\u00e9 Le N\u00e9nuphar","description":"SOLUTION Hydratation (Agrumes) 120 ml - Convient \u00e0 ceux qui recherchent une cr\u00e8me hydratante de base avec un parfum naturel, frais et l\u00e9ger. Visitez-nous !","robots":{"index":"noindex","follow":"follow","max-snippet":"max-snippet:-1","max-image-preview":"max-image-preview:large","max-video-preview":"max-video-preview:-1"},"og_locale":"fr_CA","og_type":"article","og_title":"PodoSens\u00e9 - SOLUTION Hydratation (Agrumes) 120 mL - Spa Sant\u00e9 Le N\u00e9nuphar","og_description":"SOLUTION Hydratation (Agrumes) 120 ml - Convient \u00e0 ceux qui recherchent une cr\u00e8me hydratante de base avec un parfum naturel, frais et l\u00e9ger. Visitez-nous !","og_url":"https:\/\/publissoft.dev\/spasante\/produit\/solution-hydratation-agrumes-120-ml-spa-sante-le-nenuphar\/","og_site_name":"Spa Sant\u00e9 Le N\u00e9nuphar","article_publisher":"https:\/\/www.facebook.com\/SpaSanteLeNenuphar","article_modified_time":"2023-04-17T18:41:53+00:00","og_image":[{"width":550,"height":550,"url":"https:\/\/publissoft.dev\/spasante\/wp-content\/uploads\/2022\/01\/SOLUTIONHydratation_Agrumes_120mL.jpg","type":"image\/jpeg"}],"twitter_card":"summary_large_image","twitter_misc":{"Estimation du temps de lecture":"3 minutes"},"schema":{"@context":"https:\/\/schema.org","@graph":[{"@type":"WebPage","@id":"https:\/\/publissoft.dev\/spasante\/produit\/solution-hydratation-agrumes-120-ml-spa-sante-le-nenuphar\/","url":"https:\/\/publissoft.dev\/spasante\/produit\/solution-hydratation-agrumes-120-ml-spa-sante-le-nenuphar\/","name":"PodoSens\u00e9 - SOLUTION Hydratation (Agrumes) 120 mL - Spa Sant\u00e9 Le N\u00e9nuphar","isPartOf":{"@id":"https:\/\/publissoft.dev\/spasante\/#website"},"primaryImageOfPage":{"@id":"https:\/\/publissoft.dev\/spasante\/produit\/solution-hydratation-agrumes-120-ml-spa-sante-le-nenuphar\/#primaryimage"},"image":{"@id":"https:\/\/publissoft.dev\/spasante\/produit\/solution-hydratation-agrumes-120-ml-spa-sante-le-nenuphar\/#primaryimage"},"thumbnailUrl":"https:\/\/publissoft.dev\/spasante\/wp-content\/uploads\/2022\/01\/SOLUTIONHydratation_Agrumes_120mL.jpg","datePublished":"2022-01-27T19:43:58+00:00","dateModified":"2023-04-17T18:41:53+00:00","description":"SOLUTION Hydratation (Agrumes) 120 ml - Convient \u00e0 ceux qui recherchent une cr\u00e8me hydratante de base avec un parfum naturel, frais et l\u00e9ger. Visitez-nous !","breadcrumb":{"@id":"https:\/\/publissoft.dev\/spasante\/produit\/solution-hydratation-agrumes-120-ml-spa-sante-le-nenuphar\/#breadcrumb"},"inLanguage":"fr-CA","potentialAction":[{"@type":"ReadAction","target":["https:\/\/publissoft.dev\/spasante\/produit\/solution-hydratation-agrumes-120-ml-spa-sante-le-nenuphar\/"]}]},{"@type":"ImageObject","inLanguage":"fr-CA","@id":"https:\/\/publissoft.dev\/spasante\/produit\/solution-hydratation-agrumes-120-ml-spa-sante-le-nenuphar\/#primaryimage","url":"https:\/\/publissoft.dev\/spasante\/wp-content\/uploads\/2022\/01\/SOLUTIONHydratation_Agrumes_120mL.jpg","contentUrl":"https:\/\/publissoft.dev\/spasante\/wp-content\/uploads\/2022\/01\/SOLUTIONHydratation_Agrumes_120mL.jpg","width":550,"height":550},{"@type":"BreadcrumbList","@id":"https:\/\/publissoft.dev\/spasante\/produit\/solution-hydratation-agrumes-120-ml-spa-sante-le-nenuphar\/#breadcrumb","itemListElement":[{"@type":"ListItem","position":1,"name":"Accueil","item":"https:\/\/publissoft.dev\/spasante\/"},{"@type":"ListItem","position":2,"name":"Boutique","item":"https:\/\/publissoft.dev\/spasante\/boutique\/"},{"@type":"ListItem","position":3,"name":"PodoSens\u00e9 &#8211; SOLUTION Hydratation (Agrumes) 120 mL"}]},{"@type":"WebSite","@id":"https:\/\/publissoft.dev\/spasante\/#website","url":"https:\/\/publissoft.dev\/spasante\/","name":"Spa Sant\u00e9 Le N\u00e9nuphar","description":"","publisher":{"@id":"https:\/\/publissoft.dev\/spasante\/#organization"},"potentialAction":[{"@type":"SearchAction","target":{"@type":"EntryPoint","urlTemplate":"https:\/\/publissoft.dev\/spasante\/?s={search_term_string}"},"query-input":"required name=search_term_string"}],"inLanguage":"fr-CA"},{"@type":"Organization","@id":"https:\/\/publissoft.dev\/spasante\/#organization","name":"Spa Sant\u00e9 Le N\u00e9nuphar","url":"https:\/\/publissoft.dev\/spasante\/","logo":{"@type":"ImageObject","inLanguage":"fr-CA","@id":"https:\/\/publissoft.dev\/spasante\/#\/schema\/logo\/image\/","url":"https:\/\/publissoft.dev\/spasante\/wp-content\/uploads\/2022\/11\/logo-jpg.jpeg","contentUrl":"https:\/\/publissoft.dev\/spasante\/wp-content\/uploads\/2022\/11\/logo-jpg.jpeg","width":900,"height":900,"caption":"Spa Sant\u00e9 Le N\u00e9nuphar"},"image":{"@id":"https:\/\/publissoft.dev\/spasante\/#\/schema\/logo\/image\/"},"sameAs":["https:\/\/www.facebook.com\/SpaSanteLeNenuphar","https:\/\/www.instagram.com\/spasantelenenuphar\/?hl=fr"]}]}},"_links":{"self":[{"href":"https:\/\/publissoft.dev\/spasante\/wp-json\/wp\/v2\/product\/1487","targetHints":{"allow":["GET"]}}],"collection":[{"href":"https:\/\/publissoft.dev\/spasante\/wp-json\/wp\/v2\/product"}],"about":[{"href":"https:\/\/publissoft.dev\/spasante\/wp-json\/wp\/v2\/types\/product"}],"wp:featuredmedia":[{"embeddable":true,"href":"https:\/\/publissoft.dev\/spasante\/wp-json\/wp\/v2\/media\/1488"}],"wp:attachment":[{"href":"https:\/\/publissoft.dev\/spasante\/wp-json\/wp\/v2\/media?parent=1487"}],"wp:term":[{"taxonomy":"product_cat","embeddable":true,"href":"https:\/\/publissoft.dev\/spasante\/wp-json\/wp\/v2\/product_cat?post=1487"},{"taxonomy":"product_tag","embeddable":true,"href":"https:\/\/publissoft.dev\/spasante\/wp-json\/wp\/v2\/product_tag?post=1487"},{"taxonomy":"giftcard-category","embeddable":true,"href":"https:\/\/publissoft.dev\/spasante\/wp-json\/wp\/v2\/giftcard-category?post=1487"}],"curies":[{"name":"wp","href":"https:\/\/api.w.org\/{rel}","templated":true}]}}