{"id":1489,"date":"2022-01-27T14:43:59","date_gmt":"2022-01-27T19:43:59","guid":{"rendered":"https:\/\/publissoft.dev\/spasante\/produit\/solution-ongles-onychosense-ultra-15-ml\/"},"modified":"2022-11-09T15:00:27","modified_gmt":"2022-11-09T20:00:27","slug":"solution-ongles-onychosense-ultra-15-ml-spa-sante-le-nenuphar","status":"publish","type":"product","link":"https:\/\/publissoft.dev\/spasante\/produit\/solution-ongles-onychosense-ultra-15-ml-spa-sante-le-nenuphar\/","title":{"rendered":"PodoSens\u00e9 &#8211; SOLUTION Ongles OnychoSens\u00e9 Ultra 15 mL"},"content":{"rendered":"<p data-mce-fragment=\"1\">Notre solution am\u00e9lior\u00e9e pour redonner la sant\u00e9 \u00e0 vos ongles ! SOLUTION Ongles OnychoSens\u00e9\u00a9 Ultra est un m\u00e9lange d\u2019huiles essentielles qui favorisent l\u2019\u00e9limination des mycoses redonnant ainsi la sant\u00e9 \u00e0 vos ongles atteints. Les ongles redeviennent blancs et ils retrouvent leur aspect esth\u00e9tique. Utilis\u00e9 \u00e0 tous les jours, matin et soir, sur les ongles atteints, en combinaison avec un Bain aux Cristaux Marins au Vinaigre de Cidre de Pommes &amp; Gingembre, vous obtiendrez de beaux r\u00e9sultats. Pour encore plus d&#8217;efficacit\u00e9, le Vaporisateur pour Chaussures devrait \u00eatre utilis\u00e9 pour les pantoufles, les chaussures, les bottes.<\/p>\n<h2 data-mce-fragment=\"1\"><span style=\"color: #000000; font-size: 17px;\" data-mce-fragment=\"1\" data-mce-style=\"color: #000000; font-size: 17px;\">Mode d\u2019application :<\/span><\/h2>\n<p data-mce-fragment=\"1\">Appliquer une goutte sur chaque orteil, au bout de l\u2019ongle, matin et soir pendant une semaine. Ensuite, appliquer une goutte sur les orteils atteints seulement. Un suivi aux 4 semaines est recommand\u00e9.<\/p>\n<p data-mce-fragment=\"1\">\u00a0<\/p>\n<table style=\"border-collapse: collapse; border-spacing: 0px; color: #666666; font-family: open sans,sans-serif; font-size: 12px; max-width: 100%;\" data-mce-fragment=\"1\" data-mce-style=\"border-collapse: collapse; border-spacing: 0px; color: #666666; font-family: open sans,sans-serif; font-size: 12px; max-width: 100%;\">\n<tbody data-mce-fragment=\"1\">\n<tr data-mce-fragment=\"1\">\n<td data-mce-fragment=\"1\">\n<p data-mce-fragment=\"1\"><span style=\"font-size: 16px;\" data-mce-fragment=\"1\" data-mce-style=\"font-size: 16px;\"><strong data-mce-fragment=\"1\">Ingr\u00e9dients Principaux<\/strong><\/span><\/p>\n<\/td>\n<td data-mce-fragment=\"1\">\n<p data-mce-fragment=\"1\"><span style=\"font-size: 16px;\" data-mce-fragment=\"1\" data-mce-style=\"font-size: 16px;\"><strong data-mce-fragment=\"1\">B\u00e9n\u00e9fices \/ Propri\u00e9t\u00e9s<\/strong><\/span><\/p>\n<\/td>\n<\/tr>\n<tr data-mce-fragment=\"1\">\n<td data-mce-fragment=\"1\">\n<p data-mce-fragment=\"1\">\u00a0<\/p>\n<p data-mce-fragment=\"1\"><strong data-mce-fragment=\"1\">Melaleuca Alternifolia Leaf oil (Arbre de th\u00e9)<\/strong><\/p>\n<\/td>\n<td data-mce-fragment=\"1\">\n<p data-mce-fragment=\"1\">\u00a0<\/p>\n<p data-mce-fragment=\"1\">Antibact\u00e9rien majeur \u00e0 large spectre, antiviral puissant, anti- parasitaire et antifongique tr\u00e8s efficace.<\/p>\n<\/td>\n<\/tr>\n<tr data-mce-fragment=\"1\">\n<td data-mce-fragment=\"1\">\n<p data-mce-fragment=\"1\">\u00a0<\/p>\n<p data-mce-fragment=\"1\"><strong data-mce-fragment=\"1\">Thymus Vulgaris (Thyme) oil<\/strong><\/p>\n<\/td>\n<td data-mce-fragment=\"1\">\n<p data-mce-fragment=\"1\">\u00a0<\/p>\n<p data-mce-fragment=\"1\">\u00a0<\/p>\n<p data-mce-fragment=\"1\">Antibact\u00e9rien, antifongique, antiparasitaire, antiviral, calmante, modulatrice immunitaire, stimulante.<\/p>\n<\/td>\n<\/tr>\n<tr data-mce-fragment=\"1\">\n<td data-mce-fragment=\"1\">\n<p data-mce-fragment=\"1\">\u00a0<\/p>\n<p data-mce-fragment=\"1\"><strong data-mce-fragment=\"1\">Mentha Piperita (Menthe Poivr\u00e9e)<\/strong><\/p>\n<\/td>\n<td data-mce-fragment=\"1\">\n<p data-mce-fragment=\"1\">\u00a0<\/p>\n<p data-mce-fragment=\"1\">\u00a0<\/p>\n<p data-mce-fragment=\"1\">Antiprurigineuse (calme les d\u00e9mangeaisons), bact\u00e9ricide, fongicide.<\/p>\n<\/td>\n<\/tr>\n<tr data-mce-fragment=\"1\">\n<td data-mce-fragment=\"1\">\n<p data-mce-fragment=\"1\">\u00a0<\/p>\n<p data-mce-fragment=\"1\">\u00a0<\/p>\n<p data-mce-fragment=\"1\"><strong data-mce-fragment=\"1\">Lavandula Angustifolia oil (Lavande)<\/strong><\/p>\n<\/td>\n<td data-mce-fragment=\"1\">\n<p data-mce-fragment=\"1\">\u00a0<\/p>\n<p data-mce-fragment=\"1\">\u00a0<\/p>\n<p data-mce-fragment=\"1\">Stimulante, antiseptique et apaisante pour la peau.<\/p>\n<\/td>\n<\/tr>\n<tr data-mce-fragment=\"1\">\n<td data-mce-fragment=\"1\">\n<p data-mce-fragment=\"1\">\u00a0<\/p>\n<p data-mce-fragment=\"1\"><strong data-mce-fragment=\"1\">Oreganum Vulgare Leaf oil<\/strong><\/p>\n<p data-mce-fragment=\"1\"><strong data-mce-fragment=\"1\">(Origan)<\/strong><\/p>\n<\/td>\n<td data-mce-fragment=\"1\">\n<p data-mce-fragment=\"1\">\u00a0<\/p>\n<p data-mce-fragment=\"1\">\u00a0<\/p>\n<p data-mce-fragment=\"1\">Anti-infectieuse \u00e0 tr\u00e8s large spectre d\u2019action : antibact\u00e9rienne, antivirale, antifongique et antiparasitaire tr\u00e8s puissante.<\/p>\n<\/td>\n<\/tr>\n<tr data-mce-fragment=\"1\">\n<td data-mce-fragment=\"1\">\n<p data-mce-fragment=\"1\">\u00a0<\/p>\n<p data-mce-fragment=\"1\"><strong data-mce-fragment=\"1\">p-Anisic Acid<\/strong><\/p>\n<\/td>\n<td data-mce-fragment=\"1\">\n<p data-mce-fragment=\"1\">\u00a0<\/p>\n<p data-mce-fragment=\"1\">\u00a0<\/p>\n<p data-mce-fragment=\"1\">\u00a0<\/p>\n<p data-mce-fragment=\"1\">Se retrouve naturellement dans l&#8217;anis. L&#8217;acide p-anisique a des propri\u00e9t\u00e9s antiseptiques et est utilis\u00e9 comme agent de conservation dans les produits cosm\u00e9tiques. Il pr\u00e9sente \u00e9galement des propri\u00e9t\u00e9s antifongiques.<\/p>\n<\/td>\n<\/tr>\n<\/tbody>\n<\/table>\n<p>\u00a0<\/p>\n<p><strong>Format :<\/strong> 15 ml<\/p>\n<p><span style=\"color: #666666; font-family: open sans,sans-serif; font-size: 12px;\"><strong>Balises:<\/strong>\u00a0<\/span><a style=\"box-sizing: border-box; background-image: initial; background-position: 0px 0px; background-size: initial; background-repeat: initial; background-attachment: initial; background-origin: initial; background-clip: initial; color: #23a1d1; text-decoration-line: none;\" href=\"https:\/\/podosense.ca\/boutique\/fr\/product\/search\/?tag=Huile%20essentielle\">Huile essentielle<\/a><span style=\"color: #666666; font-family: open sans,sans-serif; font-size: 12px;\">,\u00a0<\/span><a style=\"box-sizing: border-box; background-image: initial; background-position: 0px 0px; background-size: initial; background-repeat: initial; background-attachment: initial; background-origin: initial; background-clip: initial; color: #23a1d1; text-decoration-line: none;\" href=\"https:\/\/podosense.ca\/boutique\/fr\/product\/search\/?tag=cuticule\">cuticule<\/a><\/p>\n","protected":false},"excerpt":{"rendered":"<p>Notre solution am\u00e9lior\u00e9e pour redonner la sant\u00e9 \u00e0 vos ongles ! SOLUTION Ongles OnychoSens\u00e9\u00a9 Ultra est un m\u00e9lange d\u2019huiles essentielles qui favorisent l\u2019\u00e9limination des mycoses redonnant ainsi la sant\u00e9 \u00e0 vos ongles atteints. Les ongles redeviennent blancs et ils retrouvent leur aspect esth\u00e9tique. Utilis\u00e9 \u00e0 tous les jours, matin et soir, sur les ongles atteints, &hellip;<\/p>\n","protected":false},"featured_media":1490,"template":"","meta":{"_acf_changed":false,"_genesis_hide_title":false,"_genesis_hide_breadcrumbs":false,"_genesis_hide_singular_image":false,"_genesis_hide_footer_widgets":false,"_genesis_custom_body_class":"","_genesis_custom_post_class":"","_genesis_layout":""},"product_cat":[37,36],"product_tag":[],"giftcard-category":[],"class_list":{"0":"post-1489","1":"product","2":"type-product","3":"status-publish","4":"has-post-thumbnail","6":"product_cat-produits","7":"product_cat-podosense","8":"entry","10":"first","11":"instock","12":"taxable","13":"shipping-taxable","14":"purchasable","15":"product-type-simple"},"acf":[],"yoast_head":"<!-- This site is optimized with the Yoast SEO plugin v22.5 - https:\/\/yoast.com\/wordpress\/plugins\/seo\/ -->\n<title>PodoSens\u00e9 - SOLUTION Ongles OnychoSens\u00e9 Ultra 15 mL - Spa Sant\u00e9 Le N\u00e9nuphar<\/title>\n<meta name=\"description\" content=\"SOLUTION Ongles OnychoSens\u00e9 Ultra 15 ml - M\u00e9lange d&#039;huiles essentielles qui aident \u00e0 \u00e9liminer les infections fongiques. Pour en savoir plus, cliquez ici !\" \/>\n<meta name=\"robots\" content=\"noindex, follow, max-snippet:-1, max-image-preview:large, max-video-preview:-1\" \/>\n<meta property=\"og:locale\" content=\"fr_CA\" \/>\n<meta property=\"og:type\" content=\"article\" \/>\n<meta property=\"og:title\" content=\"PodoSens\u00e9 - SOLUTION Ongles OnychoSens\u00e9 Ultra 15 mL - Spa Sant\u00e9 Le N\u00e9nuphar\" \/>\n<meta property=\"og:description\" content=\"SOLUTION Ongles OnychoSens\u00e9 Ultra 15 ml - M\u00e9lange d&#039;huiles essentielles qui aident \u00e0 \u00e9liminer les infections fongiques. Pour en savoir plus, cliquez ici !\" \/>\n<meta property=\"og:url\" content=\"https:\/\/publissoft.dev\/spasante\/produit\/solution-ongles-onychosense-ultra-15-ml-spa-sante-le-nenuphar\/\" \/>\n<meta property=\"og:site_name\" content=\"Spa Sant\u00e9 Le N\u00e9nuphar\" \/>\n<meta property=\"article:publisher\" content=\"https:\/\/www.facebook.com\/SpaSanteLeNenuphar\" \/>\n<meta property=\"article:modified_time\" content=\"2022-11-09T20:00:27+00:00\" \/>\n<meta property=\"og:image\" content=\"https:\/\/publissoft.dev\/spasante\/wp-content\/uploads\/2022\/01\/SOLUTIONOnglesOnychoSenseUltra15mL.jpg\" \/>\n\t<meta property=\"og:image:width\" content=\"550\" \/>\n\t<meta property=\"og:image:height\" content=\"550\" \/>\n\t<meta property=\"og:image:type\" content=\"image\/jpeg\" \/>\n<meta name=\"twitter:card\" content=\"summary_large_image\" \/>\n<meta name=\"twitter:label1\" content=\"Estimation du temps de lecture\" \/>\n\t<meta name=\"twitter:data1\" content=\"1 minute\" \/>\n<script type=\"application\/ld+json\" class=\"yoast-schema-graph\">{\"@context\":\"https:\/\/schema.org\",\"@graph\":[{\"@type\":\"WebPage\",\"@id\":\"https:\/\/publissoft.dev\/spasante\/produit\/solution-ongles-onychosense-ultra-15-ml-spa-sante-le-nenuphar\/\",\"url\":\"https:\/\/publissoft.dev\/spasante\/produit\/solution-ongles-onychosense-ultra-15-ml-spa-sante-le-nenuphar\/\",\"name\":\"PodoSens\u00e9 - SOLUTION Ongles OnychoSens\u00e9 Ultra 15 mL - Spa Sant\u00e9 Le N\u00e9nuphar\",\"isPartOf\":{\"@id\":\"https:\/\/publissoft.dev\/spasante\/#website\"},\"primaryImageOfPage\":{\"@id\":\"https:\/\/publissoft.dev\/spasante\/produit\/solution-ongles-onychosense-ultra-15-ml-spa-sante-le-nenuphar\/#primaryimage\"},\"image\":{\"@id\":\"https:\/\/publissoft.dev\/spasante\/produit\/solution-ongles-onychosense-ultra-15-ml-spa-sante-le-nenuphar\/#primaryimage\"},\"thumbnailUrl\":\"https:\/\/publissoft.dev\/spasante\/wp-content\/uploads\/2022\/01\/SOLUTIONOnglesOnychoSenseUltra15mL.jpg\",\"datePublished\":\"2022-01-27T19:43:59+00:00\",\"dateModified\":\"2022-11-09T20:00:27+00:00\",\"description\":\"SOLUTION Ongles OnychoSens\u00e9 Ultra 15 ml - M\u00e9lange d'huiles essentielles qui aident \u00e0 \u00e9liminer les infections fongiques. Pour en savoir plus, cliquez ici !\",\"breadcrumb\":{\"@id\":\"https:\/\/publissoft.dev\/spasante\/produit\/solution-ongles-onychosense-ultra-15-ml-spa-sante-le-nenuphar\/#breadcrumb\"},\"inLanguage\":\"fr-CA\",\"potentialAction\":[{\"@type\":\"ReadAction\",\"target\":[\"https:\/\/publissoft.dev\/spasante\/produit\/solution-ongles-onychosense-ultra-15-ml-spa-sante-le-nenuphar\/\"]}]},{\"@type\":\"ImageObject\",\"inLanguage\":\"fr-CA\",\"@id\":\"https:\/\/publissoft.dev\/spasante\/produit\/solution-ongles-onychosense-ultra-15-ml-spa-sante-le-nenuphar\/#primaryimage\",\"url\":\"https:\/\/publissoft.dev\/spasante\/wp-content\/uploads\/2022\/01\/SOLUTIONOnglesOnychoSenseUltra15mL.jpg\",\"contentUrl\":\"https:\/\/publissoft.dev\/spasante\/wp-content\/uploads\/2022\/01\/SOLUTIONOnglesOnychoSenseUltra15mL.jpg\",\"width\":550,\"height\":550},{\"@type\":\"BreadcrumbList\",\"@id\":\"https:\/\/publissoft.dev\/spasante\/produit\/solution-ongles-onychosense-ultra-15-ml-spa-sante-le-nenuphar\/#breadcrumb\",\"itemListElement\":[{\"@type\":\"ListItem\",\"position\":1,\"name\":\"Accueil\",\"item\":\"https:\/\/publissoft.dev\/spasante\/\"},{\"@type\":\"ListItem\",\"position\":2,\"name\":\"Boutique\",\"item\":\"https:\/\/publissoft.dev\/spasante\/boutique\/\"},{\"@type\":\"ListItem\",\"position\":3,\"name\":\"PodoSens\u00e9 &#8211; SOLUTION Ongles OnychoSens\u00e9 Ultra 15 mL\"}]},{\"@type\":\"WebSite\",\"@id\":\"https:\/\/publissoft.dev\/spasante\/#website\",\"url\":\"https:\/\/publissoft.dev\/spasante\/\",\"name\":\"Spa Sant\u00e9 Le N\u00e9nuphar\",\"description\":\"\",\"publisher\":{\"@id\":\"https:\/\/publissoft.dev\/spasante\/#organization\"},\"potentialAction\":[{\"@type\":\"SearchAction\",\"target\":{\"@type\":\"EntryPoint\",\"urlTemplate\":\"https:\/\/publissoft.dev\/spasante\/?s={search_term_string}\"},\"query-input\":\"required name=search_term_string\"}],\"inLanguage\":\"fr-CA\"},{\"@type\":\"Organization\",\"@id\":\"https:\/\/publissoft.dev\/spasante\/#organization\",\"name\":\"Spa Sant\u00e9 Le N\u00e9nuphar\",\"url\":\"https:\/\/publissoft.dev\/spasante\/\",\"logo\":{\"@type\":\"ImageObject\",\"inLanguage\":\"fr-CA\",\"@id\":\"https:\/\/publissoft.dev\/spasante\/#\/schema\/logo\/image\/\",\"url\":\"https:\/\/publissoft.dev\/spasante\/wp-content\/uploads\/2022\/11\/logo-jpg.jpeg\",\"contentUrl\":\"https:\/\/publissoft.dev\/spasante\/wp-content\/uploads\/2022\/11\/logo-jpg.jpeg\",\"width\":900,\"height\":900,\"caption\":\"Spa Sant\u00e9 Le N\u00e9nuphar\"},\"image\":{\"@id\":\"https:\/\/publissoft.dev\/spasante\/#\/schema\/logo\/image\/\"},\"sameAs\":[\"https:\/\/www.facebook.com\/SpaSanteLeNenuphar\",\"https:\/\/www.instagram.com\/spasantelenenuphar\/?hl=fr\"]}]}<\/script>\n<!-- \/ Yoast SEO plugin. -->","yoast_head_json":{"title":"PodoSens\u00e9 - SOLUTION Ongles OnychoSens\u00e9 Ultra 15 mL - Spa Sant\u00e9 Le N\u00e9nuphar","description":"SOLUTION Ongles OnychoSens\u00e9 Ultra 15 ml - M\u00e9lange d'huiles essentielles qui aident \u00e0 \u00e9liminer les infections fongiques. Pour en savoir plus, cliquez ici !","robots":{"index":"noindex","follow":"follow","max-snippet":"max-snippet:-1","max-image-preview":"max-image-preview:large","max-video-preview":"max-video-preview:-1"},"og_locale":"fr_CA","og_type":"article","og_title":"PodoSens\u00e9 - SOLUTION Ongles OnychoSens\u00e9 Ultra 15 mL - Spa Sant\u00e9 Le N\u00e9nuphar","og_description":"SOLUTION Ongles OnychoSens\u00e9 Ultra 15 ml - M\u00e9lange d'huiles essentielles qui aident \u00e0 \u00e9liminer les infections fongiques. Pour en savoir plus, cliquez ici !","og_url":"https:\/\/publissoft.dev\/spasante\/produit\/solution-ongles-onychosense-ultra-15-ml-spa-sante-le-nenuphar\/","og_site_name":"Spa Sant\u00e9 Le N\u00e9nuphar","article_publisher":"https:\/\/www.facebook.com\/SpaSanteLeNenuphar","article_modified_time":"2022-11-09T20:00:27+00:00","og_image":[{"width":550,"height":550,"url":"https:\/\/publissoft.dev\/spasante\/wp-content\/uploads\/2022\/01\/SOLUTIONOnglesOnychoSenseUltra15mL.jpg","type":"image\/jpeg"}],"twitter_card":"summary_large_image","twitter_misc":{"Estimation du temps de lecture":"1 minute"},"schema":{"@context":"https:\/\/schema.org","@graph":[{"@type":"WebPage","@id":"https:\/\/publissoft.dev\/spasante\/produit\/solution-ongles-onychosense-ultra-15-ml-spa-sante-le-nenuphar\/","url":"https:\/\/publissoft.dev\/spasante\/produit\/solution-ongles-onychosense-ultra-15-ml-spa-sante-le-nenuphar\/","name":"PodoSens\u00e9 - SOLUTION Ongles OnychoSens\u00e9 Ultra 15 mL - Spa Sant\u00e9 Le N\u00e9nuphar","isPartOf":{"@id":"https:\/\/publissoft.dev\/spasante\/#website"},"primaryImageOfPage":{"@id":"https:\/\/publissoft.dev\/spasante\/produit\/solution-ongles-onychosense-ultra-15-ml-spa-sante-le-nenuphar\/#primaryimage"},"image":{"@id":"https:\/\/publissoft.dev\/spasante\/produit\/solution-ongles-onychosense-ultra-15-ml-spa-sante-le-nenuphar\/#primaryimage"},"thumbnailUrl":"https:\/\/publissoft.dev\/spasante\/wp-content\/uploads\/2022\/01\/SOLUTIONOnglesOnychoSenseUltra15mL.jpg","datePublished":"2022-01-27T19:43:59+00:00","dateModified":"2022-11-09T20:00:27+00:00","description":"SOLUTION Ongles OnychoSens\u00e9 Ultra 15 ml - M\u00e9lange d'huiles essentielles qui aident \u00e0 \u00e9liminer les infections fongiques. Pour en savoir plus, cliquez ici !","breadcrumb":{"@id":"https:\/\/publissoft.dev\/spasante\/produit\/solution-ongles-onychosense-ultra-15-ml-spa-sante-le-nenuphar\/#breadcrumb"},"inLanguage":"fr-CA","potentialAction":[{"@type":"ReadAction","target":["https:\/\/publissoft.dev\/spasante\/produit\/solution-ongles-onychosense-ultra-15-ml-spa-sante-le-nenuphar\/"]}]},{"@type":"ImageObject","inLanguage":"fr-CA","@id":"https:\/\/publissoft.dev\/spasante\/produit\/solution-ongles-onychosense-ultra-15-ml-spa-sante-le-nenuphar\/#primaryimage","url":"https:\/\/publissoft.dev\/spasante\/wp-content\/uploads\/2022\/01\/SOLUTIONOnglesOnychoSenseUltra15mL.jpg","contentUrl":"https:\/\/publissoft.dev\/spasante\/wp-content\/uploads\/2022\/01\/SOLUTIONOnglesOnychoSenseUltra15mL.jpg","width":550,"height":550},{"@type":"BreadcrumbList","@id":"https:\/\/publissoft.dev\/spasante\/produit\/solution-ongles-onychosense-ultra-15-ml-spa-sante-le-nenuphar\/#breadcrumb","itemListElement":[{"@type":"ListItem","position":1,"name":"Accueil","item":"https:\/\/publissoft.dev\/spasante\/"},{"@type":"ListItem","position":2,"name":"Boutique","item":"https:\/\/publissoft.dev\/spasante\/boutique\/"},{"@type":"ListItem","position":3,"name":"PodoSens\u00e9 &#8211; SOLUTION Ongles OnychoSens\u00e9 Ultra 15 mL"}]},{"@type":"WebSite","@id":"https:\/\/publissoft.dev\/spasante\/#website","url":"https:\/\/publissoft.dev\/spasante\/","name":"Spa Sant\u00e9 Le N\u00e9nuphar","description":"","publisher":{"@id":"https:\/\/publissoft.dev\/spasante\/#organization"},"potentialAction":[{"@type":"SearchAction","target":{"@type":"EntryPoint","urlTemplate":"https:\/\/publissoft.dev\/spasante\/?s={search_term_string}"},"query-input":"required name=search_term_string"}],"inLanguage":"fr-CA"},{"@type":"Organization","@id":"https:\/\/publissoft.dev\/spasante\/#organization","name":"Spa Sant\u00e9 Le N\u00e9nuphar","url":"https:\/\/publissoft.dev\/spasante\/","logo":{"@type":"ImageObject","inLanguage":"fr-CA","@id":"https:\/\/publissoft.dev\/spasante\/#\/schema\/logo\/image\/","url":"https:\/\/publissoft.dev\/spasante\/wp-content\/uploads\/2022\/11\/logo-jpg.jpeg","contentUrl":"https:\/\/publissoft.dev\/spasante\/wp-content\/uploads\/2022\/11\/logo-jpg.jpeg","width":900,"height":900,"caption":"Spa Sant\u00e9 Le N\u00e9nuphar"},"image":{"@id":"https:\/\/publissoft.dev\/spasante\/#\/schema\/logo\/image\/"},"sameAs":["https:\/\/www.facebook.com\/SpaSanteLeNenuphar","https:\/\/www.instagram.com\/spasantelenenuphar\/?hl=fr"]}]}},"_links":{"self":[{"href":"https:\/\/publissoft.dev\/spasante\/wp-json\/wp\/v2\/product\/1489","targetHints":{"allow":["GET"]}}],"collection":[{"href":"https:\/\/publissoft.dev\/spasante\/wp-json\/wp\/v2\/product"}],"about":[{"href":"https:\/\/publissoft.dev\/spasante\/wp-json\/wp\/v2\/types\/product"}],"wp:featuredmedia":[{"embeddable":true,"href":"https:\/\/publissoft.dev\/spasante\/wp-json\/wp\/v2\/media\/1490"}],"wp:attachment":[{"href":"https:\/\/publissoft.dev\/spasante\/wp-json\/wp\/v2\/media?parent=1489"}],"wp:term":[{"taxonomy":"product_cat","embeddable":true,"href":"https:\/\/publissoft.dev\/spasante\/wp-json\/wp\/v2\/product_cat?post=1489"},{"taxonomy":"product_tag","embeddable":true,"href":"https:\/\/publissoft.dev\/spasante\/wp-json\/wp\/v2\/product_tag?post=1489"},{"taxonomy":"giftcard-category","embeddable":true,"href":"https:\/\/publissoft.dev\/spasante\/wp-json\/wp\/v2\/giftcard-category?post=1489"}],"curies":[{"name":"wp","href":"https:\/\/api.w.org\/{rel}","templated":true}]}}