{"id":1506,"date":"2022-01-27T14:44:12","date_gmt":"2022-01-27T19:44:12","guid":{"rendered":"https:\/\/publissoft.dev\/spasante\/produit\/thalgo-homme-gel-nettoyant-detoxifiant-visage\/"},"modified":"2023-04-04T15:54:33","modified_gmt":"2023-04-04T19:54:33","slug":"thalgo-homme-gel-nettoyant-detoxifiant-visage","status":"publish","type":"product","link":"https:\/\/publissoft.dev\/spasante\/produit\/thalgo-homme-gel-nettoyant-detoxifiant-visage\/","title":{"rendered":"Thalgo Men &#8211; Gel nettoyant d\u00e9toxifiant visage"},"content":{"rendered":"<p data-mce-fragment=\"1\"><span data-mce-fragment=\"1\">Les impuret\u00e9s, le s\u00e9bum en exc\u00e8s sont parfaitement \u00e9limin\u00e9s et le film protecteur naturel de la peau est pr\u00e9serv\u00e9. Le visage retrouve nettet\u00e9 et fra\u00eecheur.<\/span><\/p>\n<p data-mce-fragment=\"1\"><span data-mce-fragment=\"1\">Conseil d\u2019expert :<\/span><\/p>\n<div data-mce-fragment=\"1\">\n<p data-mce-fragment=\"1\"><span data-mce-fragment=\"1\">Le soir et le matin avant le rasage, pr\u00e9lever une noisette de Gel Nettoyant, faire mousser avec de l&#8217;eau dans la paume de la main, nettoyer le visage puis rincer<\/span><\/p>\n<p data-mce-fragment=\"1\"><span data-mce-fragment=\"1\">Format 150ml<\/span><\/p>\n<\/div>\n","protected":false},"excerpt":{"rendered":"<p>Les impuret\u00e9s, le s\u00e9bum en exc\u00e8s sont parfaitement \u00e9limin\u00e9s et le film protecteur naturel de la peau est pr\u00e9serv\u00e9. Le visage retrouve nettet\u00e9 et fra\u00eecheur. Conseil d\u2019expert : Le soir et le matin avant le rasage, pr\u00e9lever une noisette de Gel Nettoyant, faire mousser avec de l&#8217;eau dans la paume de la main, nettoyer le &hellip;<\/p>\n","protected":false},"featured_media":1508,"template":"","meta":{"_acf_changed":false,"_genesis_hide_title":false,"_genesis_hide_breadcrumbs":false,"_genesis_hide_singular_image":false,"_genesis_hide_footer_widgets":false,"_genesis_custom_body_class":"","_genesis_custom_post_class":"","_genesis_layout":""},"product_cat":[37,45],"product_tag":[],"giftcard-category":[],"class_list":{"0":"post-1506","1":"product","2":"type-product","3":"status-publish","4":"has-post-thumbnail","6":"product_cat-produits","7":"product_cat-thalgo","8":"entry","10":"first","11":"instock","12":"taxable","13":"shipping-taxable","14":"purchasable","15":"product-type-simple"},"acf":[],"yoast_head":"<!-- This site is optimized with the Yoast SEO plugin v22.5 - https:\/\/yoast.com\/wordpress\/plugins\/seo\/ -->\n<title>Thalgo Men - Gel nettoyant d\u00e9toxifiant visage - Spa Sant\u00e9 Le N\u00e9nuphar<\/title>\n<meta name=\"robots\" content=\"noindex, follow, max-snippet:-1, max-image-preview:large, max-video-preview:-1\" \/>\n<meta property=\"og:locale\" content=\"fr_CA\" \/>\n<meta property=\"og:type\" content=\"article\" \/>\n<meta property=\"og:title\" content=\"Thalgo Men - Gel nettoyant d\u00e9toxifiant visage - Spa Sant\u00e9 Le N\u00e9nuphar\" \/>\n<meta property=\"og:description\" content=\"Les impuret\u00e9s, le s\u00e9bum en exc\u00e8s sont parfaitement \u00e9limin\u00e9s et le film protecteur naturel de la peau est pr\u00e9serv\u00e9. Le visage retrouve nettet\u00e9 et fra\u00eecheur. Conseil d\u2019expert : Le soir et le matin avant le rasage, pr\u00e9lever une noisette de Gel Nettoyant, faire mousser avec de l&#8217;eau dans la paume de la main, nettoyer le &hellip;\" \/>\n<meta property=\"og:url\" content=\"https:\/\/publissoft.dev\/spasante\/produit\/thalgo-homme-gel-nettoyant-detoxifiant-visage\/\" \/>\n<meta property=\"og:site_name\" content=\"Spa Sant\u00e9 Le N\u00e9nuphar\" \/>\n<meta property=\"article:publisher\" content=\"https:\/\/www.facebook.com\/SpaSanteLeNenuphar\" \/>\n<meta property=\"article:modified_time\" content=\"2023-04-04T19:54:33+00:00\" \/>\n<meta property=\"og:image\" content=\"https:\/\/publissoft.dev\/spasante\/wp-content\/uploads\/2022\/01\/78709-Spa_santn__le_Nn_nuphar_Thalgo_Homme_gel_nettoyant.jpg\" \/>\n\t<meta property=\"og:image:width\" content=\"400\" \/>\n\t<meta property=\"og:image:height\" content=\"400\" \/>\n\t<meta property=\"og:image:type\" content=\"image\/jpeg\" \/>\n<meta name=\"twitter:card\" content=\"summary_large_image\" \/>\n<meta name=\"twitter:label1\" content=\"Estimation du temps de lecture\" \/>\n\t<meta name=\"twitter:data1\" content=\"1 minute\" \/>\n<script type=\"application\/ld+json\" class=\"yoast-schema-graph\">{\"@context\":\"https:\/\/schema.org\",\"@graph\":[{\"@type\":\"WebPage\",\"@id\":\"https:\/\/publissoft.dev\/spasante\/produit\/thalgo-homme-gel-nettoyant-detoxifiant-visage\/\",\"url\":\"https:\/\/publissoft.dev\/spasante\/produit\/thalgo-homme-gel-nettoyant-detoxifiant-visage\/\",\"name\":\"Thalgo Men - Gel nettoyant d\u00e9toxifiant visage - Spa Sant\u00e9 Le N\u00e9nuphar\",\"isPartOf\":{\"@id\":\"https:\/\/publissoft.dev\/spasante\/#website\"},\"primaryImageOfPage\":{\"@id\":\"https:\/\/publissoft.dev\/spasante\/produit\/thalgo-homme-gel-nettoyant-detoxifiant-visage\/#primaryimage\"},\"image\":{\"@id\":\"https:\/\/publissoft.dev\/spasante\/produit\/thalgo-homme-gel-nettoyant-detoxifiant-visage\/#primaryimage\"},\"thumbnailUrl\":\"https:\/\/publissoft.dev\/spasante\/wp-content\/uploads\/2022\/01\/78709-Spa_santn__le_Nn_nuphar_Thalgo_Homme_gel_nettoyant.jpg\",\"datePublished\":\"2022-01-27T19:44:12+00:00\",\"dateModified\":\"2023-04-04T19:54:33+00:00\",\"breadcrumb\":{\"@id\":\"https:\/\/publissoft.dev\/spasante\/produit\/thalgo-homme-gel-nettoyant-detoxifiant-visage\/#breadcrumb\"},\"inLanguage\":\"fr-CA\",\"potentialAction\":[{\"@type\":\"ReadAction\",\"target\":[\"https:\/\/publissoft.dev\/spasante\/produit\/thalgo-homme-gel-nettoyant-detoxifiant-visage\/\"]}]},{\"@type\":\"ImageObject\",\"inLanguage\":\"fr-CA\",\"@id\":\"https:\/\/publissoft.dev\/spasante\/produit\/thalgo-homme-gel-nettoyant-detoxifiant-visage\/#primaryimage\",\"url\":\"https:\/\/publissoft.dev\/spasante\/wp-content\/uploads\/2022\/01\/78709-Spa_santn__le_Nn_nuphar_Thalgo_Homme_gel_nettoyant.jpg\",\"contentUrl\":\"https:\/\/publissoft.dev\/spasante\/wp-content\/uploads\/2022\/01\/78709-Spa_santn__le_Nn_nuphar_Thalgo_Homme_gel_nettoyant.jpg\",\"width\":400,\"height\":400},{\"@type\":\"BreadcrumbList\",\"@id\":\"https:\/\/publissoft.dev\/spasante\/produit\/thalgo-homme-gel-nettoyant-detoxifiant-visage\/#breadcrumb\",\"itemListElement\":[{\"@type\":\"ListItem\",\"position\":1,\"name\":\"Accueil\",\"item\":\"https:\/\/publissoft.dev\/spasante\/\"},{\"@type\":\"ListItem\",\"position\":2,\"name\":\"Boutique\",\"item\":\"https:\/\/publissoft.dev\/spasante\/boutique\/\"},{\"@type\":\"ListItem\",\"position\":3,\"name\":\"Thalgo Men &#8211; Gel nettoyant d\u00e9toxifiant visage\"}]},{\"@type\":\"WebSite\",\"@id\":\"https:\/\/publissoft.dev\/spasante\/#website\",\"url\":\"https:\/\/publissoft.dev\/spasante\/\",\"name\":\"Spa Sant\u00e9 Le N\u00e9nuphar\",\"description\":\"\",\"publisher\":{\"@id\":\"https:\/\/publissoft.dev\/spasante\/#organization\"},\"potentialAction\":[{\"@type\":\"SearchAction\",\"target\":{\"@type\":\"EntryPoint\",\"urlTemplate\":\"https:\/\/publissoft.dev\/spasante\/?s={search_term_string}\"},\"query-input\":\"required name=search_term_string\"}],\"inLanguage\":\"fr-CA\"},{\"@type\":\"Organization\",\"@id\":\"https:\/\/publissoft.dev\/spasante\/#organization\",\"name\":\"Spa Sant\u00e9 Le N\u00e9nuphar\",\"url\":\"https:\/\/publissoft.dev\/spasante\/\",\"logo\":{\"@type\":\"ImageObject\",\"inLanguage\":\"fr-CA\",\"@id\":\"https:\/\/publissoft.dev\/spasante\/#\/schema\/logo\/image\/\",\"url\":\"https:\/\/publissoft.dev\/spasante\/wp-content\/uploads\/2022\/11\/logo-jpg.jpeg\",\"contentUrl\":\"https:\/\/publissoft.dev\/spasante\/wp-content\/uploads\/2022\/11\/logo-jpg.jpeg\",\"width\":900,\"height\":900,\"caption\":\"Spa Sant\u00e9 Le N\u00e9nuphar\"},\"image\":{\"@id\":\"https:\/\/publissoft.dev\/spasante\/#\/schema\/logo\/image\/\"},\"sameAs\":[\"https:\/\/www.facebook.com\/SpaSanteLeNenuphar\",\"https:\/\/www.instagram.com\/spasantelenenuphar\/?hl=fr\"]}]}<\/script>\n<!-- \/ Yoast SEO plugin. -->","yoast_head_json":{"title":"Thalgo Men - Gel nettoyant d\u00e9toxifiant visage - Spa Sant\u00e9 Le N\u00e9nuphar","robots":{"index":"noindex","follow":"follow","max-snippet":"max-snippet:-1","max-image-preview":"max-image-preview:large","max-video-preview":"max-video-preview:-1"},"og_locale":"fr_CA","og_type":"article","og_title":"Thalgo Men - Gel nettoyant d\u00e9toxifiant visage - Spa Sant\u00e9 Le N\u00e9nuphar","og_description":"Les impuret\u00e9s, le s\u00e9bum en exc\u00e8s sont parfaitement \u00e9limin\u00e9s et le film protecteur naturel de la peau est pr\u00e9serv\u00e9. Le visage retrouve nettet\u00e9 et fra\u00eecheur. Conseil d\u2019expert : Le soir et le matin avant le rasage, pr\u00e9lever une noisette de Gel Nettoyant, faire mousser avec de l&#8217;eau dans la paume de la main, nettoyer le &hellip;","og_url":"https:\/\/publissoft.dev\/spasante\/produit\/thalgo-homme-gel-nettoyant-detoxifiant-visage\/","og_site_name":"Spa Sant\u00e9 Le N\u00e9nuphar","article_publisher":"https:\/\/www.facebook.com\/SpaSanteLeNenuphar","article_modified_time":"2023-04-04T19:54:33+00:00","og_image":[{"width":400,"height":400,"url":"https:\/\/publissoft.dev\/spasante\/wp-content\/uploads\/2022\/01\/78709-Spa_santn__le_Nn_nuphar_Thalgo_Homme_gel_nettoyant.jpg","type":"image\/jpeg"}],"twitter_card":"summary_large_image","twitter_misc":{"Estimation du temps de lecture":"1 minute"},"schema":{"@context":"https:\/\/schema.org","@graph":[{"@type":"WebPage","@id":"https:\/\/publissoft.dev\/spasante\/produit\/thalgo-homme-gel-nettoyant-detoxifiant-visage\/","url":"https:\/\/publissoft.dev\/spasante\/produit\/thalgo-homme-gel-nettoyant-detoxifiant-visage\/","name":"Thalgo Men - Gel nettoyant d\u00e9toxifiant visage - Spa Sant\u00e9 Le N\u00e9nuphar","isPartOf":{"@id":"https:\/\/publissoft.dev\/spasante\/#website"},"primaryImageOfPage":{"@id":"https:\/\/publissoft.dev\/spasante\/produit\/thalgo-homme-gel-nettoyant-detoxifiant-visage\/#primaryimage"},"image":{"@id":"https:\/\/publissoft.dev\/spasante\/produit\/thalgo-homme-gel-nettoyant-detoxifiant-visage\/#primaryimage"},"thumbnailUrl":"https:\/\/publissoft.dev\/spasante\/wp-content\/uploads\/2022\/01\/78709-Spa_santn__le_Nn_nuphar_Thalgo_Homme_gel_nettoyant.jpg","datePublished":"2022-01-27T19:44:12+00:00","dateModified":"2023-04-04T19:54:33+00:00","breadcrumb":{"@id":"https:\/\/publissoft.dev\/spasante\/produit\/thalgo-homme-gel-nettoyant-detoxifiant-visage\/#breadcrumb"},"inLanguage":"fr-CA","potentialAction":[{"@type":"ReadAction","target":["https:\/\/publissoft.dev\/spasante\/produit\/thalgo-homme-gel-nettoyant-detoxifiant-visage\/"]}]},{"@type":"ImageObject","inLanguage":"fr-CA","@id":"https:\/\/publissoft.dev\/spasante\/produit\/thalgo-homme-gel-nettoyant-detoxifiant-visage\/#primaryimage","url":"https:\/\/publissoft.dev\/spasante\/wp-content\/uploads\/2022\/01\/78709-Spa_santn__le_Nn_nuphar_Thalgo_Homme_gel_nettoyant.jpg","contentUrl":"https:\/\/publissoft.dev\/spasante\/wp-content\/uploads\/2022\/01\/78709-Spa_santn__le_Nn_nuphar_Thalgo_Homme_gel_nettoyant.jpg","width":400,"height":400},{"@type":"BreadcrumbList","@id":"https:\/\/publissoft.dev\/spasante\/produit\/thalgo-homme-gel-nettoyant-detoxifiant-visage\/#breadcrumb","itemListElement":[{"@type":"ListItem","position":1,"name":"Accueil","item":"https:\/\/publissoft.dev\/spasante\/"},{"@type":"ListItem","position":2,"name":"Boutique","item":"https:\/\/publissoft.dev\/spasante\/boutique\/"},{"@type":"ListItem","position":3,"name":"Thalgo Men &#8211; Gel nettoyant d\u00e9toxifiant visage"}]},{"@type":"WebSite","@id":"https:\/\/publissoft.dev\/spasante\/#website","url":"https:\/\/publissoft.dev\/spasante\/","name":"Spa Sant\u00e9 Le N\u00e9nuphar","description":"","publisher":{"@id":"https:\/\/publissoft.dev\/spasante\/#organization"},"potentialAction":[{"@type":"SearchAction","target":{"@type":"EntryPoint","urlTemplate":"https:\/\/publissoft.dev\/spasante\/?s={search_term_string}"},"query-input":"required name=search_term_string"}],"inLanguage":"fr-CA"},{"@type":"Organization","@id":"https:\/\/publissoft.dev\/spasante\/#organization","name":"Spa Sant\u00e9 Le N\u00e9nuphar","url":"https:\/\/publissoft.dev\/spasante\/","logo":{"@type":"ImageObject","inLanguage":"fr-CA","@id":"https:\/\/publissoft.dev\/spasante\/#\/schema\/logo\/image\/","url":"https:\/\/publissoft.dev\/spasante\/wp-content\/uploads\/2022\/11\/logo-jpg.jpeg","contentUrl":"https:\/\/publissoft.dev\/spasante\/wp-content\/uploads\/2022\/11\/logo-jpg.jpeg","width":900,"height":900,"caption":"Spa Sant\u00e9 Le N\u00e9nuphar"},"image":{"@id":"https:\/\/publissoft.dev\/spasante\/#\/schema\/logo\/image\/"},"sameAs":["https:\/\/www.facebook.com\/SpaSanteLeNenuphar","https:\/\/www.instagram.com\/spasantelenenuphar\/?hl=fr"]}]}},"_links":{"self":[{"href":"https:\/\/publissoft.dev\/spasante\/wp-json\/wp\/v2\/product\/1506","targetHints":{"allow":["GET"]}}],"collection":[{"href":"https:\/\/publissoft.dev\/spasante\/wp-json\/wp\/v2\/product"}],"about":[{"href":"https:\/\/publissoft.dev\/spasante\/wp-json\/wp\/v2\/types\/product"}],"wp:featuredmedia":[{"embeddable":true,"href":"https:\/\/publissoft.dev\/spasante\/wp-json\/wp\/v2\/media\/1508"}],"wp:attachment":[{"href":"https:\/\/publissoft.dev\/spasante\/wp-json\/wp\/v2\/media?parent=1506"}],"wp:term":[{"taxonomy":"product_cat","embeddable":true,"href":"https:\/\/publissoft.dev\/spasante\/wp-json\/wp\/v2\/product_cat?post=1506"},{"taxonomy":"product_tag","embeddable":true,"href":"https:\/\/publissoft.dev\/spasante\/wp-json\/wp\/v2\/product_tag?post=1506"},{"taxonomy":"giftcard-category","embeddable":true,"href":"https:\/\/publissoft.dev\/spasante\/wp-json\/wp\/v2\/giftcard-category?post=1506"}],"curies":[{"name":"wp","href":"https:\/\/api.w.org\/{rel}","templated":true}]}}