{"id":1510,"date":"2022-01-27T14:44:16","date_gmt":"2022-01-27T19:44:16","guid":{"rendered":"https:\/\/publissoft.dev\/spasante\/produit\/thalgo-soin-hydratant-intense\/"},"modified":"2023-04-04T15:53:05","modified_gmt":"2023-04-04T19:53:05","slug":"thalgo-soin-hydratant-intense-spa-sante-le-nenuphar","status":"publish","type":"product","link":"https:\/\/publissoft.dev\/spasante\/produit\/thalgo-soin-hydratant-intense-spa-sante-le-nenuphar\/","title":{"rendered":"Thalgo Men &#8211; Soin hydratant intense"},"content":{"rendered":"<p data-mce-fragment=\"1\"><span data-mce-fragment=\"1\">Un shooter d\u00e9salt\u00e9rant pour 8 heures* de tranquillit\u00e9 top chrono ! Pur plaisir \u00e0 l&#8217;application, son cocktail d&#8217;actifs agit comme une v\u00e9ritable source d\u00e9salt\u00e9rante pour un confort in\u00e9gal\u00e9.<\/span><\/p>\n<p data-mce-fragment=\"1\">Conseil d\u2019expert :<\/p>\n<div data-mce-fragment=\"1\">\n<p data-mce-fragment=\"1\">Juste apr\u00e8s le rasage (manuel ou \u00e9lectrique), appliquer une dose de Soin Hydratant Intense sur l&#8217;ensemble du visage. En cas de d\u00e9shydratation importante, renouveler l&#8217;application le soir sur une peau nette.<\/p>\n<\/div>\n","protected":false},"excerpt":{"rendered":"<p>Un shooter d\u00e9salt\u00e9rant pour 8 heures* de tranquillit\u00e9 top chrono ! Pur plaisir \u00e0 l&#8217;application, son cocktail d&#8217;actifs agit comme une v\u00e9ritable source d\u00e9salt\u00e9rante pour un confort in\u00e9gal\u00e9. Conseil d\u2019expert : Juste apr\u00e8s le rasage (manuel ou \u00e9lectrique), appliquer une dose de Soin Hydratant Intense sur l&#8217;ensemble du visage. En cas de d\u00e9shydratation importante, renouveler &hellip;<\/p>\n","protected":false},"featured_media":1512,"template":"","meta":{"_acf_changed":false,"_genesis_hide_title":false,"_genesis_hide_breadcrumbs":false,"_genesis_hide_singular_image":false,"_genesis_hide_footer_widgets":false,"_genesis_custom_body_class":"","_genesis_custom_post_class":"","_genesis_layout":""},"product_cat":[37,45],"product_tag":[],"giftcard-category":[],"class_list":{"0":"post-1510","1":"product","2":"type-product","3":"status-publish","4":"has-post-thumbnail","6":"product_cat-produits","7":"product_cat-thalgo","8":"entry","10":"first","11":"instock","12":"taxable","13":"shipping-taxable","14":"purchasable","15":"product-type-simple"},"acf":[],"yoast_head":"<!-- This site is optimized with the Yoast SEO plugin v22.5 - https:\/\/yoast.com\/wordpress\/plugins\/seo\/ -->\n<title>Thalgo Men - Soin hydratant intense - Spa Sant\u00e9 Le N\u00e9nuphar<\/title>\n<meta name=\"description\" content=\"Thalgo soin hydratant intense - Son cocktail de principes actifs agit comme un v\u00e9ritable d\u00e9salt\u00e9rant pour un confort in\u00e9gal\u00e9. Visitez notre site web !\" \/>\n<meta name=\"robots\" content=\"noindex, follow, max-snippet:-1, max-image-preview:large, max-video-preview:-1\" \/>\n<meta property=\"og:locale\" content=\"fr_CA\" \/>\n<meta property=\"og:type\" content=\"article\" \/>\n<meta property=\"og:title\" content=\"Thalgo Men - Soin hydratant intense - Spa Sant\u00e9 Le N\u00e9nuphar\" \/>\n<meta property=\"og:description\" content=\"Thalgo soin hydratant intense - Son cocktail de principes actifs agit comme un v\u00e9ritable d\u00e9salt\u00e9rant pour un confort in\u00e9gal\u00e9. Visitez notre site web !\" \/>\n<meta property=\"og:url\" content=\"https:\/\/publissoft.dev\/spasante\/produit\/thalgo-soin-hydratant-intense-spa-sante-le-nenuphar\/\" \/>\n<meta property=\"og:site_name\" content=\"Spa Sant\u00e9 Le N\u00e9nuphar\" \/>\n<meta property=\"article:publisher\" content=\"https:\/\/www.facebook.com\/SpaSanteLeNenuphar\" \/>\n<meta property=\"article:modified_time\" content=\"2023-04-04T19:53:05+00:00\" \/>\n<meta property=\"og:image\" content=\"https:\/\/publissoft.dev\/spasante\/wp-content\/uploads\/2022\/01\/26274-Thalgo_homme_hydratant_visage.png\" \/>\n\t<meta property=\"og:image:width\" content=\"367\" \/>\n\t<meta property=\"og:image:height\" content=\"450\" \/>\n\t<meta property=\"og:image:type\" content=\"image\/png\" \/>\n<meta name=\"twitter:card\" content=\"summary_large_image\" \/>\n<meta name=\"twitter:label1\" content=\"Estimation du temps de lecture\" \/>\n\t<meta name=\"twitter:data1\" content=\"1 minute\" \/>\n<script type=\"application\/ld+json\" class=\"yoast-schema-graph\">{\"@context\":\"https:\/\/schema.org\",\"@graph\":[{\"@type\":\"WebPage\",\"@id\":\"https:\/\/publissoft.dev\/spasante\/produit\/thalgo-soin-hydratant-intense-spa-sante-le-nenuphar\/\",\"url\":\"https:\/\/publissoft.dev\/spasante\/produit\/thalgo-soin-hydratant-intense-spa-sante-le-nenuphar\/\",\"name\":\"Thalgo Men - Soin hydratant intense - Spa Sant\u00e9 Le N\u00e9nuphar\",\"isPartOf\":{\"@id\":\"https:\/\/publissoft.dev\/spasante\/#website\"},\"primaryImageOfPage\":{\"@id\":\"https:\/\/publissoft.dev\/spasante\/produit\/thalgo-soin-hydratant-intense-spa-sante-le-nenuphar\/#primaryimage\"},\"image\":{\"@id\":\"https:\/\/publissoft.dev\/spasante\/produit\/thalgo-soin-hydratant-intense-spa-sante-le-nenuphar\/#primaryimage\"},\"thumbnailUrl\":\"https:\/\/publissoft.dev\/spasante\/wp-content\/uploads\/2022\/01\/26274-Thalgo_homme_hydratant_visage.png\",\"datePublished\":\"2022-01-27T19:44:16+00:00\",\"dateModified\":\"2023-04-04T19:53:05+00:00\",\"description\":\"Thalgo soin hydratant intense - Son cocktail de principes actifs agit comme un v\u00e9ritable d\u00e9salt\u00e9rant pour un confort in\u00e9gal\u00e9. Visitez notre site web !\",\"breadcrumb\":{\"@id\":\"https:\/\/publissoft.dev\/spasante\/produit\/thalgo-soin-hydratant-intense-spa-sante-le-nenuphar\/#breadcrumb\"},\"inLanguage\":\"fr-CA\",\"potentialAction\":[{\"@type\":\"ReadAction\",\"target\":[\"https:\/\/publissoft.dev\/spasante\/produit\/thalgo-soin-hydratant-intense-spa-sante-le-nenuphar\/\"]}]},{\"@type\":\"ImageObject\",\"inLanguage\":\"fr-CA\",\"@id\":\"https:\/\/publissoft.dev\/spasante\/produit\/thalgo-soin-hydratant-intense-spa-sante-le-nenuphar\/#primaryimage\",\"url\":\"https:\/\/publissoft.dev\/spasante\/wp-content\/uploads\/2022\/01\/26274-Thalgo_homme_hydratant_visage.png\",\"contentUrl\":\"https:\/\/publissoft.dev\/spasante\/wp-content\/uploads\/2022\/01\/26274-Thalgo_homme_hydratant_visage.png\",\"width\":367,\"height\":450},{\"@type\":\"BreadcrumbList\",\"@id\":\"https:\/\/publissoft.dev\/spasante\/produit\/thalgo-soin-hydratant-intense-spa-sante-le-nenuphar\/#breadcrumb\",\"itemListElement\":[{\"@type\":\"ListItem\",\"position\":1,\"name\":\"Accueil\",\"item\":\"https:\/\/publissoft.dev\/spasante\/\"},{\"@type\":\"ListItem\",\"position\":2,\"name\":\"Boutique\",\"item\":\"https:\/\/publissoft.dev\/spasante\/boutique\/\"},{\"@type\":\"ListItem\",\"position\":3,\"name\":\"Thalgo Men &#8211; Soin hydratant intense\"}]},{\"@type\":\"WebSite\",\"@id\":\"https:\/\/publissoft.dev\/spasante\/#website\",\"url\":\"https:\/\/publissoft.dev\/spasante\/\",\"name\":\"Spa Sant\u00e9 Le N\u00e9nuphar\",\"description\":\"\",\"publisher\":{\"@id\":\"https:\/\/publissoft.dev\/spasante\/#organization\"},\"potentialAction\":[{\"@type\":\"SearchAction\",\"target\":{\"@type\":\"EntryPoint\",\"urlTemplate\":\"https:\/\/publissoft.dev\/spasante\/?s={search_term_string}\"},\"query-input\":\"required name=search_term_string\"}],\"inLanguage\":\"fr-CA\"},{\"@type\":\"Organization\",\"@id\":\"https:\/\/publissoft.dev\/spasante\/#organization\",\"name\":\"Spa Sant\u00e9 Le N\u00e9nuphar\",\"url\":\"https:\/\/publissoft.dev\/spasante\/\",\"logo\":{\"@type\":\"ImageObject\",\"inLanguage\":\"fr-CA\",\"@id\":\"https:\/\/publissoft.dev\/spasante\/#\/schema\/logo\/image\/\",\"url\":\"https:\/\/publissoft.dev\/spasante\/wp-content\/uploads\/2022\/11\/logo-jpg.jpeg\",\"contentUrl\":\"https:\/\/publissoft.dev\/spasante\/wp-content\/uploads\/2022\/11\/logo-jpg.jpeg\",\"width\":900,\"height\":900,\"caption\":\"Spa Sant\u00e9 Le N\u00e9nuphar\"},\"image\":{\"@id\":\"https:\/\/publissoft.dev\/spasante\/#\/schema\/logo\/image\/\"},\"sameAs\":[\"https:\/\/www.facebook.com\/SpaSanteLeNenuphar\",\"https:\/\/www.instagram.com\/spasantelenenuphar\/?hl=fr\"]}]}<\/script>\n<!-- \/ Yoast SEO plugin. -->","yoast_head_json":{"title":"Thalgo Men - Soin hydratant intense - Spa Sant\u00e9 Le N\u00e9nuphar","description":"Thalgo soin hydratant intense - Son cocktail de principes actifs agit comme un v\u00e9ritable d\u00e9salt\u00e9rant pour un confort in\u00e9gal\u00e9. Visitez notre site web !","robots":{"index":"noindex","follow":"follow","max-snippet":"max-snippet:-1","max-image-preview":"max-image-preview:large","max-video-preview":"max-video-preview:-1"},"og_locale":"fr_CA","og_type":"article","og_title":"Thalgo Men - Soin hydratant intense - Spa Sant\u00e9 Le N\u00e9nuphar","og_description":"Thalgo soin hydratant intense - Son cocktail de principes actifs agit comme un v\u00e9ritable d\u00e9salt\u00e9rant pour un confort in\u00e9gal\u00e9. Visitez notre site web !","og_url":"https:\/\/publissoft.dev\/spasante\/produit\/thalgo-soin-hydratant-intense-spa-sante-le-nenuphar\/","og_site_name":"Spa Sant\u00e9 Le N\u00e9nuphar","article_publisher":"https:\/\/www.facebook.com\/SpaSanteLeNenuphar","article_modified_time":"2023-04-04T19:53:05+00:00","og_image":[{"width":367,"height":450,"url":"https:\/\/publissoft.dev\/spasante\/wp-content\/uploads\/2022\/01\/26274-Thalgo_homme_hydratant_visage.png","type":"image\/png"}],"twitter_card":"summary_large_image","twitter_misc":{"Estimation du temps de lecture":"1 minute"},"schema":{"@context":"https:\/\/schema.org","@graph":[{"@type":"WebPage","@id":"https:\/\/publissoft.dev\/spasante\/produit\/thalgo-soin-hydratant-intense-spa-sante-le-nenuphar\/","url":"https:\/\/publissoft.dev\/spasante\/produit\/thalgo-soin-hydratant-intense-spa-sante-le-nenuphar\/","name":"Thalgo Men - Soin hydratant intense - Spa Sant\u00e9 Le N\u00e9nuphar","isPartOf":{"@id":"https:\/\/publissoft.dev\/spasante\/#website"},"primaryImageOfPage":{"@id":"https:\/\/publissoft.dev\/spasante\/produit\/thalgo-soin-hydratant-intense-spa-sante-le-nenuphar\/#primaryimage"},"image":{"@id":"https:\/\/publissoft.dev\/spasante\/produit\/thalgo-soin-hydratant-intense-spa-sante-le-nenuphar\/#primaryimage"},"thumbnailUrl":"https:\/\/publissoft.dev\/spasante\/wp-content\/uploads\/2022\/01\/26274-Thalgo_homme_hydratant_visage.png","datePublished":"2022-01-27T19:44:16+00:00","dateModified":"2023-04-04T19:53:05+00:00","description":"Thalgo soin hydratant intense - Son cocktail de principes actifs agit comme un v\u00e9ritable d\u00e9salt\u00e9rant pour un confort in\u00e9gal\u00e9. Visitez notre site web !","breadcrumb":{"@id":"https:\/\/publissoft.dev\/spasante\/produit\/thalgo-soin-hydratant-intense-spa-sante-le-nenuphar\/#breadcrumb"},"inLanguage":"fr-CA","potentialAction":[{"@type":"ReadAction","target":["https:\/\/publissoft.dev\/spasante\/produit\/thalgo-soin-hydratant-intense-spa-sante-le-nenuphar\/"]}]},{"@type":"ImageObject","inLanguage":"fr-CA","@id":"https:\/\/publissoft.dev\/spasante\/produit\/thalgo-soin-hydratant-intense-spa-sante-le-nenuphar\/#primaryimage","url":"https:\/\/publissoft.dev\/spasante\/wp-content\/uploads\/2022\/01\/26274-Thalgo_homme_hydratant_visage.png","contentUrl":"https:\/\/publissoft.dev\/spasante\/wp-content\/uploads\/2022\/01\/26274-Thalgo_homme_hydratant_visage.png","width":367,"height":450},{"@type":"BreadcrumbList","@id":"https:\/\/publissoft.dev\/spasante\/produit\/thalgo-soin-hydratant-intense-spa-sante-le-nenuphar\/#breadcrumb","itemListElement":[{"@type":"ListItem","position":1,"name":"Accueil","item":"https:\/\/publissoft.dev\/spasante\/"},{"@type":"ListItem","position":2,"name":"Boutique","item":"https:\/\/publissoft.dev\/spasante\/boutique\/"},{"@type":"ListItem","position":3,"name":"Thalgo Men &#8211; Soin hydratant intense"}]},{"@type":"WebSite","@id":"https:\/\/publissoft.dev\/spasante\/#website","url":"https:\/\/publissoft.dev\/spasante\/","name":"Spa Sant\u00e9 Le N\u00e9nuphar","description":"","publisher":{"@id":"https:\/\/publissoft.dev\/spasante\/#organization"},"potentialAction":[{"@type":"SearchAction","target":{"@type":"EntryPoint","urlTemplate":"https:\/\/publissoft.dev\/spasante\/?s={search_term_string}"},"query-input":"required name=search_term_string"}],"inLanguage":"fr-CA"},{"@type":"Organization","@id":"https:\/\/publissoft.dev\/spasante\/#organization","name":"Spa Sant\u00e9 Le N\u00e9nuphar","url":"https:\/\/publissoft.dev\/spasante\/","logo":{"@type":"ImageObject","inLanguage":"fr-CA","@id":"https:\/\/publissoft.dev\/spasante\/#\/schema\/logo\/image\/","url":"https:\/\/publissoft.dev\/spasante\/wp-content\/uploads\/2022\/11\/logo-jpg.jpeg","contentUrl":"https:\/\/publissoft.dev\/spasante\/wp-content\/uploads\/2022\/11\/logo-jpg.jpeg","width":900,"height":900,"caption":"Spa Sant\u00e9 Le N\u00e9nuphar"},"image":{"@id":"https:\/\/publissoft.dev\/spasante\/#\/schema\/logo\/image\/"},"sameAs":["https:\/\/www.facebook.com\/SpaSanteLeNenuphar","https:\/\/www.instagram.com\/spasantelenenuphar\/?hl=fr"]}]}},"_links":{"self":[{"href":"https:\/\/publissoft.dev\/spasante\/wp-json\/wp\/v2\/product\/1510","targetHints":{"allow":["GET"]}}],"collection":[{"href":"https:\/\/publissoft.dev\/spasante\/wp-json\/wp\/v2\/product"}],"about":[{"href":"https:\/\/publissoft.dev\/spasante\/wp-json\/wp\/v2\/types\/product"}],"wp:featuredmedia":[{"embeddable":true,"href":"https:\/\/publissoft.dev\/spasante\/wp-json\/wp\/v2\/media\/1512"}],"wp:attachment":[{"href":"https:\/\/publissoft.dev\/spasante\/wp-json\/wp\/v2\/media?parent=1510"}],"wp:term":[{"taxonomy":"product_cat","embeddable":true,"href":"https:\/\/publissoft.dev\/spasante\/wp-json\/wp\/v2\/product_cat?post=1510"},{"taxonomy":"product_tag","embeddable":true,"href":"https:\/\/publissoft.dev\/spasante\/wp-json\/wp\/v2\/product_tag?post=1510"},{"taxonomy":"giftcard-category","embeddable":true,"href":"https:\/\/publissoft.dev\/spasante\/wp-json\/wp\/v2\/giftcard-category?post=1510"}],"curies":[{"name":"wp","href":"https:\/\/api.w.org\/{rel}","templated":true}]}}