{"id":1520,"date":"2022-01-27T14:44:23","date_gmt":"2022-01-27T19:44:23","guid":{"rendered":"https:\/\/publissoft.dev\/spasante\/produit\/traitement-a-la-pointe-de-diamant-zone-specifique-mains-tache-pigmentairesetc\/"},"modified":"2023-07-10T13:43:21","modified_gmt":"2023-07-10T17:43:21","slug":"traitement-a-la-pointe-de-diamant-zone-specifique-mains-tache-pigmentairesetc","status":"publish","type":"product","link":"https:\/\/publissoft.dev\/spasante\/produit\/traitement-a-la-pointe-de-diamant-zone-specifique-mains-tache-pigmentairesetc\/","title":{"rendered":"Traitement \u00e0 la pointe de diamant &#8211; zone sp\u00e9cifique (mains, tache pigmentaires,etc)"},"content":{"rendered":"<p data-mce-fragment=\"1\"><span data-mce-fragment=\"1\">\u00c0 la fine pointe de la technologie, cet appareil est ce qu\u2019il ce fait de mieux en mati\u00e8re d\u2019exfoliation.\u00a0 Votre peau sera plus douce, plus lisse, plus rebondie et retrouvera un teint \u00e9clatant.<\/span><\/p>\n<p data-mce-fragment=\"1\">Elle aide \u00e0 traiter des probl\u00e8mes comme :<\/p>\n<ul data-mce-fragment=\"1\">\n<li data-mce-fragment=\"1\">Les pores dilat\u00e9s;<\/li>\n<li data-mce-fragment=\"1\">La peau grasse;<\/li>\n<li data-mce-fragment=\"1\">Le teint terne;<\/li>\n<li data-mce-fragment=\"1\">Les boutons et les com\u00e9dons;<\/li>\n<li data-mce-fragment=\"1\">Les rides et ridules;<\/li>\n<li data-mce-fragment=\"1\">Les taches pigmentaires;<\/li>\n<li data-mce-fragment=\"1\">Les cicatrices.<\/li>\n<\/ul>\n","protected":false},"excerpt":{"rendered":"<p>\u00c0 la fine pointe de la technologie, cet appareil est ce qu\u2019il ce fait de mieux en mati\u00e8re d\u2019exfoliation.\u00a0 Votre peau sera plus douce, plus lisse, plus rebondie et retrouvera un teint \u00e9clatant. Elle aide \u00e0 traiter des probl\u00e8mes comme : Les pores dilat\u00e9s; La peau grasse; Le teint terne; Les boutons et les com\u00e9dons; &hellip;<\/p>\n","protected":false},"featured_media":1522,"template":"","meta":{"_acf_changed":false,"_genesis_hide_title":false,"_genesis_hide_breadcrumbs":false,"_genesis_hide_singular_image":false,"_genesis_hide_footer_widgets":false,"_genesis_custom_body_class":"","_genesis_custom_post_class":"","_genesis_layout":""},"product_cat":[53,43],"product_tag":[],"giftcard-category":[],"class_list":{"0":"post-1520","1":"product","2":"type-product","3":"status-publish","4":"has-post-thumbnail","6":"product_cat-gift-card","7":"product_cat-soins","8":"entry","10":"first","11":"instock","12":"virtual","13":"taxable","14":"purchasable","15":"product-type-simple"},"acf":[],"yoast_head":"<!-- This site is optimized with the Yoast SEO plugin v22.5 - https:\/\/yoast.com\/wordpress\/plugins\/seo\/ -->\n<title>Traitement \u00e0 la pointe de diamant - zone sp\u00e9cifique (mains, tache pigmentaires,etc) - Spa Sant\u00e9 Le N\u00e9nuphar<\/title>\n<meta name=\"robots\" content=\"noindex, follow, max-snippet:-1, max-image-preview:large, max-video-preview:-1\" \/>\n<meta property=\"og:locale\" content=\"fr_CA\" \/>\n<meta property=\"og:type\" content=\"article\" \/>\n<meta property=\"og:title\" content=\"Traitement \u00e0 la pointe de diamant - zone sp\u00e9cifique (mains, tache pigmentaires,etc) - Spa Sant\u00e9 Le N\u00e9nuphar\" \/>\n<meta property=\"og:description\" content=\"\u00c0 la fine pointe de la technologie, cet appareil est ce qu\u2019il ce fait de mieux en mati\u00e8re d\u2019exfoliation.\u00a0 Votre peau sera plus douce, plus lisse, plus rebondie et retrouvera un teint \u00e9clatant. Elle aide \u00e0 traiter des probl\u00e8mes comme : Les pores dilat\u00e9s; La peau grasse; Le teint terne; Les boutons et les com\u00e9dons; &hellip;\" \/>\n<meta property=\"og:url\" content=\"https:\/\/publissoft.dev\/spasante\/produit\/traitement-a-la-pointe-de-diamant-zone-specifique-mains-tache-pigmentairesetc\/\" \/>\n<meta property=\"og:site_name\" content=\"Spa Sant\u00e9 Le N\u00e9nuphar\" \/>\n<meta property=\"article:publisher\" content=\"https:\/\/www.facebook.com\/SpaSanteLeNenuphar\" \/>\n<meta property=\"article:modified_time\" content=\"2023-07-10T17:43:21+00:00\" \/>\n<meta property=\"og:image\" content=\"https:\/\/publissoft.dev\/spasante\/wp-content\/uploads\/2022\/01\/Traitementalapointedediamant-zonespecifique_mains_tachepigmentaires_etc.jpg\" \/>\n\t<meta property=\"og:image:width\" content=\"500\" \/>\n\t<meta property=\"og:image:height\" content=\"550\" \/>\n\t<meta property=\"og:image:type\" content=\"image\/jpeg\" \/>\n<meta name=\"twitter:card\" content=\"summary_large_image\" \/>\n<script type=\"application\/ld+json\" class=\"yoast-schema-graph\">{\"@context\":\"https:\/\/schema.org\",\"@graph\":[{\"@type\":\"WebPage\",\"@id\":\"https:\/\/publissoft.dev\/spasante\/produit\/traitement-a-la-pointe-de-diamant-zone-specifique-mains-tache-pigmentairesetc\/\",\"url\":\"https:\/\/publissoft.dev\/spasante\/produit\/traitement-a-la-pointe-de-diamant-zone-specifique-mains-tache-pigmentairesetc\/\",\"name\":\"Traitement \u00e0 la pointe de diamant - zone sp\u00e9cifique (mains, tache pigmentaires,etc) - Spa Sant\u00e9 Le N\u00e9nuphar\",\"isPartOf\":{\"@id\":\"https:\/\/publissoft.dev\/spasante\/#website\"},\"primaryImageOfPage\":{\"@id\":\"https:\/\/publissoft.dev\/spasante\/produit\/traitement-a-la-pointe-de-diamant-zone-specifique-mains-tache-pigmentairesetc\/#primaryimage\"},\"image\":{\"@id\":\"https:\/\/publissoft.dev\/spasante\/produit\/traitement-a-la-pointe-de-diamant-zone-specifique-mains-tache-pigmentairesetc\/#primaryimage\"},\"thumbnailUrl\":\"https:\/\/publissoft.dev\/spasante\/wp-content\/uploads\/2022\/01\/Traitementalapointedediamant-zonespecifique_mains_tachepigmentaires_etc.jpg\",\"datePublished\":\"2022-01-27T19:44:23+00:00\",\"dateModified\":\"2023-07-10T17:43:21+00:00\",\"breadcrumb\":{\"@id\":\"https:\/\/publissoft.dev\/spasante\/produit\/traitement-a-la-pointe-de-diamant-zone-specifique-mains-tache-pigmentairesetc\/#breadcrumb\"},\"inLanguage\":\"fr-CA\",\"potentialAction\":[{\"@type\":\"ReadAction\",\"target\":[\"https:\/\/publissoft.dev\/spasante\/produit\/traitement-a-la-pointe-de-diamant-zone-specifique-mains-tache-pigmentairesetc\/\"]}]},{\"@type\":\"ImageObject\",\"inLanguage\":\"fr-CA\",\"@id\":\"https:\/\/publissoft.dev\/spasante\/produit\/traitement-a-la-pointe-de-diamant-zone-specifique-mains-tache-pigmentairesetc\/#primaryimage\",\"url\":\"https:\/\/publissoft.dev\/spasante\/wp-content\/uploads\/2022\/01\/Traitementalapointedediamant-zonespecifique_mains_tachepigmentaires_etc.jpg\",\"contentUrl\":\"https:\/\/publissoft.dev\/spasante\/wp-content\/uploads\/2022\/01\/Traitementalapointedediamant-zonespecifique_mains_tachepigmentaires_etc.jpg\",\"width\":500,\"height\":550},{\"@type\":\"BreadcrumbList\",\"@id\":\"https:\/\/publissoft.dev\/spasante\/produit\/traitement-a-la-pointe-de-diamant-zone-specifique-mains-tache-pigmentairesetc\/#breadcrumb\",\"itemListElement\":[{\"@type\":\"ListItem\",\"position\":1,\"name\":\"Accueil\",\"item\":\"https:\/\/publissoft.dev\/spasante\/\"},{\"@type\":\"ListItem\",\"position\":2,\"name\":\"Boutique\",\"item\":\"https:\/\/publissoft.dev\/spasante\/boutique\/\"},{\"@type\":\"ListItem\",\"position\":3,\"name\":\"Traitement \u00e0 la pointe de diamant &#8211; zone sp\u00e9cifique (mains, tache pigmentaires,etc)\"}]},{\"@type\":\"WebSite\",\"@id\":\"https:\/\/publissoft.dev\/spasante\/#website\",\"url\":\"https:\/\/publissoft.dev\/spasante\/\",\"name\":\"Spa Sant\u00e9 Le N\u00e9nuphar\",\"description\":\"\",\"publisher\":{\"@id\":\"https:\/\/publissoft.dev\/spasante\/#organization\"},\"potentialAction\":[{\"@type\":\"SearchAction\",\"target\":{\"@type\":\"EntryPoint\",\"urlTemplate\":\"https:\/\/publissoft.dev\/spasante\/?s={search_term_string}\"},\"query-input\":\"required name=search_term_string\"}],\"inLanguage\":\"fr-CA\"},{\"@type\":\"Organization\",\"@id\":\"https:\/\/publissoft.dev\/spasante\/#organization\",\"name\":\"Spa Sant\u00e9 Le N\u00e9nuphar\",\"url\":\"https:\/\/publissoft.dev\/spasante\/\",\"logo\":{\"@type\":\"ImageObject\",\"inLanguage\":\"fr-CA\",\"@id\":\"https:\/\/publissoft.dev\/spasante\/#\/schema\/logo\/image\/\",\"url\":\"https:\/\/publissoft.dev\/spasante\/wp-content\/uploads\/2022\/11\/logo-jpg.jpeg\",\"contentUrl\":\"https:\/\/publissoft.dev\/spasante\/wp-content\/uploads\/2022\/11\/logo-jpg.jpeg\",\"width\":900,\"height\":900,\"caption\":\"Spa Sant\u00e9 Le N\u00e9nuphar\"},\"image\":{\"@id\":\"https:\/\/publissoft.dev\/spasante\/#\/schema\/logo\/image\/\"},\"sameAs\":[\"https:\/\/www.facebook.com\/SpaSanteLeNenuphar\",\"https:\/\/www.instagram.com\/spasantelenenuphar\/?hl=fr\"]}]}<\/script>\n<!-- \/ Yoast SEO plugin. -->","yoast_head_json":{"title":"Traitement \u00e0 la pointe de diamant - zone sp\u00e9cifique (mains, tache pigmentaires,etc) - Spa Sant\u00e9 Le N\u00e9nuphar","robots":{"index":"noindex","follow":"follow","max-snippet":"max-snippet:-1","max-image-preview":"max-image-preview:large","max-video-preview":"max-video-preview:-1"},"og_locale":"fr_CA","og_type":"article","og_title":"Traitement \u00e0 la pointe de diamant - zone sp\u00e9cifique (mains, tache pigmentaires,etc) - Spa Sant\u00e9 Le N\u00e9nuphar","og_description":"\u00c0 la fine pointe de la technologie, cet appareil est ce qu\u2019il ce fait de mieux en mati\u00e8re d\u2019exfoliation.\u00a0 Votre peau sera plus douce, plus lisse, plus rebondie et retrouvera un teint \u00e9clatant. Elle aide \u00e0 traiter des probl\u00e8mes comme : Les pores dilat\u00e9s; La peau grasse; Le teint terne; Les boutons et les com\u00e9dons; &hellip;","og_url":"https:\/\/publissoft.dev\/spasante\/produit\/traitement-a-la-pointe-de-diamant-zone-specifique-mains-tache-pigmentairesetc\/","og_site_name":"Spa Sant\u00e9 Le N\u00e9nuphar","article_publisher":"https:\/\/www.facebook.com\/SpaSanteLeNenuphar","article_modified_time":"2023-07-10T17:43:21+00:00","og_image":[{"width":500,"height":550,"url":"https:\/\/publissoft.dev\/spasante\/wp-content\/uploads\/2022\/01\/Traitementalapointedediamant-zonespecifique_mains_tachepigmentaires_etc.jpg","type":"image\/jpeg"}],"twitter_card":"summary_large_image","schema":{"@context":"https:\/\/schema.org","@graph":[{"@type":"WebPage","@id":"https:\/\/publissoft.dev\/spasante\/produit\/traitement-a-la-pointe-de-diamant-zone-specifique-mains-tache-pigmentairesetc\/","url":"https:\/\/publissoft.dev\/spasante\/produit\/traitement-a-la-pointe-de-diamant-zone-specifique-mains-tache-pigmentairesetc\/","name":"Traitement \u00e0 la pointe de diamant - zone sp\u00e9cifique (mains, tache pigmentaires,etc) - Spa Sant\u00e9 Le N\u00e9nuphar","isPartOf":{"@id":"https:\/\/publissoft.dev\/spasante\/#website"},"primaryImageOfPage":{"@id":"https:\/\/publissoft.dev\/spasante\/produit\/traitement-a-la-pointe-de-diamant-zone-specifique-mains-tache-pigmentairesetc\/#primaryimage"},"image":{"@id":"https:\/\/publissoft.dev\/spasante\/produit\/traitement-a-la-pointe-de-diamant-zone-specifique-mains-tache-pigmentairesetc\/#primaryimage"},"thumbnailUrl":"https:\/\/publissoft.dev\/spasante\/wp-content\/uploads\/2022\/01\/Traitementalapointedediamant-zonespecifique_mains_tachepigmentaires_etc.jpg","datePublished":"2022-01-27T19:44:23+00:00","dateModified":"2023-07-10T17:43:21+00:00","breadcrumb":{"@id":"https:\/\/publissoft.dev\/spasante\/produit\/traitement-a-la-pointe-de-diamant-zone-specifique-mains-tache-pigmentairesetc\/#breadcrumb"},"inLanguage":"fr-CA","potentialAction":[{"@type":"ReadAction","target":["https:\/\/publissoft.dev\/spasante\/produit\/traitement-a-la-pointe-de-diamant-zone-specifique-mains-tache-pigmentairesetc\/"]}]},{"@type":"ImageObject","inLanguage":"fr-CA","@id":"https:\/\/publissoft.dev\/spasante\/produit\/traitement-a-la-pointe-de-diamant-zone-specifique-mains-tache-pigmentairesetc\/#primaryimage","url":"https:\/\/publissoft.dev\/spasante\/wp-content\/uploads\/2022\/01\/Traitementalapointedediamant-zonespecifique_mains_tachepigmentaires_etc.jpg","contentUrl":"https:\/\/publissoft.dev\/spasante\/wp-content\/uploads\/2022\/01\/Traitementalapointedediamant-zonespecifique_mains_tachepigmentaires_etc.jpg","width":500,"height":550},{"@type":"BreadcrumbList","@id":"https:\/\/publissoft.dev\/spasante\/produit\/traitement-a-la-pointe-de-diamant-zone-specifique-mains-tache-pigmentairesetc\/#breadcrumb","itemListElement":[{"@type":"ListItem","position":1,"name":"Accueil","item":"https:\/\/publissoft.dev\/spasante\/"},{"@type":"ListItem","position":2,"name":"Boutique","item":"https:\/\/publissoft.dev\/spasante\/boutique\/"},{"@type":"ListItem","position":3,"name":"Traitement \u00e0 la pointe de diamant &#8211; zone sp\u00e9cifique (mains, tache pigmentaires,etc)"}]},{"@type":"WebSite","@id":"https:\/\/publissoft.dev\/spasante\/#website","url":"https:\/\/publissoft.dev\/spasante\/","name":"Spa Sant\u00e9 Le N\u00e9nuphar","description":"","publisher":{"@id":"https:\/\/publissoft.dev\/spasante\/#organization"},"potentialAction":[{"@type":"SearchAction","target":{"@type":"EntryPoint","urlTemplate":"https:\/\/publissoft.dev\/spasante\/?s={search_term_string}"},"query-input":"required name=search_term_string"}],"inLanguage":"fr-CA"},{"@type":"Organization","@id":"https:\/\/publissoft.dev\/spasante\/#organization","name":"Spa Sant\u00e9 Le N\u00e9nuphar","url":"https:\/\/publissoft.dev\/spasante\/","logo":{"@type":"ImageObject","inLanguage":"fr-CA","@id":"https:\/\/publissoft.dev\/spasante\/#\/schema\/logo\/image\/","url":"https:\/\/publissoft.dev\/spasante\/wp-content\/uploads\/2022\/11\/logo-jpg.jpeg","contentUrl":"https:\/\/publissoft.dev\/spasante\/wp-content\/uploads\/2022\/11\/logo-jpg.jpeg","width":900,"height":900,"caption":"Spa Sant\u00e9 Le N\u00e9nuphar"},"image":{"@id":"https:\/\/publissoft.dev\/spasante\/#\/schema\/logo\/image\/"},"sameAs":["https:\/\/www.facebook.com\/SpaSanteLeNenuphar","https:\/\/www.instagram.com\/spasantelenenuphar\/?hl=fr"]}]}},"_links":{"self":[{"href":"https:\/\/publissoft.dev\/spasante\/wp-json\/wp\/v2\/product\/1520","targetHints":{"allow":["GET"]}}],"collection":[{"href":"https:\/\/publissoft.dev\/spasante\/wp-json\/wp\/v2\/product"}],"about":[{"href":"https:\/\/publissoft.dev\/spasante\/wp-json\/wp\/v2\/types\/product"}],"wp:featuredmedia":[{"embeddable":true,"href":"https:\/\/publissoft.dev\/spasante\/wp-json\/wp\/v2\/media\/1522"}],"wp:attachment":[{"href":"https:\/\/publissoft.dev\/spasante\/wp-json\/wp\/v2\/media?parent=1520"}],"wp:term":[{"taxonomy":"product_cat","embeddable":true,"href":"https:\/\/publissoft.dev\/spasante\/wp-json\/wp\/v2\/product_cat?post=1520"},{"taxonomy":"product_tag","embeddable":true,"href":"https:\/\/publissoft.dev\/spasante\/wp-json\/wp\/v2\/product_tag?post=1520"},{"taxonomy":"giftcard-category","embeddable":true,"href":"https:\/\/publissoft.dev\/spasante\/wp-json\/wp\/v2\/giftcard-category?post=1520"}],"curies":[{"name":"wp","href":"https:\/\/api.w.org\/{rel}","templated":true}]}}