{"id":1524,"date":"2022-01-27T14:44:25","date_gmt":"2022-01-27T19:44:25","guid":{"rendered":"https:\/\/publissoft.dev\/spasante\/produit\/triple-lipide-soin-jeunesse-regenerateur\/"},"modified":"2024-01-30T11:07:00","modified_gmt":"2024-01-30T16:07:00","slug":"triple-lipide-soin-jeunesse-regenerateur-spa-sante-le-nenuphar","status":"publish","type":"product","link":"https:\/\/publissoft.dev\/spasante\/produit\/triple-lipide-soin-jeunesse-regenerateur-spa-sante-le-nenuphar\/","title":{"rendered":"Dr. Renaud &#8211; Triple Lipid &#8211; Soin jeunesse r\u00e9g\u00e9n\u00e9rateur"},"content":{"rendered":"<p>&nbsp;<\/p>\n<p data-mce-fragment=\"1\">Cr\u00e8me 24 heures pour compenser les effets du d\u00e9s\u00e9quilibre hormonal entourant la m\u00e9nopause et pour r\u00e9\u00e9quilibrer les peaux s\u00e8ches.<\/p>\n<p data-mce-fragment=\"1\"><span data-mce-fragment=\"1\">GRAND GAGNANT DU PRIX ELLE QU\u00c9BEC 2021 &#8211;\u00a0Cat\u00e9gorie Cr\u00e8me de jour anti-\u00e2ge<\/span><\/p>\n<p data-mce-fragment=\"1\">50 ml<\/p>\n<p data-mce-fragment=\"1\">3 innovations en 1! Le soin jeunesse r\u00e9g\u00e9n\u00e9rateur Triple Lipid comprend un ratio pr\u00e9cis (1:2 : 1) des trois lipides essentiels de Ia peau (c\u00e9ramides, cholest\u00e9rol et acides gras), o\u00f9 le cholest\u00e9rol est dominant pour permettre \u00e0 la barri\u00e8re d\u2019hydratation cutan\u00e9e des peaux matures de se restaurer instantan\u00e9ment.<\/p>\n<p data-mce-fragment=\"1\">La formule renferme \u00e9galement un ingr\u00e9dient cl\u00e9 bio-inspir\u00e9 par la puissance r\u00e9gulatrice du nectar des fleurs qui contribue \u00e0 l\u2019\u00e9quilibre du microbiote de la peau mature.<\/p>\n<p data-mce-fragment=\"1\">Le niacinamide favorise le retour \u00e0 un niveau optimal des lipides cutan\u00e9s tout en nourrissant la peau en profondeur afin d\u2019att\u00e9nuer les signes visibles du vieillissement acc\u00e9l\u00e9r\u00e9.<\/p>\n","protected":false},"excerpt":{"rendered":"<p>&nbsp; Cr\u00e8me 24 heures pour compenser les effets du d\u00e9s\u00e9quilibre hormonal entourant la m\u00e9nopause et pour r\u00e9\u00e9quilibrer les peaux s\u00e8ches. GRAND GAGNANT DU PRIX ELLE QU\u00c9BEC 2021 &#8211;\u00a0Cat\u00e9gorie Cr\u00e8me de jour anti-\u00e2ge 50 ml 3 innovations en 1! Le soin jeunesse r\u00e9g\u00e9n\u00e9rateur Triple Lipid comprend un ratio pr\u00e9cis (1:2 : 1) des trois lipides essentiels &hellip;<\/p>\n","protected":false},"featured_media":1525,"template":"","meta":{"_acf_changed":false,"_genesis_hide_title":false,"_genesis_hide_breadcrumbs":false,"_genesis_hide_singular_image":false,"_genesis_hide_footer_widgets":false,"_genesis_custom_body_class":"","_genesis_custom_post_class":"","_genesis_layout":""},"product_cat":[37,31,77],"product_tag":[],"giftcard-category":[],"class_list":{"0":"post-1524","1":"product","2":"type-product","3":"status-publish","4":"has-post-thumbnail","6":"product_cat-produits","7":"product_cat-laboratoire-dr-renaud","8":"product_cat-produits-en-promotion","9":"entry","11":"first","12":"instock","13":"taxable","14":"shipping-taxable","15":"purchasable","16":"product-type-simple"},"acf":[],"yoast_head":"<!-- This site is optimized with the Yoast SEO plugin v22.5 - https:\/\/yoast.com\/wordpress\/plugins\/seo\/ -->\n<title>Dr. Renaud - Triple Lipid - Soin jeunesse r\u00e9g\u00e9n\u00e9rateur - Spa Sant\u00e9 Le N\u00e9nuphar<\/title>\n<meta name=\"description\" content=\"Triple Lipide - Soin jeunesse r\u00e9g\u00e9n\u00e9rateur. Cr\u00e8me 24 heures pour compenser les effets du d\u00e9s\u00e9quilibre hormonal et \u00e9quilibrer les peaux s\u00e8ches. Cliquez ici !\" \/>\n<meta name=\"robots\" content=\"noindex, follow, max-snippet:-1, max-image-preview:large, max-video-preview:-1\" \/>\n<meta property=\"og:locale\" content=\"fr_CA\" \/>\n<meta property=\"og:type\" content=\"article\" \/>\n<meta property=\"og:title\" content=\"Dr. Renaud - Triple Lipid - Soin jeunesse r\u00e9g\u00e9n\u00e9rateur - Spa Sant\u00e9 Le N\u00e9nuphar\" \/>\n<meta property=\"og:description\" content=\"Triple Lipide - Soin jeunesse r\u00e9g\u00e9n\u00e9rateur. Cr\u00e8me 24 heures pour compenser les effets du d\u00e9s\u00e9quilibre hormonal et \u00e9quilibrer les peaux s\u00e8ches. Cliquez ici !\" \/>\n<meta property=\"og:url\" content=\"https:\/\/publissoft.dev\/spasante\/produit\/triple-lipide-soin-jeunesse-regenerateur-spa-sante-le-nenuphar\/\" \/>\n<meta property=\"og:site_name\" content=\"Spa Sant\u00e9 Le N\u00e9nuphar\" \/>\n<meta property=\"article:publisher\" content=\"https:\/\/www.facebook.com\/SpaSanteLeNenuphar\" \/>\n<meta property=\"article:modified_time\" content=\"2024-01-30T16:07:00+00:00\" \/>\n<meta property=\"og:image\" content=\"https:\/\/publissoft.dev\/spasante\/wp-content\/uploads\/2022\/01\/spasantelenenuphar-triplelipideDrrenaud.png\" \/>\n\t<meta property=\"og:image:width\" content=\"590\" \/>\n\t<meta property=\"og:image:height\" content=\"590\" \/>\n\t<meta property=\"og:image:type\" content=\"image\/png\" \/>\n<meta name=\"twitter:card\" content=\"summary_large_image\" \/>\n<meta name=\"twitter:label1\" content=\"Estimation du temps de lecture\" \/>\n\t<meta name=\"twitter:data1\" content=\"1 minute\" \/>\n<script type=\"application\/ld+json\" class=\"yoast-schema-graph\">{\"@context\":\"https:\/\/schema.org\",\"@graph\":[{\"@type\":\"WebPage\",\"@id\":\"https:\/\/publissoft.dev\/spasante\/produit\/triple-lipide-soin-jeunesse-regenerateur-spa-sante-le-nenuphar\/\",\"url\":\"https:\/\/publissoft.dev\/spasante\/produit\/triple-lipide-soin-jeunesse-regenerateur-spa-sante-le-nenuphar\/\",\"name\":\"Dr. Renaud - Triple Lipid - Soin jeunesse r\u00e9g\u00e9n\u00e9rateur - Spa Sant\u00e9 Le N\u00e9nuphar\",\"isPartOf\":{\"@id\":\"https:\/\/publissoft.dev\/spasante\/#website\"},\"primaryImageOfPage\":{\"@id\":\"https:\/\/publissoft.dev\/spasante\/produit\/triple-lipide-soin-jeunesse-regenerateur-spa-sante-le-nenuphar\/#primaryimage\"},\"image\":{\"@id\":\"https:\/\/publissoft.dev\/spasante\/produit\/triple-lipide-soin-jeunesse-regenerateur-spa-sante-le-nenuphar\/#primaryimage\"},\"thumbnailUrl\":\"https:\/\/publissoft.dev\/spasante\/wp-content\/uploads\/2022\/01\/spasantelenenuphar-triplelipideDrrenaud.png\",\"datePublished\":\"2022-01-27T19:44:25+00:00\",\"dateModified\":\"2024-01-30T16:07:00+00:00\",\"description\":\"Triple Lipide - Soin jeunesse r\u00e9g\u00e9n\u00e9rateur. Cr\u00e8me 24 heures pour compenser les effets du d\u00e9s\u00e9quilibre hormonal et \u00e9quilibrer les peaux s\u00e8ches. Cliquez ici !\",\"breadcrumb\":{\"@id\":\"https:\/\/publissoft.dev\/spasante\/produit\/triple-lipide-soin-jeunesse-regenerateur-spa-sante-le-nenuphar\/#breadcrumb\"},\"inLanguage\":\"fr-CA\",\"potentialAction\":[{\"@type\":\"ReadAction\",\"target\":[\"https:\/\/publissoft.dev\/spasante\/produit\/triple-lipide-soin-jeunesse-regenerateur-spa-sante-le-nenuphar\/\"]}]},{\"@type\":\"ImageObject\",\"inLanguage\":\"fr-CA\",\"@id\":\"https:\/\/publissoft.dev\/spasante\/produit\/triple-lipide-soin-jeunesse-regenerateur-spa-sante-le-nenuphar\/#primaryimage\",\"url\":\"https:\/\/publissoft.dev\/spasante\/wp-content\/uploads\/2022\/01\/spasantelenenuphar-triplelipideDrrenaud.png\",\"contentUrl\":\"https:\/\/publissoft.dev\/spasante\/wp-content\/uploads\/2022\/01\/spasantelenenuphar-triplelipideDrrenaud.png\",\"width\":590,\"height\":590},{\"@type\":\"BreadcrumbList\",\"@id\":\"https:\/\/publissoft.dev\/spasante\/produit\/triple-lipide-soin-jeunesse-regenerateur-spa-sante-le-nenuphar\/#breadcrumb\",\"itemListElement\":[{\"@type\":\"ListItem\",\"position\":1,\"name\":\"Accueil\",\"item\":\"https:\/\/publissoft.dev\/spasante\/\"},{\"@type\":\"ListItem\",\"position\":2,\"name\":\"Boutique\",\"item\":\"https:\/\/publissoft.dev\/spasante\/boutique\/\"},{\"@type\":\"ListItem\",\"position\":3,\"name\":\"Dr. Renaud &#8211; Triple Lipid &#8211; Soin jeunesse r\u00e9g\u00e9n\u00e9rateur\"}]},{\"@type\":\"WebSite\",\"@id\":\"https:\/\/publissoft.dev\/spasante\/#website\",\"url\":\"https:\/\/publissoft.dev\/spasante\/\",\"name\":\"Spa Sant\u00e9 Le N\u00e9nuphar\",\"description\":\"\",\"publisher\":{\"@id\":\"https:\/\/publissoft.dev\/spasante\/#organization\"},\"potentialAction\":[{\"@type\":\"SearchAction\",\"target\":{\"@type\":\"EntryPoint\",\"urlTemplate\":\"https:\/\/publissoft.dev\/spasante\/?s={search_term_string}\"},\"query-input\":\"required name=search_term_string\"}],\"inLanguage\":\"fr-CA\"},{\"@type\":\"Organization\",\"@id\":\"https:\/\/publissoft.dev\/spasante\/#organization\",\"name\":\"Spa Sant\u00e9 Le N\u00e9nuphar\",\"url\":\"https:\/\/publissoft.dev\/spasante\/\",\"logo\":{\"@type\":\"ImageObject\",\"inLanguage\":\"fr-CA\",\"@id\":\"https:\/\/publissoft.dev\/spasante\/#\/schema\/logo\/image\/\",\"url\":\"https:\/\/publissoft.dev\/spasante\/wp-content\/uploads\/2022\/11\/logo-jpg.jpeg\",\"contentUrl\":\"https:\/\/publissoft.dev\/spasante\/wp-content\/uploads\/2022\/11\/logo-jpg.jpeg\",\"width\":900,\"height\":900,\"caption\":\"Spa Sant\u00e9 Le N\u00e9nuphar\"},\"image\":{\"@id\":\"https:\/\/publissoft.dev\/spasante\/#\/schema\/logo\/image\/\"},\"sameAs\":[\"https:\/\/www.facebook.com\/SpaSanteLeNenuphar\",\"https:\/\/www.instagram.com\/spasantelenenuphar\/?hl=fr\"]}]}<\/script>\n<!-- \/ Yoast SEO plugin. -->","yoast_head_json":{"title":"Dr. Renaud - Triple Lipid - Soin jeunesse r\u00e9g\u00e9n\u00e9rateur - Spa Sant\u00e9 Le N\u00e9nuphar","description":"Triple Lipide - Soin jeunesse r\u00e9g\u00e9n\u00e9rateur. Cr\u00e8me 24 heures pour compenser les effets du d\u00e9s\u00e9quilibre hormonal et \u00e9quilibrer les peaux s\u00e8ches. Cliquez ici !","robots":{"index":"noindex","follow":"follow","max-snippet":"max-snippet:-1","max-image-preview":"max-image-preview:large","max-video-preview":"max-video-preview:-1"},"og_locale":"fr_CA","og_type":"article","og_title":"Dr. Renaud - Triple Lipid - Soin jeunesse r\u00e9g\u00e9n\u00e9rateur - Spa Sant\u00e9 Le N\u00e9nuphar","og_description":"Triple Lipide - Soin jeunesse r\u00e9g\u00e9n\u00e9rateur. Cr\u00e8me 24 heures pour compenser les effets du d\u00e9s\u00e9quilibre hormonal et \u00e9quilibrer les peaux s\u00e8ches. Cliquez ici !","og_url":"https:\/\/publissoft.dev\/spasante\/produit\/triple-lipide-soin-jeunesse-regenerateur-spa-sante-le-nenuphar\/","og_site_name":"Spa Sant\u00e9 Le N\u00e9nuphar","article_publisher":"https:\/\/www.facebook.com\/SpaSanteLeNenuphar","article_modified_time":"2024-01-30T16:07:00+00:00","og_image":[{"width":590,"height":590,"url":"https:\/\/publissoft.dev\/spasante\/wp-content\/uploads\/2022\/01\/spasantelenenuphar-triplelipideDrrenaud.png","type":"image\/png"}],"twitter_card":"summary_large_image","twitter_misc":{"Estimation du temps de lecture":"1 minute"},"schema":{"@context":"https:\/\/schema.org","@graph":[{"@type":"WebPage","@id":"https:\/\/publissoft.dev\/spasante\/produit\/triple-lipide-soin-jeunesse-regenerateur-spa-sante-le-nenuphar\/","url":"https:\/\/publissoft.dev\/spasante\/produit\/triple-lipide-soin-jeunesse-regenerateur-spa-sante-le-nenuphar\/","name":"Dr. Renaud - Triple Lipid - Soin jeunesse r\u00e9g\u00e9n\u00e9rateur - Spa Sant\u00e9 Le N\u00e9nuphar","isPartOf":{"@id":"https:\/\/publissoft.dev\/spasante\/#website"},"primaryImageOfPage":{"@id":"https:\/\/publissoft.dev\/spasante\/produit\/triple-lipide-soin-jeunesse-regenerateur-spa-sante-le-nenuphar\/#primaryimage"},"image":{"@id":"https:\/\/publissoft.dev\/spasante\/produit\/triple-lipide-soin-jeunesse-regenerateur-spa-sante-le-nenuphar\/#primaryimage"},"thumbnailUrl":"https:\/\/publissoft.dev\/spasante\/wp-content\/uploads\/2022\/01\/spasantelenenuphar-triplelipideDrrenaud.png","datePublished":"2022-01-27T19:44:25+00:00","dateModified":"2024-01-30T16:07:00+00:00","description":"Triple Lipide - Soin jeunesse r\u00e9g\u00e9n\u00e9rateur. Cr\u00e8me 24 heures pour compenser les effets du d\u00e9s\u00e9quilibre hormonal et \u00e9quilibrer les peaux s\u00e8ches. Cliquez ici !","breadcrumb":{"@id":"https:\/\/publissoft.dev\/spasante\/produit\/triple-lipide-soin-jeunesse-regenerateur-spa-sante-le-nenuphar\/#breadcrumb"},"inLanguage":"fr-CA","potentialAction":[{"@type":"ReadAction","target":["https:\/\/publissoft.dev\/spasante\/produit\/triple-lipide-soin-jeunesse-regenerateur-spa-sante-le-nenuphar\/"]}]},{"@type":"ImageObject","inLanguage":"fr-CA","@id":"https:\/\/publissoft.dev\/spasante\/produit\/triple-lipide-soin-jeunesse-regenerateur-spa-sante-le-nenuphar\/#primaryimage","url":"https:\/\/publissoft.dev\/spasante\/wp-content\/uploads\/2022\/01\/spasantelenenuphar-triplelipideDrrenaud.png","contentUrl":"https:\/\/publissoft.dev\/spasante\/wp-content\/uploads\/2022\/01\/spasantelenenuphar-triplelipideDrrenaud.png","width":590,"height":590},{"@type":"BreadcrumbList","@id":"https:\/\/publissoft.dev\/spasante\/produit\/triple-lipide-soin-jeunesse-regenerateur-spa-sante-le-nenuphar\/#breadcrumb","itemListElement":[{"@type":"ListItem","position":1,"name":"Accueil","item":"https:\/\/publissoft.dev\/spasante\/"},{"@type":"ListItem","position":2,"name":"Boutique","item":"https:\/\/publissoft.dev\/spasante\/boutique\/"},{"@type":"ListItem","position":3,"name":"Dr. Renaud &#8211; Triple Lipid &#8211; Soin jeunesse r\u00e9g\u00e9n\u00e9rateur"}]},{"@type":"WebSite","@id":"https:\/\/publissoft.dev\/spasante\/#website","url":"https:\/\/publissoft.dev\/spasante\/","name":"Spa Sant\u00e9 Le N\u00e9nuphar","description":"","publisher":{"@id":"https:\/\/publissoft.dev\/spasante\/#organization"},"potentialAction":[{"@type":"SearchAction","target":{"@type":"EntryPoint","urlTemplate":"https:\/\/publissoft.dev\/spasante\/?s={search_term_string}"},"query-input":"required name=search_term_string"}],"inLanguage":"fr-CA"},{"@type":"Organization","@id":"https:\/\/publissoft.dev\/spasante\/#organization","name":"Spa Sant\u00e9 Le N\u00e9nuphar","url":"https:\/\/publissoft.dev\/spasante\/","logo":{"@type":"ImageObject","inLanguage":"fr-CA","@id":"https:\/\/publissoft.dev\/spasante\/#\/schema\/logo\/image\/","url":"https:\/\/publissoft.dev\/spasante\/wp-content\/uploads\/2022\/11\/logo-jpg.jpeg","contentUrl":"https:\/\/publissoft.dev\/spasante\/wp-content\/uploads\/2022\/11\/logo-jpg.jpeg","width":900,"height":900,"caption":"Spa Sant\u00e9 Le N\u00e9nuphar"},"image":{"@id":"https:\/\/publissoft.dev\/spasante\/#\/schema\/logo\/image\/"},"sameAs":["https:\/\/www.facebook.com\/SpaSanteLeNenuphar","https:\/\/www.instagram.com\/spasantelenenuphar\/?hl=fr"]}]}},"_links":{"self":[{"href":"https:\/\/publissoft.dev\/spasante\/wp-json\/wp\/v2\/product\/1524","targetHints":{"allow":["GET"]}}],"collection":[{"href":"https:\/\/publissoft.dev\/spasante\/wp-json\/wp\/v2\/product"}],"about":[{"href":"https:\/\/publissoft.dev\/spasante\/wp-json\/wp\/v2\/types\/product"}],"wp:featuredmedia":[{"embeddable":true,"href":"https:\/\/publissoft.dev\/spasante\/wp-json\/wp\/v2\/media\/1525"}],"wp:attachment":[{"href":"https:\/\/publissoft.dev\/spasante\/wp-json\/wp\/v2\/media?parent=1524"}],"wp:term":[{"taxonomy":"product_cat","embeddable":true,"href":"https:\/\/publissoft.dev\/spasante\/wp-json\/wp\/v2\/product_cat?post=1524"},{"taxonomy":"product_tag","embeddable":true,"href":"https:\/\/publissoft.dev\/spasante\/wp-json\/wp\/v2\/product_tag?post=1524"},{"taxonomy":"giftcard-category","embeddable":true,"href":"https:\/\/publissoft.dev\/spasante\/wp-json\/wp\/v2\/giftcard-category?post=1524"}],"curies":[{"name":"wp","href":"https:\/\/api.w.org\/{rel}","templated":true}]}}