{"id":2097,"date":"2022-04-07T23:33:43","date_gmt":"2022-04-08T03:33:43","guid":{"rendered":"https:\/\/publissoft.dev\/spasante\/produit\/cocooning-love-masque-capillaire-apaisant-ananas-tropical\/"},"modified":"2022-04-27T14:41:11","modified_gmt":"2022-04-27T18:41:11","slug":"cocooning-love-masque-capillaire-apaisant-ananas-tropical","status":"publish","type":"product","link":"https:\/\/publissoft.dev\/spasante\/produit\/cocooning-love-masque-capillaire-apaisant-ananas-tropical\/","title":{"rendered":"Cocooning Love &#8211; Masque capillaire apaisant Ananas Tropical"},"content":{"rendered":"<ul class=\"attributes-list\" data-mce-fragment=\"1\">\n<li data-mce-fragment=\"1\">Contenant en carton Recyclable<span data-mce-fragment=\"1\">\u00a0<\/span>\n<\/li>\n<li data-mce-fragment=\"1\">V\u00e9gane<\/li>\n<\/ul>\n<p data-mce-fragment=\"1\">Ce masque apaisera votre cuir chevelu en douceur. L\u2019allanto\u00efne est connue pour r\u00e9guler le processus inflammatoire et calmer les d\u00e9mangeaisons. L\u2019huile d\u2019amande douce, riche en triacylglyc\u00e9rides, est extr\u00eamement adoucissante et \u00e9molliente. Elle contient notamment des alcools triterp\u00e9niques jouant un r\u00f4le anti-inflammatoire pour le cuir chevelu. En outre, son action combin\u00e9e \u00e0 celle du panth\u00e9nol fortifiera la chevelure, pr\u00e9viendra de sa d\u00e9shydratation tout en lui redonnant \u00e9clat et vigueur.<br data-mce-fragment=\"1\"><\/p>\n<p data-mce-fragment=\"1\">50 gr (entre 25 et 30 pastilles)<\/p>\n","protected":false},"excerpt":{"rendered":"<p>Contenant en carton Recyclable\u00a0 V\u00e9gane Ce masque apaisera votre cuir chevelu en douceur. L\u2019allanto\u00efne est connue pour r\u00e9guler le processus inflammatoire et calmer les d\u00e9mangeaisons. L\u2019huile d\u2019amande douce, riche en triacylglyc\u00e9rides, est extr\u00eamement adoucissante et \u00e9molliente. Elle contient notamment des alcools triterp\u00e9niques jouant un r\u00f4le anti-inflammatoire pour le cuir chevelu. En outre, son action combin\u00e9e &hellip;<\/p>\n","protected":false},"featured_media":2099,"template":"","meta":{"_acf_changed":false,"_genesis_hide_title":false,"_genesis_hide_breadcrumbs":false,"_genesis_hide_singular_image":false,"_genesis_hide_footer_widgets":false,"_genesis_custom_body_class":"","_genesis_custom_post_class":"","_genesis_layout":""},"product_cat":[55,37],"product_tag":[],"giftcard-category":[],"class_list":{"0":"post-2097","1":"product","2":"type-product","3":"status-publish","4":"has-post-thumbnail","6":"product_cat-cocooning-love","7":"product_cat-produits","8":"entry","10":"first","11":"instock","12":"taxable","13":"shipping-taxable","14":"purchasable","15":"product-type-simple"},"acf":[],"yoast_head":"<!-- This site is optimized with the Yoast SEO plugin v22.5 - https:\/\/yoast.com\/wordpress\/plugins\/seo\/ -->\n<title>Cocooning Love - Masque capillaire apaisant Ananas Tropical - Spa Sant\u00e9 Le N\u00e9nuphar<\/title>\n<meta name=\"robots\" content=\"noindex, follow, max-snippet:-1, max-image-preview:large, max-video-preview:-1\" \/>\n<meta property=\"og:locale\" content=\"fr_CA\" \/>\n<meta property=\"og:type\" content=\"article\" \/>\n<meta property=\"og:title\" content=\"Cocooning Love - Masque capillaire apaisant Ananas Tropical - Spa Sant\u00e9 Le N\u00e9nuphar\" \/>\n<meta property=\"og:description\" content=\"Contenant en carton Recyclable\u00a0 V\u00e9gane Ce masque apaisera votre cuir chevelu en douceur. L\u2019allanto\u00efne est connue pour r\u00e9guler le processus inflammatoire et calmer les d\u00e9mangeaisons. L\u2019huile d\u2019amande douce, riche en triacylglyc\u00e9rides, est extr\u00eamement adoucissante et \u00e9molliente. Elle contient notamment des alcools triterp\u00e9niques jouant un r\u00f4le anti-inflammatoire pour le cuir chevelu. En outre, son action combin\u00e9e &hellip;\" \/>\n<meta property=\"og:url\" content=\"https:\/\/publissoft.dev\/spasante\/produit\/cocooning-love-masque-capillaire-apaisant-ananas-tropical\/\" \/>\n<meta property=\"og:site_name\" content=\"Spa Sant\u00e9 Le N\u00e9nuphar\" \/>\n<meta property=\"article:publisher\" content=\"https:\/\/www.facebook.com\/SpaSanteLeNenuphar\" \/>\n<meta property=\"article:modified_time\" content=\"2022-04-27T18:41:11+00:00\" \/>\n<meta property=\"og:image\" content=\"https:\/\/publissoft.dev\/spasante\/wp-content\/uploads\/2022\/04\/Spasantelenenuphar-cocooninglove-masquecapillaireananas.jpg\" \/>\n\t<meta property=\"og:image:width\" content=\"1080\" \/>\n\t<meta property=\"og:image:height\" content=\"1080\" \/>\n\t<meta property=\"og:image:type\" content=\"image\/jpeg\" \/>\n<meta name=\"twitter:card\" content=\"summary_large_image\" \/>\n<script type=\"application\/ld+json\" class=\"yoast-schema-graph\">{\"@context\":\"https:\/\/schema.org\",\"@graph\":[{\"@type\":\"WebPage\",\"@id\":\"https:\/\/publissoft.dev\/spasante\/produit\/cocooning-love-masque-capillaire-apaisant-ananas-tropical\/\",\"url\":\"https:\/\/publissoft.dev\/spasante\/produit\/cocooning-love-masque-capillaire-apaisant-ananas-tropical\/\",\"name\":\"Cocooning Love - Masque capillaire apaisant Ananas Tropical - Spa Sant\u00e9 Le N\u00e9nuphar\",\"isPartOf\":{\"@id\":\"https:\/\/publissoft.dev\/spasante\/#website\"},\"primaryImageOfPage\":{\"@id\":\"https:\/\/publissoft.dev\/spasante\/produit\/cocooning-love-masque-capillaire-apaisant-ananas-tropical\/#primaryimage\"},\"image\":{\"@id\":\"https:\/\/publissoft.dev\/spasante\/produit\/cocooning-love-masque-capillaire-apaisant-ananas-tropical\/#primaryimage\"},\"thumbnailUrl\":\"https:\/\/publissoft.dev\/spasante\/wp-content\/uploads\/2022\/04\/Spasantelenenuphar-cocooninglove-masquecapillaireananas.jpg\",\"datePublished\":\"2022-04-08T03:33:43+00:00\",\"dateModified\":\"2022-04-27T18:41:11+00:00\",\"breadcrumb\":{\"@id\":\"https:\/\/publissoft.dev\/spasante\/produit\/cocooning-love-masque-capillaire-apaisant-ananas-tropical\/#breadcrumb\"},\"inLanguage\":\"fr-CA\",\"potentialAction\":[{\"@type\":\"ReadAction\",\"target\":[\"https:\/\/publissoft.dev\/spasante\/produit\/cocooning-love-masque-capillaire-apaisant-ananas-tropical\/\"]}]},{\"@type\":\"ImageObject\",\"inLanguage\":\"fr-CA\",\"@id\":\"https:\/\/publissoft.dev\/spasante\/produit\/cocooning-love-masque-capillaire-apaisant-ananas-tropical\/#primaryimage\",\"url\":\"https:\/\/publissoft.dev\/spasante\/wp-content\/uploads\/2022\/04\/Spasantelenenuphar-cocooninglove-masquecapillaireananas.jpg\",\"contentUrl\":\"https:\/\/publissoft.dev\/spasante\/wp-content\/uploads\/2022\/04\/Spasantelenenuphar-cocooninglove-masquecapillaireananas.jpg\",\"width\":1080,\"height\":1080},{\"@type\":\"BreadcrumbList\",\"@id\":\"https:\/\/publissoft.dev\/spasante\/produit\/cocooning-love-masque-capillaire-apaisant-ananas-tropical\/#breadcrumb\",\"itemListElement\":[{\"@type\":\"ListItem\",\"position\":1,\"name\":\"Accueil\",\"item\":\"https:\/\/publissoft.dev\/spasante\/\"},{\"@type\":\"ListItem\",\"position\":2,\"name\":\"Boutique\",\"item\":\"https:\/\/publissoft.dev\/spasante\/boutique\/\"},{\"@type\":\"ListItem\",\"position\":3,\"name\":\"Cocooning Love &#8211; Masque capillaire apaisant Ananas Tropical\"}]},{\"@type\":\"WebSite\",\"@id\":\"https:\/\/publissoft.dev\/spasante\/#website\",\"url\":\"https:\/\/publissoft.dev\/spasante\/\",\"name\":\"Spa Sant\u00e9 Le N\u00e9nuphar\",\"description\":\"\",\"publisher\":{\"@id\":\"https:\/\/publissoft.dev\/spasante\/#organization\"},\"potentialAction\":[{\"@type\":\"SearchAction\",\"target\":{\"@type\":\"EntryPoint\",\"urlTemplate\":\"https:\/\/publissoft.dev\/spasante\/?s={search_term_string}\"},\"query-input\":\"required name=search_term_string\"}],\"inLanguage\":\"fr-CA\"},{\"@type\":\"Organization\",\"@id\":\"https:\/\/publissoft.dev\/spasante\/#organization\",\"name\":\"Spa Sant\u00e9 Le N\u00e9nuphar\",\"url\":\"https:\/\/publissoft.dev\/spasante\/\",\"logo\":{\"@type\":\"ImageObject\",\"inLanguage\":\"fr-CA\",\"@id\":\"https:\/\/publissoft.dev\/spasante\/#\/schema\/logo\/image\/\",\"url\":\"https:\/\/publissoft.dev\/spasante\/wp-content\/uploads\/2022\/11\/logo-jpg.jpeg\",\"contentUrl\":\"https:\/\/publissoft.dev\/spasante\/wp-content\/uploads\/2022\/11\/logo-jpg.jpeg\",\"width\":900,\"height\":900,\"caption\":\"Spa Sant\u00e9 Le N\u00e9nuphar\"},\"image\":{\"@id\":\"https:\/\/publissoft.dev\/spasante\/#\/schema\/logo\/image\/\"},\"sameAs\":[\"https:\/\/www.facebook.com\/SpaSanteLeNenuphar\",\"https:\/\/www.instagram.com\/spasantelenenuphar\/?hl=fr\"]}]}<\/script>\n<!-- \/ Yoast SEO plugin. -->","yoast_head_json":{"title":"Cocooning Love - Masque capillaire apaisant Ananas Tropical - Spa Sant\u00e9 Le N\u00e9nuphar","robots":{"index":"noindex","follow":"follow","max-snippet":"max-snippet:-1","max-image-preview":"max-image-preview:large","max-video-preview":"max-video-preview:-1"},"og_locale":"fr_CA","og_type":"article","og_title":"Cocooning Love - Masque capillaire apaisant Ananas Tropical - Spa Sant\u00e9 Le N\u00e9nuphar","og_description":"Contenant en carton Recyclable\u00a0 V\u00e9gane Ce masque apaisera votre cuir chevelu en douceur. L\u2019allanto\u00efne est connue pour r\u00e9guler le processus inflammatoire et calmer les d\u00e9mangeaisons. L\u2019huile d\u2019amande douce, riche en triacylglyc\u00e9rides, est extr\u00eamement adoucissante et \u00e9molliente. Elle contient notamment des alcools triterp\u00e9niques jouant un r\u00f4le anti-inflammatoire pour le cuir chevelu. En outre, son action combin\u00e9e &hellip;","og_url":"https:\/\/publissoft.dev\/spasante\/produit\/cocooning-love-masque-capillaire-apaisant-ananas-tropical\/","og_site_name":"Spa Sant\u00e9 Le N\u00e9nuphar","article_publisher":"https:\/\/www.facebook.com\/SpaSanteLeNenuphar","article_modified_time":"2022-04-27T18:41:11+00:00","og_image":[{"width":1080,"height":1080,"url":"https:\/\/publissoft.dev\/spasante\/wp-content\/uploads\/2022\/04\/Spasantelenenuphar-cocooninglove-masquecapillaireananas.jpg","type":"image\/jpeg"}],"twitter_card":"summary_large_image","schema":{"@context":"https:\/\/schema.org","@graph":[{"@type":"WebPage","@id":"https:\/\/publissoft.dev\/spasante\/produit\/cocooning-love-masque-capillaire-apaisant-ananas-tropical\/","url":"https:\/\/publissoft.dev\/spasante\/produit\/cocooning-love-masque-capillaire-apaisant-ananas-tropical\/","name":"Cocooning Love - Masque capillaire apaisant Ananas Tropical - Spa Sant\u00e9 Le N\u00e9nuphar","isPartOf":{"@id":"https:\/\/publissoft.dev\/spasante\/#website"},"primaryImageOfPage":{"@id":"https:\/\/publissoft.dev\/spasante\/produit\/cocooning-love-masque-capillaire-apaisant-ananas-tropical\/#primaryimage"},"image":{"@id":"https:\/\/publissoft.dev\/spasante\/produit\/cocooning-love-masque-capillaire-apaisant-ananas-tropical\/#primaryimage"},"thumbnailUrl":"https:\/\/publissoft.dev\/spasante\/wp-content\/uploads\/2022\/04\/Spasantelenenuphar-cocooninglove-masquecapillaireananas.jpg","datePublished":"2022-04-08T03:33:43+00:00","dateModified":"2022-04-27T18:41:11+00:00","breadcrumb":{"@id":"https:\/\/publissoft.dev\/spasante\/produit\/cocooning-love-masque-capillaire-apaisant-ananas-tropical\/#breadcrumb"},"inLanguage":"fr-CA","potentialAction":[{"@type":"ReadAction","target":["https:\/\/publissoft.dev\/spasante\/produit\/cocooning-love-masque-capillaire-apaisant-ananas-tropical\/"]}]},{"@type":"ImageObject","inLanguage":"fr-CA","@id":"https:\/\/publissoft.dev\/spasante\/produit\/cocooning-love-masque-capillaire-apaisant-ananas-tropical\/#primaryimage","url":"https:\/\/publissoft.dev\/spasante\/wp-content\/uploads\/2022\/04\/Spasantelenenuphar-cocooninglove-masquecapillaireananas.jpg","contentUrl":"https:\/\/publissoft.dev\/spasante\/wp-content\/uploads\/2022\/04\/Spasantelenenuphar-cocooninglove-masquecapillaireananas.jpg","width":1080,"height":1080},{"@type":"BreadcrumbList","@id":"https:\/\/publissoft.dev\/spasante\/produit\/cocooning-love-masque-capillaire-apaisant-ananas-tropical\/#breadcrumb","itemListElement":[{"@type":"ListItem","position":1,"name":"Accueil","item":"https:\/\/publissoft.dev\/spasante\/"},{"@type":"ListItem","position":2,"name":"Boutique","item":"https:\/\/publissoft.dev\/spasante\/boutique\/"},{"@type":"ListItem","position":3,"name":"Cocooning Love &#8211; Masque capillaire apaisant Ananas Tropical"}]},{"@type":"WebSite","@id":"https:\/\/publissoft.dev\/spasante\/#website","url":"https:\/\/publissoft.dev\/spasante\/","name":"Spa Sant\u00e9 Le N\u00e9nuphar","description":"","publisher":{"@id":"https:\/\/publissoft.dev\/spasante\/#organization"},"potentialAction":[{"@type":"SearchAction","target":{"@type":"EntryPoint","urlTemplate":"https:\/\/publissoft.dev\/spasante\/?s={search_term_string}"},"query-input":"required name=search_term_string"}],"inLanguage":"fr-CA"},{"@type":"Organization","@id":"https:\/\/publissoft.dev\/spasante\/#organization","name":"Spa Sant\u00e9 Le N\u00e9nuphar","url":"https:\/\/publissoft.dev\/spasante\/","logo":{"@type":"ImageObject","inLanguage":"fr-CA","@id":"https:\/\/publissoft.dev\/spasante\/#\/schema\/logo\/image\/","url":"https:\/\/publissoft.dev\/spasante\/wp-content\/uploads\/2022\/11\/logo-jpg.jpeg","contentUrl":"https:\/\/publissoft.dev\/spasante\/wp-content\/uploads\/2022\/11\/logo-jpg.jpeg","width":900,"height":900,"caption":"Spa Sant\u00e9 Le N\u00e9nuphar"},"image":{"@id":"https:\/\/publissoft.dev\/spasante\/#\/schema\/logo\/image\/"},"sameAs":["https:\/\/www.facebook.com\/SpaSanteLeNenuphar","https:\/\/www.instagram.com\/spasantelenenuphar\/?hl=fr"]}]}},"_links":{"self":[{"href":"https:\/\/publissoft.dev\/spasante\/wp-json\/wp\/v2\/product\/2097","targetHints":{"allow":["GET"]}}],"collection":[{"href":"https:\/\/publissoft.dev\/spasante\/wp-json\/wp\/v2\/product"}],"about":[{"href":"https:\/\/publissoft.dev\/spasante\/wp-json\/wp\/v2\/types\/product"}],"wp:featuredmedia":[{"embeddable":true,"href":"https:\/\/publissoft.dev\/spasante\/wp-json\/wp\/v2\/media\/2099"}],"wp:attachment":[{"href":"https:\/\/publissoft.dev\/spasante\/wp-json\/wp\/v2\/media?parent=2097"}],"wp:term":[{"taxonomy":"product_cat","embeddable":true,"href":"https:\/\/publissoft.dev\/spasante\/wp-json\/wp\/v2\/product_cat?post=2097"},{"taxonomy":"product_tag","embeddable":true,"href":"https:\/\/publissoft.dev\/spasante\/wp-json\/wp\/v2\/product_tag?post=2097"},{"taxonomy":"giftcard-category","embeddable":true,"href":"https:\/\/publissoft.dev\/spasante\/wp-json\/wp\/v2\/giftcard-category?post=2097"}],"curies":[{"name":"wp","href":"https:\/\/api.w.org\/{rel}","templated":true}]}}