{"id":2107,"date":"2022-04-07T23:33:49","date_gmt":"2022-04-08T03:33:49","guid":{"rendered":"https:\/\/publissoft.dev\/spasante\/produit\/cocooning-love-shampoing-solide-bergamote-orange-sanguine-eucalyptus\/"},"modified":"2022-04-27T14:39:39","modified_gmt":"2022-04-27T18:39:39","slug":"cocooning-love-shampoing-solide-bergamote-orange-sanguine-eucalyptus","status":"publish","type":"product","link":"https:\/\/publissoft.dev\/spasante\/produit\/cocooning-love-shampoing-solide-bergamote-orange-sanguine-eucalyptus\/","title":{"rendered":"Cocooning Love &#8211; Shampoing solide Bergamote, Orange Sanguine &#038; Eucalyptus"},"content":{"rendered":"<ul class=\"attributes-list\" data-mce-fragment=\"1\">\n<li data-mce-fragment=\"1\">100% Naturel<span data-mce-fragment=\"1\">\u00a0<\/span>\n<\/li>\n<li data-mce-fragment=\"1\">Emballage \u00e0 planter &amp; biod\u00e9gradable<span data-mce-fragment=\"1\">\u00a0<\/span>\n<\/li>\n<li data-mce-fragment=\"1\">V\u00e9gane<\/li>\n<\/ul>\n<p data-mce-fragment=\"1\"><span data-mce-fragment=\"1\">Offrez \u00e0 vos cheveux un nettoyage en douceur avec notre shampoing solide \u00e0 la d\u00e9licieuse odeur de bergamote, d\u2019orange sanguine et d\u2019eucalyptus. Aussi doux pour la plan\u00e8te que pour les cuirs chevelus sensibles, ce shampoing \u00e0 l\u2019emballage minimaliste est non alourdissant et id\u00e9al pour tous les types de cheveux.<\/span><\/p>\n<p data-mce-fragment=\"1\"><span data-mce-fragment=\"1\">Format de 60g<\/span><\/p>\n","protected":false},"excerpt":{"rendered":"<p>100% Naturel\u00a0 Emballage \u00e0 planter &amp; biod\u00e9gradable\u00a0 V\u00e9gane Offrez \u00e0 vos cheveux un nettoyage en douceur avec notre shampoing solide \u00e0 la d\u00e9licieuse odeur de bergamote, d\u2019orange sanguine et d\u2019eucalyptus. Aussi doux pour la plan\u00e8te que pour les cuirs chevelus sensibles, ce shampoing \u00e0 l\u2019emballage minimaliste est non alourdissant et id\u00e9al pour tous les types &hellip;<\/p>\n","protected":false},"featured_media":2108,"template":"","meta":{"_acf_changed":false,"_genesis_hide_title":false,"_genesis_hide_breadcrumbs":false,"_genesis_hide_singular_image":false,"_genesis_hide_footer_widgets":false,"_genesis_custom_body_class":"","_genesis_custom_post_class":"","_genesis_layout":""},"product_cat":[55,37],"product_tag":[],"giftcard-category":[],"class_list":{"0":"post-2107","1":"product","2":"type-product","3":"status-publish","4":"has-post-thumbnail","6":"product_cat-cocooning-love","7":"product_cat-produits","8":"entry","10":"first","11":"instock","12":"taxable","13":"shipping-taxable","14":"purchasable","15":"product-type-simple"},"acf":[],"yoast_head":"<!-- This site is optimized with the Yoast SEO plugin v22.5 - https:\/\/yoast.com\/wordpress\/plugins\/seo\/ -->\n<title>Cocooning Love - Shampoing solide Bergamote, Orange Sanguine &amp; Eucalyptus - Spa Sant\u00e9 Le N\u00e9nuphar<\/title>\n<meta name=\"robots\" content=\"noindex, follow, max-snippet:-1, max-image-preview:large, max-video-preview:-1\" \/>\n<meta property=\"og:locale\" content=\"fr_CA\" \/>\n<meta property=\"og:type\" content=\"article\" \/>\n<meta property=\"og:title\" content=\"Cocooning Love - Shampoing solide Bergamote, Orange Sanguine &amp; Eucalyptus - Spa Sant\u00e9 Le N\u00e9nuphar\" \/>\n<meta property=\"og:description\" content=\"100% Naturel\u00a0 Emballage \u00e0 planter &amp; biod\u00e9gradable\u00a0 V\u00e9gane Offrez \u00e0 vos cheveux un nettoyage en douceur avec notre shampoing solide \u00e0 la d\u00e9licieuse odeur de bergamote, d\u2019orange sanguine et d\u2019eucalyptus. Aussi doux pour la plan\u00e8te que pour les cuirs chevelus sensibles, ce shampoing \u00e0 l\u2019emballage minimaliste est non alourdissant et id\u00e9al pour tous les types &hellip;\" \/>\n<meta property=\"og:url\" content=\"https:\/\/publissoft.dev\/spasante\/produit\/cocooning-love-shampoing-solide-bergamote-orange-sanguine-eucalyptus\/\" \/>\n<meta property=\"og:site_name\" content=\"Spa Sant\u00e9 Le N\u00e9nuphar\" \/>\n<meta property=\"article:publisher\" content=\"https:\/\/www.facebook.com\/SpaSanteLeNenuphar\" \/>\n<meta property=\"article:modified_time\" content=\"2022-04-27T18:39:39+00:00\" \/>\n<meta property=\"og:image\" content=\"https:\/\/publissoft.dev\/spasante\/wp-content\/uploads\/2022\/04\/Spasantelenenuphar-cocooninglove-shampoingsolidebergamote.jpg\" \/>\n\t<meta property=\"og:image:width\" content=\"1080\" \/>\n\t<meta property=\"og:image:height\" content=\"1080\" \/>\n\t<meta property=\"og:image:type\" content=\"image\/jpeg\" \/>\n<meta name=\"twitter:card\" content=\"summary_large_image\" \/>\n<script type=\"application\/ld+json\" class=\"yoast-schema-graph\">{\"@context\":\"https:\/\/schema.org\",\"@graph\":[{\"@type\":\"WebPage\",\"@id\":\"https:\/\/publissoft.dev\/spasante\/produit\/cocooning-love-shampoing-solide-bergamote-orange-sanguine-eucalyptus\/\",\"url\":\"https:\/\/publissoft.dev\/spasante\/produit\/cocooning-love-shampoing-solide-bergamote-orange-sanguine-eucalyptus\/\",\"name\":\"Cocooning Love - Shampoing solide Bergamote, Orange Sanguine & Eucalyptus - Spa Sant\u00e9 Le N\u00e9nuphar\",\"isPartOf\":{\"@id\":\"https:\/\/publissoft.dev\/spasante\/#website\"},\"primaryImageOfPage\":{\"@id\":\"https:\/\/publissoft.dev\/spasante\/produit\/cocooning-love-shampoing-solide-bergamote-orange-sanguine-eucalyptus\/#primaryimage\"},\"image\":{\"@id\":\"https:\/\/publissoft.dev\/spasante\/produit\/cocooning-love-shampoing-solide-bergamote-orange-sanguine-eucalyptus\/#primaryimage\"},\"thumbnailUrl\":\"https:\/\/publissoft.dev\/spasante\/wp-content\/uploads\/2022\/04\/Spasantelenenuphar-cocooninglove-shampoingsolidebergamote.jpg\",\"datePublished\":\"2022-04-08T03:33:49+00:00\",\"dateModified\":\"2022-04-27T18:39:39+00:00\",\"breadcrumb\":{\"@id\":\"https:\/\/publissoft.dev\/spasante\/produit\/cocooning-love-shampoing-solide-bergamote-orange-sanguine-eucalyptus\/#breadcrumb\"},\"inLanguage\":\"fr-CA\",\"potentialAction\":[{\"@type\":\"ReadAction\",\"target\":[\"https:\/\/publissoft.dev\/spasante\/produit\/cocooning-love-shampoing-solide-bergamote-orange-sanguine-eucalyptus\/\"]}]},{\"@type\":\"ImageObject\",\"inLanguage\":\"fr-CA\",\"@id\":\"https:\/\/publissoft.dev\/spasante\/produit\/cocooning-love-shampoing-solide-bergamote-orange-sanguine-eucalyptus\/#primaryimage\",\"url\":\"https:\/\/publissoft.dev\/spasante\/wp-content\/uploads\/2022\/04\/Spasantelenenuphar-cocooninglove-shampoingsolidebergamote.jpg\",\"contentUrl\":\"https:\/\/publissoft.dev\/spasante\/wp-content\/uploads\/2022\/04\/Spasantelenenuphar-cocooninglove-shampoingsolidebergamote.jpg\",\"width\":1080,\"height\":1080},{\"@type\":\"BreadcrumbList\",\"@id\":\"https:\/\/publissoft.dev\/spasante\/produit\/cocooning-love-shampoing-solide-bergamote-orange-sanguine-eucalyptus\/#breadcrumb\",\"itemListElement\":[{\"@type\":\"ListItem\",\"position\":1,\"name\":\"Accueil\",\"item\":\"https:\/\/publissoft.dev\/spasante\/\"},{\"@type\":\"ListItem\",\"position\":2,\"name\":\"Boutique\",\"item\":\"https:\/\/publissoft.dev\/spasante\/boutique\/\"},{\"@type\":\"ListItem\",\"position\":3,\"name\":\"Cocooning Love &#8211; Shampoing solide Bergamote, Orange Sanguine &#038; Eucalyptus\"}]},{\"@type\":\"WebSite\",\"@id\":\"https:\/\/publissoft.dev\/spasante\/#website\",\"url\":\"https:\/\/publissoft.dev\/spasante\/\",\"name\":\"Spa Sant\u00e9 Le N\u00e9nuphar\",\"description\":\"\",\"publisher\":{\"@id\":\"https:\/\/publissoft.dev\/spasante\/#organization\"},\"potentialAction\":[{\"@type\":\"SearchAction\",\"target\":{\"@type\":\"EntryPoint\",\"urlTemplate\":\"https:\/\/publissoft.dev\/spasante\/?s={search_term_string}\"},\"query-input\":\"required name=search_term_string\"}],\"inLanguage\":\"fr-CA\"},{\"@type\":\"Organization\",\"@id\":\"https:\/\/publissoft.dev\/spasante\/#organization\",\"name\":\"Spa Sant\u00e9 Le N\u00e9nuphar\",\"url\":\"https:\/\/publissoft.dev\/spasante\/\",\"logo\":{\"@type\":\"ImageObject\",\"inLanguage\":\"fr-CA\",\"@id\":\"https:\/\/publissoft.dev\/spasante\/#\/schema\/logo\/image\/\",\"url\":\"https:\/\/publissoft.dev\/spasante\/wp-content\/uploads\/2022\/11\/logo-jpg.jpeg\",\"contentUrl\":\"https:\/\/publissoft.dev\/spasante\/wp-content\/uploads\/2022\/11\/logo-jpg.jpeg\",\"width\":900,\"height\":900,\"caption\":\"Spa Sant\u00e9 Le N\u00e9nuphar\"},\"image\":{\"@id\":\"https:\/\/publissoft.dev\/spasante\/#\/schema\/logo\/image\/\"},\"sameAs\":[\"https:\/\/www.facebook.com\/SpaSanteLeNenuphar\",\"https:\/\/www.instagram.com\/spasantelenenuphar\/?hl=fr\"]}]}<\/script>\n<!-- \/ Yoast SEO plugin. -->","yoast_head_json":{"title":"Cocooning Love - Shampoing solide Bergamote, Orange Sanguine & Eucalyptus - Spa Sant\u00e9 Le N\u00e9nuphar","robots":{"index":"noindex","follow":"follow","max-snippet":"max-snippet:-1","max-image-preview":"max-image-preview:large","max-video-preview":"max-video-preview:-1"},"og_locale":"fr_CA","og_type":"article","og_title":"Cocooning Love - Shampoing solide Bergamote, Orange Sanguine & Eucalyptus - Spa Sant\u00e9 Le N\u00e9nuphar","og_description":"100% Naturel\u00a0 Emballage \u00e0 planter &amp; biod\u00e9gradable\u00a0 V\u00e9gane Offrez \u00e0 vos cheveux un nettoyage en douceur avec notre shampoing solide \u00e0 la d\u00e9licieuse odeur de bergamote, d\u2019orange sanguine et d\u2019eucalyptus. Aussi doux pour la plan\u00e8te que pour les cuirs chevelus sensibles, ce shampoing \u00e0 l\u2019emballage minimaliste est non alourdissant et id\u00e9al pour tous les types &hellip;","og_url":"https:\/\/publissoft.dev\/spasante\/produit\/cocooning-love-shampoing-solide-bergamote-orange-sanguine-eucalyptus\/","og_site_name":"Spa Sant\u00e9 Le N\u00e9nuphar","article_publisher":"https:\/\/www.facebook.com\/SpaSanteLeNenuphar","article_modified_time":"2022-04-27T18:39:39+00:00","og_image":[{"width":1080,"height":1080,"url":"https:\/\/publissoft.dev\/spasante\/wp-content\/uploads\/2022\/04\/Spasantelenenuphar-cocooninglove-shampoingsolidebergamote.jpg","type":"image\/jpeg"}],"twitter_card":"summary_large_image","schema":{"@context":"https:\/\/schema.org","@graph":[{"@type":"WebPage","@id":"https:\/\/publissoft.dev\/spasante\/produit\/cocooning-love-shampoing-solide-bergamote-orange-sanguine-eucalyptus\/","url":"https:\/\/publissoft.dev\/spasante\/produit\/cocooning-love-shampoing-solide-bergamote-orange-sanguine-eucalyptus\/","name":"Cocooning Love - Shampoing solide Bergamote, Orange Sanguine & Eucalyptus - Spa Sant\u00e9 Le N\u00e9nuphar","isPartOf":{"@id":"https:\/\/publissoft.dev\/spasante\/#website"},"primaryImageOfPage":{"@id":"https:\/\/publissoft.dev\/spasante\/produit\/cocooning-love-shampoing-solide-bergamote-orange-sanguine-eucalyptus\/#primaryimage"},"image":{"@id":"https:\/\/publissoft.dev\/spasante\/produit\/cocooning-love-shampoing-solide-bergamote-orange-sanguine-eucalyptus\/#primaryimage"},"thumbnailUrl":"https:\/\/publissoft.dev\/spasante\/wp-content\/uploads\/2022\/04\/Spasantelenenuphar-cocooninglove-shampoingsolidebergamote.jpg","datePublished":"2022-04-08T03:33:49+00:00","dateModified":"2022-04-27T18:39:39+00:00","breadcrumb":{"@id":"https:\/\/publissoft.dev\/spasante\/produit\/cocooning-love-shampoing-solide-bergamote-orange-sanguine-eucalyptus\/#breadcrumb"},"inLanguage":"fr-CA","potentialAction":[{"@type":"ReadAction","target":["https:\/\/publissoft.dev\/spasante\/produit\/cocooning-love-shampoing-solide-bergamote-orange-sanguine-eucalyptus\/"]}]},{"@type":"ImageObject","inLanguage":"fr-CA","@id":"https:\/\/publissoft.dev\/spasante\/produit\/cocooning-love-shampoing-solide-bergamote-orange-sanguine-eucalyptus\/#primaryimage","url":"https:\/\/publissoft.dev\/spasante\/wp-content\/uploads\/2022\/04\/Spasantelenenuphar-cocooninglove-shampoingsolidebergamote.jpg","contentUrl":"https:\/\/publissoft.dev\/spasante\/wp-content\/uploads\/2022\/04\/Spasantelenenuphar-cocooninglove-shampoingsolidebergamote.jpg","width":1080,"height":1080},{"@type":"BreadcrumbList","@id":"https:\/\/publissoft.dev\/spasante\/produit\/cocooning-love-shampoing-solide-bergamote-orange-sanguine-eucalyptus\/#breadcrumb","itemListElement":[{"@type":"ListItem","position":1,"name":"Accueil","item":"https:\/\/publissoft.dev\/spasante\/"},{"@type":"ListItem","position":2,"name":"Boutique","item":"https:\/\/publissoft.dev\/spasante\/boutique\/"},{"@type":"ListItem","position":3,"name":"Cocooning Love &#8211; Shampoing solide Bergamote, Orange Sanguine &#038; Eucalyptus"}]},{"@type":"WebSite","@id":"https:\/\/publissoft.dev\/spasante\/#website","url":"https:\/\/publissoft.dev\/spasante\/","name":"Spa Sant\u00e9 Le N\u00e9nuphar","description":"","publisher":{"@id":"https:\/\/publissoft.dev\/spasante\/#organization"},"potentialAction":[{"@type":"SearchAction","target":{"@type":"EntryPoint","urlTemplate":"https:\/\/publissoft.dev\/spasante\/?s={search_term_string}"},"query-input":"required name=search_term_string"}],"inLanguage":"fr-CA"},{"@type":"Organization","@id":"https:\/\/publissoft.dev\/spasante\/#organization","name":"Spa Sant\u00e9 Le N\u00e9nuphar","url":"https:\/\/publissoft.dev\/spasante\/","logo":{"@type":"ImageObject","inLanguage":"fr-CA","@id":"https:\/\/publissoft.dev\/spasante\/#\/schema\/logo\/image\/","url":"https:\/\/publissoft.dev\/spasante\/wp-content\/uploads\/2022\/11\/logo-jpg.jpeg","contentUrl":"https:\/\/publissoft.dev\/spasante\/wp-content\/uploads\/2022\/11\/logo-jpg.jpeg","width":900,"height":900,"caption":"Spa Sant\u00e9 Le N\u00e9nuphar"},"image":{"@id":"https:\/\/publissoft.dev\/spasante\/#\/schema\/logo\/image\/"},"sameAs":["https:\/\/www.facebook.com\/SpaSanteLeNenuphar","https:\/\/www.instagram.com\/spasantelenenuphar\/?hl=fr"]}]}},"_links":{"self":[{"href":"https:\/\/publissoft.dev\/spasante\/wp-json\/wp\/v2\/product\/2107","targetHints":{"allow":["GET"]}}],"collection":[{"href":"https:\/\/publissoft.dev\/spasante\/wp-json\/wp\/v2\/product"}],"about":[{"href":"https:\/\/publissoft.dev\/spasante\/wp-json\/wp\/v2\/types\/product"}],"wp:featuredmedia":[{"embeddable":true,"href":"https:\/\/publissoft.dev\/spasante\/wp-json\/wp\/v2\/media\/2108"}],"wp:attachment":[{"href":"https:\/\/publissoft.dev\/spasante\/wp-json\/wp\/v2\/media?parent=2107"}],"wp:term":[{"taxonomy":"product_cat","embeddable":true,"href":"https:\/\/publissoft.dev\/spasante\/wp-json\/wp\/v2\/product_cat?post=2107"},{"taxonomy":"product_tag","embeddable":true,"href":"https:\/\/publissoft.dev\/spasante\/wp-json\/wp\/v2\/product_tag?post=2107"},{"taxonomy":"giftcard-category","embeddable":true,"href":"https:\/\/publissoft.dev\/spasante\/wp-json\/wp\/v2\/giftcard-category?post=2107"}],"curies":[{"name":"wp","href":"https:\/\/api.w.org\/{rel}","templated":true}]}}