{"id":2118,"date":"2022-04-07T23:34:11","date_gmt":"2022-04-08T03:34:11","guid":{"rendered":"https:\/\/publissoft.dev\/spasante\/produit\/dr-renaud-sebobalance-fluide-anti-age-24-h\/"},"modified":"2024-01-30T10:31:12","modified_gmt":"2024-01-30T15:31:12","slug":"dr-renaud-sebobalance-fluide-anti-age-24-h","status":"publish","type":"product","link":"https:\/\/publissoft.dev\/spasante\/produit\/dr-renaud-sebobalance-fluide-anti-age-24-h\/","title":{"rendered":"Dr. Renaud &#8211; SeboBalance \u2013 Fluide anti-\u00e2ge 24h"},"content":{"rendered":"<div class=\"descProd\" data-mce-fragment=\"1\">\n<p data-mce-fragment=\"1\"><strong data-mce-fragment=\"1\">SeboBalance \u2013 Fluide anti-\u00e2ge 24 h<\/strong><\/p>\n<p data-mce-fragment=\"1\">\u2212 Estompe rides et ridules<br \/>\n\u2212 D\u00e9tend les traits du visage<br \/>\n\u2212 D\u00e9finit les contours<br \/>\n\u2212 Matifie la peau<\/p>\n<p data-mce-fragment=\"1\">Soin 24 h frais et velout\u00e9 r\u00e9pondant sp\u00e9cifiquement aux exigences des peaux grasses luisantes, d\u00e8s l\u2019apparition des premiers signes du vieillissement. Sa formule innovatrice combine des propri\u00e9t\u00e9s anti-\u00e2ge, matifiantes et ultra-hydratantes pour une peau d\u2019apparence plus jeune et plus saine. Son application quotidienne conf\u00e8re \u00e0 la peau hydratation, douceur, bien-\u00eatre et luminosit\u00e9. S\u2019utilise le jour et\/ou la nuit, avec ou sans maquillage.<\/p>\n<p data-mce-fragment=\"1\"><strong data-mce-fragment=\"1\">Conseils d\u2019utilisation<\/strong><\/p>\n<p data-mce-fragment=\"1\">Le matin et\/ou le soir, apr\u00e8s un nettoyage minutieux de la peau, appliquer une petite quantit\u00e9 du fluide anti\u00e2ge 24 h SeboBalance sur le visage et le cou. R\u00e9partir uniform\u00e9ment. Faire p\u00e9n\u00e9trer par de l\u00e9gers effleurages. Proc\u00e9der ensuite au maquillage si d\u00e9sir\u00e9<\/p>\n<p data-mce-fragment=\"1\"><strong>Format<\/strong> 50ml<\/p>\n<\/div>\n","protected":false},"excerpt":{"rendered":"<p>SeboBalance \u2013 Fluide anti-\u00e2ge 24 h \u2212 Estompe rides et ridules \u2212 D\u00e9tend les traits du visage \u2212 D\u00e9finit les contours \u2212 Matifie la peau Soin 24 h frais et velout\u00e9 r\u00e9pondant sp\u00e9cifiquement aux exigences des peaux grasses luisantes, d\u00e8s l\u2019apparition des premiers signes du vieillissement. Sa formule innovatrice combine des propri\u00e9t\u00e9s anti-\u00e2ge, matifiantes et &hellip;<\/p>\n","protected":false},"featured_media":2125,"template":"","meta":{"_acf_changed":false,"_genesis_hide_title":false,"_genesis_hide_breadcrumbs":false,"_genesis_hide_singular_image":false,"_genesis_hide_footer_widgets":false,"_genesis_custom_body_class":"","_genesis_custom_post_class":"","_genesis_layout":""},"product_cat":[37,31,77],"product_tag":[],"giftcard-category":[],"class_list":{"0":"post-2118","1":"product","2":"type-product","3":"status-publish","4":"has-post-thumbnail","6":"product_cat-produits","7":"product_cat-laboratoire-dr-renaud","8":"product_cat-produits-en-promotion","9":"entry","11":"first","12":"instock","13":"taxable","14":"shipping-taxable","15":"purchasable","16":"product-type-simple"},"acf":[],"yoast_head":"<!-- This site is optimized with the Yoast SEO plugin v22.5 - https:\/\/yoast.com\/wordpress\/plugins\/seo\/ -->\n<title>Dr. Renaud - SeboBalance \u2013 Fluide anti-\u00e2ge 24h - Spa Sant\u00e9 Le N\u00e9nuphar<\/title>\n<meta name=\"robots\" content=\"noindex, follow, max-snippet:-1, max-image-preview:large, max-video-preview:-1\" \/>\n<meta property=\"og:locale\" content=\"fr_CA\" \/>\n<meta property=\"og:type\" content=\"article\" \/>\n<meta property=\"og:title\" content=\"Dr. Renaud - SeboBalance \u2013 Fluide anti-\u00e2ge 24h - Spa Sant\u00e9 Le N\u00e9nuphar\" \/>\n<meta property=\"og:description\" content=\"SeboBalance \u2013 Fluide anti-\u00e2ge 24 h \u2212 Estompe rides et ridules \u2212 D\u00e9tend les traits du visage \u2212 D\u00e9finit les contours \u2212 Matifie la peau Soin 24 h frais et velout\u00e9 r\u00e9pondant sp\u00e9cifiquement aux exigences des peaux grasses luisantes, d\u00e8s l\u2019apparition des premiers signes du vieillissement. Sa formule innovatrice combine des propri\u00e9t\u00e9s anti-\u00e2ge, matifiantes et &hellip;\" \/>\n<meta property=\"og:url\" content=\"https:\/\/publissoft.dev\/spasante\/produit\/dr-renaud-sebobalance-fluide-anti-age-24-h\/\" \/>\n<meta property=\"og:site_name\" content=\"Spa Sant\u00e9 Le N\u00e9nuphar\" \/>\n<meta property=\"article:publisher\" content=\"https:\/\/www.facebook.com\/SpaSanteLeNenuphar\" \/>\n<meta property=\"article:modified_time\" content=\"2024-01-30T15:31:12+00:00\" \/>\n<meta property=\"og:image\" content=\"https:\/\/publissoft.dev\/spasante\/wp-content\/uploads\/2022\/04\/SeboBalance_Fluideanti-age24h.jpg\" \/>\n\t<meta property=\"og:image:width\" content=\"800\" \/>\n\t<meta property=\"og:image:height\" content=\"800\" \/>\n\t<meta property=\"og:image:type\" content=\"image\/jpeg\" \/>\n<meta name=\"twitter:card\" content=\"summary_large_image\" \/>\n<meta name=\"twitter:label1\" content=\"Estimation du temps de lecture\" \/>\n\t<meta name=\"twitter:data1\" content=\"1 minute\" \/>\n<script type=\"application\/ld+json\" class=\"yoast-schema-graph\">{\"@context\":\"https:\/\/schema.org\",\"@graph\":[{\"@type\":\"WebPage\",\"@id\":\"https:\/\/publissoft.dev\/spasante\/produit\/dr-renaud-sebobalance-fluide-anti-age-24-h\/\",\"url\":\"https:\/\/publissoft.dev\/spasante\/produit\/dr-renaud-sebobalance-fluide-anti-age-24-h\/\",\"name\":\"Dr. Renaud - SeboBalance \u2013 Fluide anti-\u00e2ge 24h - Spa Sant\u00e9 Le N\u00e9nuphar\",\"isPartOf\":{\"@id\":\"https:\/\/publissoft.dev\/spasante\/#website\"},\"primaryImageOfPage\":{\"@id\":\"https:\/\/publissoft.dev\/spasante\/produit\/dr-renaud-sebobalance-fluide-anti-age-24-h\/#primaryimage\"},\"image\":{\"@id\":\"https:\/\/publissoft.dev\/spasante\/produit\/dr-renaud-sebobalance-fluide-anti-age-24-h\/#primaryimage\"},\"thumbnailUrl\":\"https:\/\/publissoft.dev\/spasante\/wp-content\/uploads\/2022\/04\/SeboBalance_Fluideanti-age24h.jpg\",\"datePublished\":\"2022-04-08T03:34:11+00:00\",\"dateModified\":\"2024-01-30T15:31:12+00:00\",\"breadcrumb\":{\"@id\":\"https:\/\/publissoft.dev\/spasante\/produit\/dr-renaud-sebobalance-fluide-anti-age-24-h\/#breadcrumb\"},\"inLanguage\":\"fr-CA\",\"potentialAction\":[{\"@type\":\"ReadAction\",\"target\":[\"https:\/\/publissoft.dev\/spasante\/produit\/dr-renaud-sebobalance-fluide-anti-age-24-h\/\"]}]},{\"@type\":\"ImageObject\",\"inLanguage\":\"fr-CA\",\"@id\":\"https:\/\/publissoft.dev\/spasante\/produit\/dr-renaud-sebobalance-fluide-anti-age-24-h\/#primaryimage\",\"url\":\"https:\/\/publissoft.dev\/spasante\/wp-content\/uploads\/2022\/04\/SeboBalance_Fluideanti-age24h.jpg\",\"contentUrl\":\"https:\/\/publissoft.dev\/spasante\/wp-content\/uploads\/2022\/04\/SeboBalance_Fluideanti-age24h.jpg\",\"width\":800,\"height\":800},{\"@type\":\"BreadcrumbList\",\"@id\":\"https:\/\/publissoft.dev\/spasante\/produit\/dr-renaud-sebobalance-fluide-anti-age-24-h\/#breadcrumb\",\"itemListElement\":[{\"@type\":\"ListItem\",\"position\":1,\"name\":\"Accueil\",\"item\":\"https:\/\/publissoft.dev\/spasante\/\"},{\"@type\":\"ListItem\",\"position\":2,\"name\":\"Boutique\",\"item\":\"https:\/\/publissoft.dev\/spasante\/boutique\/\"},{\"@type\":\"ListItem\",\"position\":3,\"name\":\"Dr. Renaud &#8211; SeboBalance \u2013 Fluide anti-\u00e2ge 24h\"}]},{\"@type\":\"WebSite\",\"@id\":\"https:\/\/publissoft.dev\/spasante\/#website\",\"url\":\"https:\/\/publissoft.dev\/spasante\/\",\"name\":\"Spa Sant\u00e9 Le N\u00e9nuphar\",\"description\":\"\",\"publisher\":{\"@id\":\"https:\/\/publissoft.dev\/spasante\/#organization\"},\"potentialAction\":[{\"@type\":\"SearchAction\",\"target\":{\"@type\":\"EntryPoint\",\"urlTemplate\":\"https:\/\/publissoft.dev\/spasante\/?s={search_term_string}\"},\"query-input\":\"required name=search_term_string\"}],\"inLanguage\":\"fr-CA\"},{\"@type\":\"Organization\",\"@id\":\"https:\/\/publissoft.dev\/spasante\/#organization\",\"name\":\"Spa Sant\u00e9 Le N\u00e9nuphar\",\"url\":\"https:\/\/publissoft.dev\/spasante\/\",\"logo\":{\"@type\":\"ImageObject\",\"inLanguage\":\"fr-CA\",\"@id\":\"https:\/\/publissoft.dev\/spasante\/#\/schema\/logo\/image\/\",\"url\":\"https:\/\/publissoft.dev\/spasante\/wp-content\/uploads\/2022\/11\/logo-jpg.jpeg\",\"contentUrl\":\"https:\/\/publissoft.dev\/spasante\/wp-content\/uploads\/2022\/11\/logo-jpg.jpeg\",\"width\":900,\"height\":900,\"caption\":\"Spa Sant\u00e9 Le N\u00e9nuphar\"},\"image\":{\"@id\":\"https:\/\/publissoft.dev\/spasante\/#\/schema\/logo\/image\/\"},\"sameAs\":[\"https:\/\/www.facebook.com\/SpaSanteLeNenuphar\",\"https:\/\/www.instagram.com\/spasantelenenuphar\/?hl=fr\"]}]}<\/script>\n<!-- \/ Yoast SEO plugin. -->","yoast_head_json":{"title":"Dr. Renaud - SeboBalance \u2013 Fluide anti-\u00e2ge 24h - Spa Sant\u00e9 Le N\u00e9nuphar","robots":{"index":"noindex","follow":"follow","max-snippet":"max-snippet:-1","max-image-preview":"max-image-preview:large","max-video-preview":"max-video-preview:-1"},"og_locale":"fr_CA","og_type":"article","og_title":"Dr. Renaud - SeboBalance \u2013 Fluide anti-\u00e2ge 24h - Spa Sant\u00e9 Le N\u00e9nuphar","og_description":"SeboBalance \u2013 Fluide anti-\u00e2ge 24 h \u2212 Estompe rides et ridules \u2212 D\u00e9tend les traits du visage \u2212 D\u00e9finit les contours \u2212 Matifie la peau Soin 24 h frais et velout\u00e9 r\u00e9pondant sp\u00e9cifiquement aux exigences des peaux grasses luisantes, d\u00e8s l\u2019apparition des premiers signes du vieillissement. Sa formule innovatrice combine des propri\u00e9t\u00e9s anti-\u00e2ge, matifiantes et &hellip;","og_url":"https:\/\/publissoft.dev\/spasante\/produit\/dr-renaud-sebobalance-fluide-anti-age-24-h\/","og_site_name":"Spa Sant\u00e9 Le N\u00e9nuphar","article_publisher":"https:\/\/www.facebook.com\/SpaSanteLeNenuphar","article_modified_time":"2024-01-30T15:31:12+00:00","og_image":[{"width":800,"height":800,"url":"https:\/\/publissoft.dev\/spasante\/wp-content\/uploads\/2022\/04\/SeboBalance_Fluideanti-age24h.jpg","type":"image\/jpeg"}],"twitter_card":"summary_large_image","twitter_misc":{"Estimation du temps de lecture":"1 minute"},"schema":{"@context":"https:\/\/schema.org","@graph":[{"@type":"WebPage","@id":"https:\/\/publissoft.dev\/spasante\/produit\/dr-renaud-sebobalance-fluide-anti-age-24-h\/","url":"https:\/\/publissoft.dev\/spasante\/produit\/dr-renaud-sebobalance-fluide-anti-age-24-h\/","name":"Dr. Renaud - SeboBalance \u2013 Fluide anti-\u00e2ge 24h - Spa Sant\u00e9 Le N\u00e9nuphar","isPartOf":{"@id":"https:\/\/publissoft.dev\/spasante\/#website"},"primaryImageOfPage":{"@id":"https:\/\/publissoft.dev\/spasante\/produit\/dr-renaud-sebobalance-fluide-anti-age-24-h\/#primaryimage"},"image":{"@id":"https:\/\/publissoft.dev\/spasante\/produit\/dr-renaud-sebobalance-fluide-anti-age-24-h\/#primaryimage"},"thumbnailUrl":"https:\/\/publissoft.dev\/spasante\/wp-content\/uploads\/2022\/04\/SeboBalance_Fluideanti-age24h.jpg","datePublished":"2022-04-08T03:34:11+00:00","dateModified":"2024-01-30T15:31:12+00:00","breadcrumb":{"@id":"https:\/\/publissoft.dev\/spasante\/produit\/dr-renaud-sebobalance-fluide-anti-age-24-h\/#breadcrumb"},"inLanguage":"fr-CA","potentialAction":[{"@type":"ReadAction","target":["https:\/\/publissoft.dev\/spasante\/produit\/dr-renaud-sebobalance-fluide-anti-age-24-h\/"]}]},{"@type":"ImageObject","inLanguage":"fr-CA","@id":"https:\/\/publissoft.dev\/spasante\/produit\/dr-renaud-sebobalance-fluide-anti-age-24-h\/#primaryimage","url":"https:\/\/publissoft.dev\/spasante\/wp-content\/uploads\/2022\/04\/SeboBalance_Fluideanti-age24h.jpg","contentUrl":"https:\/\/publissoft.dev\/spasante\/wp-content\/uploads\/2022\/04\/SeboBalance_Fluideanti-age24h.jpg","width":800,"height":800},{"@type":"BreadcrumbList","@id":"https:\/\/publissoft.dev\/spasante\/produit\/dr-renaud-sebobalance-fluide-anti-age-24-h\/#breadcrumb","itemListElement":[{"@type":"ListItem","position":1,"name":"Accueil","item":"https:\/\/publissoft.dev\/spasante\/"},{"@type":"ListItem","position":2,"name":"Boutique","item":"https:\/\/publissoft.dev\/spasante\/boutique\/"},{"@type":"ListItem","position":3,"name":"Dr. Renaud &#8211; SeboBalance \u2013 Fluide anti-\u00e2ge 24h"}]},{"@type":"WebSite","@id":"https:\/\/publissoft.dev\/spasante\/#website","url":"https:\/\/publissoft.dev\/spasante\/","name":"Spa Sant\u00e9 Le N\u00e9nuphar","description":"","publisher":{"@id":"https:\/\/publissoft.dev\/spasante\/#organization"},"potentialAction":[{"@type":"SearchAction","target":{"@type":"EntryPoint","urlTemplate":"https:\/\/publissoft.dev\/spasante\/?s={search_term_string}"},"query-input":"required name=search_term_string"}],"inLanguage":"fr-CA"},{"@type":"Organization","@id":"https:\/\/publissoft.dev\/spasante\/#organization","name":"Spa Sant\u00e9 Le N\u00e9nuphar","url":"https:\/\/publissoft.dev\/spasante\/","logo":{"@type":"ImageObject","inLanguage":"fr-CA","@id":"https:\/\/publissoft.dev\/spasante\/#\/schema\/logo\/image\/","url":"https:\/\/publissoft.dev\/spasante\/wp-content\/uploads\/2022\/11\/logo-jpg.jpeg","contentUrl":"https:\/\/publissoft.dev\/spasante\/wp-content\/uploads\/2022\/11\/logo-jpg.jpeg","width":900,"height":900,"caption":"Spa Sant\u00e9 Le N\u00e9nuphar"},"image":{"@id":"https:\/\/publissoft.dev\/spasante\/#\/schema\/logo\/image\/"},"sameAs":["https:\/\/www.facebook.com\/SpaSanteLeNenuphar","https:\/\/www.instagram.com\/spasantelenenuphar\/?hl=fr"]}]}},"_links":{"self":[{"href":"https:\/\/publissoft.dev\/spasante\/wp-json\/wp\/v2\/product\/2118","targetHints":{"allow":["GET"]}}],"collection":[{"href":"https:\/\/publissoft.dev\/spasante\/wp-json\/wp\/v2\/product"}],"about":[{"href":"https:\/\/publissoft.dev\/spasante\/wp-json\/wp\/v2\/types\/product"}],"wp:featuredmedia":[{"embeddable":true,"href":"https:\/\/publissoft.dev\/spasante\/wp-json\/wp\/v2\/media\/2125"}],"wp:attachment":[{"href":"https:\/\/publissoft.dev\/spasante\/wp-json\/wp\/v2\/media?parent=2118"}],"wp:term":[{"taxonomy":"product_cat","embeddable":true,"href":"https:\/\/publissoft.dev\/spasante\/wp-json\/wp\/v2\/product_cat?post=2118"},{"taxonomy":"product_tag","embeddable":true,"href":"https:\/\/publissoft.dev\/spasante\/wp-json\/wp\/v2\/product_tag?post=2118"},{"taxonomy":"giftcard-category","embeddable":true,"href":"https:\/\/publissoft.dev\/spasante\/wp-json\/wp\/v2\/giftcard-category?post=2118"}],"curies":[{"name":"wp","href":"https:\/\/api.w.org\/{rel}","templated":true}]}}