{"id":2119,"date":"2022-04-07T23:34:12","date_gmt":"2022-04-08T03:34:12","guid":{"rendered":"https:\/\/publissoft.dev\/spasante\/produit\/dr-renaud-sebobalance-gel-local-anti-boutons\/"},"modified":"2024-01-30T10:35:24","modified_gmt":"2024-01-30T15:35:24","slug":"dr-renaud-sebobalance-gel-local-anti-boutons","status":"publish","type":"product","link":"https:\/\/publissoft.dev\/spasante\/produit\/dr-renaud-sebobalance-gel-local-anti-boutons\/","title":{"rendered":"Dr. Renaud &#8211; SeboBalance \u2013 Gel local anti-boutons"},"content":{"rendered":"<p data-mce-fragment=\"1\"><strong data-mce-fragment=\"1\">SeboBalance \u2013 Gel local anti-boutons<\/strong><\/p>\n<p data-mce-fragment=\"1\">\u2212 Combat la croissance bact\u00e9rienne<br \/>\n\u2212 Ass\u00e8che les boutons<br \/>\n\u2212 Favorise la cicatrisation et la gu\u00e9rison<br \/>\n\u2212 Purifie et calme la peau<\/p>\n<p data-mce-fragment=\"1\">La solution qui conjugue haute efficacit\u00e9, pr\u00e9cision et rapidit\u00e9 pour lib\u00e9rer la peau de ses imperfections au quotidien. Formule invisible, non grasse, non collante et non com\u00e9dog\u00e8ne<\/p>\n<p data-mce-fragment=\"1\"><strong>Conseils d\u2019utilisation<\/strong><\/p>\n<p data-mce-fragment=\"1\">Matin et soir, apr\u00e8s un nettoyage minutieux de la peau, appliquer localement le gel local anti-boutons SeboBalance sur les imperfections cutan\u00e9es. Faire suivre par la cr\u00e8me de jour ou la cr\u00e8me de nuit habituelle. Renouveler l\u2019application locale trois fois par jour au besoin.<\/p>\n<p data-mce-fragment=\"1\">N. B. : Pour application locale seulement.<\/p>\n<p data-mce-fragment=\"1\"><strong>Format<\/strong>\u00a08ml<\/p>\n","protected":false},"excerpt":{"rendered":"<p>SeboBalance \u2013 Gel local anti-boutons \u2212 Combat la croissance bact\u00e9rienne \u2212 Ass\u00e8che les boutons \u2212 Favorise la cicatrisation et la gu\u00e9rison \u2212 Purifie et calme la peau La solution qui conjugue haute efficacit\u00e9, pr\u00e9cision et rapidit\u00e9 pour lib\u00e9rer la peau de ses imperfections au quotidien. Formule invisible, non grasse, non collante et non com\u00e9dog\u00e8ne Conseils &hellip;<\/p>\n","protected":false},"featured_media":2127,"template":"","meta":{"_acf_changed":false,"_genesis_hide_title":false,"_genesis_hide_breadcrumbs":false,"_genesis_hide_singular_image":false,"_genesis_hide_footer_widgets":false,"_genesis_custom_body_class":"","_genesis_custom_post_class":"","_genesis_layout":""},"product_cat":[37,31,77],"product_tag":[],"giftcard-category":[],"class_list":{"0":"post-2119","1":"product","2":"type-product","3":"status-publish","4":"has-post-thumbnail","6":"product_cat-produits","7":"product_cat-laboratoire-dr-renaud","8":"product_cat-produits-en-promotion","9":"entry","11":"first","12":"instock","13":"taxable","14":"shipping-taxable","15":"purchasable","16":"product-type-simple"},"acf":[],"yoast_head":"<!-- This site is optimized with the Yoast SEO plugin v22.5 - https:\/\/yoast.com\/wordpress\/plugins\/seo\/ -->\n<title>Dr. Renaud - SeboBalance \u2013 Gel local anti-boutons - Spa Sant\u00e9 Le N\u00e9nuphar<\/title>\n<meta name=\"robots\" content=\"noindex, follow, max-snippet:-1, max-image-preview:large, max-video-preview:-1\" \/>\n<meta property=\"og:locale\" content=\"fr_CA\" \/>\n<meta property=\"og:type\" content=\"article\" \/>\n<meta property=\"og:title\" content=\"Dr. Renaud - SeboBalance \u2013 Gel local anti-boutons - Spa Sant\u00e9 Le N\u00e9nuphar\" \/>\n<meta property=\"og:description\" content=\"SeboBalance \u2013 Gel local anti-boutons \u2212 Combat la croissance bact\u00e9rienne \u2212 Ass\u00e8che les boutons \u2212 Favorise la cicatrisation et la gu\u00e9rison \u2212 Purifie et calme la peau La solution qui conjugue haute efficacit\u00e9, pr\u00e9cision et rapidit\u00e9 pour lib\u00e9rer la peau de ses imperfections au quotidien. Formule invisible, non grasse, non collante et non com\u00e9dog\u00e8ne Conseils &hellip;\" \/>\n<meta property=\"og:url\" content=\"https:\/\/publissoft.dev\/spasante\/produit\/dr-renaud-sebobalance-gel-local-anti-boutons\/\" \/>\n<meta property=\"og:site_name\" content=\"Spa Sant\u00e9 Le N\u00e9nuphar\" \/>\n<meta property=\"article:publisher\" content=\"https:\/\/www.facebook.com\/SpaSanteLeNenuphar\" \/>\n<meta property=\"article:modified_time\" content=\"2024-01-30T15:35:24+00:00\" \/>\n<meta property=\"og:image\" content=\"https:\/\/publissoft.dev\/spasante\/wp-content\/uploads\/2022\/04\/SeboBalance_Gellocalanti-boutons.jpg\" \/>\n\t<meta property=\"og:image:width\" content=\"800\" \/>\n\t<meta property=\"og:image:height\" content=\"800\" \/>\n\t<meta property=\"og:image:type\" content=\"image\/jpeg\" \/>\n<meta name=\"twitter:card\" content=\"summary_large_image\" \/>\n<meta name=\"twitter:label1\" content=\"Estimation du temps de lecture\" \/>\n\t<meta name=\"twitter:data1\" content=\"1 minute\" \/>\n<script type=\"application\/ld+json\" class=\"yoast-schema-graph\">{\"@context\":\"https:\/\/schema.org\",\"@graph\":[{\"@type\":\"WebPage\",\"@id\":\"https:\/\/publissoft.dev\/spasante\/produit\/dr-renaud-sebobalance-gel-local-anti-boutons\/\",\"url\":\"https:\/\/publissoft.dev\/spasante\/produit\/dr-renaud-sebobalance-gel-local-anti-boutons\/\",\"name\":\"Dr. Renaud - SeboBalance \u2013 Gel local anti-boutons - Spa Sant\u00e9 Le N\u00e9nuphar\",\"isPartOf\":{\"@id\":\"https:\/\/publissoft.dev\/spasante\/#website\"},\"primaryImageOfPage\":{\"@id\":\"https:\/\/publissoft.dev\/spasante\/produit\/dr-renaud-sebobalance-gel-local-anti-boutons\/#primaryimage\"},\"image\":{\"@id\":\"https:\/\/publissoft.dev\/spasante\/produit\/dr-renaud-sebobalance-gel-local-anti-boutons\/#primaryimage\"},\"thumbnailUrl\":\"https:\/\/publissoft.dev\/spasante\/wp-content\/uploads\/2022\/04\/SeboBalance_Gellocalanti-boutons.jpg\",\"datePublished\":\"2022-04-08T03:34:12+00:00\",\"dateModified\":\"2024-01-30T15:35:24+00:00\",\"breadcrumb\":{\"@id\":\"https:\/\/publissoft.dev\/spasante\/produit\/dr-renaud-sebobalance-gel-local-anti-boutons\/#breadcrumb\"},\"inLanguage\":\"fr-CA\",\"potentialAction\":[{\"@type\":\"ReadAction\",\"target\":[\"https:\/\/publissoft.dev\/spasante\/produit\/dr-renaud-sebobalance-gel-local-anti-boutons\/\"]}]},{\"@type\":\"ImageObject\",\"inLanguage\":\"fr-CA\",\"@id\":\"https:\/\/publissoft.dev\/spasante\/produit\/dr-renaud-sebobalance-gel-local-anti-boutons\/#primaryimage\",\"url\":\"https:\/\/publissoft.dev\/spasante\/wp-content\/uploads\/2022\/04\/SeboBalance_Gellocalanti-boutons.jpg\",\"contentUrl\":\"https:\/\/publissoft.dev\/spasante\/wp-content\/uploads\/2022\/04\/SeboBalance_Gellocalanti-boutons.jpg\",\"width\":800,\"height\":800},{\"@type\":\"BreadcrumbList\",\"@id\":\"https:\/\/publissoft.dev\/spasante\/produit\/dr-renaud-sebobalance-gel-local-anti-boutons\/#breadcrumb\",\"itemListElement\":[{\"@type\":\"ListItem\",\"position\":1,\"name\":\"Accueil\",\"item\":\"https:\/\/publissoft.dev\/spasante\/\"},{\"@type\":\"ListItem\",\"position\":2,\"name\":\"Boutique\",\"item\":\"https:\/\/publissoft.dev\/spasante\/boutique\/\"},{\"@type\":\"ListItem\",\"position\":3,\"name\":\"Dr. Renaud &#8211; SeboBalance \u2013 Gel local anti-boutons\"}]},{\"@type\":\"WebSite\",\"@id\":\"https:\/\/publissoft.dev\/spasante\/#website\",\"url\":\"https:\/\/publissoft.dev\/spasante\/\",\"name\":\"Spa Sant\u00e9 Le N\u00e9nuphar\",\"description\":\"\",\"publisher\":{\"@id\":\"https:\/\/publissoft.dev\/spasante\/#organization\"},\"potentialAction\":[{\"@type\":\"SearchAction\",\"target\":{\"@type\":\"EntryPoint\",\"urlTemplate\":\"https:\/\/publissoft.dev\/spasante\/?s={search_term_string}\"},\"query-input\":\"required name=search_term_string\"}],\"inLanguage\":\"fr-CA\"},{\"@type\":\"Organization\",\"@id\":\"https:\/\/publissoft.dev\/spasante\/#organization\",\"name\":\"Spa Sant\u00e9 Le N\u00e9nuphar\",\"url\":\"https:\/\/publissoft.dev\/spasante\/\",\"logo\":{\"@type\":\"ImageObject\",\"inLanguage\":\"fr-CA\",\"@id\":\"https:\/\/publissoft.dev\/spasante\/#\/schema\/logo\/image\/\",\"url\":\"https:\/\/publissoft.dev\/spasante\/wp-content\/uploads\/2022\/11\/logo-jpg.jpeg\",\"contentUrl\":\"https:\/\/publissoft.dev\/spasante\/wp-content\/uploads\/2022\/11\/logo-jpg.jpeg\",\"width\":900,\"height\":900,\"caption\":\"Spa Sant\u00e9 Le N\u00e9nuphar\"},\"image\":{\"@id\":\"https:\/\/publissoft.dev\/spasante\/#\/schema\/logo\/image\/\"},\"sameAs\":[\"https:\/\/www.facebook.com\/SpaSanteLeNenuphar\",\"https:\/\/www.instagram.com\/spasantelenenuphar\/?hl=fr\"]}]}<\/script>\n<!-- \/ Yoast SEO plugin. -->","yoast_head_json":{"title":"Dr. Renaud - SeboBalance \u2013 Gel local anti-boutons - Spa Sant\u00e9 Le N\u00e9nuphar","robots":{"index":"noindex","follow":"follow","max-snippet":"max-snippet:-1","max-image-preview":"max-image-preview:large","max-video-preview":"max-video-preview:-1"},"og_locale":"fr_CA","og_type":"article","og_title":"Dr. Renaud - SeboBalance \u2013 Gel local anti-boutons - Spa Sant\u00e9 Le N\u00e9nuphar","og_description":"SeboBalance \u2013 Gel local anti-boutons \u2212 Combat la croissance bact\u00e9rienne \u2212 Ass\u00e8che les boutons \u2212 Favorise la cicatrisation et la gu\u00e9rison \u2212 Purifie et calme la peau La solution qui conjugue haute efficacit\u00e9, pr\u00e9cision et rapidit\u00e9 pour lib\u00e9rer la peau de ses imperfections au quotidien. Formule invisible, non grasse, non collante et non com\u00e9dog\u00e8ne Conseils &hellip;","og_url":"https:\/\/publissoft.dev\/spasante\/produit\/dr-renaud-sebobalance-gel-local-anti-boutons\/","og_site_name":"Spa Sant\u00e9 Le N\u00e9nuphar","article_publisher":"https:\/\/www.facebook.com\/SpaSanteLeNenuphar","article_modified_time":"2024-01-30T15:35:24+00:00","og_image":[{"width":800,"height":800,"url":"https:\/\/publissoft.dev\/spasante\/wp-content\/uploads\/2022\/04\/SeboBalance_Gellocalanti-boutons.jpg","type":"image\/jpeg"}],"twitter_card":"summary_large_image","twitter_misc":{"Estimation du temps de lecture":"1 minute"},"schema":{"@context":"https:\/\/schema.org","@graph":[{"@type":"WebPage","@id":"https:\/\/publissoft.dev\/spasante\/produit\/dr-renaud-sebobalance-gel-local-anti-boutons\/","url":"https:\/\/publissoft.dev\/spasante\/produit\/dr-renaud-sebobalance-gel-local-anti-boutons\/","name":"Dr. Renaud - SeboBalance \u2013 Gel local anti-boutons - Spa Sant\u00e9 Le N\u00e9nuphar","isPartOf":{"@id":"https:\/\/publissoft.dev\/spasante\/#website"},"primaryImageOfPage":{"@id":"https:\/\/publissoft.dev\/spasante\/produit\/dr-renaud-sebobalance-gel-local-anti-boutons\/#primaryimage"},"image":{"@id":"https:\/\/publissoft.dev\/spasante\/produit\/dr-renaud-sebobalance-gel-local-anti-boutons\/#primaryimage"},"thumbnailUrl":"https:\/\/publissoft.dev\/spasante\/wp-content\/uploads\/2022\/04\/SeboBalance_Gellocalanti-boutons.jpg","datePublished":"2022-04-08T03:34:12+00:00","dateModified":"2024-01-30T15:35:24+00:00","breadcrumb":{"@id":"https:\/\/publissoft.dev\/spasante\/produit\/dr-renaud-sebobalance-gel-local-anti-boutons\/#breadcrumb"},"inLanguage":"fr-CA","potentialAction":[{"@type":"ReadAction","target":["https:\/\/publissoft.dev\/spasante\/produit\/dr-renaud-sebobalance-gel-local-anti-boutons\/"]}]},{"@type":"ImageObject","inLanguage":"fr-CA","@id":"https:\/\/publissoft.dev\/spasante\/produit\/dr-renaud-sebobalance-gel-local-anti-boutons\/#primaryimage","url":"https:\/\/publissoft.dev\/spasante\/wp-content\/uploads\/2022\/04\/SeboBalance_Gellocalanti-boutons.jpg","contentUrl":"https:\/\/publissoft.dev\/spasante\/wp-content\/uploads\/2022\/04\/SeboBalance_Gellocalanti-boutons.jpg","width":800,"height":800},{"@type":"BreadcrumbList","@id":"https:\/\/publissoft.dev\/spasante\/produit\/dr-renaud-sebobalance-gel-local-anti-boutons\/#breadcrumb","itemListElement":[{"@type":"ListItem","position":1,"name":"Accueil","item":"https:\/\/publissoft.dev\/spasante\/"},{"@type":"ListItem","position":2,"name":"Boutique","item":"https:\/\/publissoft.dev\/spasante\/boutique\/"},{"@type":"ListItem","position":3,"name":"Dr. Renaud &#8211; SeboBalance \u2013 Gel local anti-boutons"}]},{"@type":"WebSite","@id":"https:\/\/publissoft.dev\/spasante\/#website","url":"https:\/\/publissoft.dev\/spasante\/","name":"Spa Sant\u00e9 Le N\u00e9nuphar","description":"","publisher":{"@id":"https:\/\/publissoft.dev\/spasante\/#organization"},"potentialAction":[{"@type":"SearchAction","target":{"@type":"EntryPoint","urlTemplate":"https:\/\/publissoft.dev\/spasante\/?s={search_term_string}"},"query-input":"required name=search_term_string"}],"inLanguage":"fr-CA"},{"@type":"Organization","@id":"https:\/\/publissoft.dev\/spasante\/#organization","name":"Spa Sant\u00e9 Le N\u00e9nuphar","url":"https:\/\/publissoft.dev\/spasante\/","logo":{"@type":"ImageObject","inLanguage":"fr-CA","@id":"https:\/\/publissoft.dev\/spasante\/#\/schema\/logo\/image\/","url":"https:\/\/publissoft.dev\/spasante\/wp-content\/uploads\/2022\/11\/logo-jpg.jpeg","contentUrl":"https:\/\/publissoft.dev\/spasante\/wp-content\/uploads\/2022\/11\/logo-jpg.jpeg","width":900,"height":900,"caption":"Spa Sant\u00e9 Le N\u00e9nuphar"},"image":{"@id":"https:\/\/publissoft.dev\/spasante\/#\/schema\/logo\/image\/"},"sameAs":["https:\/\/www.facebook.com\/SpaSanteLeNenuphar","https:\/\/www.instagram.com\/spasantelenenuphar\/?hl=fr"]}]}},"_links":{"self":[{"href":"https:\/\/publissoft.dev\/spasante\/wp-json\/wp\/v2\/product\/2119","targetHints":{"allow":["GET"]}}],"collection":[{"href":"https:\/\/publissoft.dev\/spasante\/wp-json\/wp\/v2\/product"}],"about":[{"href":"https:\/\/publissoft.dev\/spasante\/wp-json\/wp\/v2\/types\/product"}],"wp:featuredmedia":[{"embeddable":true,"href":"https:\/\/publissoft.dev\/spasante\/wp-json\/wp\/v2\/media\/2127"}],"wp:attachment":[{"href":"https:\/\/publissoft.dev\/spasante\/wp-json\/wp\/v2\/media?parent=2119"}],"wp:term":[{"taxonomy":"product_cat","embeddable":true,"href":"https:\/\/publissoft.dev\/spasante\/wp-json\/wp\/v2\/product_cat?post=2119"},{"taxonomy":"product_tag","embeddable":true,"href":"https:\/\/publissoft.dev\/spasante\/wp-json\/wp\/v2\/product_tag?post=2119"},{"taxonomy":"giftcard-category","embeddable":true,"href":"https:\/\/publissoft.dev\/spasante\/wp-json\/wp\/v2\/giftcard-category?post=2119"}],"curies":[{"name":"wp","href":"https:\/\/api.w.org\/{rel}","templated":true}]}}