{"id":2226,"date":"2022-04-07T23:35:40","date_gmt":"2022-04-08T03:35:40","guid":{"rendered":"https:\/\/publissoft.dev\/spasante\/produit\/rose-buddha-legging-taille-haute-divin\/"},"modified":"2024-03-26T14:08:41","modified_gmt":"2024-03-26T18:08:41","slug":"rose-buddha-legging-taille-haute-divin","status":"publish","type":"product","link":"https:\/\/publissoft.dev\/spasante\/produit\/rose-buddha-legging-taille-haute-divin\/","title":{"rendered":"Rose Buddha &#8211; Legging Taille Haute Divin"},"content":{"rendered":"<div class=\"first\" data-mce-fragment=\"1\">\n<p data-mce-fragment=\"1\"><b data-mce-fragment=\"1\"><i data-mce-fragment=\"1\">Legging Taille Haute Divin.\u00a0<\/i><\/b>BOUGE &#8211; RELAXE &#8211; INSPIRE! Tu es DIVINement belle est fait de notre tissu<span data-mce-fragment=\"1\">\u00a0<\/span><a href=\"https:\/\/myrosebuddha.com\/fr\/pages\/ecofit-fabric?_pos=1&amp;_sid=aade21467&amp;_ss=r\" data-ly-processed=\"1646589785688\" data-mce-fragment=\"1\">\u00c9cofit<\/a><span data-mce-fragment=\"1\">\u00a0<\/span>&#8211; gainant, respirant, doux et technique &#8211; ton legging Divin est celui que tu choisiras jour apr\u00e8s jour pour bouger, relaxer et inspirer.\u00a0 Tu adoreras ces trois poches au dos et sa taille haute confortable, qui tient bien en place.<\/p>\n<\/div>\n<div class=\"full_description\" data-mce-fragment=\"1\">\n<p data-mce-fragment=\"1\">Totalement \u00e9coresponsable et \u00e9thique, il est fait \u00e0 86% de bouteilles de plastique recycl\u00e9es, ici au Qu\u00e9bec.<\/p>\n<p data-mce-fragment=\"1\">Tout simplement DIVIN!<\/p>\n<p data-mce-fragment=\"1\"><i data-mce-fragment=\"1\"><b data-mce-fragment=\"1\"><u data-mce-fragment=\"1\">Description:<\/u><\/b><\/i><\/p>\n<ul data-mce-fragment=\"1\">\n<li data-mce-fragment=\"1\">Composition: 86% polyester recycl\u00e9 et 14% spandex<\/li>\n<li data-mce-fragment=\"1\">Flatteur, confortable et offre un bon maintient<\/li>\n<\/ul>\n<p data-mce-fragment=\"1\"><b data-mce-fragment=\"1\"><i data-mce-fragment=\"1\">Ajoutes-le dans ton panier tu ne le regretteras pas!<\/i><\/b><\/p>\n<\/div>\n","protected":false},"excerpt":{"rendered":"<p>Legging Taille Haute Divin.\u00a0BOUGE &#8211; RELAXE &#8211; INSPIRE! Tu es DIVINement belle est fait de notre tissu\u00a0\u00c9cofit\u00a0&#8211; gainant, respirant, doux et technique &#8211; ton legging Divin est celui que tu choisiras jour apr\u00e8s jour pour bouger, relaxer et inspirer.\u00a0 Tu adoreras ces trois poches au dos et sa taille haute confortable, qui tient bien en &hellip;<\/p>\n","protected":false},"featured_media":2236,"template":"","meta":{"_acf_changed":false,"_genesis_hide_title":false,"_genesis_hide_breadcrumbs":false,"_genesis_hide_singular_image":false,"_genesis_hide_footer_widgets":false,"_genesis_custom_body_class":"","_genesis_custom_post_class":"","_genesis_layout":""},"product_cat":[37,92,42],"product_tag":[],"giftcard-category":[],"class_list":{"0":"post-2226","1":"product","2":"type-product","3":"status-publish","4":"has-post-thumbnail","6":"product_cat-produits","7":"product_cat-produits-en-liquidation","8":"product_cat-rose-buddha","9":"entry","11":"first","12":"instock","13":"sale","14":"taxable","15":"shipping-taxable","16":"purchasable","17":"product-type-variable"},"acf":[],"yoast_head":"<!-- This site is optimized with the Yoast SEO plugin v22.5 - https:\/\/yoast.com\/wordpress\/plugins\/seo\/ -->\n<title>Rose Buddha - Legging Taille Haute Divin - Spa Sant\u00e9 Le N\u00e9nuphar<\/title>\n<meta name=\"robots\" content=\"noindex, follow, max-snippet:-1, max-image-preview:large, max-video-preview:-1\" \/>\n<meta property=\"og:locale\" content=\"fr_CA\" \/>\n<meta property=\"og:type\" content=\"article\" \/>\n<meta property=\"og:title\" content=\"Rose Buddha - Legging Taille Haute Divin - Spa Sant\u00e9 Le N\u00e9nuphar\" \/>\n<meta property=\"og:description\" content=\"Legging Taille Haute Divin.\u00a0BOUGE &#8211; RELAXE &#8211; INSPIRE! Tu es DIVINement belle est fait de notre tissu\u00a0\u00c9cofit\u00a0&#8211; gainant, respirant, doux et technique &#8211; ton legging Divin est celui que tu choisiras jour apr\u00e8s jour pour bouger, relaxer et inspirer.\u00a0 Tu adoreras ces trois poches au dos et sa taille haute confortable, qui tient bien en &hellip;\" \/>\n<meta property=\"og:url\" content=\"https:\/\/publissoft.dev\/spasante\/produit\/rose-buddha-legging-taille-haute-divin\/\" \/>\n<meta property=\"og:site_name\" content=\"Spa Sant\u00e9 Le N\u00e9nuphar\" \/>\n<meta property=\"article:publisher\" content=\"https:\/\/www.facebook.com\/SpaSanteLeNenuphar\" \/>\n<meta property=\"article:modified_time\" content=\"2024-03-26T18:08:41+00:00\" \/>\n<meta property=\"og:image\" content=\"https:\/\/publissoft.dev\/spasante\/wp-content\/uploads\/2022\/04\/Spa_sante_le_Nenuphar_legging_taille_haute_Divine_Deesse-1.jpg\" \/>\n\t<meta property=\"og:image:width\" content=\"400\" \/>\n\t<meta property=\"og:image:height\" content=\"600\" \/>\n\t<meta property=\"og:image:type\" content=\"image\/jpeg\" \/>\n<meta name=\"twitter:card\" content=\"summary_large_image\" \/>\n<meta name=\"twitter:label1\" content=\"Estimation du temps de lecture\" \/>\n\t<meta name=\"twitter:data1\" content=\"1 minute\" \/>\n<script type=\"application\/ld+json\" class=\"yoast-schema-graph\">{\"@context\":\"https:\/\/schema.org\",\"@graph\":[{\"@type\":\"WebPage\",\"@id\":\"https:\/\/publissoft.dev\/spasante\/produit\/rose-buddha-legging-taille-haute-divin\/\",\"url\":\"https:\/\/publissoft.dev\/spasante\/produit\/rose-buddha-legging-taille-haute-divin\/\",\"name\":\"Rose Buddha - Legging Taille Haute Divin - Spa Sant\u00e9 Le N\u00e9nuphar\",\"isPartOf\":{\"@id\":\"https:\/\/publissoft.dev\/spasante\/#website\"},\"primaryImageOfPage\":{\"@id\":\"https:\/\/publissoft.dev\/spasante\/produit\/rose-buddha-legging-taille-haute-divin\/#primaryimage\"},\"image\":{\"@id\":\"https:\/\/publissoft.dev\/spasante\/produit\/rose-buddha-legging-taille-haute-divin\/#primaryimage\"},\"thumbnailUrl\":\"https:\/\/publissoft.dev\/spasante\/wp-content\/uploads\/2022\/04\/Spa_sante_le_Nenuphar_legging_taille_haute_Divine_Deesse-1.jpg\",\"datePublished\":\"2022-04-08T03:35:40+00:00\",\"dateModified\":\"2024-03-26T18:08:41+00:00\",\"breadcrumb\":{\"@id\":\"https:\/\/publissoft.dev\/spasante\/produit\/rose-buddha-legging-taille-haute-divin\/#breadcrumb\"},\"inLanguage\":\"fr-CA\",\"potentialAction\":[{\"@type\":\"ReadAction\",\"target\":[\"https:\/\/publissoft.dev\/spasante\/produit\/rose-buddha-legging-taille-haute-divin\/\"]}]},{\"@type\":\"ImageObject\",\"inLanguage\":\"fr-CA\",\"@id\":\"https:\/\/publissoft.dev\/spasante\/produit\/rose-buddha-legging-taille-haute-divin\/#primaryimage\",\"url\":\"https:\/\/publissoft.dev\/spasante\/wp-content\/uploads\/2022\/04\/Spa_sante_le_Nenuphar_legging_taille_haute_Divine_Deesse-1.jpg\",\"contentUrl\":\"https:\/\/publissoft.dev\/spasante\/wp-content\/uploads\/2022\/04\/Spa_sante_le_Nenuphar_legging_taille_haute_Divine_Deesse-1.jpg\",\"width\":400,\"height\":600},{\"@type\":\"BreadcrumbList\",\"@id\":\"https:\/\/publissoft.dev\/spasante\/produit\/rose-buddha-legging-taille-haute-divin\/#breadcrumb\",\"itemListElement\":[{\"@type\":\"ListItem\",\"position\":1,\"name\":\"Accueil\",\"item\":\"https:\/\/publissoft.dev\/spasante\/\"},{\"@type\":\"ListItem\",\"position\":2,\"name\":\"Boutique\",\"item\":\"https:\/\/publissoft.dev\/spasante\/boutique\/\"},{\"@type\":\"ListItem\",\"position\":3,\"name\":\"Rose Buddha &#8211; Legging Taille Haute Divin\"}]},{\"@type\":\"WebSite\",\"@id\":\"https:\/\/publissoft.dev\/spasante\/#website\",\"url\":\"https:\/\/publissoft.dev\/spasante\/\",\"name\":\"Spa Sant\u00e9 Le N\u00e9nuphar\",\"description\":\"\",\"publisher\":{\"@id\":\"https:\/\/publissoft.dev\/spasante\/#organization\"},\"potentialAction\":[{\"@type\":\"SearchAction\",\"target\":{\"@type\":\"EntryPoint\",\"urlTemplate\":\"https:\/\/publissoft.dev\/spasante\/?s={search_term_string}\"},\"query-input\":\"required name=search_term_string\"}],\"inLanguage\":\"fr-CA\"},{\"@type\":\"Organization\",\"@id\":\"https:\/\/publissoft.dev\/spasante\/#organization\",\"name\":\"Spa Sant\u00e9 Le N\u00e9nuphar\",\"url\":\"https:\/\/publissoft.dev\/spasante\/\",\"logo\":{\"@type\":\"ImageObject\",\"inLanguage\":\"fr-CA\",\"@id\":\"https:\/\/publissoft.dev\/spasante\/#\/schema\/logo\/image\/\",\"url\":\"https:\/\/publissoft.dev\/spasante\/wp-content\/uploads\/2022\/11\/logo-jpg.jpeg\",\"contentUrl\":\"https:\/\/publissoft.dev\/spasante\/wp-content\/uploads\/2022\/11\/logo-jpg.jpeg\",\"width\":900,\"height\":900,\"caption\":\"Spa Sant\u00e9 Le N\u00e9nuphar\"},\"image\":{\"@id\":\"https:\/\/publissoft.dev\/spasante\/#\/schema\/logo\/image\/\"},\"sameAs\":[\"https:\/\/www.facebook.com\/SpaSanteLeNenuphar\",\"https:\/\/www.instagram.com\/spasantelenenuphar\/?hl=fr\"]}]}<\/script>\n<!-- \/ Yoast SEO plugin. -->","yoast_head_json":{"title":"Rose Buddha - Legging Taille Haute Divin - Spa Sant\u00e9 Le N\u00e9nuphar","robots":{"index":"noindex","follow":"follow","max-snippet":"max-snippet:-1","max-image-preview":"max-image-preview:large","max-video-preview":"max-video-preview:-1"},"og_locale":"fr_CA","og_type":"article","og_title":"Rose Buddha - Legging Taille Haute Divin - Spa Sant\u00e9 Le N\u00e9nuphar","og_description":"Legging Taille Haute Divin.\u00a0BOUGE &#8211; RELAXE &#8211; INSPIRE! Tu es DIVINement belle est fait de notre tissu\u00a0\u00c9cofit\u00a0&#8211; gainant, respirant, doux et technique &#8211; ton legging Divin est celui que tu choisiras jour apr\u00e8s jour pour bouger, relaxer et inspirer.\u00a0 Tu adoreras ces trois poches au dos et sa taille haute confortable, qui tient bien en &hellip;","og_url":"https:\/\/publissoft.dev\/spasante\/produit\/rose-buddha-legging-taille-haute-divin\/","og_site_name":"Spa Sant\u00e9 Le N\u00e9nuphar","article_publisher":"https:\/\/www.facebook.com\/SpaSanteLeNenuphar","article_modified_time":"2024-03-26T18:08:41+00:00","og_image":[{"width":400,"height":600,"url":"https:\/\/publissoft.dev\/spasante\/wp-content\/uploads\/2022\/04\/Spa_sante_le_Nenuphar_legging_taille_haute_Divine_Deesse-1.jpg","type":"image\/jpeg"}],"twitter_card":"summary_large_image","twitter_misc":{"Estimation du temps de lecture":"1 minute"},"schema":{"@context":"https:\/\/schema.org","@graph":[{"@type":"WebPage","@id":"https:\/\/publissoft.dev\/spasante\/produit\/rose-buddha-legging-taille-haute-divin\/","url":"https:\/\/publissoft.dev\/spasante\/produit\/rose-buddha-legging-taille-haute-divin\/","name":"Rose Buddha - Legging Taille Haute Divin - Spa Sant\u00e9 Le N\u00e9nuphar","isPartOf":{"@id":"https:\/\/publissoft.dev\/spasante\/#website"},"primaryImageOfPage":{"@id":"https:\/\/publissoft.dev\/spasante\/produit\/rose-buddha-legging-taille-haute-divin\/#primaryimage"},"image":{"@id":"https:\/\/publissoft.dev\/spasante\/produit\/rose-buddha-legging-taille-haute-divin\/#primaryimage"},"thumbnailUrl":"https:\/\/publissoft.dev\/spasante\/wp-content\/uploads\/2022\/04\/Spa_sante_le_Nenuphar_legging_taille_haute_Divine_Deesse-1.jpg","datePublished":"2022-04-08T03:35:40+00:00","dateModified":"2024-03-26T18:08:41+00:00","breadcrumb":{"@id":"https:\/\/publissoft.dev\/spasante\/produit\/rose-buddha-legging-taille-haute-divin\/#breadcrumb"},"inLanguage":"fr-CA","potentialAction":[{"@type":"ReadAction","target":["https:\/\/publissoft.dev\/spasante\/produit\/rose-buddha-legging-taille-haute-divin\/"]}]},{"@type":"ImageObject","inLanguage":"fr-CA","@id":"https:\/\/publissoft.dev\/spasante\/produit\/rose-buddha-legging-taille-haute-divin\/#primaryimage","url":"https:\/\/publissoft.dev\/spasante\/wp-content\/uploads\/2022\/04\/Spa_sante_le_Nenuphar_legging_taille_haute_Divine_Deesse-1.jpg","contentUrl":"https:\/\/publissoft.dev\/spasante\/wp-content\/uploads\/2022\/04\/Spa_sante_le_Nenuphar_legging_taille_haute_Divine_Deesse-1.jpg","width":400,"height":600},{"@type":"BreadcrumbList","@id":"https:\/\/publissoft.dev\/spasante\/produit\/rose-buddha-legging-taille-haute-divin\/#breadcrumb","itemListElement":[{"@type":"ListItem","position":1,"name":"Accueil","item":"https:\/\/publissoft.dev\/spasante\/"},{"@type":"ListItem","position":2,"name":"Boutique","item":"https:\/\/publissoft.dev\/spasante\/boutique\/"},{"@type":"ListItem","position":3,"name":"Rose Buddha &#8211; Legging Taille Haute Divin"}]},{"@type":"WebSite","@id":"https:\/\/publissoft.dev\/spasante\/#website","url":"https:\/\/publissoft.dev\/spasante\/","name":"Spa Sant\u00e9 Le N\u00e9nuphar","description":"","publisher":{"@id":"https:\/\/publissoft.dev\/spasante\/#organization"},"potentialAction":[{"@type":"SearchAction","target":{"@type":"EntryPoint","urlTemplate":"https:\/\/publissoft.dev\/spasante\/?s={search_term_string}"},"query-input":"required name=search_term_string"}],"inLanguage":"fr-CA"},{"@type":"Organization","@id":"https:\/\/publissoft.dev\/spasante\/#organization","name":"Spa Sant\u00e9 Le N\u00e9nuphar","url":"https:\/\/publissoft.dev\/spasante\/","logo":{"@type":"ImageObject","inLanguage":"fr-CA","@id":"https:\/\/publissoft.dev\/spasante\/#\/schema\/logo\/image\/","url":"https:\/\/publissoft.dev\/spasante\/wp-content\/uploads\/2022\/11\/logo-jpg.jpeg","contentUrl":"https:\/\/publissoft.dev\/spasante\/wp-content\/uploads\/2022\/11\/logo-jpg.jpeg","width":900,"height":900,"caption":"Spa Sant\u00e9 Le N\u00e9nuphar"},"image":{"@id":"https:\/\/publissoft.dev\/spasante\/#\/schema\/logo\/image\/"},"sameAs":["https:\/\/www.facebook.com\/SpaSanteLeNenuphar","https:\/\/www.instagram.com\/spasantelenenuphar\/?hl=fr"]}]}},"_links":{"self":[{"href":"https:\/\/publissoft.dev\/spasante\/wp-json\/wp\/v2\/product\/2226","targetHints":{"allow":["GET"]}}],"collection":[{"href":"https:\/\/publissoft.dev\/spasante\/wp-json\/wp\/v2\/product"}],"about":[{"href":"https:\/\/publissoft.dev\/spasante\/wp-json\/wp\/v2\/types\/product"}],"wp:featuredmedia":[{"embeddable":true,"href":"https:\/\/publissoft.dev\/spasante\/wp-json\/wp\/v2\/media\/2236"}],"wp:attachment":[{"href":"https:\/\/publissoft.dev\/spasante\/wp-json\/wp\/v2\/media?parent=2226"}],"wp:term":[{"taxonomy":"product_cat","embeddable":true,"href":"https:\/\/publissoft.dev\/spasante\/wp-json\/wp\/v2\/product_cat?post=2226"},{"taxonomy":"product_tag","embeddable":true,"href":"https:\/\/publissoft.dev\/spasante\/wp-json\/wp\/v2\/product_tag?post=2226"},{"taxonomy":"giftcard-category","embeddable":true,"href":"https:\/\/publissoft.dev\/spasante\/wp-json\/wp\/v2\/giftcard-category?post=2226"}],"curies":[{"name":"wp","href":"https:\/\/api.w.org\/{rel}","templated":true}]}}