{"id":246,"date":"2022-01-27T14:33:48","date_gmt":"2022-01-27T19:33:48","guid":{"rendered":"https:\/\/publissoft.dev\/spasante\/produit\/complexe-de-cappaprenols\/"},"modified":"2022-04-08T11:27:26","modified_gmt":"2022-04-08T15:27:26","slug":"complexe-de-cappaprenols","status":"publish","type":"product","link":"https:\/\/publissoft.dev\/spasante\/produit\/complexe-de-cappaprenols\/","title":{"rendered":"Aquafolia &#8211; Complexe de Cappapr\u00e9nols"},"content":{"rendered":"<div data-mce-fragment=\"1\">\n<h3 data-mce-fragment=\"1\">Complexe de Cappapr\u00e9nols<\/h3>\n<\/div>\n<div data-mce-fragment=\"1\">\n<div data-mce-fragment=\"1\">\n<p data-mce-fragment=\"1\">S\u00e9rum liquide nourrissant, hydratant<span data-mce-fragment=\"1\">\u2756<\/span>\u00a0et calmant, qui redonne souplesse et confort absolu \u00e0 la peau. Produit d\u2019imbibition favorisant la p\u00e9n\u00e9tration des produits subs\u00e9quents.<\/p>\n<\/div>\n<\/div>\n<div data-mce-fragment=\"1\">\n<span data-mce-fragment=\"1\">Types de peaux<\/span><\/p>\n<div data-mce-fragment=\"1\">Tous les types de peaux en manque de lipides (alipidique), de structure et de densit\u00e9. Pour le visage et le corps.<\/div>\n<\/div>\n<div data-mce-fragment=\"1\">\n<span data-mce-fragment=\"1\">Description<\/span><\/p>\n<div data-mce-fragment=\"1\">\n<p data-mce-fragment=\"1\">S\u00e9rum liquide ultra concentr\u00e9 issu de la gemmoth\u00e9rapie, nourrissant,<strong data-mce-fragment=\"1\">\u00a0<\/strong>qui conditionne, hydrate<span data-mce-fragment=\"1\">\u2756<\/span>\u00a0et aide \u00e0 renforcer la r\u00e9sistance de la peau face aux facteurs environnementaux. Redonne souplesse, douceur et bien-\u00eatre \u00e0 la peau. Formul\u00e9 de petits poids mol\u00e9culaires de cappapr\u00e9nols, extraits du tissu germinatif de c\u00e2pres. Essentiel \u00e0 l\u2019imbibition corn\u00e9e.<\/p>\n<\/div>\n<\/div>\n<div data-mce-fragment=\"1\">\n<span data-mce-fragment=\"1\">Caract\u00e9ristiques et fonctions du produit<\/span><\/p>\n<div data-mce-fragment=\"1\">\n<ul data-mce-fragment=\"1\">\n<li data-mce-fragment=\"1\">Flacon\u00a0<em data-mce-fragment=\"1\">airless\u00a0<\/em>100ml et pompe en atomisateur 230ml<\/li>\n<li data-mce-fragment=\"1\">Calmant par\u00a0hydratation<span data-mce-fragment=\"1\">\u2756<\/span>\n<\/li>\n<li data-mce-fragment=\"1\">Nourrissant (acides gras libres)<\/li>\n<li data-mce-fragment=\"1\">Conditionne et hydrate<span data-mce-fragment=\"1\">\u2756<\/span>\u00a0profond\u00e9ment<\/li>\n<li data-mce-fragment=\"1\">Liquide hydratant<span data-mce-fragment=\"1\">\u2756<\/span>\u00a0pour imbibition<\/li>\n<li data-mce-fragment=\"1\">Favorise la p\u00e9n\u00e9tration des produits subs\u00e9quents<\/li>\n<li data-mce-fragment=\"1\">Redonne souplesse et \u00e9lasticit\u00e9<\/li>\n<\/ul>\n<\/div>\n<\/div>\n<div data-mce-fragment=\"1\">\n<span data-mce-fragment=\"1\">Mode d&#8217;emploi<\/span><\/p>\n<div data-mce-fragment=\"1\">\n<p data-mce-fragment=\"1\">Apr\u00e8s avoir parfaitement nettoy\u00e9 avec la\u00a0<a data-cke-saved-href=\"https:\/\/ca.aquafolia.com\/fr_ca\/seve-apaisante-nettoyante.html\" href=\"https:\/\/ca.aquafolia.com\/fr_ca\/seve-apaisante-nettoyante.html\" data-mce-fragment=\"1\" data-mce-href=\"https:\/\/ca.aquafolia.com\/fr_ca\/seve-apaisante-nettoyante.html\" target=\"_blank\" rel=\"noopener\">S\u00e8ve Apaisante Nettoyante<\/a>\u00a0d\u2019Aquafolia, appliquer le Complexe de Cappapr\u00e9nols sur le visage, le cou, le d\u00e9collet\u00e9 et le corps, et poursuivre avec votre produit de soin habituel.<\/p>\n<\/div>\n<\/div>\n<div data-mce-fragment=\"1\">\n<span data-mce-fragment=\"1\">Ingr\u00e9dients choisis<\/span><\/p>\n<div data-mce-fragment=\"1\">\n<div data-mce-fragment=\"1\">\n<p data-mce-fragment=\"1\"><em data-mce-fragment=\"1\">(Information \u00e9ducative selon des \u00e9tudes in-vitro et\/ou in-vivo et\/ou ex-vivo sur les ingr\u00e9dients qui ne repr\u00e9sente pas les fonctions du produit)<\/em><\/p>\n<\/div>\n<ul data-mce-fragment=\"1\">\n<li data-mce-fragment=\"1\">Calmant, d\u00e9sensibilisant et hydratant<span data-mce-fragment=\"1\">\u2756<\/span>\u00a0(haute concentration d\u2019extraits du bourgeon germinatif de c\u00e2pres de petits poids mol\u00e9culaires \u2013 gemmoth\u00e9rapie)<\/li>\n<li data-mce-fragment=\"1\">Extrait\u00a0<em data-mce-fragment=\"1\">high tech<\/em>\u00a0de 12, 13 et 14 cappapr\u00e9nols<\/li>\n<li data-mce-fragment=\"1\">Hydratant<span data-mce-fragment=\"1\">\u2756<\/span>\u00a0(haute concentration d\u2019humectants)<\/li>\n<li data-mce-fragment=\"1\">Actions antiradicalaires et antibact\u00e9riennes (extrait de feuilles d\u2019olivier)<\/li>\n<\/ul>\n<p data-mce-fragment=\"1\"><span data-mce-fragment=\"1\"><em data-mce-fragment=\"1\">\u2756\u00a0Des couches superficielles de l\u2019\u00e9piderme<\/em><\/span><br data-mce-fragment=\"1\"><span data-mce-fragment=\"1\"><em data-mce-fragment=\"1\">\u2020 En termes d\u2019apparence et\/ou de sensation<\/em><\/span><\/p>\n<\/div>\n<\/div>\n","protected":false},"excerpt":{"rendered":"<p>Complexe de Cappapr\u00e9nols S\u00e9rum liquide nourrissant, hydratant\u2756\u00a0et calmant, qui redonne souplesse et confort absolu \u00e0 la peau. Produit d\u2019imbibition favorisant la p\u00e9n\u00e9tration des produits subs\u00e9quents. Types de peaux Tous les types de peaux en manque de lipides (alipidique), de structure et de densit\u00e9. Pour le visage et le corps. Description S\u00e9rum liquide ultra concentr\u00e9 issu &hellip;<\/p>\n","protected":false},"featured_media":267,"template":"","meta":{"_acf_changed":false,"_genesis_hide_title":false,"_genesis_hide_breadcrumbs":false,"_genesis_hide_singular_image":false,"_genesis_hide_footer_widgets":false,"_genesis_custom_body_class":"","_genesis_custom_post_class":"","_genesis_layout":""},"product_cat":[53,37,18,46],"product_tag":[],"giftcard-category":[],"class_list":{"0":"post-246","1":"product","2":"type-product","3":"status-publish","4":"has-post-thumbnail","6":"product_cat-gift-card","7":"product_cat-produits","8":"product_cat-aquafolia","9":"product_cat-tous","10":"entry","12":"first","13":"instock","14":"taxable","15":"shipping-taxable","16":"purchasable","17":"product-type-variable"},"acf":[],"yoast_head":"<!-- This site is optimized with the Yoast SEO plugin v22.5 - https:\/\/yoast.com\/wordpress\/plugins\/seo\/ -->\n<title>Aquafolia - Complexe de Cappapr\u00e9nols - Spa Sant\u00e9 Le N\u00e9nuphar<\/title>\n<meta name=\"robots\" content=\"noindex, follow, max-snippet:-1, max-image-preview:large, max-video-preview:-1\" \/>\n<meta property=\"og:locale\" content=\"fr_CA\" \/>\n<meta property=\"og:type\" content=\"article\" \/>\n<meta property=\"og:title\" content=\"Aquafolia - Complexe de Cappapr\u00e9nols - Spa Sant\u00e9 Le N\u00e9nuphar\" \/>\n<meta property=\"og:description\" content=\"Complexe de Cappapr\u00e9nols S\u00e9rum liquide nourrissant, hydratant\u2756\u00a0et calmant, qui redonne souplesse et confort absolu \u00e0 la peau. Produit d\u2019imbibition favorisant la p\u00e9n\u00e9tration des produits subs\u00e9quents. Types de peaux Tous les types de peaux en manque de lipides (alipidique), de structure et de densit\u00e9. Pour le visage et le corps. Description S\u00e9rum liquide ultra concentr\u00e9 issu &hellip;\" \/>\n<meta property=\"og:url\" content=\"https:\/\/publissoft.dev\/spasante\/produit\/complexe-de-cappaprenols\/\" \/>\n<meta property=\"og:site_name\" content=\"Spa Sant\u00e9 Le N\u00e9nuphar\" \/>\n<meta property=\"article:publisher\" content=\"https:\/\/www.facebook.com\/SpaSanteLeNenuphar\" \/>\n<meta property=\"article:modified_time\" content=\"2022-04-08T15:27:26+00:00\" \/>\n<meta property=\"og:image\" content=\"https:\/\/publissoft.dev\/spasante\/wp-content\/uploads\/2022\/01\/SpaSanteLeNenuphar_AquaNutria_Complexe_Cappaprenols_100ml-scaled.jpg\" \/>\n\t<meta property=\"og:image:width\" content=\"902\" \/>\n\t<meta property=\"og:image:height\" content=\"2560\" \/>\n\t<meta property=\"og:image:type\" content=\"image\/jpeg\" \/>\n<meta name=\"twitter:card\" content=\"summary_large_image\" \/>\n<meta name=\"twitter:label1\" content=\"Estimation du temps de lecture\" \/>\n\t<meta name=\"twitter:data1\" content=\"1 minute\" \/>\n<script type=\"application\/ld+json\" class=\"yoast-schema-graph\">{\"@context\":\"https:\/\/schema.org\",\"@graph\":[{\"@type\":\"WebPage\",\"@id\":\"https:\/\/publissoft.dev\/spasante\/produit\/complexe-de-cappaprenols\/\",\"url\":\"https:\/\/publissoft.dev\/spasante\/produit\/complexe-de-cappaprenols\/\",\"name\":\"Aquafolia - Complexe de Cappapr\u00e9nols - Spa Sant\u00e9 Le N\u00e9nuphar\",\"isPartOf\":{\"@id\":\"https:\/\/publissoft.dev\/spasante\/#website\"},\"primaryImageOfPage\":{\"@id\":\"https:\/\/publissoft.dev\/spasante\/produit\/complexe-de-cappaprenols\/#primaryimage\"},\"image\":{\"@id\":\"https:\/\/publissoft.dev\/spasante\/produit\/complexe-de-cappaprenols\/#primaryimage\"},\"thumbnailUrl\":\"https:\/\/publissoft.dev\/spasante\/wp-content\/uploads\/2022\/01\/SpaSanteLeNenuphar_AquaNutria_Complexe_Cappaprenols_100ml-scaled.jpg\",\"datePublished\":\"2022-01-27T19:33:48+00:00\",\"dateModified\":\"2022-04-08T15:27:26+00:00\",\"breadcrumb\":{\"@id\":\"https:\/\/publissoft.dev\/spasante\/produit\/complexe-de-cappaprenols\/#breadcrumb\"},\"inLanguage\":\"fr-CA\",\"potentialAction\":[{\"@type\":\"ReadAction\",\"target\":[\"https:\/\/publissoft.dev\/spasante\/produit\/complexe-de-cappaprenols\/\"]}]},{\"@type\":\"ImageObject\",\"inLanguage\":\"fr-CA\",\"@id\":\"https:\/\/publissoft.dev\/spasante\/produit\/complexe-de-cappaprenols\/#primaryimage\",\"url\":\"https:\/\/publissoft.dev\/spasante\/wp-content\/uploads\/2022\/01\/SpaSanteLeNenuphar_AquaNutria_Complexe_Cappaprenols_100ml-scaled.jpg\",\"contentUrl\":\"https:\/\/publissoft.dev\/spasante\/wp-content\/uploads\/2022\/01\/SpaSanteLeNenuphar_AquaNutria_Complexe_Cappaprenols_100ml-scaled.jpg\",\"width\":902,\"height\":2560},{\"@type\":\"BreadcrumbList\",\"@id\":\"https:\/\/publissoft.dev\/spasante\/produit\/complexe-de-cappaprenols\/#breadcrumb\",\"itemListElement\":[{\"@type\":\"ListItem\",\"position\":1,\"name\":\"Accueil\",\"item\":\"https:\/\/publissoft.dev\/spasante\/\"},{\"@type\":\"ListItem\",\"position\":2,\"name\":\"Boutique\",\"item\":\"https:\/\/publissoft.dev\/spasante\/boutique\/\"},{\"@type\":\"ListItem\",\"position\":3,\"name\":\"Aquafolia &#8211; Complexe de Cappapr\u00e9nols\"}]},{\"@type\":\"WebSite\",\"@id\":\"https:\/\/publissoft.dev\/spasante\/#website\",\"url\":\"https:\/\/publissoft.dev\/spasante\/\",\"name\":\"Spa Sant\u00e9 Le N\u00e9nuphar\",\"description\":\"\",\"publisher\":{\"@id\":\"https:\/\/publissoft.dev\/spasante\/#organization\"},\"potentialAction\":[{\"@type\":\"SearchAction\",\"target\":{\"@type\":\"EntryPoint\",\"urlTemplate\":\"https:\/\/publissoft.dev\/spasante\/?s={search_term_string}\"},\"query-input\":\"required name=search_term_string\"}],\"inLanguage\":\"fr-CA\"},{\"@type\":\"Organization\",\"@id\":\"https:\/\/publissoft.dev\/spasante\/#organization\",\"name\":\"Spa Sant\u00e9 Le N\u00e9nuphar\",\"url\":\"https:\/\/publissoft.dev\/spasante\/\",\"logo\":{\"@type\":\"ImageObject\",\"inLanguage\":\"fr-CA\",\"@id\":\"https:\/\/publissoft.dev\/spasante\/#\/schema\/logo\/image\/\",\"url\":\"https:\/\/publissoft.dev\/spasante\/wp-content\/uploads\/2022\/11\/logo-jpg.jpeg\",\"contentUrl\":\"https:\/\/publissoft.dev\/spasante\/wp-content\/uploads\/2022\/11\/logo-jpg.jpeg\",\"width\":900,\"height\":900,\"caption\":\"Spa Sant\u00e9 Le N\u00e9nuphar\"},\"image\":{\"@id\":\"https:\/\/publissoft.dev\/spasante\/#\/schema\/logo\/image\/\"},\"sameAs\":[\"https:\/\/www.facebook.com\/SpaSanteLeNenuphar\",\"https:\/\/www.instagram.com\/spasantelenenuphar\/?hl=fr\"]}]}<\/script>\n<!-- \/ Yoast SEO plugin. -->","yoast_head_json":{"title":"Aquafolia - Complexe de Cappapr\u00e9nols - Spa Sant\u00e9 Le N\u00e9nuphar","robots":{"index":"noindex","follow":"follow","max-snippet":"max-snippet:-1","max-image-preview":"max-image-preview:large","max-video-preview":"max-video-preview:-1"},"og_locale":"fr_CA","og_type":"article","og_title":"Aquafolia - Complexe de Cappapr\u00e9nols - Spa Sant\u00e9 Le N\u00e9nuphar","og_description":"Complexe de Cappapr\u00e9nols S\u00e9rum liquide nourrissant, hydratant\u2756\u00a0et calmant, qui redonne souplesse et confort absolu \u00e0 la peau. Produit d\u2019imbibition favorisant la p\u00e9n\u00e9tration des produits subs\u00e9quents. Types de peaux Tous les types de peaux en manque de lipides (alipidique), de structure et de densit\u00e9. Pour le visage et le corps. Description S\u00e9rum liquide ultra concentr\u00e9 issu &hellip;","og_url":"https:\/\/publissoft.dev\/spasante\/produit\/complexe-de-cappaprenols\/","og_site_name":"Spa Sant\u00e9 Le N\u00e9nuphar","article_publisher":"https:\/\/www.facebook.com\/SpaSanteLeNenuphar","article_modified_time":"2022-04-08T15:27:26+00:00","og_image":[{"width":902,"height":2560,"url":"https:\/\/publissoft.dev\/spasante\/wp-content\/uploads\/2022\/01\/SpaSanteLeNenuphar_AquaNutria_Complexe_Cappaprenols_100ml-scaled.jpg","type":"image\/jpeg"}],"twitter_card":"summary_large_image","twitter_misc":{"Estimation du temps de lecture":"1 minute"},"schema":{"@context":"https:\/\/schema.org","@graph":[{"@type":"WebPage","@id":"https:\/\/publissoft.dev\/spasante\/produit\/complexe-de-cappaprenols\/","url":"https:\/\/publissoft.dev\/spasante\/produit\/complexe-de-cappaprenols\/","name":"Aquafolia - Complexe de Cappapr\u00e9nols - Spa Sant\u00e9 Le N\u00e9nuphar","isPartOf":{"@id":"https:\/\/publissoft.dev\/spasante\/#website"},"primaryImageOfPage":{"@id":"https:\/\/publissoft.dev\/spasante\/produit\/complexe-de-cappaprenols\/#primaryimage"},"image":{"@id":"https:\/\/publissoft.dev\/spasante\/produit\/complexe-de-cappaprenols\/#primaryimage"},"thumbnailUrl":"https:\/\/publissoft.dev\/spasante\/wp-content\/uploads\/2022\/01\/SpaSanteLeNenuphar_AquaNutria_Complexe_Cappaprenols_100ml-scaled.jpg","datePublished":"2022-01-27T19:33:48+00:00","dateModified":"2022-04-08T15:27:26+00:00","breadcrumb":{"@id":"https:\/\/publissoft.dev\/spasante\/produit\/complexe-de-cappaprenols\/#breadcrumb"},"inLanguage":"fr-CA","potentialAction":[{"@type":"ReadAction","target":["https:\/\/publissoft.dev\/spasante\/produit\/complexe-de-cappaprenols\/"]}]},{"@type":"ImageObject","inLanguage":"fr-CA","@id":"https:\/\/publissoft.dev\/spasante\/produit\/complexe-de-cappaprenols\/#primaryimage","url":"https:\/\/publissoft.dev\/spasante\/wp-content\/uploads\/2022\/01\/SpaSanteLeNenuphar_AquaNutria_Complexe_Cappaprenols_100ml-scaled.jpg","contentUrl":"https:\/\/publissoft.dev\/spasante\/wp-content\/uploads\/2022\/01\/SpaSanteLeNenuphar_AquaNutria_Complexe_Cappaprenols_100ml-scaled.jpg","width":902,"height":2560},{"@type":"BreadcrumbList","@id":"https:\/\/publissoft.dev\/spasante\/produit\/complexe-de-cappaprenols\/#breadcrumb","itemListElement":[{"@type":"ListItem","position":1,"name":"Accueil","item":"https:\/\/publissoft.dev\/spasante\/"},{"@type":"ListItem","position":2,"name":"Boutique","item":"https:\/\/publissoft.dev\/spasante\/boutique\/"},{"@type":"ListItem","position":3,"name":"Aquafolia &#8211; Complexe de Cappapr\u00e9nols"}]},{"@type":"WebSite","@id":"https:\/\/publissoft.dev\/spasante\/#website","url":"https:\/\/publissoft.dev\/spasante\/","name":"Spa Sant\u00e9 Le N\u00e9nuphar","description":"","publisher":{"@id":"https:\/\/publissoft.dev\/spasante\/#organization"},"potentialAction":[{"@type":"SearchAction","target":{"@type":"EntryPoint","urlTemplate":"https:\/\/publissoft.dev\/spasante\/?s={search_term_string}"},"query-input":"required name=search_term_string"}],"inLanguage":"fr-CA"},{"@type":"Organization","@id":"https:\/\/publissoft.dev\/spasante\/#organization","name":"Spa Sant\u00e9 Le N\u00e9nuphar","url":"https:\/\/publissoft.dev\/spasante\/","logo":{"@type":"ImageObject","inLanguage":"fr-CA","@id":"https:\/\/publissoft.dev\/spasante\/#\/schema\/logo\/image\/","url":"https:\/\/publissoft.dev\/spasante\/wp-content\/uploads\/2022\/11\/logo-jpg.jpeg","contentUrl":"https:\/\/publissoft.dev\/spasante\/wp-content\/uploads\/2022\/11\/logo-jpg.jpeg","width":900,"height":900,"caption":"Spa Sant\u00e9 Le N\u00e9nuphar"},"image":{"@id":"https:\/\/publissoft.dev\/spasante\/#\/schema\/logo\/image\/"},"sameAs":["https:\/\/www.facebook.com\/SpaSanteLeNenuphar","https:\/\/www.instagram.com\/spasantelenenuphar\/?hl=fr"]}]}},"_links":{"self":[{"href":"https:\/\/publissoft.dev\/spasante\/wp-json\/wp\/v2\/product\/246","targetHints":{"allow":["GET"]}}],"collection":[{"href":"https:\/\/publissoft.dev\/spasante\/wp-json\/wp\/v2\/product"}],"about":[{"href":"https:\/\/publissoft.dev\/spasante\/wp-json\/wp\/v2\/types\/product"}],"wp:featuredmedia":[{"embeddable":true,"href":"https:\/\/publissoft.dev\/spasante\/wp-json\/wp\/v2\/media\/267"}],"wp:attachment":[{"href":"https:\/\/publissoft.dev\/spasante\/wp-json\/wp\/v2\/media?parent=246"}],"wp:term":[{"taxonomy":"product_cat","embeddable":true,"href":"https:\/\/publissoft.dev\/spasante\/wp-json\/wp\/v2\/product_cat?post=246"},{"taxonomy":"product_tag","embeddable":true,"href":"https:\/\/publissoft.dev\/spasante\/wp-json\/wp\/v2\/product_tag?post=246"},{"taxonomy":"giftcard-category","embeddable":true,"href":"https:\/\/publissoft.dev\/spasante\/wp-json\/wp\/v2\/giftcard-category?post=246"}],"curies":[{"name":"wp","href":"https:\/\/api.w.org\/{rel}","templated":true}]}}