{"id":259,"date":"2022-01-27T14:33:52","date_gmt":"2022-01-27T14:33:52","guid":{"rendered":"https:\/\/publissoft.dev\/spasante\/produit\/concentre-aqua-secours\/"},"modified":"2022-07-09T12:28:06","modified_gmt":"2022-07-09T16:28:06","slug":"concentre-aqua-secours-spa-sante-le-nenuphar","status":"publish","type":"product","link":"https:\/\/publissoft.dev\/spasante\/produit\/concentre-aqua-secours-spa-sante-le-nenuphar\/","title":{"rendered":"Aquafolia &#8211; Concentr\u00e9 AquaSecours"},"content":{"rendered":"<div data-mce-fragment=\"1\">\n<h3 data-mce-fragment=\"1\">Concentr\u00e9 Aqua Secours<\/h3>\n<\/div>\n<div data-mce-fragment=\"1\">\n<div data-mce-fragment=\"1\">\n<p data-mce-fragment=\"1\">S\u00e9rum liquide hydratant<span data-mce-fragment=\"1\">\u2756<\/span><span data-mce-fragment=\"1\">\u00a0et<\/span>\u00a0apaisant en atomiseur. R\u00e9\u00e9quilibre, redonne du confort, calme, diminue l\u2019apparence des rougeurs et hydrate<span data-mce-fragment=\"1\">\u2756<\/span>\u00a0la peau.<\/p>\n<\/div>\n<\/div>\n<div data-mce-fragment=\"1\">\n<p><span data-mce-fragment=\"1\">Types de peaux<\/span><\/p>\n<div data-mce-fragment=\"1\">Tous les types de peaux sensibles et d\u00e9shydrat\u00e9es<\/div>\n<\/div>\n<div data-mce-fragment=\"1\">\n<p><span data-mce-fragment=\"1\">Description<\/span><\/p>\n<div data-mce-fragment=\"1\">\n<p data-mce-fragment=\"1\">S\u00e9rum liquide concentr\u00e9 pour peaux sensibles, d\u00e9shydrat\u00e9es et r\u00e9actives, bas\u00e9 sur un exopolysaccharide des sources hydrothermales profondes (extrait biotechnologique). Hydrate<span data-mce-fragment=\"1\">\u2756<\/span>\u00a0et soulage les d\u00e9mangeaisons caus\u00e9es par le dess\u00e8chement de la peau. Procure une sensation de bien-\u00eatre. Am\u00e9liore la barri\u00e8re d\u2019hydratation de la peau.<\/p>\n<\/div>\n<\/div>\n<div data-mce-fragment=\"1\">\n<p><span data-mce-fragment=\"1\">Caract\u00e9ristiques et fonctions du produit<\/span><\/p>\n<div data-mce-fragment=\"1\">\n<ul data-mce-fragment=\"1\">\n<li data-mce-fragment=\"1\">Flacon pompe en atomisateur<\/li>\n<li data-mce-fragment=\"1\">R\u00e9duit l\u2019apparence des rougeurs diffuses<\/li>\n<li data-mce-fragment=\"1\">Hydrate<span data-mce-fragment=\"1\">\u2756<\/span>\u00a0et rafra\u00eechit<\/li>\n<li data-mce-fragment=\"1\">Calme les sensations d\u2019\u00e9chauffement et de br\u00fblure<\/li>\n<li data-mce-fragment=\"1\">R\u00e9\u00e9quilibre<\/li>\n<li data-mce-fragment=\"1\">Redonne du confort<\/li>\n<li data-mce-fragment=\"1\">Pr\u00e9pare \u00e0 recevoir les produits subs\u00e9quents par l\u2019imbibition<\/li>\n<\/ul>\n<\/div>\n<\/div>\n<div data-mce-fragment=\"1\"><\/div>\n<div data-mce-fragment=\"1\">\n<p><span data-mce-fragment=\"1\">Ingr\u00e9dients choisis<\/span><\/p>\n<div data-mce-fragment=\"1\">\n<div data-mce-fragment=\"1\">\n<p data-mce-fragment=\"1\"><em data-mce-fragment=\"1\">(Information \u00e9ducative selon des \u00e9tudes in-vitro et\/ou in-vivo et\/ou ex-vivo sur les ingr\u00e9dients qui ne repr\u00e9sente pas les fonctions du produit)<\/em><\/p>\n<\/div>\n<ul data-mce-fragment=\"1\">\n<li data-mce-fragment=\"1\">R\u00e9duit l\u2019irritabilit\u00e9 et la r\u00e9activit\u00e9<\/li>\n<li data-mce-fragment=\"1\">Protection des cellules de Langerhans (exopolysaccharide \u2013 biotechnologie)<\/li>\n<li data-mce-fragment=\"1\">Am\u00e9liore les d\u00e9fenses naturelles de la peau<\/li>\n<li data-mce-fragment=\"1\">R\u00e9\u00e9quilibre la peau<\/li>\n<li data-mce-fragment=\"1\">Anti-radicalaire et antimicrobien (extrait de feuilles d\u2019olivier)<\/li>\n<\/ul>\n<p>230ml<\/p>\n<\/div>\n<\/div>\n","protected":false},"excerpt":{"rendered":"<p>Concentr\u00e9 Aqua Secours S\u00e9rum liquide hydratant\u2756\u00a0et\u00a0apaisant en atomiseur. R\u00e9\u00e9quilibre, redonne du confort, calme, diminue l\u2019apparence des rougeurs et hydrate\u2756\u00a0la peau. Types de peaux Tous les types de peaux sensibles et d\u00e9shydrat\u00e9es Description S\u00e9rum liquide concentr\u00e9 pour peaux sensibles, d\u00e9shydrat\u00e9es et r\u00e9actives, bas\u00e9 sur un exopolysaccharide des sources hydrothermales profondes (extrait biotechnologique). Hydrate\u2756\u00a0et soulage les d\u00e9mangeaisons &hellip;<\/p>\n","protected":false},"featured_media":279,"template":"","meta":{"_acf_changed":false,"_genesis_hide_title":false,"_genesis_hide_breadcrumbs":false,"_genesis_hide_singular_image":false,"_genesis_hide_footer_widgets":false,"_genesis_custom_body_class":"","_genesis_custom_post_class":"","_genesis_layout":""},"product_cat":[53,37,18,46],"product_tag":[],"giftcard-category":[],"class_list":{"0":"post-259","1":"product","2":"type-product","3":"status-publish","4":"has-post-thumbnail","6":"product_cat-gift-card","7":"product_cat-produits","8":"product_cat-aquafolia","9":"product_cat-tous","10":"entry","12":"first","13":"instock","14":"taxable","15":"shipping-taxable","16":"purchasable","17":"product-type-simple"},"acf":[],"yoast_head":"<!-- This site is optimized with the Yoast SEO plugin v22.5 - https:\/\/yoast.com\/wordpress\/plugins\/seo\/ -->\n<title>Aquafolia - Concentr\u00e9 AquaSecours - Spa Sant\u00e9 Le N\u00e9nuphar<\/title>\n<meta name=\"description\" content=\"Concentr\u00e9 Aqua Secours - \u00c9quilibre, r\u00e9tablit le confort, apaise, r\u00e9duit l&#039;apparence des rougeurs et hydrate la peau. Pour en savoir plus, cliquez ici !\" \/>\n<meta name=\"robots\" content=\"noindex, follow, max-snippet:-1, max-image-preview:large, max-video-preview:-1\" \/>\n<meta property=\"og:locale\" content=\"fr_CA\" \/>\n<meta property=\"og:type\" content=\"article\" \/>\n<meta property=\"og:title\" content=\"Aquafolia - Concentr\u00e9 AquaSecours - Spa Sant\u00e9 Le N\u00e9nuphar\" \/>\n<meta property=\"og:description\" content=\"Concentr\u00e9 Aqua Secours - \u00c9quilibre, r\u00e9tablit le confort, apaise, r\u00e9duit l&#039;apparence des rougeurs et hydrate la peau. Pour en savoir plus, cliquez ici !\" \/>\n<meta property=\"og:url\" content=\"https:\/\/publissoft.dev\/spasante\/produit\/concentre-aqua-secours-spa-sante-le-nenuphar\/\" \/>\n<meta property=\"og:site_name\" content=\"Spa Sant\u00e9 Le N\u00e9nuphar\" \/>\n<meta property=\"article:publisher\" content=\"https:\/\/www.facebook.com\/SpaSanteLeNenuphar\" \/>\n<meta property=\"article:modified_time\" content=\"2022-07-09T16:28:06+00:00\" \/>\n<meta property=\"og:image\" content=\"https:\/\/publissoft.dev\/spasante\/wp-content\/uploads\/2022\/01\/SpaSanteLeNenuphar_AquaSecours_Concentre_230ml_bte-scaled.jpg\" \/>\n\t<meta property=\"og:image:width\" content=\"1979\" \/>\n\t<meta property=\"og:image:height\" content=\"2560\" \/>\n\t<meta property=\"og:image:type\" content=\"image\/jpeg\" \/>\n<meta name=\"twitter:card\" content=\"summary_large_image\" \/>\n<meta name=\"twitter:label1\" content=\"Estimation du temps de lecture\" \/>\n\t<meta name=\"twitter:data1\" content=\"1 minute\" \/>\n<script type=\"application\/ld+json\" class=\"yoast-schema-graph\">{\"@context\":\"https:\/\/schema.org\",\"@graph\":[{\"@type\":\"WebPage\",\"@id\":\"https:\/\/publissoft.dev\/spasante\/produit\/concentre-aqua-secours-spa-sante-le-nenuphar\/\",\"url\":\"https:\/\/publissoft.dev\/spasante\/produit\/concentre-aqua-secours-spa-sante-le-nenuphar\/\",\"name\":\"Aquafolia - Concentr\u00e9 AquaSecours - Spa Sant\u00e9 Le N\u00e9nuphar\",\"isPartOf\":{\"@id\":\"https:\/\/publissoft.dev\/spasante\/#website\"},\"primaryImageOfPage\":{\"@id\":\"https:\/\/publissoft.dev\/spasante\/produit\/concentre-aqua-secours-spa-sante-le-nenuphar\/#primaryimage\"},\"image\":{\"@id\":\"https:\/\/publissoft.dev\/spasante\/produit\/concentre-aqua-secours-spa-sante-le-nenuphar\/#primaryimage\"},\"thumbnailUrl\":\"https:\/\/publissoft.dev\/spasante\/wp-content\/uploads\/2022\/01\/SpaSanteLeNenuphar_AquaSecours_Concentre_230ml_bte-scaled.jpg\",\"datePublished\":\"2022-01-27T14:33:52+00:00\",\"dateModified\":\"2022-07-09T16:28:06+00:00\",\"description\":\"Concentr\u00e9 Aqua Secours - \u00c9quilibre, r\u00e9tablit le confort, apaise, r\u00e9duit l'apparence des rougeurs et hydrate la peau. Pour en savoir plus, cliquez ici !\",\"breadcrumb\":{\"@id\":\"https:\/\/publissoft.dev\/spasante\/produit\/concentre-aqua-secours-spa-sante-le-nenuphar\/#breadcrumb\"},\"inLanguage\":\"fr-CA\",\"potentialAction\":[{\"@type\":\"ReadAction\",\"target\":[\"https:\/\/publissoft.dev\/spasante\/produit\/concentre-aqua-secours-spa-sante-le-nenuphar\/\"]}]},{\"@type\":\"ImageObject\",\"inLanguage\":\"fr-CA\",\"@id\":\"https:\/\/publissoft.dev\/spasante\/produit\/concentre-aqua-secours-spa-sante-le-nenuphar\/#primaryimage\",\"url\":\"https:\/\/publissoft.dev\/spasante\/wp-content\/uploads\/2022\/01\/SpaSanteLeNenuphar_AquaSecours_Concentre_230ml_bte-scaled.jpg\",\"contentUrl\":\"https:\/\/publissoft.dev\/spasante\/wp-content\/uploads\/2022\/01\/SpaSanteLeNenuphar_AquaSecours_Concentre_230ml_bte-scaled.jpg\",\"width\":1979,\"height\":2560},{\"@type\":\"BreadcrumbList\",\"@id\":\"https:\/\/publissoft.dev\/spasante\/produit\/concentre-aqua-secours-spa-sante-le-nenuphar\/#breadcrumb\",\"itemListElement\":[{\"@type\":\"ListItem\",\"position\":1,\"name\":\"Accueil\",\"item\":\"https:\/\/publissoft.dev\/spasante\/\"},{\"@type\":\"ListItem\",\"position\":2,\"name\":\"Boutique\",\"item\":\"https:\/\/publissoft.dev\/spasante\/boutique\/\"},{\"@type\":\"ListItem\",\"position\":3,\"name\":\"Aquafolia &#8211; Concentr\u00e9 AquaSecours\"}]},{\"@type\":\"WebSite\",\"@id\":\"https:\/\/publissoft.dev\/spasante\/#website\",\"url\":\"https:\/\/publissoft.dev\/spasante\/\",\"name\":\"Spa Sant\u00e9 Le N\u00e9nuphar\",\"description\":\"\",\"publisher\":{\"@id\":\"https:\/\/publissoft.dev\/spasante\/#organization\"},\"potentialAction\":[{\"@type\":\"SearchAction\",\"target\":{\"@type\":\"EntryPoint\",\"urlTemplate\":\"https:\/\/publissoft.dev\/spasante\/?s={search_term_string}\"},\"query-input\":\"required name=search_term_string\"}],\"inLanguage\":\"fr-CA\"},{\"@type\":\"Organization\",\"@id\":\"https:\/\/publissoft.dev\/spasante\/#organization\",\"name\":\"Spa Sant\u00e9 Le N\u00e9nuphar\",\"url\":\"https:\/\/publissoft.dev\/spasante\/\",\"logo\":{\"@type\":\"ImageObject\",\"inLanguage\":\"fr-CA\",\"@id\":\"https:\/\/publissoft.dev\/spasante\/#\/schema\/logo\/image\/\",\"url\":\"https:\/\/publissoft.dev\/spasante\/wp-content\/uploads\/2022\/11\/logo-jpg.jpeg\",\"contentUrl\":\"https:\/\/publissoft.dev\/spasante\/wp-content\/uploads\/2022\/11\/logo-jpg.jpeg\",\"width\":900,\"height\":900,\"caption\":\"Spa Sant\u00e9 Le N\u00e9nuphar\"},\"image\":{\"@id\":\"https:\/\/publissoft.dev\/spasante\/#\/schema\/logo\/image\/\"},\"sameAs\":[\"https:\/\/www.facebook.com\/SpaSanteLeNenuphar\",\"https:\/\/www.instagram.com\/spasantelenenuphar\/?hl=fr\"]}]}<\/script>\n<!-- \/ Yoast SEO plugin. -->","yoast_head_json":{"title":"Aquafolia - Concentr\u00e9 AquaSecours - Spa Sant\u00e9 Le N\u00e9nuphar","description":"Concentr\u00e9 Aqua Secours - \u00c9quilibre, r\u00e9tablit le confort, apaise, r\u00e9duit l'apparence des rougeurs et hydrate la peau. Pour en savoir plus, cliquez ici !","robots":{"index":"noindex","follow":"follow","max-snippet":"max-snippet:-1","max-image-preview":"max-image-preview:large","max-video-preview":"max-video-preview:-1"},"og_locale":"fr_CA","og_type":"article","og_title":"Aquafolia - Concentr\u00e9 AquaSecours - Spa Sant\u00e9 Le N\u00e9nuphar","og_description":"Concentr\u00e9 Aqua Secours - \u00c9quilibre, r\u00e9tablit le confort, apaise, r\u00e9duit l'apparence des rougeurs et hydrate la peau. Pour en savoir plus, cliquez ici !","og_url":"https:\/\/publissoft.dev\/spasante\/produit\/concentre-aqua-secours-spa-sante-le-nenuphar\/","og_site_name":"Spa Sant\u00e9 Le N\u00e9nuphar","article_publisher":"https:\/\/www.facebook.com\/SpaSanteLeNenuphar","article_modified_time":"2022-07-09T16:28:06+00:00","og_image":[{"width":1979,"height":2560,"url":"https:\/\/publissoft.dev\/spasante\/wp-content\/uploads\/2022\/01\/SpaSanteLeNenuphar_AquaSecours_Concentre_230ml_bte-scaled.jpg","type":"image\/jpeg"}],"twitter_card":"summary_large_image","twitter_misc":{"Estimation du temps de lecture":"1 minute"},"schema":{"@context":"https:\/\/schema.org","@graph":[{"@type":"WebPage","@id":"https:\/\/publissoft.dev\/spasante\/produit\/concentre-aqua-secours-spa-sante-le-nenuphar\/","url":"https:\/\/publissoft.dev\/spasante\/produit\/concentre-aqua-secours-spa-sante-le-nenuphar\/","name":"Aquafolia - Concentr\u00e9 AquaSecours - Spa Sant\u00e9 Le N\u00e9nuphar","isPartOf":{"@id":"https:\/\/publissoft.dev\/spasante\/#website"},"primaryImageOfPage":{"@id":"https:\/\/publissoft.dev\/spasante\/produit\/concentre-aqua-secours-spa-sante-le-nenuphar\/#primaryimage"},"image":{"@id":"https:\/\/publissoft.dev\/spasante\/produit\/concentre-aqua-secours-spa-sante-le-nenuphar\/#primaryimage"},"thumbnailUrl":"https:\/\/publissoft.dev\/spasante\/wp-content\/uploads\/2022\/01\/SpaSanteLeNenuphar_AquaSecours_Concentre_230ml_bte-scaled.jpg","datePublished":"2022-01-27T14:33:52+00:00","dateModified":"2022-07-09T16:28:06+00:00","description":"Concentr\u00e9 Aqua Secours - \u00c9quilibre, r\u00e9tablit le confort, apaise, r\u00e9duit l'apparence des rougeurs et hydrate la peau. Pour en savoir plus, cliquez ici !","breadcrumb":{"@id":"https:\/\/publissoft.dev\/spasante\/produit\/concentre-aqua-secours-spa-sante-le-nenuphar\/#breadcrumb"},"inLanguage":"fr-CA","potentialAction":[{"@type":"ReadAction","target":["https:\/\/publissoft.dev\/spasante\/produit\/concentre-aqua-secours-spa-sante-le-nenuphar\/"]}]},{"@type":"ImageObject","inLanguage":"fr-CA","@id":"https:\/\/publissoft.dev\/spasante\/produit\/concentre-aqua-secours-spa-sante-le-nenuphar\/#primaryimage","url":"https:\/\/publissoft.dev\/spasante\/wp-content\/uploads\/2022\/01\/SpaSanteLeNenuphar_AquaSecours_Concentre_230ml_bte-scaled.jpg","contentUrl":"https:\/\/publissoft.dev\/spasante\/wp-content\/uploads\/2022\/01\/SpaSanteLeNenuphar_AquaSecours_Concentre_230ml_bte-scaled.jpg","width":1979,"height":2560},{"@type":"BreadcrumbList","@id":"https:\/\/publissoft.dev\/spasante\/produit\/concentre-aqua-secours-spa-sante-le-nenuphar\/#breadcrumb","itemListElement":[{"@type":"ListItem","position":1,"name":"Accueil","item":"https:\/\/publissoft.dev\/spasante\/"},{"@type":"ListItem","position":2,"name":"Boutique","item":"https:\/\/publissoft.dev\/spasante\/boutique\/"},{"@type":"ListItem","position":3,"name":"Aquafolia &#8211; Concentr\u00e9 AquaSecours"}]},{"@type":"WebSite","@id":"https:\/\/publissoft.dev\/spasante\/#website","url":"https:\/\/publissoft.dev\/spasante\/","name":"Spa Sant\u00e9 Le N\u00e9nuphar","description":"","publisher":{"@id":"https:\/\/publissoft.dev\/spasante\/#organization"},"potentialAction":[{"@type":"SearchAction","target":{"@type":"EntryPoint","urlTemplate":"https:\/\/publissoft.dev\/spasante\/?s={search_term_string}"},"query-input":"required name=search_term_string"}],"inLanguage":"fr-CA"},{"@type":"Organization","@id":"https:\/\/publissoft.dev\/spasante\/#organization","name":"Spa Sant\u00e9 Le N\u00e9nuphar","url":"https:\/\/publissoft.dev\/spasante\/","logo":{"@type":"ImageObject","inLanguage":"fr-CA","@id":"https:\/\/publissoft.dev\/spasante\/#\/schema\/logo\/image\/","url":"https:\/\/publissoft.dev\/spasante\/wp-content\/uploads\/2022\/11\/logo-jpg.jpeg","contentUrl":"https:\/\/publissoft.dev\/spasante\/wp-content\/uploads\/2022\/11\/logo-jpg.jpeg","width":900,"height":900,"caption":"Spa Sant\u00e9 Le N\u00e9nuphar"},"image":{"@id":"https:\/\/publissoft.dev\/spasante\/#\/schema\/logo\/image\/"},"sameAs":["https:\/\/www.facebook.com\/SpaSanteLeNenuphar","https:\/\/www.instagram.com\/spasantelenenuphar\/?hl=fr"]}]}},"_links":{"self":[{"href":"https:\/\/publissoft.dev\/spasante\/wp-json\/wp\/v2\/product\/259","targetHints":{"allow":["GET"]}}],"collection":[{"href":"https:\/\/publissoft.dev\/spasante\/wp-json\/wp\/v2\/product"}],"about":[{"href":"https:\/\/publissoft.dev\/spasante\/wp-json\/wp\/v2\/types\/product"}],"wp:featuredmedia":[{"embeddable":true,"href":"https:\/\/publissoft.dev\/spasante\/wp-json\/wp\/v2\/media\/279"}],"wp:attachment":[{"href":"https:\/\/publissoft.dev\/spasante\/wp-json\/wp\/v2\/media?parent=259"}],"wp:term":[{"taxonomy":"product_cat","embeddable":true,"href":"https:\/\/publissoft.dev\/spasante\/wp-json\/wp\/v2\/product_cat?post=259"},{"taxonomy":"product_tag","embeddable":true,"href":"https:\/\/publissoft.dev\/spasante\/wp-json\/wp\/v2\/product_tag?post=259"},{"taxonomy":"giftcard-category","embeddable":true,"href":"https:\/\/publissoft.dev\/spasante\/wp-json\/wp\/v2\/giftcard-category?post=259"}],"curies":[{"name":"wp","href":"https:\/\/api.w.org\/{rel}","templated":true}]}}