{"id":2703,"date":"2022-04-25T12:51:51","date_gmt":"2022-04-25T16:51:51","guid":{"rendered":"https:\/\/publissoft.dev\/spasante\/?post_type=product&#038;p=2703"},"modified":"2024-02-23T11:06:10","modified_gmt":"2024-02-23T16:06:10","slug":"maquillage-permanent-sourcils-3d-effet-poil-par-poil","status":"publish","type":"product","link":"https:\/\/publissoft.dev\/spasante\/produit\/maquillage-permanent-sourcils-3d-effet-poil-par-poil\/","title":{"rendered":"Maquillage Permanent &#8211; Sourcils 3D (effet Poil par Poil)"},"content":{"rendered":"<p>Le maquillage poil par poil correspond aux personnes qui souhaitent obtenir une ligne de sourcil discr\u00e8te et un rendu plut\u00f4t doux. Il offre un effet r\u00e9aliste et a\u00e9r\u00e9. La peau appara\u00eet entre chaque poil dessin\u00e9. Il donne l&#8217;impression d&#8217;un contour naturellement irr\u00e9gulier.<\/p>\n<p>Le maquillage permanent est une pigmentation de la peau r\u00e9alis\u00e9e avec l\u2019aide d\u2019un dermographe qui introduit du pigment dans les couches sup\u00e9rieures du derme et qui permet de recr\u00e9er un maquillage naturel &amp; d\u00e9licat. Les possibilit\u00e9s sont sans limites.<\/p>\n<p><strong>Combien de temps cela dure-t-il?<\/strong><\/p>\n<p>Les r\u00e9sultats d\u2019une telle proc\u00e9dure durent entre 3 et 5 ans avant de s\u2019estomper consid\u00e9rablement. Nous conseillons d\u2019entretenir votre pigmentation avec l\u2019aide de retouches afin de conserver le r\u00e9sultat plus longtemps. Il ne faut pas oublier que le maquillage semi-permanent est un ART et non une science exacte. Les r\u00e9sultats peuvent varier en fonctions de l\u2019\u00e2ge, de la capacit\u00e9 de r\u00e9g\u00e9n\u00e9ration cellulaire, du niveau de pigment utilis\u00e9 ainsi que des habitudes de vie.<\/p>\n<p><strong>Combien de temps dure le rendez-vous?<\/strong><\/p>\n<p>Selon la r\u00e9gion \u00e0 traiter et le travail \u00e0 effectuer, la prestation peut durer entre 2h et 3h. En g\u00e9n\u00e9ral, la consultation fait partie int\u00e9grante du rendez-vous. Apr\u00e8s avoir rempli la fiche cliente et discut\u00e9 avec la technicienne du r\u00e9sultat d\u00e9sir\u00e9, celle-ci prendra des mesures afin de r\u00e9aliser un dessin impeccable qui servira de guide \u00e0 la prestation. Une fois ce dessin approuv\u00e9, la technicienne d\u00e9butera la pigmentation.<br \/>\n<strong><br \/>\nCombien de temps dure la gu\u00e9rison?<\/strong><\/p>\n<p>On calcule entre 7 et 10 jours le temps de cicatrisation visible et 4 \u00e0 6 semaines avant que la couleur se stabilise pour laisser place au r\u00e9sultat final. Le lendemain de la prestation la couleur est beaucoup plus intense, il ne faut pas s\u2019inqui\u00e9ter, cela fait parti du processus normal. Par la suite, la cro\u00fbte qui s\u2019est form\u00e9e commencera \u00e0 s\u2019\u00e9cailler, pour laisser place \u00e0 une pigmentation beaucoup plus claire. Vous aurez donc l\u2019impression de ne plus rien avoir. Il faut laisser un peu de temps \u00e0 la peau pour permettre au pigment de refaire surface et, s\u2019il n\u2019apparait pas \u00e0 certains endroits, la retouche pr\u00e9vue finalisera le travail.<br \/>\n<strong><br \/>\nEst-ce que \u00e7a fait mal?<\/strong><\/p>\n<p>Tout d\u00e9pendamment du seuil de tol\u00e9rance de chaque personne, un certain inconfort peut \u00eatre ressenti. Un gel anesth\u00e9siant est appliqu\u00e9 afin d\u2019engourdir la peau et ainsi permettre un travail plus agr\u00e9able.<br \/>\n<strong><br \/>\nAurais-je besoin d\u2019une retouche?<\/strong><\/p>\n<p>Un r\u00e9sultat optimal n\u2019est pas toujours acquis suivant la premi\u00e8re prestation &amp; les techniques actuelles ne permettent pas de d\u00e9terminer avec pr\u00e9cision le nombre de s\u00e9ances exactes n\u00e9cessaires puisque les r\u00e9ponses cutan\u00e9es sont variables selon chaque personne. Comme il existe un certain degr\u00e9 d\u2019impr\u00e9visibilit\u00e9 dans la r\u00e9tention du pigment d\u2019une personne \u00e0 une autre et d\u2019une zone \u00e0 une autre une seconde prestation est requise environ 4 \u00e0 6 semaines suivant le premier rendez-vous.<\/p>\n<p>*Premi\u00e8re Retouche \u00e0 75$*<\/p>\n","protected":false},"excerpt":{"rendered":"<p>Le maquillage poil par poil correspond aux personnes qui souhaitent obtenir une ligne de sourcil discr\u00e8te et un rendu plut\u00f4t doux. Il offre un effet r\u00e9aliste et a\u00e9r\u00e9. La peau appara\u00eet entre chaque poil dessin\u00e9. Il donne l&#8217;impression d&#8217;un contour naturellement irr\u00e9gulier. Le maquillage permanent est une pigmentation de la peau r\u00e9alis\u00e9e avec l\u2019aide d\u2019un &hellip;<\/p>\n","protected":false},"featured_media":3396,"template":"","meta":{"_acf_changed":false,"_genesis_hide_title":false,"_genesis_hide_breadcrumbs":false,"_genesis_hide_singular_image":false,"_genesis_hide_footer_widgets":false,"_genesis_custom_body_class":"","_genesis_custom_post_class":"","_genesis_layout":""},"product_cat":[53,43],"product_tag":[],"giftcard-category":[],"class_list":{"0":"post-2703","1":"product","2":"type-product","3":"status-publish","4":"has-post-thumbnail","6":"product_cat-gift-card","7":"product_cat-soins","8":"entry","10":"first","11":"outofstock","12":"virtual","13":"taxable","14":"purchasable","15":"product-type-simple"},"acf":[],"yoast_head":"<!-- This site is optimized with the Yoast SEO plugin v22.5 - https:\/\/yoast.com\/wordpress\/plugins\/seo\/ -->\n<title>Maquillage Permanent - Sourcils 3D (effet Poil par Poil) - Spa Sant\u00e9 Le N\u00e9nuphar<\/title>\n<meta name=\"robots\" content=\"noindex, follow, max-snippet:-1, max-image-preview:large, max-video-preview:-1\" \/>\n<meta property=\"og:locale\" content=\"fr_CA\" \/>\n<meta property=\"og:type\" content=\"article\" \/>\n<meta property=\"og:title\" content=\"Maquillage Permanent - Sourcils 3D (effet Poil par Poil) - Spa Sant\u00e9 Le N\u00e9nuphar\" \/>\n<meta property=\"og:description\" content=\"Le maquillage poil par poil correspond aux personnes qui souhaitent obtenir une ligne de sourcil discr\u00e8te et un rendu plut\u00f4t doux. Il offre un effet r\u00e9aliste et a\u00e9r\u00e9. La peau appara\u00eet entre chaque poil dessin\u00e9. Il donne l&#8217;impression d&#8217;un contour naturellement irr\u00e9gulier. Le maquillage permanent est une pigmentation de la peau r\u00e9alis\u00e9e avec l\u2019aide d\u2019un &hellip;\" \/>\n<meta property=\"og:url\" content=\"https:\/\/publissoft.dev\/spasante\/produit\/maquillage-permanent-sourcils-3d-effet-poil-par-poil\/\" \/>\n<meta property=\"og:site_name\" content=\"Spa Sant\u00e9 Le N\u00e9nuphar\" \/>\n<meta property=\"article:publisher\" content=\"https:\/\/www.facebook.com\/SpaSanteLeNenuphar\" \/>\n<meta property=\"article:modified_time\" content=\"2024-02-23T16:06:10+00:00\" \/>\n<meta property=\"og:image\" content=\"https:\/\/publissoft.dev\/spasante\/wp-content\/uploads\/2022\/04\/Maquillage-permanent.jpg\" \/>\n\t<meta property=\"og:image:width\" content=\"940\" \/>\n\t<meta property=\"og:image:height\" content=\"788\" \/>\n\t<meta property=\"og:image:type\" content=\"image\/jpeg\" \/>\n<meta name=\"twitter:card\" content=\"summary_large_image\" \/>\n<meta name=\"twitter:label1\" content=\"Estimation du temps de lecture\" \/>\n\t<meta name=\"twitter:data1\" content=\"3 minutes\" \/>\n<script type=\"application\/ld+json\" class=\"yoast-schema-graph\">{\"@context\":\"https:\/\/schema.org\",\"@graph\":[{\"@type\":\"WebPage\",\"@id\":\"https:\/\/publissoft.dev\/spasante\/produit\/maquillage-permanent-sourcils-3d-effet-poil-par-poil\/\",\"url\":\"https:\/\/publissoft.dev\/spasante\/produit\/maquillage-permanent-sourcils-3d-effet-poil-par-poil\/\",\"name\":\"Maquillage Permanent - Sourcils 3D (effet Poil par Poil) - Spa Sant\u00e9 Le N\u00e9nuphar\",\"isPartOf\":{\"@id\":\"https:\/\/publissoft.dev\/spasante\/#website\"},\"primaryImageOfPage\":{\"@id\":\"https:\/\/publissoft.dev\/spasante\/produit\/maquillage-permanent-sourcils-3d-effet-poil-par-poil\/#primaryimage\"},\"image\":{\"@id\":\"https:\/\/publissoft.dev\/spasante\/produit\/maquillage-permanent-sourcils-3d-effet-poil-par-poil\/#primaryimage\"},\"thumbnailUrl\":\"https:\/\/publissoft.dev\/spasante\/wp-content\/uploads\/2022\/04\/Maquillage-permanent.jpg\",\"datePublished\":\"2022-04-25T16:51:51+00:00\",\"dateModified\":\"2024-02-23T16:06:10+00:00\",\"breadcrumb\":{\"@id\":\"https:\/\/publissoft.dev\/spasante\/produit\/maquillage-permanent-sourcils-3d-effet-poil-par-poil\/#breadcrumb\"},\"inLanguage\":\"fr-CA\",\"potentialAction\":[{\"@type\":\"ReadAction\",\"target\":[\"https:\/\/publissoft.dev\/spasante\/produit\/maquillage-permanent-sourcils-3d-effet-poil-par-poil\/\"]}]},{\"@type\":\"ImageObject\",\"inLanguage\":\"fr-CA\",\"@id\":\"https:\/\/publissoft.dev\/spasante\/produit\/maquillage-permanent-sourcils-3d-effet-poil-par-poil\/#primaryimage\",\"url\":\"https:\/\/publissoft.dev\/spasante\/wp-content\/uploads\/2022\/04\/Maquillage-permanent.jpg\",\"contentUrl\":\"https:\/\/publissoft.dev\/spasante\/wp-content\/uploads\/2022\/04\/Maquillage-permanent.jpg\",\"width\":940,\"height\":788,\"caption\":\"MAQUILLAGE PERMANENT\"},{\"@type\":\"BreadcrumbList\",\"@id\":\"https:\/\/publissoft.dev\/spasante\/produit\/maquillage-permanent-sourcils-3d-effet-poil-par-poil\/#breadcrumb\",\"itemListElement\":[{\"@type\":\"ListItem\",\"position\":1,\"name\":\"Accueil\",\"item\":\"https:\/\/publissoft.dev\/spasante\/\"},{\"@type\":\"ListItem\",\"position\":2,\"name\":\"Boutique\",\"item\":\"https:\/\/publissoft.dev\/spasante\/boutique\/\"},{\"@type\":\"ListItem\",\"position\":3,\"name\":\"Maquillage Permanent &#8211; Sourcils 3D (effet Poil par Poil)\"}]},{\"@type\":\"WebSite\",\"@id\":\"https:\/\/publissoft.dev\/spasante\/#website\",\"url\":\"https:\/\/publissoft.dev\/spasante\/\",\"name\":\"Spa Sant\u00e9 Le N\u00e9nuphar\",\"description\":\"\",\"publisher\":{\"@id\":\"https:\/\/publissoft.dev\/spasante\/#organization\"},\"potentialAction\":[{\"@type\":\"SearchAction\",\"target\":{\"@type\":\"EntryPoint\",\"urlTemplate\":\"https:\/\/publissoft.dev\/spasante\/?s={search_term_string}\"},\"query-input\":\"required name=search_term_string\"}],\"inLanguage\":\"fr-CA\"},{\"@type\":\"Organization\",\"@id\":\"https:\/\/publissoft.dev\/spasante\/#organization\",\"name\":\"Spa Sant\u00e9 Le N\u00e9nuphar\",\"url\":\"https:\/\/publissoft.dev\/spasante\/\",\"logo\":{\"@type\":\"ImageObject\",\"inLanguage\":\"fr-CA\",\"@id\":\"https:\/\/publissoft.dev\/spasante\/#\/schema\/logo\/image\/\",\"url\":\"https:\/\/publissoft.dev\/spasante\/wp-content\/uploads\/2022\/11\/logo-jpg.jpeg\",\"contentUrl\":\"https:\/\/publissoft.dev\/spasante\/wp-content\/uploads\/2022\/11\/logo-jpg.jpeg\",\"width\":900,\"height\":900,\"caption\":\"Spa Sant\u00e9 Le N\u00e9nuphar\"},\"image\":{\"@id\":\"https:\/\/publissoft.dev\/spasante\/#\/schema\/logo\/image\/\"},\"sameAs\":[\"https:\/\/www.facebook.com\/SpaSanteLeNenuphar\",\"https:\/\/www.instagram.com\/spasantelenenuphar\/?hl=fr\"]}]}<\/script>\n<!-- \/ Yoast SEO plugin. -->","yoast_head_json":{"title":"Maquillage Permanent - Sourcils 3D (effet Poil par Poil) - Spa Sant\u00e9 Le N\u00e9nuphar","robots":{"index":"noindex","follow":"follow","max-snippet":"max-snippet:-1","max-image-preview":"max-image-preview:large","max-video-preview":"max-video-preview:-1"},"og_locale":"fr_CA","og_type":"article","og_title":"Maquillage Permanent - Sourcils 3D (effet Poil par Poil) - Spa Sant\u00e9 Le N\u00e9nuphar","og_description":"Le maquillage poil par poil correspond aux personnes qui souhaitent obtenir une ligne de sourcil discr\u00e8te et un rendu plut\u00f4t doux. Il offre un effet r\u00e9aliste et a\u00e9r\u00e9. La peau appara\u00eet entre chaque poil dessin\u00e9. Il donne l&#8217;impression d&#8217;un contour naturellement irr\u00e9gulier. Le maquillage permanent est une pigmentation de la peau r\u00e9alis\u00e9e avec l\u2019aide d\u2019un &hellip;","og_url":"https:\/\/publissoft.dev\/spasante\/produit\/maquillage-permanent-sourcils-3d-effet-poil-par-poil\/","og_site_name":"Spa Sant\u00e9 Le N\u00e9nuphar","article_publisher":"https:\/\/www.facebook.com\/SpaSanteLeNenuphar","article_modified_time":"2024-02-23T16:06:10+00:00","og_image":[{"width":940,"height":788,"url":"https:\/\/publissoft.dev\/spasante\/wp-content\/uploads\/2022\/04\/Maquillage-permanent.jpg","type":"image\/jpeg"}],"twitter_card":"summary_large_image","twitter_misc":{"Estimation du temps de lecture":"3 minutes"},"schema":{"@context":"https:\/\/schema.org","@graph":[{"@type":"WebPage","@id":"https:\/\/publissoft.dev\/spasante\/produit\/maquillage-permanent-sourcils-3d-effet-poil-par-poil\/","url":"https:\/\/publissoft.dev\/spasante\/produit\/maquillage-permanent-sourcils-3d-effet-poil-par-poil\/","name":"Maquillage Permanent - Sourcils 3D (effet Poil par Poil) - Spa Sant\u00e9 Le N\u00e9nuphar","isPartOf":{"@id":"https:\/\/publissoft.dev\/spasante\/#website"},"primaryImageOfPage":{"@id":"https:\/\/publissoft.dev\/spasante\/produit\/maquillage-permanent-sourcils-3d-effet-poil-par-poil\/#primaryimage"},"image":{"@id":"https:\/\/publissoft.dev\/spasante\/produit\/maquillage-permanent-sourcils-3d-effet-poil-par-poil\/#primaryimage"},"thumbnailUrl":"https:\/\/publissoft.dev\/spasante\/wp-content\/uploads\/2022\/04\/Maquillage-permanent.jpg","datePublished":"2022-04-25T16:51:51+00:00","dateModified":"2024-02-23T16:06:10+00:00","breadcrumb":{"@id":"https:\/\/publissoft.dev\/spasante\/produit\/maquillage-permanent-sourcils-3d-effet-poil-par-poil\/#breadcrumb"},"inLanguage":"fr-CA","potentialAction":[{"@type":"ReadAction","target":["https:\/\/publissoft.dev\/spasante\/produit\/maquillage-permanent-sourcils-3d-effet-poil-par-poil\/"]}]},{"@type":"ImageObject","inLanguage":"fr-CA","@id":"https:\/\/publissoft.dev\/spasante\/produit\/maquillage-permanent-sourcils-3d-effet-poil-par-poil\/#primaryimage","url":"https:\/\/publissoft.dev\/spasante\/wp-content\/uploads\/2022\/04\/Maquillage-permanent.jpg","contentUrl":"https:\/\/publissoft.dev\/spasante\/wp-content\/uploads\/2022\/04\/Maquillage-permanent.jpg","width":940,"height":788,"caption":"MAQUILLAGE PERMANENT"},{"@type":"BreadcrumbList","@id":"https:\/\/publissoft.dev\/spasante\/produit\/maquillage-permanent-sourcils-3d-effet-poil-par-poil\/#breadcrumb","itemListElement":[{"@type":"ListItem","position":1,"name":"Accueil","item":"https:\/\/publissoft.dev\/spasante\/"},{"@type":"ListItem","position":2,"name":"Boutique","item":"https:\/\/publissoft.dev\/spasante\/boutique\/"},{"@type":"ListItem","position":3,"name":"Maquillage Permanent &#8211; Sourcils 3D (effet Poil par Poil)"}]},{"@type":"WebSite","@id":"https:\/\/publissoft.dev\/spasante\/#website","url":"https:\/\/publissoft.dev\/spasante\/","name":"Spa Sant\u00e9 Le N\u00e9nuphar","description":"","publisher":{"@id":"https:\/\/publissoft.dev\/spasante\/#organization"},"potentialAction":[{"@type":"SearchAction","target":{"@type":"EntryPoint","urlTemplate":"https:\/\/publissoft.dev\/spasante\/?s={search_term_string}"},"query-input":"required name=search_term_string"}],"inLanguage":"fr-CA"},{"@type":"Organization","@id":"https:\/\/publissoft.dev\/spasante\/#organization","name":"Spa Sant\u00e9 Le N\u00e9nuphar","url":"https:\/\/publissoft.dev\/spasante\/","logo":{"@type":"ImageObject","inLanguage":"fr-CA","@id":"https:\/\/publissoft.dev\/spasante\/#\/schema\/logo\/image\/","url":"https:\/\/publissoft.dev\/spasante\/wp-content\/uploads\/2022\/11\/logo-jpg.jpeg","contentUrl":"https:\/\/publissoft.dev\/spasante\/wp-content\/uploads\/2022\/11\/logo-jpg.jpeg","width":900,"height":900,"caption":"Spa Sant\u00e9 Le N\u00e9nuphar"},"image":{"@id":"https:\/\/publissoft.dev\/spasante\/#\/schema\/logo\/image\/"},"sameAs":["https:\/\/www.facebook.com\/SpaSanteLeNenuphar","https:\/\/www.instagram.com\/spasantelenenuphar\/?hl=fr"]}]}},"_links":{"self":[{"href":"https:\/\/publissoft.dev\/spasante\/wp-json\/wp\/v2\/product\/2703","targetHints":{"allow":["GET"]}}],"collection":[{"href":"https:\/\/publissoft.dev\/spasante\/wp-json\/wp\/v2\/product"}],"about":[{"href":"https:\/\/publissoft.dev\/spasante\/wp-json\/wp\/v2\/types\/product"}],"wp:featuredmedia":[{"embeddable":true,"href":"https:\/\/publissoft.dev\/spasante\/wp-json\/wp\/v2\/media\/3396"}],"wp:attachment":[{"href":"https:\/\/publissoft.dev\/spasante\/wp-json\/wp\/v2\/media?parent=2703"}],"wp:term":[{"taxonomy":"product_cat","embeddable":true,"href":"https:\/\/publissoft.dev\/spasante\/wp-json\/wp\/v2\/product_cat?post=2703"},{"taxonomy":"product_tag","embeddable":true,"href":"https:\/\/publissoft.dev\/spasante\/wp-json\/wp\/v2\/product_tag?post=2703"},{"taxonomy":"giftcard-category","embeddable":true,"href":"https:\/\/publissoft.dev\/spasante\/wp-json\/wp\/v2\/giftcard-category?post=2703"}],"curies":[{"name":"wp","href":"https:\/\/api.w.org\/{rel}","templated":true}]}}