{"id":2714,"date":"2022-04-26T09:29:33","date_gmt":"2022-04-26T13:29:33","guid":{"rendered":"https:\/\/publissoft.dev\/spasante\/?post_type=product&#038;p=2714"},"modified":"2024-03-04T11:26:23","modified_gmt":"2024-03-04T16:26:23","slug":"microneedling-soin-corps","status":"publish","type":"product","link":"https:\/\/publissoft.dev\/spasante\/produit\/microneedling-soin-corps\/","title":{"rendered":"Microneedling DP4- Soin Corps"},"content":{"rendered":"<p>\u00c0 Le microneedling est une technologie qui cr\u00e9e, \u00e0 l\u2019aide d\u2019un embout \u00e0 usage unique muni de tr\u00e8s fines aiguilles st\u00e9riles, des microperforations \u00e0 diff\u00e9rentes profondeurs selon la zone trait\u00e9e \u2013 en dixi\u00e8mes de millim\u00e8tres \u2013 de mani\u00e8re contr\u00f4l\u00e9e et pr\u00e9cise. Ceci enclenche le processus naturel de r\u00e9g\u00e9n\u00e9ration de la peau et stimule la production de collag\u00e8ne et d\u2019\u00e9lastine, tout en permettant une meilleure perm\u00e9abilit\u00e9 de la peau aux s\u00e9rums professionnels utilis\u00e9s apr\u00e8s le traitement.<\/p>\n<p>\u00c0 partir de 160$ selon la zone.<\/p>\n","protected":false},"excerpt":{"rendered":"<p>\u00c0 Le microneedling est une technologie qui cr\u00e9e, \u00e0 l\u2019aide d\u2019un embout \u00e0 usage unique muni de tr\u00e8s fines aiguilles st\u00e9riles, des microperforations \u00e0 diff\u00e9rentes profondeurs selon la zone trait\u00e9e \u2013 en dixi\u00e8mes de millim\u00e8tres \u2013 de mani\u00e8re contr\u00f4l\u00e9e et pr\u00e9cise. Ceci enclenche le processus naturel de r\u00e9g\u00e9n\u00e9ration de la peau et stimule la production &hellip;<\/p>\n","protected":false},"featured_media":7450,"template":"","meta":{"_acf_changed":false,"_genesis_hide_title":false,"_genesis_hide_breadcrumbs":false,"_genesis_hide_singular_image":false,"_genesis_hide_footer_widgets":false,"_genesis_custom_body_class":"","_genesis_custom_post_class":"","_genesis_layout":""},"product_cat":[53,43,58,70],"product_tag":[],"giftcard-category":[],"class_list":{"0":"post-2714","1":"product","2":"type-product","3":"status-publish","4":"has-post-thumbnail","6":"product_cat-gift-card","7":"product_cat-soins","8":"product_cat-microneedling","9":"product_cat-soins-corporels-2","10":"entry","12":"first","13":"instock","14":"virtual","15":"taxable","16":"purchasable","17":"product-type-simple"},"acf":[],"yoast_head":"<!-- This site is optimized with the Yoast SEO plugin v22.5 - https:\/\/yoast.com\/wordpress\/plugins\/seo\/ -->\n<title>Microneedling DP4- Soin Corps - Spa Sant\u00e9 Le N\u00e9nuphar<\/title>\n<meta name=\"description\" content=\"Le microneedling est une technologie qui cr\u00e9e, \u00e0 l\u2019aide d\u2019un embout \u00e0 usage unique muni de tr\u00e8s fines aiguilles st\u00e9riles, des microperforations \u00e0 diff\u00e9rentes profondeurs selon la zone trait\u00e9e \u2013 en dixi\u00e8mes de millim\u00e8tres \u2013 de mani\u00e8re contr\u00f4l\u00e9e et pr\u00e9cise. Ceci enclenche le processus naturel de r\u00e9g\u00e9n\u00e9ration de la peau et stimule la production de collag\u00e8ne et d\u2019\u00e9lastine, tout en permettant une meilleure perm\u00e9abilit\u00e9 de la peau aux s\u00e9rums professionnels utilis\u00e9s apr\u00e8s le traitement.\" \/>\n<meta name=\"robots\" content=\"noindex, follow, max-snippet:-1, max-image-preview:large, max-video-preview:-1\" \/>\n<meta property=\"og:locale\" content=\"fr_CA\" \/>\n<meta property=\"og:type\" content=\"article\" \/>\n<meta property=\"og:title\" content=\"Microneedling DP4- Soin Corps - Spa Sant\u00e9 Le N\u00e9nuphar\" \/>\n<meta property=\"og:description\" content=\"Le microneedling est une technologie qui cr\u00e9e, \u00e0 l\u2019aide d\u2019un embout \u00e0 usage unique muni de tr\u00e8s fines aiguilles st\u00e9riles, des microperforations \u00e0 diff\u00e9rentes profondeurs selon la zone trait\u00e9e \u2013 en dixi\u00e8mes de millim\u00e8tres \u2013 de mani\u00e8re contr\u00f4l\u00e9e et pr\u00e9cise. Ceci enclenche le processus naturel de r\u00e9g\u00e9n\u00e9ration de la peau et stimule la production de collag\u00e8ne et d\u2019\u00e9lastine, tout en permettant une meilleure perm\u00e9abilit\u00e9 de la peau aux s\u00e9rums professionnels utilis\u00e9s apr\u00e8s le traitement.\" \/>\n<meta property=\"og:url\" content=\"https:\/\/publissoft.dev\/spasante\/produit\/microneedling-soin-corps\/\" \/>\n<meta property=\"og:site_name\" content=\"Spa Sant\u00e9 Le N\u00e9nuphar\" \/>\n<meta property=\"article:publisher\" content=\"https:\/\/www.facebook.com\/SpaSanteLeNenuphar\" \/>\n<meta property=\"article:modified_time\" content=\"2024-03-04T16:26:23+00:00\" \/>\n<meta property=\"og:image\" content=\"https:\/\/publissoft.dev\/spasante\/wp-content\/uploads\/2024\/03\/IMG_0019.jpeg\" \/>\n\t<meta property=\"og:image:width\" content=\"1536\" \/>\n\t<meta property=\"og:image:height\" content=\"2048\" \/>\n\t<meta property=\"og:image:type\" content=\"image\/jpeg\" \/>\n<meta name=\"twitter:card\" content=\"summary_large_image\" \/>\n<meta name=\"twitter:label1\" content=\"Estimation du temps de lecture\" \/>\n\t<meta name=\"twitter:data1\" content=\"1 minute\" \/>\n<script type=\"application\/ld+json\" class=\"yoast-schema-graph\">{\"@context\":\"https:\/\/schema.org\",\"@graph\":[{\"@type\":\"WebPage\",\"@id\":\"https:\/\/publissoft.dev\/spasante\/produit\/microneedling-soin-corps\/\",\"url\":\"https:\/\/publissoft.dev\/spasante\/produit\/microneedling-soin-corps\/\",\"name\":\"Microneedling DP4- Soin Corps - Spa Sant\u00e9 Le N\u00e9nuphar\",\"isPartOf\":{\"@id\":\"https:\/\/publissoft.dev\/spasante\/#website\"},\"primaryImageOfPage\":{\"@id\":\"https:\/\/publissoft.dev\/spasante\/produit\/microneedling-soin-corps\/#primaryimage\"},\"image\":{\"@id\":\"https:\/\/publissoft.dev\/spasante\/produit\/microneedling-soin-corps\/#primaryimage\"},\"thumbnailUrl\":\"https:\/\/publissoft.dev\/spasante\/wp-content\/uploads\/2024\/03\/IMG_0019.jpeg\",\"datePublished\":\"2022-04-26T13:29:33+00:00\",\"dateModified\":\"2024-03-04T16:26:23+00:00\",\"description\":\"Le microneedling est une technologie qui cr\u00e9e, \u00e0 l\u2019aide d\u2019un embout \u00e0 usage unique muni de tr\u00e8s fines aiguilles st\u00e9riles, des microperforations \u00e0 diff\u00e9rentes profondeurs selon la zone trait\u00e9e \u2013 en dixi\u00e8mes de millim\u00e8tres \u2013 de mani\u00e8re contr\u00f4l\u00e9e et pr\u00e9cise. Ceci enclenche le processus naturel de r\u00e9g\u00e9n\u00e9ration de la peau et stimule la production de collag\u00e8ne et d\u2019\u00e9lastine, tout en permettant une meilleure perm\u00e9abilit\u00e9 de la peau aux s\u00e9rums professionnels utilis\u00e9s apr\u00e8s le traitement.\",\"breadcrumb\":{\"@id\":\"https:\/\/publissoft.dev\/spasante\/produit\/microneedling-soin-corps\/#breadcrumb\"},\"inLanguage\":\"fr-CA\",\"potentialAction\":[{\"@type\":\"ReadAction\",\"target\":[\"https:\/\/publissoft.dev\/spasante\/produit\/microneedling-soin-corps\/\"]}]},{\"@type\":\"ImageObject\",\"inLanguage\":\"fr-CA\",\"@id\":\"https:\/\/publissoft.dev\/spasante\/produit\/microneedling-soin-corps\/#primaryimage\",\"url\":\"https:\/\/publissoft.dev\/spasante\/wp-content\/uploads\/2024\/03\/IMG_0019.jpeg\",\"contentUrl\":\"https:\/\/publissoft.dev\/spasante\/wp-content\/uploads\/2024\/03\/IMG_0019.jpeg\",\"width\":1536,\"height\":2048},{\"@type\":\"BreadcrumbList\",\"@id\":\"https:\/\/publissoft.dev\/spasante\/produit\/microneedling-soin-corps\/#breadcrumb\",\"itemListElement\":[{\"@type\":\"ListItem\",\"position\":1,\"name\":\"Accueil\",\"item\":\"https:\/\/publissoft.dev\/spasante\/\"},{\"@type\":\"ListItem\",\"position\":2,\"name\":\"Boutique\",\"item\":\"https:\/\/publissoft.dev\/spasante\/boutique\/\"},{\"@type\":\"ListItem\",\"position\":3,\"name\":\"Microneedling DP4- Soin Corps\"}]},{\"@type\":\"WebSite\",\"@id\":\"https:\/\/publissoft.dev\/spasante\/#website\",\"url\":\"https:\/\/publissoft.dev\/spasante\/\",\"name\":\"Spa Sant\u00e9 Le N\u00e9nuphar\",\"description\":\"\",\"publisher\":{\"@id\":\"https:\/\/publissoft.dev\/spasante\/#organization\"},\"potentialAction\":[{\"@type\":\"SearchAction\",\"target\":{\"@type\":\"EntryPoint\",\"urlTemplate\":\"https:\/\/publissoft.dev\/spasante\/?s={search_term_string}\"},\"query-input\":\"required name=search_term_string\"}],\"inLanguage\":\"fr-CA\"},{\"@type\":\"Organization\",\"@id\":\"https:\/\/publissoft.dev\/spasante\/#organization\",\"name\":\"Spa Sant\u00e9 Le N\u00e9nuphar\",\"url\":\"https:\/\/publissoft.dev\/spasante\/\",\"logo\":{\"@type\":\"ImageObject\",\"inLanguage\":\"fr-CA\",\"@id\":\"https:\/\/publissoft.dev\/spasante\/#\/schema\/logo\/image\/\",\"url\":\"https:\/\/publissoft.dev\/spasante\/wp-content\/uploads\/2022\/11\/logo-jpg.jpeg\",\"contentUrl\":\"https:\/\/publissoft.dev\/spasante\/wp-content\/uploads\/2022\/11\/logo-jpg.jpeg\",\"width\":900,\"height\":900,\"caption\":\"Spa Sant\u00e9 Le N\u00e9nuphar\"},\"image\":{\"@id\":\"https:\/\/publissoft.dev\/spasante\/#\/schema\/logo\/image\/\"},\"sameAs\":[\"https:\/\/www.facebook.com\/SpaSanteLeNenuphar\",\"https:\/\/www.instagram.com\/spasantelenenuphar\/?hl=fr\"]}]}<\/script>\n<!-- \/ Yoast SEO plugin. -->","yoast_head_json":{"title":"Microneedling DP4- Soin Corps - Spa Sant\u00e9 Le N\u00e9nuphar","description":"Le microneedling est une technologie qui cr\u00e9e, \u00e0 l\u2019aide d\u2019un embout \u00e0 usage unique muni de tr\u00e8s fines aiguilles st\u00e9riles, des microperforations \u00e0 diff\u00e9rentes profondeurs selon la zone trait\u00e9e \u2013 en dixi\u00e8mes de millim\u00e8tres \u2013 de mani\u00e8re contr\u00f4l\u00e9e et pr\u00e9cise. Ceci enclenche le processus naturel de r\u00e9g\u00e9n\u00e9ration de la peau et stimule la production de collag\u00e8ne et d\u2019\u00e9lastine, tout en permettant une meilleure perm\u00e9abilit\u00e9 de la peau aux s\u00e9rums professionnels utilis\u00e9s apr\u00e8s le traitement.","robots":{"index":"noindex","follow":"follow","max-snippet":"max-snippet:-1","max-image-preview":"max-image-preview:large","max-video-preview":"max-video-preview:-1"},"og_locale":"fr_CA","og_type":"article","og_title":"Microneedling DP4- Soin Corps - Spa Sant\u00e9 Le N\u00e9nuphar","og_description":"Le microneedling est une technologie qui cr\u00e9e, \u00e0 l\u2019aide d\u2019un embout \u00e0 usage unique muni de tr\u00e8s fines aiguilles st\u00e9riles, des microperforations \u00e0 diff\u00e9rentes profondeurs selon la zone trait\u00e9e \u2013 en dixi\u00e8mes de millim\u00e8tres \u2013 de mani\u00e8re contr\u00f4l\u00e9e et pr\u00e9cise. Ceci enclenche le processus naturel de r\u00e9g\u00e9n\u00e9ration de la peau et stimule la production de collag\u00e8ne et d\u2019\u00e9lastine, tout en permettant une meilleure perm\u00e9abilit\u00e9 de la peau aux s\u00e9rums professionnels utilis\u00e9s apr\u00e8s le traitement.","og_url":"https:\/\/publissoft.dev\/spasante\/produit\/microneedling-soin-corps\/","og_site_name":"Spa Sant\u00e9 Le N\u00e9nuphar","article_publisher":"https:\/\/www.facebook.com\/SpaSanteLeNenuphar","article_modified_time":"2024-03-04T16:26:23+00:00","og_image":[{"width":1536,"height":2048,"url":"https:\/\/publissoft.dev\/spasante\/wp-content\/uploads\/2024\/03\/IMG_0019.jpeg","type":"image\/jpeg"}],"twitter_card":"summary_large_image","twitter_misc":{"Estimation du temps de lecture":"1 minute"},"schema":{"@context":"https:\/\/schema.org","@graph":[{"@type":"WebPage","@id":"https:\/\/publissoft.dev\/spasante\/produit\/microneedling-soin-corps\/","url":"https:\/\/publissoft.dev\/spasante\/produit\/microneedling-soin-corps\/","name":"Microneedling DP4- Soin Corps - Spa Sant\u00e9 Le N\u00e9nuphar","isPartOf":{"@id":"https:\/\/publissoft.dev\/spasante\/#website"},"primaryImageOfPage":{"@id":"https:\/\/publissoft.dev\/spasante\/produit\/microneedling-soin-corps\/#primaryimage"},"image":{"@id":"https:\/\/publissoft.dev\/spasante\/produit\/microneedling-soin-corps\/#primaryimage"},"thumbnailUrl":"https:\/\/publissoft.dev\/spasante\/wp-content\/uploads\/2024\/03\/IMG_0019.jpeg","datePublished":"2022-04-26T13:29:33+00:00","dateModified":"2024-03-04T16:26:23+00:00","description":"Le microneedling est une technologie qui cr\u00e9e, \u00e0 l\u2019aide d\u2019un embout \u00e0 usage unique muni de tr\u00e8s fines aiguilles st\u00e9riles, des microperforations \u00e0 diff\u00e9rentes profondeurs selon la zone trait\u00e9e \u2013 en dixi\u00e8mes de millim\u00e8tres \u2013 de mani\u00e8re contr\u00f4l\u00e9e et pr\u00e9cise. Ceci enclenche le processus naturel de r\u00e9g\u00e9n\u00e9ration de la peau et stimule la production de collag\u00e8ne et d\u2019\u00e9lastine, tout en permettant une meilleure perm\u00e9abilit\u00e9 de la peau aux s\u00e9rums professionnels utilis\u00e9s apr\u00e8s le traitement.","breadcrumb":{"@id":"https:\/\/publissoft.dev\/spasante\/produit\/microneedling-soin-corps\/#breadcrumb"},"inLanguage":"fr-CA","potentialAction":[{"@type":"ReadAction","target":["https:\/\/publissoft.dev\/spasante\/produit\/microneedling-soin-corps\/"]}]},{"@type":"ImageObject","inLanguage":"fr-CA","@id":"https:\/\/publissoft.dev\/spasante\/produit\/microneedling-soin-corps\/#primaryimage","url":"https:\/\/publissoft.dev\/spasante\/wp-content\/uploads\/2024\/03\/IMG_0019.jpeg","contentUrl":"https:\/\/publissoft.dev\/spasante\/wp-content\/uploads\/2024\/03\/IMG_0019.jpeg","width":1536,"height":2048},{"@type":"BreadcrumbList","@id":"https:\/\/publissoft.dev\/spasante\/produit\/microneedling-soin-corps\/#breadcrumb","itemListElement":[{"@type":"ListItem","position":1,"name":"Accueil","item":"https:\/\/publissoft.dev\/spasante\/"},{"@type":"ListItem","position":2,"name":"Boutique","item":"https:\/\/publissoft.dev\/spasante\/boutique\/"},{"@type":"ListItem","position":3,"name":"Microneedling DP4- Soin Corps"}]},{"@type":"WebSite","@id":"https:\/\/publissoft.dev\/spasante\/#website","url":"https:\/\/publissoft.dev\/spasante\/","name":"Spa Sant\u00e9 Le N\u00e9nuphar","description":"","publisher":{"@id":"https:\/\/publissoft.dev\/spasante\/#organization"},"potentialAction":[{"@type":"SearchAction","target":{"@type":"EntryPoint","urlTemplate":"https:\/\/publissoft.dev\/spasante\/?s={search_term_string}"},"query-input":"required name=search_term_string"}],"inLanguage":"fr-CA"},{"@type":"Organization","@id":"https:\/\/publissoft.dev\/spasante\/#organization","name":"Spa Sant\u00e9 Le N\u00e9nuphar","url":"https:\/\/publissoft.dev\/spasante\/","logo":{"@type":"ImageObject","inLanguage":"fr-CA","@id":"https:\/\/publissoft.dev\/spasante\/#\/schema\/logo\/image\/","url":"https:\/\/publissoft.dev\/spasante\/wp-content\/uploads\/2022\/11\/logo-jpg.jpeg","contentUrl":"https:\/\/publissoft.dev\/spasante\/wp-content\/uploads\/2022\/11\/logo-jpg.jpeg","width":900,"height":900,"caption":"Spa Sant\u00e9 Le N\u00e9nuphar"},"image":{"@id":"https:\/\/publissoft.dev\/spasante\/#\/schema\/logo\/image\/"},"sameAs":["https:\/\/www.facebook.com\/SpaSanteLeNenuphar","https:\/\/www.instagram.com\/spasantelenenuphar\/?hl=fr"]}]}},"_links":{"self":[{"href":"https:\/\/publissoft.dev\/spasante\/wp-json\/wp\/v2\/product\/2714","targetHints":{"allow":["GET"]}}],"collection":[{"href":"https:\/\/publissoft.dev\/spasante\/wp-json\/wp\/v2\/product"}],"about":[{"href":"https:\/\/publissoft.dev\/spasante\/wp-json\/wp\/v2\/types\/product"}],"wp:featuredmedia":[{"embeddable":true,"href":"https:\/\/publissoft.dev\/spasante\/wp-json\/wp\/v2\/media\/7450"}],"wp:attachment":[{"href":"https:\/\/publissoft.dev\/spasante\/wp-json\/wp\/v2\/media?parent=2714"}],"wp:term":[{"taxonomy":"product_cat","embeddable":true,"href":"https:\/\/publissoft.dev\/spasante\/wp-json\/wp\/v2\/product_cat?post=2714"},{"taxonomy":"product_tag","embeddable":true,"href":"https:\/\/publissoft.dev\/spasante\/wp-json\/wp\/v2\/product_tag?post=2714"},{"taxonomy":"giftcard-category","embeddable":true,"href":"https:\/\/publissoft.dev\/spasante\/wp-json\/wp\/v2\/giftcard-category?post=2714"}],"curies":[{"name":"wp","href":"https:\/\/api.w.org\/{rel}","templated":true}]}}