{"id":272,"date":"2022-01-27T14:34:01","date_gmt":"2022-01-27T19:34:01","guid":{"rendered":"https:\/\/publissoft.dev\/spasante\/produit\/creme-anti-cellulite\/"},"modified":"2022-04-08T11:51:15","modified_gmt":"2022-04-08T15:51:15","slug":"creme-anti-cellulite-spa-sante-le-nenuphar","status":"publish","type":"product","link":"https:\/\/publissoft.dev\/spasante\/produit\/creme-anti-cellulite-spa-sante-le-nenuphar\/","title":{"rendered":"Aquafolia &#8211; Cr\u00e8me Anti-Cellulite"},"content":{"rendered":"<div data-mce-fragment=\"1\">\n<h2 data-mce-fragment=\"1\"><strong data-mce-fragment=\"1\">Cr\u00e8me Anti-Cellulite 190 ml<\/strong><\/h2>\n<p data-mce-fragment=\"1\"><br data-mce-fragment=\"1\"><\/p>\n<\/div>\n<div data-mce-fragment=\"1\">\n<div data-mce-fragment=\"1\">\n<p data-mce-fragment=\"1\">R\u00e9duit l\u2019aspect de la cellulite. Sculptante, hydratante<span data-mce-fragment=\"1\">\u2756<\/span>, raffermissante et \u00e9nergisante sensorielle. Pour tous types de cellulite<\/p>\n<\/div>\n<\/div>\n<div data-mce-fragment=\"1\">\n<p data-mce-fragment=\"1\"><span data-mce-fragment=\"1\">Types de peaux<\/span><\/p>\n<p data-mce-fragment=\"1\"><br data-mce-fragment=\"1\"><\/p>\n<div data-mce-fragment=\"1\">Tous types de cellulite<\/div>\n<\/div>\n<div data-mce-fragment=\"1\">\n<span data-mce-fragment=\"1\">Description<\/span><\/p>\n<div data-mce-fragment=\"1\">\n<p data-mce-fragment=\"1\">Cr\u00e8me Anti-Cellulite<span data-mce-fragment=\"1\">\u2020<\/span>\u00a0aux effets sensoriels \u00e9nergisants. Sculptante, hydratante<span data-mce-fragment=\"1\">\u2756<\/span>\u00a0et raffermissante elle redonne douceur et confort \u00e0 la peau. Sa formulation contenant de la caf\u00e9ine, du gingembre amer, de la coenzyme A (biotech) et un extrait d\u2019e<em data-mce-fragment=\"1\">uglena gracilis<\/em>\u00a0(biotechnologie),revitalise et apporte des r\u00e9sultats sur l\u2019aspect de la cellulite. Son odeur de cannelle est enivrante et revigorante.<\/p>\n<p data-mce-fragment=\"1\"><br data-mce-fragment=\"1\"><\/p>\n<\/div>\n<\/div>\n<div data-mce-fragment=\"1\">\n<span data-mce-fragment=\"1\">Caract\u00e9ristiques et fonctions du produit<\/span><\/p>\n<div data-mce-fragment=\"1\">\n<ul data-mce-fragment=\"1\">\n<li data-mce-fragment=\"1\">Offert en tube<\/li>\n<li data-mce-fragment=\"1\">\u00c9mulsion filmog\u00e8ne pour un effet patch<\/li>\n<li data-mce-fragment=\"1\">Redonne douceur \u00e0 la peau<\/li>\n<li data-mce-fragment=\"1\">Sculptante et raffermissante<\/li>\n<li data-mce-fragment=\"1\">Effet sensoriel stimulant\u00a0<\/li>\n<li data-mce-fragment=\"1\">Hydratant<span data-mce-fragment=\"1\">\u2756<\/span>\u00a0exceptionnel<\/li>\n<li data-mce-fragment=\"1\">Bien-\u00eatre et diminution de la sensation de lourdeur des jambes<\/li>\n<li data-mce-fragment=\"1\">Redonne souplesse<\/li>\n<li data-mce-fragment=\"1\">R\u00e9duit l\u2019aspect de la cellulite<\/li>\n<li data-mce-fragment=\"1\">Odeur de cannelle enivrante<\/li>\n<li data-mce-fragment=\"1\"><br data-mce-fragment=\"1\"><\/li>\n<\/ul>\n<\/div>\n<\/div>\n<div data-mce-fragment=\"1\">\n<span data-mce-fragment=\"1\">Mode d&#8217;emploi<\/span><\/p>\n<div data-mce-fragment=\"1\">\n<p data-mce-fragment=\"1\">Appliquer sur les r\u00e9gions \u00e0 traiter matin et soir.<\/p>\n<p data-mce-fragment=\"1\"><br data-mce-fragment=\"1\"><\/p>\n<p data-mce-fragment=\"1\"><br data-mce-fragment=\"1\"><\/p>\n<\/div>\n<\/div>\n<div data-mce-fragment=\"1\">\n<span data-mce-fragment=\"1\">Ingr\u00e9dients choisis<\/span><\/p>\n<div data-mce-fragment=\"1\">\n<p data-mce-fragment=\"1\"><em data-mce-fragment=\"1\">(Information \u00e9ducative selon des \u00e9tudes in-vitro et\/ou in-vivo et\/ou ex-vivo des ingr\u00e9dients qui ne repr\u00e9sente pas les fonctions du produit)<\/em><\/p>\n<ul data-mce-fragment=\"1\">\n<li data-mce-fragment=\"1\">Diminue la r\u00e9tention d\u2019eau, agit sur la microcirculation (gingembre amer)<\/li>\n<li data-mce-fragment=\"1\">\u00c9nergiseur cellulaire et lipolytique (coenzyme A \u2013 biotechnologie, combin\u00e9e \u00e0 de la caf\u00e9ine)<\/li>\n<li data-mce-fragment=\"1\">Apporte des r\u00e9sultats sur l\u2019aspect de la cellulite (extrait d\u2019Euglena gracilis<em data-mce-fragment=\"1\">\u00a0<\/em>et de pavot jaune des sables \u2013 biotech)<\/li>\n<li data-mce-fragment=\"1\">Stimulant et revigorant (extrait de cannelle)<\/li>\n<li data-mce-fragment=\"1\">Redonne souplesse et confort \u00e0 la peau (l\u00e9cithine)<\/li>\n<\/ul>\n<p data-mce-fragment=\"1\"><span data-mce-fragment=\"1\"><em data-mce-fragment=\"1\">\u2756\u00a0Des couches superficielles de l\u2019\u00e9piderme<\/em><\/span><br data-mce-fragment=\"1\"><span data-mce-fragment=\"1\"><em data-mce-fragment=\"1\">\u2020 En termes d\u2019apparence et\/ou de sensation<\/em><\/span><\/p>\n<\/div>\n<\/div>\n","protected":false},"excerpt":{"rendered":"<p>Cr\u00e8me Anti-Cellulite 190 ml R\u00e9duit l\u2019aspect de la cellulite. Sculptante, hydratante\u2756, raffermissante et \u00e9nergisante sensorielle. Pour tous types de cellulite Types de peaux Tous types de cellulite Description Cr\u00e8me Anti-Cellulite\u2020\u00a0aux effets sensoriels \u00e9nergisants. Sculptante, hydratante\u2756\u00a0et raffermissante elle redonne douceur et confort \u00e0 la peau. Sa formulation contenant de la caf\u00e9ine, du gingembre amer, de la &hellip;<\/p>\n","protected":false},"featured_media":302,"template":"","meta":{"_acf_changed":false,"_genesis_hide_title":false,"_genesis_hide_breadcrumbs":false,"_genesis_hide_singular_image":false,"_genesis_hide_footer_widgets":false,"_genesis_custom_body_class":"","_genesis_custom_post_class":"","_genesis_layout":""},"product_cat":[53,37,18,46],"product_tag":[],"giftcard-category":[],"class_list":{"0":"post-272","1":"product","2":"type-product","3":"status-publish","4":"has-post-thumbnail","6":"product_cat-gift-card","7":"product_cat-produits","8":"product_cat-aquafolia","9":"product_cat-tous","10":"entry","12":"first","13":"instock","14":"taxable","15":"shipping-taxable","16":"purchasable","17":"product-type-simple"},"acf":[],"yoast_head":"<!-- This site is optimized with the Yoast SEO plugin v22.5 - https:\/\/yoast.com\/wordpress\/plugins\/seo\/ -->\n<title>Aquafolia - Cr\u00e8me Anti-Cellulite - Spa Sant\u00e9 Le N\u00e9nuphar<\/title>\n<meta name=\"description\" content=\"Cr\u00e8me Anti-Cellulite - R\u00e9duit l&#039;apparence de la cellulite. Sculpte, hydrate, raffermit et dynamise sensoriellement. Pour en savoir plus, visitez notre site.\" \/>\n<meta name=\"robots\" content=\"noindex, follow, max-snippet:-1, max-image-preview:large, max-video-preview:-1\" \/>\n<meta property=\"og:locale\" content=\"fr_CA\" \/>\n<meta property=\"og:type\" content=\"article\" \/>\n<meta property=\"og:title\" content=\"Aquafolia - Cr\u00e8me Anti-Cellulite - Spa Sant\u00e9 Le N\u00e9nuphar\" \/>\n<meta property=\"og:description\" content=\"Cr\u00e8me Anti-Cellulite - R\u00e9duit l&#039;apparence de la cellulite. Sculpte, hydrate, raffermit et dynamise sensoriellement. Pour en savoir plus, visitez notre site.\" \/>\n<meta property=\"og:url\" content=\"https:\/\/publissoft.dev\/spasante\/produit\/creme-anti-cellulite-spa-sante-le-nenuphar\/\" \/>\n<meta property=\"og:site_name\" content=\"Spa Sant\u00e9 Le N\u00e9nuphar\" \/>\n<meta property=\"article:publisher\" content=\"https:\/\/www.facebook.com\/SpaSanteLeNenuphar\" \/>\n<meta property=\"article:modified_time\" content=\"2022-04-08T15:51:15+00:00\" \/>\n<meta property=\"og:image\" content=\"https:\/\/publissoft.dev\/spasante\/wp-content\/uploads\/2022\/01\/SpaSanteLeNenuphar_Creme_Cellulite_190ml-scaled.jpg\" \/>\n\t<meta property=\"og:image:width\" content=\"1501\" \/>\n\t<meta property=\"og:image:height\" content=\"2560\" \/>\n\t<meta property=\"og:image:type\" content=\"image\/jpeg\" \/>\n<meta name=\"twitter:card\" content=\"summary_large_image\" \/>\n<meta name=\"twitter:label1\" content=\"Estimation du temps de lecture\" \/>\n\t<meta name=\"twitter:data1\" content=\"1 minute\" \/>\n<script type=\"application\/ld+json\" class=\"yoast-schema-graph\">{\"@context\":\"https:\/\/schema.org\",\"@graph\":[{\"@type\":\"WebPage\",\"@id\":\"https:\/\/publissoft.dev\/spasante\/produit\/creme-anti-cellulite-spa-sante-le-nenuphar\/\",\"url\":\"https:\/\/publissoft.dev\/spasante\/produit\/creme-anti-cellulite-spa-sante-le-nenuphar\/\",\"name\":\"Aquafolia - Cr\u00e8me Anti-Cellulite - Spa Sant\u00e9 Le N\u00e9nuphar\",\"isPartOf\":{\"@id\":\"https:\/\/publissoft.dev\/spasante\/#website\"},\"primaryImageOfPage\":{\"@id\":\"https:\/\/publissoft.dev\/spasante\/produit\/creme-anti-cellulite-spa-sante-le-nenuphar\/#primaryimage\"},\"image\":{\"@id\":\"https:\/\/publissoft.dev\/spasante\/produit\/creme-anti-cellulite-spa-sante-le-nenuphar\/#primaryimage\"},\"thumbnailUrl\":\"https:\/\/publissoft.dev\/spasante\/wp-content\/uploads\/2022\/01\/SpaSanteLeNenuphar_Creme_Cellulite_190ml-scaled.jpg\",\"datePublished\":\"2022-01-27T19:34:01+00:00\",\"dateModified\":\"2022-04-08T15:51:15+00:00\",\"description\":\"Cr\u00e8me Anti-Cellulite - R\u00e9duit l'apparence de la cellulite. Sculpte, hydrate, raffermit et dynamise sensoriellement. Pour en savoir plus, visitez notre site.\",\"breadcrumb\":{\"@id\":\"https:\/\/publissoft.dev\/spasante\/produit\/creme-anti-cellulite-spa-sante-le-nenuphar\/#breadcrumb\"},\"inLanguage\":\"fr-CA\",\"potentialAction\":[{\"@type\":\"ReadAction\",\"target\":[\"https:\/\/publissoft.dev\/spasante\/produit\/creme-anti-cellulite-spa-sante-le-nenuphar\/\"]}]},{\"@type\":\"ImageObject\",\"inLanguage\":\"fr-CA\",\"@id\":\"https:\/\/publissoft.dev\/spasante\/produit\/creme-anti-cellulite-spa-sante-le-nenuphar\/#primaryimage\",\"url\":\"https:\/\/publissoft.dev\/spasante\/wp-content\/uploads\/2022\/01\/SpaSanteLeNenuphar_Creme_Cellulite_190ml-scaled.jpg\",\"contentUrl\":\"https:\/\/publissoft.dev\/spasante\/wp-content\/uploads\/2022\/01\/SpaSanteLeNenuphar_Creme_Cellulite_190ml-scaled.jpg\",\"width\":1501,\"height\":2560},{\"@type\":\"BreadcrumbList\",\"@id\":\"https:\/\/publissoft.dev\/spasante\/produit\/creme-anti-cellulite-spa-sante-le-nenuphar\/#breadcrumb\",\"itemListElement\":[{\"@type\":\"ListItem\",\"position\":1,\"name\":\"Accueil\",\"item\":\"https:\/\/publissoft.dev\/spasante\/\"},{\"@type\":\"ListItem\",\"position\":2,\"name\":\"Boutique\",\"item\":\"https:\/\/publissoft.dev\/spasante\/boutique\/\"},{\"@type\":\"ListItem\",\"position\":3,\"name\":\"Aquafolia &#8211; Cr\u00e8me Anti-Cellulite\"}]},{\"@type\":\"WebSite\",\"@id\":\"https:\/\/publissoft.dev\/spasante\/#website\",\"url\":\"https:\/\/publissoft.dev\/spasante\/\",\"name\":\"Spa Sant\u00e9 Le N\u00e9nuphar\",\"description\":\"\",\"publisher\":{\"@id\":\"https:\/\/publissoft.dev\/spasante\/#organization\"},\"potentialAction\":[{\"@type\":\"SearchAction\",\"target\":{\"@type\":\"EntryPoint\",\"urlTemplate\":\"https:\/\/publissoft.dev\/spasante\/?s={search_term_string}\"},\"query-input\":\"required name=search_term_string\"}],\"inLanguage\":\"fr-CA\"},{\"@type\":\"Organization\",\"@id\":\"https:\/\/publissoft.dev\/spasante\/#organization\",\"name\":\"Spa Sant\u00e9 Le N\u00e9nuphar\",\"url\":\"https:\/\/publissoft.dev\/spasante\/\",\"logo\":{\"@type\":\"ImageObject\",\"inLanguage\":\"fr-CA\",\"@id\":\"https:\/\/publissoft.dev\/spasante\/#\/schema\/logo\/image\/\",\"url\":\"https:\/\/publissoft.dev\/spasante\/wp-content\/uploads\/2022\/11\/logo-jpg.jpeg\",\"contentUrl\":\"https:\/\/publissoft.dev\/spasante\/wp-content\/uploads\/2022\/11\/logo-jpg.jpeg\",\"width\":900,\"height\":900,\"caption\":\"Spa Sant\u00e9 Le N\u00e9nuphar\"},\"image\":{\"@id\":\"https:\/\/publissoft.dev\/spasante\/#\/schema\/logo\/image\/\"},\"sameAs\":[\"https:\/\/www.facebook.com\/SpaSanteLeNenuphar\",\"https:\/\/www.instagram.com\/spasantelenenuphar\/?hl=fr\"]}]}<\/script>\n<!-- \/ Yoast SEO plugin. -->","yoast_head_json":{"title":"Aquafolia - Cr\u00e8me Anti-Cellulite - Spa Sant\u00e9 Le N\u00e9nuphar","description":"Cr\u00e8me Anti-Cellulite - R\u00e9duit l'apparence de la cellulite. Sculpte, hydrate, raffermit et dynamise sensoriellement. Pour en savoir plus, visitez notre site.","robots":{"index":"noindex","follow":"follow","max-snippet":"max-snippet:-1","max-image-preview":"max-image-preview:large","max-video-preview":"max-video-preview:-1"},"og_locale":"fr_CA","og_type":"article","og_title":"Aquafolia - Cr\u00e8me Anti-Cellulite - Spa Sant\u00e9 Le N\u00e9nuphar","og_description":"Cr\u00e8me Anti-Cellulite - R\u00e9duit l'apparence de la cellulite. Sculpte, hydrate, raffermit et dynamise sensoriellement. Pour en savoir plus, visitez notre site.","og_url":"https:\/\/publissoft.dev\/spasante\/produit\/creme-anti-cellulite-spa-sante-le-nenuphar\/","og_site_name":"Spa Sant\u00e9 Le N\u00e9nuphar","article_publisher":"https:\/\/www.facebook.com\/SpaSanteLeNenuphar","article_modified_time":"2022-04-08T15:51:15+00:00","og_image":[{"width":1501,"height":2560,"url":"https:\/\/publissoft.dev\/spasante\/wp-content\/uploads\/2022\/01\/SpaSanteLeNenuphar_Creme_Cellulite_190ml-scaled.jpg","type":"image\/jpeg"}],"twitter_card":"summary_large_image","twitter_misc":{"Estimation du temps de lecture":"1 minute"},"schema":{"@context":"https:\/\/schema.org","@graph":[{"@type":"WebPage","@id":"https:\/\/publissoft.dev\/spasante\/produit\/creme-anti-cellulite-spa-sante-le-nenuphar\/","url":"https:\/\/publissoft.dev\/spasante\/produit\/creme-anti-cellulite-spa-sante-le-nenuphar\/","name":"Aquafolia - Cr\u00e8me Anti-Cellulite - Spa Sant\u00e9 Le N\u00e9nuphar","isPartOf":{"@id":"https:\/\/publissoft.dev\/spasante\/#website"},"primaryImageOfPage":{"@id":"https:\/\/publissoft.dev\/spasante\/produit\/creme-anti-cellulite-spa-sante-le-nenuphar\/#primaryimage"},"image":{"@id":"https:\/\/publissoft.dev\/spasante\/produit\/creme-anti-cellulite-spa-sante-le-nenuphar\/#primaryimage"},"thumbnailUrl":"https:\/\/publissoft.dev\/spasante\/wp-content\/uploads\/2022\/01\/SpaSanteLeNenuphar_Creme_Cellulite_190ml-scaled.jpg","datePublished":"2022-01-27T19:34:01+00:00","dateModified":"2022-04-08T15:51:15+00:00","description":"Cr\u00e8me Anti-Cellulite - R\u00e9duit l'apparence de la cellulite. Sculpte, hydrate, raffermit et dynamise sensoriellement. Pour en savoir plus, visitez notre site.","breadcrumb":{"@id":"https:\/\/publissoft.dev\/spasante\/produit\/creme-anti-cellulite-spa-sante-le-nenuphar\/#breadcrumb"},"inLanguage":"fr-CA","potentialAction":[{"@type":"ReadAction","target":["https:\/\/publissoft.dev\/spasante\/produit\/creme-anti-cellulite-spa-sante-le-nenuphar\/"]}]},{"@type":"ImageObject","inLanguage":"fr-CA","@id":"https:\/\/publissoft.dev\/spasante\/produit\/creme-anti-cellulite-spa-sante-le-nenuphar\/#primaryimage","url":"https:\/\/publissoft.dev\/spasante\/wp-content\/uploads\/2022\/01\/SpaSanteLeNenuphar_Creme_Cellulite_190ml-scaled.jpg","contentUrl":"https:\/\/publissoft.dev\/spasante\/wp-content\/uploads\/2022\/01\/SpaSanteLeNenuphar_Creme_Cellulite_190ml-scaled.jpg","width":1501,"height":2560},{"@type":"BreadcrumbList","@id":"https:\/\/publissoft.dev\/spasante\/produit\/creme-anti-cellulite-spa-sante-le-nenuphar\/#breadcrumb","itemListElement":[{"@type":"ListItem","position":1,"name":"Accueil","item":"https:\/\/publissoft.dev\/spasante\/"},{"@type":"ListItem","position":2,"name":"Boutique","item":"https:\/\/publissoft.dev\/spasante\/boutique\/"},{"@type":"ListItem","position":3,"name":"Aquafolia &#8211; Cr\u00e8me Anti-Cellulite"}]},{"@type":"WebSite","@id":"https:\/\/publissoft.dev\/spasante\/#website","url":"https:\/\/publissoft.dev\/spasante\/","name":"Spa Sant\u00e9 Le N\u00e9nuphar","description":"","publisher":{"@id":"https:\/\/publissoft.dev\/spasante\/#organization"},"potentialAction":[{"@type":"SearchAction","target":{"@type":"EntryPoint","urlTemplate":"https:\/\/publissoft.dev\/spasante\/?s={search_term_string}"},"query-input":"required name=search_term_string"}],"inLanguage":"fr-CA"},{"@type":"Organization","@id":"https:\/\/publissoft.dev\/spasante\/#organization","name":"Spa Sant\u00e9 Le N\u00e9nuphar","url":"https:\/\/publissoft.dev\/spasante\/","logo":{"@type":"ImageObject","inLanguage":"fr-CA","@id":"https:\/\/publissoft.dev\/spasante\/#\/schema\/logo\/image\/","url":"https:\/\/publissoft.dev\/spasante\/wp-content\/uploads\/2022\/11\/logo-jpg.jpeg","contentUrl":"https:\/\/publissoft.dev\/spasante\/wp-content\/uploads\/2022\/11\/logo-jpg.jpeg","width":900,"height":900,"caption":"Spa Sant\u00e9 Le N\u00e9nuphar"},"image":{"@id":"https:\/\/publissoft.dev\/spasante\/#\/schema\/logo\/image\/"},"sameAs":["https:\/\/www.facebook.com\/SpaSanteLeNenuphar","https:\/\/www.instagram.com\/spasantelenenuphar\/?hl=fr"]}]}},"_links":{"self":[{"href":"https:\/\/publissoft.dev\/spasante\/wp-json\/wp\/v2\/product\/272","targetHints":{"allow":["GET"]}}],"collection":[{"href":"https:\/\/publissoft.dev\/spasante\/wp-json\/wp\/v2\/product"}],"about":[{"href":"https:\/\/publissoft.dev\/spasante\/wp-json\/wp\/v2\/types\/product"}],"wp:featuredmedia":[{"embeddable":true,"href":"https:\/\/publissoft.dev\/spasante\/wp-json\/wp\/v2\/media\/302"}],"wp:attachment":[{"href":"https:\/\/publissoft.dev\/spasante\/wp-json\/wp\/v2\/media?parent=272"}],"wp:term":[{"taxonomy":"product_cat","embeddable":true,"href":"https:\/\/publissoft.dev\/spasante\/wp-json\/wp\/v2\/product_cat?post=272"},{"taxonomy":"product_tag","embeddable":true,"href":"https:\/\/publissoft.dev\/spasante\/wp-json\/wp\/v2\/product_tag?post=272"},{"taxonomy":"giftcard-category","embeddable":true,"href":"https:\/\/publissoft.dev\/spasante\/wp-json\/wp\/v2\/giftcard-category?post=272"}],"curies":[{"name":"wp","href":"https:\/\/api.w.org\/{rel}","templated":true}]}}