{"id":273,"date":"2022-01-27T14:34:02","date_gmt":"2022-01-27T19:34:02","guid":{"rendered":"https:\/\/publissoft.dev\/spasante\/produit\/creme-aqua-secours\/"},"modified":"2024-04-03T13:44:30","modified_gmt":"2024-04-03T17:44:30","slug":"creme-aqua-secours","status":"publish","type":"product","link":"https:\/\/publissoft.dev\/spasante\/produit\/creme-aqua-secours\/","title":{"rendered":"Aquafolia &#8211; Cr\u00e8me Aqua Secours"},"content":{"rendered":"<div data-mce-fragment=\"1\">\n<h1 data-mce-fragment=\"1\">Cr\u00e8me Aqua Secours<\/h1>\n<\/div>\n<div data-mce-fragment=\"1\">\n<div data-mce-fragment=\"1\">\n<p data-mce-fragment=\"1\">Au secours des peaux sensibles, r\u00e9actives et d\u00e9shydrat\u00e9es. Cr\u00e8me anti-rides<span data-mce-fragment=\"1\">\u2020<\/span>\u00a0qui diminue l\u2019apparence des rougeurs. Redonne du confort, hydrate<span data-mce-fragment=\"1\">\u2756<\/span>, diminue l\u2019apparence des rides et prot\u00e8ge des facteurs environnementaux.<\/p>\n<\/div>\n<\/div>\n<div data-mce-fragment=\"1\">\n<p><span data-mce-fragment=\"1\">Types de peaux<\/span><\/p>\n<div data-mce-fragment=\"1\">Tous les types de peaux sensibles, r\u00e9actives et d\u00e9shydrat\u00e9es<\/div>\n<\/div>\n<div data-mce-fragment=\"1\">\n<p><span data-mce-fragment=\"1\">Description<\/span><\/p>\n<div data-mce-fragment=\"1\">\n<p data-mce-fragment=\"1\">Cr\u00e8me intensive pour les peaux sensibles, d\u00e9shydrat\u00e9es et r\u00e9actives, bas\u00e9e sur un exopolysaccharide des sources hydrothermales profondes (extrait biotechnologique), des extraits de th\u00e9 blanc, vert et rouge et une huile de cupua\u00e7u. Hydrate et soulage les d\u00e9mangeaisons caus\u00e9es par le dess\u00e8chement de la peau. Procure une sensation de bien-\u00eatre. R\u00e9g\u00e9n\u00e8re la barri\u00e8re d\u2019hydratation de la peau. Diminue visiblement les rides et les ridules. Assouplit et lubrifie la peau s\u00e8che.<\/p>\n<\/div>\n<\/div>\n<div data-mce-fragment=\"1\">\n<p><span data-mce-fragment=\"1\">Caract\u00e9ristiques et fonctions du produit<\/span><\/p>\n<div data-mce-fragment=\"1\">\n<ul data-mce-fragment=\"1\">\n<li data-mce-fragment=\"1\">Flacon\u00a0<em data-mce-fragment=\"1\">airless<\/em><\/li>\n<li data-mce-fragment=\"1\">R\u00e9duit l\u2019apparence des rougeurs et les d\u00e9mangeaisons\u00a0par l\u2019hydratation<span data-mce-fragment=\"1\">\u2756<\/span><\/li>\n<li data-mce-fragment=\"1\">Calme et redonne du confort<\/li>\n<li data-mce-fragment=\"1\">Diminue visiblement les rides, ridules et signes de fatigue<\/li>\n<li data-mce-fragment=\"1\">Hydrate<span data-mce-fragment=\"1\">\u2756<\/span>\u00a0et lubrifie<\/li>\n<li data-mce-fragment=\"1\">Aide \u00e0 r\u00e9tablir la barri\u00e8re cutan\u00e9e par l\u2019hydratation<span data-mce-fragment=\"1\">\u2756<\/span><\/li>\n<li data-mce-fragment=\"1\">Texture l\u00e9g\u00e8re<\/li>\n<\/ul>\n<\/div>\n<\/div>\n<div data-mce-fragment=\"1\">\n<p><span data-mce-fragment=\"1\">Mode d&#8217;emploi<\/span><\/p>\n<div data-mce-fragment=\"1\">\n<p data-mce-fragment=\"1\">Appliquer sur la peau apr\u00e8s le nettoyage de la peau, matin et soir.<br data-mce-fragment=\"1\" \/>Appliquer apr\u00e8s le nettoyant et le\u00a0<a href=\"https:\/\/ca.aquafolia.com\/fr_ca\/concentre-aqua-secours.html\" target=\"_blank\" rel=\"noopener\" data-cke-saved-href=\"https:\/\/ca.aquafolia.com\/fr_ca\/concentre-aqua-secours.html\" data-mce-fragment=\"1\">Concentr\u00e9 Aqua Secours<\/a>.<\/p>\n<\/div>\n<\/div>\n<div data-mce-fragment=\"1\">\n<p><span data-mce-fragment=\"1\">Ingr\u00e9dients choisis<\/span><\/p>\n<div data-mce-fragment=\"1\">\n<div data-mce-fragment=\"1\">\n<p data-mce-fragment=\"1\"><em data-mce-fragment=\"1\">(Information \u00e9ducative selon des \u00e9tudes in-vitro et\/ou in-vivo et\/ou ex-vivo sur les ingr\u00e9dients qui ne repr\u00e9sente pas les fonctions du produit)<\/em><\/p>\n<\/div>\n<ul data-mce-fragment=\"1\">\n<li data-mce-fragment=\"1\">R\u00e9duit l\u2019irritabilit\u00e9 et la r\u00e9activit\u00e9 (extrait du bourgeon de c\u00e2prier)<\/li>\n<li data-mce-fragment=\"1\">Renforce la microcirculation<\/li>\n<li data-mce-fragment=\"1\">Hydratant<span data-mce-fragment=\"1\">\u2756<\/span>\u00a0et lubrifiant \u2013 fonction de protection (huile d\u2019abricot, de tournesol et d\u2019airelle)<\/li>\n<li data-mce-fragment=\"1\">Protection des cellules de Langerhans (exopolysaccharide \u2013 biotechnologie) \u00e9tudes\u00a0<em data-mce-fragment=\"1\">in-vitro<\/em><\/li>\n<li data-mce-fragment=\"1\">Am\u00e9liore les d\u00e9fenses naturelles de la peau<\/li>\n<li data-mce-fragment=\"1\">R\u00e9parateur (beurre de cupua\u00e7u)<\/li>\n<li data-mce-fragment=\"1\">Antioxydant (extraits de th\u00e9 vert, blanc et rouge)<\/li>\n<li data-mce-fragment=\"1\">Favorise le processus naturel de gu\u00e9rison (Lycosol \u2013 extrait de tomate)<\/li>\n<\/ul>\n<p data-mce-fragment=\"1\"><span data-mce-fragment=\"1\"><em data-mce-fragment=\"1\">\u2756\u00a0Des couches superficielles de l\u2019\u00e9piderme<\/em><\/span><br data-mce-fragment=\"1\" \/><span data-mce-fragment=\"1\"><em data-mce-fragment=\"1\">\u2020 En termes d\u2019apparence et\/ou de sensation<\/em><\/span><\/p>\n<\/div>\n<\/div>\n","protected":false},"excerpt":{"rendered":"<p>Cr\u00e8me Aqua Secours Au secours des peaux sensibles, r\u00e9actives et d\u00e9shydrat\u00e9es. Cr\u00e8me anti-rides\u2020\u00a0qui diminue l\u2019apparence des rougeurs. Redonne du confort, hydrate\u2756, diminue l\u2019apparence des rides et prot\u00e8ge des facteurs environnementaux. Types de peaux Tous les types de peaux sensibles, r\u00e9actives et d\u00e9shydrat\u00e9es Description Cr\u00e8me intensive pour les peaux sensibles, d\u00e9shydrat\u00e9es et r\u00e9actives, bas\u00e9e sur un &hellip;<\/p>\n","protected":false},"featured_media":307,"template":"","meta":{"_acf_changed":false,"_genesis_hide_title":false,"_genesis_hide_breadcrumbs":false,"_genesis_hide_singular_image":false,"_genesis_hide_footer_widgets":false,"_genesis_custom_body_class":"","_genesis_custom_post_class":"","_genesis_layout":""},"product_cat":[53,37,18,46],"product_tag":[],"giftcard-category":[],"class_list":{"0":"post-273","1":"product","2":"type-product","3":"status-publish","4":"has-post-thumbnail","6":"product_cat-gift-card","7":"product_cat-produits","8":"product_cat-aquafolia","9":"product_cat-tous","10":"entry","12":"first","13":"instock","14":"taxable","15":"shipping-taxable","16":"purchasable","17":"product-type-variable"},"acf":[],"yoast_head":"<!-- This site is optimized with the Yoast SEO plugin v22.5 - https:\/\/yoast.com\/wordpress\/plugins\/seo\/ -->\n<title>Aquafolia - Cr\u00e8me Aqua Secours - Spa Sant\u00e9 Le N\u00e9nuphar<\/title>\n<meta name=\"robots\" content=\"noindex, follow, max-snippet:-1, max-image-preview:large, max-video-preview:-1\" \/>\n<meta property=\"og:locale\" content=\"fr_CA\" \/>\n<meta property=\"og:type\" content=\"article\" \/>\n<meta property=\"og:title\" content=\"Aquafolia - Cr\u00e8me Aqua Secours - Spa Sant\u00e9 Le N\u00e9nuphar\" \/>\n<meta property=\"og:description\" content=\"Cr\u00e8me Aqua Secours Au secours des peaux sensibles, r\u00e9actives et d\u00e9shydrat\u00e9es. Cr\u00e8me anti-rides\u2020\u00a0qui diminue l\u2019apparence des rougeurs. Redonne du confort, hydrate\u2756, diminue l\u2019apparence des rides et prot\u00e8ge des facteurs environnementaux. Types de peaux Tous les types de peaux sensibles, r\u00e9actives et d\u00e9shydrat\u00e9es Description Cr\u00e8me intensive pour les peaux sensibles, d\u00e9shydrat\u00e9es et r\u00e9actives, bas\u00e9e sur un &hellip;\" \/>\n<meta property=\"og:url\" content=\"https:\/\/publissoft.dev\/spasante\/produit\/creme-aqua-secours\/\" \/>\n<meta property=\"og:site_name\" content=\"Spa Sant\u00e9 Le N\u00e9nuphar\" \/>\n<meta property=\"article:publisher\" content=\"https:\/\/www.facebook.com\/SpaSanteLeNenuphar\" \/>\n<meta property=\"article:modified_time\" content=\"2024-04-03T17:44:30+00:00\" \/>\n<meta property=\"og:image\" content=\"https:\/\/publissoft.dev\/spasante\/wp-content\/uploads\/2022\/01\/SpaSanteLeNenuphar_AquaSecours_Creme_60ml-e1643317189393.jpg\" \/>\n\t<meta property=\"og:image:width\" content=\"240\" \/>\n\t<meta property=\"og:image:height\" content=\"622\" \/>\n\t<meta property=\"og:image:type\" content=\"image\/jpeg\" \/>\n<meta name=\"twitter:card\" content=\"summary_large_image\" \/>\n<meta name=\"twitter:label1\" content=\"Estimation du temps de lecture\" \/>\n\t<meta name=\"twitter:data1\" content=\"2 minutes\" \/>\n<script type=\"application\/ld+json\" class=\"yoast-schema-graph\">{\"@context\":\"https:\/\/schema.org\",\"@graph\":[{\"@type\":\"WebPage\",\"@id\":\"https:\/\/publissoft.dev\/spasante\/produit\/creme-aqua-secours\/\",\"url\":\"https:\/\/publissoft.dev\/spasante\/produit\/creme-aqua-secours\/\",\"name\":\"Aquafolia - Cr\u00e8me Aqua Secours - Spa Sant\u00e9 Le N\u00e9nuphar\",\"isPartOf\":{\"@id\":\"https:\/\/publissoft.dev\/spasante\/#website\"},\"primaryImageOfPage\":{\"@id\":\"https:\/\/publissoft.dev\/spasante\/produit\/creme-aqua-secours\/#primaryimage\"},\"image\":{\"@id\":\"https:\/\/publissoft.dev\/spasante\/produit\/creme-aqua-secours\/#primaryimage\"},\"thumbnailUrl\":\"https:\/\/publissoft.dev\/spasante\/wp-content\/uploads\/2022\/01\/SpaSanteLeNenuphar_AquaSecours_Creme_60ml-e1643317189393.jpg\",\"datePublished\":\"2022-01-27T19:34:02+00:00\",\"dateModified\":\"2024-04-03T17:44:30+00:00\",\"breadcrumb\":{\"@id\":\"https:\/\/publissoft.dev\/spasante\/produit\/creme-aqua-secours\/#breadcrumb\"},\"inLanguage\":\"fr-CA\",\"potentialAction\":[{\"@type\":\"ReadAction\",\"target\":[\"https:\/\/publissoft.dev\/spasante\/produit\/creme-aqua-secours\/\"]}]},{\"@type\":\"ImageObject\",\"inLanguage\":\"fr-CA\",\"@id\":\"https:\/\/publissoft.dev\/spasante\/produit\/creme-aqua-secours\/#primaryimage\",\"url\":\"https:\/\/publissoft.dev\/spasante\/wp-content\/uploads\/2022\/01\/SpaSanteLeNenuphar_AquaSecours_Creme_60ml-e1643317189393.jpg\",\"contentUrl\":\"https:\/\/publissoft.dev\/spasante\/wp-content\/uploads\/2022\/01\/SpaSanteLeNenuphar_AquaSecours_Creme_60ml-e1643317189393.jpg\",\"width\":240,\"height\":622},{\"@type\":\"BreadcrumbList\",\"@id\":\"https:\/\/publissoft.dev\/spasante\/produit\/creme-aqua-secours\/#breadcrumb\",\"itemListElement\":[{\"@type\":\"ListItem\",\"position\":1,\"name\":\"Accueil\",\"item\":\"https:\/\/publissoft.dev\/spasante\/\"},{\"@type\":\"ListItem\",\"position\":2,\"name\":\"Boutique\",\"item\":\"https:\/\/publissoft.dev\/spasante\/boutique\/\"},{\"@type\":\"ListItem\",\"position\":3,\"name\":\"Aquafolia &#8211; Cr\u00e8me Aqua Secours\"}]},{\"@type\":\"WebSite\",\"@id\":\"https:\/\/publissoft.dev\/spasante\/#website\",\"url\":\"https:\/\/publissoft.dev\/spasante\/\",\"name\":\"Spa Sant\u00e9 Le N\u00e9nuphar\",\"description\":\"\",\"publisher\":{\"@id\":\"https:\/\/publissoft.dev\/spasante\/#organization\"},\"potentialAction\":[{\"@type\":\"SearchAction\",\"target\":{\"@type\":\"EntryPoint\",\"urlTemplate\":\"https:\/\/publissoft.dev\/spasante\/?s={search_term_string}\"},\"query-input\":\"required name=search_term_string\"}],\"inLanguage\":\"fr-CA\"},{\"@type\":\"Organization\",\"@id\":\"https:\/\/publissoft.dev\/spasante\/#organization\",\"name\":\"Spa Sant\u00e9 Le N\u00e9nuphar\",\"url\":\"https:\/\/publissoft.dev\/spasante\/\",\"logo\":{\"@type\":\"ImageObject\",\"inLanguage\":\"fr-CA\",\"@id\":\"https:\/\/publissoft.dev\/spasante\/#\/schema\/logo\/image\/\",\"url\":\"https:\/\/publissoft.dev\/spasante\/wp-content\/uploads\/2022\/11\/logo-jpg.jpeg\",\"contentUrl\":\"https:\/\/publissoft.dev\/spasante\/wp-content\/uploads\/2022\/11\/logo-jpg.jpeg\",\"width\":900,\"height\":900,\"caption\":\"Spa Sant\u00e9 Le N\u00e9nuphar\"},\"image\":{\"@id\":\"https:\/\/publissoft.dev\/spasante\/#\/schema\/logo\/image\/\"},\"sameAs\":[\"https:\/\/www.facebook.com\/SpaSanteLeNenuphar\",\"https:\/\/www.instagram.com\/spasantelenenuphar\/?hl=fr\"]}]}<\/script>\n<!-- \/ Yoast SEO plugin. -->","yoast_head_json":{"title":"Aquafolia - Cr\u00e8me Aqua Secours - Spa Sant\u00e9 Le N\u00e9nuphar","robots":{"index":"noindex","follow":"follow","max-snippet":"max-snippet:-1","max-image-preview":"max-image-preview:large","max-video-preview":"max-video-preview:-1"},"og_locale":"fr_CA","og_type":"article","og_title":"Aquafolia - Cr\u00e8me Aqua Secours - Spa Sant\u00e9 Le N\u00e9nuphar","og_description":"Cr\u00e8me Aqua Secours Au secours des peaux sensibles, r\u00e9actives et d\u00e9shydrat\u00e9es. Cr\u00e8me anti-rides\u2020\u00a0qui diminue l\u2019apparence des rougeurs. Redonne du confort, hydrate\u2756, diminue l\u2019apparence des rides et prot\u00e8ge des facteurs environnementaux. Types de peaux Tous les types de peaux sensibles, r\u00e9actives et d\u00e9shydrat\u00e9es Description Cr\u00e8me intensive pour les peaux sensibles, d\u00e9shydrat\u00e9es et r\u00e9actives, bas\u00e9e sur un &hellip;","og_url":"https:\/\/publissoft.dev\/spasante\/produit\/creme-aqua-secours\/","og_site_name":"Spa Sant\u00e9 Le N\u00e9nuphar","article_publisher":"https:\/\/www.facebook.com\/SpaSanteLeNenuphar","article_modified_time":"2024-04-03T17:44:30+00:00","og_image":[{"width":240,"height":622,"url":"https:\/\/publissoft.dev\/spasante\/wp-content\/uploads\/2022\/01\/SpaSanteLeNenuphar_AquaSecours_Creme_60ml-e1643317189393.jpg","type":"image\/jpeg"}],"twitter_card":"summary_large_image","twitter_misc":{"Estimation du temps de lecture":"2 minutes"},"schema":{"@context":"https:\/\/schema.org","@graph":[{"@type":"WebPage","@id":"https:\/\/publissoft.dev\/spasante\/produit\/creme-aqua-secours\/","url":"https:\/\/publissoft.dev\/spasante\/produit\/creme-aqua-secours\/","name":"Aquafolia - Cr\u00e8me Aqua Secours - Spa Sant\u00e9 Le N\u00e9nuphar","isPartOf":{"@id":"https:\/\/publissoft.dev\/spasante\/#website"},"primaryImageOfPage":{"@id":"https:\/\/publissoft.dev\/spasante\/produit\/creme-aqua-secours\/#primaryimage"},"image":{"@id":"https:\/\/publissoft.dev\/spasante\/produit\/creme-aqua-secours\/#primaryimage"},"thumbnailUrl":"https:\/\/publissoft.dev\/spasante\/wp-content\/uploads\/2022\/01\/SpaSanteLeNenuphar_AquaSecours_Creme_60ml-e1643317189393.jpg","datePublished":"2022-01-27T19:34:02+00:00","dateModified":"2024-04-03T17:44:30+00:00","breadcrumb":{"@id":"https:\/\/publissoft.dev\/spasante\/produit\/creme-aqua-secours\/#breadcrumb"},"inLanguage":"fr-CA","potentialAction":[{"@type":"ReadAction","target":["https:\/\/publissoft.dev\/spasante\/produit\/creme-aqua-secours\/"]}]},{"@type":"ImageObject","inLanguage":"fr-CA","@id":"https:\/\/publissoft.dev\/spasante\/produit\/creme-aqua-secours\/#primaryimage","url":"https:\/\/publissoft.dev\/spasante\/wp-content\/uploads\/2022\/01\/SpaSanteLeNenuphar_AquaSecours_Creme_60ml-e1643317189393.jpg","contentUrl":"https:\/\/publissoft.dev\/spasante\/wp-content\/uploads\/2022\/01\/SpaSanteLeNenuphar_AquaSecours_Creme_60ml-e1643317189393.jpg","width":240,"height":622},{"@type":"BreadcrumbList","@id":"https:\/\/publissoft.dev\/spasante\/produit\/creme-aqua-secours\/#breadcrumb","itemListElement":[{"@type":"ListItem","position":1,"name":"Accueil","item":"https:\/\/publissoft.dev\/spasante\/"},{"@type":"ListItem","position":2,"name":"Boutique","item":"https:\/\/publissoft.dev\/spasante\/boutique\/"},{"@type":"ListItem","position":3,"name":"Aquafolia &#8211; Cr\u00e8me Aqua Secours"}]},{"@type":"WebSite","@id":"https:\/\/publissoft.dev\/spasante\/#website","url":"https:\/\/publissoft.dev\/spasante\/","name":"Spa Sant\u00e9 Le N\u00e9nuphar","description":"","publisher":{"@id":"https:\/\/publissoft.dev\/spasante\/#organization"},"potentialAction":[{"@type":"SearchAction","target":{"@type":"EntryPoint","urlTemplate":"https:\/\/publissoft.dev\/spasante\/?s={search_term_string}"},"query-input":"required name=search_term_string"}],"inLanguage":"fr-CA"},{"@type":"Organization","@id":"https:\/\/publissoft.dev\/spasante\/#organization","name":"Spa Sant\u00e9 Le N\u00e9nuphar","url":"https:\/\/publissoft.dev\/spasante\/","logo":{"@type":"ImageObject","inLanguage":"fr-CA","@id":"https:\/\/publissoft.dev\/spasante\/#\/schema\/logo\/image\/","url":"https:\/\/publissoft.dev\/spasante\/wp-content\/uploads\/2022\/11\/logo-jpg.jpeg","contentUrl":"https:\/\/publissoft.dev\/spasante\/wp-content\/uploads\/2022\/11\/logo-jpg.jpeg","width":900,"height":900,"caption":"Spa Sant\u00e9 Le N\u00e9nuphar"},"image":{"@id":"https:\/\/publissoft.dev\/spasante\/#\/schema\/logo\/image\/"},"sameAs":["https:\/\/www.facebook.com\/SpaSanteLeNenuphar","https:\/\/www.instagram.com\/spasantelenenuphar\/?hl=fr"]}]}},"_links":{"self":[{"href":"https:\/\/publissoft.dev\/spasante\/wp-json\/wp\/v2\/product\/273","targetHints":{"allow":["GET"]}}],"collection":[{"href":"https:\/\/publissoft.dev\/spasante\/wp-json\/wp\/v2\/product"}],"about":[{"href":"https:\/\/publissoft.dev\/spasante\/wp-json\/wp\/v2\/types\/product"}],"wp:featuredmedia":[{"embeddable":true,"href":"https:\/\/publissoft.dev\/spasante\/wp-json\/wp\/v2\/media\/307"}],"wp:attachment":[{"href":"https:\/\/publissoft.dev\/spasante\/wp-json\/wp\/v2\/media?parent=273"}],"wp:term":[{"taxonomy":"product_cat","embeddable":true,"href":"https:\/\/publissoft.dev\/spasante\/wp-json\/wp\/v2\/product_cat?post=273"},{"taxonomy":"product_tag","embeddable":true,"href":"https:\/\/publissoft.dev\/spasante\/wp-json\/wp\/v2\/product_tag?post=273"},{"taxonomy":"giftcard-category","embeddable":true,"href":"https:\/\/publissoft.dev\/spasante\/wp-json\/wp\/v2\/giftcard-category?post=273"}],"curies":[{"name":"wp","href":"https:\/\/api.w.org\/{rel}","templated":true}]}}